{"id":3015,"date":"2025-12-18T20:52:33","date_gmt":"2025-12-18T20:52:33","guid":{"rendered":"https:\/\/apurimacadventures.com\/?page_id=3015"},"modified":"2025-12-18T21:04:29","modified_gmt":"2025-12-18T21:04:29","slug":"payment-methods","status":"publish","type":"page","link":"https:\/\/apurimacadventures.com\/pt\/payment-methods\/","title":{"rendered":"Payment methods"},"content":{"rendered":"<div data-elementor-type=\"wp-page\" data-elementor-id=\"3015\" class=\"elementor elementor-3015\" data-elementor-post-type=\"page\">\n\t\t\t\t<div class=\"elementor-element elementor-element-08fadc6 e-con-full e-flex wpr-particle-no wpr-jarallax-no wpr-parallax-no wpr-sticky-section-no e-con e-parent\" data-id=\"08fadc6\" data-element_type=\"container\" data-e-type=\"container\" data-settings=\"{&quot;background_background&quot;:&quot;classic&quot;}\">\n\t\t\t\t<div class=\"elementor-element elementor-element-5b1bc66 elementor-widget elementor-widget-heading\" data-id=\"5b1bc66\" data-element_type=\"widget\" data-e-type=\"widget\" data-widget_type=\"heading.default\">\n\t\t\t\t\t<h2 class=\"elementor-heading-title elementor-size-default\">Payment methods<\/h2>\t\t\t\t<\/div>\n\t\t<div class=\"elementor-element elementor-element-6648a9e e-con-full e-flex wpr-particle-no wpr-jarallax-no wpr-parallax-no wpr-sticky-section-no e-con e-child\" data-id=\"6648a9e\" data-element_type=\"container\" data-e-type=\"container\" data-settings=\"{&quot;background_background&quot;:&quot;classic&quot;}\">\n\t\t\t\t<\/div>\n\t\t\t\t<\/div>\n\t\t<div class=\"elementor-element elementor-element-8620c99 e-flex e-con-boxed wpr-particle-no wpr-jarallax-no wpr-parallax-no wpr-sticky-section-no e-con e-parent\" data-id=\"8620c99\" data-element_type=\"container\" data-e-type=\"container\">\n\t\t\t\t\t<div class=\"e-con-inner\">\n\t\t\t\t<div class=\"elementor-element elementor-element-38a6f6e elementor-widget__width-initial elementor-widget elementor-widget-text-editor\" data-id=\"38a6f6e\" data-element_type=\"widget\" data-e-type=\"widget\" data-widget_type=\"text-editor.default\">\n\t\t\t\t\t\t\t\t\t<div id=\"ppu41766-9\" class=\"clearfix colelem\"><div id=\"pu41766-9\" class=\"clearfix grpelem\"><div id=\"u41766-9\" class=\"clearfix colelem shared_content\" data-muse-uid=\"U41766\" data-muse-type=\"txt_frame\" data-ibe-flags=\"txtStyleSrc\" data-sizepolicy=\"fixed\" data-pintopage=\"page_fixedCenter\" data-leftadjustmentdoneby=\"pu41766-9\" data-content-guid=\"u41766-9_content\"><h3 id=\"u41766-2\"><span style=\"color: #333399;\"><strong>PAYPAL<\/strong><\/span><\/h3><p id=\"u41766-4\">Para todas as nossas trilhas e passeios, solicitamos um dep\u00f3sito de $200 por pessoa. O restante do pagamento dever\u00e1 ser efetuado na chegada a Cusco. Observe que todos os nossos passeios t\u00eam pre\u00e7os em d\u00f3lares americanos.<\/p><p id=\"u41766-7\">Utilizamos o PayPal para o envio de dep\u00f3sitos, assim voc\u00ea pode usar seu cart\u00e3o de cr\u00e9dito. O PayPal cobra uma taxa de servi\u00e7o de 6% (para transfer\u00eancias internacionais), portanto o dep\u00f3sito total ser\u00e1 de $212 por pessoa e dever\u00e1 ser enviado para<\/p><h4><a href=\"https:\/\/www.paypal.com\/\" target=\"_blank\" rel=\"noopener\"><strong><span style=\"color: #0000ff;\">booking@apurimacadventures.com<\/span><\/strong><\/a><\/h4><\/div><div id=\"u41856-4\" class=\"clearfix colelem shared_content\" data-muse-uid=\"U41856\" data-muse-type=\"txt_frame\" data-ibe-flags=\"txtStyleSrc\" data-sizepolicy=\"fixed\" data-pintopage=\"page_fixedCenter\" data-leftadjustmentdoneby=\"pu41766-9\" data-content-guid=\"u41856-4_content\"><p>Assim que recebermos os detalhes do seu formul\u00e1rio de reserva e o dep\u00f3sito via PayPal, enviaremos a fatura da reserva e a confirma\u00e7\u00e3o de que recebemos o seu dep\u00f3sito e que a sua excurs\u00e3o foi reservada.<\/p><\/div><\/div><div id=\"u41814\" class=\"museBGSize rounded-corners grpelem shared_content\" data-sizepolicy=\"fixed\" data-pintopage=\"page_fixedCenter\" data-leftadjustmentdoneby=\"ppu41766-9\" data-content-guid=\"u41814_content\">\u00a0<\/div><\/div><div id=\"pu41836-11\" class=\"clearfix colelem\"><div id=\"u41836-11\" class=\"clearfix grpelem shared_content\" data-muse-uid=\"U41836\" data-muse-type=\"txt_frame\" data-ibe-flags=\"txtStyleSrc\" data-sizepolicy=\"fixed\" data-pintopage=\"page_fixedCenter\" data-leftadjustmentdoneby=\"pu41836-11\" data-content-guid=\"u41836-11_content\"><h3 id=\"u41836-2\"><span style=\"color: #000080;\"><strong>WESTERN UNION<\/strong><\/span><\/h3><p id=\"u41836-4\">A principal forma de efetuar pagamentos do exterior e evitar altas taxas banc\u00e1rias ou impostos \u00e9 utilizando a WESTERN UNION, um servi\u00e7o de transfer\u00eancia global com uma ampla rede de escrit\u00f3rios ao redor do mundo.<\/p><p id=\"u41836-6\">Transfer\u00eancia de dinheiro pela Western Union (usando seus cart\u00f5es de cr\u00e9dito) \u2013 Existem taxas adicionais associadas a este m\u00e9todo de pagamento.<\/p><p id=\"u41836-9\">O m\u00e9todo de pagamento depende do pa\u00eds para o qual voc\u00ea est\u00e1 enviando o dinheiro. Dos EUA, Canad\u00e1, Reino Unido, Irlanda, Austr\u00e1lia, Fran\u00e7a, Holanda e Noruega, voc\u00ea pode fazer a transfer\u00eancia online pelo Western Union. Basta acessar o site e seguir as instru\u00e7\u00f5es. Cart\u00f5es Visa e Mastercard s\u00e3o aceitos.<\/p><\/div><\/div>\t\t\t\t\t\t\t\t<\/div>\n\t\t<div class=\"elementor-element elementor-element-d9e5db2 e-con-full e-flex wpr-particle-no wpr-jarallax-no wpr-parallax-no wpr-sticky-section-no e-con e-child\" data-id=\"d9e5db2\" data-element_type=\"container\" data-e-type=\"container\">\n\t\t<div class=\"elementor-element elementor-element-9ba9ef1 e-con-full e-flex wpr-particle-no wpr-jarallax-no wpr-parallax-no wpr-sticky-section-no e-con e-child\" data-id=\"9ba9ef1\" data-element_type=\"container\" data-e-type=\"container\" data-settings=\"{&quot;background_background&quot;:&quot;classic&quot;}\">\n\t\t\t\t<\/div>\n\t\t<div class=\"elementor-element elementor-element-6c4034d e-con-full e-flex wpr-particle-no wpr-jarallax-no wpr-parallax-no wpr-sticky-section-no e-con e-child\" data-id=\"6c4034d\" data-element_type=\"container\" data-e-type=\"container\" data-settings=\"{&quot;background_background&quot;:&quot;classic&quot;}\">\n\t\t\t\t<\/div>\n\t\t\t\t<\/div>\n\t\t\t\t<div class=\"elementor-element elementor-element-ec7159c elementor-widget__width-initial elementor-widget elementor-widget-text-editor\" data-id=\"ec7159c\" data-element_type=\"widget\" data-e-type=\"widget\" data-widget_type=\"text-editor.default\">\n\t\t\t\t\t\t\t\t\t<div id=\"u41860-4\" class=\"clearfix colelem shared_content\" data-muse-uid=\"U41860\" data-muse-type=\"txt_frame\" data-ibe-flags=\"txtStyleSrc\" data-sizepolicy=\"fixed\" data-pintopage=\"page_fixedCenter\" data-content-guid=\"u41860-4_content\"><p>A taxa \u00e9 menor se voc\u00ea for diretamente a um agente local da Western Union em sua cidade e pagar em dinheiro. Para pa\u00edses diferentes dos mencionados acima, voc\u00ea precisar\u00e1 ir ao escrit\u00f3rio do agente local para pagar o dep\u00f3sito. O site da Western Union permite que voc\u00ea busque o agente mais pr\u00f3ximo de onde voc\u00ea mora. Existem mais de 245.000 agentes em todo o mundo, ent\u00e3o voc\u00ea n\u00e3o ter\u00e1 problemas para encontrar um que seja conveniente para voc\u00ea. Ao final da transa\u00e7\u00e3o, a Western Union ou o MoneyGram fornecer\u00e3o um n\u00famero de controle que voc\u00ea precisa nos informar para que possamos receber seu dep\u00f3sito.<\/p><\/div><div id=\"u41864-5\" class=\"clearfix colelem shared_content\" data-muse-uid=\"U41864\" data-muse-type=\"txt_frame\" data-ibe-flags=\"txtStyleSrc\" data-sizepolicy=\"fixed\" data-pintopage=\"page_fixedCenter\" data-content-guid=\"u41864-5_content\"><p><span id=\"u41864\">Dura\u00e7\u00e3o do tempo necess\u00e1rio para receber a transfer\u00eancia:<\/span>\u00a0Instant\u00e2neo (Observa\u00e7\u00e3o: voc\u00ea pode usar este m\u00e9todo se quiser que atuemos mais rapidamente para garantir sua vaga na Trilha Inca ou na Trilha Salkantay)<\/p><\/div><div id=\"u41870-4\" class=\"clearfix colelem shared_content\" data-muse-uid=\"U41870\" data-muse-type=\"txt_frame\" data-ibe-flags=\"txtStyleSrc\" data-sizepolicy=\"fixed\" data-pintopage=\"page_fixedCenter\" data-content-guid=\"u41870-4_content\"><p><strong>AQUI EST\u00c3O OS DADOS COMPLETOS DA PESSOA PARA QUEM VOC\u00ca PRECISA ENVIAR O DEP\u00d3SITO VIA WESTERN UNION<\/strong><\/p><\/div><div id=\"u41876-23\" class=\"clearfix colelem shared_content\" data-muse-uid=\"U41876\" data-muse-type=\"txt_frame\" data-ibe-flags=\"txtStyleSrc\" data-sizepolicy=\"fixed\" data-pintopage=\"page_fixedCenter\" data-content-guid=\"u41876-23_content\"><p><span id=\"u41876\">Nome do destinat\u00e1rio:\u00a0<\/span>Juan<\/p><p><span id=\"u41876-4\">Sobrenome do destinat\u00e1rio:\u00a0<\/span>Covarrubias Ccaihuari<\/p><p><span id=\"u41876-7\">Endere\u00e7o do destinat\u00e1rio:\u00a0<\/span>Urbano. Dolores Pata \u2013 Jr.<\/p><p><span id=\"u41876-10\">Cidade do destinat\u00e1rio:\u00a0<\/span>CUZCO<\/p><p><span id=\"u41876-13\">Pa\u00eds do destinat\u00e1rio:\u00a0<\/span>PERU<\/p><p><span id=\"u41876-16\">E-mail:\u00a0<\/span>apurimacadventures@gmail.com , info@apurimacadventures.com<\/p><p><span id=\"u41876-19\">Identifica\u00e7\u00e3o do destinat\u00e1rio:\u00a0\u00a0<\/span>43443039<\/p><\/div>\t\t\t\t\t\t\t\t<\/div>\n\t\t\t\t\t<\/div>\n\t\t\t\t<\/div>\n\t\t<div class=\"elementor-element elementor-element-b004eef e-flex e-con-boxed wpr-particle-no wpr-jarallax-no wpr-parallax-no wpr-sticky-section-no e-con e-parent\" data-id=\"b004eef\" data-element_type=\"container\" data-e-type=\"container\">\n\t\t\t\t\t<div class=\"e-con-inner\">\n\t\t\t\t<div class=\"elementor-element elementor-element-831001b elementor-widget elementor-widget-spacer\" data-id=\"831001b\" data-element_type=\"widget\" data-e-type=\"widget\" data-widget_type=\"spacer.default\">\n\t\t\t\t\t\t\t<div class=\"elementor-spacer\">\n\t\t\t<div class=\"elementor-spacer-inner\"><\/div>\n\t\t<\/div>\n\t\t\t\t\t\t<\/div>\n\t\t\t\t\t<\/div>\n\t\t\t\t<\/div>\n\t\t\t\t<\/div>","protected":false},"excerpt":{"rendered":"<p>Payment methods PAYPAL For all of our treks and tours we require a deposit of $200 per person, the balance is payable when you arrive to Cusco. Please note that all of our tours are priced in USD currency. We use PayPal for sending deposits, that way you can use your credit card. PayPal charges a 6% service fee (for the international transfer), so the total deposit\u00a0 ends up being $212 per person and should be sent to booking@apurimacadventures.com When we receive your booking form details and deposit via PayPal, we will send you a booking invoice and confirmation that we have received your deposit and your tour has been booked. \u00a0 WESTERN UNION This is the main way to do your payment from abroad and avoid high bank charges or taxes, is using WESTERN UNION, a global transfer service that has a large network of offices around the world. Money Transfer by Western Union (using your credit cards) \u2013 There are additional fees associated with this method of payment. The method of payment depends on which country that you are sending the money. From the USA, Canada, UK, Ireland, Australia, France, Netherlands &amp; Norway you can make the money transfer online at: Wester Union Just visit the website and follow the instructions. Visa and Master Card can be used. The charge is less if you go directly to a local Western Union agent in your town and pay in cash. For countries other than those mentioned above you will have to go to the office of your local agent to pay the deposit. The Western Union website allows you to search for the agent nearest to where you live. There are over 245,000 agents throughout the world so you should have no problem finding one that is convenient to you at the end of the Transaction Western union or Money Gram will give you a control number that you need to let us know so we can be able to collect your deposit. Duration of Taken to Receive Transfer:\u00a0Instantaneous (Note: You can use this Method if you want us to act faster to ensure your Inca Trail or\u00a0 Salkantay Trek\u00a0 Space) HERE ARE THE FULL DETAILS OF THE PERSON YOU NEED TO SEND YOUR DEPOSIT FOR WESTER UNION Receiver\u2019s Name:\u00a0Juan Receiver\u2019s Surname:\u00a0Covarrubias Ccaihuari Receiver\u2019s Address:\u00a0Urb. Dolores Pata \u2013 Jr. Qoricancha L-12 A Receiver\u2019s City:\u00a0CUZCO Receiver\u2019s Country:\u00a0PERU E-mail:\u00a0apurimacadventures@gmail.com , info@apurimacadventures.com Receiver\u2019s ID:\u00a0\u00a043443039<\/p>","protected":false},"author":1,"featured_media":0,"parent":0,"menu_order":0,"comment_status":"closed","ping_status":"closed","template":"","meta":{"_eb_attr":"","footnotes":""},"class_list":["post-3015","page","type-page","status-publish","hentry"],"_hostinger_reach_plugin_has_subscription_block":false,"_hostinger_reach_plugin_is_elementor":false,"_links":{"self":[{"href":"https:\/\/apurimacadventures.com\/pt\/wp-json\/wp\/v2\/pages\/3015","targetHints":{"allow":["GET"]}}],"collection":[{"href":"https:\/\/apurimacadventures.com\/pt\/wp-json\/wp\/v2\/pages"}],"about":[{"href":"https:\/\/apurimacadventures.com\/pt\/wp-json\/wp\/v2\/types\/page"}],"author":[{"embeddable":true,"href":"https:\/\/apurimacadventures.com\/pt\/wp-json\/wp\/v2\/users\/1"}],"replies":[{"embeddable":true,"href":"https:\/\/apurimacadventures.com\/pt\/wp-json\/wp\/v2\/comments?post=3015"}],"version-history":[{"count":16,"href":"https:\/\/apurimacadventures.com\/pt\/wp-json\/wp\/v2\/pages\/3015\/revisions"}],"predecessor-version":[{"id":3033,"href":"https:\/\/apurimacadventures.com\/pt\/wp-json\/wp\/v2\/pages\/3015\/revisions\/3033"}],"wp:attachment":[{"href":"https:\/\/apurimacadventures.com\/pt\/wp-json\/wp\/v2\/media?parent=3015"}],"curies":[{"name":"wp","href":"https:\/\/api.w.org\/{rel}","templated":true}]}}