{"id":2330,"date":"2025-11-09T03:15:52","date_gmt":"2025-11-09T03:15:52","guid":{"rendered":"https:\/\/apurimacadventures.com\/?page_id=2330"},"modified":"2026-03-16T16:52:15","modified_gmt":"2026-03-16T16:52:15","slug":"explorando-choquequirao-revelando-a-cidade-escondida-entre-as-montanhas-de-cusco-no-peru","status":"publish","type":"page","link":"https:\/\/apurimacadventures.com\/pt\/blog\/exploring-choquequirao-unveiling-the-hidden-city-among-the-mountains-in-cusco-peru\/","title":{"rendered":"Explorando Choquequirao: Revelando a cidade escondida entre as montanhas de Cusco, Peru."},"content":{"rendered":"<div data-elementor-type=\"wp-page\" data-elementor-id=\"2330\" class=\"elementor elementor-2330\" data-elementor-post-type=\"page\">\n\t\t\t\t<div class=\"elementor-element elementor-element-08fadc6 e-con-full e-flex wpr-particle-no wpr-jarallax-no wpr-parallax-no wpr-sticky-section-no e-con e-parent\" data-id=\"08fadc6\" data-element_type=\"container\" data-e-type=\"container\" data-settings=\"{&quot;background_background&quot;:&quot;classic&quot;}\">\n\t\t\t\t<div class=\"elementor-element elementor-element-5b1bc66 elementor-widget elementor-widget-heading\" data-id=\"5b1bc66\" data-element_type=\"widget\" data-e-type=\"widget\" data-widget_type=\"heading.default\">\n\t\t\t\t\t<h2 class=\"elementor-heading-title elementor-size-default\">Explorando Choquequirao: Revelando a cidade escondida entre as montanhas de Cusco, Peru.\n\n\n<\/h2>\t\t\t\t<\/div>\n\t\t<div class=\"elementor-element elementor-element-6648a9e e-con-full e-flex wpr-particle-no wpr-jarallax-no wpr-parallax-no wpr-sticky-section-no e-con e-child\" data-id=\"6648a9e\" data-element_type=\"container\" data-e-type=\"container\" data-settings=\"{&quot;background_background&quot;:&quot;classic&quot;}\">\n\t\t\t\t<\/div>\n\t\t\t\t<\/div>\n\t\t<div class=\"elementor-element elementor-element-8620c99 e-flex e-con-boxed wpr-particle-no wpr-jarallax-no wpr-parallax-no wpr-sticky-section-no e-con e-parent\" data-id=\"8620c99\" data-element_type=\"container\" data-e-type=\"container\">\n\t\t\t\t\t<div class=\"e-con-inner\">\n\t\t<div class=\"elementor-element elementor-element-072449f e-con-full e-flex wpr-particle-no wpr-jarallax-no wpr-parallax-no wpr-sticky-section-no e-con e-child\" data-id=\"072449f\" data-element_type=\"container\" data-e-type=\"container\" data-settings=\"{&quot;background_background&quot;:&quot;classic&quot;}\">\n\t\t\t\t<\/div>\n\t\t\t\t\t<\/div>\n\t\t\t\t<\/div>\n\t\t<div class=\"elementor-element elementor-element-ee7ae78 e-flex e-con-boxed wpr-particle-no wpr-jarallax-no wpr-parallax-no wpr-sticky-section-no e-con e-parent\" data-id=\"ee7ae78\" data-element_type=\"container\" data-e-type=\"container\">\n\t\t\t\t\t<div class=\"e-con-inner\">\n\t\t\t\t<div class=\"elementor-element elementor-element-87582d3 elementor-widget elementor-widget-text-editor\" data-id=\"87582d3\" data-element_type=\"widget\" data-e-type=\"widget\" data-widget_type=\"text-editor.default\">\n\t\t\t\t\t\t\t\t\t<p>Aninhada no abra\u00e7o acidentado da cordilheira de Vilcabamba, Choquequirao ergue-se como um testemunho do mist\u00e9rio e da grandeza duradouros do Imp\u00e9rio Inca. Muitas vezes chamada de &quot;irm\u00e3 sagrada&quot; de Machu Picchu, Choquequirao convida os corajosos e os curiosos a embarcarem numa jornada n\u00e3o apenas pelas paisagens deslumbrantes do Peru, mas tamb\u00e9m atrav\u00e9s do pr\u00f3prio tempo.<\/p><p><strong>A jornada come\u00e7a.<\/strong><\/p><p>A aventura at\u00e9 Choquequirao come\u00e7a na pequena vila de Cachora, a quatro horas de carro de Cusco. Esta n\u00e3o \u00e9 uma rota tur\u00edstica comum; \u00e9 para aqueles que anseiam por uma experi\u00eancia aut\u00eantica, longe dos caminhos mais percorridos. A trilha em si \u00e9 uma odisseia de v\u00e1rios dias, geralmente levando quatro dias para ir e voltar, envolvendo descidas dram\u00e1ticas at\u00e9 o c\u00e2nion do Apur\u00edmac e subidas igualmente desafiadoras de volta \u00e0s ru\u00ednas, situadas a 3.050 metros acima do n\u00edvel do mar.<\/p><p><strong>A Prova do Trekker<\/strong><\/p><p>A trilha para Choquequirao n\u00e3o \u00e9 para os fracos de cora\u00e7\u00e3o. \u00c9 um desafio f\u00edsico e mental que exige prepara\u00e7\u00e3o \u2013 tanto em termos de condicionamento f\u00edsico quanto de equipamento. Voc\u00ea descer\u00e1 quase 1.500 metros at\u00e9 o c\u00e2nion no primeiro dia, para depois subir tudo de volta no segundo. O caminho \u00e9 acidentado, \u00e0s vezes estreito, e sempre cercado por um panorama inspirador de picos andinos e do profundo e verdejante vale do rio Apur\u00edmac.<\/p><p><strong>Choquequirao Revelado<\/strong><\/p><p>Ao chegar a Choquequirao, o esfor\u00e7o da viagem \u00e9 imediatamente justificado. O s\u00edtio arqueol\u00f3gico, embora escavado em apenas cerca de 30 a 40 metros quadrados, revela um complexo de terra\u00e7os, templos e resid\u00eancias que ecoam o g\u00eanio arquitet\u00f4nico de Machu Picchu. Diferentemente de sua famosa irm\u00e3, Choquequirao oferece tranquilidade \u2013 uma raridade no mundo atual, t\u00e3o dominado pelo turismo de massa. Aqui, voc\u00ea poder\u00e1 compartilhar as ru\u00ednas com apenas alguns outros exploradores, o que permite uma conex\u00e3o mais profunda com o passado.<\/p><p><strong>Maravilhas arquitet\u00f4nicas<\/strong><\/p><p>O tra\u00e7ado de Choquequirao \u00e9 uma aula magistral de planejamento urbano inca. A principal \u00e1rea cerimonial \u00e9 um espet\u00e1culo \u00e0 parte, com estruturas como o Ushnu, uma plataforma oval que se acredita ter significado religioso, e os Kallankas, grandes sal\u00f5es possivelmente usados para encontros ou armazenamento. Uma das caracter\u00edsticas mais impressionantes s\u00e3o os Terra\u00e7os das Lhamas, onde esculturas em pedra branca criam imagens desses animais sagrados na encosta da montanha, uma maravilha art\u00edstica e agr\u00edcola.<\/p><p><strong>Significado hist\u00f3rico<\/strong><\/p><p>Embora grande parte da hist\u00f3ria de Choquequirao permane\u00e7a envolta em mist\u00e9rio, acredita-se que tenha sido um importante centro administrativo e religioso. Alguns historiadores sugerem que tenha sido um \u00faltimo basti\u00e3o durante a resist\u00eancia inca contra os conquistadores espanh\u00f3is. Sua localiza\u00e7\u00e3o estrat\u00e9gica entre Cusco e a Amaz\u00f4nia pode ter servido como um posto avan\u00e7ado ou um ponto de controle para o sistema vi\u00e1rio inca.<\/p><p><strong>A experi\u00eancia<\/strong><\/p><p>Explorar Choquequirao \u00e9 uma experi\u00eancia imersiva. O sil\u00eancio \u00e9 profundo, quebrado apenas pelo vento e pelo canto ocasional de um p\u00e1ssaro. Voc\u00ea n\u00e3o est\u00e1 apenas visitando ru\u00ednas; est\u00e1 mergulhando em uma narrativa de resili\u00eancia, engenhosidade e rever\u00eancia pela natureza, de uma civiliza\u00e7\u00e3o que outrora prosperou aqui. As vistas do s\u00edtio arqueol\u00f3gico, especialmente ao nascer ou p\u00f4r do sol, s\u00e3o simplesmente de tirar o f\u00f4lego, com todo o vale se desdobrando diante de voc\u00ea como um anfiteatro natural.<\/p><p><strong>Considera\u00e7\u00f5es pr\u00e1ticas<\/strong><\/p><p>Melhor \u00e9poca para visitar: Assim como em Machu Picchu, a esta\u00e7\u00e3o seca, de abril a outubro, oferece o melhor clima para trekking, embora voc\u00ea compartilhe esse segredo com mais aventureiros \u00e0 medida que o local se torna mais conhecido.<br \/>Prepara\u00e7\u00e3o: Leve roupas para todas as condi\u00e7\u00f5es clim\u00e1ticas, pois o clima andino pode ser imprevis\u00edvel. Boas botas de caminhada, capa de chuva e rem\u00e9dios para o mal da altitude (como folhas de coca ou medicamentos) s\u00e3o essenciais.<br \/>Guias e carregadores: Contratar um guia local \u00e9 altamente recomend\u00e1vel, n\u00e3o apenas para se orientar, mas tamb\u00e9m pelo conhecimento profundo que ele traz para sua jornada. Os carregadores podem transportar seus equipamentos mais pesados, tornando a caminhada mais f\u00e1cil.<\/p><p><strong>Conclus\u00e3o<\/strong><\/p><p>Choquequirao n\u00e3o \u00e9 apenas mais um s\u00edtio arqueol\u00f3gico; \u00e9 uma peregrina\u00e7\u00e3o para aqueles que buscam a ess\u00eancia da hist\u00f3ria do Peru. Oferece uma conex\u00e3o aut\u00eantica e genu\u00edna com o passado, cercada pela natureza em sua forma mais majestosa. Portanto, se voc\u00ea estiver disposto a trocar as multid\u00f5es de Machu Picchu pela solid\u00e3o, o conforto das comodidades modernas pelo desafio da trilha, Choquequirao aguarda para revelar seus segredos entre as nuvens e as montanhas de Cusco.<\/p>\t\t\t\t\t\t\t\t<\/div>\n\t\t\t\t\t<\/div>\n\t\t\t\t<\/div>\n\t\t<div class=\"elementor-element elementor-element-7f6a557 e-flex e-con-boxed wpr-particle-no wpr-jarallax-no wpr-parallax-no wpr-sticky-section-no e-con e-parent\" data-id=\"7f6a557\" data-element_type=\"container\" data-e-type=\"container\">\n\t\t\t\t\t<div class=\"e-con-inner\">\n\t\t\t\t<div class=\"elementor-element elementor-element-8c6f404 elementor-widget elementor-widget-spacer\" data-id=\"8c6f404\" data-element_type=\"widget\" data-e-type=\"widget\" data-widget_type=\"spacer.default\">\n\t\t\t\t\t\t\t<div class=\"elementor-spacer\">\n\t\t\t<div class=\"elementor-spacer-inner\"><\/div>\n\t\t<\/div>\n\t\t\t\t\t\t<\/div>\n\t\t\t\t\t<\/div>\n\t\t\t\t<\/div>\n\t\t\t\t<\/div>","protected":false},"excerpt":{"rendered":"<p>Exploring Choquequirao: Unveiling the Hidden City Among the Mountains in Cusco Peru Nestled in the rugged embrace of the Vilcabamba mountain range, Choquequirao stands as a testament to the enduring mystery and grandeur of the Incan Empire. Often referred to as the \u201csacred sister\u201d of Machu Picchu, Choquequirao invites the brave and the curious to embark on a journey not just through Peru\u2019s breathtaking landscapes but through time itself. The Journey Begins The adventure to Choquequirao starts from the small village of Cachora, a four-hour drive from Cusco. This isn\u2019t your average tourist route; it\u2019s for those who crave an authentic experience away from the well-trodden paths. The trek itself is a multi-day odyssey, typically taking four days round trip, involving dramatic descents into the Apur\u00edmac Canyon and equally challenging ascents back to the ruins perched at 3,050 meters above sea level. The Trekker\u2019s Trial The trail to Choquequirao is not for the faint-hearted. It\u2019s a physical and mental challenge that requires preparation \u2013 both in terms of fitness and gear. You\u2019ll descend nearly 1,500 meters into the canyon on the first day, only to climb back up on the second. The path is rugged, sometimes narrow, and always surrounded by an awe-inspiring panorama of Andean peaks and the deep, green Apur\u00edmac River valley. Choquequirao Unveiled Upon reaching Choquequirao, the effort of the journey is instantly justified. The site, though only about 30-40% excavated, reveals a complex of terraces, temples, and living quarters that echo the architectural genius of Machu Picchu. Unlike its famous sibling, Choquequirao offers solitude \u2013 a rarity in today\u2019s world of overtourism. Here, you might share the ruins with just a handful of fellow explorers, allowing for a more profound connection with the past. Architectural Wonders Choquequirao\u2019s layout is a masterclass in Incan urban planning. The main ceremonial area is a spectacle, with structures like the Ushnu, an oval-shaped platform believed to have religious significance, and the Kallankas, large halls possibly used for gatherings or storage. One of the most striking features is the Llama Terraces, where white stone carvings create images of these sacred animals on the mountainside, an artistic and agricultural marvel. Historical Significance While much of Choquequirao\u2019s history remains shrouded in mystery, it\u2019s believed to have been an important administrative and religious center. Some historians propose it was a last stronghold during the Inca resistance against Spanish conquistadors. Its strategic location between Cusco and the Amazon might have served as an outpost or a checkpoint for the Inca road system. The Experience Exploring Choquequirao is an immersive experience. The silence is profound, broken only by the wind and the occasional bird call. You\u2019re not just visiting ruins; you\u2019re stepping into a narrative of resilience, ingenuity, and reverence for nature by a civilization that once thrived here. The views from the site, especially at sunrise or sunset, are nothing short of breathtaking, with the entire valley unfolding before you like a natural amphitheater. Practical Considerations Best Time to Visit: Like Machu Picchu, the dry season from April to October offers the best weather for trekking, although you\u2019ll share this secret with more adventurers as the site gains recognition.Preparation: Pack for all weather conditions, as the Andean climate can be unpredictable. Good hiking boots, rain gear, and altitude sickness remedies (like coca leaves or medication) are a must.Guides and Porters: Hiring a local guide is highly recommended not just for navigation but for the depth of knowledge they bring to your journey. Porters can carry your heavier gear, making the trek more manageable. Conclusion Choquequirao isn\u2019t just another archaeological site; it\u2019s a pilgrimage for those who seek the soul of Peru\u2019s history. It offers a raw, unfiltered connection to the past, surrounded by nature at its most majestic. So, if you\u2019re willing to trade the crowds of Machu Picchu for solitude, the comfort of modern amenities for the challenge of the trek, Choquequirao awaits to reveal its secrets among the clouds and the mountains of Cusco.<\/p>","protected":false},"author":1,"featured_media":0,"parent":1088,"menu_order":0,"comment_status":"closed","ping_status":"closed","template":"","meta":{"_eb_attr":"","footnotes":""},"class_list":["post-2330","page","type-page","status-publish","hentry"],"_hostinger_reach_plugin_has_subscription_block":false,"_hostinger_reach_plugin_is_elementor":false,"_links":{"self":[{"href":"https:\/\/apurimacadventures.com\/pt\/wp-json\/wp\/v2\/pages\/2330","targetHints":{"allow":["GET"]}}],"collection":[{"href":"https:\/\/apurimacadventures.com\/pt\/wp-json\/wp\/v2\/pages"}],"about":[{"href":"https:\/\/apurimacadventures.com\/pt\/wp-json\/wp\/v2\/types\/page"}],"author":[{"embeddable":true,"href":"https:\/\/apurimacadventures.com\/pt\/wp-json\/wp\/v2\/users\/1"}],"replies":[{"embeddable":true,"href":"https:\/\/apurimacadventures.com\/pt\/wp-json\/wp\/v2\/comments?post=2330"}],"version-history":[{"count":15,"href":"https:\/\/apurimacadventures.com\/pt\/wp-json\/wp\/v2\/pages\/2330\/revisions"}],"predecessor-version":[{"id":3358,"href":"https:\/\/apurimacadventures.com\/pt\/wp-json\/wp\/v2\/pages\/2330\/revisions\/3358"}],"up":[{"embeddable":true,"href":"https:\/\/apurimacadventures.com\/pt\/wp-json\/wp\/v2\/pages\/1088"}],"wp:attachment":[{"href":"https:\/\/apurimacadventures.com\/pt\/wp-json\/wp\/v2\/media?parent=2330"}],"curies":[{"name":"wp","href":"https:\/\/api.w.org\/{rel}","templated":true}]}}