{"id":2322,"date":"2025-11-09T03:12:07","date_gmt":"2025-11-09T03:12:07","guid":{"rendered":"https:\/\/apurimacadventures.com\/?page_id=2322"},"modified":"2025-12-06T15:25:28","modified_gmt":"2025-12-06T15:25:28","slug":"qual-o-mes-ideal-para-visitar-machu-picchu-no-peru","status":"publish","type":"page","link":"https:\/\/apurimacadventures.com\/pt\/blog\/when-is-the-ideal-month-to-visit-machu-picchu-in-peru\/","title":{"rendered":"Qual o m\u00eas ideal para visitar Machu Picchu no Peru?"},"content":{"rendered":"<div data-elementor-type=\"wp-page\" data-elementor-id=\"2322\" class=\"elementor elementor-2322\" data-elementor-post-type=\"page\">\n\t\t\t\t<div class=\"elementor-element elementor-element-08fadc6 e-con-full e-flex wpr-particle-no wpr-jarallax-no wpr-parallax-no wpr-sticky-section-no e-con e-parent\" data-id=\"08fadc6\" data-element_type=\"container\" data-e-type=\"container\" data-settings=\"{&quot;background_background&quot;:&quot;classic&quot;}\">\n\t\t\t\t<div class=\"elementor-element elementor-element-5b1bc66 elementor-widget elementor-widget-heading\" data-id=\"5b1bc66\" data-element_type=\"widget\" data-e-type=\"widget\" data-widget_type=\"heading.default\">\n\t\t\t\t\t<h2 class=\"elementor-heading-title elementor-size-default\">Qual o m\u00eas ideal para visitar Machu Picchu no Peru?\n\n<\/h2>\t\t\t\t<\/div>\n\t\t<div class=\"elementor-element elementor-element-6648a9e e-con-full e-flex wpr-particle-no wpr-jarallax-no wpr-parallax-no wpr-sticky-section-no e-con e-child\" data-id=\"6648a9e\" data-element_type=\"container\" data-e-type=\"container\" data-settings=\"{&quot;background_background&quot;:&quot;classic&quot;}\">\n\t\t\t\t<\/div>\n\t\t\t\t<\/div>\n\t\t<div class=\"elementor-element elementor-element-8620c99 e-flex e-con-boxed wpr-particle-no wpr-jarallax-no wpr-parallax-no wpr-sticky-section-no e-con e-parent\" data-id=\"8620c99\" data-element_type=\"container\" data-e-type=\"container\">\n\t\t\t\t\t<div class=\"e-con-inner\">\n\t\t<div class=\"elementor-element elementor-element-072449f e-con-full e-flex wpr-particle-no wpr-jarallax-no wpr-parallax-no wpr-sticky-section-no e-con e-child\" data-id=\"072449f\" data-element_type=\"container\" data-e-type=\"container\" data-settings=\"{&quot;background_background&quot;:&quot;classic&quot;}\">\n\t\t\t\t<\/div>\n\t\t\t\t\t<\/div>\n\t\t\t\t<\/div>\n\t\t<div class=\"elementor-element elementor-element-7f6a557 e-flex e-con-boxed wpr-particle-no wpr-jarallax-no wpr-parallax-no wpr-sticky-section-no e-con e-parent\" data-id=\"7f6a557\" data-element_type=\"container\" data-e-type=\"container\">\n\t\t\t\t\t<div class=\"e-con-inner\">\n\t\t<div class=\"elementor-element elementor-element-9c2faf9 e-con-full e-flex wpr-particle-no wpr-jarallax-no wpr-parallax-no wpr-sticky-section-no e-con e-child\" data-id=\"9c2faf9\" data-element_type=\"container\" data-e-type=\"container\">\n\t\t<div class=\"elementor-element elementor-element-a24f8a7 e-con-full e-flex wpr-particle-no wpr-jarallax-no wpr-parallax-no wpr-sticky-section-no e-con e-child\" data-id=\"a24f8a7\" data-element_type=\"container\" data-e-type=\"container\">\n\t\t\t\t<div class=\"elementor-element elementor-element-c3bdbcb elementor-widget elementor-widget-text-editor\" data-id=\"c3bdbcb\" data-element_type=\"widget\" data-e-type=\"widget\" data-widget_type=\"text-editor.default\">\n\t\t\t\t\t\t\t\t\t<p>Ah, Machu Picchu, a cidade perdida dos Incas, onde as pedras sussurram hist\u00f3rias de gl\u00f3ria ancestral e as nuvens brincam de esconde-esconde com a hist\u00f3ria. Mas vamos direto ao ponto, ou melhor, \u00e0 trilha: qual a melhor \u00e9poca para visitar essa maravilha do mundo sem se molhar, se queimar de sol ou se perder em um mar de paus de selfie?<\/p><p><strong>A esta\u00e7\u00e3o seca: sua melhor op\u00e7\u00e3o.<\/strong><\/p><p>Os meses ideais para visitar Machu Picchu, se voc\u00ea prefere sol \u00e0 chuva, s\u00e3o entre maio e setembro. Este per\u00edodo, conhecido como esta\u00e7\u00e3o seca, \u00e9 quando o clima \u00e9 mais favor\u00e1vel tanto para os excursionistas quanto para os turistas. O c\u00e9u geralmente est\u00e1 limpo, oferecendo vistas deslumbrantes da cidadela aninhada entre os Andes.<\/p><p><strong>Vamos analisar m\u00eas a m\u00eas:<\/strong><\/p><p><strong>Poderia:<\/strong> Ah, o in\u00edcio da esta\u00e7\u00e3o seca! A paisagem est\u00e1 exuberante gra\u00e7as \u00e0s chuvas dos meses anteriores, mas \u00e9 menos prov\u00e1vel que voc\u00ea seja pego por um aguaceiro. As temperaturas ficam em torno de agrad\u00e1veis 12\u00b0C a 24\u00b0C. \u00c9 um per\u00edodo perfeito antes da alta temporada, ent\u00e3o voc\u00ea tamb\u00e9m pode evitar parte das multid\u00f5es.<br \/><strong>Junho:<\/strong> A alta temporada tur\u00edstica est\u00e1 chegando, gra\u00e7as \u00e0s celebra\u00e7\u00f5es do solst\u00edcio de inverno e ao deslumbrante festival Inti Raymi. O clima ainda est\u00e1 maravilhoso, mas prepare-se para dividir a vista com milhares de pessoas do mundo todo.<br \/><strong>Julho:<\/strong> Julho \u00e9 o m\u00eas mais movimentado, gra\u00e7as \u00e0s f\u00e9rias escolares no Hemisf\u00e9rio Norte. Se voc\u00ea busca tranquilidade, talvez seja melhor repensar. Mas se n\u00e3o se importa com multid\u00f5es e quer o melhor clima, julho \u00e9 o m\u00eas ideal. Os dias s\u00e3o ensolarados, mas as noites podem ser frias, ent\u00e3o leve roupas em camadas.<br \/><strong>Agosto:<\/strong> Ainda est\u00e1 cheio, mas o tempo continua a seu favor. Esta \u00e9 a \u00e9poca em que o sol parece estar em conluio com a secretaria de turismo, oferecendo vistas deslumbrantes das montanhas circundantes.<br \/><strong>Setembro:<\/strong> As multid\u00f5es come\u00e7am a diminuir, sinalizando o fim da alta temporada. O clima permanece favor\u00e1vel e voc\u00ea tem a vantagem de aproveitar Machu Picchu com menos movimento de turistas. \u00c9 como ter o melhor dos dois mundos.<\/p><p><strong>As esta\u00e7\u00f5es intermedi\u00e1rias: um compromisso<\/strong><\/p><p><strong>Se voc\u00ea n\u00e3o estiver a fim de disputar um lugar perto do Port\u00e3o do Sol, considere as temporadas de transi\u00e7\u00e3o:<\/strong><\/p><p>Abril e outubro: esses meses representam um meio-termo ideal. Abril marca o fim da esta\u00e7\u00e3o chuvosa, oferecendo paisagens verdejantes e menos turistas, enquanto outubro est\u00e1 no final da esta\u00e7\u00e3o seca, proporcionando bom tempo, mas com menos movimento. Ambos s\u00e3o excelentes para quem gosta de aventuras com um toque de tranquilidade.<br \/>A esta\u00e7\u00e3o das chuvas: para os corajosos ou para os falidos?<\/p><p><strong>Agora, vamos falar sobre a esta\u00e7\u00e3o chuvosa, de novembro a mar\u00e7o:<\/strong><\/p><p>De novembro a mar\u00e7o: Se voc\u00ea n\u00e3o se importa com uma garoa ou se seu or\u00e7amento permite viajar quando a maioria das pessoas n\u00e3o viaja, esses meses podem ser uma boa op\u00e7\u00e3o. A chuva pode ser forte, mas geralmente vem em pancadas curtas, deixando o resto do dia livre para explorar. A vantagem? Menos turistas, o que significa que voc\u00ea pode curtir Machu Picchu com relativa tranquilidade, talvez at\u00e9 com um ou dois templos s\u00f3 para voc\u00ea por um instante. Basta levar uma boa jaqueta imperme\u00e1vel e botas resistentes \u00e0 \u00e1gua.<br \/>Fevereiro: Uma men\u00e7\u00e3o especial, pois \u00e9 quando a Trilha Inca fecha oficialmente para manuten\u00e7\u00e3o. Se voc\u00ea planejava fazer a trilha, precisar\u00e1 procurar rotas alternativas ou esperar. No entanto, Machu Picchu em si permanece aberto, ent\u00e3o, se voc\u00ea chegar de trem, est\u00e1 tudo certo.<\/p><p><strong>Considera\u00e7\u00f5es finais<\/strong><\/p><p>A escolha da melhor \u00e9poca para visitar Machu Picchu depende muito da sua prefer\u00eancia por clima e menor quantidade de turistas. Se c\u00e9u limpo e caminhos secos s\u00e3o imprescind\u00edveis, o per\u00edodo ideal \u00e9 entre maio e setembro. Se voc\u00ea quer economizar e n\u00e3o se importa com a possibilidade de encontrar nuvens, a esta\u00e7\u00e3o chuvosa pode te surpreender com um encanto \u00fanico.<\/p><p>Lembre-se: n\u00e3o importa quando voc\u00ea v\u00e1, Machu Picchu \u00e9 um lugar onde o tempo parece ter parado para uma foto inesquec\u00edvel. Ent\u00e3o, esteja voc\u00ea se protegendo da chuva ou tomando sol com uma multid\u00e3o, voc\u00ea viver\u00e1 uma experi\u00eancia que, assim como a pr\u00f3pria civiliza\u00e7\u00e3o Inca, \u00e9 atemporal.<\/p><p>S\u00f3 tome cuidado para n\u00e3o molhar a c\u00e2mera, ou voc\u00ea pode acabar com uma lembran\u00e7a borrada de uma das paisagens mais incr\u00edveis da Terra. Boa viagem, e que suas aventuras sejam t\u00e3o \u00e9picas quanto as hist\u00f3rias dos Incas!<\/p>\t\t\t\t\t\t\t\t<\/div>\n\t\t\t\t<\/div>\n\t\t<div class=\"elementor-element elementor-element-60b649c e-con-full e-flex wpr-particle-no wpr-jarallax-no wpr-parallax-no wpr-sticky-section-no e-con e-child\" data-id=\"60b649c\" data-element_type=\"container\" data-e-type=\"container\">\n\t\t\t\t<div class=\"elementor-element elementor-element-ff91755 elementor-widget elementor-widget-spacer\" data-id=\"ff91755\" data-element_type=\"widget\" data-e-type=\"widget\" data-widget_type=\"spacer.default\">\n\t\t\t\t\t\t\t<div class=\"elementor-spacer\">\n\t\t\t<div class=\"elementor-spacer-inner\"><\/div>\n\t\t<\/div>\n\t\t\t\t\t\t<\/div>\n\t\t\t\t<\/div>\n\t\t\t\t<\/div>\n\t\t\t\t\t<\/div>\n\t\t\t\t<\/div>\n\t\t\t\t<\/div>","protected":false},"excerpt":{"rendered":"<p>When is the ideal month to visit Machu Picchu in Peru? Ah, Machu Picchu, the lost city of the Incas, where the stones whisper tales of ancient glory, and the clouds play peek-a-boo with history. But let\u2019s cut to the chase, or rather, to the trek: when\u2019s the best time to visit this wonder of the world without getting drenched, sunburnt, or lost in a sea of selfie sticks? The Dry Season: Your Best Bet The ideal months to visit Machu Picchu, if you\u2019re a fan of the sun rather than the rain, are between May and September. This period, known as the dry season, is when the weather gods are kindest to trekkers and tourists alike. The skies are generally clear, offering stunning views of the citadel nestled among the Andes. Let\u2019s break it down month by month: May: Ah, the start of the dry season! The landscape is lush from the previous months\u2019 rains, but you\u2019re less likely to be caught in a downpour. Temperatures hover around a comfortable 12\u00b0C to 24\u00b0C. It\u2019s a sweet spot before the high season kicks in, so you might dodge some of the crowds too.June: Here comes the onset of peak tourist season, thanks to the winter solstice celebrations and the dazzling Inti Raymi festival. The weather is still glorious, but prepare to share your view with a few thousand of your closest friends from around the globe.July: The busiest month, thanks to the school holidays in the Northern Hemisphere. If you\u2019re after solitude, maybe reconsider. But if you\u2019re okay with crowds and want the best weather, July\u2019s your month. The days are sunny, but nights can get chilly, so pack layers.August: Still crowded, but the weather continues to be on your side. This is the time when the sun seems to be in cahoots with the tourism board, offering clear views of the surrounding mountains.September: The crowds start to thin out, signaling the end of the peak season. The weather remains favorable, and you get the bonus of enjoying Machu Picchu with a bit less human traffic. It\u2019s like having the best of both worlds. The Shoulder Seasons: A Compromise If you\u2019re not keen on battling for a spot next to the Sun Gate, consider the shoulder seasons: April and October: These months are your middle ground. April is just drying out from the wet season, offering green landscapes and fewer tourists, while October is at the tail end of the dry season, providing good weather but with dwindling crowds. Both are excellent for those who like their adventures with a side of solitude.The Rainy Season: For the Brave or the Broke Now, let\u2019s talk about the rainy season, from November to March: November through March: If you\u2019re not fazed by a bit of drizzle or if your budget demands you travel when everyone else doesn\u2019t, these months could work. Rain can be heavy, but it often comes in short bursts, leaving the rest of the day for exploration. The upside? Fewer tourists, which means you can enjoy Machu Picchu in relative peace, perhaps even having a temple or two all to yourself for a moment. Just pack a good rain jacket and waterproof boots.February: A special mention because this is when the Inca Trail officially closes for maintenance. If you were planning on hiking, you\u2019ll need to look at alternative routes or wait it out. However, Machu Picchu itself remains open, so if you\u2019re arriving by train, you\u2019re golden. Final Thoughts Choosing when to visit Machu Picchu largely depends on your preference for weather versus crowd levels. If clear skies and dry paths are non-negotiable, aim for May to September. If you\u2019re looking to save some coin and don\u2019t mind playing hide and seek with the clouds, the rainy season might just surprise you with its own kind of magic. Remember, no matter when you go, Machu Picchu is a place where time seems to have paused for a photo op. So, whether you\u2019re dodging raindrops or sunbathing with a million others, you\u2019re in for an experience that, like the Inca civilization itself, is timeless. Just make sure your camera doesn\u2019t get wet, or you might end up with a blurry memory of one of the greatest sights on Earth. Safe travels, and may your adventures be as epic as the tales of the Incas!<\/p>","protected":false},"author":1,"featured_media":0,"parent":1088,"menu_order":0,"comment_status":"closed","ping_status":"closed","template":"","meta":{"_eb_attr":"","footnotes":""},"class_list":["post-2322","page","type-page","status-publish","hentry"],"_hostinger_reach_plugin_has_subscription_block":false,"_hostinger_reach_plugin_is_elementor":false,"_links":{"self":[{"href":"https:\/\/apurimacadventures.com\/pt\/wp-json\/wp\/v2\/pages\/2322","targetHints":{"allow":["GET"]}}],"collection":[{"href":"https:\/\/apurimacadventures.com\/pt\/wp-json\/wp\/v2\/pages"}],"about":[{"href":"https:\/\/apurimacadventures.com\/pt\/wp-json\/wp\/v2\/types\/page"}],"author":[{"embeddable":true,"href":"https:\/\/apurimacadventures.com\/pt\/wp-json\/wp\/v2\/users\/1"}],"replies":[{"embeddable":true,"href":"https:\/\/apurimacadventures.com\/pt\/wp-json\/wp\/v2\/comments?post=2322"}],"version-history":[{"count":21,"href":"https:\/\/apurimacadventures.com\/pt\/wp-json\/wp\/v2\/pages\/2322\/revisions"}],"predecessor-version":[{"id":3005,"href":"https:\/\/apurimacadventures.com\/pt\/wp-json\/wp\/v2\/pages\/2322\/revisions\/3005"}],"up":[{"embeddable":true,"href":"https:\/\/apurimacadventures.com\/pt\/wp-json\/wp\/v2\/pages\/1088"}],"wp:attachment":[{"href":"https:\/\/apurimacadventures.com\/pt\/wp-json\/wp\/v2\/media?parent=2322"}],"curies":[{"name":"wp","href":"https:\/\/api.w.org\/{rel}","templated":true}]}}