{"id":2262,"date":"2025-11-09T02:38:35","date_gmt":"2025-11-09T02:38:35","guid":{"rendered":"https:\/\/apurimacadventures.com\/?page_id=2262"},"modified":"2025-12-06T13:55:46","modified_gmt":"2025-12-06T13:55:46","slug":"excursao-de-2-dias-ao-lago-titicaca","status":"publish","type":"page","link":"https:\/\/apurimacadventures.com\/pt\/lake-titicaca-tour-2-days\/","title":{"rendered":"Excurs\u00e3o de 2 dias ao Lago Titicaca"},"content":{"rendered":"<div data-elementor-type=\"wp-page\" data-elementor-id=\"2262\" class=\"elementor elementor-2262\" data-elementor-post-type=\"page\">\n\t\t\t\t<div class=\"elementor-element elementor-element-08fadc6 e-con-full e-flex wpr-particle-no wpr-jarallax-no wpr-parallax-no wpr-sticky-section-no wpr-equal-height-no e-con e-parent\" data-id=\"08fadc6\" data-element_type=\"container\" data-e-type=\"container\" data-settings=\"{&quot;background_background&quot;:&quot;classic&quot;}\">\n\t\t\t\t<div class=\"elementor-element elementor-element-5b1bc66 elementor-widget elementor-widget-heading\" data-id=\"5b1bc66\" data-element_type=\"widget\" data-e-type=\"widget\" data-widget_type=\"heading.default\">\n\t\t\t\t\t<h2 class=\"elementor-heading-title elementor-size-default\">Excurs\u00e3o de 2 dias ao Lago Titicaca\n\n\n\n<\/h2>\t\t\t\t<\/div>\n\t\t<div class=\"elementor-element elementor-element-6648a9e e-con-full e-flex wpr-particle-no wpr-jarallax-no wpr-parallax-no wpr-sticky-section-no wpr-equal-height-no e-con e-child\" data-id=\"6648a9e\" data-element_type=\"container\" data-e-type=\"container\" data-settings=\"{&quot;background_background&quot;:&quot;classic&quot;}\">\n\t\t\t\t<\/div>\n\t\t\t\t<\/div>\n\t\t<div class=\"elementor-element elementor-element-8620c99 e-flex e-con-boxed wpr-particle-no wpr-jarallax-no wpr-parallax-no wpr-sticky-section-no wpr-equal-height-no e-con e-parent\" data-id=\"8620c99\" data-element_type=\"container\" data-e-type=\"container\">\n\t\t\t\t\t<div class=\"e-con-inner\">\n\t\t\t\t<div class=\"elementor-element elementor-element-61ae41f elementor-widget__width-initial elementor-widget elementor-widget-text-editor\" data-id=\"61ae41f\" data-element_type=\"widget\" data-e-type=\"widget\" data-widget_type=\"text-editor.default\">\n\t\t\t\t\t\t\t\t\t<div id=\"u47967-4\" class=\"clearfix colelem shared_content\" data-muse-uid=\"U47967\" data-muse-type=\"txt_frame\" data-ibe-flags=\"txtStyleSrc\" data-sizepolicy=\"fixed\" data-pintopage=\"page_fixedCenter\" data-content-guid=\"u47967-4_content\"><div id=\"u57327-7\" class=\"clearfix colelem shared_content\" data-muse-uid=\"U57327\" data-muse-type=\"txt_frame\" data-ibe-flags=\"txtStyleSrc\" data-sizepolicy=\"fixed\" data-pintopage=\"page_fixedCenter\" data-content-guid=\"u57327-7_content\"><p><strong>DESCRI\u00c7\u00c3O:<\/strong><\/p><p>Excurs\u00e3o de 2 dias ao Lago Titicaca. O Lago Titicaca, situado na fronteira entre a Bol\u00edvia e o Peru, possui uma cultura e beleza \u00fanicas. Voc\u00ea visitar\u00e1 as famosas ilhas flutuantes de Uros, constru\u00eddas com juncos. Na Ilha de Amantani, voc\u00ea far\u00e1 uma caminhada at\u00e9 Pachatata, um local sagrado h\u00e1 s\u00e9culos, e desfrutar\u00e1 de vistas incr\u00edveis do lago e suas ilhas. Uma hospedagem em casas de fam\u00edlias locais lhe apresentar\u00e1 uma vida simples e agr\u00edcola, com m\u00fasica e dan\u00e7a tradicionais. Por fim, uma visita \u00e0 Ilha de Takile lhe dar\u00e1 a oportunidade de aprender sobre a ind\u00fastria t\u00eaxtil local.<\/p><p>\u00a0<\/p><p><strong>Observa\u00e7\u00e3o:<\/strong> O Lago Titicaca est\u00e1 situado a 3800 metros de altitude, por isso recomendamos que voc\u00ea passe pelo menos alguns dias se adaptando \u00e0 altitude do Peru antes de visitar o Lago Titicaca.<\/p><\/div><\/div>\t\t\t\t\t\t\t\t<\/div>\n\t\t\t\t<div class=\"elementor-element elementor-element-84f5a8a e-n-tabs-mobile elementor-widget elementor-widget-n-tabs\" data-id=\"84f5a8a\" data-element_type=\"widget\" data-e-type=\"widget\" data-settings=\"{&quot;_animation&quot;:&quot;none&quot;,&quot;tabs_justify_horizontal&quot;:&quot;stretch&quot;,&quot;horizontal_scroll&quot;:&quot;disable&quot;}\" data-widget_type=\"nested-tabs.default\">\n\t\t\t\t\t\t\t<div class=\"e-n-tabs\" data-widget-number=\"139418250\" aria-label=\"Abas. Abra itens com &quot;Enter&quot; ou &quot;Espa\u00e7o&quot;, feche com &quot;Escape&quot; e navegue usando as teclas de &quot;Seta&quot;.\">\n\t\t\t<div class=\"e-n-tabs-heading\" role=\"tablist\">\n\t\t\t\t\t<button id=\"e-n-tab-title-1394182501\" data-tab-title-id=\"e-n-tab-title-1394182501\" class=\"e-n-tab-title\" aria-selected=\"true\" data-tab-index=\"1\" role=\"tab\" tabindex=\"0\" aria-controls=\"e-n-tab-content-1394182501\" style=\"--n-tabs-title-order: 1;\">\n\t\t\t\t\t\t<span class=\"e-n-tab-title-text\">\n\t\t\t\tVis\u00e3o geral\t\t\t<\/span>\n\t\t<\/button>\n\t\t\t\t<button id=\"e-n-tab-title-1394182502\" data-tab-title-id=\"e-n-tab-title-1394182502\" class=\"e-n-tab-title\" aria-selected=\"false\" data-tab-index=\"2\" role=\"tab\" tabindex=\"-1\" aria-controls=\"e-n-tab-content-1394182502\" style=\"--n-tabs-title-order: 2;\">\n\t\t\t\t\t\t<span class=\"e-n-tab-title-text\">\n\t\t\t\tItiner\u00e1rio\t\t\t<\/span>\n\t\t<\/button>\n\t\t\t\t<button id=\"e-n-tab-title-1394182503\" data-tab-title-id=\"e-n-tab-title-1394182503\" class=\"e-n-tab-title\" aria-selected=\"false\" data-tab-index=\"3\" role=\"tab\" tabindex=\"-1\" aria-controls=\"e-n-tab-content-1394182503\" style=\"--n-tabs-title-order: 3;\">\n\t\t\t\t\t\t<span class=\"e-n-tab-title-text\">\n\t\t\t\tInclu\u00eddo\t\t\t<\/span>\n\t\t<\/button>\n\t\t\t\t<button id=\"e-n-tab-title-1394182504\" data-tab-title-id=\"e-n-tab-title-1394182504\" class=\"e-n-tab-title\" aria-selected=\"false\" data-tab-index=\"4\" role=\"tab\" tabindex=\"-1\" aria-controls=\"e-n-tab-content-1394182504\" style=\"--n-tabs-title-order: 4;\">\n\t\t\t\t\t\t<span class=\"e-n-tab-title-text\">\n\t\t\t\tPre\u00e7os\t\t\t<\/span>\n\t\t<\/button>\n\t\t\t\t\t<\/div>\n\t\t\t<div class=\"e-n-tabs-content\">\n\t\t\t\t<div id=\"e-n-tab-content-1394182501\" role=\"tabpanel\" aria-labelledby=\"e-n-tab-title-1394182501\" data-tab-index=\"1\" style=\"--n-tabs-title-order: 1;\" class=\"e-active elementor-element elementor-element-94e590d e-con-full e-flex wpr-particle-no wpr-jarallax-no wpr-parallax-no wpr-sticky-section-no wpr-equal-height-no e-con e-child\" data-id=\"94e590d\" data-element_type=\"container\" data-e-type=\"container\">\n\t\t<div class=\"elementor-element elementor-element-2d751ac e-con-full animated-slow e-flex wpr-particle-no wpr-jarallax-no wpr-parallax-no wpr-sticky-section-no wpr-equal-height-no elementor-invisible e-con e-child\" data-id=\"2d751ac\" data-element_type=\"container\" data-e-type=\"container\" data-settings=\"{&quot;background_background&quot;:&quot;classic&quot;,&quot;animation&quot;:&quot;fadeIn&quot;}\">\n\t\t\t\t<\/div>\n\t\t\t\t<div class=\"elementor-element elementor-element-5d20cd5 elementor-widget__width-initial elementor-widget elementor-widget-text-editor\" data-id=\"5d20cd5\" data-element_type=\"widget\" data-e-type=\"widget\" data-widget_type=\"text-editor.default\">\n\t\t\t\t\t\t\t\t\t<p>\u00a0<\/p><ul id=\"u57314-7\" class=\"list0 nls-None\"><li><strong><span id=\"u57314\">DIA 1:\u00a0<\/span><\/strong>Puno \u2013 Ilhas dos Uros \u2013 Ilha Amantani<\/li><li><strong><span id=\"u57314-4\">DIA 2:<\/span><\/strong>\u00a0Ilha Amantani \u2013 Ilha Takile \u2013 Puno<\/li><\/ul><p>\u00a0<\/p><p><strong><span id=\"u57314-9\">Ponto mais alto:<\/span>\u00a0<\/strong>4.115 m \/ 13.502 p\u00e9s<\/p><p><span id=\"u57314-12\"><strong>A uma curta dist\u00e2ncia a p\u00e9:<\/strong>\u00a0<\/span>5 km \/ 3188 ml<\/p><p id=\"u57314-19\"><strong><span id=\"u57314-15\">Dificuldade:\u00a0<\/span><\/strong><span id=\"u57314-16\"><span style=\"text-decoration: underline;\"><strong>1<\/strong><\/span>\u00a0<\/span><span id=\"u57314-17\">2<\/span><span id=\"u57314-18\">\u00a03 4 5<\/span><\/p>\t\t\t\t\t\t\t\t<\/div>\n\t\t<div class=\"elementor-element elementor-element-25c2a77 e-con-full animated-slow e-flex wpr-particle-no wpr-jarallax-no wpr-parallax-no wpr-sticky-section-no wpr-equal-height-no elementor-invisible e-con e-child\" data-id=\"25c2a77\" data-element_type=\"container\" data-e-type=\"container\" data-settings=\"{&quot;background_background&quot;:&quot;classic&quot;,&quot;animation&quot;:&quot;fadeIn&quot;}\">\n\t\t\t\t<\/div>\n\t\t\t\t<\/div>\n\t\t<div id=\"e-n-tab-content-1394182502\" role=\"tabpanel\" aria-labelledby=\"e-n-tab-title-1394182502\" data-tab-index=\"2\" style=\"--n-tabs-title-order: 2;\" class=\"elementor-element elementor-element-2d5725f e-con-full e-flex wpr-particle-no wpr-jarallax-no wpr-parallax-no wpr-sticky-section-no wpr-equal-height-no e-con e-child\" data-id=\"2d5725f\" data-element_type=\"container\" data-e-type=\"container\">\n\t\t<div class=\"elementor-element elementor-element-2df2eb8 e-con-full animated-slow e-flex wpr-particle-no wpr-jarallax-no wpr-parallax-no wpr-sticky-section-no wpr-equal-height-no elementor-invisible e-con e-child\" data-id=\"2df2eb8\" data-element_type=\"container\" data-e-type=\"container\" data-settings=\"{&quot;background_background&quot;:&quot;classic&quot;,&quot;animation&quot;:&quot;fadeIn&quot;}\">\n\t\t\t\t<\/div>\n\t\t\t\t<div class=\"elementor-element elementor-element-5462b0a elementor-widget__width-initial elementor-widget elementor-widget-text-editor\" data-id=\"5462b0a\" data-element_type=\"widget\" data-e-type=\"widget\" data-widget_type=\"text-editor.default\">\n\t\t\t\t\t\t\t\t\t<p>\u00a0<\/p><p id=\"u57320-2\"><strong>Roteiro \u2013 Excurs\u00e3o de 2 dias ao Lago Titicaca<\/strong><\/p><p>\u00a0<\/p><p id=\"u57320-6\"><strong><span id=\"u57320-4\">DIA 1:<\/span>\u00a0Puno \u2013 Ilhas dos Uros \u2013 Ilha Amantani<\/strong><\/p><p id=\"u57320-8\">Sa\u00edmos do hotel \u00e0s 7h30 e seguimos para o cais de Puno para iniciar nossa viagem de barco at\u00e9 a Ilha de Amantan\u00ed. No caminho, fazemos uma parada nas fascinantes Ilhas Flutuantes de Uros. Em uma visita guiada, voc\u00ea aprender\u00e1 como essas ilhas artificiais foram constru\u00eddas e mantidas, e conhecer\u00e1 o modo de vida local. Belos artesanatos locais estar\u00e3o dispon\u00edveis para quem tiver interesse em levar algumas lembran\u00e7as.<\/p><p id=\"u57320-11\">De l\u00e1, seguimos para a Ilha de Amantan\u00ed, onde os moradores locais nos receber\u00e3o em sua comunidade e nos apresentar\u00e3o \u00e0s fam\u00edlias anfitri\u00e3s. Ap\u00f3s o almo\u00e7o com as fam\u00edlias, participaremos de suas atividades agr\u00edcolas rotineiras. Isso nos proporcionar\u00e1 uma experi\u00eancia da vida em uma comunidade rural andina, e apreciaremos a beleza de uma vida simples. Mais tarde, seguiremos o caminho de pedra atrav\u00e9s dos campos de cultivo at\u00e9 o ponto mais alto da ilha.<\/p><p id=\"u57320-13\">Este mirante chama-se \u201cPachatata\u201d (4.115 m) e tem sido, durante muitos s\u00e9culos, um local sagrado de culto para o povo desta comunidade. Deste local, poderemos desfrutar da vista magn\u00edfica do Lago Titicaca e das suas ilhas.<\/p><p id=\"u57320-16\">De volta \u00e0 aldeia, desfrutaremos de um jantar com nossas fam\u00edlias anfitri\u00e3s. A m\u00fasica e a dan\u00e7a folcl\u00f3ricas s\u00e3o partes importantes da vida nos Andes, e ap\u00f3s o jantar, as fam\u00edlias locais e seus h\u00f3spedes se reunir\u00e3o no sal\u00e3o comunit\u00e1rio. Um grupo de m\u00fasicos locais tocar\u00e1 m\u00fasica andina com seus instrumentos tradicionais, e voc\u00ea ser\u00e1 convidado a participar da alegre festa de dan\u00e7a. Se desejar, poder\u00e1 at\u00e9 experimentar os vestidos, ponchos e trajes t\u00edpicos. Voc\u00ea passar\u00e1 a noite nas casas de suas fam\u00edlias anfitri\u00e3s.<\/p><ul id=\"u57320-28\" class=\"list0 nls-None\"><li id=\"u57320-19\">Refei\u00e7\u00f5es: A, J<\/li><li id=\"u57320-21\">Altitude m\u00e1xima: 4.115 m \/ 13.502 p\u00e9s<\/li><li id=\"u57320-23\">Altitude m\u00ednima: 3.812 m \/ 12.507 p\u00e9s<\/li><li id=\"u57320-25\">Dist\u00e2ncia percorrida: 40 km \/ 24 milhas<\/li><li id=\"u57320-27\">Tempo de caminhada: 3 a 4 horas<\/li><\/ul><p>\u00a0<\/p><p id=\"u57320-32\"><strong><span id=\"u57320-30\">DIA 2:<\/span>\u00a0Ilha Amantani \u2013 Ilha Takile \u2013 Puno<\/strong><\/p><p id=\"u57320-34\">Ap\u00f3s o caf\u00e9 da manh\u00e3, partiremos da Ilha de Amantani em dire\u00e7\u00e3o a Taquile. Uma caminhada leve nos levar\u00e1 \u00e0 comunidade local, onde voc\u00ea poder\u00e1 apreciar uma exposi\u00e7\u00e3o t\u00eaxtil e cultural. Em 2005, Taquile e sua arte t\u00eaxtil foram reconhecidas pela UNESCO como &quot;Obras-primas&quot; do patrim\u00f4nio da humanidade. Almo\u00e7aremos em um restaurante local na Ilha de Taquile (almo\u00e7o n\u00e3o incluso no pre\u00e7o do passeio). Ap\u00f3s o almo\u00e7o, faremos uma caminhada de 45 minutos at\u00e9 o cais principal, onde um barco nos levar\u00e1 de volta a Puno e voc\u00ea ser\u00e1 transferido para o seu hotel.<\/p><ul id=\"u57320-46\" class=\"list0 nls-None\"><li id=\"u57320-37\">Refei\u00e7\u00f5es: B<\/li><li id=\"u57320-39\">Altitude m\u00e1xima: 3.950 m \/ 12.959 p\u00e9s<\/li><li id=\"u57320-41\">Altitude m\u00ednima: 3.812 m \/ 12.507 p\u00e9s<\/li><li id=\"u57320-43\">Dist\u00e2ncia percorrida: 45 km \/ 27 milhas<\/li><li id=\"u57320-45\">Tempo de caminhada: 2 horas<\/li><\/ul>\t\t\t\t\t\t\t\t<\/div>\n\t\t\t\t<\/div>\n\t\t<div id=\"e-n-tab-content-1394182503\" role=\"tabpanel\" aria-labelledby=\"e-n-tab-title-1394182503\" data-tab-index=\"3\" style=\"--n-tabs-title-order: 3;\" class=\"elementor-element elementor-element-7c01974 e-con-full e-flex wpr-particle-no wpr-jarallax-no wpr-parallax-no wpr-sticky-section-no wpr-equal-height-no e-con e-child\" data-id=\"7c01974\" data-element_type=\"container\" data-e-type=\"container\">\n\t\t<div class=\"elementor-element elementor-element-cf848f1 e-con-full animated-slow e-flex wpr-particle-no wpr-jarallax-no wpr-parallax-no wpr-sticky-section-no wpr-equal-height-no elementor-invisible e-con e-child\" data-id=\"cf848f1\" data-element_type=\"container\" data-e-type=\"container\" data-settings=\"{&quot;background_background&quot;:&quot;classic&quot;,&quot;animation&quot;:&quot;fadeIn&quot;}\">\n\t\t\t\t<\/div>\n\t\t\t\t<div class=\"elementor-element elementor-element-8872907 elementor-widget__width-initial elementor-widget elementor-widget-text-editor\" data-id=\"8872907\" data-element_type=\"widget\" data-e-type=\"widget\" data-widget_type=\"text-editor.default\">\n\t\t\t\t\t\t\t\t\t<p id=\"u57324-3\">\u00a0<\/p><p id=\"u57324-6\"><strong>Servi\u00e7os inclu\u00eddos:<\/strong><\/p><ul id=\"u57324-22\" class=\"list0 nls-None\"><li id=\"u57324-9\">Traslado de\/para hot\u00e9is<\/li><li id=\"u57324-11\">Taxas de entrada nas ilhas Uros, Amantani e Taquile<\/li><li id=\"u57324-13\">O transporte de barco de ida e volta leva (Puno para Amantani 3 horas \/ Takile para Puno 2 horas e meia)<\/li><li id=\"u57324-15\">Atividades com fam\u00edlias anfitri\u00e3s<\/li><li id=\"u57324-17\">Guia tur\u00edstico bil\u00edngue (ingl\u00eas\/espanhol)<\/li><li id=\"u57324-19\">1 caf\u00e9 da manh\u00e3, 1 almo\u00e7o, 1 jantar<\/li><li id=\"u57324-21\">Uma noite de hospedagem na casa de uma fam\u00edlia local.<\/li><\/ul><p>\u00a0<\/p><p id=\"u57324-25\"><strong>Servi\u00e7os n\u00e3o inclu\u00eddos:<\/strong><\/p><ul id=\"u57324-35\" class=\"list0 nls-None\"><li id=\"u57324-28\">Dicas para guias e equipe de campo<\/li><li id=\"u57324-30\">Almo\u00e7o no segundo dia<\/li><li id=\"u57324-32\">Gastos extras com bebidas, lanches e lembrancinhas.<\/li><li id=\"u57324-34\">Seguro de viagem<\/li><\/ul><p>\u00a0<\/p><p id=\"u57324-38\"><strong>Recomendamos que voc\u00ea traga:<\/strong><\/p><ul id=\"u57324-78\" class=\"list0 nls-None\"><li id=\"u57324-41\">Cal\u00e7ados e sand\u00e1lias de trekking resistentes \u00e0 \u00e1gua<\/li><li id=\"u57324-43\">Roupas quentes (roupa \u00edntima t\u00e9rmica, blusa de l\u00e3, gorro, luvas, meias)<\/li><li id=\"u57324-45\">Jaqueta e cal\u00e7a imperme\u00e1veis ou capa de chuva<\/li><li id=\"u57324-47\">Roupas sint\u00e9ticas ou de algod\u00e3o (meias, cal\u00e7as, shorts, camisetas)<\/li><li id=\"u57324-49\">Chap\u00e9u de sol e \u00f3culos de sol<\/li><li id=\"u57324-51\">Protetor solar<\/li><li id=\"u57324-53\">Repelente de insetos<\/li><li id=\"u57324-55\">Garrafas de \u00e1gua<\/li><li id=\"u57324-57\">Filtro de \u00e1gua (opcional \u2013 \u00e1gua fervida estar\u00e1 dispon\u00edvel em todas as refei\u00e7\u00f5es)<\/li><li id=\"u57324-59\">Medicamentos pessoais<\/li><li id=\"u57324-61\">bast\u00f5es de caminhada<\/li><li id=\"u57324-63\">Toalha<\/li><li id=\"u57324-65\">itens pessoais<\/li><li id=\"u57324-67\">Lanches pessoais<\/li><li id=\"u57324-69\">Lanterna de cabe\u00e7a ou lanterna de m\u00e3o com pilhas sobressalentes<\/li><li id=\"u57324-71\">C\u00e2mera<\/li><li id=\"u57324-73\">Papel higi\u00eanico<\/li><li id=\"u57324-75\">DNI\/Passaporte Original<\/li><li id=\"u57324-77\">Cart\u00e3o de seguro<\/li><\/ul>\t\t\t\t\t\t\t\t<\/div>\n\t\t\t\t<\/div>\n\t\t<div id=\"e-n-tab-content-1394182504\" role=\"tabpanel\" aria-labelledby=\"e-n-tab-title-1394182504\" data-tab-index=\"4\" style=\"--n-tabs-title-order: 4;\" class=\"elementor-element elementor-element-3449c55 e-con-full e-flex wpr-particle-no wpr-jarallax-no wpr-parallax-no wpr-sticky-section-no wpr-equal-height-no e-con e-child\" data-id=\"3449c55\" data-element_type=\"container\" data-e-type=\"container\">\n\t\t\t\t<div class=\"elementor-element elementor-element-2aee766 elementor-widget__width-initial elementor-widget elementor-widget-text-editor\" data-id=\"2aee766\" data-element_type=\"widget\" data-e-type=\"widget\" data-widget_type=\"text-editor.default\">\n\t\t\t\t\t\t\t\t\t<p>\u00a0<\/p><p id=\"u57318-3\"><strong>Pre\u00e7os \u2013\u00a0<span id=\"u57318-2\">Excurs\u00e3o de 2 dias ao Lago Titicaca<\/span><\/strong><\/p><p>\u00a0<\/p><ul id=\"u57318-17\" class=\"list0 nls-None\"><li id=\"u57318-7\"><span id=\"u57318-5\">PRE\u00c7O:\u00a0<\/span>$ 270 USD por pessoa na reserva para 2 pessoas.<\/li><li id=\"u57318-10\"><span id=\"u57318-8\">PRE\u00c7O:\u00a0<\/span>$240 USD por pessoa na reserva para 3 pessoas.<\/li><li id=\"u57318-13\"><span id=\"u57318-11\">PRE\u00c7O:\u00a0<\/span>$210 USD por pessoa para reservas de 4 a 6 pessoas.<\/li><li id=\"u57318-16\"><span id=\"u57318-14\">PRE\u00c7O:\u00a0<\/span>$180USD por pessoa para reservas de 7 a 10 pessoas.<\/li><\/ul>\t\t\t\t\t\t\t\t<\/div>\n\t\t\t\t<\/div>\n\t\t\t\t\t<\/div>\n\t\t<\/div>\n\t\t\t\t\t\t<\/div>\n\t\t\t\t\t<\/div>\n\t\t\t\t<\/div>\n\t\t<div class=\"elementor-element elementor-element-b004eef e-flex e-con-boxed wpr-particle-no wpr-jarallax-no wpr-parallax-no wpr-sticky-section-no wpr-equal-height-no e-con e-parent\" data-id=\"b004eef\" data-element_type=\"container\" data-e-type=\"container\">\n\t\t\t\t\t<div class=\"e-con-inner\">\n\t\t\t\t<div class=\"elementor-element elementor-element-831001b elementor-widget elementor-widget-spacer\" data-id=\"831001b\" data-element_type=\"widget\" data-e-type=\"widget\" data-widget_type=\"spacer.default\">\n\t\t\t\t\t\t\t<div class=\"elementor-spacer\">\n\t\t\t<div class=\"elementor-spacer-inner\"><\/div>\n\t\t<\/div>\n\t\t\t\t\t\t<\/div>\n\t\t\t\t\t<\/div>\n\t\t\t\t<\/div>\n\t\t\t\t<\/div>","protected":false},"excerpt":{"rendered":"<p>Lake Titicaca Tour 2 Days DESCRIPTION: Lake Titicaca Tour 2 days, Titicaca lake is situated on the border between Bolivia and Peru, has its own unique cultures and beauty. You will visit the famous floating islands of Uros which are constructed out of reeds. On Amantani Island you will hike to Pachatata, a sacred site for centuries, and enjoy incredible views of the lake and its islands. A homestay with local families will introduce you to a simple, agricultural life along with their traditional music and dance. Finally, a vist to Takile Island will give you a chance to learn about the local textile industry. \u00a0 Note: Lake Titicaca is situated at 3800m (12,467ft) so we recommend you spend at least a couple of days adjusting to Peru\u2019s high altitude before a visit to Lake Titicaca. Overview Itinerary Included Prices \u00a0 DAY 1:\u00a0Puno \u2013 Uros Islands \u2013 Amantani Island DAY 2:\u00a0Amantani Island \u2013 Takile Island \u2013 Puno \u00a0 Highest Point :\u00a04,115m \/ 13,502ft Walking Distance :\u00a05km \/ 3188ml Difficulty:\u00a01\u00a02\u00a03 4 5 \u00a0 Itinerary \u2013 Lake Titicaca Tour 2 Days \u00a0 DAY 1:\u00a0Puno \u2013 Uros Islands \u2013 Amantani island We leave the hotel at 7:30am and head for the Puno dock to start our boat journey to Amantan\u00ed Island. On the way, we stop by the fascinating floating Islands of Uros. On a guided tour you will learn how these man-made islands were constructed and maintained, and you will be introduced to the local way of life. Beautiful local handicrafts are available if you are interested in collecting a few souvenirs. From there we continue to Amantan\u00ed Island where locals will welcome you into their community and assign you to your host families. After lunch with the host families, we will join them for their regular farming activities. This will give you a feel for life in a rural Andean community, and you will enjoy the beauty of a simple life. Later we will follow the stone pathway through farming fields to the highest point on the island. This lookout point is called \u201cPachatata\u201d (4,115m \/ 13,502ft) and it has been, for many centuries, the sacred place of worship for the people of this community. From this site we will enjoy the view of the magnificent Lake Titicaca and its islands. Back in the village, we will enjoy dinner with our host families. Folk music and dance is an important part of life in the Andes, and after dinner local families and their adopted guests will gather in the \u201csalon communal\u201d. A local group of musicians will play Andean music with their traditional instruments, and you will be invited to join in the joyful dance celebration. If you wish, you can even try on the local dresses, ponchos, and costumes. You will spend the night in the homes of your host families. Meals: L, D Maximum Altitude: 4,115m \/ 13,502ft Minimum altitude: 3,812m \/ 12,507ft Distance Travelled: 40km \/24ml Walking Time: 3 to 4 hours \u00a0 DAY 2:\u00a0Amantani Island \u2013 Takile Island \u2013 Puno After breakfast, we will leave Amantani Island and continue to Taquile. An easy hike will take us to the local community. Here you will enjoy a textile and cultural exhibition. In 2005, Taquile and its textile art were honored by UNESCO as \u201cMasterpieces\u201d of our human heritage. We will have a delicious lunch in a local restaurant on Taquile Island (lunch not included in the tour price). Following lunch, we will make the 45 minute hike down to the main dock where a boat will take us back to Puno and you will be transferred to your hotel. Meals: B Maximum Altitude: 3,950m \/ 12,959ft Minimum altitude: 3,812m \/ 12,507ft Distance Travelled: 45km \/ 27ml Walking Time: 2 Hours \u00a0 Services Included: Pick-up to\/from hotels Entrance fees to Uros, Amantani and Taquile islands Round-trip boat transportation it takes (Puno to Amantani\u00a0 3hours \/ Takile to Puno 2 hours and 1\/2) Activities with host families Bilingual Tour Guide (English\/Spanish) 1 breakfast, 1 lunch, 1 dinner One night lodging at the local family\u00b4s house \u00a0 Services Not Included: Tips for guide and field staff Lunch on Day 2 Extra expenditures for drinks, snacks, souvenirs Travel insurance \u00a0 We Recommend That You Bring: Water-resistant trekking shoes and sandals Warm clothing (thermal underwear, fleece, hat, gloves, socks) Waterproof jacket &amp; pants or rain poncho Synthetic or cotton clothing (socks, trousers, shorts, t-shirts) Sunhat &amp; sunglasses Sun block Insect repellent Water bottles Water filter (optional \u2013 boiled water will be available at all meals) Personal medications Walking poles Towel Personal items Personal snacks Headlamp or flashlight with spare batteries Camera Toilet paper DNI\/Original Passport Insurance card \u00a0 Prices \u2013\u00a0Lake Titicaca Tour 2 Days \u00a0 PRICE:\u00a0$ 270USD per person when booking 2 people PRICE:\u00a0$240 USD per person when booking 3 people PRICE:\u00a0$210 USD per person when booking 4 \u2013 6people PRICE:\u00a0$180USD per person when booking 7-10people \u00a0 DAY 1:\u00a0Puno \u2013 Uros Islands \u2013 Amantani Island DAY 2:\u00a0Amantani Island \u2013 Takile Island \u2013 Puno \u00a0 Highest Point :\u00a04,115m \/ 13,502ft Walking Distance :\u00a05km \/ 3188ml Difficulty:\u00a01\u00a02\u00a03 4 5 \u00a0 Itinerary \u2013 Lake Titicaca Tour 2 Days \u00a0 DAY 1:\u00a0Puno \u2013 Uros Islands \u2013 Amantani island We leave the hotel at 7:30am and head for the Puno dock to start our boat journey to Amantan\u00ed Island. On the way, we stop by the fascinating floating Islands of Uros. On a guided tour you will learn how these man-made islands were constructed and maintained, and you will be introduced to the local way of life. Beautiful local handicrafts are available if you are interested in collecting a few souvenirs. From there we continue to Amantan\u00ed Island where locals will welcome you into their community and assign you to your host families. After lunch with the host families, we will join them for their regular farming activities. This will give you a feel for life in a rural Andean community, and you will enjoy the beauty of a simple life. Later we will follow the stone<\/p>","protected":false},"author":1,"featured_media":0,"parent":0,"menu_order":0,"comment_status":"closed","ping_status":"closed","template":"","meta":{"_eb_attr":"","footnotes":""},"class_list":["post-2262","page","type-page","status-publish","hentry"],"_hostinger_reach_plugin_has_subscription_block":false,"_hostinger_reach_plugin_is_elementor":false,"_links":{"self":[{"href":"https:\/\/apurimacadventures.com\/pt\/wp-json\/wp\/v2\/pages\/2262","targetHints":{"allow":["GET"]}}],"collection":[{"href":"https:\/\/apurimacadventures.com\/pt\/wp-json\/wp\/v2\/pages"}],"about":[{"href":"https:\/\/apurimacadventures.com\/pt\/wp-json\/wp\/v2\/types\/page"}],"author":[{"embeddable":true,"href":"https:\/\/apurimacadventures.com\/pt\/wp-json\/wp\/v2\/users\/1"}],"replies":[{"embeddable":true,"href":"https:\/\/apurimacadventures.com\/pt\/wp-json\/wp\/v2\/comments?post=2262"}],"version-history":[{"count":12,"href":"https:\/\/apurimacadventures.com\/pt\/wp-json\/wp\/v2\/pages\/2262\/revisions"}],"predecessor-version":[{"id":2939,"href":"https:\/\/apurimacadventures.com\/pt\/wp-json\/wp\/v2\/pages\/2262\/revisions\/2939"}],"wp:attachment":[{"href":"https:\/\/apurimacadventures.com\/pt\/wp-json\/wp\/v2\/media?parent=2262"}],"curies":[{"name":"wp","href":"https:\/\/api.w.org\/{rel}","templated":true}]}}