{"id":2245,"date":"2025-11-09T02:31:03","date_gmt":"2025-11-09T02:31:03","guid":{"rendered":"https:\/\/apurimacadventures.com\/?page_id=2245"},"modified":"2025-12-06T13:43:34","modified_gmt":"2025-12-06T13:43:34","slug":"reserva-tambopata-4-dias","status":"publish","type":"page","link":"https:\/\/apurimacadventures.com\/pt\/tambopata-reserve-4-days\/","title":{"rendered":"Reserva Tambopata - 4 dias"},"content":{"rendered":"<div data-elementor-type=\"wp-page\" data-elementor-id=\"2245\" class=\"elementor elementor-2245\" data-elementor-post-type=\"page\">\n\t\t\t\t<div class=\"elementor-element elementor-element-08fadc6 e-con-full e-flex wpr-particle-no wpr-jarallax-no wpr-parallax-no wpr-sticky-section-no e-con e-parent\" data-id=\"08fadc6\" data-element_type=\"container\" data-e-type=\"container\" data-settings=\"{&quot;background_background&quot;:&quot;classic&quot;}\">\n\t\t\t\t<div class=\"elementor-element elementor-element-5b1bc66 elementor-widget elementor-widget-heading\" data-id=\"5b1bc66\" data-element_type=\"widget\" data-e-type=\"widget\" data-widget_type=\"heading.default\">\n\t\t\t\t\t<h2 class=\"elementor-heading-title elementor-size-default\">Reserva Tambopata - 4 dias\n\n\n\n<\/h2>\t\t\t\t<\/div>\n\t\t<div class=\"elementor-element elementor-element-6648a9e e-con-full e-flex wpr-particle-no wpr-jarallax-no wpr-parallax-no wpr-sticky-section-no e-con e-child\" data-id=\"6648a9e\" data-element_type=\"container\" data-e-type=\"container\" data-settings=\"{&quot;background_background&quot;:&quot;classic&quot;}\">\n\t\t\t\t<\/div>\n\t\t\t\t<\/div>\n\t\t<div class=\"elementor-element elementor-element-8620c99 e-flex e-con-boxed wpr-particle-no wpr-jarallax-no wpr-parallax-no wpr-sticky-section-no e-con e-parent\" data-id=\"8620c99\" data-element_type=\"container\" data-e-type=\"container\">\n\t\t\t\t\t<div class=\"e-con-inner\">\n\t\t\t\t<div class=\"elementor-element elementor-element-61ae41f elementor-widget__width-initial elementor-widget elementor-widget-text-editor\" data-id=\"61ae41f\" data-element_type=\"widget\" data-e-type=\"widget\" data-widget_type=\"text-editor.default\">\n\t\t\t\t\t\t\t\t\t<div id=\"u47967-4\" class=\"clearfix colelem shared_content\" data-muse-uid=\"U47967\" data-muse-type=\"txt_frame\" data-ibe-flags=\"txtStyleSrc\" data-sizepolicy=\"fixed\" data-pintopage=\"page_fixedCenter\" data-content-guid=\"u47967-4_content\"><strong>DESCRI\u00c7\u00c3O:<\/strong><div id=\"u57134-4\" class=\"clearfix colelem shared_content\" data-muse-uid=\"U57134\" data-muse-type=\"txt_frame\" data-ibe-flags=\"txtStyleSrc\" data-sizepolicy=\"fixed\" data-pintopage=\"page_fixedCenter\" data-content-guid=\"u57134-4_content\"><p>Reserva Tambopata - 4 dias; A Reserva Tambopata foi criada em 1989 pelo governo peruano. Esta \u00e1rea protegida de 1,5 milh\u00e3o de hectares \u00e9 um destino de ecoturismo. Ela abriga todas as Cataratas Tambopata, em uma das \u00e1reas mais belas e bem preservadas do Peru. Descer o Rio Tambopata de barco \u00e9 uma excelente maneira de admirar a espetacular e exuberante paisagem da floresta tropical e observar a fauna e a flora em suas margens. Voc\u00ea poder\u00e1 ver uma incr\u00edvel variedade de flores, plantas, borboletas, peixes, jacar\u00e9s, on\u00e7as, cobras... Tamb\u00e9m conheceremos as pessoas que vivem nessas terras de forma ancestral, em total harmonia com a natureza desde sempre, contando hist\u00f3rias da selva ao redor da fogueira...<\/p><\/div><\/div>\t\t\t\t\t\t\t\t<\/div>\n\t\t\t\t<div class=\"elementor-element elementor-element-84f5a8a e-n-tabs-mobile elementor-widget elementor-widget-n-tabs\" data-id=\"84f5a8a\" data-element_type=\"widget\" data-e-type=\"widget\" data-settings=\"{&quot;_animation&quot;:&quot;none&quot;,&quot;tabs_justify_horizontal&quot;:&quot;stretch&quot;,&quot;horizontal_scroll&quot;:&quot;disable&quot;}\" data-widget_type=\"nested-tabs.default\">\n\t\t\t\t\t\t\t<div class=\"e-n-tabs\" data-widget-number=\"139418250\" aria-label=\"Pesta\u00f1as. Abre elementos con Intro o Espacio, ci\u00e9rralos con Escape y navega con las fechas.\">\n\t\t\t<div class=\"e-n-tabs-heading\" role=\"tablist\">\n\t\t\t\t\t<button id=\"e-n-tab-title-1394182501\" data-tab-title-id=\"e-n-tab-title-1394182501\" class=\"e-n-tab-title\" aria-selected=\"true\" data-tab-index=\"1\" role=\"tab\" tabindex=\"0\" aria-controls=\"e-n-tab-content-1394182501\" style=\"--n-tabs-title-order: 1;\">\n\t\t\t\t\t\t<span class=\"e-n-tab-title-text\">\n\t\t\t\tVis\u00e3o geral\t\t\t<\/span>\n\t\t<\/button>\n\t\t\t\t<button id=\"e-n-tab-title-1394182502\" data-tab-title-id=\"e-n-tab-title-1394182502\" class=\"e-n-tab-title\" aria-selected=\"false\" data-tab-index=\"2\" role=\"tab\" tabindex=\"-1\" aria-controls=\"e-n-tab-content-1394182502\" style=\"--n-tabs-title-order: 2;\">\n\t\t\t\t\t\t<span class=\"e-n-tab-title-text\">\n\t\t\t\tItiner\u00e1rio\t\t\t<\/span>\n\t\t<\/button>\n\t\t\t\t<button id=\"e-n-tab-title-1394182503\" data-tab-title-id=\"e-n-tab-title-1394182503\" class=\"e-n-tab-title\" aria-selected=\"false\" data-tab-index=\"3\" role=\"tab\" tabindex=\"-1\" aria-controls=\"e-n-tab-content-1394182503\" style=\"--n-tabs-title-order: 3;\">\n\t\t\t\t\t\t<span class=\"e-n-tab-title-text\">\n\t\t\t\tInclu\u00eddo\t\t\t<\/span>\n\t\t<\/button>\n\t\t\t\t<button id=\"e-n-tab-title-1394182504\" data-tab-title-id=\"e-n-tab-title-1394182504\" class=\"e-n-tab-title\" aria-selected=\"false\" data-tab-index=\"4\" role=\"tab\" tabindex=\"-1\" aria-controls=\"e-n-tab-content-1394182504\" style=\"--n-tabs-title-order: 4;\">\n\t\t\t\t\t\t<span class=\"e-n-tab-title-text\">\n\t\t\t\tPre\u00e7os\t\t\t<\/span>\n\t\t<\/button>\n\t\t\t\t\t<\/div>\n\t\t\t<div class=\"e-n-tabs-content\">\n\t\t\t\t<div id=\"e-n-tab-content-1394182501\" role=\"tabpanel\" aria-labelledby=\"e-n-tab-title-1394182501\" data-tab-index=\"1\" style=\"--n-tabs-title-order: 1;\" class=\"e-active elementor-element elementor-element-94e590d e-con-full e-flex wpr-particle-no wpr-jarallax-no wpr-parallax-no wpr-sticky-section-no e-con e-child\" data-id=\"94e590d\" data-element_type=\"container\" data-e-type=\"container\">\n\t\t<div class=\"elementor-element elementor-element-2d751ac e-con-full animated-slow e-flex wpr-particle-no wpr-jarallax-no wpr-parallax-no wpr-sticky-section-no elementor-invisible e-con e-child\" data-id=\"2d751ac\" data-element_type=\"container\" data-e-type=\"container\" data-settings=\"{&quot;background_background&quot;:&quot;classic&quot;,&quot;animation&quot;:&quot;fadeIn&quot;}\">\n\t\t\t\t<\/div>\n\t\t\t\t<div class=\"elementor-element elementor-element-5d20cd5 elementor-widget__width-initial elementor-widget elementor-widget-text-editor\" data-id=\"5d20cd5\" data-element_type=\"widget\" data-e-type=\"widget\" data-widget_type=\"text-editor.default\">\n\t\t\t\t\t\t\t\t\t<ul id=\"u57181-3\" class=\"list0 nls-None\"><li>Este servi\u00e7o inclui traslados do hotel para o aeroporto e do alojamento para a cidade, onde faremos uma breve visita antes de embarcarmos e iniciarmos nossa viagem.<\/li><\/ul><p>\u00a0<\/p><p><strong><span id=\"u57181-5\">Locais visitados:<\/span>\u00a0<\/strong>Reserva Tambopata, Zona Cultural<\/p><p><strong><span id=\"u57181-8\">Estilo da viagem:\u00a0<\/span><\/strong>Passeios na selva<\/p><p><strong><span id=\"u57181-11\">Comprimento                    :\u00a0<\/span><\/strong>4 dias\/3 noites<\/p><p><strong><span id=\"u57181-14\">Frequ\u00eancia:\u00a0<\/span><\/strong>A pedido<\/p><p><strong><span id=\"u57181-17\">Grupo                      :\u00a0<\/span><\/strong>M\u00ednimo de 2 pessoas \/ M\u00e1ximo de 9 pessoas<\/p><p><span id=\"u57181-20\"><strong>Pre\u00e7o                        :<\/strong>\u00a0<\/span>840 USD$<\/p><p><strong><span id=\"u57181-23\">Classifica\u00e7\u00e3o F\u00edsica:\u00a0<\/span><\/strong>2<\/p>\t\t\t\t\t\t\t\t<\/div>\n\t\t\t\t<\/div>\n\t\t<div id=\"e-n-tab-content-1394182502\" role=\"tabpanel\" aria-labelledby=\"e-n-tab-title-1394182502\" data-tab-index=\"2\" style=\"--n-tabs-title-order: 2;\" class=\"elementor-element elementor-element-2d5725f e-con-full e-flex wpr-particle-no wpr-jarallax-no wpr-parallax-no wpr-sticky-section-no e-con e-child\" data-id=\"2d5725f\" data-element_type=\"container\" data-e-type=\"container\">\n\t\t<div class=\"elementor-element elementor-element-2df2eb8 e-con-full animated-slow e-flex wpr-particle-no wpr-jarallax-no wpr-parallax-no wpr-sticky-section-no elementor-invisible e-con e-child\" data-id=\"2df2eb8\" data-element_type=\"container\" data-e-type=\"container\" data-settings=\"{&quot;background_background&quot;:&quot;classic&quot;,&quot;animation&quot;:&quot;fadeIn&quot;}\">\n\t\t\t\t<\/div>\n\t\t\t\t<div class=\"elementor-element elementor-element-5462b0a elementor-widget__width-initial elementor-widget elementor-widget-text-editor\" data-id=\"5462b0a\" data-element_type=\"widget\" data-e-type=\"widget\" data-widget_type=\"text-editor.default\">\n\t\t\t\t\t\t\t\t\t<p>\u00a0<\/p><p id=\"u57191-2\"><strong>Roteiro de 4 dias na Reserva Tambopata:<\/strong><\/p><p>\u00a0<\/p><p id=\"u57191-6\"><span id=\"u57191-4\"><strong>Dia 1:<\/strong>\u00a0<\/span><span id=\"u57191-5\">Nos encontraremos no aeroporto, onde os levaremos at\u00e9 nossa lancha para iniciarmos nossa viagem rio acima, que durar\u00e1 cerca de tr\u00eas horas, at\u00e9 chegarmos \u00e0 pousada. Se o tempo permitir, visitaremos uma comunidade ind\u00edgena antes de embarcarmos para mais duas horas de navega\u00e7\u00e3o. Durante o trajeto, poderemos observar jacar\u00e9s, tartarugas, aves aqu\u00e1ticas, etc., e desfrutar de nosso almo\u00e7o embalado. Ao chegarmos \u00e0 pousada, seremos recebidos com uma bebida. Ap\u00f3s um breve descanso, faremos uma curta caminhada at\u00e9 um pequeno lago, de onde seguiremos em dire\u00e7\u00e3o ao Mirante do P\u00f4r do Sol, a tempo de contemplar um p\u00f4r do sol incr\u00edvel sobre a selva.<\/span><\/p><p id=\"u57191-9\">Ao anoitecer, retornaremos ao barco, munidos de lanternas, para procurar e observar jacar\u00e9s. De volta ao acampamento, jantaremos com os guias bil\u00edngues que residem na regi\u00e3o e ter\u00e3o o maior prazer em responder a quaisquer perguntas que voc\u00ea possa ter sobre a selva amaz\u00f4nica e a reserva Tambopata.<\/p><p>\u00a0<\/p><p id=\"u57191-13\"><strong><span id=\"u57191-11\">Dia 2:\u00a0<\/span><\/strong><span id=\"u57191-12\">Hoje, acordaremos cedo para uma caminhada de aproximadamente 5 quil\u00f4metros com nosso guia at\u00e9 o lago Cocococha. Durante a caminhada, teremos muitas oportunidades para observar diversas plantas, insetos ex\u00f3ticos, borboletas, p\u00e1ssaros multicoloridos, macacos e, com sorte, alguns mam\u00edferos de maior porte. No lago, teremos canoas \u00e0 disposi\u00e7\u00e3o para pequenos passeios e para observar a rica e variada fauna selvagem em suas margens.<\/span><\/p><p id=\"u57191-15\">De volta \u00e0 pousada, almo\u00e7aremos (talvez um pouco tarde) e depois teremos a tarde livre para descansar e aproveitar qualquer atividade independente.<\/p><p>\u00a0<\/p><p id=\"u57191-19\"><strong><span id=\"u57191-17\">Dia 3:\u00a0<\/span><\/strong><span id=\"u57191-18\">Logo pela manh\u00e3, visitaremos o barranco de argila das araras (local onde se re\u00fanem para comer sal ou argila). Tamb\u00e9m podemos visitar um barranco de argila frequentado por araras, mam\u00edferos maiores. \u00c0 tarde, faremos uma caminhada e visitaremos a comunidade ind\u00edgena de La Torre (A Torre), ap\u00f3s o que retornaremos ao nosso acampamento para uma noite tranquila.<\/span><\/p><p>\u00a0<\/p><p id=\"u57191-23\"><strong><span id=\"u57191-21\">Dia 4:<\/span><\/strong><span id=\"u57191-22\"><strong>\u00a0<\/strong>Acordaremos e tomaremos o caf\u00e9 da manh\u00e3 bem cedo antes de partirmos para nossa viagem de volta. Como um \u00faltimo presente, poderemos desfrutar da vista inesquec\u00edvel do nascer do sol sobre a selva. Ao chegarmos em Puerto Maldonado, teremos um traslado que nos levar\u00e1 ao aeroporto para o nosso voo de retorno.<\/span><\/p>\t\t\t\t\t\t\t\t<\/div>\n\t\t\t\t<\/div>\n\t\t<div id=\"e-n-tab-content-1394182503\" role=\"tabpanel\" aria-labelledby=\"e-n-tab-title-1394182503\" data-tab-index=\"3\" style=\"--n-tabs-title-order: 3;\" class=\"elementor-element elementor-element-7c01974 e-con-full e-flex wpr-particle-no wpr-jarallax-no wpr-parallax-no wpr-sticky-section-no e-con e-child\" data-id=\"7c01974\" data-element_type=\"container\" data-e-type=\"container\">\n\t\t<div class=\"elementor-element elementor-element-cf848f1 e-con-full animated-slow e-flex wpr-particle-no wpr-jarallax-no wpr-parallax-no wpr-sticky-section-no elementor-invisible e-con e-child\" data-id=\"cf848f1\" data-element_type=\"container\" data-e-type=\"container\" data-settings=\"{&quot;background_background&quot;:&quot;classic&quot;,&quot;animation&quot;:&quot;fadeIn&quot;}\">\n\t\t\t\t<\/div>\n\t\t\t\t<div class=\"elementor-element elementor-element-8872907 elementor-widget__width-initial elementor-widget elementor-widget-text-editor\" data-id=\"8872907\" data-element_type=\"widget\" data-e-type=\"widget\" data-widget_type=\"text-editor.default\">\n\t\t\t\t\t\t\t\t\t<p id=\"u57187-2\"><strong>Inclu\u00eddo \u2013 Reserva Tambopata por 4 dias<\/strong><\/p><p>\u00a0<\/p><p id=\"u57187-5\"><strong>Inclu\u00eddo:<\/strong><\/p><ul id=\"u57187-25\" class=\"list0 nls-None\"><li id=\"u57187-8\">Transporte<\/li><li id=\"u57187-10\">Barco<\/li><li id=\"u57187-12\">Refei\u00e7\u00f5es durante a viagem<\/li><li id=\"u57187-14\">Entrada para o parque de Tambopata<\/li><li id=\"u57187-16\">\u00d4nibus<\/li><li id=\"u57187-18\">Guia<\/li><li id=\"u57187-20\">Bebidas t\u00edpicas<\/li><li id=\"u57187-22\">Equipamento de acampamento<\/li><li id=\"u57187-24\">Apresentar<\/li><\/ul><p>\u00a0<\/p><p id=\"u57187-28\"><strong>N\u00e3o inclu\u00eddo:<\/strong><\/p><ul id=\"u57187-36\" class=\"list0 nls-None\"><li id=\"u57187-31\">Voos e taxas (os pre\u00e7os variam conforme a \u00e9poca do ano)<\/li><li id=\"u57187-33\">bebidas alco\u00f3licas<\/li><li id=\"u57187-35\">Saco de dormir<\/li><\/ul><p>\u00a0<\/p><p id=\"u57187-39\"><strong>O que levar?<\/strong><\/p><ul id=\"u57187-75\" class=\"list0 nls-None\"><li id=\"u57187-42\">Mochila pequena.<\/li><li id=\"u57187-44\">Saco de dormir.<\/li><li id=\"u57187-46\">Capa de chuva.<\/li><li id=\"u57187-48\">Repelente de mosquitos.<\/li><li id=\"u57187-50\">Camisas de manga comprida.<\/li><li id=\"u57187-52\">Cal\u00e7a.<\/li><li id=\"u57187-54\">roupa de banho.<\/li><li id=\"u57187-56\">Toalha.<\/li><li id=\"u57187-58\">Botas de borracha imperme\u00e1veis (podem ser alugadas no Parque Tambopata).<\/li><li id=\"u57187-60\">Chap\u00e9u.<\/li><li id=\"u57187-62\">Protetor solar.<\/li><li id=\"u57187-64\">Bin\u00f3culos.<\/li><li id=\"u57187-66\">Garrafa de \u00e1gua.<\/li><li id=\"u57187-68\">C\u00e2mera fotogr\u00e1fica.<\/li><li id=\"u57187-70\">Dinheiro nas solas.<\/li><li id=\"u57187-72\">Gel desinfetante para as m\u00e3os.<\/li><li id=\"u57187-74\">Papel higi\u00eanico.<\/li><\/ul>\t\t\t\t\t\t\t\t<\/div>\n\t\t\t\t<\/div>\n\t\t<div id=\"e-n-tab-content-1394182504\" role=\"tabpanel\" aria-labelledby=\"e-n-tab-title-1394182504\" data-tab-index=\"4\" style=\"--n-tabs-title-order: 4;\" class=\"elementor-element elementor-element-3449c55 e-con-full e-flex wpr-particle-no wpr-jarallax-no wpr-parallax-no wpr-sticky-section-no e-con e-child\" data-id=\"3449c55\" data-element_type=\"container\" data-e-type=\"container\">\n\t\t\t\t<div class=\"elementor-element elementor-element-2aee766 elementor-widget__width-initial elementor-widget elementor-widget-text-editor\" data-id=\"2aee766\" data-element_type=\"widget\" data-e-type=\"widget\" data-widget_type=\"text-editor.default\">\n\t\t\t\t\t\t\t\t\t<p>\u00a0<\/p><p id=\"u57185-2\"><strong>Pre\u00e7os \u2013 Reserva Tambopata (4 dias)<\/strong><\/p><p>\u00a0<\/p><ul id=\"u57185-19\" class=\"list0 nls-None\"><li id=\"u57185-6\"><span id=\"u57185-4\">PRE\u00c7O:\u00a0<\/span>840 USD$ por pessoa ao reservar para 2 pessoas.<\/li><li id=\"u57185-9\"><span id=\"u57185-7\">PRE\u00c7O:<\/span>\u00a0780 USD$ por pessoa ao reservar para 3 pessoas.<\/li><li id=\"u57185-12\"><span id=\"u57185-10\">PRE\u00c7O:\u00a0<\/span>730 USD$ por pessoa ao reservar para 4 pessoas.<\/li><li id=\"u57185-15\"><span id=\"u57185-13\">PRE\u00c7O:\u00a0<\/span>680 USD$ por pessoa ao reservar para 5 a 6 pessoas.<\/li><li id=\"u57185-18\"><span id=\"u57185-16\">PRE\u00c7O:<\/span>\u00a0630 USD$ por pessoa ao reservar para 7 a 9 pessoas.<\/li><\/ul>\t\t\t\t\t\t\t\t<\/div>\n\t\t\t\t<\/div>\n\t\t\t\t\t<\/div>\n\t\t<\/div>\n\t\t\t\t\t\t<\/div>\n\t\t\t\t\t<\/div>\n\t\t\t\t<\/div>\n\t\t<div class=\"elementor-element elementor-element-b004eef e-flex e-con-boxed wpr-particle-no wpr-jarallax-no wpr-parallax-no wpr-sticky-section-no e-con e-parent\" data-id=\"b004eef\" data-element_type=\"container\" data-e-type=\"container\">\n\t\t\t\t\t<div class=\"e-con-inner\">\n\t\t\t\t<div class=\"elementor-element elementor-element-831001b elementor-widget elementor-widget-spacer\" data-id=\"831001b\" data-element_type=\"widget\" data-e-type=\"widget\" data-widget_type=\"spacer.default\">\n\t\t\t\t\t\t\t<div class=\"elementor-spacer\">\n\t\t\t<div class=\"elementor-spacer-inner\"><\/div>\n\t\t<\/div>\n\t\t\t\t\t\t<\/div>\n\t\t\t\t\t<\/div>\n\t\t\t\t<\/div>\n\t\t\t\t<\/div>","protected":false},"excerpt":{"rendered":"<p>Tambopata Reserve 4 days DESCRIPTION: Tambopata Reserve 4 days; Tambopata reserve was created in 1989 by the Peruvian government this protected area of 1.5 million hectares is an \u201ceco -tourism\u201d area. It contains all of the Tambopata-falls in one of the most beautiful and best preserved areas of Peru. Going down the Tambopata River by boat is an excellent way to admire the spectacular and luxurious rainforest landscape and observe the fauna and flora at the shores. You will be able to see an incredible amount of flowers, plants, butterflies, fish, caimans, jaguars, snakes \u2026 Also we will meet the people who live on these lands the ancestral way, in total harmony with nature since always, counting tales from the jungle around the campfire\u2026 Overview Itinerary Included Prices This service includes transfers from the hotel to the airport and transfer from the lodge to the city in which we will have a small visit before taking the boat and begin our journey. \u00a0 Locations Visited\u00a0\u00a0 :\u00a0Tambopata Reserve , Cultural Zone Trip Style\u00a0\u00a0\u00a0\u00a0\u00a0\u00a0\u00a0\u00a0\u00a0\u00a0\u00a0\u00a0\u00a0\u00a0\u00a0\u00a0 :\u00a0Jungle Tours Length\u00a0\u00a0\u00a0\u00a0\u00a0\u00a0\u00a0\u00a0\u00a0\u00a0\u00a0\u00a0\u00a0\u00a0\u00a0\u00a0\u00a0\u00a0\u00a0\u00a0 :\u00a04D\/3N Frequency\u00a0\u00a0\u00a0\u00a0\u00a0\u00a0\u00a0\u00a0\u00a0\u00a0\u00a0\u00a0\u00a0\u00a0 :\u00a0Upon Request Group\u00a0\u00a0\u00a0\u00a0\u00a0\u00a0\u00a0\u00a0\u00a0\u00a0\u00a0\u00a0\u00a0\u00a0\u00a0\u00a0\u00a0\u00a0\u00a0\u00a0\u00a0\u00a0 :\u00a02 People min \/ 9 People max Price\u00a0\u00a0\u00a0\u00a0\u00a0\u00a0\u00a0\u00a0\u00a0\u00a0\u00a0\u00a0\u00a0\u00a0\u00a0\u00a0\u00a0\u00a0\u00a0\u00a0\u00a0\u00a0\u00a0\u00a0 :\u00a0840 USD$ Physical Grading\u00a0\u00a0\u00a0\u00a0 :\u00a02 \u00a0 Tambopata Reserve 4 days Itinerary: \u00a0 Day 1:\u00a0We will gather at the airport where we\u2019ll drive you to our motorboat and start our trip up the river for about three hours, until we arrive at the lodge. If the weather allows it we\u2019ll visit a native community before embarking for another two hours of boating. During the journey we\u2019ll be able to see caimans, turtles, aquatic birds, etc. and eat our box-lunch. Arriving at our lodge we\u2019ll have a welcome drink. After, a brief rest we\u2019ll hike the short trail to a small lake from where we\u2019ll continue on towards the Sunset-point, just in time to watch an incredible sunset over the jungle. When it\u2019ll be getting darker we\u2019ll get into our boat once more, armed with torches to seek and observe caimans. Back in the campsite we\u2019ll have diner with the bilingual guides who are resident in this area and will be more than happy to answer any questions you might have concerning the Amazonian jungle and the Tambopata &#8211; reserve. \u00a0 Day 2:\u00a0This will be an early-rise day we\u2019ll start hiking for about 5 kilometers with our guide until the Cocococha &#8211; lake. During this walk we\u2019ll have plenty of opportunity to observe many different plants, exotic insects, butterflies, multi-colored birds, monkeys and with any luck also some of the larger mammalians. On the lake we\u2019ll have some canoes to take some small trips on the water and observe the wealth and variety of wild fauna at the shores. Back at the lodge we\u2019ll have some lunch (maybe a little late) after what we\u2019ll have the afternoon free to rest and enjoy any independent activity. \u00a0 Day 3:\u00a0Early in the morning we\u2019ll have a visit to the parrot\u2019s macaw clay lick (place where they gather to eat salt or clay). We can also visit a macaw clay lick for larger mammalians. In the afternoon-hours we\u2019ll have a walk and visit the native community of La Torre (The Tower) after which we\u2019ll return to our campsite for a quiet night. \u00a0 Day 4:\u00a0We\u2019ll wake up and have breakfast very early in the morning before embarking for our journey back. As a last present we\u2019ll be able to enjoy the unforgettable sight of a sunrise over the jungle. Once in Puerto Maldonado we\u2019ll have a transfer that will bring us to the airport for our flight back. Included \u2013 Tambopata Reserve 4 days \u00a0 Included: Transport Boat Meals during the trip Entrance to the park of Tambopata Bus Guide Typical drinks Camping equipment Lodge \u00a0 Not Included: Flights and taxes (the prices depend of the season) Alcoholic drinks Sleeping bag \u00a0 What to bring? Small backpack. Sleeping bag. Rain poncho. Mosquito repellent. Long-sleeved shirts. Trousers. Swimming clothes. Towel. Waterproof rubber boots (you can rent them in the Tambopata park). Hat. Sun block. Binoculars. Water bottle. Photo camera. Money in soles. Disinfecting gel for the hands. Toilet paper. \u00a0 Prices \u2013 Tambopata Reserve 4 days \u00a0 PRICE:\u00a0840 USD$ per person when booking 2 people PRICE:\u00a0780 USD$ per person when booking 3 people PRICE:\u00a0730 USD$ per person when booking 4 people PRICE:\u00a0680 USD$ per person when booking 5- 6 people PRICE:\u00a0630 USD$ per person when booking 7 -9 people This service includes transfers from the hotel to the airport and transfer from the lodge to the city in which we will have a small visit before taking the boat and begin our journey. \u00a0 Locations Visited\u00a0\u00a0 :\u00a0Tambopata Reserve , Cultural Zone Trip Style\u00a0\u00a0\u00a0\u00a0\u00a0\u00a0\u00a0\u00a0\u00a0\u00a0\u00a0\u00a0\u00a0\u00a0\u00a0\u00a0 :\u00a0Jungle Tours Length\u00a0\u00a0\u00a0\u00a0\u00a0\u00a0\u00a0\u00a0\u00a0\u00a0\u00a0\u00a0\u00a0\u00a0\u00a0\u00a0\u00a0\u00a0\u00a0\u00a0 :\u00a04D\/3N Frequency\u00a0\u00a0\u00a0\u00a0\u00a0\u00a0\u00a0\u00a0\u00a0\u00a0\u00a0\u00a0\u00a0\u00a0 :\u00a0Upon Request Group\u00a0\u00a0\u00a0\u00a0\u00a0\u00a0\u00a0\u00a0\u00a0\u00a0\u00a0\u00a0\u00a0\u00a0\u00a0\u00a0\u00a0\u00a0\u00a0\u00a0\u00a0\u00a0 :\u00a02 People min \/ 9 People max Price\u00a0\u00a0\u00a0\u00a0\u00a0\u00a0\u00a0\u00a0\u00a0\u00a0\u00a0\u00a0\u00a0\u00a0\u00a0\u00a0\u00a0\u00a0\u00a0\u00a0\u00a0\u00a0\u00a0\u00a0 :\u00a0840 USD$ Physical Grading\u00a0\u00a0\u00a0\u00a0 :\u00a02 \u00a0 Tambopata Reserve 4 days Itinerary: \u00a0 Day 1:\u00a0We will gather at the airport where we\u2019ll drive you to our motorboat and start our trip up the river for about three hours, until we arrive at the lodge. If the weather allows it we\u2019ll visit a native community before embarking for another two hours of boating. During the journey we\u2019ll be able to see caimans, turtles, aquatic birds, etc. and eat our box-lunch. Arriving at our lodge we\u2019ll have a welcome drink. After, a brief rest we\u2019ll hike the short trail to a small lake from where we\u2019ll continue on towards the Sunset-point, just in time to watch an incredible sunset over the jungle. When it\u2019ll be getting darker we\u2019ll get into our boat once more, armed with torches to seek and observe caimans. Back in the campsite we\u2019ll have diner with the bilingual guides who are resident in this area and will be more than happy to answer any questions you might have concerning the Amazonian jungle and the Tambopata &#8211; reserve. \u00a0 Day 2:\u00a0This will be an early-rise day we\u2019ll start hiking for about 5 kilometers with our guide until the Cocococha &#8211; lake. During this walk we\u2019ll have plenty of<\/p>","protected":false},"author":1,"featured_media":0,"parent":0,"menu_order":0,"comment_status":"closed","ping_status":"closed","template":"","meta":{"_eb_attr":"","footnotes":""},"class_list":["post-2245","page","type-page","status-publish","hentry"],"_hostinger_reach_plugin_has_subscription_block":false,"_hostinger_reach_plugin_is_elementor":false,"_links":{"self":[{"href":"https:\/\/apurimacadventures.com\/pt\/wp-json\/wp\/v2\/pages\/2245","targetHints":{"allow":["GET"]}}],"collection":[{"href":"https:\/\/apurimacadventures.com\/pt\/wp-json\/wp\/v2\/pages"}],"about":[{"href":"https:\/\/apurimacadventures.com\/pt\/wp-json\/wp\/v2\/types\/page"}],"author":[{"embeddable":true,"href":"https:\/\/apurimacadventures.com\/pt\/wp-json\/wp\/v2\/users\/1"}],"replies":[{"embeddable":true,"href":"https:\/\/apurimacadventures.com\/pt\/wp-json\/wp\/v2\/comments?post=2245"}],"version-history":[{"count":12,"href":"https:\/\/apurimacadventures.com\/pt\/wp-json\/wp\/v2\/pages\/2245\/revisions"}],"predecessor-version":[{"id":2933,"href":"https:\/\/apurimacadventures.com\/pt\/wp-json\/wp\/v2\/pages\/2245\/revisions\/2933"}],"wp:attachment":[{"href":"https:\/\/apurimacadventures.com\/pt\/wp-json\/wp\/v2\/media?parent=2245"}],"curies":[{"name":"wp","href":"https:\/\/api.w.org\/{rel}","templated":true}]}}