{"id":2234,"date":"2025-11-09T02:24:08","date_gmt":"2025-11-09T02:24:08","guid":{"rendered":"https:\/\/apurimacadventures.com\/?page_id=2234"},"modified":"2025-12-06T13:38:11","modified_gmt":"2025-12-06T13:38:11","slug":"excursao-ao-vale-sagrado-minas-de-sal-de-chinchero-moray","status":"publish","type":"page","link":"https:\/\/apurimacadventures.com\/pt\/sacred-valley-tour-chinchero-moray-salt-mines\/","title":{"rendered":"Excurs\u00e3o pelo Vale Sagrado: Chinchero, Moray, Minas de Sal"},"content":{"rendered":"<div data-elementor-type=\"wp-page\" data-elementor-id=\"2234\" class=\"elementor elementor-2234\" data-elementor-post-type=\"page\">\n\t\t\t\t<div class=\"elementor-element elementor-element-08fadc6 e-con-full e-flex wpr-particle-no wpr-jarallax-no wpr-parallax-no wpr-sticky-section-no e-con e-parent\" data-id=\"08fadc6\" data-element_type=\"container\" data-e-type=\"container\" data-settings=\"{&quot;background_background&quot;:&quot;classic&quot;}\">\n\t\t\t\t<div class=\"elementor-element elementor-element-5b1bc66 elementor-widget elementor-widget-heading\" data-id=\"5b1bc66\" data-element_type=\"widget\" data-e-type=\"widget\" data-widget_type=\"heading.default\">\n\t\t\t\t\t<h2 class=\"elementor-heading-title elementor-size-default\">Excurs\u00e3o pelo Vale Sagrado: Chinchero, Moray, Minas de Sal\n\n\n\n<\/h2>\t\t\t\t<\/div>\n\t\t<div class=\"elementor-element elementor-element-6648a9e e-con-full e-flex wpr-particle-no wpr-jarallax-no wpr-parallax-no wpr-sticky-section-no e-con e-child\" data-id=\"6648a9e\" data-element_type=\"container\" data-e-type=\"container\" data-settings=\"{&quot;background_background&quot;:&quot;classic&quot;}\">\n\t\t\t\t<\/div>\n\t\t\t\t<\/div>\n\t\t<div class=\"elementor-element elementor-element-8620c99 e-flex e-con-boxed wpr-particle-no wpr-jarallax-no wpr-parallax-no wpr-sticky-section-no e-con e-parent\" data-id=\"8620c99\" data-element_type=\"container\" data-e-type=\"container\">\n\t\t\t\t\t<div class=\"e-con-inner\">\n\t\t\t\t<div class=\"elementor-element elementor-element-61ae41f elementor-widget__width-initial elementor-widget elementor-widget-text-editor\" data-id=\"61ae41f\" data-element_type=\"widget\" data-e-type=\"widget\" data-widget_type=\"text-editor.default\">\n\t\t\t\t\t\t\t\t\t<div id=\"u47967-4\" class=\"clearfix colelem shared_content\" data-muse-uid=\"U47967\" data-muse-type=\"txt_frame\" data-ibe-flags=\"txtStyleSrc\" data-sizepolicy=\"fixed\" data-pintopage=\"page_fixedCenter\" data-content-guid=\"u47967-4_content\"><strong>DESCRI\u00c7\u00c3O:<\/strong><div id=\"u56120-4\" class=\"clearfix colelem shared_content\" data-muse-uid=\"U56120\" data-muse-type=\"txt_frame\" data-ibe-flags=\"txtStyleSrc\" data-sizepolicy=\"fixed\" data-pintopage=\"page_fixedCenter\" data-content-guid=\"u56120-4_content\"><p>Excurs\u00e3o ao Vale Sagrado; O Vale Sagrado \u00e9 repleto de atra\u00e7\u00f5es hist\u00f3ricas e tradi\u00e7\u00f5es culturais vivas, sendo muito popular entre os visitantes do Peru. Partindo de Cusco, faremos um percurso circular para visitar alguns dos locais mais interessantes deste cora\u00e7\u00e3o da era Inca. Na colorida cidade de Chinchero, voc\u00ea conhecer\u00e1 a cultura da tecelagem \u2013 a prepara\u00e7\u00e3o da l\u00e3, o uso de corantes naturais para tingi-la e o processo de tecelagem para criar belos tecidos. Moray \u00e9 uma s\u00e9rie de terra\u00e7os circulares que serviu como laborat\u00f3rio agr\u00edcola para os Incas, onde eles puderam experimentar diferentes cultivos em microclimas e solos. E as fascinantes Salinas, agora pertencentes \u00e0 comunidade de Maras, ainda est\u00e3o em atividade.<\/p><\/div><\/div>\t\t\t\t\t\t\t\t<\/div>\n\t\t\t\t<div class=\"elementor-element elementor-element-84f5a8a e-n-tabs-mobile elementor-widget elementor-widget-n-tabs\" data-id=\"84f5a8a\" data-element_type=\"widget\" data-e-type=\"widget\" data-settings=\"{&quot;_animation&quot;:&quot;none&quot;,&quot;tabs_justify_horizontal&quot;:&quot;stretch&quot;,&quot;horizontal_scroll&quot;:&quot;disable&quot;}\" data-widget_type=\"nested-tabs.default\">\n\t\t\t\t\t\t\t<div class=\"e-n-tabs\" data-widget-number=\"139418250\" aria-label=\"Abas. Abra os itens com Enter ou Espa\u00e7o, feche com Esc e navegue usando as teclas de seta.\" data-no-translation-aria-label=\"\">\n\t\t\t<div class=\"e-n-tabs-heading\" role=\"tablist\">\n\t\t\t\t\t<button id=\"e-n-tab-title-1394182501\" data-tab-title-id=\"e-n-tab-title-1394182501\" class=\"e-n-tab-title\" aria-selected=\"true\" data-tab-index=\"1\" role=\"tab\" tabindex=\"0\" aria-controls=\"e-n-tab-content-1394182501\" style=\"--n-tabs-title-order: 1;\">\n\t\t\t\t\t\t<span class=\"e-n-tab-title-text\">\n\t\t\t\tVis\u00e3o geral\t\t\t<\/span>\n\t\t<\/button>\n\t\t\t\t<button id=\"e-n-tab-title-1394182502\" data-tab-title-id=\"e-n-tab-title-1394182502\" class=\"e-n-tab-title\" aria-selected=\"false\" data-tab-index=\"2\" role=\"tab\" tabindex=\"-1\" aria-controls=\"e-n-tab-content-1394182502\" style=\"--n-tabs-title-order: 2;\">\n\t\t\t\t\t\t<span class=\"e-n-tab-title-text\">\n\t\t\t\tItiner\u00e1rio\t\t\t<\/span>\n\t\t<\/button>\n\t\t\t\t<button id=\"e-n-tab-title-1394182503\" data-tab-title-id=\"e-n-tab-title-1394182503\" class=\"e-n-tab-title\" aria-selected=\"false\" data-tab-index=\"3\" role=\"tab\" tabindex=\"-1\" aria-controls=\"e-n-tab-content-1394182503\" style=\"--n-tabs-title-order: 3;\">\n\t\t\t\t\t\t<span class=\"e-n-tab-title-text\">\n\t\t\t\tInclu\u00eddo\t\t\t<\/span>\n\t\t<\/button>\n\t\t\t\t<button id=\"e-n-tab-title-1394182504\" data-tab-title-id=\"e-n-tab-title-1394182504\" class=\"e-n-tab-title\" aria-selected=\"false\" data-tab-index=\"4\" role=\"tab\" tabindex=\"-1\" aria-controls=\"e-n-tab-content-1394182504\" style=\"--n-tabs-title-order: 4;\">\n\t\t\t\t\t\t<span class=\"e-n-tab-title-text\">\n\t\t\t\tPre\u00e7os\t\t\t<\/span>\n\t\t<\/button>\n\t\t\t\t\t<\/div>\n\t\t\t<div class=\"e-n-tabs-content\">\n\t\t\t\t<div id=\"e-n-tab-content-1394182501\" role=\"tabpanel\" aria-labelledby=\"e-n-tab-title-1394182501\" data-tab-index=\"1\" style=\"--n-tabs-title-order: 1;\" class=\"e-active elementor-element elementor-element-94e590d e-con-full e-flex wpr-particle-no wpr-jarallax-no wpr-parallax-no wpr-sticky-section-no e-con e-child\" data-id=\"94e590d\" data-element_type=\"container\" data-e-type=\"container\">\n\t\t<div class=\"elementor-element elementor-element-2d751ac e-con-full animated-slow e-flex wpr-particle-no wpr-jarallax-no wpr-parallax-no wpr-sticky-section-no elementor-invisible e-con e-child\" data-id=\"2d751ac\" data-element_type=\"container\" data-e-type=\"container\" data-settings=\"{&quot;background_background&quot;:&quot;classic&quot;,&quot;animation&quot;:&quot;fadeIn&quot;}\">\n\t\t\t\t<\/div>\n\t\t\t\t<div class=\"elementor-element elementor-element-5d20cd5 elementor-widget__width-initial elementor-widget elementor-widget-text-editor\" data-id=\"5d20cd5\" data-element_type=\"widget\" data-e-type=\"widget\" data-widget_type=\"text-editor.default\">\n\t\t\t\t\t\t\t\t\t<p>\u00a0<\/p><p><strong><span id=\"u56131\">Locais visitados:\u00a0<\/span><\/strong>Chinchero, Maras Moray, Mina de Sal (salineras)<\/p><p><strong><span id=\"u56131-4\">Estilo da viagem:\u00a0<\/span><\/strong>passeios culturais<\/p><p><strong><span id=\"u56131-7\">Comprimento                    :\u00a0<\/span><\/strong>Dia inteiro<\/p><p><span id=\"u56131-10\"><strong>Frequ\u00eancia:<\/strong>\u00a0<\/span>A pedido<\/p><p><span id=\"u56131-13\"><strong>Grupo                      :<\/strong>\u00a0<\/span>M\u00ednimo de 2 pessoas \/ M\u00e1ximo de 9 pessoas<\/p><p><strong><span id=\"u56131-16\">Pre\u00e7o                        :\u00a0<\/span><\/strong>125 USD$<\/p><p><strong><span id=\"u56131-19\">Classifica\u00e7\u00e3o F\u00edsica:\u00a0<\/span><\/strong>2<\/p>\t\t\t\t\t\t\t\t<\/div>\n\t\t\t\t<\/div>\n\t\t<div id=\"e-n-tab-content-1394182502\" role=\"tabpanel\" aria-labelledby=\"e-n-tab-title-1394182502\" data-tab-index=\"2\" style=\"--n-tabs-title-order: 2;\" class=\"elementor-element elementor-element-2d5725f e-con-full e-flex wpr-particle-no wpr-jarallax-no wpr-parallax-no wpr-sticky-section-no e-con e-child\" data-id=\"2d5725f\" data-element_type=\"container\" data-e-type=\"container\">\n\t\t<div class=\"elementor-element elementor-element-2df2eb8 e-con-full animated-slow e-flex wpr-particle-no wpr-jarallax-no wpr-parallax-no wpr-sticky-section-no elementor-invisible e-con e-child\" data-id=\"2df2eb8\" data-element_type=\"container\" data-e-type=\"container\" data-settings=\"{&quot;background_background&quot;:&quot;classic&quot;,&quot;animation&quot;:&quot;fadeIn&quot;}\">\n\t\t\t\t<\/div>\n\t\t\t\t<div class=\"elementor-element elementor-element-5462b0a elementor-widget__width-initial elementor-widget elementor-widget-text-editor\" data-id=\"5462b0a\" data-element_type=\"widget\" data-e-type=\"widget\" data-widget_type=\"text-editor.default\">\n\t\t\t\t\t\t\t\t\t<p>\u00a0<\/p><p id=\"u56135-2\"><strong>Roteiro \u2013 Excurs\u00e3o pelo Vale Sagrado: Chinchero, Moray, Minas de Sal<\/strong><\/p><p>\u00a0<\/p><p id=\"u56135-5\">Buscamos voc\u00ea em seu hotel para iniciar nosso passeio pelo Vale Sagrado. No caminho para Chinchero, voc\u00ea ver\u00e1 os moradores locais cultivando a terra e cuidando dos animais, como fazem h\u00e1 s\u00e9culos. Em Chinchero, onde a vida se organiza em torno de cooperativas de tecelagem, voc\u00ea ser\u00e1 recebido nos complexos agr\u00edcolas, onde os moradores explicar\u00e3o suas pr\u00e1ticas. Em seguida, faremos uma parada fascinante para conhecer o complexo agr\u00edcola de Moray e, finalmente, visitaremos a cidade de Maras e as salinas. Ao final do passeio, retornaremos ao seu hotel em Cusco.<\/p>\t\t\t\t\t\t\t\t<\/div>\n\t\t\t\t<\/div>\n\t\t<div id=\"e-n-tab-content-1394182503\" role=\"tabpanel\" aria-labelledby=\"e-n-tab-title-1394182503\" data-tab-index=\"3\" style=\"--n-tabs-title-order: 3;\" class=\"elementor-element elementor-element-7c01974 e-con-full e-flex wpr-particle-no wpr-jarallax-no wpr-parallax-no wpr-sticky-section-no e-con e-child\" data-id=\"7c01974\" data-element_type=\"container\" data-e-type=\"container\">\n\t\t<div class=\"elementor-element elementor-element-cf848f1 e-con-full animated-slow e-flex wpr-particle-no wpr-jarallax-no wpr-parallax-no wpr-sticky-section-no elementor-invisible e-con e-child\" data-id=\"cf848f1\" data-element_type=\"container\" data-e-type=\"container\" data-settings=\"{&quot;background_background&quot;:&quot;classic&quot;,&quot;animation&quot;:&quot;fadeIn&quot;}\">\n\t\t\t\t<\/div>\n\t\t\t\t<div class=\"elementor-element elementor-element-8872907 elementor-widget__width-initial elementor-widget elementor-widget-text-editor\" data-id=\"8872907\" data-element_type=\"widget\" data-e-type=\"widget\" data-widget_type=\"text-editor.default\">\n\t\t\t\t\t\t\t\t\t<p id=\"u56127-2\">\u00a0<\/p><p id=\"u56127-5\"><strong>O TOUR INCLUI:<\/strong><\/p><ul id=\"u56127-15\" class=\"list0 nls-None\"><li id=\"u56127-8\">Excelente guia particular (ingl\u00eas e espanhol)<\/li><li id=\"u56127-10\">Transporte tur\u00edstico privado<\/li><li id=\"u56127-12\">Taxa de entrada para s\u00edtios arqueol\u00f3gicos e mina de sal.<\/li><li id=\"u56127-14\">Todos os impostos locais<\/li><\/ul><p>\u00a0<\/p><p id=\"u56127-18\"><strong>PASSEIO N\u00c3O INCLUSO.<\/strong><\/p><ul id=\"u56127-24\" class=\"list0 nls-None\"><li id=\"u56127-21\">Almo\u00e7o<\/li><li id=\"u56127-23\">Bebidas<\/li><\/ul><p>\u00a0<\/p><p id=\"u56127-27\"><strong>O QUE VOC\u00ca PRECISA TRAZER:<\/strong><\/p><ul id=\"u56127-45\" class=\"list0 nls-None\"><li id=\"u56127-30\">Mochila confort\u00e1vel para o dia a dia (para transportar seus pertences pessoais)<\/li><li id=\"u56127-32\">Botas de caminhada mais leves (com bom suporte para o tornozelo)<\/li><li id=\"u56127-34\">Jaqueta imperme\u00e1vel\/capa de chuva (dependendo das condi\u00e7\u00f5es clim\u00e1ticas)<\/li><li id=\"u56127-36\">Jaqueta quente<\/li><li id=\"u56127-38\">Camisetas\/Cal\u00e7as confort\u00e1veis\/Chap\u00e9u de sol<\/li><li id=\"u56127-40\">Corta-vento (depende das condi\u00e7\u00f5es meteorol\u00f3gicas)<\/li><li id=\"u56127-42\">Protetor solar (recomenda-se FPS 45 ou superior)<\/li><li id=\"u56127-44\">chap\u00e9u de sol, \u00f3culos de sol<\/li><\/ul>\t\t\t\t\t\t\t\t<\/div>\n\t\t\t\t<\/div>\n\t\t<div id=\"e-n-tab-content-1394182504\" role=\"tabpanel\" aria-labelledby=\"e-n-tab-title-1394182504\" data-tab-index=\"4\" style=\"--n-tabs-title-order: 4;\" class=\"elementor-element elementor-element-3449c55 e-con-full e-flex wpr-particle-no wpr-jarallax-no wpr-parallax-no wpr-sticky-section-no e-con e-child\" data-id=\"3449c55\" data-element_type=\"container\" data-e-type=\"container\">\n\t\t\t\t<div class=\"elementor-element elementor-element-2aee766 elementor-widget__width-initial elementor-widget elementor-widget-text-editor\" data-id=\"2aee766\" data-element_type=\"widget\" data-e-type=\"widget\" data-widget_type=\"text-editor.default\">\n\t\t\t\t\t\t\t\t\t<p>\u00a0<\/p><p id=\"u56137-2\"><strong>Pre\u00e7os \u2013 Excurs\u00e3o pelo Vale Sagrado: Chinchero, Moray, Minas de Sal<\/strong><\/p><p>\u00a0<\/p><ul id=\"u56137-19\" class=\"list0 nls-None\"><li id=\"u56137-6\"><span id=\"u56137-4\">PRE\u00c7O:<\/span>\u00a0125 USD$ por pessoa na reserva para 2 pessoas.<\/li><li id=\"u56137-9\"><span id=\"u56137-7\">PRE\u00c7O:<\/span>\u00a0115 USD$ por pessoa ao reservar para 3 pessoas.<\/li><li id=\"u56137-12\"><span id=\"u56137-10\">PRE\u00c7O:<\/span>\u00a0105 USD$ por pessoa ao reservar para 4 pessoas.<\/li><li id=\"u56137-15\"><span id=\"u56137-13\">PRE\u00c7O:\u00a0<\/span>90 USD$ por pessoa ao reservar para 5 a 6 pessoas.<\/li><li id=\"u56137-18\"><span id=\"u56137-16\">PRE\u00c7O:<\/span>\u00a080 USD$ por pessoa ao reservar para 7 a 10 pessoas.<\/li><\/ul>\t\t\t\t\t\t\t\t<\/div>\n\t\t\t\t<\/div>\n\t\t\t\t\t<\/div>\n\t\t<\/div>\n\t\t\t\t\t\t<\/div>\n\t\t\t\t\t<\/div>\n\t\t\t\t<\/div>\n\t\t<div class=\"elementor-element elementor-element-b004eef e-flex e-con-boxed wpr-particle-no wpr-jarallax-no wpr-parallax-no wpr-sticky-section-no e-con e-parent\" data-id=\"b004eef\" data-element_type=\"container\" data-e-type=\"container\">\n\t\t\t\t\t<div class=\"e-con-inner\">\n\t\t\t\t<div class=\"elementor-element elementor-element-831001b elementor-widget elementor-widget-spacer\" data-id=\"831001b\" data-element_type=\"widget\" data-e-type=\"widget\" data-widget_type=\"spacer.default\">\n\t\t\t\t\t\t\t<div class=\"elementor-spacer\">\n\t\t\t<div class=\"elementor-spacer-inner\"><\/div>\n\t\t<\/div>\n\t\t\t\t\t\t<\/div>\n\t\t\t\t\t<\/div>\n\t\t\t\t<\/div>\n\t\t\t\t<\/div>","protected":false},"excerpt":{"rendered":"<p>Sacred Valley Tour: Chinchero, Moray, Salt Mines DESCRIPTION: Sacred valley Tour; The Sacred Valley is filled with a mix of historical attractions and living cultural traditions, and it is very popular with visitors to Peru. From Cusco we will drive in a loop to visit some of the most interesting sites in this heartland of the Incas. In the colorful town of Chinchero you will be introduced to the weaving culture \u2013 the preparation of the wool, how they use natural dyes to color the wool, and the weaving process to create beautiful textiles. Moray is a series of circular terraces that served as an agricultural laboratory for the Incas, where they were able to experiment with crops in different microclimates and soils. And the fascinating Salt Mines, now owned by the community of Maras, are still active today. Overview Itinerary Included Prices \u00a0 Locations Visited\u00a0\u00a0 :\u00a0Chinchero, Maras Moray, Salt Mine (salineras) Trip Style\u00a0\u00a0\u00a0\u00a0\u00a0\u00a0\u00a0\u00a0\u00a0\u00a0\u00a0\u00a0\u00a0\u00a0\u00a0\u00a0 :\u00a0cultural tours Length\u00a0\u00a0\u00a0\u00a0\u00a0\u00a0\u00a0\u00a0\u00a0\u00a0\u00a0\u00a0\u00a0\u00a0\u00a0\u00a0\u00a0\u00a0\u00a0\u00a0 :\u00a0Full Day Frequency\u00a0\u00a0\u00a0\u00a0\u00a0\u00a0\u00a0\u00a0\u00a0\u00a0\u00a0\u00a0\u00a0\u00a0 :\u00a0Upon Request Group\u00a0\u00a0\u00a0\u00a0\u00a0\u00a0\u00a0\u00a0\u00a0\u00a0\u00a0\u00a0\u00a0\u00a0\u00a0\u00a0\u00a0\u00a0\u00a0\u00a0\u00a0\u00a0 :\u00a02 People min \/ 9 People max Price\u00a0\u00a0\u00a0\u00a0\u00a0\u00a0\u00a0\u00a0\u00a0\u00a0\u00a0\u00a0\u00a0\u00a0\u00a0\u00a0\u00a0\u00a0\u00a0\u00a0\u00a0\u00a0\u00a0\u00a0 :\u00a0125 USD$ Physical Grading\u00a0\u00a0\u00a0\u00a0 :\u00a02 \u00a0 Itinerary \u2013 Sacred Valley Tour: Chinchero, Moray, Salt Mines \u00a0 We pick you up from your hotel to start our Sacred Valley tour. On our way to Chinchero you will see locals farming and tending animals as they have for centuries. In Chinchero, where life is organized around weaving cooperatives, you will be welcomed into the compounds where they will explain their practices. Next will be a fascinating stop to learn about the Moray agricultural complex, and, finally, you will visit the\u00a0 Maras\u00a0 Town and the Salt Mines. At the end of the tour we will return you to your hotel in Cusco. \u00a0 TOUR INCLUDED: Excellent private guide (English and Spanish) Pr\u00edvate tourist transport Entrance fee to archeological sites and salt mine All local taxes \u00a0 TOUR NOT INCLUDED. Lunch Drinks \u00a0 WHAT YOU NEED TO BRING: Comfortable day backpack (to carry your personal belongings) Lighter trekking boots (with good ankle support) Waterproof jacket\/rain poncho (depends on weather conditions) Warm jacket T-shirts\/Comfortable trousers\/Sun hat Windbreaker (depends on weather conditions) Sun protection cream (SPF 45 or higher recommended) sun hat, sun glasses \u00a0 Prices \u2013 Sacred Valley Tour: Chinchero, Moray, Salt Mines \u00a0 PRICE:\u00a0125 USD$ per person when booking 2 people PRICE:\u00a0115 USD$ per person when booking 3 people PRICE:\u00a0105 USD$ per person when booking 4 people PRICE:\u00a090 USD$ per person when booking 5- 6 people PRICE:\u00a080 USD$ per person when booking 7 -10 people \u00a0 Locations Visited\u00a0\u00a0 :\u00a0Chinchero, Maras Moray, Salt Mine (salineras) Trip Style\u00a0\u00a0\u00a0\u00a0\u00a0\u00a0\u00a0\u00a0\u00a0\u00a0\u00a0\u00a0\u00a0\u00a0\u00a0\u00a0 :\u00a0cultural tours Length\u00a0\u00a0\u00a0\u00a0\u00a0\u00a0\u00a0\u00a0\u00a0\u00a0\u00a0\u00a0\u00a0\u00a0\u00a0\u00a0\u00a0\u00a0\u00a0\u00a0 :\u00a0Full Day Frequency\u00a0\u00a0\u00a0\u00a0\u00a0\u00a0\u00a0\u00a0\u00a0\u00a0\u00a0\u00a0\u00a0\u00a0 :\u00a0Upon Request Group\u00a0\u00a0\u00a0\u00a0\u00a0\u00a0\u00a0\u00a0\u00a0\u00a0\u00a0\u00a0\u00a0\u00a0\u00a0\u00a0\u00a0\u00a0\u00a0\u00a0\u00a0\u00a0 :\u00a02 People min \/ 9 People max Price\u00a0\u00a0\u00a0\u00a0\u00a0\u00a0\u00a0\u00a0\u00a0\u00a0\u00a0\u00a0\u00a0\u00a0\u00a0\u00a0\u00a0\u00a0\u00a0\u00a0\u00a0\u00a0\u00a0\u00a0 :\u00a0125 USD$ Physical Grading\u00a0\u00a0\u00a0\u00a0 :\u00a02 \u00a0 Itinerary \u2013 Sacred Valley Tour: Chinchero, Moray, Salt Mines \u00a0 We pick you up from your hotel to start our Sacred Valley tour. On our way to Chinchero you will see locals farming and tending animals as they have for centuries. In Chinchero, where life is organized around weaving cooperatives, you will be welcomed into the compounds where they will explain their practices. Next will be a fascinating stop to learn about the Moray agricultural complex, and, finally, you will visit the\u00a0 Maras\u00a0 Town and the Salt Mines. At the end of the tour we will return you to your hotel in Cusco. \u00a0 TOUR INCLUDED: Excellent private guide (English and Spanish) Pr\u00edvate tourist transport Entrance fee to archeological sites and salt mine All local taxes \u00a0 TOUR NOT INCLUDED. Lunch Drinks \u00a0 WHAT YOU NEED TO BRING: Comfortable day backpack (to carry your personal belongings) Lighter trekking boots (with good ankle support) Waterproof jacket\/rain poncho (depends on weather conditions) Warm jacket T-shirts\/Comfortable trousers\/Sun hat Windbreaker (depends on weather conditions) Sun protection cream (SPF 45 or higher recommended) sun hat, sun glasses \u00a0 Prices \u2013 Sacred Valley Tour: Chinchero, Moray, Salt Mines \u00a0 PRICE:\u00a0125 USD$ per person when booking 2 people PRICE:\u00a0115 USD$ per person when booking 3 people PRICE:\u00a0105 USD$ per person when booking 4 people PRICE:\u00a090 USD$ per person when booking 5- 6 people PRICE:\u00a080 USD$ per person when booking 7 -10 people<\/p>","protected":false},"author":1,"featured_media":0,"parent":0,"menu_order":0,"comment_status":"closed","ping_status":"closed","template":"","meta":{"_eb_attr":"","footnotes":""},"class_list":["post-2234","page","type-page","status-publish","hentry"],"_hostinger_reach_plugin_has_subscription_block":false,"_hostinger_reach_plugin_is_elementor":false,"_links":{"self":[{"href":"https:\/\/apurimacadventures.com\/pt\/wp-json\/wp\/v2\/pages\/2234","targetHints":{"allow":["GET"]}}],"collection":[{"href":"https:\/\/apurimacadventures.com\/pt\/wp-json\/wp\/v2\/pages"}],"about":[{"href":"https:\/\/apurimacadventures.com\/pt\/wp-json\/wp\/v2\/types\/page"}],"author":[{"embeddable":true,"href":"https:\/\/apurimacadventures.com\/pt\/wp-json\/wp\/v2\/users\/1"}],"replies":[{"embeddable":true,"href":"https:\/\/apurimacadventures.com\/pt\/wp-json\/wp\/v2\/comments?post=2234"}],"version-history":[{"count":12,"href":"https:\/\/apurimacadventures.com\/pt\/wp-json\/wp\/v2\/pages\/2234\/revisions"}],"predecessor-version":[{"id":2930,"href":"https:\/\/apurimacadventures.com\/pt\/wp-json\/wp\/v2\/pages\/2234\/revisions\/2930"}],"wp:attachment":[{"href":"https:\/\/apurimacadventures.com\/pt\/wp-json\/wp\/v2\/media?parent=2234"}],"curies":[{"name":"wp","href":"https:\/\/api.w.org\/{rel}","templated":true}]}}