{"id":2226,"date":"2025-11-09T02:20:58","date_gmt":"2025-11-09T02:20:58","guid":{"rendered":"https:\/\/apurimacadventures.com\/?page_id=2226"},"modified":"2025-12-06T13:34:06","modified_gmt":"2025-12-06T13:34:06","slug":"sacred-valley-extended-chinchero-moray-salt-mines-pisac","status":"publish","type":"page","link":"https:\/\/apurimacadventures.com\/pt\/sacred-valley-extended-chinchero-moray-salt-mines-pisac\/","title":{"rendered":"Vale Sagrado Ampliado: Chinchero, Moray, Minas de Sal, Pisac"},"content":{"rendered":"<div data-elementor-type=\"wp-page\" data-elementor-id=\"2226\" class=\"elementor elementor-2226\" data-elementor-post-type=\"page\">\n\t\t\t\t<div class=\"elementor-element elementor-element-08fadc6 e-con-full e-flex wpr-particle-no wpr-jarallax-no wpr-parallax-no wpr-sticky-section-no wpr-equal-height-no e-con e-parent\" data-id=\"08fadc6\" data-element_type=\"container\" data-e-type=\"container\" data-settings=\"{&quot;background_background&quot;:&quot;classic&quot;}\">\n\t\t\t\t<div class=\"elementor-element elementor-element-5b1bc66 elementor-widget elementor-widget-heading\" data-id=\"5b1bc66\" data-element_type=\"widget\" data-e-type=\"widget\" data-widget_type=\"heading.default\">\n\t\t\t\t\t<h2 class=\"elementor-heading-title elementor-size-default\">Vale Sagrado Ampliado: Chinchero, Moray, Minas de Sal, Pisac\n\n\n\n<\/h2>\t\t\t\t<\/div>\n\t\t<div class=\"elementor-element elementor-element-6648a9e e-con-full e-flex wpr-particle-no wpr-jarallax-no wpr-parallax-no wpr-sticky-section-no wpr-equal-height-no e-con e-child\" data-id=\"6648a9e\" data-element_type=\"container\" data-e-type=\"container\" data-settings=\"{&quot;background_background&quot;:&quot;classic&quot;}\">\n\t\t\t\t<\/div>\n\t\t\t\t<\/div>\n\t\t<div class=\"elementor-element elementor-element-8620c99 e-flex e-con-boxed wpr-particle-no wpr-jarallax-no wpr-parallax-no wpr-sticky-section-no wpr-equal-height-no e-con e-parent\" data-id=\"8620c99\" data-element_type=\"container\" data-e-type=\"container\">\n\t\t\t\t\t<div class=\"e-con-inner\">\n\t\t\t\t<div class=\"elementor-element elementor-element-61ae41f elementor-widget__width-initial elementor-widget elementor-widget-text-editor\" data-id=\"61ae41f\" data-element_type=\"widget\" data-e-type=\"widget\" data-widget_type=\"text-editor.default\">\n\t\t\t\t\t\t\t\t\t<div id=\"u47967-4\" class=\"clearfix colelem shared_content\" data-muse-uid=\"U47967\" data-muse-type=\"txt_frame\" data-ibe-flags=\"txtStyleSrc\" data-sizepolicy=\"fixed\" data-pintopage=\"page_fixedCenter\" data-content-guid=\"u47967-4_content\"><strong>DESCRI\u00c7\u00c3O:<\/strong><div id=\"u55704-4\" class=\"clearfix colelem shared_content\" data-muse-uid=\"U55704\" data-muse-type=\"txt_frame\" data-ibe-flags=\"txtStyleSrc\" data-sizepolicy=\"fixed\" data-pintopage=\"page_fixedCenter\" data-content-guid=\"u55704-4_content\"><p>Este passeio &quot;estendido&quot; come\u00e7a da mesma forma que nosso passeio padr\u00e3o pelo Vale Sagrado, mas inclui a visita ao s\u00edtio arqueol\u00f3gico de Pisac. A visita come\u00e7a com a visita \u00e0 colorida vila de tecelagem de Chinchero, onde voc\u00ea aprender\u00e1 sobre o processo de prepara\u00e7\u00e3o e tingimento da l\u00e3 para os tecidos tradicionais. Em seguida, visitaremos Moray, o mais antigo laborat\u00f3rio agr\u00edcola conhecido, onde os antigos incas experimentavam diferentes microclimas e solos para melhorar suas colheitas. Depois, visitaremos Maras e as Salinas, onde voc\u00ea aprender\u00e1 sobre o processo natural de extra\u00e7\u00e3o de sal. Ap\u00f3s um delicioso almo\u00e7o em Urubamba, seguiremos para o s\u00edtio arqueol\u00f3gico de Pisac. Al\u00e9m das fascinantes estruturas e extensos terra\u00e7os agr\u00edcolas, Pisac abriga o maior cemit\u00e9rio inca de todo o Peru. Para completar, voc\u00ea desfrutar\u00e1 de vistas deslumbrantes dos Andes com majestosas montanhas nevadas, tornando este um dia perfeito no Peru!<\/p><\/div><\/div>\t\t\t\t\t\t\t\t<\/div>\n\t\t\t\t<div class=\"elementor-element elementor-element-84f5a8a e-n-tabs-mobile elementor-widget elementor-widget-n-tabs\" data-id=\"84f5a8a\" data-element_type=\"widget\" data-e-type=\"widget\" data-settings=\"{&quot;_animation&quot;:&quot;none&quot;,&quot;tabs_justify_horizontal&quot;:&quot;stretch&quot;,&quot;horizontal_scroll&quot;:&quot;disable&quot;}\" data-widget_type=\"nested-tabs.default\">\n\t\t\t\t\t\t\t<div class=\"e-n-tabs\" data-widget-number=\"139418250\" aria-label=\"Abas. Abra os itens com Enter ou Espa\u00e7o, feche com Esc e navegue usando as teclas de seta.\">\n\t\t\t<div class=\"e-n-tabs-heading\" role=\"tablist\">\n\t\t\t\t\t<button id=\"e-n-tab-title-1394182501\" data-tab-title-id=\"e-n-tab-title-1394182501\" class=\"e-n-tab-title\" aria-selected=\"true\" data-tab-index=\"1\" role=\"tab\" tabindex=\"0\" aria-controls=\"e-n-tab-content-1394182501\" style=\"--n-tabs-title-order: 1;\">\n\t\t\t\t\t\t<span class=\"e-n-tab-title-text\">\n\t\t\t\tVis\u00e3o geral\t\t\t<\/span>\n\t\t<\/button>\n\t\t\t\t<button id=\"e-n-tab-title-1394182502\" data-tab-title-id=\"e-n-tab-title-1394182502\" class=\"e-n-tab-title\" aria-selected=\"false\" data-tab-index=\"2\" role=\"tab\" tabindex=\"-1\" aria-controls=\"e-n-tab-content-1394182502\" style=\"--n-tabs-title-order: 2;\">\n\t\t\t\t\t\t<span class=\"e-n-tab-title-text\">\n\t\t\t\tItiner\u00e1rio\t\t\t<\/span>\n\t\t<\/button>\n\t\t\t\t<button id=\"e-n-tab-title-1394182503\" data-tab-title-id=\"e-n-tab-title-1394182503\" class=\"e-n-tab-title\" aria-selected=\"false\" data-tab-index=\"3\" role=\"tab\" tabindex=\"-1\" aria-controls=\"e-n-tab-content-1394182503\" style=\"--n-tabs-title-order: 3;\">\n\t\t\t\t\t\t<span class=\"e-n-tab-title-text\">\n\t\t\t\tInclu\u00eddo\t\t\t<\/span>\n\t\t<\/button>\n\t\t\t\t<button id=\"e-n-tab-title-1394182504\" data-tab-title-id=\"e-n-tab-title-1394182504\" class=\"e-n-tab-title\" aria-selected=\"false\" data-tab-index=\"4\" role=\"tab\" tabindex=\"-1\" aria-controls=\"e-n-tab-content-1394182504\" style=\"--n-tabs-title-order: 4;\">\n\t\t\t\t\t\t<span class=\"e-n-tab-title-text\">\n\t\t\t\tPre\u00e7os\t\t\t<\/span>\n\t\t<\/button>\n\t\t\t\t\t<\/div>\n\t\t\t<div class=\"e-n-tabs-content\">\n\t\t\t\t<div id=\"e-n-tab-content-1394182501\" role=\"tabpanel\" aria-labelledby=\"e-n-tab-title-1394182501\" data-tab-index=\"1\" style=\"--n-tabs-title-order: 1;\" class=\"e-active elementor-element elementor-element-94e590d e-con-full e-flex wpr-particle-no wpr-jarallax-no wpr-parallax-no wpr-sticky-section-no wpr-equal-height-no e-con e-child\" data-id=\"94e590d\" data-element_type=\"container\" data-e-type=\"container\">\n\t\t<div class=\"elementor-element elementor-element-2d751ac e-con-full animated-slow e-flex wpr-particle-no wpr-jarallax-no wpr-parallax-no wpr-sticky-section-no wpr-equal-height-no elementor-invisible e-con e-child\" data-id=\"2d751ac\" data-element_type=\"container\" data-e-type=\"container\" data-settings=\"{&quot;background_background&quot;:&quot;classic&quot;,&quot;animation&quot;:&quot;fadeIn&quot;}\">\n\t\t\t\t<\/div>\n\t\t\t\t<div class=\"elementor-element elementor-element-5d20cd5 elementor-widget__width-initial elementor-widget elementor-widget-text-editor\" data-id=\"5d20cd5\" data-element_type=\"widget\" data-e-type=\"widget\" data-widget_type=\"text-editor.default\">\n\t\t\t\t\t\t\t\t\t<p>\u00a0<\/p><p><strong><span id=\"u55698\">Locais visitados:\u00a0<\/span><\/strong>Chinchero, Maras Moray, Minas de Sal, Pisac<\/p><p><span id=\"u55698-4\"><strong>Estilo da viagem:<\/strong>\u00a0\u00a0<\/span>passeios culturais<\/p><p><strong><span id=\"u55698-7\">Comprimento                    :\u00a0<\/span><\/strong>Dia inteiro<\/p><p><span id=\"u55698-10\"><strong>Frequ\u00eancia:<\/strong>\u00a0<\/span>A pedido<\/p><p><strong><span id=\"u55698-13\">Grupo                      :\u00a0<\/span><\/strong>M\u00ednimo de 2 pessoas \/ M\u00e1ximo de 9 pessoas<\/p><p><span id=\"u55698-16\"><strong>Pre\u00e7o                        :<\/strong>\u00a0<\/span>140 USD$<\/p><p><strong><span id=\"u55698-19\">Classifica\u00e7\u00e3o F\u00edsica:\u00a0<\/span>2<\/strong><\/p>\t\t\t\t\t\t\t\t<\/div>\n\t\t\t\t<\/div>\n\t\t<div id=\"e-n-tab-content-1394182502\" role=\"tabpanel\" aria-labelledby=\"e-n-tab-title-1394182502\" data-tab-index=\"2\" style=\"--n-tabs-title-order: 2;\" class=\"elementor-element elementor-element-2d5725f e-con-full e-flex wpr-particle-no wpr-jarallax-no wpr-parallax-no wpr-sticky-section-no wpr-equal-height-no e-con e-child\" data-id=\"2d5725f\" data-element_type=\"container\" data-e-type=\"container\">\n\t\t<div class=\"elementor-element elementor-element-2df2eb8 e-con-full animated-slow e-flex wpr-particle-no wpr-jarallax-no wpr-parallax-no wpr-sticky-section-no wpr-equal-height-no elementor-invisible e-con e-child\" data-id=\"2df2eb8\" data-element_type=\"container\" data-e-type=\"container\" data-settings=\"{&quot;background_background&quot;:&quot;classic&quot;,&quot;animation&quot;:&quot;fadeIn&quot;}\">\n\t\t\t\t<\/div>\n\t\t\t\t<div class=\"elementor-element elementor-element-5462b0a elementor-widget__width-initial elementor-widget elementor-widget-text-editor\" data-id=\"5462b0a\" data-element_type=\"widget\" data-e-type=\"widget\" data-widget_type=\"text-editor.default\">\n\t\t\t\t\t\t\t\t\t<p id=\"u55692-2\"><strong>Itiner\u00e1rio<\/strong><\/p><p>\u00a0<\/p><p id=\"u55692-5\"><strong>PASSEIO DE DIA INTEIRO: CUSCO \u2013 CHINCHERO \u2013 MORAY \u2013 SALINA \u2013 PISAC<\/strong><\/p><p>\u00a0<\/p><p id=\"u55692-8\">Buscamos voc\u00ea em seu hotel para o nosso passeio no Vale Sagrado dos Incas. Come\u00e7amos com uma visita \u00e0 vila de tecelagem de Chinchero e ao s\u00edtio arqueol\u00f3gico de Chinchero, seguindo depois para o s\u00edtio agr\u00edcola de Moray. Nossa manh\u00e3 terminar\u00e1 com uma visita \u00e0 cidade de Maras e \u00e0s Salinas, antes de um delicioso almo\u00e7o em Urubamba. Passaremos a tarde em Pisac \u2013 um dos maiores e mais diversificados s\u00edtios incas do Vale Sagrado \u2013 onde voc\u00ea explorar\u00e1 os principais templos, casas habitacionais e o famoso cemit\u00e9rio de Pisac. Ao final do passeio, retornaremos ao seu hotel em Cusco.<\/p>\t\t\t\t\t\t\t\t<\/div>\n\t\t\t\t<\/div>\n\t\t<div id=\"e-n-tab-content-1394182503\" role=\"tabpanel\" aria-labelledby=\"e-n-tab-title-1394182503\" data-tab-index=\"3\" style=\"--n-tabs-title-order: 3;\" class=\"elementor-element elementor-element-7c01974 e-con-full e-flex wpr-particle-no wpr-jarallax-no wpr-parallax-no wpr-sticky-section-no wpr-equal-height-no e-con e-child\" data-id=\"7c01974\" data-element_type=\"container\" data-e-type=\"container\">\n\t\t<div class=\"elementor-element elementor-element-cf848f1 e-con-full animated-slow e-flex wpr-particle-no wpr-jarallax-no wpr-parallax-no wpr-sticky-section-no wpr-equal-height-no elementor-invisible e-con e-child\" data-id=\"cf848f1\" data-element_type=\"container\" data-e-type=\"container\" data-settings=\"{&quot;background_background&quot;:&quot;classic&quot;,&quot;animation&quot;:&quot;fadeIn&quot;}\">\n\t\t\t\t<\/div>\n\t\t\t\t<div class=\"elementor-element elementor-element-8872907 elementor-widget__width-initial elementor-widget elementor-widget-text-editor\" data-id=\"8872907\" data-element_type=\"widget\" data-e-type=\"widget\" data-widget_type=\"text-editor.default\">\n\t\t\t\t\t\t\t\t\t<p id=\"u55690-2\">\u00a0<\/p><p id=\"u55690-5\"><strong>Servi\u00e7o inclu\u00eddo:<\/strong><\/p><ul id=\"u55690-17\" class=\"list0 nls-None\"><li id=\"u55690-8\">Ser\u00e1 providenciado transporte privado e confort\u00e1vel, de acordo com o tamanho do grupo.<\/li><li id=\"u55690-10\">Guia tur\u00edstico que fala ingl\u00eas<\/li><li id=\"u55690-12\">Traslado do hotel em Cusco ou nas cidades do Vale Sagrado.<\/li><li id=\"u55690-14\">Desembarque no seu hotel em Cusco ou no Vale Sagrado.<\/li><li id=\"u55690-16\">Bilhete tur\u00edstico para visitar os s\u00edtios arqueol\u00f3gicos mencionados acima + mina de sal<\/li><\/ul><p>\u00a0<\/p><p id=\"u55690-20\"><strong>Servi\u00e7o n\u00e3o inclu\u00eddo:<\/strong><\/p><ul id=\"u55690-28\" class=\"list0 nls-None\"><li id=\"u55690-23\">Almo\u00e7o<\/li><li id=\"u55690-25\">Lanches<\/li><li id=\"u55690-27\">bebidas<\/li><\/ul><p>\u00a0<\/p><p id=\"u55690-31\"><strong>O que voc\u00ea precisa trazer:<\/strong><\/p><ul id=\"u55690-43\" class=\"list0 nls-None\"><li id=\"u55690-34\">Chap\u00e9u de sol e \u00f3culos de sol<\/li><li id=\"u55690-36\">Protetor solar (recomendado fator 35)<\/li><li id=\"u55690-38\">Jaqueta imperme\u00e1vel\/poncho de chuva<\/li><li id=\"u55690-40\">\u00c1gua<\/li><li id=\"u55690-42\">C\u00e2mera e filme e\/ou cart\u00e3o de mem\u00f3ria<\/li><\/ul><p>\u00a0<\/p><p id=\"u55690-47\"><span id=\"u55690-45\"><strong>NOTA IMPORTANTE:<\/strong>\u00a0<\/span>Para visitar os s\u00edtios hist\u00f3ricos de Cusco ou do Vale Sagrado, \u00e9 necess\u00e1rio adquirir o bilhete tur\u00edstico:<\/p><ul id=\"u55690-55\" class=\"list0 nls-None\"><li id=\"u55690-50\">O ingresso parcial para o Vale Sagrado custa 70 soles peruanos e \u00e9 v\u00e1lido por 2 dias consecutivos, dando acesso a 4 s\u00edtios incas: Pisaq, Ollantaytambo, Moray e Chinchero.<\/li><li id=\"u55690-52\">O ingresso tur\u00edstico completo para visitar Cusco e o Vale Sagrado custa 130 soles peruanos e \u00e9 v\u00e1lido por 10 dias, dando acesso a 14 locais diferentes, incluindo os museus de Cusco e os s\u00edtios arqueol\u00f3gicos do Vale Sagrado.<\/li><li id=\"u55690-54\">Para visitar as salinas, \u00e9 necess\u00e1rio adquirir um bilhete separado.<\/li><\/ul><p>\u00a0<\/p><p id=\"u55690-58\"><strong>(O INGRESSO DE VIAGEM EST\u00c1 INCLU\u00cdDO NESTE TOUR)<\/strong><\/p>\t\t\t\t\t\t\t\t<\/div>\n\t\t\t\t<\/div>\n\t\t<div id=\"e-n-tab-content-1394182504\" role=\"tabpanel\" aria-labelledby=\"e-n-tab-title-1394182504\" data-tab-index=\"4\" style=\"--n-tabs-title-order: 4;\" class=\"elementor-element elementor-element-3449c55 e-con-full e-flex wpr-particle-no wpr-jarallax-no wpr-parallax-no wpr-sticky-section-no wpr-equal-height-no e-con e-child\" data-id=\"3449c55\" data-element_type=\"container\" data-e-type=\"container\">\n\t\t\t\t<div class=\"elementor-element elementor-element-2aee766 elementor-widget__width-initial elementor-widget elementor-widget-text-editor\" data-id=\"2aee766\" data-element_type=\"widget\" data-e-type=\"widget\" data-widget_type=\"text-editor.default\">\n\t\t\t\t\t\t\t\t\t<p>\u00a0<\/p><p id=\"u55700-2\"><strong>Pre\u00e7os \u2013 Vale Sagrado Estendido: Chinchero, Moray, Minas de Sal, Pisac<\/strong><\/p><p>\u00a0<\/p><ul id=\"u55700-19\" class=\"list0 nls-None\"><li id=\"u55700-6\"><span id=\"u55700-4\">PRE\u00c7O:\u00a0<\/span>140 USD$ por pessoa ao reservar para 2 pessoas.<\/li><li id=\"u55700-9\"><span id=\"u55700-7\">PRE\u00c7O:<\/span>\u00a0125 USD$ por pessoa ao reservar para 3 pessoas.<\/li><li id=\"u55700-12\"><span id=\"u55700-10\">PRE\u00c7O:\u00a0<\/span>110 USD$ por pessoa ao reservar para 4 pessoas.<\/li><li id=\"u55700-15\"><span id=\"u55700-13\">PRE\u00c7O:<\/span>\u00a095 USD$ por pessoa ao reservar para 5 a 6 pessoas.<\/li><li id=\"u55700-18\"><span id=\"u55700-16\">PRE\u00c7O:<\/span>\u00a085 USD$ por pessoa ao reservar para 7 a 9 pessoas.<\/li><\/ul>\t\t\t\t\t\t\t\t<\/div>\n\t\t\t\t<\/div>\n\t\t\t\t\t<\/div>\n\t\t<\/div>\n\t\t\t\t\t\t<\/div>\n\t\t\t\t\t<\/div>\n\t\t\t\t<\/div>\n\t\t<div class=\"elementor-element elementor-element-b004eef e-flex e-con-boxed wpr-particle-no wpr-jarallax-no wpr-parallax-no wpr-sticky-section-no wpr-equal-height-no e-con e-parent\" data-id=\"b004eef\" data-element_type=\"container\" data-e-type=\"container\">\n\t\t\t\t\t<div class=\"e-con-inner\">\n\t\t\t\t<div class=\"elementor-element elementor-element-831001b elementor-widget elementor-widget-spacer\" data-id=\"831001b\" data-element_type=\"widget\" data-e-type=\"widget\" data-widget_type=\"spacer.default\">\n\t\t\t\t\t\t\t<div class=\"elementor-spacer\">\n\t\t\t<div class=\"elementor-spacer-inner\"><\/div>\n\t\t<\/div>\n\t\t\t\t\t\t<\/div>\n\t\t\t\t\t<\/div>\n\t\t\t\t<\/div>\n\t\t\t\t<\/div>","protected":false},"excerpt":{"rendered":"<p>Sacred Valley Extended: Chinchero, Moray, Salt Mines, Pisac DESCRIPTION: This \u201cextended\u201d tour starts the same as our standard Sacred Valley tour, but adds the additional site of Pisac. You will start with a visit to the colorful weaving village of Chinchero where you will learn the process of preparing and dyeing wool for the traditional weavings. Next is a visit to Moray \u2013 the oldest known agricultural laboratory where ancient Incans experimented with different microclimates and soils to improve their harvests. A visit to Maras and the Salt Mines will follow where you will learn their natural process for harvesting salt. After a delicious lunch in Urubamba we will head to the Pisac archeological site. In additional to the fascinating structures and extensive farming terraces, Pisac has the largest Incan cemetery in all of Peru. Add in stunning views of the Andes with great snow-capped mountains for a perfect day in Peru! Overview Itinerary Included Prices \u00a0 Locations Visited\u00a0\u00a0 :\u00a0Chinchero, Maras Moray, Salt Mines, Pisac Trip Style\u00a0\u00a0\u00a0\u00a0\u00a0\u00a0\u00a0\u00a0\u00a0\u00a0\u00a0\u00a0\u00a0\u00a0\u00a0\u00a0 :\u00a0\u00a0cultural tours Length\u00a0\u00a0\u00a0\u00a0\u00a0\u00a0\u00a0\u00a0\u00a0\u00a0\u00a0\u00a0\u00a0\u00a0\u00a0\u00a0\u00a0\u00a0\u00a0\u00a0 :\u00a0Full Day Frequency\u00a0\u00a0\u00a0\u00a0\u00a0\u00a0\u00a0\u00a0\u00a0\u00a0\u00a0\u00a0\u00a0\u00a0 :\u00a0Upon Request Group\u00a0\u00a0\u00a0\u00a0\u00a0\u00a0\u00a0\u00a0\u00a0\u00a0\u00a0\u00a0\u00a0\u00a0\u00a0\u00a0\u00a0\u00a0\u00a0\u00a0\u00a0\u00a0 :\u00a02 People min \/ 9 People max Price\u00a0\u00a0\u00a0\u00a0\u00a0\u00a0\u00a0\u00a0\u00a0\u00a0\u00a0\u00a0\u00a0\u00a0\u00a0\u00a0\u00a0\u00a0\u00a0\u00a0\u00a0\u00a0\u00a0\u00a0 :\u00a0140 USD$ Physical Grading\u00a0\u00a0\u00a0\u00a0 :\u00a02 Itinerary \u00a0 FULL DAY TOUR: CUSCO \u2013 CHINCHERO \u2013\u00a0 MORAY \u2013 SALT MINES \u2013 PISAC \u00a0 We pick you up from your hotel for our tour in the Sacred Valley of the Incas. We start with a visit to the weaving village of Chinchero plus the Chinchero\u00a0 archeological site, then head to the Moray agricultural site. Our morning will conclude with a visit to\u00a0 Maras\u00a0 Town and the Salt Mines before a delicious lunch in Urubamba. We will spend the afternoon at Pisac \u2013 one of the biggest and most diverse of Inca sites in the Sacred Valley \u2013 where you will explore principal temples, living houses, and the famous Pisac cemetery. At the end of the tour we will return you to your hotel in Cusco. \u00a0 Service Included: Private and confortable transportation\u00a0 will be\u00a0 provided\u00a0 base on the size of the group English-speaking Tour Guide Hotel pick up in cusco or in the sacred valley towns Drop off at your hotel in cusco or in the sacred valley Tourist ticket to visit the archeological sites\u00a0 mentioned above + salt mine \u00a0 Service Not Included: Lunch Snaks drinks \u00a0 What you need to bring: Sun hat and sunglasses Sun protection cream (factor 35 recommended) Waterproof jacket\/rain poncho Water Camera and film and\/or memory card \u00a0 IMPORTANT NOTE:\u00a0in order to visit the historical sites\u00a0 in cusco or in the sacred valley\u00a0 you must purchase\u00a0 the tourist ticket: Parcial ticket for the sacred valley\u00a0 cost 70\u00a0 peruvian soles and it is valid\u00a0 for 2 consecutive days\u00a0 and you have Access 4 inca sites: pisaq, Ollantaytambo, moray and chinchero. Full tourist ticket\u00a0 to visit cusco and sacred valley cost 130 peruvian soles\u00a0 and it is valid for 10 days\u00a0 to Access\u00a0 for\u00a0 a 14 different\u00a0 sites including\u00a0 cusco\u00a0 museums and sacred valley archeological sites. To visit salt mine (salinas)\u00a0 you have to get a separate\u00a0 ticket \u00a0 (THE PARCIAL TICKET IS INCLUDED IN THIS TOUR) \u00a0 Prices \u2013 Sacred Valley Extended: Chinchero, Moray, Salt Mines, Pisac \u00a0 PRICE:\u00a0140 USD$ per person when booking 2 people PRICE:\u00a0125 USD$ per person when booking 3 people PRICE:\u00a0110 USD$ per person when booking 4 people PRICE:\u00a095 USD$ per person when booking 5- 6 people PRICE:\u00a085\u00a0 USD$ per person when booking 7 -9 people \u00a0 Locations Visited\u00a0\u00a0 :\u00a0Chinchero, Maras Moray, Salt Mines, Pisac Trip Style\u00a0\u00a0\u00a0\u00a0\u00a0\u00a0\u00a0\u00a0\u00a0\u00a0\u00a0\u00a0\u00a0\u00a0\u00a0\u00a0 :\u00a0\u00a0cultural tours Length\u00a0\u00a0\u00a0\u00a0\u00a0\u00a0\u00a0\u00a0\u00a0\u00a0\u00a0\u00a0\u00a0\u00a0\u00a0\u00a0\u00a0\u00a0\u00a0\u00a0 :\u00a0Full Day Frequency\u00a0\u00a0\u00a0\u00a0\u00a0\u00a0\u00a0\u00a0\u00a0\u00a0\u00a0\u00a0\u00a0\u00a0 :\u00a0Upon Request Group\u00a0\u00a0\u00a0\u00a0\u00a0\u00a0\u00a0\u00a0\u00a0\u00a0\u00a0\u00a0\u00a0\u00a0\u00a0\u00a0\u00a0\u00a0\u00a0\u00a0\u00a0\u00a0 :\u00a02 People min \/ 9 People max Price\u00a0\u00a0\u00a0\u00a0\u00a0\u00a0\u00a0\u00a0\u00a0\u00a0\u00a0\u00a0\u00a0\u00a0\u00a0\u00a0\u00a0\u00a0\u00a0\u00a0\u00a0\u00a0\u00a0\u00a0 :\u00a0140 USD$ Physical Grading\u00a0\u00a0\u00a0\u00a0 :\u00a02 Itinerary \u00a0 FULL DAY TOUR: CUSCO \u2013 CHINCHERO \u2013\u00a0 MORAY \u2013 SALT MINES \u2013 PISAC \u00a0 We pick you up from your hotel for our tour in the Sacred Valley of the Incas. We start with a visit to the weaving village of Chinchero plus the Chinchero\u00a0 archeological site, then head to the Moray agricultural site. Our morning will conclude with a visit to\u00a0 Maras\u00a0 Town and the Salt Mines before a delicious lunch in Urubamba. We will spend the afternoon at Pisac \u2013 one of the biggest and most diverse of Inca sites in the Sacred Valley \u2013 where you will explore principal temples, living houses, and the famous Pisac cemetery. At the end of the tour we will return you to your hotel in Cusco. \u00a0 Service Included: Private and confortable transportation\u00a0 will be\u00a0 provided\u00a0 base on the size of the group English-speaking Tour Guide Hotel pick up in cusco or in the sacred valley towns Drop off at your hotel in cusco or in the sacred valley Tourist ticket to visit the archeological sites\u00a0 mentioned above + salt mine \u00a0 Service Not Included: Lunch Snaks drinks \u00a0 What you need to bring: Sun hat and sunglasses Sun protection cream (factor 35 recommended) Waterproof jacket\/rain poncho Water Camera and film and\/or memory card \u00a0 IMPORTANT NOTE:\u00a0in order to visit the historical sites\u00a0 in cusco or in the sacred valley\u00a0 you must purchase\u00a0 the tourist ticket: Parcial ticket for the sacred valley\u00a0 cost 70\u00a0 peruvian soles and it is valid\u00a0 for 2 consecutive days\u00a0 and you have Access 4 inca sites: pisaq, Ollantaytambo, moray and chinchero. Full tourist ticket\u00a0 to visit cusco and sacred valley cost 130 peruvian soles\u00a0 and it is valid for 10 days\u00a0 to Access\u00a0 for\u00a0 a 14 different\u00a0 sites including\u00a0 cusco\u00a0 museums and sacred valley archeological sites. To visit salt mine (salinas)\u00a0 you have to get a separate\u00a0 ticket \u00a0 (THE PARCIAL TICKET IS INCLUDED IN THIS TOUR) \u00a0 Prices \u2013 Sacred Valley Extended: Chinchero, Moray, Salt Mines, Pisac \u00a0 PRICE:\u00a0140 USD$ per person when booking 2 people PRICE:\u00a0125 USD$ per person when booking 3 people PRICE:\u00a0110 USD$ per person when booking 4 people PRICE:\u00a095 USD$ per person when booking 5- 6 people PRICE:\u00a085\u00a0 USD$ per person when booking 7 -9 people<\/p>","protected":false},"author":1,"featured_media":0,"parent":0,"menu_order":0,"comment_status":"closed","ping_status":"closed","template":"","meta":{"_eb_attr":"","footnotes":""},"class_list":["post-2226","page","type-page","status-publish","hentry"],"_hostinger_reach_plugin_has_subscription_block":false,"_hostinger_reach_plugin_is_elementor":false,"_links":{"self":[{"href":"https:\/\/apurimacadventures.com\/pt\/wp-json\/wp\/v2\/pages\/2226","targetHints":{"allow":["GET"]}}],"collection":[{"href":"https:\/\/apurimacadventures.com\/pt\/wp-json\/wp\/v2\/pages"}],"about":[{"href":"https:\/\/apurimacadventures.com\/pt\/wp-json\/wp\/v2\/types\/page"}],"author":[{"embeddable":true,"href":"https:\/\/apurimacadventures.com\/pt\/wp-json\/wp\/v2\/users\/1"}],"replies":[{"embeddable":true,"href":"https:\/\/apurimacadventures.com\/pt\/wp-json\/wp\/v2\/comments?post=2226"}],"version-history":[{"count":12,"href":"https:\/\/apurimacadventures.com\/pt\/wp-json\/wp\/v2\/pages\/2226\/revisions"}],"predecessor-version":[{"id":2927,"href":"https:\/\/apurimacadventures.com\/pt\/wp-json\/wp\/v2\/pages\/2226\/revisions\/2927"}],"wp:attachment":[{"href":"https:\/\/apurimacadventures.com\/pt\/wp-json\/wp\/v2\/media?parent=2226"}],"curies":[{"name":"wp","href":"https:\/\/api.w.org\/{rel}","templated":true}]}}