{"id":2209,"date":"2025-11-09T02:13:24","date_gmt":"2025-11-09T02:13:24","guid":{"rendered":"https:\/\/apurimacadventures.com\/?page_id=2209"},"modified":"2025-12-06T13:25:16","modified_gmt":"2025-12-06T13:25:16","slug":"humantay-lake-trek-1-day","status":"publish","type":"page","link":"https:\/\/apurimacadventures.com\/pt\/humantay-lake-trek-1-day\/","title":{"rendered":"Trilha do Lago Humantay \u2013 1 dia"},"content":{"rendered":"<div data-elementor-type=\"wp-page\" data-elementor-id=\"2209\" class=\"elementor elementor-2209\" data-elementor-post-type=\"page\">\n\t\t\t\t<div class=\"elementor-element elementor-element-08fadc6 e-con-full e-flex wpr-particle-no wpr-jarallax-no wpr-parallax-no wpr-sticky-section-no e-con e-parent\" data-id=\"08fadc6\" data-element_type=\"container\" data-e-type=\"container\" data-settings=\"{&quot;background_background&quot;:&quot;classic&quot;}\">\n\t\t\t\t<div class=\"elementor-element elementor-element-5b1bc66 elementor-widget elementor-widget-heading\" data-id=\"5b1bc66\" data-element_type=\"widget\" data-e-type=\"widget\" data-widget_type=\"heading.default\">\n\t\t\t\t\t<h2 class=\"elementor-heading-title elementor-size-default\">Trilha do Lago Humantay \u2013 1 dia\n\n\n\n<\/h2>\t\t\t\t<\/div>\n\t\t<div class=\"elementor-element elementor-element-6648a9e e-con-full e-flex wpr-particle-no wpr-jarallax-no wpr-parallax-no wpr-sticky-section-no e-con e-child\" data-id=\"6648a9e\" data-element_type=\"container\" data-e-type=\"container\" data-settings=\"{&quot;background_background&quot;:&quot;classic&quot;}\">\n\t\t\t\t<\/div>\n\t\t\t\t<\/div>\n\t\t<div class=\"elementor-element elementor-element-8620c99 e-flex e-con-boxed wpr-particle-no wpr-jarallax-no wpr-parallax-no wpr-sticky-section-no e-con e-parent\" data-id=\"8620c99\" data-element_type=\"container\" data-e-type=\"container\">\n\t\t\t\t\t<div class=\"e-con-inner\">\n\t\t\t\t<div class=\"elementor-element elementor-element-61ae41f elementor-widget__width-initial elementor-widget elementor-widget-text-editor\" data-id=\"61ae41f\" data-element_type=\"widget\" data-e-type=\"widget\" data-widget_type=\"text-editor.default\">\n\t\t\t\t\t\t\t\t\t<div id=\"u47967-4\" class=\"clearfix colelem shared_content\" data-muse-uid=\"U47967\" data-muse-type=\"txt_frame\" data-ibe-flags=\"txtStyleSrc\" data-sizepolicy=\"fixed\" data-pintopage=\"page_fixedCenter\" data-content-guid=\"u47967-4_content\"><strong>DESCRI\u00c7\u00c3O:<\/strong><div id=\"u55026-4\" class=\"clearfix colelem shared_content\" data-muse-uid=\"U55026\" data-muse-type=\"txt_frame\" data-ibe-flags=\"txtStyleSrc\" data-sizepolicy=\"fixed\" data-pintopage=\"page_fixedCenter\" data-content-guid=\"u55026-4_content\"><p>Esta \u00e9 uma caminhada de um dia para quem ama a natureza e quer vivenciar a majestade da Cordilheira dos Andes, mas n\u00e3o tem tempo para uma trilha de v\u00e1rios dias. Nesta caminhada, voc\u00ea ver\u00e1 um dos picos mais famosos da regi\u00e3o de Cusco, o Monte Salkantay (6.275 m), e percorrer\u00e1 parte da famosa trilha de Salkantay. Esta caminhada \u00e9 ideal para quem est\u00e1 se preparando para a Trilha Inca ou qualquer outra trilha nos Andes.<\/p><\/div><\/div>\t\t\t\t\t\t\t\t<\/div>\n\t\t\t\t<div class=\"elementor-element elementor-element-84f5a8a e-n-tabs-mobile elementor-widget elementor-widget-n-tabs\" data-id=\"84f5a8a\" data-element_type=\"widget\" data-e-type=\"widget\" data-settings=\"{&quot;_animation&quot;:&quot;none&quot;,&quot;tabs_justify_horizontal&quot;:&quot;stretch&quot;,&quot;horizontal_scroll&quot;:&quot;disable&quot;}\" data-widget_type=\"nested-tabs.default\">\n\t\t\t\t\t\t\t<div class=\"e-n-tabs\" data-widget-number=\"139418250\" aria-label=\"Abas. Abra os itens com Enter ou Espa\u00e7o, feche com Esc e navegue usando as teclas de seta.\">\n\t\t\t<div class=\"e-n-tabs-heading\" role=\"tablist\">\n\t\t\t\t\t<button id=\"e-n-tab-title-1394182501\" data-tab-title-id=\"e-n-tab-title-1394182501\" class=\"e-n-tab-title\" aria-selected=\"true\" data-tab-index=\"1\" role=\"tab\" tabindex=\"0\" aria-controls=\"e-n-tab-content-1394182501\" style=\"--n-tabs-title-order: 1;\">\n\t\t\t\t\t\t<span class=\"e-n-tab-title-text\">\n\t\t\t\tVis\u00e3o geral\t\t\t<\/span>\n\t\t<\/button>\n\t\t\t\t<button id=\"e-n-tab-title-1394182502\" data-tab-title-id=\"e-n-tab-title-1394182502\" class=\"e-n-tab-title\" aria-selected=\"false\" data-tab-index=\"2\" role=\"tab\" tabindex=\"-1\" aria-controls=\"e-n-tab-content-1394182502\" style=\"--n-tabs-title-order: 2;\">\n\t\t\t\t\t\t<span class=\"e-n-tab-title-text\">\n\t\t\t\tItiner\u00e1rio\t\t\t<\/span>\n\t\t<\/button>\n\t\t\t\t<button id=\"e-n-tab-title-1394182503\" data-tab-title-id=\"e-n-tab-title-1394182503\" class=\"e-n-tab-title\" aria-selected=\"false\" data-tab-index=\"3\" role=\"tab\" tabindex=\"-1\" aria-controls=\"e-n-tab-content-1394182503\" style=\"--n-tabs-title-order: 3;\">\n\t\t\t\t\t\t<span class=\"e-n-tab-title-text\">\n\t\t\t\tInclu\u00eddo\t\t\t<\/span>\n\t\t<\/button>\n\t\t\t\t<button id=\"e-n-tab-title-1394182504\" data-tab-title-id=\"e-n-tab-title-1394182504\" class=\"e-n-tab-title\" aria-selected=\"false\" data-tab-index=\"4\" role=\"tab\" tabindex=\"-1\" aria-controls=\"e-n-tab-content-1394182504\" style=\"--n-tabs-title-order: 4;\">\n\t\t\t\t\t\t<span class=\"e-n-tab-title-text\">\n\t\t\t\tPre\u00e7os\t\t\t<\/span>\n\t\t<\/button>\n\t\t\t\t\t<\/div>\n\t\t\t<div class=\"e-n-tabs-content\">\n\t\t\t\t<div id=\"e-n-tab-content-1394182501\" role=\"tabpanel\" aria-labelledby=\"e-n-tab-title-1394182501\" data-tab-index=\"1\" style=\"--n-tabs-title-order: 1;\" class=\"e-active elementor-element elementor-element-94e590d e-con-full e-flex wpr-particle-no wpr-jarallax-no wpr-parallax-no wpr-sticky-section-no e-con e-child\" data-id=\"94e590d\" data-element_type=\"container\" data-e-type=\"container\">\n\t\t<div class=\"elementor-element elementor-element-2d751ac e-con-full animated-slow e-flex wpr-particle-no wpr-jarallax-no wpr-parallax-no wpr-sticky-section-no elementor-invisible e-con e-child\" data-id=\"2d751ac\" data-element_type=\"container\" data-e-type=\"container\" data-settings=\"{&quot;background_background&quot;:&quot;classic&quot;,&quot;animation&quot;:&quot;fadeIn&quot;}\">\n\t\t\t\t<\/div>\n\t\t\t\t<div class=\"elementor-element elementor-element-5d20cd5 elementor-widget__width-initial elementor-widget elementor-widget-text-editor\" data-id=\"5d20cd5\" data-element_type=\"widget\" data-e-type=\"widget\" data-widget_type=\"text-editor.default\">\n\t\t\t\t\t\t\t\t\t<p>\u00a0<\/p><ul id=\"u55066-4\" class=\"list0 nls-None\"><li id=\"u55066-3\"><strong><span id=\"u55066\">DIA 1:\u00a0<\/span>Cusco \u2013 Soraypampa \u2013 Lago Humantay \u2013 Cusco<\/strong><\/li><\/ul><p id=\"u55066-8\"><strong><span id=\"u55066-6\">Ponto mais alto:<\/span><\/strong>\u00a04.250 m \/ 13.944 p\u00e9s<\/p><p id=\"u55066-11\"><strong><span id=\"u55066-9\">Ponto mais baixo:<\/span>\u00a0<\/strong>2.980 m \/ 9.777 p\u00e9s<\/p><p id=\"u55066-14\"><span id=\"u55066-12\"><strong>Dist\u00e2ncia:<\/strong>\u00a0<\/span>6 km \/ 3,7 milhas<\/p><p id=\"u55066-19\"><strong><span id=\"u55066-15\">Dificuldade geral:\u00a0<\/span><\/strong><span id=\"u55066-16\"><span style=\"text-decoration: underline;\"><strong>1<\/strong><\/span> 2\u00a0<\/span><span id=\"u55066-17\">3<\/span><span id=\"u55066-18\">\u00a04 5<\/span><\/p><p>\u00a0<\/p><p id=\"u55066-22\"><strong>SERVI\u00c7O DE GRUPO COMPARTILHADO: 2024<\/strong><\/p><ul id=\"u55066-27\" class=\"list0 nls-None\"><li id=\"u55066-26\"><span id=\"u55066-24\"><strong>Pre\u00e7o por pessoa US$90 Inclui:<\/strong>\u00a0<\/span>Transporte de ida e volta, guia, caf\u00e9 da manh\u00e3 e almo\u00e7o, ingresso (grupos de 4 a 12 pessoas)<\/li><\/ul>\t\t\t\t\t\t\t\t<\/div>\n\t\t\t\t<\/div>\n\t\t<div id=\"e-n-tab-content-1394182502\" role=\"tabpanel\" aria-labelledby=\"e-n-tab-title-1394182502\" data-tab-index=\"2\" style=\"--n-tabs-title-order: 2;\" class=\"elementor-element elementor-element-2d5725f e-con-full e-flex wpr-particle-no wpr-jarallax-no wpr-parallax-no wpr-sticky-section-no e-con e-child\" data-id=\"2d5725f\" data-element_type=\"container\" data-e-type=\"container\">\n\t\t<div class=\"elementor-element elementor-element-2df2eb8 e-con-full animated-slow e-flex wpr-particle-no wpr-jarallax-no wpr-parallax-no wpr-sticky-section-no elementor-invisible e-con e-child\" data-id=\"2df2eb8\" data-element_type=\"container\" data-e-type=\"container\" data-settings=\"{&quot;background_background&quot;:&quot;classic&quot;,&quot;animation&quot;:&quot;fadeIn&quot;}\">\n\t\t\t\t<\/div>\n\t\t\t\t<div class=\"elementor-element elementor-element-5462b0a elementor-widget__width-initial elementor-widget elementor-widget-text-editor\" data-id=\"5462b0a\" data-element_type=\"widget\" data-e-type=\"widget\" data-widget_type=\"text-editor.default\">\n\t\t\t\t\t\t\t\t\t<p>\u00a0<\/p><p id=\"u55056-2\"><strong>Roteiro: Trilha do Lago Humantay \u2013 1 dia<\/strong><\/p><p id=\"u55056-5\">Buscaremos voc\u00ea cedo em seu hotel em nosso transporte particular e seguiremos por 2 horas at\u00e9 a cidade de Mollepata, onde ser\u00e1 servido um farto caf\u00e9 da manh\u00e3. Em seguida, viajaremos por mais uma hora at\u00e9 Soraypampa, o ponto de partida da nossa trilha, e iniciaremos uma caminhada tranquila em subida at\u00e9 o Lago Humantay. Localizado na base da Montanha Humantay, o lago tem uma linda cor turquesa, e \u00e9 poss\u00edvel que vejamos condores sobrevoando as montanhas. Ap\u00f3s explorar a \u00e1rea e tirar fotos, retornaremos a Soraypampa e, em seguida, pegaremos nosso transporte particular de volta para Mollepata, onde almo\u00e7aremos e descansaremos antes de retornar a Cusco.<\/p><p>\u00a0<\/p><ul id=\"u55056-17\" class=\"list0 nls-None\"><li id=\"u55056-8\"><strong>Refei\u00e7\u00f5es:<\/strong> B, L<\/li><li id=\"u55056-10\"><strong>Altitude m\u00e1xima:<\/strong> 4.250 m \/ 13.944 p\u00e9s<\/li><li id=\"u55056-12\"><strong>Altitude m\u00ednima:<\/strong>\u00a02.980 m \/ 9.777 p\u00e9s<\/li><li id=\"u55056-14\"><strong>Dist\u00e2ncia:<\/strong> 6 km\/3,7 milhas<\/li><li id=\"u55056-16\"><strong>Tempo de caminhada:<\/strong> 4 horas<\/li><\/ul><p>\u00a0<\/p><p id=\"u55056-20\">Esta excurs\u00e3o de um dia \u00e9 um passeio privado com tudo inclu\u00eddo. (Tamanho do grupo: 2 a 6 pessoas)<\/p>\t\t\t\t\t\t\t\t<\/div>\n\t\t\t\t<\/div>\n\t\t<div id=\"e-n-tab-content-1394182503\" role=\"tabpanel\" aria-labelledby=\"e-n-tab-title-1394182503\" data-tab-index=\"3\" style=\"--n-tabs-title-order: 3;\" class=\"elementor-element elementor-element-7c01974 e-con-full e-flex wpr-particle-no wpr-jarallax-no wpr-parallax-no wpr-sticky-section-no e-con e-child\" data-id=\"7c01974\" data-element_type=\"container\" data-e-type=\"container\">\n\t\t<div class=\"elementor-element elementor-element-cf848f1 e-con-full animated-slow e-flex wpr-particle-no wpr-jarallax-no wpr-parallax-no wpr-sticky-section-no elementor-invisible e-con e-child\" data-id=\"cf848f1\" data-element_type=\"container\" data-e-type=\"container\" data-settings=\"{&quot;background_background&quot;:&quot;classic&quot;,&quot;animation&quot;:&quot;fadeIn&quot;}\">\n\t\t\t\t<\/div>\n\t\t\t\t<div class=\"elementor-element elementor-element-8872907 elementor-widget__width-initial elementor-widget elementor-widget-text-editor\" data-id=\"8872907\" data-element_type=\"widget\" data-e-type=\"widget\" data-widget_type=\"text-editor.default\">\n\t\t\t\t\t\t\t\t\t<p id=\"u55062-3\">\u00a0<\/p><p id=\"u55062-6\"><strong>SERVI\u00c7OS INCLU\u00cdDOS:<\/strong><\/p><ul id=\"u55062-16\" class=\"list0 nls-None\"><li id=\"u55062-9\">Transporte privado de ida e volta: Cusco \u2013 Soraypampa \u2013 Cusco<\/li><li id=\"u55062-11\">Caf\u00e9 da manh\u00e3 e almo\u00e7o<\/li><li id=\"u55062-13\">Guia profissional que fala ingl\u00eas e espanhol<\/li><li id=\"u55062-15\">Taxa de entrada<\/li><\/ul><p>\u00a0<\/p><p id=\"u55062-19\"><strong>N\u00c3O INCLU\u00cdDO:<\/strong><\/p><ul id=\"u55062-27\" class=\"list0 nls-None\"><li id=\"u55062-22\">Dicas para a equipe de campo<\/li><li id=\"u55062-24\">\u00e1gua<\/li><li id=\"u55062-26\">lanches<\/li><\/ul><p>\u00a0<\/p><p id=\"u55062-30\"><strong>RECOMENDAMOS TRAZER:<\/strong><\/p><ul id=\"u55062-50\" class=\"list0 nls-None\"><li id=\"u55062-33\">Botas de caminhada<\/li><li id=\"u55062-35\">Roupas quentes (t\u00e9rmica, roupa \u00edntima, fleece, gorro, luvas, meias)<\/li><li id=\"u55062-37\">Roupa imperme\u00e1vel (poncho)<\/li><li id=\"u55062-39\">Chap\u00e9u de sol e \u00f3culos de sol<\/li><li id=\"u55062-41\">protetor solar<\/li><li id=\"u55062-43\">Garrafas de \u00e1gua<\/li><li id=\"u55062-45\">Medicamentos b\u00e1sicos<\/li><li id=\"u55062-47\">bast\u00f5es de caminhada<\/li><li id=\"u55062-49\">Lanches pessoais<\/li><\/ul>\t\t\t\t\t\t\t\t<\/div>\n\t\t\t\t<\/div>\n\t\t<div id=\"e-n-tab-content-1394182504\" role=\"tabpanel\" aria-labelledby=\"e-n-tab-title-1394182504\" data-tab-index=\"4\" style=\"--n-tabs-title-order: 4;\" class=\"elementor-element elementor-element-3449c55 e-con-full e-flex wpr-particle-no wpr-jarallax-no wpr-parallax-no wpr-sticky-section-no e-con e-child\" data-id=\"3449c55\" data-element_type=\"container\" data-e-type=\"container\">\n\t\t\t\t<div class=\"elementor-element elementor-element-2aee766 elementor-widget__width-initial elementor-widget elementor-widget-text-editor\" data-id=\"2aee766\" data-element_type=\"widget\" data-e-type=\"widget\" data-widget_type=\"text-editor.default\">\n\t\t\t\t\t\t\t\t\t<p>\u00a0<\/p><p id=\"u55060-2\"><strong>Pre\u00e7os \u2013 Trilha do Lago Humantay \u2013 1 dia<\/strong><\/p><p>\u00a0<\/p><ul id=\"u55060-13\" class=\"list0 nls-None\"><li id=\"u55060-6\"><span id=\"u55060-4\">PRE\u00c7O:<\/span>\u00a0135 USD$ por pessoa ao reservar para 2 a 3 pessoas.<\/li><li id=\"u55060-9\"><span id=\"u55060-7\">PRE\u00c7O:\u00a0<\/span>120 USD$ por pessoa ao reservar para 4 a 5 pessoas.<\/li><li id=\"u55060-12\"><span id=\"u55060-10\">PRE\u00c7O:\u00a0\u00a0<\/span>90 USD$ por pessoa para reservas de 4 a 12 pessoas (servi\u00e7o para grupos).<\/li><\/ul>\t\t\t\t\t\t\t\t<\/div>\n\t\t\t\t<\/div>\n\t\t\t\t\t<\/div>\n\t\t<\/div>\n\t\t\t\t\t\t<\/div>\n\t\t\t\t\t<\/div>\n\t\t\t\t<\/div>\n\t\t<div class=\"elementor-element elementor-element-b004eef e-flex e-con-boxed wpr-particle-no wpr-jarallax-no wpr-parallax-no wpr-sticky-section-no e-con e-parent\" data-id=\"b004eef\" data-element_type=\"container\" data-e-type=\"container\">\n\t\t\t\t\t<div class=\"e-con-inner\">\n\t\t\t\t<div class=\"elementor-element elementor-element-831001b elementor-widget elementor-widget-spacer\" data-id=\"831001b\" data-element_type=\"widget\" data-e-type=\"widget\" data-widget_type=\"spacer.default\">\n\t\t\t\t\t\t\t<div class=\"elementor-spacer\">\n\t\t\t<div class=\"elementor-spacer-inner\"><\/div>\n\t\t<\/div>\n\t\t\t\t\t\t<\/div>\n\t\t\t\t\t<\/div>\n\t\t\t\t<\/div>\n\t\t\t\t<\/div>","protected":false},"excerpt":{"rendered":"<p>Humantay Lake Trek \u2013 1 Day DESCRIPTION: This is a day hike for people who love nature and want to experience the majesty of the Andes Mountains but don\u2019t have time for a multi-day trek. On this day hike you will view one of the most famous peaks of the Cusco region, Salkantay Mountain (6,275m\/20,576ft), and you will hike part of the famous Salkantay trek. This day hike is good for people who are training to go on the Inca Trail or any other trek in the Andes. Overview Itinerary Included Prices \u00a0 DAY 1:\u00a0Cusco \u2013 Soraypampa \u2013 Humantay Lake \u2013 Cusco Highest Point:\u00a04,250m \/ 13,944ft Lowest Point:\u00a02,980m \/ 9,777ft Distance:\u00a06km \/ 3.7mi Overall Difficulty:\u00a01 2\u00a03\u00a04 5 \u00a0 SHARED GROUP SERVICE: 2024 Price per person US$90 Includes:\u00a0Transportation round trip, Guide, Breakfast &amp; Lunch, Entrance fee(Group size: 04 \u2013 12 ppl) \u00a0 Itinerary : Humantay Lake Trek \u2013 1 Day We will pick you up early from your hotel in our private transport and will drive 2 hours to the town of Mollepata where you will be served a hearty breakfast. Then we will drive another hour to Soraypampa, our trailhead, and begin a slow, uphill trek to Humantay Lake. Located at the base of Humantay Mountain, the lake is a beautiful turquoise color, and it is possible we will see condors flying over the mountains. After exploring the area and taking photos, we will return to Soraypampa and then take our private transport back to Mollepata where we will lunch and rest before returning to Cusco. \u00a0 Meals: B, L Maximum Altitude: 4,250m \/ 13,944ft Minimum Altitude:\u00a02,980m \/ 9,777ft Distance: 6km\/3.7mi Walking time: 4 hours \u00a0 This day trek is all inclusive and private tour. (group size: 2 \u2013 6 people) \u00a0 SERVICES INCLUDED: Private transport round trip: Cusco \u2013 Soraypampa \u2013 Cusco Breakfast and lunch Professional English &amp; Spanish speaking guide Entrance fee \u00a0 NOT INCLUDED: Tips for field staff water snacks \u00a0 WE RECOMMEND TO BRING: Trekking shoes Warm clothing ( termal, underwear, fleece, hat, gloves, socks) Waterproof clothing ( poncho) Sunhat and sunglasses Sun cream Water bottles Basic medications Walking poles Personal snacks \u00a0 Prices \u2013 Humantay Lake Trek \u2013 1 Day \u00a0 PRICE:\u00a0135 USD$ per person when booking 2- 3 people PRICE:\u00a0120 USD$ per person when booking 4- 5 people PRICE:\u00a0\u00a090 USD$ per person when booking 4-12 people ( group service) \u00a0 DAY 1:\u00a0Cusco \u2013 Soraypampa \u2013 Humantay Lake \u2013 Cusco Highest Point:\u00a04,250m \/ 13,944ft Lowest Point:\u00a02,980m \/ 9,777ft Distance:\u00a06km \/ 3.7mi Overall Difficulty:\u00a01 2\u00a03\u00a04 5 \u00a0 SHARED GROUP SERVICE: 2024 Price per person US$90 Includes:\u00a0Transportation round trip, Guide, Breakfast &amp; Lunch, Entrance fee(Group size: 04 \u2013 12 ppl) \u00a0 Itinerary : Humantay Lake Trek \u2013 1 Day We will pick you up early from your hotel in our private transport and will drive 2 hours to the town of Mollepata where you will be served a hearty breakfast. Then we will drive another hour to Soraypampa, our trailhead, and begin a slow, uphill trek to Humantay Lake. Located at the base of Humantay Mountain, the lake is a beautiful turquoise color, and it is possible we will see condors flying over the mountains. After exploring the area and taking photos, we will return to Soraypampa and then take our private transport back to Mollepata where we will lunch and rest before returning to Cusco. \u00a0 Meals: B, L Maximum Altitude: 4,250m \/ 13,944ft Minimum Altitude:\u00a02,980m \/ 9,777ft Distance: 6km\/3.7mi Walking time: 4 hours \u00a0 This day trek is all inclusive and private tour. (group size: 2 \u2013 6 people) \u00a0 SERVICES INCLUDED: Private transport round trip: Cusco \u2013 Soraypampa \u2013 Cusco Breakfast and lunch Professional English &amp; Spanish speaking guide Entrance fee \u00a0 NOT INCLUDED: Tips for field staff water snacks \u00a0 WE RECOMMEND TO BRING: Trekking shoes Warm clothing ( termal, underwear, fleece, hat, gloves, socks) Waterproof clothing ( poncho) Sunhat and sunglasses Sun cream Water bottles Basic medications Walking poles Personal snacks \u00a0 Prices \u2013 Humantay Lake Trek \u2013 1 Day \u00a0 PRICE:\u00a0135 USD$ per person when booking 2- 3 people PRICE:\u00a0120 USD$ per person when booking 4- 5 people PRICE:\u00a0\u00a090 USD$ per person when booking 4-12 people ( group service)<\/p>","protected":false},"author":1,"featured_media":0,"parent":0,"menu_order":0,"comment_status":"closed","ping_status":"closed","template":"","meta":{"_eb_attr":"","footnotes":""},"class_list":["post-2209","page","type-page","status-publish","hentry"],"_hostinger_reach_plugin_has_subscription_block":false,"_hostinger_reach_plugin_is_elementor":false,"_links":{"self":[{"href":"https:\/\/apurimacadventures.com\/pt\/wp-json\/wp\/v2\/pages\/2209","targetHints":{"allow":["GET"]}}],"collection":[{"href":"https:\/\/apurimacadventures.com\/pt\/wp-json\/wp\/v2\/pages"}],"about":[{"href":"https:\/\/apurimacadventures.com\/pt\/wp-json\/wp\/v2\/types\/page"}],"author":[{"embeddable":true,"href":"https:\/\/apurimacadventures.com\/pt\/wp-json\/wp\/v2\/users\/1"}],"replies":[{"embeddable":true,"href":"https:\/\/apurimacadventures.com\/pt\/wp-json\/wp\/v2\/comments?post=2209"}],"version-history":[{"count":9,"href":"https:\/\/apurimacadventures.com\/pt\/wp-json\/wp\/v2\/pages\/2209\/revisions"}],"predecessor-version":[{"id":2921,"href":"https:\/\/apurimacadventures.com\/pt\/wp-json\/wp\/v2\/pages\/2209\/revisions\/2921"}],"wp:attachment":[{"href":"https:\/\/apurimacadventures.com\/pt\/wp-json\/wp\/v2\/media?parent=2209"}],"curies":[{"name":"wp","href":"https:\/\/api.w.org\/{rel}","templated":true}]}}