{"id":2201,"date":"2025-11-09T02:10:05","date_gmt":"2025-11-09T02:10:05","guid":{"rendered":"https:\/\/apurimacadventures.com\/?page_id=2201"},"modified":"2025-12-06T13:14:41","modified_gmt":"2025-12-06T13:14:41","slug":"rainbow-mountain-vinicunca-tour","status":"publish","type":"page","link":"https:\/\/apurimacadventures.com\/pt\/rainbow-mountain-vinicunca-tour\/","title":{"rendered":"Excurs\u00e3o \u00e0 Montanha Arco-\u00cdris Vinicunca"},"content":{"rendered":"<div data-elementor-type=\"wp-page\" data-elementor-id=\"2201\" class=\"elementor elementor-2201\" data-elementor-post-type=\"page\">\n\t\t\t\t<div class=\"elementor-element elementor-element-08fadc6 e-con-full e-flex wpr-particle-no wpr-jarallax-no wpr-parallax-no wpr-sticky-section-no e-con e-parent\" data-id=\"08fadc6\" data-element_type=\"container\" data-e-type=\"container\" data-settings=\"{&quot;background_background&quot;:&quot;classic&quot;}\">\n\t\t\t\t<div class=\"elementor-element elementor-element-5b1bc66 elementor-widget elementor-widget-heading\" data-id=\"5b1bc66\" data-element_type=\"widget\" data-e-type=\"widget\" data-widget_type=\"heading.default\">\n\t\t\t\t\t<h2 class=\"elementor-heading-title elementor-size-default\">Excurs\u00e3o \u00e0 Montanha Arco-\u00cdris Vinicunca\n\n\n\n<\/h2>\t\t\t\t<\/div>\n\t\t<div class=\"elementor-element elementor-element-6648a9e e-con-full e-flex wpr-particle-no wpr-jarallax-no wpr-parallax-no wpr-sticky-section-no e-con e-child\" data-id=\"6648a9e\" data-element_type=\"container\" data-e-type=\"container\" data-settings=\"{&quot;background_background&quot;:&quot;classic&quot;}\">\n\t\t\t\t<\/div>\n\t\t\t\t<\/div>\n\t\t<div class=\"elementor-element elementor-element-8620c99 e-flex e-con-boxed wpr-particle-no wpr-jarallax-no wpr-parallax-no wpr-sticky-section-no e-con e-parent\" data-id=\"8620c99\" data-element_type=\"container\" data-e-type=\"container\">\n\t\t\t\t\t<div class=\"e-con-inner\">\n\t\t\t\t<div class=\"elementor-element elementor-element-61ae41f elementor-widget__width-initial elementor-widget elementor-widget-text-editor\" data-id=\"61ae41f\" data-element_type=\"widget\" data-e-type=\"widget\" data-widget_type=\"text-editor.default\">\n\t\t\t\t\t\t\t\t\t<div id=\"u47967-4\" class=\"clearfix colelem shared_content\" data-muse-uid=\"U47967\" data-muse-type=\"txt_frame\" data-ibe-flags=\"txtStyleSrc\" data-sizepolicy=\"fixed\" data-pintopage=\"page_fixedCenter\" data-content-guid=\"u47967-4_content\"><div id=\"u54718-7\" class=\"clearfix colelem shared_content\" data-muse-uid=\"U54718\" data-muse-type=\"txt_frame\" data-ibe-flags=\"txtStyleSrc\" data-sizepolicy=\"fixed\" data-pintopage=\"page_fixedCenter\" data-content-guid=\"u54718-7_content\"><p><strong>DESCRI\u00c7\u00c3O:<\/strong><\/p><p>As montanhas Vinicunca, no Peru, s\u00e3o deslumbrantes e podem ser vistas na espetacular trilha de Ausangate. A pr\u00f3pria montanha Ausangate \u00e9 considerada sagrada (ou um esp\u00edrito da montanha) pelos peruanos e \u00e9 a divindade de Cusco; desde os tempos pr\u00e9-incas, a montanha tem sido um local de culto e oferendas, e essa tradi\u00e7\u00e3o continua at\u00e9 hoje.<\/p><p>A maioria das excurs\u00f5es que permitem visitar as Montanhas Arco-\u00cdris exige uma caminhada de 2 a 6 dias, mas isso mudou com este novo roteiro. Planejamos esta trilha para que possa ser feita em um \u00fanico dia!<\/p><\/div><\/div>\t\t\t\t\t\t\t\t<\/div>\n\t\t\t\t<div class=\"elementor-element elementor-element-84f5a8a e-n-tabs-mobile elementor-widget elementor-widget-n-tabs\" data-id=\"84f5a8a\" data-element_type=\"widget\" data-e-type=\"widget\" data-settings=\"{&quot;_animation&quot;:&quot;none&quot;,&quot;tabs_justify_horizontal&quot;:&quot;stretch&quot;,&quot;horizontal_scroll&quot;:&quot;disable&quot;}\" data-widget_type=\"nested-tabs.default\">\n\t\t\t\t\t\t\t<div class=\"e-n-tabs\" data-widget-number=\"139418250\" aria-label=\"Abas. Abra itens com &quot;Enter&quot; ou &quot;Espa\u00e7o&quot;, feche com &quot;Escape&quot; e navegue usando as teclas de &quot;Seta&quot;.\">\n\t\t\t<div class=\"e-n-tabs-heading\" role=\"tablist\">\n\t\t\t\t\t<button id=\"e-n-tab-title-1394182501\" data-tab-title-id=\"e-n-tab-title-1394182501\" class=\"e-n-tab-title\" aria-selected=\"true\" data-tab-index=\"1\" role=\"tab\" tabindex=\"0\" aria-controls=\"e-n-tab-content-1394182501\" style=\"--n-tabs-title-order: 1;\">\n\t\t\t\t\t\t<span class=\"e-n-tab-title-text\">\n\t\t\t\tVis\u00e3o geral\t\t\t<\/span>\n\t\t<\/button>\n\t\t\t\t<button id=\"e-n-tab-title-1394182502\" data-tab-title-id=\"e-n-tab-title-1394182502\" class=\"e-n-tab-title\" aria-selected=\"false\" data-tab-index=\"2\" role=\"tab\" tabindex=\"-1\" aria-controls=\"e-n-tab-content-1394182502\" style=\"--n-tabs-title-order: 2;\">\n\t\t\t\t\t\t<span class=\"e-n-tab-title-text\">\n\t\t\t\tItiner\u00e1rio\t\t\t<\/span>\n\t\t<\/button>\n\t\t\t\t<button id=\"e-n-tab-title-1394182503\" data-tab-title-id=\"e-n-tab-title-1394182503\" class=\"e-n-tab-title\" aria-selected=\"false\" data-tab-index=\"3\" role=\"tab\" tabindex=\"-1\" aria-controls=\"e-n-tab-content-1394182503\" style=\"--n-tabs-title-order: 3;\">\n\t\t\t\t\t\t<span class=\"e-n-tab-title-text\">\n\t\t\t\tInclu\u00eddo\t\t\t<\/span>\n\t\t<\/button>\n\t\t\t\t<button id=\"e-n-tab-title-1394182504\" data-tab-title-id=\"e-n-tab-title-1394182504\" class=\"e-n-tab-title\" aria-selected=\"false\" data-tab-index=\"4\" role=\"tab\" tabindex=\"-1\" aria-controls=\"e-n-tab-content-1394182504\" style=\"--n-tabs-title-order: 4;\">\n\t\t\t\t\t\t<span class=\"e-n-tab-title-text\">\n\t\t\t\tPre\u00e7os\t\t\t<\/span>\n\t\t<\/button>\n\t\t\t\t\t<\/div>\n\t\t\t<div class=\"e-n-tabs-content\">\n\t\t\t\t<div id=\"e-n-tab-content-1394182501\" role=\"tabpanel\" aria-labelledby=\"e-n-tab-title-1394182501\" data-tab-index=\"1\" style=\"--n-tabs-title-order: 1;\" class=\"e-active elementor-element elementor-element-94e590d e-con-full e-flex wpr-particle-no wpr-jarallax-no wpr-parallax-no wpr-sticky-section-no e-con e-child\" data-id=\"94e590d\" data-element_type=\"container\" data-e-type=\"container\">\n\t\t<div class=\"elementor-element elementor-element-2d751ac e-con-full animated-slow e-flex wpr-particle-no wpr-jarallax-no wpr-parallax-no wpr-sticky-section-no elementor-invisible e-con e-child\" data-id=\"2d751ac\" data-element_type=\"container\" data-e-type=\"container\" data-settings=\"{&quot;background_background&quot;:&quot;classic&quot;,&quot;animation&quot;:&quot;fadeIn&quot;}\">\n\t\t\t\t<\/div>\n\t\t\t\t<div class=\"elementor-element elementor-element-5d20cd5 elementor-widget__width-initial elementor-widget elementor-widget-text-editor\" data-id=\"5d20cd5\" data-element_type=\"widget\" data-e-type=\"widget\" data-widget_type=\"text-editor.default\">\n\t\t\t\t\t\t\t\t\t<p>Na trilha da Montanha Arco-\u00cdris Vinicunca, voc\u00ea ver\u00e1 vilarejos pitorescos, belas casas em estilo adobe, rebanhos de lhamas e alpacas, al\u00e9m de vistas magn\u00edficas da geleira Ausangate (6.385 m), a montanha mais alta da regi\u00e3o de Cusco. Com beleza e tranquilidade ininterruptas, esta \u00e9 uma viagem espetacular para os amantes de uma verdadeira aventura ao ar livre.<\/p><p>\u00a0<\/p><p><strong><span id=\"u54735-4\">Dist\u00e2ncia percorrida<\/span>:<\/strong> 8 km \/ 4,97 ml<\/p><p><strong><span id=\"u54735-7\">Altitude inicial\/m\u00ednima:<\/span><\/strong>\u00a04.450 m \/ 14.600 p\u00e9s<\/p><p><span id=\"u54735-10\"><strong>Altitude m\u00e1xima:<\/strong>\u00a0<\/span>5.200 m \/ 17.060 p\u00e9s<\/p><p><span id=\"u54735-13\"><strong>Dificuldade geral da trilha:<\/strong>\u00a0<\/span>Desafiante*<\/p>\t\t\t\t\t\t\t\t<\/div>\n\t\t\t\t<\/div>\n\t\t<div id=\"e-n-tab-content-1394182502\" role=\"tabpanel\" aria-labelledby=\"e-n-tab-title-1394182502\" data-tab-index=\"2\" style=\"--n-tabs-title-order: 2;\" class=\"elementor-element elementor-element-2d5725f e-con-full e-flex wpr-particle-no wpr-jarallax-no wpr-parallax-no wpr-sticky-section-no e-con e-child\" data-id=\"2d5725f\" data-element_type=\"container\" data-e-type=\"container\">\n\t\t<div class=\"elementor-element elementor-element-2df2eb8 e-con-full animated-slow e-flex wpr-particle-no wpr-jarallax-no wpr-parallax-no wpr-sticky-section-no elementor-invisible e-con e-child\" data-id=\"2df2eb8\" data-element_type=\"container\" data-e-type=\"container\" data-settings=\"{&quot;background_background&quot;:&quot;classic&quot;,&quot;animation&quot;:&quot;fadeIn&quot;}\">\n\t\t\t\t<\/div>\n\t\t\t\t<div class=\"elementor-element elementor-element-5462b0a elementor-widget__width-initial elementor-widget elementor-widget-text-editor\" data-id=\"5462b0a\" data-element_type=\"widget\" data-e-type=\"widget\" data-widget_type=\"text-editor.default\">\n\t\t\t\t\t\t\t\t\t<p>\u00a0<\/p><p id=\"u54729-2\"><strong>Roteiro: Excurs\u00e3o \u00e0 Montanha Arco-\u00cdris em Vinicunca<\/strong><\/p><p>\u00a0<\/p><p id=\"u54729-5\">Buscaremos voc\u00ea \u00e0s 6h em seu hotel em Cusco e partiremos em um passeio pelo Vale do Sul. A viagem at\u00e9 o in\u00edcio da trilha (4.450 m \/ 14.600 p\u00e9s) dura 3 horas. Ao chegarmos \u00e0 vila de Cusipata, ap\u00f3s 2 horas de viagem, tomaremos um farto caf\u00e9 da manh\u00e3 americano. Em seguida, seguiremos por mais uma hora at\u00e9 o in\u00edcio da trilha.<\/p><p id=\"u54729-8\">Em seguida, iniciaremos nossa caminhada, seguindo uma trilha encantadora, logo surpreendidos por rebanhos de alpacas e lhamas, al\u00e9m de desfrutarmos de vistas constantes da montanha Ausangate. Tamb\u00e9m caminharemos por vilarejos e interagiremos com os moradores locais.<\/p><p id=\"u54729-11\">Nesta trilha, encontramos mais elementos tradicionais, como planta\u00e7\u00f5es de batata e fauna singular. Temos a possibilidade de avistar aves locais e vicunhas, os \u00fanicos animais n\u00e3o domesticados da fam\u00edlia das lhamas no Peru. As montanhas vermelhas tamb\u00e9m s\u00e3o um destaque desta parte da caminhada.<\/p><p id=\"u54729-14\">Ap\u00f3s uma caminhada de aproximadamente 2 horas, finalmente chegamos ao nosso destino, o que viemos ver\u2026 a Montanha Arco-\u00cdris (5.200 m). Depois de se recuperar do impacto de sua beleza, voc\u00ea ter\u00e1 tempo para explorar a \u00e1rea. Tempo suficiente para tirar fotos e apreciar a paisagem. Nesse ponto, \u00e9 hora de descer. Caminharemos montanha abaixo pelo mesmo caminho da subida. A caminhada levar\u00e1 1 hora e 30 minutos. Nossa van particular estar\u00e1 nos esperando na volta. Faremos um trajeto de 1 hora de volta \u00e0 cidade de Cusipata para almo\u00e7armos e, em seguida, mais 2 horas de volta a Cusco, onde o deixaremos em seu hotel. O hor\u00e1rio aproximado de chegada \u00e9 entre 16h e 17h.<\/p><ul id=\"u54729-30\" class=\"list0 nls-None\"><li id=\"u54729-17\">Refei\u00e7\u00f5es: Caf\u00e9 da manh\u00e3\/almo\u00e7o americano ou (op\u00e7\u00e3o de marmita)<\/li><li id=\"u54729-19\">Altitude m\u00ednima: 4.450 m \/ 14.600 p\u00e9s<\/li><li id=\"u54729-21\">Altitude m\u00e1xima: 5.200 m \/ 17.060 p\u00e9s<\/li><li id=\"u54729-23\">Dist\u00e2ncia a percorrer a p\u00e9: 8 km \/ 4,97 milhas<\/li><li id=\"u54729-27\">Tempo aproximado de caminhada: 2 horas para subir; 1 hora e 30 minutos para descer.<\/li><li id=\"u54729-29\">N\u00edvel de dificuldade: Desafiador<\/li><\/ul>\t\t\t\t\t\t\t\t<\/div>\n\t\t\t\t<\/div>\n\t\t<div id=\"e-n-tab-content-1394182503\" role=\"tabpanel\" aria-labelledby=\"e-n-tab-title-1394182503\" data-tab-index=\"3\" style=\"--n-tabs-title-order: 3;\" class=\"elementor-element elementor-element-7c01974 e-con-full e-flex wpr-particle-no wpr-jarallax-no wpr-parallax-no wpr-sticky-section-no e-con e-child\" data-id=\"7c01974\" data-element_type=\"container\" data-e-type=\"container\">\n\t\t<div class=\"elementor-element elementor-element-cf848f1 e-con-full animated-slow e-flex wpr-particle-no wpr-jarallax-no wpr-parallax-no wpr-sticky-section-no elementor-invisible e-con e-child\" data-id=\"cf848f1\" data-element_type=\"container\" data-e-type=\"container\" data-settings=\"{&quot;background_background&quot;:&quot;classic&quot;,&quot;animation&quot;:&quot;fadeIn&quot;}\">\n\t\t\t\t<\/div>\n\t\t\t\t<div class=\"elementor-element elementor-element-8872907 elementor-widget__width-initial elementor-widget elementor-widget-text-editor\" data-id=\"8872907\" data-element_type=\"widget\" data-e-type=\"widget\" data-widget_type=\"text-editor.default\">\n\t\t\t\t\t\t\t\t\t<div id=\"pu1093\" class=\"clearfix grpelem\"><div id=\"tab-panelu54720\" class=\"TabbedPanelsWidget clearfix colelem\" role=\"tablist\" data-sizepolicy=\"fixed\" data-pintopage=\"page_fixedCenter\"><div id=\"u54721\" class=\"TabbedPanelsContentGroup clearfix colelem\"><div id=\"u54722\" class=\"TabbedPanelsContent clearfix grpelem TabbedPanelsContentVisible\" role=\"tabpanel\" aria-labelledby=\"u54745\"><div id=\"u54725-74\" class=\"clearfix grpelem\" data-muse-uid=\"U54725\" data-muse-type=\"txt_frame\" data-ibe-flags=\"txtStyleSrc\" data-sizepolicy=\"fixed\" data-pintopage=\"page_fixedCenter\"><p>\u00a0<\/p><p id=\"u54725-5\"><strong>Servi\u00e7os inclu\u00eddos:<\/strong><\/p><ul id=\"u54725-19\" class=\"list0 nls-None\"><li id=\"u54725-8\">Guia tur\u00edstico profissional bil\u00edngue (ingl\u00eas e portugu\u00eas) (guia adicional para grupos de nove pessoas ou mais)<\/li><li id=\"u54725-10\">Traslado do seu hotel at\u00e9 o in\u00edcio da trilha.<\/li><li id=\"u54725-12\">Transporte de retorno do in\u00edcio da trilha at\u00e9 o seu hotel em Cusco.<\/li><li id=\"u54725-14\">Um caf\u00e9 da manh\u00e3 americano, almo\u00e7o ou (marmita)<\/li><li id=\"u54725-16\">Cilindro de oxig\u00eanio de emerg\u00eancia e kit m\u00e9dico.<\/li><li id=\"u54725-18\">Taxa de entrada para a Montanha Arco-\u00cdris<\/li><\/ul><p>\u00a0<\/p><p id=\"u54725-22\"><strong>Servi\u00e7os n\u00e3o inclu\u00eddos:<\/strong><\/p><ul id=\"u54725-30\" class=\"list0 nls-None\"><li id=\"u54725-25\">Bast\u00f5es de caminhada \u2013 voc\u00ea pode alug\u00e1-los conosco.<\/li><li id=\"u54725-27\">Pontas<\/li><li id=\"u54725-29\">Seguro de viagem\/sa\u00fade\/emerg\u00eancia<\/li><\/ul><p>\u00a0<\/p><p id=\"u54725-33\"><strong>O que levar:<\/strong><\/p><ul id=\"u54725-57\" class=\"list0 nls-None\"><li id=\"u54725-36\">Passaporte original ou c\u00f3pia<\/li><li id=\"u54725-38\">\u00c1gua<\/li><li id=\"u54725-40\">Jaqueta imperme\u00e1vel \/ poncho de acordo com a esta\u00e7\u00e3o<\/li><li id=\"u54725-42\">Gorro e luvas de inverno<\/li><li id=\"u54725-44\">Cal\u00e7as de chuva<\/li><li id=\"u54725-46\">Lanches<\/li><li id=\"u54725-48\">Protetor solar com fator 35+ recomendado<\/li><li id=\"u54725-50\">\u00d3culos de sol e chap\u00e9u de sol<\/li><li id=\"u54725-52\">C\u00e2mera com baterias sobressalentes \u2013 as baterias descarregam mais r\u00e1pido em grandes altitudes.<\/li><li id=\"u54725-54\">Bin\u00f3culos<\/li><li id=\"u54725-56\">Bast\u00f5es de caminhada (recomendados especialmente para as descidas \u00edngremes, podem ser alugados conosco).<\/li><\/ul><p>\u00a0<\/p><p id=\"u54725-60\"><strong>Nossa classifica\u00e7\u00e3o de trilhas \u00e9 a seguinte:<\/strong><\/p><ul id=\"u54725-72\" class=\"list0 nls-None\"><li id=\"u54725-63\">F\u00e1cil<\/li><li id=\"u54725-65\">Moderado<\/li><li id=\"u54725-67\">Dif\u00edcil<\/li><li id=\"u54725-69\"><span id=\"u54725-68\">Desafiante<\/span><\/li><li id=\"u54725-71\">Exigente<\/li><\/ul><\/div><\/div><\/div><\/div><\/div>\t\t\t\t\t\t\t\t<\/div>\n\t\t\t\t<\/div>\n\t\t<div id=\"e-n-tab-content-1394182504\" role=\"tabpanel\" aria-labelledby=\"e-n-tab-title-1394182504\" data-tab-index=\"4\" style=\"--n-tabs-title-order: 4;\" class=\"elementor-element elementor-element-3449c55 e-con-full e-flex wpr-particle-no wpr-jarallax-no wpr-parallax-no wpr-sticky-section-no e-con e-child\" data-id=\"3449c55\" data-element_type=\"container\" data-e-type=\"container\">\n\t\t\t\t<div class=\"elementor-element elementor-element-2aee766 elementor-widget__width-initial elementor-widget elementor-widget-text-editor\" data-id=\"2aee766\" data-element_type=\"widget\" data-e-type=\"widget\" data-widget_type=\"text-editor.default\">\n\t\t\t\t\t\t\t\t\t<p>\u00a0<\/p><p id=\"u54727-2\"><strong>Pre\u00e7os \u2013 Rainbow Mountain Vinicunca<\/strong><\/p><p>\u00a0<\/p><p id=\"u54727-5\"><strong>SERVI\u00c7O DE GRUPO COMPARTILHADO: 2024<\/strong><\/p><ul id=\"u54727-8\" class=\"list0 nls-None\"><li id=\"u54727-7\">Pre\u00e7o por pessoa US$ 100 Inclui: Transporte de ida e volta, guia, caf\u00e9 da manh\u00e3 e almo\u00e7o embalado, taxa de entrada (Tamanho do grupo: 4 a 10 pessoas)<\/li><\/ul><p>\u00a0<\/p><p id=\"u54727-11\"><strong>SERVI\u00c7O PARTICULAR:<\/strong><\/p><ul id=\"u54727-14\" class=\"list0 nls-None\"><li id=\"u54727-13\">EUA $ 140 POR PESSOA<\/li><\/ul>\t\t\t\t\t\t\t\t<\/div>\n\t\t\t\t<\/div>\n\t\t\t\t\t<\/div>\n\t\t<\/div>\n\t\t\t\t\t\t<\/div>\n\t\t\t\t\t<\/div>\n\t\t\t\t<\/div>\n\t\t<div class=\"elementor-element elementor-element-b004eef e-flex e-con-boxed wpr-particle-no wpr-jarallax-no wpr-parallax-no wpr-sticky-section-no e-con e-parent\" data-id=\"b004eef\" data-element_type=\"container\" data-e-type=\"container\">\n\t\t\t\t\t<div class=\"e-con-inner\">\n\t\t\t\t<div class=\"elementor-element elementor-element-831001b elementor-widget elementor-widget-spacer\" data-id=\"831001b\" data-element_type=\"widget\" data-e-type=\"widget\" data-widget_type=\"spacer.default\">\n\t\t\t\t\t\t\t<div class=\"elementor-spacer\">\n\t\t\t<div class=\"elementor-spacer-inner\"><\/div>\n\t\t<\/div>\n\t\t\t\t\t\t<\/div>\n\t\t\t\t\t<\/div>\n\t\t\t\t<\/div>\n\t\t\t\t<\/div>","protected":false},"excerpt":{"rendered":"<p>Rainbow Mountain Vinicunca Tour DESCRIPTION: The Rainbow Mountain Vinicunca in Peru, are stunning and can be seen on the spectacular Ausangate Trek. Ausangate mountain itself is considered a holy mountain (or mountain spirit) by local Peruvians and is the deity of Cusco; Since pre-Inca times the mountain has been a place of worship and offerings and this tradition continues today. Most trips that allow you to see the Rainbow Mountains require a trek of\u00a0 2 to 6 days but That has changed with this brand new itinerary. We have designed this hike so that it can be done as a day trip! Overview Itinerary Included Prices Rainbow Mountain Vinicunca trek you will see quaint villages, beautiful adobe style houses, herds of llamas and alpacas and you will have magnificent views of the Ausangate Glacier (6,385 m \/ 20,945 ft), the highest mountain in the Cusco region. With uninterrupted beauty and solitude, this is a spectacular trip for trekkers who love a true outdoor adventure. \u00a0 Distance hiked: 8km \/ 4.97 ml Starting \/ minimum altitude:\u00a04,450 m \/ 14,600 ft Maximum altitude:\u00a05,200 m \/ 17,060 ft Overall trek difficulty:\u00a0Challenging* \u00a0 Itinerary : Rainbow Mountain Vinicunca Tour \u00a0 We will pick you up at 6:00am from your Cusco hotel and set out on a drive through the South Valley. The drive to the trailhead\u00a0 (4,450 m \/ 14,600 ft) is 3 hours long. Once we reach the to cusipata village after 2 hours driving, we will have a fueling american breakfast. then we drive\u00a0 one hour more to the trail head. We then start off on our hike, following a lovely trail immediately surprised by literally herds of alpacas and llamas, also will have consistent views of the Ausangate Mountain also We will hike through villages and interact with the local residents. We encounter more of the traditional elements of this trek. This includes potato fields and unique fauna. We have the prospect of seeing local birds and vicunas. Vicunas are the only non-domesticated animal of the llama family in Peru. Many red mountains are also a highlight of this portion of the hike. After a total hike of approximately 2 hours, we finally reach our destination, what we came to see\u2026.the Rainbow Mountain (5,200 m \/ 17,060 ft). After getting over the shock of their beauty, you will have time to explore the area. Enough\u00a0 time to take pictures and soak in the environment. At this point, it is time to go back down. We hike downhill the way we came. The hike will take 1:30 hours. Our private van will be waiting for us when we return. We will embark on the 1\u00a0 hour drive back\u00a0 to cusipata town to have our luch then 2 hours back to Cusco and drop you off at your Cusco hotel. Approximate arrival time is between 4 to 5 PM. Meals: American Breakfast \/ lunch\u00a0 or (Box lunch\u00a0 is an option) Lowest Elevation: 4,450m \/ 14,600 ft Highest Elevation: 5,200 m \/ 17,060 ft Distance to walk: 8km \/ 4.97 miles Approximate walking time: 2 to\u00a0 hours up; 1.30 hours down Level of Difficulty: Challenging \u00a0 Services Included: Professional Bilingual English speaking tour guide (additional tour guide for groups of nine people or more) Pick up from your hotel and transportation to trailhead Return transportation from trailhead to your Cusco hotel One American breakfast, lunch\u00a0 or ( box lunch) Emergency oxygen bottle and medical kit. Entrance fee to Rainbow Mountain \u00a0 Services Not Included: Trekking poles \u2013 you can rent them from us Tips Travel \/Health \/ Emergency insurance \u00a0 What to bring: Original passport\u00a0 or\u00a0 copy Water Rain jacket \/ poncho\u00a0 according of the season Winter hat and gloves Rain pants Snacks Sun block, factor 35+ recommended Sunglasses and sun hat Camera with spare batteries \u2013 batteries run down faster at high altitudes Binoculars Trekking poles (recommended especially for the steep descents, can be rented from us). \u00a0 Our trek rankings are the following Easy Moderate Difficult Challenging Demanding \u00a0 Prices \u2013 Rainbow Mountain Vinicunca \u00a0 SHARED GROUP SERVICE: 2024 Price per person US$ 100 Includes: Transportation round trip, Guide, Breakfast &amp; box Lunch, Entrance fee(Group size: 04 \u2013 10 ppl) \u00a0 PRIVATE\u00a0 SERVICE: US $ 140 PER PERSON Rainbow Mountain Vinicunca trek you will see quaint villages, beautiful adobe style houses, herds of llamas and alpacas and you will have magnificent views of the Ausangate Glacier (6,385 m \/ 20,945 ft), the highest mountain in the Cusco region. With uninterrupted beauty and solitude, this is a spectacular trip for trekkers who love a true outdoor adventure. \u00a0 Distance hiked: 8km \/ 4.97 ml Starting \/ minimum altitude:\u00a04,450 m \/ 14,600 ft Maximum altitude:\u00a05,200 m \/ 17,060 ft Overall trek difficulty:\u00a0Challenging* \u00a0 Itinerary : Rainbow Mountain Vinicunca Tour \u00a0 We will pick you up at 6:00am from your Cusco hotel and set out on a drive through the South Valley. The drive to the trailhead\u00a0 (4,450 m \/ 14,600 ft) is 3 hours long. Once we reach the to cusipata village after 2 hours driving, we will have a fueling american breakfast. then we drive\u00a0 one hour more to the trail head. We then start off on our hike, following a lovely trail immediately surprised by literally herds of alpacas and llamas, also will have consistent views of the Ausangate Mountain also We will hike through villages and interact with the local residents. We encounter more of the traditional elements of this trek. This includes potato fields and unique fauna. We have the prospect of seeing local birds and vicunas. Vicunas are the only non-domesticated animal of the llama family in Peru. Many red mountains are also a highlight of this portion of the hike. After a total hike of approximately 2 hours, we finally reach our destination, what we came to see\u2026.the Rainbow Mountain (5,200 m \/ 17,060 ft). After getting over the shock of their beauty, you will have time to explore the area. Enough\u00a0 time to take pictures and<\/p>","protected":false},"author":1,"featured_media":0,"parent":0,"menu_order":0,"comment_status":"closed","ping_status":"closed","template":"","meta":{"_eb_attr":"","footnotes":""},"class_list":["post-2201","page","type-page","status-publish","hentry"],"_hostinger_reach_plugin_has_subscription_block":false,"_hostinger_reach_plugin_is_elementor":false,"_links":{"self":[{"href":"https:\/\/apurimacadventures.com\/pt\/wp-json\/wp\/v2\/pages\/2201","targetHints":{"allow":["GET"]}}],"collection":[{"href":"https:\/\/apurimacadventures.com\/pt\/wp-json\/wp\/v2\/pages"}],"about":[{"href":"https:\/\/apurimacadventures.com\/pt\/wp-json\/wp\/v2\/types\/page"}],"author":[{"embeddable":true,"href":"https:\/\/apurimacadventures.com\/pt\/wp-json\/wp\/v2\/users\/1"}],"replies":[{"embeddable":true,"href":"https:\/\/apurimacadventures.com\/pt\/wp-json\/wp\/v2\/comments?post=2201"}],"version-history":[{"count":12,"href":"https:\/\/apurimacadventures.com\/pt\/wp-json\/wp\/v2\/pages\/2201\/revisions"}],"predecessor-version":[{"id":2918,"href":"https:\/\/apurimacadventures.com\/pt\/wp-json\/wp\/v2\/pages\/2201\/revisions\/2918"}],"wp:attachment":[{"href":"https:\/\/apurimacadventures.com\/pt\/wp-json\/wp\/v2\/media?parent=2201"}],"curies":[{"name":"wp","href":"https:\/\/api.w.org\/{rel}","templated":true}]}}