{"id":2193,"date":"2025-11-09T02:06:51","date_gmt":"2025-11-09T02:06:51","guid":{"rendered":"https:\/\/apurimacadventures.com\/?page_id=2193"},"modified":"2025-12-06T13:09:18","modified_gmt":"2025-12-06T13:09:18","slug":"excursao-de-meio-dia-pela-cidade-de-cusco","status":"publish","type":"page","link":"https:\/\/apurimacadventures.com\/pt\/cusco-city-tour-half-day\/","title":{"rendered":"Excurs\u00e3o pela cidade de Cusco \u2013 Meio dia"},"content":{"rendered":"<div data-elementor-type=\"wp-page\" data-elementor-id=\"2193\" class=\"elementor elementor-2193\" data-elementor-post-type=\"page\">\n\t\t\t\t<div class=\"elementor-element elementor-element-08fadc6 e-con-full e-flex wpr-particle-no wpr-jarallax-no wpr-parallax-no wpr-sticky-section-no e-con e-parent\" data-id=\"08fadc6\" data-element_type=\"container\" data-e-type=\"container\" data-settings=\"{&quot;background_background&quot;:&quot;classic&quot;}\">\n\t\t\t\t<div class=\"elementor-element elementor-element-5b1bc66 elementor-widget elementor-widget-heading\" data-id=\"5b1bc66\" data-element_type=\"widget\" data-e-type=\"widget\" data-widget_type=\"heading.default\">\n\t\t\t\t\t<h2 class=\"elementor-heading-title elementor-size-default\">Excurs\u00e3o pela cidade de Cusco \u2013 Meio dia\n\n\n\n<\/h2>\t\t\t\t<\/div>\n\t\t<div class=\"elementor-element elementor-element-6648a9e e-con-full e-flex wpr-particle-no wpr-jarallax-no wpr-parallax-no wpr-sticky-section-no e-con e-child\" data-id=\"6648a9e\" data-element_type=\"container\" data-e-type=\"container\" data-settings=\"{&quot;background_background&quot;:&quot;classic&quot;}\">\n\t\t\t\t<\/div>\n\t\t\t\t<\/div>\n\t\t<div class=\"elementor-element elementor-element-8620c99 e-flex e-con-boxed wpr-particle-no wpr-jarallax-no wpr-parallax-no wpr-sticky-section-no e-con e-parent\" data-id=\"8620c99\" data-element_type=\"container\" data-e-type=\"container\">\n\t\t\t\t\t<div class=\"e-con-inner\">\n\t\t\t\t<div class=\"elementor-element elementor-element-61ae41f elementor-widget__width-initial elementor-widget elementor-widget-text-editor\" data-id=\"61ae41f\" data-element_type=\"widget\" data-e-type=\"widget\" data-widget_type=\"text-editor.default\">\n\t\t\t\t\t\t\t\t\t<div id=\"u47967-4\" class=\"clearfix colelem shared_content\" data-muse-uid=\"U47967\" data-muse-type=\"txt_frame\" data-ibe-flags=\"txtStyleSrc\" data-sizepolicy=\"fixed\" data-pintopage=\"page_fixedCenter\" data-content-guid=\"u47967-4_content\"><strong>DESCRI\u00c7\u00c3O:<\/strong><div id=\"u54364-7\" class=\"clearfix colelem shared_content\" data-muse-uid=\"U54364\" data-muse-type=\"txt_frame\" data-ibe-flags=\"txtStyleSrc\" data-sizepolicy=\"fixed\" data-pintopage=\"page_fixedCenter\" data-content-guid=\"u54364-7_content\"><p>Cusco \u00e9 uma fascinante mistura de duas culturas \u2013 a inca e a espanhola \u2013 o que confere \u00e0 cidade uma atmosfera \u00fanica, diferente de tudo que voc\u00ea j\u00e1 viu no Peru. Edif\u00edcios coloniais, com seus detalhes em madeira trabalhada, erguem-se sobre muralhas de pedra incas primorosamente constru\u00eddas. A hist\u00f3ria dessas muralhas \u00e9 parte fundamental da hist\u00f3ria da cidade \u2013 uma hist\u00f3ria repleta de beleza, mitologia e conflitos. Nosso passeio \u00e9 flex\u00edvel. Adaptaremos o roteiro \u00e0 sua agenda e interesses. Alguns dos locais mais populares s\u00e3o o impressionante Templo do Sol (Qoricancha), a fortaleza no topo da colina de Sacsayhuaman, Qenqo, Puca Pucara e um passeio a p\u00e9 pela cidade, incluindo o mercado local de San Pedro. Este passeio pela cidade \u00e9 uma excelente introdu\u00e7\u00e3o \u00e0 hist\u00f3ria do Peru.<\/p><\/div><\/div>\t\t\t\t\t\t\t\t<\/div>\n\t\t\t\t<div class=\"elementor-element elementor-element-84f5a8a e-n-tabs-mobile elementor-widget elementor-widget-n-tabs\" data-id=\"84f5a8a\" data-element_type=\"widget\" data-e-type=\"widget\" data-settings=\"{&quot;_animation&quot;:&quot;none&quot;,&quot;tabs_justify_horizontal&quot;:&quot;stretch&quot;,&quot;horizontal_scroll&quot;:&quot;disable&quot;}\" data-widget_type=\"nested-tabs.default\">\n\t\t\t\t\t\t\t<div class=\"e-n-tabs\" data-widget-number=\"139418250\" aria-label=\"Pesta\u00f1as. Abre elementos con Intro o Espacio, ci\u00e9rralos con Escape y navega con las fechas.\">\n\t\t\t<div class=\"e-n-tabs-heading\" role=\"tablist\">\n\t\t\t\t\t<button id=\"e-n-tab-title-1394182501\" data-tab-title-id=\"e-n-tab-title-1394182501\" class=\"e-n-tab-title\" aria-selected=\"true\" data-tab-index=\"1\" role=\"tab\" tabindex=\"0\" aria-controls=\"e-n-tab-content-1394182501\" style=\"--n-tabs-title-order: 1;\">\n\t\t\t\t\t\t<span class=\"e-n-tab-title-text\">\n\t\t\t\tVis\u00e3o geral\t\t\t<\/span>\n\t\t<\/button>\n\t\t\t\t<button id=\"e-n-tab-title-1394182502\" data-tab-title-id=\"e-n-tab-title-1394182502\" class=\"e-n-tab-title\" aria-selected=\"false\" data-tab-index=\"2\" role=\"tab\" tabindex=\"-1\" aria-controls=\"e-n-tab-content-1394182502\" style=\"--n-tabs-title-order: 2;\">\n\t\t\t\t\t\t<span class=\"e-n-tab-title-text\">\n\t\t\t\tItiner\u00e1rio\t\t\t<\/span>\n\t\t<\/button>\n\t\t\t\t<button id=\"e-n-tab-title-1394182503\" data-tab-title-id=\"e-n-tab-title-1394182503\" class=\"e-n-tab-title\" aria-selected=\"false\" data-tab-index=\"3\" role=\"tab\" tabindex=\"-1\" aria-controls=\"e-n-tab-content-1394182503\" style=\"--n-tabs-title-order: 3;\">\n\t\t\t\t\t\t<span class=\"e-n-tab-title-text\">\n\t\t\t\tInclu\u00eddo\t\t\t<\/span>\n\t\t<\/button>\n\t\t\t\t<button id=\"e-n-tab-title-1394182504\" data-tab-title-id=\"e-n-tab-title-1394182504\" class=\"e-n-tab-title\" aria-selected=\"false\" data-tab-index=\"4\" role=\"tab\" tabindex=\"-1\" aria-controls=\"e-n-tab-content-1394182504\" style=\"--n-tabs-title-order: 4;\">\n\t\t\t\t\t\t<span class=\"e-n-tab-title-text\">\n\t\t\t\tPre\u00e7os\t\t\t<\/span>\n\t\t<\/button>\n\t\t\t\t\t<\/div>\n\t\t\t<div class=\"e-n-tabs-content\">\n\t\t\t\t<div id=\"e-n-tab-content-1394182501\" role=\"tabpanel\" aria-labelledby=\"e-n-tab-title-1394182501\" data-tab-index=\"1\" style=\"--n-tabs-title-order: 1;\" class=\"e-active elementor-element elementor-element-94e590d e-con-full e-flex wpr-particle-no wpr-jarallax-no wpr-parallax-no wpr-sticky-section-no e-con e-child\" data-id=\"94e590d\" data-element_type=\"container\" data-e-type=\"container\">\n\t\t<div class=\"elementor-element elementor-element-2d751ac e-con-full animated-slow e-flex wpr-particle-no wpr-jarallax-no wpr-parallax-no wpr-sticky-section-no elementor-invisible e-con e-child\" data-id=\"2d751ac\" data-element_type=\"container\" data-e-type=\"container\" data-settings=\"{&quot;background_background&quot;:&quot;classic&quot;,&quot;animation&quot;:&quot;fadeIn&quot;}\">\n\t\t\t\t<\/div>\n\t\t\t\t<div class=\"elementor-element elementor-element-5d20cd5 elementor-widget__width-initial elementor-widget elementor-widget-text-editor\" data-id=\"5d20cd5\" data-element_type=\"widget\" data-e-type=\"widget\" data-widget_type=\"text-editor.default\">\n\t\t\t\t\t\t\t\t\t<p><strong><span id=\"u54412\">Locais visitados:<\/span>\u00a0<\/strong>Qorikancha (Templo do Sol Inca), Sacsayhuaman, Qenqo, Puca Pucara, mercado de san pedro Passeio a p\u00e9 na cidade de Cusco<\/p><p><strong><span id=\"u54412-4\">Estilo da viagem:\u00a0<\/span><\/strong>Passeios Culturais em Cusco<\/p><p><strong><span id=\"u54412-7\">Comprimento           :<\/span>\u00a0<\/strong>Meio dia<\/p><p><strong><span id=\"u54412-10\">Frequ\u00eancia:<\/span>\u00a0<\/strong>Diariamente<\/p><p><strong><span id=\"u54412-13\">Grupo            :<\/span>\u00a0<\/strong>A pedido<\/p><p><strong><span id=\"u54412-16\">Pre\u00e7o\u00a0\u00a0\u00a0\u00a0\u00a0\u00a0\u00a0\u00a0\u00a0\u00a0\u00a0\u00a0\u00a0\u00a0\u00a0\u00a0<\/span>:<\/strong> 95 USD$<\/p><p id=\"u54412-23\"><strong><span id=\"u54412-19\">Avalia\u00e7\u00e3o F\u00edsica:<\/span><span id=\"u54412-20\">\u00a0<\/span><span style=\"text-decoration: underline;\"><span id=\"u54412-21\">1<\/span><\/span><\/strong><span id=\"u54412-22\">\u00a02 3 4 5<\/span><\/p>\t\t\t\t\t\t\t\t<\/div>\n\t\t\t\t<\/div>\n\t\t<div id=\"e-n-tab-content-1394182502\" role=\"tabpanel\" aria-labelledby=\"e-n-tab-title-1394182502\" data-tab-index=\"2\" style=\"--n-tabs-title-order: 2;\" class=\"elementor-element elementor-element-2d5725f e-con-full e-flex wpr-particle-no wpr-jarallax-no wpr-parallax-no wpr-sticky-section-no e-con e-child\" data-id=\"2d5725f\" data-element_type=\"container\" data-e-type=\"container\">\n\t\t<div class=\"elementor-element elementor-element-2df2eb8 e-con-full animated-slow e-flex wpr-particle-no wpr-jarallax-no wpr-parallax-no wpr-sticky-section-no elementor-invisible e-con e-child\" data-id=\"2df2eb8\" data-element_type=\"container\" data-e-type=\"container\" data-settings=\"{&quot;background_background&quot;:&quot;classic&quot;,&quot;animation&quot;:&quot;fadeIn&quot;}\">\n\t\t\t\t<\/div>\n\t\t\t\t<div class=\"elementor-element elementor-element-5462b0a elementor-widget__width-initial elementor-widget elementor-widget-text-editor\" data-id=\"5462b0a\" data-element_type=\"widget\" data-e-type=\"widget\" data-widget_type=\"text-editor.default\">\n\t\t\t\t\t\t\t\t\t<p>\u00a0<\/p><p id=\"u54420-2\"><strong>Roteiro: Passeio pela cidade de Cusco<\/strong><\/p><p>\u00a0<\/p><p id=\"u54420-5\">Nosso City Tour Cusco ir\u00e1 acompanh\u00e1-lo aos locais mais importantes de Cusco, incluindo visitas ao...<\/p><p id=\"u54420-7\">Templo do Sol (Qoricancha), centro da cidade de Cusco, bem como s\u00edtios incas localizados nos arredores da cidade.<\/p><p id=\"u54420-9\">Voc\u00ea vivenciar\u00e1 uma mistura incr\u00edvel dos estilos inca e espanhol e, no caso de<\/p><p id=\"u54420-11\">Qoricancha, os dois combinados. Nossos guias compartilhar\u00e3o hist\u00f3rias da hist\u00f3ria Inca durante a sua visita.<\/p><p id=\"u54420-13\">cada local. Voc\u00ea tamb\u00e9m ter\u00e1 a oportunidade de caminhar e explorar as principais ruas de Cusco e<\/p><p id=\"u54420-15\">Aprecie seu charme \u00fanico.<\/p><p id=\"u54420-17\">Este passeio pela cidade \u00e9 imperd\u00edvel para quem visita Cusco e geralmente \u00e9 uma das primeiras paradas para todos.<\/p><p id=\"u54420-19\">turistas em visita. Nossos passeios s\u00e3o extremamente flex\u00edveis, permitindo que nossos visitantes criem e desfrutem de uma experi\u00eancia personalizada.<\/p><p id=\"u54420-21\">Uma experi\u00eancia memor\u00e1vel.<\/p><p>\u00a0<\/p><p id=\"u54420-24\"><strong>Locais visitados:<\/strong><\/p><ul id=\"u54420-38\" class=\"list0 nls-None\"><li id=\"u54420-27\">Sacsayhuaman<\/li><li id=\"u54420-29\">Qenqo<\/li><li id=\"u54420-31\">Puca Pucara<\/li><li id=\"u54420-33\">Convento de Santo Domingo (Qoricancha, o Templo do Sol)<\/li><li id=\"u54420-35\">Passeie pelas ruas principais e pela pra\u00e7a principal.<\/li><li id=\"u54420-37\">Mercado local de San Pedro<\/li><\/ul>\t\t\t\t\t\t\t\t<\/div>\n\t\t\t\t<\/div>\n\t\t<div id=\"e-n-tab-content-1394182503\" role=\"tabpanel\" aria-labelledby=\"e-n-tab-title-1394182503\" data-tab-index=\"3\" style=\"--n-tabs-title-order: 3;\" class=\"elementor-element elementor-element-7c01974 e-con-full e-flex wpr-particle-no wpr-jarallax-no wpr-parallax-no wpr-sticky-section-no e-con e-child\" data-id=\"7c01974\" data-element_type=\"container\" data-e-type=\"container\">\n\t\t<div class=\"elementor-element elementor-element-cf848f1 e-con-full animated-slow e-flex wpr-particle-no wpr-jarallax-no wpr-parallax-no wpr-sticky-section-no elementor-invisible e-con e-child\" data-id=\"cf848f1\" data-element_type=\"container\" data-e-type=\"container\" data-settings=\"{&quot;background_background&quot;:&quot;classic&quot;,&quot;animation&quot;:&quot;fadeIn&quot;}\">\n\t\t\t\t<\/div>\n\t\t\t\t<div class=\"elementor-element elementor-element-8872907 elementor-widget__width-initial elementor-widget elementor-widget-text-editor\" data-id=\"8872907\" data-element_type=\"widget\" data-e-type=\"widget\" data-widget_type=\"text-editor.default\">\n\t\t\t\t\t\t\t\t\t<p id=\"u54414-2\">\u00a0<\/p><p id=\"u54414-6\"><strong><span id=\"u54414-4\">Inclui<\/span><span id=\"u54414-5\">:<\/span><\/strong><\/p><ul id=\"u54414-16\" class=\"list0 nls-None\"><li id=\"u54414-9\">Transporte de ida e volta (transporte privado)<\/li><li id=\"u54414-11\">Guia tur\u00edstico com ingl\u00eas fluente<\/li><li id=\"u54414-13\">Taxa de entrada para Qoricancha<\/li><li id=\"u54414-15\">Bilhete tur\u00edstico para s\u00edtios arqueol\u00f3gicos<\/li><\/ul><p>\u00a0<\/p><p id=\"u54414-19\"><strong>N\u00e3o inclui:<\/strong><\/p><ul id=\"u54414-25\" class=\"list0 nls-None\"><li id=\"u54414-22\">Lanches<\/li><li id=\"u54414-24\">Bebidas<\/li><\/ul><p>\u00a0<\/p><p id=\"u54414-28\"><strong>O que voc\u00ea precisa trazer:<\/strong><\/p><ul id=\"u54414-46\" class=\"list0 nls-None\"><li id=\"u54414-31\">chap\u00e9u de sol<\/li><li id=\"u54414-33\">Protetor solar (recomendado fator 35)<\/li><li id=\"u54414-35\">Jaqueta imperme\u00e1vel\/poncho de chuva<\/li><li id=\"u54414-37\">\u00c1gua<\/li><li id=\"u54414-39\">Uma mochila leve para carregar seus pertences.<\/li><li id=\"u54414-41\">\u00f3culos de sol<\/li><li id=\"u54414-43\">C\u00e2meras e filmes<\/li><li id=\"u54414-45\">Na regi\u00e3o de Cusco, \u00e9 poss\u00edvel vivenciar &quot;todas as esta\u00e7\u00f5es em um \u00fanico dia&quot;, portanto, \u00e9 aconselh\u00e1vel levar um gorro e luvas quentes, al\u00e9m de um chap\u00e9u para se proteger do sol, ao sair de casa pela manh\u00e3, para estar preparado para qualquer eventualidade.<\/li><\/ul>\t\t\t\t\t\t\t\t<\/div>\n\t\t\t\t<\/div>\n\t\t<div id=\"e-n-tab-content-1394182504\" role=\"tabpanel\" aria-labelledby=\"e-n-tab-title-1394182504\" data-tab-index=\"4\" style=\"--n-tabs-title-order: 4;\" class=\"elementor-element elementor-element-3449c55 e-con-full e-flex wpr-particle-no wpr-jarallax-no wpr-parallax-no wpr-sticky-section-no e-con e-child\" data-id=\"3449c55\" data-element_type=\"container\" data-e-type=\"container\">\n\t\t\t\t<div class=\"elementor-element elementor-element-2aee766 elementor-widget__width-initial elementor-widget elementor-widget-text-editor\" data-id=\"2aee766\" data-element_type=\"widget\" data-e-type=\"widget\" data-widget_type=\"text-editor.default\">\n\t\t\t\t\t\t\t\t\t<p>\u00a0<\/p><p id=\"u54418-2\"><strong>Pre\u00e7os \u2013 Excurs\u00e3o pela cidade de Cusco \u2013 Meio dia<\/strong><\/p><p>\u00a0<\/p><ul id=\"u54418-16\" class=\"list0 nls-None\"><li id=\"u54418-6\"><span id=\"u54418-4\">PRE\u00c7O:<\/span>\u00a095 USD$ por pessoa ao reservar para 2 pessoas.<\/li><li id=\"u54418-9\"><span id=\"u54418-7\">PRE\u00c7O:<\/span>\u00a085 USD$ por pessoa ao reservar para 3 pessoas.<\/li><li id=\"u54418-12\"><span id=\"u54418-10\">PRE\u00c7O:<\/span>\u00a075 USD$ por pessoa ao reservar para 4 a 5 pessoas.<\/li><li id=\"u54418-15\"><span id=\"u54418-13\">PRE\u00c7O:\u00a0<\/span>65 USD 1TP 4T por pessoa para reservas de 6 a 9 pessoas.<\/li><\/ul>\t\t\t\t\t\t\t\t<\/div>\n\t\t\t\t<\/div>\n\t\t\t\t\t<\/div>\n\t\t<\/div>\n\t\t\t\t\t\t<\/div>\n\t\t\t\t\t<\/div>\n\t\t\t\t<\/div>\n\t\t<div class=\"elementor-element elementor-element-b004eef e-flex e-con-boxed wpr-particle-no wpr-jarallax-no wpr-parallax-no wpr-sticky-section-no e-con e-parent\" data-id=\"b004eef\" data-element_type=\"container\" data-e-type=\"container\">\n\t\t\t\t\t<div class=\"e-con-inner\">\n\t\t\t\t<div class=\"elementor-element elementor-element-831001b elementor-widget elementor-widget-spacer\" data-id=\"831001b\" data-element_type=\"widget\" data-e-type=\"widget\" data-widget_type=\"spacer.default\">\n\t\t\t\t\t\t\t<div class=\"elementor-spacer\">\n\t\t\t<div class=\"elementor-spacer-inner\"><\/div>\n\t\t<\/div>\n\t\t\t\t\t\t<\/div>\n\t\t\t\t\t<\/div>\n\t\t\t\t<\/div>\n\t\t\t\t<\/div>","protected":false},"excerpt":{"rendered":"<p>Cusco City Tour \u2013 Half Day DESCRIPTION: Cusco is a fascinating blend of two cultures \u2013 Inca and Spanish \u2013 and that gives the city a unique feel you won\u2019t find in the rest of Peru. Colonial buildings, with their detailed woodwork, rise on top of finely-constructed Incan stone walls. The history of these walls is a grand part of the city\u2019s story \u2013 a story full of beauty, mythology, and conflict.\u00a0Our tour is flexible. We will work with your schedule and interests to determine what we will see. Some of the most popular sites are the impressive Temple of the Sun (Qoricancha), the hilltop fortress Sacsayhuaman, Qenqo, Puca Pucara, and a walking tour of the city including the local market of San Pedro. This city tour is an excellent introduction to the history of Peru. Overview Itinerary Included Prices Locations Visited:\u00a0Qorikancha (Inca Sun Temple), Sacsayhuaman, Qenqo, Puca Pucara, san\u00a0 pedro market Walking tour in City of Cusco Trip Style\u00a0\u00a0\u00a0\u00a0\u00a0\u00a0 :\u00a0Cusco Cultural Tours Length\u00a0\u00a0\u00a0\u00a0\u00a0\u00a0\u00a0\u00a0\u00a0\u00a0\u00a0 :\u00a0Half Day Frequency\u00a0\u00a0\u00a0\u00a0 :\u00a0Every Day Group\u00a0\u00a0\u00a0\u00a0\u00a0\u00a0\u00a0\u00a0\u00a0\u00a0\u00a0\u00a0 :\u00a0Upon Request Price\u00a0\u00a0\u00a0\u00a0\u00a0\u00a0\u00a0\u00a0\u00a0\u00a0\u00a0\u00a0\u00a0\u00a0\u00a0\u00a0: 95 USD$ Physical Grading:\u00a01\u00a02 3 4 5 \u00a0 Itinerary : Cusco City Tour \u00a0 Our City Tour Cusco; will escort you to the most important sites of Cusco. Including visits to the Temple of the Sun (Qoricancha), Cusco city Center as well as Inca sites found just outside the city. You will experience an incredible mixture of both Inca and Spanish-style and in the case of Qoricancha, the two combined. Our Guides will share the stories of Inca history as you visit each site. You will also have the opportunity to walk and explore Cusco\u2019s main streets and appreciate its unique charm. This city tour is a must-do when visiting Cusco and is usually one of the first ports of call for all visiting tourists. Our tours are extremely flexible allowing our visitors to create and enjoy a memorable experience. \u00a0 Places Visited: Sacsayhuaman Qenqo Puca Pucara Santo Domingo Convent ( Qoricancha, the Sun Temple) Walk on the main streets and main plaza. San pedro local market \u00a0 Includes: Round-trip transportation (private transport) Fluent English Tour Guide Entrance Fee to Qoricancha Tourist ticket for Archeological Sites \u00a0 Does not include: Snacks Drinks \u00a0 What you need to bring: Sun hat Sun protection cream (factor 35 recommended) Waterproof jacket\/rain poncho Water A light day pack to carry your things sunglasses Camera and films The Cusco region can experience \u201call seasons in one day\u201d therefore its wise to take a warm hat and gloves, as well as a sunhat, when you leave in the morning, in order to be prepared for all eventualities. \u00a0 Prices \u2013 Cusco City Tour \u2013 Half Day \u00a0 PRICE:\u00a095 USD$ per person when booking 2 people PRICE:\u00a085 USD$ per person when booking 3 people PRICE:\u00a075 USD$ per person when booking 4- 5 people PRICE:\u00a065USD$ per person when booking 6- 9people Locations Visited:\u00a0Qorikancha (Inca Sun Temple), Sacsayhuaman, Qenqo, Puca Pucara, san\u00a0 pedro market Walking tour in City of Cusco Trip Style\u00a0\u00a0\u00a0\u00a0\u00a0\u00a0 :\u00a0Cusco Cultural Tours Length\u00a0\u00a0\u00a0\u00a0\u00a0\u00a0\u00a0\u00a0\u00a0\u00a0\u00a0 :\u00a0Half Day Frequency\u00a0\u00a0\u00a0\u00a0 :\u00a0Every Day Group\u00a0\u00a0\u00a0\u00a0\u00a0\u00a0\u00a0\u00a0\u00a0\u00a0\u00a0\u00a0 :\u00a0Upon Request Price\u00a0\u00a0\u00a0\u00a0\u00a0\u00a0\u00a0\u00a0\u00a0\u00a0\u00a0\u00a0\u00a0\u00a0\u00a0\u00a0: 95 USD$ Physical Grading:\u00a01\u00a02 3 4 5 \u00a0 Itinerary : Cusco City Tour \u00a0 Our City Tour Cusco; will escort you to the most important sites of Cusco. Including visits to the Temple of the Sun (Qoricancha), Cusco city Center as well as Inca sites found just outside the city. You will experience an incredible mixture of both Inca and Spanish-style and in the case of Qoricancha, the two combined. Our Guides will share the stories of Inca history as you visit each site. You will also have the opportunity to walk and explore Cusco\u2019s main streets and appreciate its unique charm. This city tour is a must-do when visiting Cusco and is usually one of the first ports of call for all visiting tourists. Our tours are extremely flexible allowing our visitors to create and enjoy a memorable experience. \u00a0 Places Visited: Sacsayhuaman Qenqo Puca Pucara Santo Domingo Convent ( Qoricancha, the Sun Temple) Walk on the main streets and main plaza. San pedro local market \u00a0 Includes: Round-trip transportation (private transport) Fluent English Tour Guide Entrance Fee to Qoricancha Tourist ticket for Archeological Sites \u00a0 Does not include: Snacks Drinks \u00a0 What you need to bring: Sun hat Sun protection cream (factor 35 recommended) Waterproof jacket\/rain poncho Water A light day pack to carry your things sunglasses Camera and films The Cusco region can experience \u201call seasons in one day\u201d therefore its wise to take a warm hat and gloves, as well as a sunhat, when you leave in the morning, in order to be prepared for all eventualities. \u00a0 Prices \u2013 Cusco City Tour \u2013 Half Day \u00a0 PRICE:\u00a095 USD$ per person when booking 2 people PRICE:\u00a085 USD$ per person when booking 3 people PRICE:\u00a075 USD$ per person when booking 4- 5 people PRICE:\u00a065USD$ per person when booking 6- 9people<\/p>","protected":false},"author":1,"featured_media":0,"parent":0,"menu_order":0,"comment_status":"closed","ping_status":"closed","template":"","meta":{"_eb_attr":"","footnotes":""},"class_list":["post-2193","page","type-page","status-publish","hentry"],"_hostinger_reach_plugin_has_subscription_block":false,"_hostinger_reach_plugin_is_elementor":false,"_links":{"self":[{"href":"https:\/\/apurimacadventures.com\/pt\/wp-json\/wp\/v2\/pages\/2193","targetHints":{"allow":["GET"]}}],"collection":[{"href":"https:\/\/apurimacadventures.com\/pt\/wp-json\/wp\/v2\/pages"}],"about":[{"href":"https:\/\/apurimacadventures.com\/pt\/wp-json\/wp\/v2\/types\/page"}],"author":[{"embeddable":true,"href":"https:\/\/apurimacadventures.com\/pt\/wp-json\/wp\/v2\/users\/1"}],"replies":[{"embeddable":true,"href":"https:\/\/apurimacadventures.com\/pt\/wp-json\/wp\/v2\/comments?post=2193"}],"version-history":[{"count":9,"href":"https:\/\/apurimacadventures.com\/pt\/wp-json\/wp\/v2\/pages\/2193\/revisions"}],"predecessor-version":[{"id":2915,"href":"https:\/\/apurimacadventures.com\/pt\/wp-json\/wp\/v2\/pages\/2193\/revisions\/2915"}],"wp:attachment":[{"href":"https:\/\/apurimacadventures.com\/pt\/wp-json\/wp\/v2\/media?parent=2193"}],"curies":[{"name":"wp","href":"https:\/\/api.w.org\/{rel}","templated":true}]}}