{"id":2182,"date":"2025-11-09T02:01:13","date_gmt":"2025-11-09T02:01:13","guid":{"rendered":"https:\/\/apurimacadventures.com\/?page_id=2182"},"modified":"2026-03-06T05:27:21","modified_gmt":"2026-03-06T05:27:21","slug":"machu-picchu-tour-full-day","status":"publish","type":"page","link":"https:\/\/apurimacadventures.com\/pt\/machu-picchu-tour-full-day\/","title":{"rendered":"Excurs\u00e3o de um dia inteiro a Machu Picchu"},"content":{"rendered":"<div data-elementor-type=\"wp-page\" data-elementor-id=\"2182\" class=\"elementor elementor-2182\" data-elementor-post-type=\"page\">\n\t\t\t\t<div class=\"elementor-element elementor-element-08fadc6 e-con-full e-flex wpr-particle-no wpr-jarallax-no wpr-parallax-no wpr-sticky-section-no e-con e-parent\" data-id=\"08fadc6\" data-element_type=\"container\" data-e-type=\"container\" data-settings=\"{&quot;background_background&quot;:&quot;classic&quot;}\">\n\t\t\t\t<div class=\"elementor-element elementor-element-5b1bc66 elementor-widget elementor-widget-heading\" data-id=\"5b1bc66\" data-element_type=\"widget\" data-e-type=\"widget\" data-widget_type=\"heading.default\">\n\t\t\t\t\t<h2 class=\"elementor-heading-title elementor-size-default\">Excurs\u00e3o de um dia inteiro a Machu Picchu\n\n\n\n<\/h2>\t\t\t\t<\/div>\n\t\t<div class=\"elementor-element elementor-element-6648a9e e-con-full e-flex wpr-particle-no wpr-jarallax-no wpr-parallax-no wpr-sticky-section-no e-con e-child\" data-id=\"6648a9e\" data-element_type=\"container\" data-e-type=\"container\" data-settings=\"{&quot;background_background&quot;:&quot;classic&quot;}\">\n\t\t\t\t<\/div>\n\t\t\t\t<\/div>\n\t\t<div class=\"elementor-element elementor-element-8620c99 e-flex e-con-boxed wpr-particle-no wpr-jarallax-no wpr-parallax-no wpr-sticky-section-no e-con e-parent\" data-id=\"8620c99\" data-element_type=\"container\" data-e-type=\"container\">\n\t\t\t\t\t<div class=\"e-con-inner\">\n\t\t\t\t<div class=\"elementor-element elementor-element-61ae41f elementor-widget__width-initial elementor-widget elementor-widget-text-editor\" data-id=\"61ae41f\" data-element_type=\"widget\" data-e-type=\"widget\" data-widget_type=\"text-editor.default\">\n\t\t\t\t\t\t\t\t\t<div id=\"u47967-4\" class=\"clearfix colelem shared_content\" data-muse-uid=\"U47967\" data-muse-type=\"txt_frame\" data-ibe-flags=\"txtStyleSrc\" data-sizepolicy=\"fixed\" data-pintopage=\"page_fixedCenter\" data-content-guid=\"u47967-4_content\"><div id=\"u50510-4\" class=\"clearfix colelem shared_content\" data-muse-uid=\"U50510\" data-muse-type=\"txt_frame\" data-ibe-flags=\"txtStyleSrc\" data-sizepolicy=\"fixed\" data-pintopage=\"page_fixedCenter\" data-content-guid=\"u50510-4_content\"><div id=\"u30283-10\" class=\"clearfix colelem shared_content\" data-muse-uid=\"U30283\" data-muse-type=\"txt_frame\" data-ibe-flags=\"txtStyleSrc\" data-sizepolicy=\"fixed\" data-pintopage=\"page_fixedCenter\" data-content-guid=\"u30283-10_content\"><div id=\"u47287-4\" class=\"clearfix colelem shared_content\" data-muse-uid=\"U47287\" data-muse-type=\"txt_frame\" data-ibe-flags=\"txtStyleSrc\" data-sizepolicy=\"fixed\" data-pintopage=\"page_fixedCenter\" data-content-guid=\"u47287-4_content\"><p><strong>DESCRI\u00c7\u00c3O:<\/strong><\/p><p>Nosso passeio de um dia a Machu Picchu foi especialmente pensado para quem tem pouco tempo no Peru. Este passeio leva voc\u00ea ao longo do Rio Urubamba em uma das viagens de trem mais incr\u00edveis do mundo. Em sua viagem a Machu Picchu, voc\u00ea apreciar\u00e1 a paisagem deslumbrante dos altos Andes e da floresta nublada peruana. Machu Picchu \u00e9 uma obra-prima da arquitetura e da engenharia e faz parte da lista de Patrim\u00f4nios Mundiais da UNESCO desde 1983. A magia e o mist\u00e9rio de Machu Picchu s\u00e3o inesquec\u00edveis, e este santu\u00e1rio hist\u00f3rico deve estar inclu\u00eddo no roteiro de todos os visitantes do Peru.<\/p><\/div><\/div><\/div><\/div>\t\t\t\t\t\t\t\t<\/div>\n\t\t\t\t<div class=\"elementor-element elementor-element-84f5a8a e-n-tabs-mobile elementor-widget elementor-widget-n-tabs\" data-id=\"84f5a8a\" data-element_type=\"widget\" data-e-type=\"widget\" data-settings=\"{&quot;_animation&quot;:&quot;none&quot;,&quot;tabs_justify_horizontal&quot;:&quot;stretch&quot;,&quot;horizontal_scroll&quot;:&quot;disable&quot;}\" data-widget_type=\"nested-tabs.default\">\n\t\t\t\t\t\t\t<div class=\"e-n-tabs\" data-widget-number=\"139418250\" aria-label=\"Abas. Abra itens com &quot;Enter&quot; ou &quot;Espa\u00e7o&quot;, feche com &quot;Escape&quot; e navegue usando as teclas de &quot;Seta&quot;.\">\n\t\t\t<div class=\"e-n-tabs-heading\" role=\"tablist\">\n\t\t\t\t\t<button id=\"e-n-tab-title-1394182501\" data-tab-title-id=\"e-n-tab-title-1394182501\" class=\"e-n-tab-title\" aria-selected=\"true\" data-tab-index=\"1\" role=\"tab\" tabindex=\"0\" aria-controls=\"e-n-tab-content-1394182501\" style=\"--n-tabs-title-order: 1;\">\n\t\t\t\t\t\t<span class=\"e-n-tab-title-text\">\n\t\t\t\tVis\u00e3o geral\t\t\t<\/span>\n\t\t<\/button>\n\t\t\t\t<button id=\"e-n-tab-title-1394182502\" data-tab-title-id=\"e-n-tab-title-1394182502\" class=\"e-n-tab-title\" aria-selected=\"false\" data-tab-index=\"2\" role=\"tab\" tabindex=\"-1\" aria-controls=\"e-n-tab-content-1394182502\" style=\"--n-tabs-title-order: 2;\">\n\t\t\t\t\t\t<span class=\"e-n-tab-title-text\">\n\t\t\t\tItiner\u00e1rio\t\t\t<\/span>\n\t\t<\/button>\n\t\t\t\t<button id=\"e-n-tab-title-1394182503\" data-tab-title-id=\"e-n-tab-title-1394182503\" class=\"e-n-tab-title\" aria-selected=\"false\" data-tab-index=\"3\" role=\"tab\" tabindex=\"-1\" aria-controls=\"e-n-tab-content-1394182503\" style=\"--n-tabs-title-order: 3;\">\n\t\t\t\t\t\t<span class=\"e-n-tab-title-text\">\n\t\t\t\tInclu\u00eddo\t\t\t<\/span>\n\t\t<\/button>\n\t\t\t\t<button id=\"e-n-tab-title-1394182504\" data-tab-title-id=\"e-n-tab-title-1394182504\" class=\"e-n-tab-title\" aria-selected=\"false\" data-tab-index=\"4\" role=\"tab\" tabindex=\"-1\" aria-controls=\"e-n-tab-content-1394182504\" style=\"--n-tabs-title-order: 4;\">\n\t\t\t\t\t\t<span class=\"e-n-tab-title-text\">\n\t\t\t\tPre\u00e7os\t\t\t<\/span>\n\t\t<\/button>\n\t\t\t\t\t<\/div>\n\t\t\t<div class=\"e-n-tabs-content\">\n\t\t\t\t<div id=\"e-n-tab-content-1394182501\" role=\"tabpanel\" aria-labelledby=\"e-n-tab-title-1394182501\" data-tab-index=\"1\" style=\"--n-tabs-title-order: 1;\" class=\"e-active elementor-element elementor-element-94e590d e-con-full e-flex wpr-particle-no wpr-jarallax-no wpr-parallax-no wpr-sticky-section-no e-con e-child\" data-id=\"94e590d\" data-element_type=\"container\" data-e-type=\"container\">\n\t\t<div class=\"elementor-element elementor-element-2d751ac e-con-full animated-slow e-flex wpr-particle-no wpr-jarallax-no wpr-parallax-no wpr-sticky-section-no elementor-invisible e-con e-child\" data-id=\"2d751ac\" data-element_type=\"container\" data-e-type=\"container\" data-settings=\"{&quot;background_background&quot;:&quot;classic&quot;,&quot;animation&quot;:&quot;fadeIn&quot;}\">\n\t\t\t\t<\/div>\n\t\t\t\t<div class=\"elementor-element elementor-element-5d20cd5 elementor-widget__width-initial elementor-widget elementor-widget-text-editor\" data-id=\"5d20cd5\" data-element_type=\"widget\" data-e-type=\"widget\" data-widget_type=\"text-editor.default\">\n\t\t\t\t\t\t\t\t\t<p>\u00a0<\/p><p><strong><span id=\"u47322\">Locais visitados:<\/span>\u00a0<\/strong>Machu Picchu<\/p><p><span id=\"u47322-4\"><strong>Estilo da viagem:<\/strong>\u00a0<\/span>passeios culturais<\/p><p><strong><span id=\"u47322-7\">Comprimento                    :<\/span>\u00a0<\/strong>Dia inteiro<\/p><p><strong><span id=\"u47322-10\">Frequ\u00eancia:\u00a0<\/span><\/strong>A pedido<\/p><p><strong><span id=\"u47322-13\">Grupo                      :\u00a0<\/span><\/strong>M\u00ednimo de 2 pessoas \/ m\u00e1ximo de 12 pessoas<\/p><p><span id=\"u47322-16\"><strong>Pre\u00e7o                        :<\/strong>\u00a0<\/span>380 USD$<\/p><p id=\"u47322-22\"><strong><span id=\"u47322-19\">Classifica\u00e7\u00e3o F\u00edsica:<\/span><span id=\"u47322-20\">\u00a0<\/span><span id=\"u47322-21\">1<\/span><\/strong><\/p>\t\t\t\t\t\t\t\t<\/div>\n\t\t\t\t<\/div>\n\t\t<div id=\"e-n-tab-content-1394182502\" role=\"tabpanel\" aria-labelledby=\"e-n-tab-title-1394182502\" data-tab-index=\"2\" style=\"--n-tabs-title-order: 2;\" class=\"elementor-element elementor-element-2d5725f e-con-full e-flex wpr-particle-no wpr-jarallax-no wpr-parallax-no wpr-sticky-section-no e-con e-child\" data-id=\"2d5725f\" data-element_type=\"container\" data-e-type=\"container\">\n\t\t<div class=\"elementor-element elementor-element-2df2eb8 e-con-full animated-slow e-flex wpr-particle-no wpr-jarallax-no wpr-parallax-no wpr-sticky-section-no elementor-invisible e-con e-child\" data-id=\"2df2eb8\" data-element_type=\"container\" data-e-type=\"container\" data-settings=\"{&quot;background_background&quot;:&quot;classic&quot;,&quot;animation&quot;:&quot;fadeIn&quot;}\">\n\t\t\t\t<\/div>\n\t\t\t\t<div class=\"elementor-element elementor-element-5462b0a elementor-widget__width-initial elementor-widget elementor-widget-text-editor\" data-id=\"5462b0a\" data-element_type=\"widget\" data-e-type=\"widget\" data-widget_type=\"text-editor.default\">\n\t\t\t\t\t\t\t\t\t<p id=\"u47328-2\"><strong>Roteiro \u2013 Excurs\u00e3o a Machu Picchu \u2013 1 dia<\/strong><\/p><p>\u00a0<\/p><p id=\"u47328-6\"><strong><span id=\"u47328-4\">Dia 1.<\/span> Cusco \u2013 Ollantaytambo \u2013 \u00c1guas Calientes \u2013 Machu Picchu<\/strong><\/p><p id=\"u47328-8\">Logo pela manh\u00e3, seu guia ir\u00e1 busc\u00e1-lo em seu hotel em Cusco ou no Vale Sagrado para lev\u00e1-lo \u00e0 esta\u00e7\u00e3o de trem em Ollantaytambo. L\u00e1, voc\u00ea embarcar\u00e1 no trem panor\u00e2mico para Aguas Calientes, de onde seguir\u00e1 de \u00f4nibus por 30 minutos at\u00e9 Machu Picchu. Voc\u00ea far\u00e1 um passeio de 3 horas em Machu Picchu, onde aprender\u00e1 sobre a cultura e a hist\u00f3ria desta Cidade Perdida dos Incas. Visitar\u00e1 a guarita no topo de Machu Picchu, de onde ter\u00e1 vistas espetaculares da cidade. Em seguida, visitar\u00e1 o Templo da Mina, o Pal\u00e1cio Real Inca, a Pedreira, o Templo do Sol, o Templo do Condor e as resid\u00eancias. Ap\u00f3s o passeio, voc\u00ea ainda ter\u00e1 tempo para explorar a montanha Machu Picchu ou a montanha Wayna Picchu por conta pr\u00f3pria, caso tenha reservado as permiss\u00f5es com anteced\u00eancia. Depois, pegar\u00e1 o \u00f4nibus de volta para Aguas Calientes para sua viagem de retorno a Cusco.<\/p>\t\t\t\t\t\t\t\t<\/div>\n\t\t\t\t<\/div>\n\t\t<div id=\"e-n-tab-content-1394182503\" role=\"tabpanel\" aria-labelledby=\"e-n-tab-title-1394182503\" data-tab-index=\"3\" style=\"--n-tabs-title-order: 3;\" class=\"elementor-element elementor-element-7c01974 e-con-full e-flex wpr-particle-no wpr-jarallax-no wpr-parallax-no wpr-sticky-section-no e-con e-child\" data-id=\"7c01974\" data-element_type=\"container\" data-e-type=\"container\">\n\t\t<div class=\"elementor-element elementor-element-cf848f1 e-con-full animated-slow e-flex wpr-particle-no wpr-jarallax-no wpr-parallax-no wpr-sticky-section-no elementor-invisible e-con e-child\" data-id=\"cf848f1\" data-element_type=\"container\" data-e-type=\"container\" data-settings=\"{&quot;background_background&quot;:&quot;classic&quot;,&quot;animation&quot;:&quot;fadeIn&quot;}\">\n\t\t\t\t<\/div>\n\t\t\t\t<div class=\"elementor-element elementor-element-8872907 elementor-widget__width-initial elementor-widget elementor-widget-text-editor\" data-id=\"8872907\" data-element_type=\"widget\" data-e-type=\"widget\" data-widget_type=\"text-editor.default\">\n\t\t\t\t\t\t\t\t\t<div id=\"pu1093\" class=\"clearfix grpelem\"><div id=\"tab-panelu47298\" class=\"TabbedPanelsWidget clearfix colelem\" role=\"tablist\" data-sizepolicy=\"fixed\" data-pintopage=\"page_fixedCenter\"><div id=\"u47316\" class=\"TabbedPanelsContentGroup clearfix colelem\"><div id=\"u47317\" class=\"TabbedPanelsContent clearfix grpelem TabbedPanelsContentVisible\" role=\"tabpanel\" aria-labelledby=\"u47308\"><div id=\"u47318-53\" class=\"clearfix grpelem\" data-muse-uid=\"U47318\" data-muse-type=\"txt_frame\" data-ibe-flags=\"txtStyleSrc\" data-sizepolicy=\"fixed\" data-pintopage=\"page_fixedCenter\"><p id=\"u47318-2\">\u00a0<\/p><p id=\"u47318-5\"><strong>O servi\u00e7o incluiu:<\/strong><\/p><ul id=\"u47318-17\" class=\"list0 nls-None\"><li id=\"u47318-8\">Guia tur\u00edstico profissional que fala ingl\u00eas<\/li><li id=\"u47318-10\">Transporte privado de e para Ollantaytambo<\/li><li id=\"u47318-12\">Bilhete de trem de expedi\u00e7\u00e3o de ida e volta de Ollantaytambo para Aguas Calientes<\/li><li id=\"u47318-14\">Bilhete de entrada para Machu Picchu<\/li><li id=\"u47318-16\">\u00d4nibus de ida e volta de Aguas Calientes para Machu Picchu<\/li><\/ul><p>\u00a0<\/p><p id=\"u47318-20\"><strong>Servi\u00e7o n\u00e3o inclu\u00eddo:<\/strong><\/p><ul id=\"u47318-28\" class=\"list0 nls-None\"><li id=\"u47318-23\">Refei\u00e7\u00f5es<\/li><li id=\"u47318-25\">Pontas<\/li><li id=\"u47318-27\">\u00c1gua e lanches<\/li><\/ul><p>\u00a0<\/p><p id=\"u47318-31\"><strong>O que voc\u00ea precisa trazer:<\/strong><\/p><ul id=\"u47318-51\" class=\"list0 nls-None\"><li id=\"u47318-34\">Passaporte original<\/li><li id=\"u47318-36\">Jaqueta imperme\u00e1vel ou poncho de chuva<\/li><li id=\"u47318-38\">Jaqueta quente<\/li><li id=\"u47318-40\">camisetas<\/li><li id=\"u47318-42\">chap\u00e9u de sol<\/li><li id=\"u47318-44\">protetor solar<\/li><li id=\"u47318-46\">Repelente de insetos<\/li><li id=\"u47318-48\">Cal\u00e7as confort\u00e1veis<\/li><li id=\"u47318-50\">Medicamentos pessoais<\/li><\/ul><\/div><\/div><\/div><\/div><\/div><p id=\"u45750-2\">\u00a0<\/p>\t\t\t\t\t\t\t\t<\/div>\n\t\t\t\t<\/div>\n\t\t<div id=\"e-n-tab-content-1394182504\" role=\"tabpanel\" aria-labelledby=\"e-n-tab-title-1394182504\" data-tab-index=\"4\" style=\"--n-tabs-title-order: 4;\" class=\"elementor-element elementor-element-3449c55 e-con-full e-flex wpr-particle-no wpr-jarallax-no wpr-parallax-no wpr-sticky-section-no e-con e-child\" data-id=\"3449c55\" data-element_type=\"container\" data-e-type=\"container\">\n\t\t\t\t<div class=\"elementor-element elementor-element-2aee766 elementor-widget__width-initial elementor-widget elementor-widget-text-editor\" data-id=\"2aee766\" data-element_type=\"widget\" data-e-type=\"widget\" data-widget_type=\"text-editor.default\">\n\t\t\t\t\t\t\t\t\t<p>\u00a0<\/p><p id=\"u47326-2\"><strong>Pre\u00e7os \u2013 Excurs\u00e3o de um dia inteiro a Machu Picchu<\/strong><\/p><ul id=\"u47326-19\" class=\"list0 nls-None\"><li id=\"u47326-6\"><span id=\"u47326-4\">PRE\u00c7O:\u00a0<\/span>380 USD$ por pessoa ao reservar para 2 a 4 pessoas.<\/li><li id=\"u47326-9\"><span id=\"u47326-7\">PRE\u00c7O:<\/span> 345 USD$ por pessoa para reservas de 5 a 7 pessoas.<\/li><li id=\"u47326-12\"><span id=\"u47326-10\">PRE\u00c7O:<\/span> 315 USD$ por pessoa para reservas de 8 a 12 pessoas.<\/li><\/ul>\t\t\t\t\t\t\t\t<\/div>\n\t\t\t\t<\/div>\n\t\t\t\t\t<\/div>\n\t\t<\/div>\n\t\t\t\t\t\t<\/div>\n\t\t\t\t\t<\/div>\n\t\t\t\t<\/div>\n\t\t<div class=\"elementor-element elementor-element-b004eef e-flex e-con-boxed wpr-particle-no wpr-jarallax-no wpr-parallax-no wpr-sticky-section-no e-con e-parent\" data-id=\"b004eef\" data-element_type=\"container\" data-e-type=\"container\">\n\t\t\t\t\t<div class=\"e-con-inner\">\n\t\t\t\t<div class=\"elementor-element elementor-element-831001b elementor-widget elementor-widget-spacer\" data-id=\"831001b\" data-element_type=\"widget\" data-e-type=\"widget\" data-widget_type=\"spacer.default\">\n\t\t\t\t\t\t\t<div class=\"elementor-spacer\">\n\t\t\t<div class=\"elementor-spacer-inner\"><\/div>\n\t\t<\/div>\n\t\t\t\t\t\t<\/div>\n\t\t\t\t\t<\/div>\n\t\t\t\t<\/div>\n\t\t\t\t<\/div>","protected":false},"excerpt":{"rendered":"<p>Machu Picchu Tour full day DESCRIPTION: Our one-day Machu Picchu Tour is specifically designed for people who have limited time in Peru. This tour takes you along the Urubamba River on one of the most incredible train journeys in the world. On your trip to Machu Picchu, you will enjoy the amazing scenery of the high Andes and Peruvian cloud forest. Machu Picchu is a masterpiece of architecture and engineering and has been on the UNESCO list of World Heritage Sites since 1983. The magic and mystery of Machu Picchu is unforgettable, and this historic sanctuary should be included on every visitor\u2019s trip to Peru. Overview Itinerary Included Prices \u00a0 Locations Visited\u00a0\u00a0 :\u00a0Machu picchu Trip Style\u00a0\u00a0\u00a0\u00a0\u00a0\u00a0\u00a0\u00a0\u00a0\u00a0\u00a0\u00a0\u00a0\u00a0\u00a0\u00a0 :\u00a0cultural tours Length\u00a0\u00a0\u00a0\u00a0\u00a0\u00a0\u00a0\u00a0\u00a0\u00a0\u00a0\u00a0\u00a0\u00a0\u00a0\u00a0\u00a0\u00a0\u00a0\u00a0 :\u00a0Full Day Frequency\u00a0\u00a0\u00a0\u00a0\u00a0\u00a0\u00a0\u00a0\u00a0\u00a0\u00a0\u00a0\u00a0\u00a0 :\u00a0Upon Request Group\u00a0\u00a0\u00a0\u00a0\u00a0\u00a0\u00a0\u00a0\u00a0\u00a0\u00a0\u00a0\u00a0\u00a0\u00a0\u00a0\u00a0\u00a0\u00a0\u00a0\u00a0\u00a0 :\u00a02 People min \/ 12 People max Price\u00a0\u00a0\u00a0\u00a0\u00a0\u00a0\u00a0\u00a0\u00a0\u00a0\u00a0\u00a0\u00a0\u00a0\u00a0\u00a0\u00a0\u00a0\u00a0\u00a0\u00a0\u00a0\u00a0\u00a0 :\u00a0380 USD$ Physical Grading\u00a0\u00a0\u00a0\u00a0 :\u00a01 tinerary \u2013 Machu Picchu Tour \u2013 1 Day \u00a0 Day 1. Cusco \u2013 Ollantaytambo \u2013 Aguas calientes \u2013 Machu Picchu Early in the morning your guide will pick you up from your hotel in Cusco or the Sacred Valley to drive you to the train station in Ollantaytambo. Here you will catch the scenic train to Aguas Calientes where you will then take a 30-minute bus ride to Machu Picchu. You will have a 3-hour tour in Machu Picchu where you will learn about the culture and history of this Lost City of the Incas. You will visit the guard house at the very top of Machu Picchu where you will have spectacular views of the city. Subsequently, you will visit the Mine Temple, Inca King Palace, the Stone Quarry, Sun Temple, Temple of the Condor and living quarters. After the tour you will still have time to explore Machu Picchu mountain or Waynapicchu Mountain on your own if you book the permits\u00a0 in advance, then you will take the bus down to Aguas Calientes for your return trip to Cusco. \u00a0 Service included: Professional English Speaking tour guide Private transport to and from Ollantaytambo Round trip expedition train ticket from Ollantaytambo to Aguas Calientes Entrance ticket to Machu Picchu Round trip bus from aguas calientes to Machu Picchu \u00a0 Service not included: Meals Tips Water and snacks \u00a0 What you need to bring: Original Passport Waterproof jacket or rain poncho Warm jacket T-shirts Sun hat Sun cream Insect repellent Comfortable trousers Personal medication \u00a0 \u00a0 Prices \u2013 Machu Picchu Tour full day PRICE:\u00a0380 USD$ per person when booking 2 &#8211; 4 people PRICE: 345 USD$ per person when booking\u00a0 5 &#8211; 7 people PRICE: 315 USD$ per person when booking 8 &#8211; 12 people \u00a0 Locations Visited\u00a0\u00a0 :\u00a0Machu picchu Trip Style\u00a0\u00a0\u00a0\u00a0\u00a0\u00a0\u00a0\u00a0\u00a0\u00a0\u00a0\u00a0\u00a0\u00a0\u00a0\u00a0 :\u00a0cultural tours Length\u00a0\u00a0\u00a0\u00a0\u00a0\u00a0\u00a0\u00a0\u00a0\u00a0\u00a0\u00a0\u00a0\u00a0\u00a0\u00a0\u00a0\u00a0\u00a0\u00a0 :\u00a0Full Day Frequency\u00a0\u00a0\u00a0\u00a0\u00a0\u00a0\u00a0\u00a0\u00a0\u00a0\u00a0\u00a0\u00a0\u00a0 :\u00a0Upon Request Group\u00a0\u00a0\u00a0\u00a0\u00a0\u00a0\u00a0\u00a0\u00a0\u00a0\u00a0\u00a0\u00a0\u00a0\u00a0\u00a0\u00a0\u00a0\u00a0\u00a0\u00a0\u00a0 :\u00a02 People min \/ 12 People max Price\u00a0\u00a0\u00a0\u00a0\u00a0\u00a0\u00a0\u00a0\u00a0\u00a0\u00a0\u00a0\u00a0\u00a0\u00a0\u00a0\u00a0\u00a0\u00a0\u00a0\u00a0\u00a0\u00a0\u00a0 :\u00a0380 USD$ Physical Grading\u00a0\u00a0\u00a0\u00a0 :\u00a01 tinerary \u2013 Machu Picchu Tour \u2013 1 Day \u00a0 Day 1. Cusco \u2013 Ollantaytambo \u2013 Aguas calientes \u2013 Machu Picchu Early in the morning your guide will pick you up from your hotel in Cusco or the Sacred Valley to drive you to the train station in Ollantaytambo. Here you will catch the scenic train to Aguas Calientes where you will then take a 30-minute bus ride to Machu Picchu. You will have a 3-hour tour in Machu Picchu where you will learn about the culture and history of this Lost City of the Incas. You will visit the guard house at the very top of Machu Picchu where you will have spectacular views of the city. Subsequently, you will visit the Mine Temple, Inca King Palace, the Stone Quarry, Sun Temple, Temple of the Condor and living quarters. After the tour you will still have time to explore Machu Picchu mountain or Waynapicchu Mountain on your own if you book the permits\u00a0 in advance, then you will take the bus down to Aguas Calientes for your return trip to Cusco. \u00a0 Service included: Professional English Speaking tour guide Private transport to and from Ollantaytambo Round trip expedition train ticket from Ollantaytambo to Aguas Calientes Entrance ticket to Machu Picchu Round trip bus from aguas calientes to Machu Picchu \u00a0 Service not included: Meals Tips Water and snacks \u00a0 What you need to bring: Original Passport Waterproof jacket or rain poncho Warm jacket T-shirts Sun hat Sun cream Insect repellent Comfortable trousers Personal medication \u00a0 \u00a0 Prices \u2013 Machu Picchu Tour full day PRICE:\u00a0380 USD$ per person when booking 2 &#8211; 4 people PRICE: 345 USD$ per person when booking\u00a0 5 &#8211; 7 people PRICE: 315 USD$ per person when booking 8 &#8211; 12 people<\/p>","protected":false},"author":1,"featured_media":0,"parent":0,"menu_order":0,"comment_status":"closed","ping_status":"closed","template":"","meta":{"_eb_attr":"","footnotes":""},"class_list":["post-2182","page","type-page","status-publish","hentry"],"_hostinger_reach_plugin_has_subscription_block":false,"_hostinger_reach_plugin_is_elementor":false,"_links":{"self":[{"href":"https:\/\/apurimacadventures.com\/pt\/wp-json\/wp\/v2\/pages\/2182","targetHints":{"allow":["GET"]}}],"collection":[{"href":"https:\/\/apurimacadventures.com\/pt\/wp-json\/wp\/v2\/pages"}],"about":[{"href":"https:\/\/apurimacadventures.com\/pt\/wp-json\/wp\/v2\/types\/page"}],"author":[{"embeddable":true,"href":"https:\/\/apurimacadventures.com\/pt\/wp-json\/wp\/v2\/users\/1"}],"replies":[{"embeddable":true,"href":"https:\/\/apurimacadventures.com\/pt\/wp-json\/wp\/v2\/comments?post=2182"}],"version-history":[{"count":18,"href":"https:\/\/apurimacadventures.com\/pt\/wp-json\/wp\/v2\/pages\/2182\/revisions"}],"predecessor-version":[{"id":3315,"href":"https:\/\/apurimacadventures.com\/pt\/wp-json\/wp\/v2\/pages\/2182\/revisions\/3315"}],"wp:attachment":[{"href":"https:\/\/apurimacadventures.com\/pt\/wp-json\/wp\/v2\/media?parent=2182"}],"curies":[{"name":"wp","href":"https:\/\/api.w.org\/{rel}","templated":true}]}}