{"id":2161,"date":"2025-11-09T00:29:15","date_gmt":"2025-11-09T00:29:15","guid":{"rendered":"https:\/\/apurimacadventures.com\/?page_id=2161"},"modified":"2026-03-06T06:25:38","modified_gmt":"2026-03-06T06:25:38","slug":"vale-sagrado-de-machu-picchu-2-dias","status":"publish","type":"page","link":"https:\/\/apurimacadventures.com\/pt\/machu-picchu-sacred-valley-2-days\/","title":{"rendered":"Machu Picchu &#038; Sacred Valley 2 Days"},"content":{"rendered":"<div data-elementor-type=\"wp-page\" data-elementor-id=\"2161\" class=\"elementor elementor-2161\" data-elementor-post-type=\"page\">\n\t\t\t\t<div class=\"elementor-element elementor-element-08fadc6 e-con-full e-flex wpr-particle-no wpr-jarallax-no wpr-parallax-no wpr-sticky-section-no e-con e-parent\" data-id=\"08fadc6\" data-element_type=\"container\" data-e-type=\"container\" data-settings=\"{&quot;background_background&quot;:&quot;classic&quot;}\">\n\t\t\t\t<div class=\"elementor-element elementor-element-5b1bc66 elementor-widget elementor-widget-heading\" data-id=\"5b1bc66\" data-element_type=\"widget\" data-e-type=\"widget\" data-widget_type=\"heading.default\">\n\t\t\t\t\t<h2 class=\"elementor-heading-title elementor-size-default\">Machu Picchu e Vale Sagrado - 2 dias\n\n\n\n<\/h2>\t\t\t\t<\/div>\n\t\t<div class=\"elementor-element elementor-element-6648a9e e-con-full e-flex wpr-particle-no wpr-jarallax-no wpr-parallax-no wpr-sticky-section-no e-con e-child\" data-id=\"6648a9e\" data-element_type=\"container\" data-e-type=\"container\" data-settings=\"{&quot;background_background&quot;:&quot;classic&quot;}\">\n\t\t\t\t<\/div>\n\t\t\t\t<\/div>\n\t\t<div class=\"elementor-element elementor-element-8620c99 e-flex e-con-boxed wpr-particle-no wpr-jarallax-no wpr-parallax-no wpr-sticky-section-no e-con e-parent\" data-id=\"8620c99\" data-element_type=\"container\" data-e-type=\"container\">\n\t\t\t\t\t<div class=\"e-con-inner\">\n\t\t\t\t<div class=\"elementor-element elementor-element-61ae41f elementor-widget__width-initial elementor-widget elementor-widget-text-editor\" data-id=\"61ae41f\" data-element_type=\"widget\" data-e-type=\"widget\" data-widget_type=\"text-editor.default\">\n\t\t\t\t\t\t\t\t\t<div id=\"u47967-4\" class=\"clearfix colelem shared_content\" data-muse-uid=\"U47967\" data-muse-type=\"txt_frame\" data-ibe-flags=\"txtStyleSrc\" data-sizepolicy=\"fixed\" data-pintopage=\"page_fixedCenter\" data-content-guid=\"u47967-4_content\"><div id=\"u50510-4\" class=\"clearfix colelem shared_content\" data-muse-uid=\"U50510\" data-muse-type=\"txt_frame\" data-ibe-flags=\"txtStyleSrc\" data-sizepolicy=\"fixed\" data-pintopage=\"page_fixedCenter\" data-content-guid=\"u50510-4_content\"><div id=\"u30283-10\" class=\"clearfix colelem shared_content\" data-muse-uid=\"U30283\" data-muse-type=\"txt_frame\" data-ibe-flags=\"txtStyleSrc\" data-sizepolicy=\"fixed\" data-pintopage=\"page_fixedCenter\" data-content-guid=\"u30283-10_content\"><div id=\"u46560-7\" class=\"clearfix colelem shared_content\" data-muse-uid=\"U46560\" data-muse-type=\"txt_frame\" data-ibe-flags=\"txtStyleSrc\" data-sizepolicy=\"fixed\" data-pintopage=\"page_fixedCenter\" data-content-guid=\"u46560-7_content\"><p><strong>DESCRI\u00c7\u00c3O:<\/strong><\/p><p>Este passeio combina nossas excurs\u00f5es a Ollantaytambo e Machu Picchu. O Vale Sagrado tem um clima mais ameno do que Cusco e, no seu primeiro dia, voc\u00ea ver\u00e1 uma sucess\u00e3o de vilarejos pitorescos, terra\u00e7os agr\u00edcolas e muitos s\u00edtios arqueol\u00f3gicos. Voc\u00ea visitar\u00e1 as impressionantes Ru\u00ednas de Pisac, o colorido mercado de Pisac, um \u00f3timo lugar para comprar lembrancinhas, e o s\u00edtio arqueol\u00f3gico de Ollantaytambo. De l\u00e1, voc\u00ea pegar\u00e1 o trem para Aguas Calientes \u2013 o ponto de partida para qualquer excurs\u00e3o a Machu Picchu. Depois de passar uma noite em Aguas Calientes, voc\u00ea acordar\u00e1 cedo para pegar um dos primeiros \u00f4nibus para Machu Picchu, para que possa aproveitar o tempo no s\u00edtio enquanto ele ainda est\u00e1 tranquilo e m\u00edstico. Ap\u00f3s um passeio por esta famosa cidade, voc\u00ea pode subir Huayna Picchu (isso requer um ingresso separado que deve ser comprado com bastante anteced\u00eancia), visitar a Ponte Inca, caminhar at\u00e9 a famosa Porta do Sol ou simplesmente explorar as ru\u00ednas por conta pr\u00f3pria. A cidadela de Machu Picchu, a 2.430 metros acima do n\u00edvel do mar, ergue-se em meio a montanhas imponentes e \u00e0 vegeta\u00e7\u00e3o exuberante de uma floresta nublada. A majestosa beleza da paisagem natural que circunda este santu\u00e1rio, bem como o valor arqueol\u00f3gico das pr\u00f3prias ru\u00ednas, fazem dele um Patrim\u00f4nio Mundial da UNESCO, reconhecido em todo o mundo.<\/p><\/div><\/div><\/div><\/div>\t\t\t\t\t\t\t\t<\/div>\n\t\t\t\t<div class=\"elementor-element elementor-element-84f5a8a e-n-tabs-mobile elementor-widget elementor-widget-n-tabs\" data-id=\"84f5a8a\" data-element_type=\"widget\" data-e-type=\"widget\" data-settings=\"{&quot;_animation&quot;:&quot;none&quot;,&quot;tabs_justify_horizontal&quot;:&quot;stretch&quot;,&quot;horizontal_scroll&quot;:&quot;disable&quot;}\" data-widget_type=\"nested-tabs.default\">\n\t\t\t\t\t\t\t<div class=\"e-n-tabs\" data-widget-number=\"139418250\" aria-label=\"Abas. Abra os itens com Enter ou Espa\u00e7o, feche com Esc e navegue usando as teclas de seta.\">\n\t\t\t<div class=\"e-n-tabs-heading\" role=\"tablist\">\n\t\t\t\t\t<button id=\"e-n-tab-title-1394182501\" data-tab-title-id=\"e-n-tab-title-1394182501\" class=\"e-n-tab-title\" aria-selected=\"true\" data-tab-index=\"1\" role=\"tab\" tabindex=\"0\" aria-controls=\"e-n-tab-content-1394182501\" style=\"--n-tabs-title-order: 1;\">\n\t\t\t\t\t\t<span class=\"e-n-tab-title-text\">\n\t\t\t\tVis\u00e3o geral\t\t\t<\/span>\n\t\t<\/button>\n\t\t\t\t<button id=\"e-n-tab-title-1394182502\" data-tab-title-id=\"e-n-tab-title-1394182502\" class=\"e-n-tab-title\" aria-selected=\"false\" data-tab-index=\"2\" role=\"tab\" tabindex=\"-1\" aria-controls=\"e-n-tab-content-1394182502\" style=\"--n-tabs-title-order: 2;\">\n\t\t\t\t\t\t<span class=\"e-n-tab-title-text\">\n\t\t\t\tItiner\u00e1rio\t\t\t<\/span>\n\t\t<\/button>\n\t\t\t\t<button id=\"e-n-tab-title-1394182503\" data-tab-title-id=\"e-n-tab-title-1394182503\" class=\"e-n-tab-title\" aria-selected=\"false\" data-tab-index=\"3\" role=\"tab\" tabindex=\"-1\" aria-controls=\"e-n-tab-content-1394182503\" style=\"--n-tabs-title-order: 3;\">\n\t\t\t\t\t\t<span class=\"e-n-tab-title-text\">\n\t\t\t\tInclu\u00eddo\t\t\t<\/span>\n\t\t<\/button>\n\t\t\t\t<button id=\"e-n-tab-title-1394182504\" data-tab-title-id=\"e-n-tab-title-1394182504\" class=\"e-n-tab-title\" aria-selected=\"false\" data-tab-index=\"4\" role=\"tab\" tabindex=\"-1\" aria-controls=\"e-n-tab-content-1394182504\" style=\"--n-tabs-title-order: 4;\">\n\t\t\t\t\t\t<span class=\"e-n-tab-title-text\">\n\t\t\t\tPre\u00e7os\t\t\t<\/span>\n\t\t<\/button>\n\t\t\t\t\t<\/div>\n\t\t\t<div class=\"e-n-tabs-content\">\n\t\t\t\t<div id=\"e-n-tab-content-1394182501\" role=\"tabpanel\" aria-labelledby=\"e-n-tab-title-1394182501\" data-tab-index=\"1\" style=\"--n-tabs-title-order: 1;\" class=\"e-active elementor-element elementor-element-94e590d e-con-full e-flex wpr-particle-no wpr-jarallax-no wpr-parallax-no wpr-sticky-section-no e-con e-child\" data-id=\"94e590d\" data-element_type=\"container\" data-e-type=\"container\">\n\t\t<div class=\"elementor-element elementor-element-2d751ac e-con-full animated-slow e-flex wpr-particle-no wpr-jarallax-no wpr-parallax-no wpr-sticky-section-no elementor-invisible e-con e-child\" data-id=\"2d751ac\" data-element_type=\"container\" data-e-type=\"container\" data-settings=\"{&quot;background_background&quot;:&quot;classic&quot;,&quot;animation&quot;:&quot;fadeIn&quot;}\">\n\t\t\t\t<\/div>\n\t\t\t\t<div class=\"elementor-element elementor-element-5d20cd5 elementor-widget__width-initial elementor-widget elementor-widget-text-editor\" data-id=\"5d20cd5\" data-element_type=\"widget\" data-e-type=\"widget\" data-widget_type=\"text-editor.default\">\n\t\t\t\t\t\t\t\t\t<p>\u00a0<\/p><ul id=\"u47100-24\" class=\"list0 nls-None\"><li><strong><span id=\"u47100\">Locais visitados:<\/span><\/strong>\u00a0Pisaq, Ollantaytambo, Machu Picchu<\/li><li><span id=\"u47100-4\"><strong>Estilo da viagem:<\/strong>\u00a0<\/span>Passeios Culturais em Cusco<\/li><li><span id=\"u47100-7\"><strong>Comprimento                    :<\/strong>\u00a0<\/span>2 dias\/1 noite<\/li><li><strong><span id=\"u47100-10\">Frequ\u00eancia:<\/span><\/strong>\u00a0A pedido<\/li><li><span id=\"u47100-13\"><strong>Grupo                      :<\/strong>\u00a0<\/span>M\u00ednimo de 2 pessoas \/ m\u00e1ximo de 12 pessoas<\/li><li><strong><span id=\"u47100-16\">Pre\u00e7o                         :\u00a0<\/span><\/strong>490 USD$<\/li><li id=\"u47100-23\"><strong><span id=\"u47100-19\">Classifica\u00e7\u00e3o F\u00edsica:\u00a0<\/span><\/strong><span id=\"u47100-20\"><span style=\"text-decoration: underline;\"><strong>1<\/strong><\/span>\u00a0<\/span><span id=\"u47100-21\">2<\/span><span id=\"u47100-22\">\u00a03 4 5<\/span><\/li><\/ul>\t\t\t\t\t\t\t\t<\/div>\n\t\t\t\t<\/div>\n\t\t<div id=\"e-n-tab-content-1394182502\" role=\"tabpanel\" aria-labelledby=\"e-n-tab-title-1394182502\" data-tab-index=\"2\" style=\"--n-tabs-title-order: 2;\" class=\"elementor-element elementor-element-2d5725f e-con-full e-flex wpr-particle-no wpr-jarallax-no wpr-parallax-no wpr-sticky-section-no e-con e-child\" data-id=\"2d5725f\" data-element_type=\"container\" data-e-type=\"container\">\n\t\t<div class=\"elementor-element elementor-element-2df2eb8 e-con-full animated-slow e-flex wpr-particle-no wpr-jarallax-no wpr-parallax-no wpr-sticky-section-no elementor-invisible e-con e-child\" data-id=\"2df2eb8\" data-element_type=\"container\" data-e-type=\"container\" data-settings=\"{&quot;background_background&quot;:&quot;classic&quot;,&quot;animation&quot;:&quot;fadeIn&quot;}\">\n\t\t\t\t<\/div>\n\t\t\t\t<div class=\"elementor-element elementor-element-5462b0a elementor-widget__width-initial elementor-widget elementor-widget-text-editor\" data-id=\"5462b0a\" data-element_type=\"widget\" data-e-type=\"widget\" data-widget_type=\"text-editor.default\">\n\t\t\t\t\t\t\t\t\t<p id=\"u47082-2\"><strong>Roteiro \u2013 Vale Sagrado e Machu Picchu \u2013 2 dias<\/strong><\/p><p id=\"u47082-6\"><strong><span id=\"u47082-4\">DIA 1:\u00a0<\/span>Pisac \u2013 Ollantaytambo \u2013 \u00c1guas Calientes<\/strong><\/p><p id=\"u47082-8\">Buscaremos voc\u00ea em seu hotel \u00e0s 7h30 em nosso transporte particular e seguiremos pelas montanhas at\u00e9 o Vale Sagrado dos Incas, que teve grande import\u00e2ncia na cultura inca. Faremos uma parada em uma fazenda de lhamas \u2013 um centro de tecelagem de alpacas \u2013 antes de continuarmos para as extensas ru\u00ednas de Pisac. Pisac \u00e9 a maior cidade inca do Vale Sagrado, e voc\u00ea visitar\u00e1 as \u00e1reas mais importantes, os terra\u00e7os agr\u00edcolas, as casas, as resid\u00eancias reais e o maior cemit\u00e9rio inca. Em seguida, visitaremos o melhor mercado local de Pisac, um \u00f3timo lugar para comprar lembrancinhas, e almo\u00e7aremos na cidade de Pisac ou em Urubamba. Depois, seguiremos para Ollantaytambo, a fortaleza que vigia a cidade. Teremos tempo para passear pelas ruas pitorescas desta cidade inca m\u00e1gica e original antes de pegarmos o trem de expedi\u00e7\u00e3o para Aguas Calientes.<\/p><p id=\"u47082-12\"><strong><span id=\"u47082-10\">DIA 2:<\/span>\u00a0Machu Picchu \u2013 Ollantaytambo \u2013 Cusco<\/strong><\/p><p id=\"u47082-14\">Ap\u00f3s uma boa noite de sono e caf\u00e9 da manh\u00e3 no hotel, seu guia o acompanhar\u00e1 at\u00e9 a rodovi\u00e1ria para uma viagem de 30 minutos at\u00e9 uma das sete maravilhas do mundo: Machu Picchu. Em um passeio informativo de 3 horas, voc\u00ea aprender\u00e1 sobre a hist\u00f3ria desta Cidade Perdida dos Incas. A cidade foi o \u00faltimo ref\u00fagio dos Incas e nunca foi encontrada pelos espanh\u00f3is. As vistas das montanhas e dos penhascos impressionantes ir\u00e3o lhe tirar o f\u00f4lego. No final da tarde, voc\u00ea pegar\u00e1 o trem de volta para Ollantaytambo e, em seguida, o levaremos de volta ao seu hotel em Cusco.<\/p>\t\t\t\t\t\t\t\t<\/div>\n\t\t\t\t<\/div>\n\t\t<div id=\"e-n-tab-content-1394182503\" role=\"tabpanel\" aria-labelledby=\"e-n-tab-title-1394182503\" data-tab-index=\"3\" style=\"--n-tabs-title-order: 3;\" class=\"elementor-element elementor-element-7c01974 e-con-full e-flex wpr-particle-no wpr-jarallax-no wpr-parallax-no wpr-sticky-section-no e-con e-child\" data-id=\"7c01974\" data-element_type=\"container\" data-e-type=\"container\">\n\t\t<div class=\"elementor-element elementor-element-cf848f1 e-con-full animated-slow e-flex wpr-particle-no wpr-jarallax-no wpr-parallax-no wpr-sticky-section-no elementor-invisible e-con e-child\" data-id=\"cf848f1\" data-element_type=\"container\" data-e-type=\"container\" data-settings=\"{&quot;background_background&quot;:&quot;classic&quot;,&quot;animation&quot;:&quot;fadeIn&quot;}\">\n\t\t\t\t<\/div>\n\t\t\t\t<div class=\"elementor-element elementor-element-8872907 elementor-widget__width-initial elementor-widget elementor-widget-text-editor\" data-id=\"8872907\" data-element_type=\"widget\" data-e-type=\"widget\" data-widget_type=\"text-editor.default\">\n\t\t\t\t\t\t\t\t\t<p id=\"u47091-2\">\u00a0<\/p><p id=\"u47091-5\"><strong>O TOUR INCLUI:<\/strong><\/p><ul id=\"u47091-27\" class=\"list0 nls-None\"><li id=\"u47091-8\">Guia profissional (bil\u00edngue em espanhol e ingl\u00eas)<\/li><li id=\"u47091-10\">Transporte Privado<\/li><li id=\"u47091-12\">Visita guiada privada (S\u00edtio Inca de Pisaq + mercado local, S\u00edtio Inca de Ollantaytambo e Machupicchu)<\/li><li id=\"u47091-14\">Taxas de entrada para os s\u00edtios arqueol\u00f3gicos do Vale Sagrado pisaq, ollantaytambo e Machupicchu<\/li><li id=\"u47091-16\">Trem Expedi\u00e7\u00f5es ida e volta (Ollanta- Machupicchu-ollanta)<\/li><li id=\"u47091-18\">Hotel em Aguas Calientes com caf\u00e9 da manh\u00e3 inclu\u00eddo<\/li><li id=\"u47091-20\">Passagens de \u00f4nibus para\/de Machu Picchu (ida e volta)<\/li><li id=\"u47091-22\">Transporte privado da esta\u00e7\u00e3o de Ollanta de volta para Cusco.<\/li><li id=\"u47091-26\">Todos os impostos locais<\/li><\/ul><p id=\"u47091-29\"><strong>PASSEIO N\u00c3O INCLUSO:<\/strong><\/p><ul id=\"u47091-45\" class=\"list0 nls-None\"><li id=\"u47091-32\">Refei\u00e7\u00f5es durante nosso passeio de 2 dias<\/li><li id=\"u47091-34\">Bebidas alco\u00f3licas e n\u00e3o alco\u00f3licas<\/li><li id=\"u47091-36\">Entrada do waynapicchu US$ 100<\/li><li id=\"u47091-38\">Entrada da montanha Machupicchu US$ 100<\/li><li id=\"u47091-40\">Pontas<\/li><li id=\"u47091-42\">Lanches<\/li><li id=\"u47091-44\">Atualiza\u00e7\u00e3o para trem vistadone US$ 130\u00a0<\/li><li>Upgrade para o trem do observat\u00f3rio Vistadome US$ 180\u00a0<\/li><\/ul><p id=\"u47091-50\"><strong>O QUE VOC\u00ca PRECISA TRAZER:<\/strong><\/p><ul id=\"u47091-77\" class=\"list0 nls-None\"><li id=\"u47091-52\">Passaporte original (e Cart\u00e3o Internacional de Identifica\u00e7\u00e3o de Estudante \u201cISIC\u201d, se aplic\u00e1vel)<\/li><li id=\"u47091-54\">Seguro de viagem (fortemente recomendado, mas n\u00e3o obrigat\u00f3rio)<\/li><li id=\"u47091-56\">Mochila confort\u00e1vel para o dia a dia (para transportar seus pertences pessoais)<\/li><li id=\"u47091-58\">Botas de caminhada mais leves (com bom suporte para o tornozelo)<\/li><li id=\"u47091-60\">Garrafas de pl\u00e1stico s\u00e3o proibidas no Parque Nacional de Machu Picchu, ent\u00e3o leve: garrafa de alum\u00ednio, Camelbak, garrafa Nalgene, etc.<\/li><li id=\"u47091-62\">Jaqueta imperme\u00e1vel\/capa de chuva (dependendo das condi\u00e7\u00f5es clim\u00e1ticas)<\/li><li id=\"u47091-64\">Jaqueta quente<\/li><li id=\"u47091-66\">Camisetas\/Cal\u00e7as confort\u00e1veis\/Chap\u00e9u de sol para Machu Picchu<\/li><li id=\"u47091-68\">Corta-vento (depende das condi\u00e7\u00f5es meteorol\u00f3gicas)<\/li><li id=\"u47091-70\">Protetor solar (recomenda-se FPS 45 ou superior)<\/li><li id=\"u47091-72\">chap\u00e9u de sol, \u00f3culos de sol<\/li><li id=\"u47091-74\">Medicamentos pessoais<\/li><li id=\"u47091-76\">C\u00e2mera com baterias extras<\/li><\/ul>\t\t\t\t\t\t\t\t<\/div>\n\t\t\t\t<\/div>\n\t\t<div id=\"e-n-tab-content-1394182504\" role=\"tabpanel\" aria-labelledby=\"e-n-tab-title-1394182504\" data-tab-index=\"4\" style=\"--n-tabs-title-order: 4;\" class=\"elementor-element elementor-element-3449c55 e-con-full e-flex wpr-particle-no wpr-jarallax-no wpr-parallax-no wpr-sticky-section-no e-con e-child\" data-id=\"3449c55\" data-element_type=\"container\" data-e-type=\"container\">\n\t\t\t\t<div class=\"elementor-element elementor-element-2aee766 elementor-widget__width-initial elementor-widget elementor-widget-text-editor\" data-id=\"2aee766\" data-element_type=\"widget\" data-e-type=\"widget\" data-widget_type=\"text-editor.default\">\n\t\t\t\t\t\t\t\t\t<p>\u00a0<\/p><p id=\"u47095-2\"><strong>Pre\u00e7os \u2013 Excurs\u00e3o a Machu Picchu (2 dias)<\/strong><\/p><ul id=\"u47095-19\" class=\"list0 nls-None\"><li id=\"u47095-6\"><span id=\"u47095-4\">PRE\u00c7O:\u00a0<\/span>490 USD$ por pessoa ao reservar para 2 a 4 pessoas.<\/li><li id=\"u47095-9\"><span id=\"u47095-7\">PRE\u00c7O:<\/span> 455 USD$ por pessoa ao reservar para 5 a 7 pessoas.<\/li><li id=\"u47095-12\"><span id=\"u47095-10\">PRE\u00c7O:\u00a0<\/span>410 USD$ por pessoa para reservas de 8 a 12 pessoas.<\/li><\/ul>\t\t\t\t\t\t\t\t<\/div>\n\t\t\t\t<\/div>\n\t\t\t\t\t<\/div>\n\t\t<\/div>\n\t\t\t\t\t\t<\/div>\n\t\t\t\t\t<\/div>\n\t\t\t\t<\/div>\n\t\t<div class=\"elementor-element elementor-element-b004eef e-flex e-con-boxed wpr-particle-no wpr-jarallax-no wpr-parallax-no wpr-sticky-section-no e-con e-parent\" data-id=\"b004eef\" data-element_type=\"container\" data-e-type=\"container\">\n\t\t\t\t\t<div class=\"e-con-inner\">\n\t\t\t\t<div class=\"elementor-element elementor-element-831001b elementor-widget elementor-widget-spacer\" data-id=\"831001b\" data-element_type=\"widget\" data-e-type=\"widget\" data-widget_type=\"spacer.default\">\n\t\t\t\t\t\t\t<div class=\"elementor-spacer\">\n\t\t\t<div class=\"elementor-spacer-inner\"><\/div>\n\t\t<\/div>\n\t\t\t\t\t\t<\/div>\n\t\t\t\t\t<\/div>\n\t\t\t\t<\/div>\n\t\t\t\t<\/div>","protected":false},"excerpt":{"rendered":"<p>Machu Picchu &amp; Sacred Valley 2 Days DESCRIPTION: This tour combines our Ollantaytambo and Machu Picchu Tours. The Sacred Valley has a milder climate than Cusco, and, on your first day, you will see a succession of picturesque villages, agricultural terraces, and many archaeological sites. You will visit the impressive Pisac Ruins, the colorful Pisac market which is a great place to pick up souvenirs, and the Ollantaytambo archeological site. From there you will take the train to Aguas Calientes \u2013 the launching point for any Machu Picchu tour. After spending a night in Aguas Calientes, you will wake early to catch one of the first buses to Machu Picchu so you can enjoy time at the site while it is still quiet and mystical. After a tour of this famous city, you can climb Huayna Picchu (this requires a separate ticket which must be purchased well in advance), visit the Inca Bridge, hike to the famous Sun Gate, or simply wander the ruins on your own.\u00a0The citadel of Machu Picchu, at 2,430 meters above sea level, stands in the midst of towering mountains and the lush vegetation of a cloud forest. The majestic beauty of the natural landscape surrounding this sanctuary as well as the archaeological value of the ruins itself make it a UNESCO World Heritage site recognized the world over. Overview Itinerary Included Prices \u00a0 Locations Visited\u00a0 :\u00a0Pisaq, Ollantaytambo, Machu picchu Trip Style\u00a0\u00a0\u00a0\u00a0\u00a0\u00a0\u00a0\u00a0\u00a0\u00a0\u00a0\u00a0\u00a0\u00a0\u00a0\u00a0 :\u00a0Cusco Cultural Tours Length\u00a0\u00a0\u00a0\u00a0\u00a0\u00a0\u00a0\u00a0\u00a0\u00a0\u00a0\u00a0\u00a0\u00a0\u00a0\u00a0\u00a0\u00a0\u00a0\u00a0 :\u00a02D\/1N Frequency\u00a0\u00a0\u00a0\u00a0\u00a0\u00a0\u00a0\u00a0\u00a0\u00a0\u00a0\u00a0\u00a0\u00a0 :\u00a0Upon Request Group\u00a0\u00a0\u00a0\u00a0\u00a0\u00a0\u00a0\u00a0\u00a0\u00a0\u00a0\u00a0\u00a0\u00a0\u00a0\u00a0\u00a0\u00a0\u00a0\u00a0\u00a0\u00a0 :\u00a02 People min \/ 12 People max Price\u00a0\u00a0\u00a0\u00a0\u00a0\u00a0\u00a0\u00a0\u00a0\u00a0\u00a0\u00a0\u00a0\u00a0\u00a0\u00a0\u00a0\u00a0\u00a0\u00a0\u00a0\u00a0\u00a0\u00a0\u00a0 :\u00a0490 USD$ Physical Grading\u00a0\u00a0\u00a0 :\u00a01\u00a02\u00a03 4 5 Itinerary \u2013 Sacred Valley &amp; Machu Picchu \u2013 2 Days DAY 1:\u00a0Pisac \u2013 Ollantaytambo \u2013 Aguas Calientes We will pick you up from your\u00a0 hotel at 7:30am in our private transport and drive through the mountains to the \u201cSacred Valley of the Incas\u201d \u2013 which held great significance in Inca Culture. We will stop at\u00a0 Llama farm \u2013 an alpaca weaving center \u2013 before continuing to Pisac\u2019s extensive ruins, Pisac is the biggest inca city in the sacred valley, you will visit the most important areas, farming terraces, living houses, Royal residences and the biggest inca cemetery. Then you will visit the best local Pisac market great place to get souvenirs, lunch in Pisac town or\u00a0 Urubamba. We then continue to Ollantaytambo the fortress which keeps watch over the city. We have time to stroll the picturesque streets of this magical and original Inca city before taking the expeditions train to Aguas Calientes. DAY 2:\u00a0Machu Picchu \u2013 Ollantaytambo \u2013 Cusco After a good sleep and breakfast in a hotel, your guide will walk you to the bus station for a 30-minute trip to one of the seven wonders of the world \u2013 Machu Picchu. On an informative 3-hour tour you will learn the history of this Lost City of the Incas. The city was the last refuge of the Incas, and it was never found by the Spanish. The views of the mountains and dramatic cliffs will take your breath away. Late in the afternoon you will take your train back to Ollantaytambo, and then we will drive you back to your hotel in Cusco. \u00a0 TOUR INCLUDED: Professional (Bilingual Spanish and English Guide) Pr\u00edvate Transportation Private Guided Tour (Pisaq Incan Site +local market, Ollantaytambo Inca site and\u00a0 \u00a0 Machupicchu) Entrance fees for the Sacred valley archeological sites\u00a0\u00a0 pisaq, ollantaytambo and Machupicchu Expeditions train\u00a0 round trip (Ollanta- Machupicchu-ollanta) Hotel\u00a0 in aguas calientes with breakfast included Bus tickets to \/ from Machupicchu (round trip) Private transport from Ollanta station back to cusco All local taxes TOUR NOT INCLUDED: Meals during our 2 days tour Alcoholic and no alcoholic drinks Entrance of waynapicchu US$ 100 Entrance\u00a0 of machupicchu mountain\u00a0 US$ 100 Tips Snacks Upgrade\u00a0 for\u00a0 vistadone train US$ 130\u00a0 Upgrade fro vistadome observatory train US$ 180\u00a0 WHAT YOU NEED TO BRING: Original passport (and International Student Identity Card \u201cISIC\u201d if it is applicable) Travel insurance (strongly recommended but not required) Comfortable day backpack (to carry your personal belongings) Lighter trekking boots (with good ankle support) Plastic bottles are forbidden in Machu Picchu Park so bring: aluminum bottle, Camelbak, Nalgene bottle, etc. Waterproof jacket\/rain poncho (depends on weather conditions) Warm jacket T-shirts\/Comfortable trousers\/Sun hat for Machu Picchu Windbreaker (depends on weather conditions) Sun protection cream (SPF 45 or higher recommended) sun hat, sun glasses Personal medication Camera with extra batteries \u00a0 Prices \u2013 Machu Picchu Tour 2 days PRICE:\u00a0490 USD$ per person when booking 2- 4 people PRICE: 455 USD$ per person when booking 5 &#8211; 7 people PRICE:\u00a0410 USD$ per person when booking 8- 12 people \u00a0 Locations Visited\u00a0 :\u00a0Pisaq, Ollantaytambo, Machu picchu Trip Style\u00a0\u00a0\u00a0\u00a0\u00a0\u00a0\u00a0\u00a0\u00a0\u00a0\u00a0\u00a0\u00a0\u00a0\u00a0\u00a0 :\u00a0Cusco Cultural Tours Length\u00a0\u00a0\u00a0\u00a0\u00a0\u00a0\u00a0\u00a0\u00a0\u00a0\u00a0\u00a0\u00a0\u00a0\u00a0\u00a0\u00a0\u00a0\u00a0\u00a0 :\u00a02D\/1N Frequency\u00a0\u00a0\u00a0\u00a0\u00a0\u00a0\u00a0\u00a0\u00a0\u00a0\u00a0\u00a0\u00a0\u00a0 :\u00a0Upon Request Group\u00a0\u00a0\u00a0\u00a0\u00a0\u00a0\u00a0\u00a0\u00a0\u00a0\u00a0\u00a0\u00a0\u00a0\u00a0\u00a0\u00a0\u00a0\u00a0\u00a0\u00a0\u00a0 :\u00a02 People min \/ 12 People max Price\u00a0\u00a0\u00a0\u00a0\u00a0\u00a0\u00a0\u00a0\u00a0\u00a0\u00a0\u00a0\u00a0\u00a0\u00a0\u00a0\u00a0\u00a0\u00a0\u00a0\u00a0\u00a0\u00a0\u00a0\u00a0 :\u00a0490 USD$ Physical Grading\u00a0\u00a0\u00a0 :\u00a01\u00a02\u00a03 4 5 Itinerary \u2013 Sacred Valley &amp; Machu Picchu \u2013 2 Days DAY 1:\u00a0Pisac \u2013 Ollantaytambo \u2013 Aguas Calientes We will pick you up from your\u00a0 hotel at 7:30am in our private transport and drive through the mountains to the \u201cSacred Valley of the Incas\u201d \u2013 which held great significance in Inca Culture. We will stop at\u00a0 Llama farm \u2013 an alpaca weaving center \u2013 before continuing to Pisac\u2019s extensive ruins, Pisac is the biggest inca city in the sacred valley, you will visit the most important areas, farming terraces, living houses, Royal residences and the biggest inca cemetery. Then you will visit the best local Pisac market great place to get souvenirs, lunch in Pisac town or\u00a0 Urubamba. We then continue to Ollantaytambo the fortress which keeps watch over the city. We have time to stroll the picturesque streets of this magical and original Inca city before taking the expeditions train to Aguas Calientes. DAY 2:\u00a0Machu Picchu \u2013 Ollantaytambo \u2013 Cusco After a good sleep and breakfast in a hotel, your guide will walk you to the bus station for a 30-minute trip to one of the seven wonders of the world \u2013 Machu Picchu. On an informative 3-hour tour you will learn<\/p>","protected":false},"author":1,"featured_media":0,"parent":0,"menu_order":0,"comment_status":"closed","ping_status":"closed","template":"","meta":{"_eb_attr":"","footnotes":""},"class_list":["post-2161","page","type-page","status-publish","hentry"],"_hostinger_reach_plugin_has_subscription_block":false,"_hostinger_reach_plugin_is_elementor":false,"_links":{"self":[{"href":"https:\/\/apurimacadventures.com\/pt\/wp-json\/wp\/v2\/pages\/2161","targetHints":{"allow":["GET"]}}],"collection":[{"href":"https:\/\/apurimacadventures.com\/pt\/wp-json\/wp\/v2\/pages"}],"about":[{"href":"https:\/\/apurimacadventures.com\/pt\/wp-json\/wp\/v2\/types\/page"}],"author":[{"embeddable":true,"href":"https:\/\/apurimacadventures.com\/pt\/wp-json\/wp\/v2\/users\/1"}],"replies":[{"embeddable":true,"href":"https:\/\/apurimacadventures.com\/pt\/wp-json\/wp\/v2\/comments?post=2161"}],"version-history":[{"count":18,"href":"https:\/\/apurimacadventures.com\/pt\/wp-json\/wp\/v2\/pages\/2161\/revisions"}],"predecessor-version":[{"id":3335,"href":"https:\/\/apurimacadventures.com\/pt\/wp-json\/wp\/v2\/pages\/2161\/revisions\/3335"}],"wp:attachment":[{"href":"https:\/\/apurimacadventures.com\/pt\/wp-json\/wp\/v2\/media?parent=2161"}],"curies":[{"name":"wp","href":"https:\/\/api.w.org\/{rel}","templated":true}]}}