{"id":2153,"date":"2025-11-09T00:22:30","date_gmt":"2025-11-09T00:22:30","guid":{"rendered":"https:\/\/apurimacadventures.com\/?page_id=2153"},"modified":"2026-03-06T05:53:53","modified_gmt":"2026-03-06T05:53:53","slug":"machu-picchu-cusco-sacred-valley-3-days","status":"publish","type":"page","link":"https:\/\/apurimacadventures.com\/pt\/machu-picchu-cusco-sacred-valley-3-days\/","title":{"rendered":"Machu Picchu &#038; Cusco &#038; Sacred Valley \u2013 3 Days"},"content":{"rendered":"<div data-elementor-type=\"wp-page\" data-elementor-id=\"2153\" class=\"elementor elementor-2153\" data-elementor-post-type=\"page\">\n\t\t\t\t<div class=\"elementor-element elementor-element-08fadc6 e-con-full e-flex wpr-particle-no wpr-jarallax-no wpr-parallax-no wpr-sticky-section-no e-con e-parent\" data-id=\"08fadc6\" data-element_type=\"container\" data-e-type=\"container\" data-settings=\"{&quot;background_background&quot;:&quot;classic&quot;}\">\n\t\t\t\t<div class=\"elementor-element elementor-element-5b1bc66 elementor-widget elementor-widget-heading\" data-id=\"5b1bc66\" data-element_type=\"widget\" data-e-type=\"widget\" data-widget_type=\"heading.default\">\n\t\t\t\t\t<h2 class=\"elementor-heading-title elementor-size-default\">Machu Picchu, Cusco e Vale Sagrado \u2013 3 dias\n\n\n<\/h2>\t\t\t\t<\/div>\n\t\t<div class=\"elementor-element elementor-element-6648a9e e-con-full e-flex wpr-particle-no wpr-jarallax-no wpr-parallax-no wpr-sticky-section-no e-con e-child\" data-id=\"6648a9e\" data-element_type=\"container\" data-e-type=\"container\" data-settings=\"{&quot;background_background&quot;:&quot;classic&quot;}\">\n\t\t\t\t<\/div>\n\t\t\t\t<\/div>\n\t\t<div class=\"elementor-element elementor-element-8620c99 e-flex e-con-boxed wpr-particle-no wpr-jarallax-no wpr-parallax-no wpr-sticky-section-no e-con e-parent\" data-id=\"8620c99\" data-element_type=\"container\" data-e-type=\"container\">\n\t\t\t\t\t<div class=\"e-con-inner\">\n\t\t\t\t<div class=\"elementor-element elementor-element-61ae41f elementor-widget__width-initial elementor-widget elementor-widget-text-editor\" data-id=\"61ae41f\" data-element_type=\"widget\" data-e-type=\"widget\" data-widget_type=\"text-editor.default\">\n\t\t\t\t\t\t\t\t\t<div id=\"u47967-4\" class=\"clearfix colelem shared_content\" data-muse-uid=\"U47967\" data-muse-type=\"txt_frame\" data-ibe-flags=\"txtStyleSrc\" data-sizepolicy=\"fixed\" data-pintopage=\"page_fixedCenter\" data-content-guid=\"u47967-4_content\"><strong>DESCRI\u00c7\u00c3O:<\/strong><div id=\"u50510-4\" class=\"clearfix colelem shared_content\" data-muse-uid=\"U50510\" data-muse-type=\"txt_frame\" data-ibe-flags=\"txtStyleSrc\" data-sizepolicy=\"fixed\" data-pintopage=\"page_fixedCenter\" data-content-guid=\"u50510-4_content\"><div id=\"u30283-10\" class=\"clearfix colelem shared_content\" data-muse-uid=\"U30283\" data-muse-type=\"txt_frame\" data-ibe-flags=\"txtStyleSrc\" data-sizepolicy=\"fixed\" data-pintopage=\"page_fixedCenter\" data-content-guid=\"u30283-10_content\"><p>Este passeio abrange os principais destaques de qualquer viagem ao Peru: a bela cidade de Cusco, o tour cultural pelo Vale Sagrado e as famosas ru\u00ednas de Machu Picchu. A antiga cidade de Cusco \u00e9 a mais bela do Peru. Rodeada por montanhas, \u00e9 rica em hist\u00f3ria. Caminhando pelas ruas da cidade, voc\u00ea se encantar\u00e1 com os trabalhos em pedra incas que formam as bases dos edif\u00edcios coloniais. Muitas das igrejas coloniais de Cusco foram constru\u00eddas sobre pal\u00e1cios, templos e resid\u00eancias reais incas. Para quem deseja ter uma vis\u00e3o geral da hist\u00f3ria peruana, o passeio pela cidade de Cusco \u00e9 perfeito.<\/p><p>O segundo dia da sua excurs\u00e3o levar\u00e1 voc\u00ea ao Vale Sagrado dos Incas. Ru\u00ednas antigas com vista para os vales abaixo, charmosas cidades coloniais e vilarejos de tecelagem, mercados de artesanato e agricultura local o receber\u00e3o no Vale Sagrado. Visitaremos o vilarejo de tecelagem de Chinchero, o s\u00edtio agr\u00edcola de Moray, as Salinas de Maras e a encantadora cidade de Ollantaytambo.<\/p><p>Por fim, voc\u00ea visitar\u00e1 Machu Picchu \u2013 a Cidade Perdida dos Incas. Este santu\u00e1rio hist\u00f3rico \u00e9 uma obra-prima da arte, do urbanismo, da arquitetura e da engenharia e, do seu ponto privilegiado entre montanhas espetaculares, vai tirar o seu f\u00f4lego!<\/p><\/div><\/div><\/div>\t\t\t\t\t\t\t\t<\/div>\n\t\t\t\t<div class=\"elementor-element elementor-element-84f5a8a e-n-tabs-mobile elementor-widget elementor-widget-n-tabs\" data-id=\"84f5a8a\" data-element_type=\"widget\" data-e-type=\"widget\" data-settings=\"{&quot;_animation&quot;:&quot;none&quot;,&quot;tabs_justify_horizontal&quot;:&quot;stretch&quot;,&quot;horizontal_scroll&quot;:&quot;disable&quot;}\" data-widget_type=\"nested-tabs.default\">\n\t\t\t\t\t\t\t<div class=\"e-n-tabs\" data-widget-number=\"139418250\" aria-label=\"Abas. Abra os itens com Enter ou Espa\u00e7o, feche com Esc e navegue usando as teclas de seta.\" data-no-translation-aria-label=\"\">\n\t\t\t<div class=\"e-n-tabs-heading\" role=\"tablist\">\n\t\t\t\t\t<button id=\"e-n-tab-title-1394182501\" data-tab-title-id=\"e-n-tab-title-1394182501\" class=\"e-n-tab-title\" aria-selected=\"true\" data-tab-index=\"1\" role=\"tab\" tabindex=\"0\" aria-controls=\"e-n-tab-content-1394182501\" style=\"--n-tabs-title-order: 1;\">\n\t\t\t\t\t\t<span class=\"e-n-tab-title-text\">\n\t\t\t\tVis\u00e3o geral\t\t\t<\/span>\n\t\t<\/button>\n\t\t\t\t<button id=\"e-n-tab-title-1394182502\" data-tab-title-id=\"e-n-tab-title-1394182502\" class=\"e-n-tab-title\" aria-selected=\"false\" data-tab-index=\"2\" role=\"tab\" tabindex=\"-1\" aria-controls=\"e-n-tab-content-1394182502\" style=\"--n-tabs-title-order: 2;\">\n\t\t\t\t\t\t<span class=\"e-n-tab-title-text\">\n\t\t\t\tItiner\u00e1rio\t\t\t<\/span>\n\t\t<\/button>\n\t\t\t\t<button id=\"e-n-tab-title-1394182503\" data-tab-title-id=\"e-n-tab-title-1394182503\" class=\"e-n-tab-title\" aria-selected=\"false\" data-tab-index=\"3\" role=\"tab\" tabindex=\"-1\" aria-controls=\"e-n-tab-content-1394182503\" style=\"--n-tabs-title-order: 3;\">\n\t\t\t\t\t\t<span class=\"e-n-tab-title-text\">\n\t\t\t\tInclu\u00eddo\t\t\t<\/span>\n\t\t<\/button>\n\t\t\t\t<button id=\"e-n-tab-title-1394182504\" data-tab-title-id=\"e-n-tab-title-1394182504\" class=\"e-n-tab-title\" aria-selected=\"false\" data-tab-index=\"4\" role=\"tab\" tabindex=\"-1\" aria-controls=\"e-n-tab-content-1394182504\" style=\"--n-tabs-title-order: 4;\">\n\t\t\t\t\t\t<span class=\"e-n-tab-title-text\">\n\t\t\t\tPre\u00e7os\t\t\t<\/span>\n\t\t<\/button>\n\t\t\t\t\t<\/div>\n\t\t\t<div class=\"e-n-tabs-content\">\n\t\t\t\t<div id=\"e-n-tab-content-1394182501\" role=\"tabpanel\" aria-labelledby=\"e-n-tab-title-1394182501\" data-tab-index=\"1\" style=\"--n-tabs-title-order: 1;\" class=\"e-active elementor-element elementor-element-94e590d e-con-full e-flex wpr-particle-no wpr-jarallax-no wpr-parallax-no wpr-sticky-section-no e-con e-child\" data-id=\"94e590d\" data-element_type=\"container\" data-e-type=\"container\">\n\t\t<div class=\"elementor-element elementor-element-2d751ac e-con-full animated-slow e-flex wpr-particle-no wpr-jarallax-no wpr-parallax-no wpr-sticky-section-no elementor-invisible e-con e-child\" data-id=\"2d751ac\" data-element_type=\"container\" data-e-type=\"container\" data-settings=\"{&quot;background_background&quot;:&quot;classic&quot;,&quot;animation&quot;:&quot;fadeIn&quot;}\">\n\t\t\t\t<\/div>\n\t\t\t\t<div class=\"elementor-element elementor-element-5d20cd5 elementor-widget__width-initial elementor-widget elementor-widget-text-editor\" data-id=\"5d20cd5\" data-element_type=\"widget\" data-e-type=\"widget\" data-widget_type=\"text-editor.default\">\n\t\t\t\t\t\t\t\t\t<p>\u00a0<\/p><ul id=\"u45754-19\" class=\"list0 nls-None\"><li><strong><span id=\"u45754\">Locais visitados:<\/span>\u00a0<\/strong>City Tour em Cusco, Chinchero, Moray, Mina de sal, Ollantaytambo, Machupicchu<\/li><li><strong><span id=\"u45754-4\">Estilo da viagem:<\/span><\/strong>\u00a0Cusco - Vale Sagrado - Machu Picchu - Passeios Culturais<\/li><li><strong><span id=\"u45754-7\">Comprimento                   :<\/span>\u00a0<\/strong>3D\/2N<\/li><li><strong><span id=\"u45754-10\">Frequ\u00eancia:<\/span>\u00a0<\/strong>A pedido<\/li><li><strong><span id=\"u45754-13\">Grupo                     :<\/span>\u00a0<\/strong>M\u00ednimo de 2 pessoas \/ m\u00e1ximo de 12 pessoas<\/li><li><strong><span id=\"u45754-16\">Pre\u00e7o                        :<\/span>\u00a0<\/strong>590 USD$<\/li><\/ul><ul id=\"u45754-25\" class=\"list0 nls-None\"><li id=\"u45754-24\"><strong><span id=\"u45754-20\">Classifica\u00e7\u00e3o F\u00edsica:\u00a0<\/span><\/strong><span id=\"u45754-21\"><span style=\"text-decoration: underline;\"><strong>1<\/strong><\/span>\u00a0<\/span><span id=\"u45754-22\">2<\/span><span id=\"u45754-23\">\u00a03 4 5<\/span><\/li><\/ul>\t\t\t\t\t\t\t\t<\/div>\n\t\t\t\t<\/div>\n\t\t<div id=\"e-n-tab-content-1394182502\" role=\"tabpanel\" aria-labelledby=\"e-n-tab-title-1394182502\" data-tab-index=\"2\" style=\"--n-tabs-title-order: 2;\" class=\"elementor-element elementor-element-2d5725f e-con-full e-flex wpr-particle-no wpr-jarallax-no wpr-parallax-no wpr-sticky-section-no e-con e-child\" data-id=\"2d5725f\" data-element_type=\"container\" data-e-type=\"container\">\n\t\t<div class=\"elementor-element elementor-element-2df2eb8 e-con-full animated-slow e-flex wpr-particle-no wpr-jarallax-no wpr-parallax-no wpr-sticky-section-no elementor-invisible e-con e-child\" data-id=\"2df2eb8\" data-element_type=\"container\" data-e-type=\"container\" data-settings=\"{&quot;background_background&quot;:&quot;classic&quot;,&quot;animation&quot;:&quot;fadeIn&quot;}\">\n\t\t\t\t<\/div>\n\t\t\t\t<div class=\"elementor-element elementor-element-5462b0a elementor-widget__width-initial elementor-widget elementor-widget-text-editor\" data-id=\"5462b0a\" data-element_type=\"widget\" data-e-type=\"widget\" data-widget_type=\"text-editor.default\">\n\t\t\t\t\t\t\t\t\t<p>\u00a0<\/p><p id=\"u45748-6\"><strong><span id=\"u45748-4\">DIA 1:<\/span>\u00a0Passeio pela cidade de Cusco<\/strong><\/p><p id=\"u45748-8\">Ao chegar em Cusco, iremos busc\u00e1-lo no aeroporto e lev\u00e1-lo ao seu hotel. Ap\u00f3s um breve descanso, iniciaremos o seu passeio pela cidade de Cusco. Cusco apresenta uma fascinante mistura de duas culturas (Inca e Espanhola), o que lhe confere uma apar\u00eancia e uma atmosfera \u00fanicas no Peru. Visitaremos todos os importantes pontos tur\u00edsticos incas e coloniais desta cidade hist\u00f3rica, incluindo a explora\u00e7\u00e3o das tr\u00eas ru\u00ednas incr\u00edveis nos arredores da cidade (Sacsayhuaman, Qenqo e Puka Pucara) e o Templo do Sol (Qoricancha). Voc\u00ea tamb\u00e9m caminhar\u00e1 e explorar\u00e1 as ruas de Cusco para apreciar seu charme singular e aprender sobre sua hist\u00f3ria com o seu guia.<\/p><p>\u00a0<\/p><p id=\"u45748-12\"><strong><span id=\"u45748-10\">DIA 2:\u00a0<\/span>Vale Sagrado: Chinchero \u2013 Moray \u2013 Minas de Sal \u2013 Ollantaytambo \u2013 Aguas Calientes<\/strong><\/p><p id=\"u45748-14\">Buscamos voc\u00ea cedo em seu hotel para o nosso passeio pelo Vale Sagrado dos Incas.<\/p><p id=\"u45748-16\">Chinchero \u00e9 uma cidade colonial muito interessante, organizada em cooperativas de tecelagem. Aqui, voc\u00ea aprender\u00e1 o processo de prepara\u00e7\u00e3o e tingimento da l\u00e3 com corantes naturais e a tecer belos tecidos. Moray \u00e9 um impressionante conjunto de terra\u00e7os circulares que os Incas utilizavam como laborat\u00f3rio agr\u00edcola. Voc\u00ea aprender\u00e1 como seus mestres engenheiros experimentavam com microclimas e diferentes tipos de solo para aprimorar a produ\u00e7\u00e3o. As Salinas de Maras s\u00e3o uma das minas mais antigas dos Incas, onde produziam sal puro e natural. As minas ainda s\u00e3o exploradas hoje pela comunidade de Maras. Tamb\u00e9m visitaremos a cidade colonial de Maras, onde voc\u00ea encontrar\u00e1 a bela arquitetura colonial e inca. Ap\u00f3s o almo\u00e7o na cidade de Urubamba, seguiremos para Ollantaytambo, com sua imponente fortaleza inca que guarda a entrada do vale. Ollantaytambo era um centro estrat\u00e9gico militar, religioso e agr\u00edcola. Teremos tempo para passear pelas ruas pitorescas desta cidade inca m\u00e1gica e original antes de pegarmos o trem para Aguas Calientes.<\/p><p>\u00a0<\/p><p id=\"u45748-20\"><strong><span id=\"u45748-18\">DIA 3:<\/span>\u00a0\u00c1guas Calientes \u2013 Machu Picchu \u2013 Cusco<\/strong><\/p><p id=\"u45748-22\">Este ser\u00e1 um dia especial, pois voc\u00ea visitar\u00e1 a Cidade Perdida dos Incas \u2013 Machu Picchu. Seu guia ir\u00e1 busc\u00e1-lo no hotel para lev\u00e1-lo \u00e0 rodovi\u00e1ria. Ap\u00f3s 30 minutos de viagem, voc\u00ea chegar\u00e1 a Machu Picchu, a antiga e misteriosa cidade. Voc\u00ea far\u00e1 um tour informativo de 3 horas, explorando os templos, a resid\u00eancia real, a pedreira e os antigos aposentos da cidade. Voc\u00ea retornar\u00e1 a Aguas Calientes de \u00f4nibus e pegar\u00e1 o trem de volta para Ollantaytambo, onde nosso transporte particular o levar\u00e1 de volta ao seu hotel em Cusco.<\/p>\t\t\t\t\t\t\t\t<\/div>\n\t\t\t\t<\/div>\n\t\t<div id=\"e-n-tab-content-1394182503\" role=\"tabpanel\" aria-labelledby=\"e-n-tab-title-1394182503\" data-tab-index=\"3\" style=\"--n-tabs-title-order: 3;\" class=\"elementor-element elementor-element-7c01974 e-con-full e-flex wpr-particle-no wpr-jarallax-no wpr-parallax-no wpr-sticky-section-no e-con e-child\" data-id=\"7c01974\" data-element_type=\"container\" data-e-type=\"container\">\n\t\t<div class=\"elementor-element elementor-element-cf848f1 e-con-full animated-slow e-flex wpr-particle-no wpr-jarallax-no wpr-parallax-no wpr-sticky-section-no elementor-invisible e-con e-child\" data-id=\"cf848f1\" data-element_type=\"container\" data-e-type=\"container\" data-settings=\"{&quot;background_background&quot;:&quot;classic&quot;,&quot;animation&quot;:&quot;fadeIn&quot;}\">\n\t\t\t\t<\/div>\n\t\t\t\t<div class=\"elementor-element elementor-element-8872907 elementor-widget__width-initial elementor-widget elementor-widget-text-editor\" data-id=\"8872907\" data-element_type=\"widget\" data-e-type=\"widget\" data-widget_type=\"text-editor.default\">\n\t\t\t\t\t\t\t\t\t<p id=\"u45750-2\">\u00a0<\/p><p id=\"u45750-5\"><strong>O SERVI\u00c7O INCLUI:<\/strong><\/p><ul id=\"u45750-25\" class=\"list0 nls-None\"><li id=\"u45750-8\">Traslado de ida e volta do aeroporto para o hotel em Cusco.<\/li><li id=\"u45750-10\">Bilhetes de entrada para s\u00edtios arqueol\u00f3gicos<\/li><li id=\"u45750-12\">transporte tur\u00edstico privado<\/li><li id=\"u45750-14\">Trem de expedi\u00e7\u00e3o de ida e volta Ollantaytambo \u2013 Aguas Calientes<\/li><li id=\"u45750-16\">Hotel 3 estrelas com caf\u00e9 da manh\u00e3 em Aguas Calientes<\/li><li id=\"u45750-18\">Bilhete de \u00f4nibus ida e volta \u00c1guas Calientes \u2013 Machu Picchu<\/li><li id=\"u45750-20\">Taxas de entrada para Machu Picchu<\/li><li id=\"u45750-24\">Guia profissional que fala ingl\u00eas e espanhol<\/li><\/ul><p id=\"u45750-27\"><strong>SERVI\u00c7O N\u00c3O INCLU\u00cdDO:<\/strong><\/p><ul id=\"u45750-41\" class=\"list0 nls-None\"><li id=\"u45750-30\">Refei\u00e7\u00f5es<\/li><li>Bebidas<\/li><li>Lanches<\/li><li id=\"u45750-32\">Entrada de Wayna Picchu \u2013 US $100<\/li><li id=\"u45750-34\">Entrada para a montanha Machu Picchu \u2013 US$100<\/li><li id=\"u45750-36\">Upgrades de trem Para trem Vistadome US$130 por pessoa<\/li><li>Trem observat\u00f3rio Vistadome US$ 180 por pessoa<\/li><li id=\"u45750-40\">Pontas<\/li><\/ul><p id=\"u45750-43\"><strong>O QUE VOC\u00ca PRECISA TRAZER:<\/strong><\/p><ul id=\"u45750-63\" class=\"list0 nls-None\"><li id=\"u45750-46\">Passaporte original<\/li><li id=\"u45750-48\">Jaqueta imperme\u00e1vel ou poncho de chuva<\/li><li id=\"u45750-50\">Jaqueta quente<\/li><li id=\"u45750-52\">camisetas<\/li><li id=\"u45750-54\">chap\u00e9u de sol<\/li><li id=\"u45750-56\">protetor solar<\/li><li id=\"u45750-58\">Repelente de insetos<\/li><li id=\"u45750-60\">Cal\u00e7as confort\u00e1veis<\/li><li id=\"u45750-62\">Medicamentos pessoais<\/li><\/ul>\t\t\t\t\t\t\t\t<\/div>\n\t\t\t\t<\/div>\n\t\t<div id=\"e-n-tab-content-1394182504\" role=\"tabpanel\" aria-labelledby=\"e-n-tab-title-1394182504\" data-tab-index=\"4\" style=\"--n-tabs-title-order: 4;\" class=\"elementor-element elementor-element-3449c55 e-con-full e-flex wpr-particle-no wpr-jarallax-no wpr-parallax-no wpr-sticky-section-no e-con e-child\" data-id=\"3449c55\" data-element_type=\"container\" data-e-type=\"container\">\n\t\t\t\t<div class=\"elementor-element elementor-element-2aee766 elementor-widget__width-initial elementor-widget elementor-widget-text-editor\" data-id=\"2aee766\" data-element_type=\"widget\" data-e-type=\"widget\" data-widget_type=\"text-editor.default\">\n\t\t\t\t\t\t\t\t\t<p>\u00a0<\/p><p id=\"u46004-2\"><strong>Pre\u00e7os \u2013 Cusco, Vale Sagrado e Machu Picchu \u2013 3 dias<\/strong><\/p><ul id=\"u46004-19\" class=\"list0 nls-None\"><li id=\"u46004-6\"><span id=\"u46004-4\">PRE\u00c7O:<\/span> 590 USD$ por pessoa ao reservar para 2 a 4 pessoas.<\/li><li id=\"u46004-9\"><span id=\"u46004-7\">PRE\u00c7O:<\/span> 550 USD$ por pessoa para reservas de 5 a 7 pessoas.<\/li><li id=\"u46004-12\"><span id=\"u46004-10\">PRE\u00c7O:<\/span> 500 USD$ por pessoa ao reservar para 8 a 12 pessoas.<\/li><\/ul>\t\t\t\t\t\t\t\t<\/div>\n\t\t\t\t<\/div>\n\t\t\t\t\t<\/div>\n\t\t<\/div>\n\t\t\t\t\t\t<\/div>\n\t\t\t\t\t<\/div>\n\t\t\t\t<\/div>\n\t\t<div class=\"elementor-element elementor-element-b004eef e-flex e-con-boxed wpr-particle-no wpr-jarallax-no wpr-parallax-no wpr-sticky-section-no e-con e-parent\" data-id=\"b004eef\" data-element_type=\"container\" data-e-type=\"container\">\n\t\t\t\t\t<div class=\"e-con-inner\">\n\t\t\t\t<div class=\"elementor-element elementor-element-831001b elementor-widget elementor-widget-spacer\" data-id=\"831001b\" data-element_type=\"widget\" data-e-type=\"widget\" data-widget_type=\"spacer.default\">\n\t\t\t\t\t\t\t<div class=\"elementor-spacer\">\n\t\t\t<div class=\"elementor-spacer-inner\"><\/div>\n\t\t<\/div>\n\t\t\t\t\t\t<\/div>\n\t\t\t\t\t<\/div>\n\t\t\t\t<\/div>\n\t\t\t\t<\/div>","protected":false},"excerpt":{"rendered":"<p>Machu Picchu &amp; Cusco &amp; Sacred Valley \u2013 3 Days DESCRIPTION: This tour covers the most important highlights of any tour to Peru \u2013 the beautiful city of Cusco, the cultural tour of the Sacred Valley, and the famous ruins of Machu Picchu. The ancient city of Cusco is the most beautiful city in Peru. It is surrounded by mountains and rich in history. Walking the city streets, you will be amazed by the Inca stonework forming the foundations of the colonial buildings. Many of the colonial churches in Cusco were built on top of Inca palaces, temples, and the royal residence. For those who want to acquire an overview of Peruvian history, the Cusco city tour is perfect. The second day of your tour will take you to the Sacred Valley of the Incas. Ancient ruins overlooking the valleys below, attractive colonial towns and weaving villages, handicraft markets and local farming will greet you in the Sacred Valley. We will visit the weaving village of Chinchero, the Moray agricultural site, the Maras Salt Mines, and the charming town of Ollantaytambo. Finally, you will visit Machu Picchu \u2013 the Lost City of the Incas. This historical sanctuary is a masterpiece of art, urbanism, architecture and engineering, and, from its perch amongst spectacular mountains, it will take your breath away! Overview Itinerary Included Prices \u00a0 Locations Visited\u00a0 :\u00a0Cusco City Tour, Chinchero, Moray, Salt mine,Ollantaytambo, Machupicchu Trip Style\u00a0\u00a0\u00a0\u00a0\u00a0\u00a0\u00a0\u00a0\u00a0\u00a0\u00a0\u00a0\u00a0\u00a0\u00a0 :\u00a0Cusco- sacred valley- Machupicchu Cultural tours Length\u00a0\u00a0\u00a0\u00a0\u00a0\u00a0\u00a0\u00a0\u00a0\u00a0\u00a0\u00a0\u00a0\u00a0\u00a0\u00a0\u00a0\u00a0\u00a0 :\u00a03D\/2N Frequency\u00a0\u00a0\u00a0\u00a0\u00a0\u00a0\u00a0\u00a0\u00a0\u00a0\u00a0\u00a0\u00a0 :\u00a0Upon Request Group\u00a0\u00a0\u00a0\u00a0\u00a0\u00a0\u00a0\u00a0\u00a0\u00a0\u00a0\u00a0\u00a0\u00a0\u00a0\u00a0\u00a0\u00a0\u00a0\u00a0\u00a0 :\u00a02 People min \/ 12 People max Price\u00a0\u00a0\u00a0\u00a0\u00a0\u00a0\u00a0\u00a0\u00a0\u00a0\u00a0\u00a0\u00a0\u00a0\u00a0\u00a0\u00a0\u00a0\u00a0\u00a0\u00a0\u00a0\u00a0\u00a0 :\u00a0590 USD$ Physical Grading\u00a0\u00a0 :\u00a01\u00a02\u00a03 4 5 \u00a0 DAY 1:\u00a0Cusco City Tour When you arrive in Cusco, we will pick you up at the airport and transport you to your hotel. After you have a chance to rest, you will begin your Cusco City Tour. Cusco contains a fascinating blend of two cultures (Inca and Spanish) which gives it a look and feel that is unique in Peru. We will visit all the significant Inca and Colonial sights of this historic city, including exploring the three amazing ruins just outside the city (Sacsayhuaman, Qenqo, and Puka Pucara) and the Temple of the Sun (Qoricancha). You will also walk and explore the streets of Cusco to enjoy its unique charm and learn its history from your guide. \u00a0 DAY 2:\u00a0Sacred Valley: Chinchero \u2013 Moray \u2013 Salt Mines \u2013 Ollantaytambo \u2013 Aguas Calientes We pick you up early from your hotel for our tour of the Sacred Valley of the Incas. Chinchero is a very interesting colonial town that is organized into weaving cooperatives. Here you will learn the process of preparing and dyeing wool using natural dyes and weaving beautiful textiles. Moray is an impressive collection of circular terraces which the Incas used as an agricultural laboratory. You will learn how their master engineers experimented with microclimates and different soils to enhance their production. The Maras Salt Mines is one of the oldest mines of the Incas where they produced pure and natural salt. The mines are still worked today by the community of Maras. We will also visit the Maras colonial town where you will find the beautiful Colonial and Inca Architecture, Following lunch in the town of Urubamba, we will continue to Ollantaytambo with its impressive Inca fortress guarding the entry to the valley. Ollantaytambo was a strategic military, religious, and agricultural center. We have time to stroll along the picturesque streets of this magical and original Inca city before taking our train to Aguas Calientes. \u00a0 DAY 3:\u00a0Aguas Calientes \u2013 Machu Picchu \u2013 Cusco This will be a special day as you visit the Lost City of the Incas \u2013 Machu Picchu. Your guide will pick you up at the hotel to go to the bus station. After a 30-minute drive you will arrive in Machu Picchu \u2013 the ancient and mysterious city. You will have an informative 3-hour tour while exploring the temples, royal residence, stone quarry, and living quarters of the city. You will return to Aguas Calientes by bus and take the train back to Ollantaytambo, where our private transport will drive you back to your hotel in Cusco. \u00a0 SERVICE INCLUDED: Pick up and drop off\u00a0 airport to hotel in cusco Entrances\u00a0 tickets to archeological sites Private\u00a0 tourist transport Round Trip Expedition Train Ollantaytambo \u2013 Aguas Calientes 3 * Hotel\u00a0 with breakfast in Aguas Calientes Round trip bus ticket Aguas Calientes \u2013 Machu Picchu Entrance fees to Machu Picchu Professional English &amp; Spanish speaking guide SERVICE NOT INCLUDED: Meals Drinks Snacks Entrance of Wayna Picchu \u2013\u00a0 US $100 Entrance to Machu Picchu Mountain \u2013 US$100 Upgrades train For Vistadome train\u00a0 US$130 per person Vistadome observatory train\u00a0 US$ 180 per person Tips WHAT YOU NEED TO BRING: Original Passport Waterproof jacket or rain poncho Warm jacket T-shirts Sun hat Sun cream Insect repellent Comfortable trousers Personal medication \u00a0 Prices \u2013 Cusco &amp; Sacred Valley &amp; Machu Picchu \u2013 3 days PRICE: 590 USD$ per person when booking 2 &#8211; 4 people PRICE: 550 USD$ per person when booking 5 &#8211; 7 people PRICE: 500 USD$ per person when booking 8 &#8211; 12 people \u00a0 Locations Visited\u00a0 :\u00a0Cusco City Tour, Chinchero, Moray, Salt mine,Ollantaytambo, Machupicchu Trip Style\u00a0\u00a0\u00a0\u00a0\u00a0\u00a0\u00a0\u00a0\u00a0\u00a0\u00a0\u00a0\u00a0\u00a0\u00a0 :\u00a0Cusco- sacred valley- Machupicchu Cultural tours Length\u00a0\u00a0\u00a0\u00a0\u00a0\u00a0\u00a0\u00a0\u00a0\u00a0\u00a0\u00a0\u00a0\u00a0\u00a0\u00a0\u00a0\u00a0\u00a0 :\u00a03D\/2N Frequency\u00a0\u00a0\u00a0\u00a0\u00a0\u00a0\u00a0\u00a0\u00a0\u00a0\u00a0\u00a0\u00a0 :\u00a0Upon Request Group\u00a0\u00a0\u00a0\u00a0\u00a0\u00a0\u00a0\u00a0\u00a0\u00a0\u00a0\u00a0\u00a0\u00a0\u00a0\u00a0\u00a0\u00a0\u00a0\u00a0\u00a0 :\u00a02 People min \/ 12 People max Price\u00a0\u00a0\u00a0\u00a0\u00a0\u00a0\u00a0\u00a0\u00a0\u00a0\u00a0\u00a0\u00a0\u00a0\u00a0\u00a0\u00a0\u00a0\u00a0\u00a0\u00a0\u00a0\u00a0\u00a0 :\u00a0590 USD$ Physical Grading\u00a0\u00a0 :\u00a01\u00a02\u00a03 4 5 \u00a0 DAY 1:\u00a0Cusco City Tour When you arrive in Cusco, we will pick you up at the airport and transport you to your hotel. After you have a chance to rest, you will begin your Cusco City Tour. Cusco contains a fascinating blend of two cultures (Inca and Spanish) which gives it a look and feel that is unique in Peru. We will visit all the significant Inca and Colonial sights of this historic city, including exploring the three amazing ruins just outside the city (Sacsayhuaman, Qenqo, and Puka Pucara) and the Temple of the Sun (Qoricancha). You will also walk and explore the streets<\/p>","protected":false},"author":1,"featured_media":0,"parent":0,"menu_order":0,"comment_status":"closed","ping_status":"closed","template":"","meta":{"_eb_attr":"","footnotes":""},"class_list":["post-2153","page","type-page","status-publish","hentry"],"_hostinger_reach_plugin_has_subscription_block":false,"_hostinger_reach_plugin_is_elementor":false,"_links":{"self":[{"href":"https:\/\/apurimacadventures.com\/pt\/wp-json\/wp\/v2\/pages\/2153","targetHints":{"allow":["GET"]}}],"collection":[{"href":"https:\/\/apurimacadventures.com\/pt\/wp-json\/wp\/v2\/pages"}],"about":[{"href":"https:\/\/apurimacadventures.com\/pt\/wp-json\/wp\/v2\/types\/page"}],"author":[{"embeddable":true,"href":"https:\/\/apurimacadventures.com\/pt\/wp-json\/wp\/v2\/users\/1"}],"replies":[{"embeddable":true,"href":"https:\/\/apurimacadventures.com\/pt\/wp-json\/wp\/v2\/comments?post=2153"}],"version-history":[{"count":18,"href":"https:\/\/apurimacadventures.com\/pt\/wp-json\/wp\/v2\/pages\/2153\/revisions"}],"predecessor-version":[{"id":3328,"href":"https:\/\/apurimacadventures.com\/pt\/wp-json\/wp\/v2\/pages\/2153\/revisions\/3328"}],"wp:attachment":[{"href":"https:\/\/apurimacadventures.com\/pt\/wp-json\/wp\/v2\/media?parent=2153"}],"curies":[{"name":"wp","href":"https:\/\/api.w.org\/{rel}","templated":true}]}}