{"id":2124,"date":"2025-11-09T00:00:32","date_gmt":"2025-11-09T00:00:32","guid":{"rendered":"https:\/\/apurimacadventures.com\/?page_id=2124"},"modified":"2025-12-06T12:37:22","modified_gmt":"2025-12-06T12:37:22","slug":"trilha-lares-e-hospedagem-em-casa-de-familia-2-dias","status":"publish","type":"page","link":"https:\/\/apurimacadventures.com\/pt\/lares-trek-and-homestay-2-day\/","title":{"rendered":"Trilha e hospedagem em casa de fam\u00edlia em Lares \u2013 2 dias"},"content":{"rendered":"<div data-elementor-type=\"wp-page\" data-elementor-id=\"2124\" class=\"elementor elementor-2124\" data-elementor-post-type=\"page\">\n\t\t\t\t<div class=\"elementor-element elementor-element-08fadc6 e-con-full e-flex wpr-particle-no wpr-jarallax-no wpr-parallax-no wpr-sticky-section-no e-con e-parent\" data-id=\"08fadc6\" data-element_type=\"container\" data-e-type=\"container\" data-settings=\"{&quot;background_background&quot;:&quot;classic&quot;}\">\n\t\t\t\t<div class=\"elementor-element elementor-element-5b1bc66 elementor-widget elementor-widget-heading\" data-id=\"5b1bc66\" data-element_type=\"widget\" data-e-type=\"widget\" data-widget_type=\"heading.default\">\n\t\t\t\t\t<h2 class=\"elementor-heading-title elementor-size-default\">Trilha e hospedagem em casa de fam\u00edlia em Lares \u2013 2 dias<\/h2>\t\t\t\t<\/div>\n\t\t<div class=\"elementor-element elementor-element-6648a9e e-con-full e-flex wpr-particle-no wpr-jarallax-no wpr-parallax-no wpr-sticky-section-no e-con e-child\" data-id=\"6648a9e\" data-element_type=\"container\" data-e-type=\"container\" data-settings=\"{&quot;background_background&quot;:&quot;classic&quot;}\">\n\t\t\t\t<\/div>\n\t\t\t\t<\/div>\n\t\t<div class=\"elementor-element elementor-element-8620c99 e-flex e-con-boxed wpr-particle-no wpr-jarallax-no wpr-parallax-no wpr-sticky-section-no e-con e-parent\" data-id=\"8620c99\" data-element_type=\"container\" data-e-type=\"container\">\n\t\t\t\t\t<div class=\"e-con-inner\">\n\t\t\t\t<div class=\"elementor-element elementor-element-61ae41f elementor-widget__width-initial elementor-widget elementor-widget-text-editor\" data-id=\"61ae41f\" data-element_type=\"widget\" data-e-type=\"widget\" data-widget_type=\"text-editor.default\">\n\t\t\t\t\t\t\t\t\t<div id=\"u47967-4\" class=\"clearfix colelem shared_content\" data-muse-uid=\"U47967\" data-muse-type=\"txt_frame\" data-ibe-flags=\"txtStyleSrc\" data-sizepolicy=\"fixed\" data-pintopage=\"page_fixedCenter\" data-content-guid=\"u47967-4_content\"><strong>DESCRI\u00c7\u00c3O:<\/strong><div id=\"u51611-4\" class=\"clearfix colelem shared_content\" data-muse-uid=\"U51611\" data-muse-type=\"txt_frame\" data-ibe-flags=\"txtStyleSrc\" data-sizepolicy=\"fixed\" data-pintopage=\"page_fixedCenter\" data-content-guid=\"u51611-4_content\"><div id=\"u52112-4\" class=\"clearfix colelem shared_content\" data-muse-uid=\"U52112\" data-muse-type=\"txt_frame\" data-ibe-flags=\"txtStyleSrc\" data-sizepolicy=\"fixed\" data-pintopage=\"page_fixedCenter\" data-content-guid=\"u52112-4_content\"><div id=\"u52797-7\" class=\"clearfix colelem shared_content\" data-muse-uid=\"U52797\" data-muse-type=\"txt_frame\" data-ibe-flags=\"txtStyleSrc\" data-sizepolicy=\"fixed\" data-pintopage=\"page_fixedCenter\" data-content-guid=\"u52797-7_content\"><p>Nossa Trilha de Lares com Hospedagem em Casa de Fam\u00edlia Quechua \u00e9 uma experi\u00eancia \u00fanica que combina uma caminhada de um dia na magn\u00edfica Cordilheira dos Andes com um encontro \u00edntimo com fam\u00edlias Quechua na vila de Willoq Alto. Na Trilha de Lares, voc\u00ea desfrutar\u00e1 de vistas deslumbrantes de montanhas nevadas, vales profundos, lhamas e alpacas, e aproveitar\u00e1 a caminhada na companhia de suas fam\u00edlias anfitri\u00e3s Quechua. De volta \u00e0 vila, que fica fora dos roteiros tur\u00edsticos tradicionais, voc\u00ea vivenciar\u00e1 a cultura ancestral dos Quechua enquanto come e dorme com suas fam\u00edlias anfitri\u00e3s, aprende suas t\u00e9cnicas de tecelagem e agricultura e, quem sabe, participa de suas festividades com m\u00fasica e dan\u00e7a.<\/p><p>Recomendamos que voc\u00ea combine o passeio pela Trilha de Lares com o nosso passeio pela cidade de Cusco (adicione 1 dia) e um dos nossos passeios a Machu Picchu (adicione de 1 a 4 dias).<\/p><\/div><\/div><\/div><\/div>\t\t\t\t\t\t\t\t<\/div>\n\t\t\t\t<div class=\"elementor-element elementor-element-84f5a8a e-n-tabs-mobile elementor-widget elementor-widget-n-tabs\" data-id=\"84f5a8a\" data-element_type=\"widget\" data-e-type=\"widget\" data-settings=\"{&quot;_animation&quot;:&quot;none&quot;,&quot;tabs_justify_horizontal&quot;:&quot;stretch&quot;,&quot;horizontal_scroll&quot;:&quot;disable&quot;}\" data-widget_type=\"nested-tabs.default\">\n\t\t\t\t\t\t\t<div class=\"e-n-tabs\" data-widget-number=\"139418250\" aria-label=\"Pesta\u00f1as. Abre elementos con Intro o Espacio, ci\u00e9rralos con Escape y navega con las fechas.\">\n\t\t\t<div class=\"e-n-tabs-heading\" role=\"tablist\">\n\t\t\t\t\t<button id=\"e-n-tab-title-1394182501\" data-tab-title-id=\"e-n-tab-title-1394182501\" class=\"e-n-tab-title\" aria-selected=\"true\" data-tab-index=\"1\" role=\"tab\" tabindex=\"0\" aria-controls=\"e-n-tab-content-1394182501\" style=\"--n-tabs-title-order: 1;\">\n\t\t\t\t\t\t<span class=\"e-n-tab-title-text\">\n\t\t\t\tVis\u00e3o geral\t\t\t<\/span>\n\t\t<\/button>\n\t\t\t\t<button id=\"e-n-tab-title-1394182502\" data-tab-title-id=\"e-n-tab-title-1394182502\" class=\"e-n-tab-title\" aria-selected=\"false\" data-tab-index=\"2\" role=\"tab\" tabindex=\"-1\" aria-controls=\"e-n-tab-content-1394182502\" style=\"--n-tabs-title-order: 2;\">\n\t\t\t\t\t\t<span class=\"e-n-tab-title-text\">\n\t\t\t\tItiner\u00e1rio\t\t\t<\/span>\n\t\t<\/button>\n\t\t\t\t<button id=\"e-n-tab-title-1394182503\" data-tab-title-id=\"e-n-tab-title-1394182503\" class=\"e-n-tab-title\" aria-selected=\"false\" data-tab-index=\"3\" role=\"tab\" tabindex=\"-1\" aria-controls=\"e-n-tab-content-1394182503\" style=\"--n-tabs-title-order: 3;\">\n\t\t\t\t\t\t<span class=\"e-n-tab-title-text\">\n\t\t\t\tInclu\u00eddo\t\t\t<\/span>\n\t\t<\/button>\n\t\t\t\t<button id=\"e-n-tab-title-1394182504\" data-tab-title-id=\"e-n-tab-title-1394182504\" class=\"e-n-tab-title\" aria-selected=\"false\" data-tab-index=\"4\" role=\"tab\" tabindex=\"-1\" aria-controls=\"e-n-tab-content-1394182504\" style=\"--n-tabs-title-order: 4;\">\n\t\t\t\t\t\t<span class=\"e-n-tab-title-text\">\n\t\t\t\tPre\u00e7os\t\t\t<\/span>\n\t\t<\/button>\n\t\t\t\t\t<\/div>\n\t\t\t<div class=\"e-n-tabs-content\">\n\t\t\t\t<div id=\"e-n-tab-content-1394182501\" role=\"tabpanel\" aria-labelledby=\"e-n-tab-title-1394182501\" data-tab-index=\"1\" style=\"--n-tabs-title-order: 1;\" class=\"e-active elementor-element elementor-element-94e590d e-con-full e-flex wpr-particle-no wpr-jarallax-no wpr-parallax-no wpr-sticky-section-no e-con e-child\" data-id=\"94e590d\" data-element_type=\"container\" data-e-type=\"container\">\n\t\t<div class=\"elementor-element elementor-element-2d751ac e-con-full animated-slow e-flex wpr-particle-no wpr-jarallax-no wpr-parallax-no wpr-sticky-section-no elementor-invisible e-con e-child\" data-id=\"2d751ac\" data-element_type=\"container\" data-e-type=\"container\" data-settings=\"{&quot;background_background&quot;:&quot;classic&quot;,&quot;animation&quot;:&quot;fadeIn&quot;}\">\n\t\t\t\t<\/div>\n\t\t\t\t<div class=\"elementor-element elementor-element-5d20cd5 elementor-widget__width-initial elementor-widget elementor-widget-text-editor\" data-id=\"5d20cd5\" data-element_type=\"widget\" data-e-type=\"widget\" data-widget_type=\"text-editor.default\">\n\t\t\t\t\t\t\t\t\t<p>\u00a0<\/p><ul id=\"u52851-7\" class=\"list0 nls-None\"><li><strong><span id=\"u52851\">DIA 1:\u00a0<\/span><\/strong>Cusco \u2013 Ollantaytambo \u2013 Patacancha \u2013 Willoq Alto<\/li><li><strong><span id=\"u52851-4\">DIA 2:\u00a0<\/span><\/strong>Willoq Alto \u2013 Ollantaytambo \u2013 Cusco<\/li><\/ul><p>\u00a0<\/p><p><span id=\"u52851-9\"><strong>Ponto mais alto:<\/strong>\u00a0<\/span>4.300 m \/ 14.107 p\u00e9s<\/p><p><span id=\"u52851-12\"><strong>Dist\u00e2ncia:<\/strong>\u00a0<\/span>16 km\/9,9 milhas<\/p><p id=\"u52851-19\"><strong><span id=\"u52851-15\">Dificuldade geral:<\/span><\/strong><span id=\"u52851-16\"><strong>\u00a0<\/strong><span style=\"text-decoration: underline;\">1<\/span> 2 3\u00a0<\/span><span id=\"u52851-17\">4<\/span><span id=\"u52851-18\">\u00a05<\/span><\/p>\t\t\t\t\t\t\t\t<\/div>\n\t\t\t\t<\/div>\n\t\t<div id=\"e-n-tab-content-1394182502\" role=\"tabpanel\" aria-labelledby=\"e-n-tab-title-1394182502\" data-tab-index=\"2\" style=\"--n-tabs-title-order: 2;\" class=\"elementor-element elementor-element-2d5725f e-con-full e-flex wpr-particle-no wpr-jarallax-no wpr-parallax-no wpr-sticky-section-no e-con e-child\" data-id=\"2d5725f\" data-element_type=\"container\" data-e-type=\"container\">\n\t\t<div class=\"elementor-element elementor-element-2df2eb8 e-con-full animated-slow e-flex wpr-particle-no wpr-jarallax-no wpr-parallax-no wpr-sticky-section-no elementor-invisible e-con e-child\" data-id=\"2df2eb8\" data-element_type=\"container\" data-e-type=\"container\" data-settings=\"{&quot;background_background&quot;:&quot;classic&quot;,&quot;animation&quot;:&quot;fadeIn&quot;}\">\n\t\t\t\t<\/div>\n\t\t\t\t<div class=\"elementor-element elementor-element-5462b0a elementor-widget__width-initial elementor-widget elementor-widget-text-editor\" data-id=\"5462b0a\" data-element_type=\"widget\" data-e-type=\"widget\" data-widget_type=\"text-editor.default\">\n\t\t\t\t\t\t\t\t\t<p>\u00a0<\/p><p id=\"u52845-2\"><strong>Roteiro \u2013 Trekking em Lares (2 dias)<\/strong><\/p><p>\u00a0<\/p><p id=\"u52845-6\"><strong><span id=\"u52845-4\">DIA 1:<\/span>\u00a0Cusco \u2013 Ollantaytambo \u2013 Patacancha \u2013 Willoq Alto<\/strong><\/p><p id=\"u52845-8\">Voc\u00ea ser\u00e1 buscado(a) cedo em seu hotel para come\u00e7armos nossa aventura. Seguiremos de carro at\u00e9 a comunidade de Ollantaytambo \u2013 Patacancha, onde encontraremos fam\u00edlias qu\u00e9chuas locais no in\u00edcio da trilha para nossa caminhada de um dia. Levar\u00e1 aproximadamente 4 horas de caminhada intensa at\u00e9 chegarmos ao Lago Q&#039;eu\u00f1a, o ponto mais alto da nossa trilha (4300 m). Este \u00e9 o momento de se parabenizar e apreciar as vistas deslumbrantes das montanhas nevadas, lhamas, alpacas, vales acidentados e campos agr\u00edcolas ondulados. Em seguida, nossas fam\u00edlias qu\u00e9chuas preparar\u00e3o o local para o nosso almo\u00e7o, onde desfrutaremos de chocolate quente e ch\u00e1 de coca com uma deliciosa refei\u00e7\u00e3o com vista para o pitoresco Vale de Lares. Ap\u00f3s o almo\u00e7o, desceremos por 3 horas at\u00e9 chegarmos \u00e0 nossa hospedagem em casas de fam\u00edlia na comunidade de Willoq Alto, onde todas as fam\u00edlias qu\u00e9chuas o(a) receber\u00e3o de bra\u00e7os abertos. Elas est\u00e3o animadas para &quot;adotar&quot; viajantes em suas fam\u00edlias, e voc\u00ea vivenciar\u00e1 uma cultura aut\u00eantica durante sua estadia com esses descendentes incas nos Andes do Peru. .<\/p><ul id=\"u52845-20\" class=\"list0 nls-None\"><li id=\"u52845-11\">Refei\u00e7\u00f5es: A, J<\/li><li id=\"u52845-13\">Altitude m\u00e1xima: 4.300 m \/ 14.107 p\u00e9s<\/li><li id=\"u52845-15\">Altitude m\u00ednima: 3.700 m \/ 12.139 p\u00e9s<\/li><li id=\"u52845-17\">Dist\u00e2ncia: 12 km\/7,5 milhas<\/li><li id=\"u52845-19\">Tempo de caminhada: 6 a 7 horas<\/li><\/ul><p>\u00a0<\/p><p id=\"u52845-24\"><strong><span id=\"u52845-22\">DIA 2:\u00a0<\/span>Willoq Alto \u2013 Ollantaytambo \u2013 Cusco<\/strong><\/p><p id=\"u52845-26\">Acordaremos cedo para tomar o caf\u00e9 da manh\u00e3 com as fam\u00edlias da aldeia. A manh\u00e3 ser\u00e1 dedicada a aprender sobre a cultura tradicional da tecelagem que sustenta essas fam\u00edlias. Elas ainda usam corantes totalmente naturais, feitos de plantas, sementes, flores, ra\u00edzes e parasitas de cactos, para tingir suas l\u00e3s, e este \u00e9 um \u00f3timo lugar para comprar lembrancinhas artesanais. Por volta das 9h30, nosso motorista nos buscar\u00e1 e, ap\u00f3s uma hora de viagem, iremos a Pumamarka \u2013 um incr\u00edvel s\u00edtio arqueol\u00f3gico inca, raramente visitado por turistas. Voc\u00ea poder\u00e1 apreciar a vista dos terra\u00e7os agr\u00edcolas incas que se estendem pelas montanhas, bem como suas antigas casas e armaz\u00e9ns. A visita a Pumamarka leva cerca de 2 horas.<\/p><p id=\"u52845-28\">Ap\u00f3s o nosso passeio por Pumamarka, seguiremos para Ollantaytambo, onde voc\u00ea almo\u00e7ar\u00e1. Depois do almo\u00e7o, voc\u00ea ter\u00e1 tempo livre para explorar as ru\u00ednas de Ollantaytambo e a charmosa cidade. De l\u00e1, voc\u00ea retornar\u00e1 ao seu hotel em Cusco em transporte privativo ou seguir\u00e1 para um dos nossos passeios a Machu Picchu.<\/p><ul id=\"u52845-38\" class=\"list0 nls-None\"><li id=\"u52845-31\">Refei\u00e7\u00f5es: B<\/li><li id=\"u52845-33\">Altitude m\u00e1xima: 3.800 m \/ 12.467 p\u00e9s<\/li><li id=\"u52845-35\">Dist\u00e2ncia: 4 km \/ 2,5 milhas<\/li><li id=\"u52845-37\">Tempo de caminhada: 2 a 3 horas<\/li><\/ul>\t\t\t\t\t\t\t\t<\/div>\n\t\t\t\t<\/div>\n\t\t<div id=\"e-n-tab-content-1394182503\" role=\"tabpanel\" aria-labelledby=\"e-n-tab-title-1394182503\" data-tab-index=\"3\" style=\"--n-tabs-title-order: 3;\" class=\"elementor-element elementor-element-7c01974 e-con-full e-flex wpr-particle-no wpr-jarallax-no wpr-parallax-no wpr-sticky-section-no e-con e-child\" data-id=\"7c01974\" data-element_type=\"container\" data-e-type=\"container\">\n\t\t<div class=\"elementor-element elementor-element-cf848f1 e-con-full animated-slow e-flex wpr-particle-no wpr-jarallax-no wpr-parallax-no wpr-sticky-section-no elementor-invisible e-con e-child\" data-id=\"cf848f1\" data-element_type=\"container\" data-e-type=\"container\" data-settings=\"{&quot;background_background&quot;:&quot;classic&quot;,&quot;animation&quot;:&quot;fadeIn&quot;}\">\n\t\t\t\t<\/div>\n\t\t\t\t<div class=\"elementor-element elementor-element-8872907 elementor-widget__width-initial elementor-widget elementor-widget-text-editor\" data-id=\"8872907\" data-element_type=\"widget\" data-e-type=\"widget\" data-widget_type=\"text-editor.default\">\n\t\t\t\t\t\t\t\t\t<p id=\"u52853-2\">\u00a0<\/p><p id=\"u52853-5\"><strong>Servi\u00e7os inclu\u00eddos<\/strong><\/p><ul id=\"u52853-29\" class=\"list0 nls-None\"><li id=\"u52853-8\">Reuni\u00e3o informativa sobre a trilha de Lares antes da partida, no hotel.<\/li><li id=\"u52853-10\">Guia profissional de turismo da trilha Lares Trek, com flu\u00eancia em ingl\u00eas.<\/li><li id=\"u52853-12\">Transporte particular at\u00e9 o in\u00edcio da trilha do Vale de Lares (patacancha)<\/li><li id=\"u52853-14\">Transporte de volta para Cusco a partir do seu hotel.<\/li><li id=\"u52853-16\">Bilhete de entrada para Pumamarka<\/li><li id=\"u52853-18\">Alimenta\u00e7\u00e3o na Trilha de Lares: 1 caf\u00e9 da manh\u00e3, 1 almo\u00e7o, 1 jantar<\/li><li id=\"u52853-20\">Lares Trek e o chef local de Willoq Alto, que \u00e9 o respons\u00e1vel por preparar a comida.<\/li><li id=\"u52853-22\">Uma noite de hospedagem em casa de fam\u00edlia na comunidade de Willoq Alto.<\/li><li id=\"u52853-24\">Mala de viagem para seus pertences pessoais.<\/li><li id=\"u52853-26\">Kit de primeiros socorros para emerg\u00eancias.<\/li><li id=\"u52853-28\">Cilindro de oxig\u00eanio<\/li><\/ul><p>\u00a0<\/p><p id=\"u52853-32\"><strong>\u00a0Servi\u00e7os n\u00e3o inclu\u00eddos<\/strong><\/p><ul id=\"u52853-42\" class=\"list0 nls-None\"><li id=\"u52853-35\">Compras<\/li><li id=\"u52853-37\">Dicas para a tripula\u00e7\u00e3o<\/li><li id=\"u52853-39\">bebidas<\/li><li id=\"u52853-41\">lanches<\/li><\/ul><p id=\"u52853-45\">\u00a0<\/p><p><strong>Recomendamos que voc\u00ea traga:<\/strong><\/p><ul id=\"u52853-75\" class=\"list0 nls-None\"><li id=\"u52853-48\">Cal\u00e7ados e sand\u00e1lias de trekking resistentes \u00e0 \u00e1gua<\/li><li id=\"u52853-50\">Roupas quentes (roupa \u00edntima t\u00e9rmica, blusa de l\u00e3, gorro, luvas, meias)<\/li><li id=\"u52853-52\">Roupa imperme\u00e1vel (poncho)<\/li><li id=\"u52853-54\">Roupas sint\u00e9ticas ou de algod\u00e3o (meias, cal\u00e7as, shorts, camisetas)<\/li><li id=\"u52853-56\">Chap\u00e9u de sol e \u00f3culos de sol<\/li><li id=\"u52853-58\">Protetor solar<\/li><li id=\"u52853-60\">Repelente de insetos<\/li><li id=\"u52853-62\">Garrafas de \u00e1gua<\/li><li id=\"u52853-64\">Medicamentos b\u00e1sicos<\/li><li id=\"u52853-66\">Bast\u00f5es de caminhada<\/li><li id=\"u52853-68\">toalha<\/li><li id=\"u52853-70\">itens pessoais<\/li><li id=\"u52853-72\">Lanches pessoais<\/li><li id=\"u52853-74\">DNI \/ Passaporte Original<\/li><\/ul>\t\t\t\t\t\t\t\t<\/div>\n\t\t\t\t<\/div>\n\t\t<div id=\"e-n-tab-content-1394182504\" role=\"tabpanel\" aria-labelledby=\"e-n-tab-title-1394182504\" data-tab-index=\"4\" style=\"--n-tabs-title-order: 4;\" class=\"elementor-element elementor-element-3449c55 e-con-full e-flex wpr-particle-no wpr-jarallax-no wpr-parallax-no wpr-sticky-section-no e-con e-child\" data-id=\"3449c55\" data-element_type=\"container\" data-e-type=\"container\">\n\t\t\t\t<div class=\"elementor-element elementor-element-2aee766 elementor-widget__width-initial elementor-widget elementor-widget-text-editor\" data-id=\"2aee766\" data-element_type=\"widget\" data-e-type=\"widget\" data-widget_type=\"text-editor.default\">\n\t\t\t\t\t\t\t\t\t<p>\u00a0<\/p><p id=\"u52847-2\"><strong>Pre\u00e7os \u2013 Trilha Lares (2 dias)<\/strong><\/p><p>\u00a0<\/p><ul id=\"u52847-16\" class=\"list0 nls-None\"><li id=\"u52847-6\"><span id=\"u52847-4\">PRE\u00c7O:<\/span>\u00a0 $250 USD por pessoa na reserva para 2 pessoas.<\/li><li id=\"u52847-9\"><span id=\"u52847-7\">PRE\u00c7O:<\/span>\u00a0 $ 220 USD por pessoa na reserva para 3 pessoas.<\/li><li id=\"u52847-12\"><span id=\"u52847-10\">PRE\u00c7O:<\/span>\u00a0 $190 USD por pessoa para reservas de 4 a 6 pessoas.<\/li><li id=\"u52847-15\"><span id=\"u52847-13\">PRE\u00c7O:\u00a0<\/span>$ 160 USD por pessoa para reservas de 7 a 10 pessoas.<\/li><\/ul>\t\t\t\t\t\t\t\t<\/div>\n\t\t\t\t<\/div>\n\t\t\t\t\t<\/div>\n\t\t<\/div>\n\t\t\t\t\t\t<\/div>\n\t\t\t\t\t<\/div>\n\t\t\t\t<\/div>\n\t\t<div class=\"elementor-element elementor-element-b004eef e-flex e-con-boxed wpr-particle-no wpr-jarallax-no wpr-parallax-no wpr-sticky-section-no e-con e-parent\" data-id=\"b004eef\" data-element_type=\"container\" data-e-type=\"container\">\n\t\t\t\t\t<div class=\"e-con-inner\">\n\t\t\t\t<div class=\"elementor-element elementor-element-831001b elementor-widget elementor-widget-spacer\" data-id=\"831001b\" data-element_type=\"widget\" data-e-type=\"widget\" data-widget_type=\"spacer.default\">\n\t\t\t\t\t\t\t<div class=\"elementor-spacer\">\n\t\t\t<div class=\"elementor-spacer-inner\"><\/div>\n\t\t<\/div>\n\t\t\t\t\t\t<\/div>\n\t\t\t\t\t<\/div>\n\t\t\t\t<\/div>\n\t\t\t\t<\/div>","protected":false},"excerpt":{"rendered":"<p>Lares Trek and Homestay \u2013 2 Day DESCRIPTION: Our Lares Trek and Quechua Family Homestay is a unique experience combining a day hike in the magnificent Andes Mountains with an intimate encounter with Quechua families in the village of Willoq Alto. On the Lares Trek you will enjoy stunning views of snow-capped mountains, deep valleys, llamas and alpacas, and you will enjoy the hike in the company of your Quechua host families. Back in their village, which is off the tourist path, you will experience the ancient culture of the Quechuas as you eat and sleep with your host families, learn their weaving and farming techniques, and perhaps even join with them in their music and dancing festivities. We recommend you combine the Lares Trek tour with our Cusco City tour (add 1 day) and one of our Machu Picchu tours (add 1 to 4 days). Overview Itinerary Included Prices \u00a0 DAY 1:\u00a0Cusco \u2013 Ollantaytambo \u2013 Patacancha \u2013 Willoq Alto DAY 2:\u00a0Willoq Alto \u2013 Ollantaytambo \u2013 Cusco \u00a0 Highest Point:\u00a04,300m\/14,107 ft Distance:\u00a016km\/9.9mi Overall Difficulty:\u00a01 2 3\u00a04\u00a05 \u00a0 Itinerary \u2013 Lares trek\u00a0 2 days \u00a0 DAY 1:\u00a0Cusco \u2013 Ollantaytambo \u2013 Patacancha \u2013 Willoq Alto You will be picked up early at your hotel to begin our adventure. We will drive to the community of Ollantaytambo \u2013 Patacancha where we will meet local Quechua families at the trailhead for our day hike. It will take approximately 4 hours of intense hiking to reach Q\u00b4eu\u00f1a Lake, the highest point of our trek (4300 m\/14107 ft). This is the time to pat yourself on the back and enjoy the stunning views of snowy mountains, llamas, alpacas, rugged valleys and undulating farmlands. Then our Quechua families will set up our lunch spot, and we will enjoy hot cocoa and coca tea with a delicious lunch overlooking the picturesque Lares Valley. After lunch we will descend 3 hours to reach our homestay in the Willoq Alto community where all the Quechua families will welcome you to their village. They are excited to \u201cadopt\u201d travelers into their families, and you will experience a living culture during your overnight stay with these Inca descedents in the Andes of Per\u00fa . Meals: L, D Maximum Altitude: 4,300m\/14,107ft Minimum Altitude: 3,700m\/12,139ft Distance: 12km\/7.5mi Walking time: 6 to 7 hours \u00a0 DAY 2:\u00a0Willoq Alto \u2013 Ollantaytambo \u2013 Cusco We will wake up early to share breakfast with village families. The morning will be spent learning about the traditional weaving culture that sustains these families. They still use all-natural dyes made from plants, seeds, flowers, roots and cactus parasites to color their wools, and this is a terrific place to pick up some handmade souvenirs. Around 9:30 am our driver will pick us up and an hour\u2019s drive will take us to Pumamarka \u2013 an amazing Incan archeological site that is seldom visited by tourists. You will enjoy the view of Incan farming terraces which extend over the mountains as well as their ancient houses and store houses. Exploring Pumamarka takes around 2 hours. After our tour of Pumamarka we will head down to Ollantaytambo where you will have lunch. After lunch you will have time to explore the Ollantaytambo ruins along with the charming town itself. From here you will either return by private transport to your hotel in Cusco or continue onto one of our Machu Picchu tours. Meals: B Maximum Altitude: 3,800m \/12,467ft Distance: 4km \/ 2.5mi Walking time: 2-3 hours \u00a0 Services Included Pre-departure Lares Trek briefing at Hotel Professional English speaking Lares Trek Tour Guide Private Transport\u00a0 to Lares Valley Trailhead patacancha Transport back to Cusco at your hotel Entrance ticket to\u00a0 Pumamarka Lares Trek Food: 1 breakfast, 1 lunch, 1 dinner Lares Trek\u00a0 and willoq alto local chef, who is in charge of making the food One night\u00a0 homestay in willoq alto community Duffel bag for your personal stuff First Aid kit for Emergencies. Oxygen bottle \u00a0 \u00a0Services Not Included Shopping Tips for the crew drinks snacks \u00a0 We Recommend that You Bring: Water-resistant trekking shoes and sandals Warm clothing (thermal underwear, fleece, hat, gloves, socks) Waterproof clothing (poncho) Synthetic or cotton clothing (socks, trousers, shorts, t-shirts) Sunhat and sunglasses Sun Block Insect Repellent Water bottles Basic medications Hiking Poles towel Personal items Personal snacks DNI \/ Original Passport \u00a0 Prices \u2013 Lares Trek 2 days \u00a0 PRICE:\u00a0 $250 USD per person when booking 2 people PRICE:\u00a0 $ 220 USD\u00a0 per person when booking 3 people PRICE:\u00a0 $190 USD per person when booking 4 \u2013 6people PRICE:\u00a0$ 160 USD per person when booking 7-10 people \u00a0 DAY 1:\u00a0Cusco \u2013 Ollantaytambo \u2013 Patacancha \u2013 Willoq Alto DAY 2:\u00a0Willoq Alto \u2013 Ollantaytambo \u2013 Cusco \u00a0 Highest Point:\u00a04,300m\/14,107 ft Distance:\u00a016km\/9.9mi Overall Difficulty:\u00a01 2 3\u00a04\u00a05 \u00a0 Itinerary \u2013 Lares trek\u00a0 2 days \u00a0 DAY 1:\u00a0Cusco \u2013 Ollantaytambo \u2013 Patacancha \u2013 Willoq Alto You will be picked up early at your hotel to begin our adventure. We will drive to the community of Ollantaytambo \u2013 Patacancha where we will meet local Quechua families at the trailhead for our day hike. It will take approximately 4 hours of intense hiking to reach Q\u00b4eu\u00f1a Lake, the highest point of our trek (4300 m\/14107 ft). This is the time to pat yourself on the back and enjoy the stunning views of snowy mountains, llamas, alpacas, rugged valleys and undulating farmlands. Then our Quechua families will set up our lunch spot, and we will enjoy hot cocoa and coca tea with a delicious lunch overlooking the picturesque Lares Valley. After lunch we will descend 3 hours to reach our homestay in the Willoq Alto community where all the Quechua families will welcome you to their village. They are excited to \u201cadopt\u201d travelers into their families, and you will experience a living culture during your overnight stay with these Inca descedents in the Andes of Per\u00fa . Meals: L, D Maximum Altitude: 4,300m\/14,107ft Minimum Altitude: 3,700m\/12,139ft Distance: 12km\/7.5mi Walking time: 6 to 7 hours \u00a0 DAY 2:\u00a0Willoq Alto \u2013 Ollantaytambo \u2013 Cusco We will wake<\/p>","protected":false},"author":1,"featured_media":0,"parent":0,"menu_order":0,"comment_status":"closed","ping_status":"closed","template":"","meta":{"_eb_attr":"","footnotes":""},"class_list":["post-2124","page","type-page","status-publish","hentry"],"_hostinger_reach_plugin_has_subscription_block":false,"_hostinger_reach_plugin_is_elementor":false,"_links":{"self":[{"href":"https:\/\/apurimacadventures.com\/pt\/wp-json\/wp\/v2\/pages\/2124","targetHints":{"allow":["GET"]}}],"collection":[{"href":"https:\/\/apurimacadventures.com\/pt\/wp-json\/wp\/v2\/pages"}],"about":[{"href":"https:\/\/apurimacadventures.com\/pt\/wp-json\/wp\/v2\/types\/page"}],"author":[{"embeddable":true,"href":"https:\/\/apurimacadventures.com\/pt\/wp-json\/wp\/v2\/users\/1"}],"replies":[{"embeddable":true,"href":"https:\/\/apurimacadventures.com\/pt\/wp-json\/wp\/v2\/comments?post=2124"}],"version-history":[{"count":12,"href":"https:\/\/apurimacadventures.com\/pt\/wp-json\/wp\/v2\/pages\/2124\/revisions"}],"predecessor-version":[{"id":2894,"href":"https:\/\/apurimacadventures.com\/pt\/wp-json\/wp\/v2\/pages\/2124\/revisions\/2894"}],"wp:attachment":[{"href":"https:\/\/apurimacadventures.com\/pt\/wp-json\/wp\/v2\/media?parent=2124"}],"curies":[{"name":"wp","href":"https:\/\/api.w.org\/{rel}","templated":true}]}}