{"id":2086,"date":"2025-11-08T23:43:30","date_gmt":"2025-11-08T23:43:30","guid":{"rendered":"https:\/\/apurimacadventures.com\/?page_id=2086"},"modified":"2026-03-06T06:31:47","modified_gmt":"2026-03-06T06:31:47","slug":"trilha-inca-2-dias","status":"publish","type":"page","link":"https:\/\/apurimacadventures.com\/pt\/inca-trail-2-days\/","title":{"rendered":"Trilha Inca - 2 dias"},"content":{"rendered":"<div data-elementor-type=\"wp-page\" data-elementor-id=\"2086\" class=\"elementor elementor-2086\" data-elementor-post-type=\"page\">\n\t\t\t\t<div class=\"elementor-element elementor-element-08fadc6 e-con-full e-flex wpr-particle-no wpr-jarallax-no wpr-parallax-no wpr-sticky-section-no e-con e-parent\" data-id=\"08fadc6\" data-element_type=\"container\" data-e-type=\"container\" data-settings=\"{&quot;background_background&quot;:&quot;classic&quot;}\">\n\t\t\t\t<div class=\"elementor-element elementor-element-5b1bc66 elementor-widget elementor-widget-heading\" data-id=\"5b1bc66\" data-element_type=\"widget\" data-e-type=\"widget\" data-widget_type=\"heading.default\">\n\t\t\t\t\t<h2 class=\"elementor-heading-title elementor-size-default\">Trilha Inca - 2 dias\n\n\n\n\n<\/h2>\t\t\t\t<\/div>\n\t\t<div class=\"elementor-element elementor-element-6648a9e e-con-full e-flex wpr-particle-no wpr-jarallax-no wpr-parallax-no wpr-sticky-section-no e-con e-child\" data-id=\"6648a9e\" data-element_type=\"container\" data-e-type=\"container\" data-settings=\"{&quot;background_background&quot;:&quot;classic&quot;}\">\n\t\t\t\t<\/div>\n\t\t\t\t<\/div>\n\t\t<div class=\"elementor-element elementor-element-8620c99 e-flex e-con-boxed wpr-particle-no wpr-jarallax-no wpr-parallax-no wpr-sticky-section-no e-con e-parent\" data-id=\"8620c99\" data-element_type=\"container\" data-e-type=\"container\">\n\t\t\t\t\t<div class=\"e-con-inner\">\n\t\t\t\t<div class=\"elementor-element elementor-element-61ae41f elementor-widget__width-initial elementor-widget elementor-widget-text-editor\" data-id=\"61ae41f\" data-element_type=\"widget\" data-e-type=\"widget\" data-widget_type=\"text-editor.default\">\n\t\t\t\t\t\t\t\t\t<div id=\"u47967-4\" class=\"clearfix colelem shared_content\" data-muse-uid=\"U47967\" data-muse-type=\"txt_frame\" data-ibe-flags=\"txtStyleSrc\" data-sizepolicy=\"fixed\" data-pintopage=\"page_fixedCenter\" data-content-guid=\"u47967-4_content\"><strong>DESCRI\u00c7\u00c3O<\/strong><div id=\"u50510-4\" class=\"clearfix colelem shared_content\" data-muse-uid=\"U50510\" data-muse-type=\"txt_frame\" data-ibe-flags=\"txtStyleSrc\" data-sizepolicy=\"fixed\" data-pintopage=\"page_fixedCenter\" data-content-guid=\"u50510-4_content\"><div id=\"u50098-7\" class=\"clearfix colelem shared_content\" data-muse-uid=\"U50098\" data-muse-type=\"txt_frame\" data-ibe-flags=\"txtStyleSrc\" data-sizepolicy=\"fixed\" data-pintopage=\"page_fixedCenter\" data-content-guid=\"u50098-7_content\"><div id=\"u49487-4\" class=\"clearfix colelem shared_content\" data-muse-uid=\"U49487\" data-muse-type=\"txt_frame\" data-ibe-flags=\"txtStyleSrc\" data-sizepolicy=\"fixed\" data-pintopage=\"page_fixedCenter\" data-content-guid=\"u49487-4_content\"><div id=\"u50859-4\" class=\"clearfix colelem shared_content\" data-muse-uid=\"U50859\" data-muse-type=\"txt_frame\" data-ibe-flags=\"txtStyleSrc\" data-sizepolicy=\"fixed\" data-pintopage=\"page_fixedCenter\" data-content-guid=\"u50859-4_content\"><p>Trilha Inca em 2 dias: esta trilha \u00e9 uma op\u00e7\u00e3o fant\u00e1stica para quem n\u00e3o tem tempo ou vontade de percorrer toda a extens\u00e3o da Trilha Inca. N\u00e3o \u00e9 necess\u00e1rio acampar. Com paisagens deslumbrantes, uma grande variedade de flora e fauna e uma visita ao s\u00edtio arqueol\u00f3gico mais belo da Trilha Inca (Wi\u00f1ay Wayna), voc\u00ea poder\u00e1 aproveitar o melhor da Trilha Inca em um roteiro mais curto e ainda entrar em Machu Picchu pela impressionante Porta do Sol. Com um dia de caminhada e um dia de visita \u00e0s ru\u00ednas de Machu Picchu, o passeio de 2 dias pela Trilha Inca \u00e9 perfeito para fam\u00edlias com crian\u00e7as e para quem tem pouco tempo.<\/p><\/div><\/div><\/div><\/div><\/div>\t\t\t\t\t\t\t\t<\/div>\n\t\t\t\t<div class=\"elementor-element elementor-element-84f5a8a e-n-tabs-mobile elementor-widget elementor-widget-n-tabs\" data-id=\"84f5a8a\" data-element_type=\"widget\" data-e-type=\"widget\" data-settings=\"{&quot;_animation&quot;:&quot;none&quot;,&quot;tabs_justify_horizontal&quot;:&quot;stretch&quot;,&quot;horizontal_scroll&quot;:&quot;disable&quot;}\" data-widget_type=\"nested-tabs.default\">\n\t\t\t\t\t\t\t<div class=\"e-n-tabs\" data-widget-number=\"139418250\" aria-label=\"Pesta\u00f1as. Abre elementos con Intro o Espacio, ci\u00e9rralos con Escape y navega con las fechas.\" data-no-translation-aria-label=\"\">\n\t\t\t<div class=\"e-n-tabs-heading\" role=\"tablist\">\n\t\t\t\t\t<button id=\"e-n-tab-title-1394182501\" data-tab-title-id=\"e-n-tab-title-1394182501\" class=\"e-n-tab-title\" aria-selected=\"true\" data-tab-index=\"1\" role=\"tab\" tabindex=\"0\" aria-controls=\"e-n-tab-content-1394182501\" style=\"--n-tabs-title-order: 1;\">\n\t\t\t\t\t\t<span class=\"e-n-tab-title-text\">\n\t\t\t\tVis\u00e3o geral\t\t\t<\/span>\n\t\t<\/button>\n\t\t\t\t<button id=\"e-n-tab-title-1394182502\" data-tab-title-id=\"e-n-tab-title-1394182502\" class=\"e-n-tab-title\" aria-selected=\"false\" data-tab-index=\"2\" role=\"tab\" tabindex=\"-1\" aria-controls=\"e-n-tab-content-1394182502\" style=\"--n-tabs-title-order: 2;\">\n\t\t\t\t\t\t<span class=\"e-n-tab-title-text\">\n\t\t\t\tItiner\u00e1rio\t\t\t<\/span>\n\t\t<\/button>\n\t\t\t\t<button id=\"e-n-tab-title-1394182503\" data-tab-title-id=\"e-n-tab-title-1394182503\" class=\"e-n-tab-title\" aria-selected=\"false\" data-tab-index=\"3\" role=\"tab\" tabindex=\"-1\" aria-controls=\"e-n-tab-content-1394182503\" style=\"--n-tabs-title-order: 3;\">\n\t\t\t\t\t\t<span class=\"e-n-tab-title-text\">\n\t\t\t\tInclu\u00eddo\t\t\t<\/span>\n\t\t<\/button>\n\t\t\t\t<button id=\"e-n-tab-title-1394182504\" data-tab-title-id=\"e-n-tab-title-1394182504\" class=\"e-n-tab-title\" aria-selected=\"false\" data-tab-index=\"4\" role=\"tab\" tabindex=\"-1\" aria-controls=\"e-n-tab-content-1394182504\" style=\"--n-tabs-title-order: 4;\">\n\t\t\t\t\t\t<span class=\"e-n-tab-title-text\">\n\t\t\t\tPre\u00e7os\t\t\t<\/span>\n\t\t<\/button>\n\t\t\t\t\t<\/div>\n\t\t\t<div class=\"e-n-tabs-content\">\n\t\t\t\t<div id=\"e-n-tab-content-1394182501\" role=\"tabpanel\" aria-labelledby=\"e-n-tab-title-1394182501\" data-tab-index=\"1\" style=\"--n-tabs-title-order: 1;\" class=\"e-active elementor-element elementor-element-94e590d e-con-full e-flex wpr-particle-no wpr-jarallax-no wpr-parallax-no wpr-sticky-section-no e-con e-child\" data-id=\"94e590d\" data-element_type=\"container\" data-e-type=\"container\">\n\t\t<div class=\"elementor-element elementor-element-2d751ac e-con-full animated-slow e-flex wpr-particle-no wpr-jarallax-no wpr-parallax-no wpr-sticky-section-no elementor-invisible e-con e-child\" data-id=\"2d751ac\" data-element_type=\"container\" data-e-type=\"container\" data-settings=\"{&quot;background_background&quot;:&quot;classic&quot;,&quot;animation&quot;:&quot;fadeIn&quot;}\">\n\t\t\t\t<\/div>\n\t\t\t\t<div class=\"elementor-element elementor-element-5d20cd5 elementor-widget__width-initial elementor-widget elementor-widget-text-editor\" data-id=\"5d20cd5\" data-element_type=\"widget\" data-e-type=\"widget\" data-widget_type=\"text-editor.default\">\n\t\t\t\t\t\t\t\t\t<p>\u00a0<\/p><ul id=\"u50887-9\" class=\"list0 nls-None\"><li><strong><span id=\"u50887\">Dia 1:\u00a0<\/span><\/strong>Cusco \u2013 Quil\u00f4metro 104 \u2013 \u00c1guas Calientes<\/li><li><strong><span id=\"u50887-4\">Dia 2:\u00a0<\/span><\/strong>Machu Picchu \u2013 Cusco<\/li><\/ul><p>\u00a0<\/p><p><strong><span id=\"u50887-10\">Ponto mais alto:<\/span><\/strong>\u00a02730m \/ 8792 p\u00e9s<\/p><p><strong><span id=\"u50887-13\">Dist\u00e2ncia:<\/span>\u00a0<\/strong>10 km \/ 6,3 milhas<\/p><p id=\"u50887-20\"><strong><span id=\"u50887-16\">Dificuldade geral:<\/span><\/strong><span id=\"u50887-17\">\u00a0<span style=\"text-decoration: underline;\"><strong>1<\/strong><\/span> 2\u00a0<\/span><span id=\"u50887-18\">3<\/span><span id=\"u50887-19\">\u00a04 5<\/span><\/p>\t\t\t\t\t\t\t\t<\/div>\n\t\t\t\t<\/div>\n\t\t<div id=\"e-n-tab-content-1394182502\" role=\"tabpanel\" aria-labelledby=\"e-n-tab-title-1394182502\" data-tab-index=\"2\" style=\"--n-tabs-title-order: 2;\" class=\"elementor-element elementor-element-2d5725f e-con-full e-flex wpr-particle-no wpr-jarallax-no wpr-parallax-no wpr-sticky-section-no e-con e-child\" data-id=\"2d5725f\" data-element_type=\"container\" data-e-type=\"container\">\n\t\t<div class=\"elementor-element elementor-element-2df2eb8 e-con-full animated-slow e-flex wpr-particle-no wpr-jarallax-no wpr-parallax-no wpr-sticky-section-no elementor-invisible e-con e-child\" data-id=\"2df2eb8\" data-element_type=\"container\" data-e-type=\"container\" data-settings=\"{&quot;background_background&quot;:&quot;classic&quot;,&quot;animation&quot;:&quot;fadeIn&quot;}\">\n\t\t\t\t<\/div>\n\t\t\t\t<div class=\"elementor-element elementor-element-5462b0a elementor-widget__width-initial elementor-widget elementor-widget-text-editor\" data-id=\"5462b0a\" data-element_type=\"widget\" data-e-type=\"widget\" data-widget_type=\"text-editor.default\">\n\t\t\t\t\t\t\t\t\t<p id=\"u50891-2\">\u00a0<\/p><p id=\"u50891-6\"><strong><span id=\"u50891-4\">Dia 1:\u00a0<\/span>Cusco \u2013 Quil\u00f4metro 104 \u2013 \u00c1guas Calientes<\/strong><\/p><p id=\"u50891-8\">Buscaremos voc\u00ea em seu hotel em Cusco ou no Vale Sagrado no in\u00edcio da manh\u00e3, seguiremos de carro at\u00e9 Ollantaytambo e, de l\u00e1, pegaremos o trem para Machu Picchu at\u00e9 o quil\u00f4metro 104. Ali, nossa caminhada come\u00e7ar\u00e1 e subiremos o trecho mais impressionante da Trilha Inca. Ao atravessarmos a exuberante e verdejante floresta nublada que cobre a montanha, veremos uma variedade de plantas, flores e p\u00e1ssaros. Tamb\u00e9m visitaremos belos s\u00edtios incas, incluindo Wi\u00f1ay Wayna, e desfrutaremos de vistas panor\u00e2micas fant\u00e1sticas da Cordilheira dos Andes. Ap\u00f3s um dia inteiro de caminhada, chegaremos ao Port\u00e3o do Sol (Inti Punku) e teremos nossas primeiras vistas de Machu Picchu, imponente na montanha abaixo.<\/p><p id=\"u50891-11\">A luz do final da tarde \u00e9 \u00f3tima para fotos e, com menos turistas no s\u00edtio arqueol\u00f3gico mais tarde, \u00e9 o momento perfeito para tirar muitas fotos. Depois de passarmos pela Porta do Sol, continuaremos pela trilha at\u00e9 chegar a Machu Picchu, a cidade perdida dos Incas. Neste dia, poderemos apenas tirar fotos e apreciar a beleza da cidade. Ap\u00f3s as fotos, sairemos da cidade em dire\u00e7\u00e3o \u00e0 rodovi\u00e1ria para pegar o \u00f4nibus para Aguas Calientes, no vale abaixo, onde faremos o check-in no hotel.<\/p><ul id=\"u50891-23\" class=\"list0 nls-None\"><li id=\"u50891-14\">Refei\u00e7\u00f5es: L (marmita)<\/li><li id=\"u50891-16\">Altitude m\u00e1xima: 2.700 m \/ 8.858 p\u00e9s<\/li><li id=\"u50891-18\">Altitude m\u00ednima: 1.950 m \/ 6.398 p\u00e9s<\/li><li id=\"u50891-20\">Dist\u00e2ncia: 10 km \/ 6,3 milhas<\/li><li id=\"u50891-22\">Tempo de caminhada: 5 a 6 horas<\/li><\/ul><p id=\"u50891-27\"><strong><span id=\"u50891-25\">Dia 2:\u00a0<\/span>Machu Picchu \u2013 Cusco ou Vale Sagrado<\/strong><\/p><p id=\"u50891-29\">Acordando cedo para tomar o caf\u00e9 da manh\u00e3 no hotel, pegaremos o \u00f4nibus de volta para Machu Picchu para entrar no s\u00edtio arqueol\u00f3gico assim que ele abrir. Faremos uma visita guiada de 3 horas, durante a qual voc\u00ea aprender\u00e1 sobre os Incas e visitar\u00e1 as \u00e1reas mais importantes da cidadela. Ap\u00f3s a visita, voc\u00ea ter\u00e1 tempo livre para subir a montanha Huayna Picchu ou a montanha Machu Picchu, caso tenha as permiss\u00f5es necess\u00e1rias. Depois da visita, voc\u00ea pegar\u00e1 o \u00f4nibus para a cidade de Aguas Calientes para almo\u00e7ar e, em seguida, o trem de volta para Ollantaytambo, onde um transporte particular o levar\u00e1 de volta ao seu hotel em Cusco ou no Vale Sagrado.<\/p><ul id=\"u50891-33\" class=\"list0 nls-None\"><li id=\"u50891-32\">Refei\u00e7\u00f5es inclu\u00eddas: B<\/li><\/ul>\t\t\t\t\t\t\t\t<\/div>\n\t\t\t\t<\/div>\n\t\t<div id=\"e-n-tab-content-1394182503\" role=\"tabpanel\" aria-labelledby=\"e-n-tab-title-1394182503\" data-tab-index=\"3\" style=\"--n-tabs-title-order: 3;\" class=\"elementor-element elementor-element-7c01974 e-con-full e-flex wpr-particle-no wpr-jarallax-no wpr-parallax-no wpr-sticky-section-no e-con e-child\" data-id=\"7c01974\" data-element_type=\"container\" data-e-type=\"container\">\n\t\t<div class=\"elementor-element elementor-element-cf848f1 e-con-full animated-slow e-flex wpr-particle-no wpr-jarallax-no wpr-parallax-no wpr-sticky-section-no elementor-invisible e-con e-child\" data-id=\"cf848f1\" data-element_type=\"container\" data-e-type=\"container\" data-settings=\"{&quot;background_background&quot;:&quot;classic&quot;,&quot;animation&quot;:&quot;fadeIn&quot;}\">\n\t\t\t\t<\/div>\n\t\t\t\t<div class=\"elementor-element elementor-element-8872907 elementor-widget__width-initial elementor-widget elementor-widget-text-editor\" data-id=\"8872907\" data-element_type=\"widget\" data-e-type=\"widget\" data-widget_type=\"text-editor.default\">\n\t\t\t\t\t\t\t\t\t<p id=\"u50881-2\">\u00a0<\/p><p id=\"u50881-5\"><strong>Inclui<\/strong><\/p><ul id=\"u50881-29\" class=\"list0 nls-None\"><li id=\"u50881-8\">Guia tur\u00edstico profissional que fala ingl\u00eas<\/li><li id=\"u50881-10\">Guia auxiliar para grupos de 9 ou mais pessoas.<\/li><li id=\"u50881-12\">Traslado do seu hotel at\u00e9 a esta\u00e7\u00e3o de trem em nosso transporte particular.<\/li><li id=\"u50881-14\">Pegue o trem at\u00e9 o Km 104, in\u00edcio da trilha inca.<\/li><li id=\"u50881-16\">Transporte de regresso de trem e transporte privado para Cusco ou para o Vale Sagrado.<\/li><li id=\"u50881-18\">\u00a0Marmita. Caso tenha alguma restri\u00e7\u00e3o alimentar, como op\u00e7\u00e3o vegetariana, por favor, nos avise.<\/li><li id=\"u50881-20\">\u00a0Hotel em Aguas Calientes com caf\u00e9 da manh\u00e3 inclu\u00eddo<\/li><li id=\"u50881-22\">Cilindro de oxig\u00eanio para emerg\u00eancias.<\/li><li id=\"u50881-24\">Kit de primeiros socorros para emerg\u00eancias.<\/li><li id=\"u50881-26\">Entrada para a Trilha Inca e ru\u00ednas de Machu Picchu.<\/li><li id=\"u50881-28\">2 passagens de \u00f4nibus para o segundo dia (Aguas Calientes -Machu Picchu \u2013 Aguas Calientes).<\/li><\/ul><p id=\"u50881-32\"><strong>N\u00e3o inclui<\/strong><\/p><ul id=\"u50881-48\" class=\"list0 nls-None\"><li id=\"u50881-35\">\u00c1gua<\/li><li id=\"u50881-37\">Caf\u00e9 da manh\u00e3 e jantar no primeiro dia e almo\u00e7o e jantar no segundo dia.<\/li><li id=\"u50881-39\">A entrada para a montanha Huayna Picchu tem um custo adicional. $ 100<\/li><li id=\"u50881-41\">Pontas<\/li><li id=\"u50881-43\">Seguro de viagem \u2013 \u00e9 altamente recomend\u00e1vel que voc\u00ea contrate um seguro de viagem para toda a dura\u00e7\u00e3o da sua viagem.<\/li><li id=\"u50881-45\">1 passagem de \u00f4nibus no primeiro dia<\/li><li id=\"u50881-47\">lanches<\/li><\/ul><p id=\"u50881-51\"><strong>O que voc\u00ea precisa levar<\/strong><\/p><ul id=\"u50881-83\" class=\"list0 nls-None\"><li id=\"u50881-54\">Passaporte original<\/li><li id=\"u50881-56\">Cart\u00e3o de estudante (se voc\u00ea for estudante e quiser ter direito ao desconto)<\/li><li id=\"u50881-58\">\u00c1gua<\/li><li id=\"u50881-60\">bast\u00f5es de caminhada<\/li><li id=\"u50881-62\">Botas de caminhada<\/li><li id=\"u50881-64\">Jaqueta imperme\u00e1vel \/ capa de chuva<\/li><li id=\"u50881-66\">camisetas<\/li><li id=\"u50881-68\">Cal\u00e7as confort\u00e1veis<\/li><li id=\"u50881-70\">chap\u00e9u de sol<\/li><li id=\"u50881-72\">Protetor solar (fator 35 ou superior)<\/li><li id=\"u50881-74\">repelente de insetos<\/li><li id=\"u50881-76\">Artigos de higiene pessoal e desinfetante para as m\u00e3os<\/li><li id=\"u50881-78\">Medicamentos pessoais<\/li><li id=\"u50881-80\">C\u00e2mera e filme<\/li><li id=\"u50881-82\">DNI \/ Passaporte Original<\/li><\/ul><p id=\"u50881-86\"><strong>Servi\u00e7os adicionais\/extras\/upgrade n\u00e3o inclu\u00eddos (necess\u00e1rio reservar com anteced\u00eancia):<\/strong><\/p><ul id=\"u50881-96\" class=\"list0 nls-None\"><li id=\"u50881-89\">Machu Picchu + Waynapicchu Montanhismo: USD 100,00<\/li><li id=\"u50881-91\">Huayna Picchu + machupicchu Alpinismo: USD 100,00<\/li><li id=\"u50881-93\">Upgrade para Trem Vistadome ida e volta Aguas Calientes- ollantaytambo: USD 130,00<\/li><li>Upgrade para o trem de ida e volta ao observat\u00f3rio Vistadome: USD 180,00<\/li><li id=\"u50881-95\">Noite extra em Aguas Calientes: Depende do tipo de hotel desejado.<\/li><\/ul>\t\t\t\t\t\t\t\t<\/div>\n\t\t\t\t<\/div>\n\t\t<div id=\"e-n-tab-content-1394182504\" role=\"tabpanel\" aria-labelledby=\"e-n-tab-title-1394182504\" data-tab-index=\"4\" style=\"--n-tabs-title-order: 4;\" class=\"elementor-element elementor-element-3449c55 e-con-full e-flex wpr-particle-no wpr-jarallax-no wpr-parallax-no wpr-sticky-section-no e-con e-child\" data-id=\"3449c55\" data-element_type=\"container\" data-e-type=\"container\">\n\t\t\t\t<div class=\"elementor-element elementor-element-2aee766 elementor-widget__width-initial elementor-widget elementor-widget-text-editor\" data-id=\"2aee766\" data-element_type=\"widget\" data-e-type=\"widget\" data-widget_type=\"text-editor.default\">\n\t\t\t\t\t\t\t\t\t<p>\u00a0<\/p><p id=\"u50895-2\"><strong>Pre\u00e7os \u2013 Trilha Inca 2 Dias<\/strong><\/p><p>\u00a0de\/por pessoa:<\/p><p id=\"u50858-4\"><span id=\"u50858-3\">PRE\u00c7O: US$550,00 por pessoa para reservas de 2 a 4 pessoas.<\/span><\/p><p>PRE\u00c7O: US$ 520 por pessoa para reservas de 5 a 7 pessoas.<\/p><p>PRE\u00c7O: US$ 480 por pessoa para reservas de 8 a 12 pessoas.<\/p>\t\t\t\t\t\t\t\t<\/div>\n\t\t\t\t<\/div>\n\t\t\t\t\t<\/div>\n\t\t<\/div>\n\t\t\t\t\t\t<\/div>\n\t\t\t\t\t<\/div>\n\t\t\t\t<\/div>\n\t\t<div class=\"elementor-element elementor-element-b004eef e-flex e-con-boxed wpr-particle-no wpr-jarallax-no wpr-parallax-no wpr-sticky-section-no e-con e-parent\" data-id=\"b004eef\" data-element_type=\"container\" data-e-type=\"container\">\n\t\t\t\t\t<div class=\"e-con-inner\">\n\t\t\t\t<div class=\"elementor-element elementor-element-831001b elementor-widget elementor-widget-spacer\" data-id=\"831001b\" data-element_type=\"widget\" data-e-type=\"widget\" data-widget_type=\"spacer.default\">\n\t\t\t\t\t\t\t<div class=\"elementor-spacer\">\n\t\t\t<div class=\"elementor-spacer-inner\"><\/div>\n\t\t<\/div>\n\t\t\t\t\t\t<\/div>\n\t\t\t\t\t<\/div>\n\t\t\t\t<\/div>\n\t\t\t\t<\/div>","protected":false},"excerpt":{"rendered":"<p>Inca Trail 2 days DESCRIPTION Inca Trail 2 days; this trek is a fantastic option for those who don\u2019t have the time or desire to hike the full length of the Inca Trail. No camping is required. With beautiful scenery, a wide variety of flora and fauna and a visit to the Inca Trail\u2019s most beautiful site (Wi\u00f1ay Wayna), you get to enjoy the best of the Inca Trail on a condensed schedule and still enter Machu Picchu through the awe-inspiring Sun Gate entrance. With one day of hiking and one day visiting the ruins of Machu Picchu, the 2-Day Inca Trail tour is perfect for families with children and those on a tight schedule. Overview Itinerary Included Prices \u00a0 Day 1:\u00a0Cusco \u2013 Kilometer 104 \u2013 Aguas Calientes Day 2:\u00a0Machu Picchu \u2013 Cusco \u00a0 Highest Point:\u00a02730m \/ 8792ft Distance:\u00a010km \/ 6.3mi Overall Difficulty:\u00a01 2\u00a03\u00a04 5 \u00a0 Day 1:\u00a0Cusco \u2013 Kilometer 104 \u2013 Aguas Calientes We will pick you up at your hotel in Cusco\u00a0 or in the sacred valley\u00a0 in the early morning, drive to Ollantaytambo, and from there take the Machu Picchu train to kilometer 104. There our trek will begin and we will work our way up the most impressive stretch of the Inca Trail. As we pass through the lush and verdant cloud forest that covers the mountain we will see a variety of plants, flowers and birds. We will also visit beautiful Inca sites, including Wi\u00f1ay Wayna, and enjoy fantastic panoramic views of the Andes mountains. After a full day of trekking we\u2019ll arrive at the Sun Gate (Inti Punku) and get our first views of Machu Picchu spread out on the mountain below. The light in late afternoon is great for photos, and with fewer tourists in the site later in the day, it\u2019s a perfect time to take many pictures. After we\u2019ve passed through the Sun Gate we\u2019ll continue along the trail\u00a0 to get to machupicchu\u00a0 the lost city of the incas, on this day\u00a0 we can only take pictures\u00a0\u00a0 and appreciate\u00a0 the beauty of this city. after photos\u00a0 we head out\u00a0 of the city\u00a0 to the bus station\u00a0\u00a0 for the bus\u00a0 ride to Aguas Calientes in the valley below where we\u2019ll check into our hotel. Meals: L\u00a0 (box lunch) Maximum Altitude: 2,700m \/ 8,858ft Minimum Altitude: 1,950m \/6,398 ft Distance: 10km \/ 6.3mi Walking Time: 5- 6 hrs Day 2:\u00a0Machu Picchu \u2013 Cusco or Sacred valley Waking up early to have\u00a0 beakfast\u00a0 at the hotel, we\u2019ll take the\u00a0 bus back up to Machu Picchu to enter the site as it opens. We\u2019ll have a 3-hour guided tour of the site during which you\u2019ll learn about the Incas and visit the most important areas of the citadel. After your tour you\u2019ll have free time to climb either Huayna Picchu or Machu Picchu mountain, if you have the permits. After the tour you will take the bus down to aguas calientes town to have lunch then you will take the train back to Ollantaytambo where you will be taken by private transport back to your hotel in Cusco or in the sacred valley. Meals provided: B \u00a0 Includes Professional English Speaking Tour Guide Assistant Tour Guide for groups of 9+ pick- up from your hotel in our private transport to the train station Train to Km 104 the beginning of the inca trail Return transportation by train and private transport to Cusco or to sacred valley \u00a0Boxed Lunch,\u00a0 If you have a dietary request such as vegetarian food please let us know. \u00a0Hotel in aguas calientes with breakfast included Oxygen bottle for emergencies. First aid kit for emergencies. Entrance to the Inca Trail and Machu Picchu ruins. 2 Bus tickets for the second day (Aguas Calientes -Machu Picchu \u2013 Aguas Calientes). Does Not Include Water Breakfast and dinner on Day 1 and lunch and dinner on Day 2 Entrance to Huayna Picchu Mountain it has an extra cost. $ 100 Tips Travel Insurance \u2013 you are strongly recommended to take out travel insurance for the duration of your trip. 1 bus\u00a0 ticket on the first day snacks What you need to take Original Passport student card (if you are a student and want to qualify for the discount) Water walking poles Walking boots Waterproof jacket \/ rain poncho T-shirts Comfortable Trousers Sun hat Sun cream (factor 35 or higher) Insect repellant Toiletries and hand sanitiser Personal medication Camera and film DNI \/ Original\u00a0 Passport Aditionals\/Extras \/ upgrade Not Included (Need to book in Advance): Machu Picchu+\u00a0 Waynapicchu Mountain climbing:\u00a0 USD 100.00 Huayna Picchu+ machupicchu\u00a0 Mountain climbing: USD 100.00 Upgrade toVistadome Train round trip Aguas Calientes- ollantaytambo: USD 130.00 Upgrade to vistadome observatory train round trip USD: 180.00 Extra Night in Aguas Calientes: Depends on the type of Hotel desired. \u00a0 Prices \u2013 Inca Trail 2 Days \u00a0from\/per person: PRICE: US$550.00 per person when booking 2- 4 people PRICE: US$ 520 per person when booking\u00a0 5- 7 people PRICE: US$ 480 per person when booking 8- to 12 people \u00a0 Day 1:\u00a0Cusco \u2013 Kilometer 104 \u2013 Aguas Calientes Day 2:\u00a0Machu Picchu \u2013 Cusco \u00a0 Highest Point:\u00a02730m \/ 8792ft Distance:\u00a010km \/ 6.3mi Overall Difficulty:\u00a01 2\u00a03\u00a04 5 \u00a0 Day 1:\u00a0Cusco \u2013 Kilometer 104 \u2013 Aguas Calientes We will pick you up at your hotel in Cusco\u00a0 or in the sacred valley\u00a0 in the early morning, drive to Ollantaytambo, and from there take the Machu Picchu train to kilometer 104. There our trek will begin and we will work our way up the most impressive stretch of the Inca Trail. As we pass through the lush and verdant cloud forest that covers the mountain we will see a variety of plants, flowers and birds. We will also visit beautiful Inca sites, including Wi\u00f1ay Wayna, and enjoy fantastic panoramic views of the Andes mountains. After a full day of trekking we\u2019ll arrive at the Sun Gate (Inti Punku) and get our first views of Machu Picchu spread out on the mountain below. The light in late afternoon is great<\/p>","protected":false},"author":1,"featured_media":0,"parent":0,"menu_order":0,"comment_status":"closed","ping_status":"closed","template":"","meta":{"_eb_attr":"","footnotes":""},"class_list":["post-2086","page","type-page","status-publish","hentry"],"_hostinger_reach_plugin_has_subscription_block":false,"_hostinger_reach_plugin_is_elementor":false,"_links":{"self":[{"href":"https:\/\/apurimacadventures.com\/pt\/wp-json\/wp\/v2\/pages\/2086","targetHints":{"allow":["GET"]}}],"collection":[{"href":"https:\/\/apurimacadventures.com\/pt\/wp-json\/wp\/v2\/pages"}],"about":[{"href":"https:\/\/apurimacadventures.com\/pt\/wp-json\/wp\/v2\/types\/page"}],"author":[{"embeddable":true,"href":"https:\/\/apurimacadventures.com\/pt\/wp-json\/wp\/v2\/users\/1"}],"replies":[{"embeddable":true,"href":"https:\/\/apurimacadventures.com\/pt\/wp-json\/wp\/v2\/comments?post=2086"}],"version-history":[{"count":36,"href":"https:\/\/apurimacadventures.com\/pt\/wp-json\/wp\/v2\/pages\/2086\/revisions"}],"predecessor-version":[{"id":3338,"href":"https:\/\/apurimacadventures.com\/pt\/wp-json\/wp\/v2\/pages\/2086\/revisions\/3338"}],"wp:attachment":[{"href":"https:\/\/apurimacadventures.com\/pt\/wp-json\/wp\/v2\/media?parent=2086"}],"curies":[{"name":"wp","href":"https:\/\/api.w.org\/{rel}","templated":true}]}}