{"id":2016,"date":"2025-11-08T23:08:48","date_gmt":"2025-11-08T23:08:48","guid":{"rendered":"https:\/\/apurimacadventures.com\/?page_id=2016"},"modified":"2025-12-23T22:16:35","modified_gmt":"2025-12-23T22:16:35","slug":"trekking-em-choquequirao-4-dias","status":"publish","type":"page","link":"https:\/\/apurimacadventures.com\/pt\/choquequirao-trek-4-days\/","title":{"rendered":"Trekking em Choquequirao (4 dias)"},"content":{"rendered":"<div data-elementor-type=\"wp-page\" data-elementor-id=\"2016\" class=\"elementor elementor-2016\" data-elementor-post-type=\"page\">\n\t\t\t\t<div class=\"elementor-element elementor-element-08fadc6 e-con-full e-flex wpr-particle-no wpr-jarallax-no wpr-parallax-no wpr-sticky-section-no e-con e-parent\" data-id=\"08fadc6\" data-element_type=\"container\" data-e-type=\"container\" data-settings=\"{&quot;background_background&quot;:&quot;classic&quot;}\">\n\t\t\t\t<div class=\"elementor-element elementor-element-5b1bc66 elementor-widget elementor-widget-heading\" data-id=\"5b1bc66\" data-element_type=\"widget\" data-e-type=\"widget\" data-widget_type=\"heading.default\">\n\t\t\t\t\t<h2 class=\"elementor-heading-title elementor-size-default\">Trekking em Choquequirao (4 dias)\n\n\n<\/h2>\t\t\t\t<\/div>\n\t\t<div class=\"elementor-element elementor-element-6648a9e e-con-full e-flex wpr-particle-no wpr-jarallax-no wpr-parallax-no wpr-sticky-section-no e-con e-child\" data-id=\"6648a9e\" data-element_type=\"container\" data-e-type=\"container\" data-settings=\"{&quot;background_background&quot;:&quot;classic&quot;}\">\n\t\t\t\t<\/div>\n\t\t\t\t<\/div>\n\t\t<div class=\"elementor-element elementor-element-8620c99 e-flex e-con-boxed wpr-particle-no wpr-jarallax-no wpr-parallax-no wpr-sticky-section-no e-con e-parent\" data-id=\"8620c99\" data-element_type=\"container\" data-e-type=\"container\">\n\t\t\t\t\t<div class=\"e-con-inner\">\n\t\t\t\t<div class=\"elementor-element elementor-element-61ae41f elementor-widget__width-initial elementor-widget elementor-widget-text-editor\" data-id=\"61ae41f\" data-element_type=\"widget\" data-e-type=\"widget\" data-widget_type=\"text-editor.default\">\n\t\t\t\t\t\t\t\t\t<div id=\"u47967-4\" class=\"clearfix colelem shared_content\" data-muse-uid=\"U47967\" data-muse-type=\"txt_frame\" data-ibe-flags=\"txtStyleSrc\" data-sizepolicy=\"fixed\" data-pintopage=\"page_fixedCenter\" data-content-guid=\"u47967-4_content\"><p><strong>DESCRI\u00c7\u00c3O<\/strong><\/p><p>Nesta trilha de aventura, voc\u00ea desfrutar\u00e1 de vistas espetaculares de montanhas nevadas, descer\u00e1 a um c\u00e2nion profundo, atravessar\u00e1 o rio Apur\u00edmac e passar\u00e1 por ecossistemas de floresta nublada com grande biodiversidade. Ap\u00f3s uma visita \u00e0 cidadela de Choquequirao, voc\u00ea retornar\u00e1 pelo mesmo caminho at\u00e9 seu hotel em Cusco. Esta \u00e9 a nossa trilha mais desafiadora para Choquequirao. Ela segue em ritmo constante pelos Andes e \u00e9 recomendada apenas para os mais preparados fisicamente. \u00c9 ideal para quem tem pouco tempo dispon\u00edvel para uma trilha em Choquequirao.<\/p><\/div>\t\t\t\t\t\t\t\t<\/div>\n\t\t\t\t<div class=\"elementor-element elementor-element-84f5a8a e-n-tabs-mobile elementor-widget elementor-widget-n-tabs\" data-id=\"84f5a8a\" data-element_type=\"widget\" data-e-type=\"widget\" data-settings=\"{&quot;_animation&quot;:&quot;none&quot;,&quot;tabs_justify_horizontal&quot;:&quot;stretch&quot;,&quot;horizontal_scroll&quot;:&quot;disable&quot;}\" data-widget_type=\"nested-tabs.default\">\n\t\t\t\t\t\t\t<div class=\"e-n-tabs\" data-widget-number=\"139418250\" aria-label=\"Pesta\u00f1as. Abre elementos con Intro o Espacio, ci\u00e9rralos con Escape y navega con las fechas.\">\n\t\t\t<div class=\"e-n-tabs-heading\" role=\"tablist\">\n\t\t\t\t\t<button id=\"e-n-tab-title-1394182501\" data-tab-title-id=\"e-n-tab-title-1394182501\" class=\"e-n-tab-title\" aria-selected=\"true\" data-tab-index=\"1\" role=\"tab\" tabindex=\"0\" aria-controls=\"e-n-tab-content-1394182501\" style=\"--n-tabs-title-order: 1;\">\n\t\t\t\t\t\t<span class=\"e-n-tab-title-text\">\n\t\t\t\tVis\u00e3o geral\t\t\t<\/span>\n\t\t<\/button>\n\t\t\t\t<button id=\"e-n-tab-title-1394182502\" data-tab-title-id=\"e-n-tab-title-1394182502\" class=\"e-n-tab-title\" aria-selected=\"false\" data-tab-index=\"2\" role=\"tab\" tabindex=\"-1\" aria-controls=\"e-n-tab-content-1394182502\" style=\"--n-tabs-title-order: 2;\">\n\t\t\t\t\t\t<span class=\"e-n-tab-title-text\">\n\t\t\t\tItiner\u00e1rio\t\t\t<\/span>\n\t\t<\/button>\n\t\t\t\t<button id=\"e-n-tab-title-1394182503\" data-tab-title-id=\"e-n-tab-title-1394182503\" class=\"e-n-tab-title\" aria-selected=\"false\" data-tab-index=\"3\" role=\"tab\" tabindex=\"-1\" aria-controls=\"e-n-tab-content-1394182503\" style=\"--n-tabs-title-order: 3;\">\n\t\t\t\t\t\t<span class=\"e-n-tab-title-text\">\n\t\t\t\tInclu\u00eddo\t\t\t<\/span>\n\t\t<\/button>\n\t\t\t\t<button id=\"e-n-tab-title-1394182504\" data-tab-title-id=\"e-n-tab-title-1394182504\" class=\"e-n-tab-title\" aria-selected=\"false\" data-tab-index=\"4\" role=\"tab\" tabindex=\"-1\" aria-controls=\"e-n-tab-content-1394182504\" style=\"--n-tabs-title-order: 4;\">\n\t\t\t\t\t\t<span class=\"e-n-tab-title-text\">\n\t\t\t\tPre\u00e7os\t\t\t<\/span>\n\t\t<\/button>\n\t\t\t\t\t<\/div>\n\t\t\t<div class=\"e-n-tabs-content\">\n\t\t\t\t<div id=\"e-n-tab-content-1394182501\" role=\"tabpanel\" aria-labelledby=\"e-n-tab-title-1394182501\" data-tab-index=\"1\" style=\"--n-tabs-title-order: 1;\" class=\"e-active elementor-element elementor-element-94e590d e-con-full e-flex wpr-particle-no wpr-jarallax-no wpr-parallax-no wpr-sticky-section-no e-con e-child\" data-id=\"94e590d\" data-element_type=\"container\" data-e-type=\"container\">\n\t\t<div class=\"elementor-element elementor-element-2d751ac e-con-full animated-slow e-flex wpr-particle-no wpr-jarallax-no wpr-parallax-no wpr-sticky-section-no elementor-invisible e-con e-child\" data-id=\"2d751ac\" data-element_type=\"container\" data-e-type=\"container\" data-settings=\"{&quot;background_background&quot;:&quot;classic&quot;,&quot;animation&quot;:&quot;fadeIn&quot;}\">\n\t\t\t\t<\/div>\n\t\t\t\t<div class=\"elementor-element elementor-element-5d20cd5 elementor-widget__width-initial elementor-widget elementor-widget-text-editor\" data-id=\"5d20cd5\" data-element_type=\"widget\" data-e-type=\"widget\" data-widget_type=\"text-editor.default\">\n\t\t\t\t\t\t\t\t\t<p><strong><span id=\"u48008\">Dia 1:<\/span><\/strong>\u00a0Cusco \u2013 Cachora \u2013 Chikisca \u2013 Praia Rosalina<\/p><p><strong><span id=\"u48008-4\">Dia 2:\u00a0<\/span><\/strong>Playa Rosalina \u2013 Santa Rosa \u2013 Marampata \u2013 Choquequirao<\/p><p><strong><span id=\"u48008-7\">Dia 3:\u00a0<\/span><\/strong>Choquequirao \u2013 Santa Rosa \u2013 Chikisca<\/p><p><strong><span id=\"u48008-10\">Dia 4:<\/span>\u00a0<\/strong>Chikisca \u2013 Capuliyoc \u2013 Cusco<\/p><p><strong><span id=\"u48008-14\">Ponto mais alto:<\/span><\/strong>\u00a03.050 m \/ 10.007 p\u00e9s<\/p><p><strong><span id=\"u48008-17\">Dist\u00e2ncia:<\/span>\u00a0<\/strong>44 km \/ 27,3 milhas<\/p><p id=\"u48008-23\"><strong><span id=\"u48008-20\">Dificuldade:<\/span><\/strong><span id=\"u48008-21\"><strong>\u00a0<\/strong>1 2 3 4\u00a0<\/span><span id=\"u48008-22\">5<\/span><\/p>\t\t\t\t\t\t\t\t<\/div>\n\t\t<div class=\"elementor-element elementor-element-25c2a77 e-con-full animated-slow e-flex wpr-particle-no wpr-jarallax-no wpr-parallax-no wpr-sticky-section-no elementor-invisible e-con e-child\" data-id=\"25c2a77\" data-element_type=\"container\" data-e-type=\"container\" data-settings=\"{&quot;background_background&quot;:&quot;classic&quot;,&quot;animation&quot;:&quot;fadeIn&quot;}\">\n\t\t\t\t<\/div>\n\t\t\t\t<\/div>\n\t\t<div id=\"e-n-tab-content-1394182502\" role=\"tabpanel\" aria-labelledby=\"e-n-tab-title-1394182502\" data-tab-index=\"2\" style=\"--n-tabs-title-order: 2;\" class=\"elementor-element elementor-element-2d5725f e-con-full e-flex wpr-particle-no wpr-jarallax-no wpr-parallax-no wpr-sticky-section-no e-con e-child\" data-id=\"2d5725f\" data-element_type=\"container\" data-e-type=\"container\">\n\t\t<div class=\"elementor-element elementor-element-2df2eb8 e-con-full animated-slow e-flex wpr-particle-no wpr-jarallax-no wpr-parallax-no wpr-sticky-section-no elementor-invisible e-con e-child\" data-id=\"2df2eb8\" data-element_type=\"container\" data-e-type=\"container\" data-settings=\"{&quot;background_background&quot;:&quot;classic&quot;,&quot;animation&quot;:&quot;fadeIn&quot;}\">\n\t\t\t\t<\/div>\n\t\t\t\t<div class=\"elementor-element elementor-element-5462b0a elementor-widget__width-initial elementor-widget elementor-widget-text-editor\" data-id=\"5462b0a\" data-element_type=\"widget\" data-e-type=\"widget\" data-widget_type=\"text-editor.default\">\n\t\t\t\t\t\t\t\t\t<h4 id=\"u47998-2\"><strong>Roteiro \u2013 Trekking em Choquequirao (4 dias)<\/strong><\/h4><p>\u00a0<\/p><p id=\"u47998-6\"><strong>Dia 1:\u00a0<span id=\"u47998-5\">Cusco \u2013 Cachora \u2013 Chikisca \u2013 Praia Rosalina<\/span><\/strong><\/p><p id=\"u47998-8\">Buscamos voc\u00ea bem cedo em seu hotel em Cusco e seguimos em transporte particular at\u00e9 a vila de Cachora. Em Cachora, encontramos nossa equipe e dirigimos por mais 30 minutos at\u00e9 o mirante de Capuliyoc, ponto de partida da nossa trilha. Nossa caminhada continua em declive por cerca de 6 horas at\u00e9 nosso acampamento em Playa Rosalina, \u00e0s margens do Rio Apur\u00edmac. Este \u00e9 um dos rios mais longos do Peru, com mais de 7.000 km, nascendo no extremo sul do pa\u00eds e desaguando no Rio Amazonas, em Iquitos, ao norte. Apur\u00edmac \u00e9 uma palavra qu\u00e9chua que significa &quot;o Deus que fala&quot;. Podemos esperar uma noite quente no vale.<\/p><ul id=\"u47998-20\" class=\"list0 nls-None\"><li id=\"u47998-11\">Refei\u00e7\u00f5es: A, J<\/li><li id=\"u47998-13\">Altitude m\u00e1xima: 2.977 m \/ 9.767 p\u00e9s<\/li><li id=\"u47998-15\">Altitude m\u00ednima: 1.500 m \/ 4.921 p\u00e9s<\/li><li id=\"u47998-17\">Dist\u00e2ncia: 10 km \/ 6,2 milhas<\/li><li id=\"u47998-19\">Tempo de caminhada: 6 horas<\/li><\/ul><p>\u00a0<\/p><p id=\"u47998-24\"><strong><span id=\"u47998-22\">Dia 2:<\/span>\u00a0Playa Rosalina \u2013 Santa Rosa \u2013 Marampata \u2013 Choquequirao<\/strong><\/p><p id=\"u47998-26\">Sa\u00edmos do acampamento cedo, atravessamos o rio Apur\u00edmac e come\u00e7amos nossa caminhada morro acima. Duas horas de caminhada nos levar\u00e3o a Santa Rosa, onde descansaremos, e depois de mais duas horas chegaremos a Marampata. L\u00e1, faremos um almo\u00e7o cedo enquanto apreciamos uma vista espetacular dos Andes. Ap\u00f3s uma boa pausa para descansar, continuaremos caminhando por mais duas horas at\u00e9 Choquequirao, uma antiga cidade inca. Aproveitaremos a tarde explorando esta cidade m\u00e1gica, podendo inclusive explorar ru\u00ednas de constru\u00e7\u00f5es incas ainda n\u00e3o escavadas, cobertas pela vegeta\u00e7\u00e3o. No in\u00edcio da noite, retornaremos ao nosso acampamento, localizado logo abaixo de Choquequirao.<\/p><ul id=\"u47998-38\" class=\"list0 nls-None\"><li id=\"u47998-29\">Refei\u00e7\u00f5es: C, A, J<\/li><li id=\"u47998-31\">Altitude m\u00e1xima: 3.050 m \/ 10.007 p\u00e9s<\/li><li id=\"u47998-33\">Altitude m\u00ednima: 1.500 m \/ 4.921 p\u00e9s<\/li><li id=\"u47998-35\">Dist\u00e2ncia: 14 km \/ 8,7 milhas<\/li><li id=\"u47998-37\">Tempo de caminhada: 7 horas<\/li><\/ul><p>\u00a0<\/p><p id=\"u47998-42\"><strong><span id=\"u47998-40\">Dia 3:<\/span>\u00a0Choquequirao \u2013 Santa Rosa \u2013 Chikisca<\/strong><\/p><p id=\"u47998-44\">Hoje, ap\u00f3s uma manh\u00e3 tranquila, retornamos a Marampata para o almo\u00e7o. Continuando pelo mesmo caminho da ida, atravessamos novamente o rio Apur\u00edmac e subimos at\u00e9 Chikisca, onde passaremos a noite.<\/p><ul id=\"u47998-56\" class=\"list0 nls-None\"><li id=\"u47998-47\">Refei\u00e7\u00f5es: C, A, J<\/li><li id=\"u47998-49\">Altitude m\u00e1xima: 3.000 m \/ 9.843 p\u00e9s<\/li><li id=\"u47998-51\">Altitude m\u00ednima: 1.500 m \/ 4.921 p\u00e9s<\/li><li id=\"u47998-53\">Dist\u00e2ncia: 12 km \/ 7,5 milhas<\/li><li id=\"u47998-55\">Tempo de caminhada: 7 horas<\/li><\/ul><p>\u00a0<\/p><p id=\"u47998-60\"><strong><span id=\"u47998-58\">Dia 4:<\/span>\u00a0Chikisca \u2013 Capuliyoc \u2013 Cusco<\/strong><\/p><p id=\"u47998-62\">A subida at\u00e9 o mirante de Capuliyoc, onde iniciamos nossa trilha, levar\u00e1 aproximadamente 5 horas. Ap\u00f3s o almo\u00e7o, retornaremos \u00e0 cidade de Cusco.<\/p><ul id=\"u47998-74\" class=\"list0 nls-None\"><li id=\"u47998-65\">Refei\u00e7\u00f5es: C, A<\/li><li id=\"u47998-67\">Altitude m\u00e1xima: 2.977 m \/ 9.767 p\u00e9s<\/li><li id=\"u47998-69\">Altitude m\u00ednima: 1.836 km \/ 6.024 p\u00e9s<\/li><li id=\"u47998-71\">Dist\u00e2ncia percorrida: 8 km \/ 5,0 milhas<\/li><li id=\"u47998-73\">Tempo de caminhada: 5 horas<\/li><\/ul>\t\t\t\t\t\t\t\t<\/div>\n\t\t\t\t<\/div>\n\t\t<div id=\"e-n-tab-content-1394182503\" role=\"tabpanel\" aria-labelledby=\"e-n-tab-title-1394182503\" data-tab-index=\"3\" style=\"--n-tabs-title-order: 3;\" class=\"elementor-element elementor-element-7c01974 e-con-full e-flex wpr-particle-no wpr-jarallax-no wpr-parallax-no wpr-sticky-section-no e-con e-child\" data-id=\"7c01974\" data-element_type=\"container\" data-e-type=\"container\">\n\t\t<div class=\"elementor-element elementor-element-cf848f1 e-con-full animated-slow e-flex wpr-particle-no wpr-jarallax-no wpr-parallax-no wpr-sticky-section-no elementor-invisible e-con e-child\" data-id=\"cf848f1\" data-element_type=\"container\" data-e-type=\"container\" data-settings=\"{&quot;background_background&quot;:&quot;classic&quot;,&quot;animation&quot;:&quot;fadeIn&quot;}\">\n\t\t\t\t<\/div>\n\t\t\t\t<div class=\"elementor-element elementor-element-8872907 elementor-widget__width-initial elementor-widget elementor-widget-text-editor\" data-id=\"8872907\" data-element_type=\"widget\" data-e-type=\"widget\" data-widget_type=\"text-editor.default\">\n\t\t\t\t\t\t\t\t\t<h4 id=\"u48002-2\"><strong>Trekking em Choquequirao (4 dias); Inclui:<\/strong><\/h4><p>\u00a0<\/p><p id=\"u48002-5\"><strong>Servi\u00e7os inclu\u00eddos:<\/strong><\/p><ul id=\"u48002-35\" class=\"list0 nls-None\"><li id=\"u48002-8\">Servi\u00e7o de guia em ingl\u00eas\/espanhol<\/li><li id=\"u48002-10\">Transporte privado de Cusco para Cachora e retorno para Cusco.<\/li><li id=\"u48002-12\">Bilhete de entrada para Choquequirao<\/li><li id=\"u48002-14\">Mestre-cozinheiro<\/li><li id=\"u48002-16\">Alimenta\u00e7\u00e3o (3 caf\u00e9s da manh\u00e3, 4 almo\u00e7os, 3 jantares, lanches)<\/li><li id=\"u48002-18\">Op\u00e7\u00f5es vegetarianas\/para dietas especiais dispon\u00edveis sem custo adicional.<\/li><li id=\"u48002-20\">Equipamentos para cozinhar e jantar, incluindo tendas, cadeiras e mesas.<\/li><li id=\"u48002-22\">Tendas para 4 esta\u00e7\u00f5es (capacidade para 3 pessoas, mas usadas por 2 pessoas)<\/li><li id=\"u48002-24\">Thermarest (colch\u00e3o para dormir)<\/li><li id=\"u48002-26\">Mulas e cavaleiros para transportar nosso equipamento de acampamento e comida.<\/li><li id=\"u48002-28\">10 quilos de seus pertences pessoais ser\u00e3o transportados na mula (n\u00f3s fornecemos uma mochila).<\/li><li id=\"u48002-30\">Kit de primeiros socorros<\/li><li id=\"u48002-32\">Cilindro de oxig\u00eanio de emerg\u00eancia<\/li><li id=\"u48002-34\">Reuni\u00e3o informativa pr\u00e9-partida<\/li><\/ul><p>\u00a0<\/p><p id=\"u48002-38\"><strong>Servi\u00e7os n\u00e3o inclu\u00eddos:<\/strong><\/p><ul id=\"u48002-50\" class=\"list0 nls-None\"><li id=\"u48002-41\">Dicas para a equipe de campo e o guia.<\/li><li id=\"u48002-43\">Saco de dormir<\/li><li id=\"u48002-45\">Dinheiro extra para lembrancinhas ou para comprar Gatorade ou cerveja ao longo da trilha.<\/li><li id=\"u48002-47\">Cavalo de emerg\u00eancia para o grupo (em caso de les\u00e3o ou necessidade de repouso), mas isso pode ser providenciado mediante uma taxa adicional.<\/li><li id=\"u48002-49\">Observa\u00e7\u00e3o: Caso precise alugar algum equipamento, como saco de dormir, capa de chuva imperme\u00e1vel, bast\u00f5es de caminhada, etc., informe-nos com anteced\u00eancia. Reservaremos o item para voc\u00ea \u2013 sem necessidade de dep\u00f3sito.<\/li><\/ul><p>\u00a0<\/p><p id=\"u48002-53\"><strong>Recomendamos que voc\u00ea traga:<\/strong><\/p><ul id=\"u48002-95\" class=\"list0 nls-None\"><li id=\"u48002-56\">Saco de dormir (-10 \u00b0C)<\/li><li id=\"u48002-58\">Cal\u00e7ados e sand\u00e1lias de trekking resistentes \u00e0 \u00e1gua<\/li><li id=\"u48002-60\">Roupas quentes (roupa \u00edntima t\u00e9rmica, blusa de l\u00e3, gorro, luvas, meias)<\/li><li id=\"u48002-62\">Jaqueta e cal\u00e7a imperme\u00e1veis ou capa de chuva<\/li><li id=\"u48002-64\">Roupas sint\u00e9ticas ou de algod\u00e3o (meias, cal\u00e7as, shorts, camisetas)<\/li><li id=\"u48002-66\">Chap\u00e9u de sol e \u00f3culos de sol<\/li><li id=\"u48002-68\">Protetor solar<\/li><li id=\"u48002-70\">Repelente de insetos<\/li><li id=\"u48002-72\">Garrafas de \u00e1gua<\/li><li id=\"u48002-74\">Filtro de \u00e1gua (opcional \u2013 \u00e1gua fervida estar\u00e1 dispon\u00edvel em todas as refei\u00e7\u00f5es)<\/li><li id=\"u48002-76\">Medicamentos pessoais<\/li><li id=\"u48002-78\">bast\u00f5es de caminhada<\/li><li id=\"u48002-80\">Toalha<\/li><li id=\"u48002-82\">itens pessoais<\/li><li id=\"u48002-84\">Lanches pessoais<\/li><li id=\"u48002-86\">Lanterna de cabe\u00e7a ou lanterna de m\u00e3o com pilhas sobressalentes<\/li><li id=\"u48002-88\">C\u00e2mera<\/li><li id=\"u48002-90\">Papel higi\u00eanico<\/li><li id=\"u48002-92\">DNI\/Passaporte Original<\/li><li id=\"u48002-94\">Cart\u00e3o de seguro<\/li><\/ul>\t\t\t\t\t\t\t\t<\/div>\n\t\t\t\t<\/div>\n\t\t<div id=\"e-n-tab-content-1394182504\" role=\"tabpanel\" aria-labelledby=\"e-n-tab-title-1394182504\" data-tab-index=\"4\" style=\"--n-tabs-title-order: 4;\" class=\"elementor-element elementor-element-3449c55 e-con-full e-flex wpr-particle-no wpr-jarallax-no wpr-parallax-no wpr-sticky-section-no e-con e-child\" data-id=\"3449c55\" data-element_type=\"container\" data-e-type=\"container\">\n\t\t\t\t<div class=\"elementor-element elementor-element-2aee766 elementor-widget__width-initial elementor-widget elementor-widget-text-editor\" data-id=\"2aee766\" data-element_type=\"widget\" data-e-type=\"widget\" data-widget_type=\"text-editor.default\">\n\t\t\t\t\t\t\t\t\t<h4>\u00a0<\/h4><h4 id=\"u48006-2\"><strong>Pre\u00e7os \u2013 Trekking em Choquequirao (4 dias)<\/strong><\/h4><ul id=\"u48006-19\" class=\"list0 nls-None\"><li id=\"u48006-6\"><span id=\"u48006-4\">PRE\u00c7O:\u00a0<\/span>$580 USD por pessoa para reservas de 2 a 4 pessoas.<\/li><li id=\"u48006-9\"><span id=\"u48006-7\">PRE\u00c7O:<\/span> $540 USD por pessoa para reservas de 5 a 7 pessoas.<\/li><li id=\"u48006-12\"><span id=\"u48006-10\">PRE\u00c7O:<\/span> $480 USD por pessoa para reservas de 8 a 12 pessoas.<\/li><\/ul>\t\t\t\t\t\t\t\t<\/div>\n\t\t\t\t<\/div>\n\t\t\t\t\t<\/div>\n\t\t<\/div>\n\t\t\t\t\t\t<\/div>\n\t\t\t\t\t<\/div>\n\t\t\t\t<\/div>\n\t\t<div class=\"elementor-element elementor-element-b004eef e-flex e-con-boxed wpr-particle-no wpr-jarallax-no wpr-parallax-no wpr-sticky-section-no e-con e-parent\" data-id=\"b004eef\" data-element_type=\"container\" data-e-type=\"container\">\n\t\t\t\t\t<div class=\"e-con-inner\">\n\t\t\t\t<div class=\"elementor-element elementor-element-831001b elementor-widget elementor-widget-spacer\" data-id=\"831001b\" data-element_type=\"widget\" data-e-type=\"widget\" data-widget_type=\"spacer.default\">\n\t\t\t\t\t\t\t<div class=\"elementor-spacer\">\n\t\t\t<div class=\"elementor-spacer-inner\"><\/div>\n\t\t<\/div>\n\t\t\t\t\t\t<\/div>\n\t\t\t\t\t<\/div>\n\t\t\t\t<\/div>\n\t\t\t\t<\/div>","protected":false},"excerpt":{"rendered":"<p>Choquequirao Trek 4 Days DESCRIPTION On this adventure trek you will enjoy spectacular views of snow-capped mountains, descend into a deep canyon, cross the Apurimac River, and pass through biologically diverse cloud forest ecosystems. After a visit to the citadel of Choquequirao, you return along the same route, back to your hotel in Cusco. This is our most challenging trek to Choquequirao. It moves at a steady pace through the Andes and is recommended only for the most fit. It is designed for those who have limited time for a Choquequirao trek. Overview Itinerary Included Prices Day 1:\u00a0Cusco \u2013 Cachora \u2013 Chikisca \u2013 Playa Rosalina Day 2:\u00a0Playa Rosalina \u2013 Santa Rosa \u2013 Marampata \u2013 Choquequirao Day 3:\u00a0Choquequirao \u2013 Santa Rosa \u2013 Chikisca Day 4:\u00a0Chikisca \u2013 Capuliyoc \u2013 Cusco Highest Point:\u00a03,050m \/ 10,007ft Distance:\u00a044km \/ 27.3mi Difficulty:\u00a01 2 3 4\u00a05 Itinerary \u2013 Choquequirao trek 4 days \u00a0 Day 1:\u00a0Cusco \u2013 Cachora \u2013 Chikisca \u2013 Playa Rosalina We pick you up very early at your hotel in Cusco and drive by private transport to the village of Cachora. In Cachora we meet our staff and drive 30 more minutes to the Capuliyoc lookout point and our trailhead. Our path continues downhill for about 6 hours to our campsite at Playa Rosalina beside the Apurimac River. This is one of the longest rivers in Peru, over 7000 km, coming from the very south of Peru all the way north to Iquitos where it joins with Amazon River. Apurimac is a Quechua word for \u201cthe God who speaks\u201d. We can expect a warm night in the valley. Meals: L, D Maximum Altitude: 2,977m \/ 9,767ft Minimum Altitude: 1,500m \/ 4,921ft Distance: 10km \/ 6.2mi Walking time: 6 hours \u00a0 Day 2:\u00a0Playa Rosalina \u2013 Santa Rosa \u2013 Marampata \u2013 Choquequirao We leave camp early, cross the Apurimac River, and begin our uphill trek. 2 hours of hiking will bring us to Santa Rosa where we\u2019ll have a rest, and after another 2 hours we will arrive at Marampata. Here we will have an early lunch while enjoying a spectacular view of the Andes. After a good break and rest, we continue walking 2 more hours to Choquequirao, an ancient city of the Incas. We will enjoy the afternoon exploring this magical city, and we can even explore unexcavated Inca building remains covered with vegetation. By early evening we head down to our campsite which is located just below Choquequirao. Meals: B, L, D Maximum Altitude: 3,050m \/ 10,007ft Minimum Altitude: 1,500m \/ 4,921ft Distance: 14km \/ 8.7mi Walking time: 7 hours \u00a0 Day 3:\u00a0Choquequirao \u2013 Santa Rosa \u2013 Chikisca Today, after a leisurely morning, we return to Marampata for lunch. Continuing back on the same path we came in, we once again cross the Apurimac River and climb to Chikisca where we will spend the night Meals: B, L, D Maximum Altitude: 3,000m \/ 9,843ft Minimum Altitude: 1,500m \/ 4,921ft Distance: 12km \/ 7.5mi Walking Time: 7 hrs \u00a0 Day 4:\u00a0Chikisca \u2013 Capuliyoc \u2013 Cusco It will take approximately 5 hours to climb uphill to the Capuliyoc lookout point where we began our trek. After lunch we will return to the city of Cusco. Meals: B, L Maximum Altitude: 2,977m \/ 9,767ft Minimum Altitude: 1,836km \/ 6,024ft Distance Travelled: 8km \/ 5.0mi Walking Time: 5 hrs Choquequirao Trek 4 days; Inclusions \u00a0 Services Included: Guide service in English\/Spanish Private transportation from Cusco to Cachora to Cusco Entrance ticket to Choquequirao Master cook Food (3 breakfasts, 4 lunches, 3 dinners, snacks) Vegetarian\/special diet options available at no extra cost Cooking and dining equipment, including tents, chairs and tables 4-season tents (3-person capacity but used for 2 people) Thermarest (sleeping mattress) Mules and horsemen to carry our camping equipment &amp; food 10 kilos of your personal gear will be carried on the mule (we provide you a duffle) First-aid kit Emergency oxygen bottle Pre-departure briefing \u00a0 Services Not Included: Tips for field staff and guide Sleeping bag Extra money for souvenirs or to buy Gatorade or beer along the trail Emergency horse for the group (in case of injury or the need to rest), but this can be arranged for an additional fee Note: If you need to rent any equipment such as a sleeping bag, water-proof poncho, hiking poles, etc. please let us know in advance. We will secure them for you \u2013 no deposit required. \u00a0 We Recommend That You Bring: Sleeping bag (-10 C\u00ba) Water-resistant trekking shoes and sandals Warm clothing (thermal underwear, fleece, hat, gloves, socks) Waterproof jacket &amp; pants or rain poncho Synthetic or cotton clothing (socks, trousers, shorts, t-shirts) Sunhat &amp; sunglasses Sun block Insect repellent Water bottles Water filter (optional \u2013 boiled water will be available at all meals) Personal medications Walking poles Towel Personal items Personal snacks Headlamp or flashlight with spare batteries Camera Toilet paper DNI\/Original Passport Insurance card \u00a0 Prices \u2013 Choquequirao Trek 4 Days PRICE:\u00a0$580 USD per person when booking 2-4 people PRICE: $540 USD per person when booking 5- 7 people PRICE: $480 USD per person when booking 8-12 people Day 1:\u00a0Cusco \u2013 Cachora \u2013 Chikisca \u2013 Playa Rosalina Day 2:\u00a0Playa Rosalina \u2013 Santa Rosa \u2013 Marampata \u2013 Choquequirao Day 3:\u00a0Choquequirao \u2013 Santa Rosa \u2013 Chikisca Day 4:\u00a0Chikisca \u2013 Capuliyoc \u2013 Cusco Highest Point:\u00a03,050m \/ 10,007ft Distance:\u00a044km \/ 27.3mi Difficulty:\u00a01 2 3 4\u00a05 Itinerary \u2013 Choquequirao trek 4 days \u00a0 Day 1:\u00a0Cusco \u2013 Cachora \u2013 Chikisca \u2013 Playa Rosalina We pick you up very early at your hotel in Cusco and drive by private transport to the village of Cachora. In Cachora we meet our staff and drive 30 more minutes to the Capuliyoc lookout point and our trailhead. Our path continues downhill for about 6 hours to our campsite at Playa Rosalina beside the Apurimac River. This is one of the longest rivers in Peru, over 7000 km, coming from the very south of Peru all the way north to Iquitos where it joins with Amazon River. Apurimac is a Quechua word for<\/p>","protected":false},"author":1,"featured_media":0,"parent":0,"menu_order":0,"comment_status":"closed","ping_status":"closed","template":"","meta":{"_eb_attr":"","footnotes":""},"class_list":["post-2016","page","type-page","status-publish","hentry"],"_hostinger_reach_plugin_has_subscription_block":false,"_hostinger_reach_plugin_is_elementor":false,"_links":{"self":[{"href":"https:\/\/apurimacadventures.com\/pt\/wp-json\/wp\/v2\/pages\/2016","targetHints":{"allow":["GET"]}}],"collection":[{"href":"https:\/\/apurimacadventures.com\/pt\/wp-json\/wp\/v2\/pages"}],"about":[{"href":"https:\/\/apurimacadventures.com\/pt\/wp-json\/wp\/v2\/types\/page"}],"author":[{"embeddable":true,"href":"https:\/\/apurimacadventures.com\/pt\/wp-json\/wp\/v2\/users\/1"}],"replies":[{"embeddable":true,"href":"https:\/\/apurimacadventures.com\/pt\/wp-json\/wp\/v2\/comments?post=2016"}],"version-history":[{"count":42,"href":"https:\/\/apurimacadventures.com\/pt\/wp-json\/wp\/v2\/pages\/2016\/revisions"}],"predecessor-version":[{"id":3190,"href":"https:\/\/apurimacadventures.com\/pt\/wp-json\/wp\/v2\/pages\/2016\/revisions\/3190"}],"wp:attachment":[{"href":"https:\/\/apurimacadventures.com\/pt\/wp-json\/wp\/v2\/media?parent=2016"}],"curies":[{"name":"wp","href":"https:\/\/api.w.org\/{rel}","templated":true}]}}