{"id":3015,"date":"2025-12-18T20:52:33","date_gmt":"2025-12-18T20:52:33","guid":{"rendered":"https:\/\/apurimacadventures.com\/?page_id=3015"},"modified":"2025-12-18T21:04:29","modified_gmt":"2025-12-18T21:04:29","slug":"metodos-de-pago","status":"publish","type":"page","link":"https:\/\/apurimacadventures.com\/es\/payment-methods\/","title":{"rendered":"M\u00e9todos de pago"},"content":{"rendered":"<div data-elementor-type=\"wp-page\" data-elementor-id=\"3015\" class=\"elementor elementor-3015\" data-elementor-post-type=\"page\">\n\t\t\t\t<div class=\"elementor-element elementor-element-08fadc6 e-con-full e-flex wpr-particle-no wpr-jarallax-no wpr-parallax-no wpr-sticky-section-no e-con e-parent\" data-id=\"08fadc6\" data-element_type=\"container\" data-e-type=\"container\" data-settings=\"{&quot;background_background&quot;:&quot;classic&quot;}\">\n\t\t\t\t<div class=\"elementor-element elementor-element-5b1bc66 elementor-widget elementor-widget-heading\" data-id=\"5b1bc66\" data-element_type=\"widget\" data-e-type=\"widget\" data-widget_type=\"heading.default\">\n\t\t\t\t\t<h2 class=\"elementor-heading-title elementor-size-default\">M\u00e9todos de pago<\/h2>\t\t\t\t<\/div>\n\t\t<div class=\"elementor-element elementor-element-6648a9e e-con-full e-flex wpr-particle-no wpr-jarallax-no wpr-parallax-no wpr-sticky-section-no e-con e-child\" data-id=\"6648a9e\" data-element_type=\"container\" data-e-type=\"container\" data-settings=\"{&quot;background_background&quot;:&quot;classic&quot;}\">\n\t\t\t\t<\/div>\n\t\t\t\t<\/div>\n\t\t<div class=\"elementor-element elementor-element-8620c99 e-flex e-con-boxed wpr-particle-no wpr-jarallax-no wpr-parallax-no wpr-sticky-section-no e-con e-parent\" data-id=\"8620c99\" data-element_type=\"container\" data-e-type=\"container\">\n\t\t\t\t\t<div class=\"e-con-inner\">\n\t\t\t\t<div class=\"elementor-element elementor-element-38a6f6e elementor-widget__width-initial elementor-widget elementor-widget-text-editor\" data-id=\"38a6f6e\" data-element_type=\"widget\" data-e-type=\"widget\" data-widget_type=\"text-editor.default\">\n\t\t\t\t\t\t\t\t\t<div id=\"ppu41766-9\" class=\"clearfix colelem\"><div id=\"pu41766-9\" class=\"clearfix grpelem\"><div id=\"u41766-9\" class=\"clearfix colelem shared_content\" data-muse-uid=\"U41766\" data-muse-type=\"txt_frame\" data-ibe-flags=\"txtStyleSrc\" data-sizepolicy=\"fixed\" data-pintopage=\"page_fixedCenter\" data-leftadjustmentdoneby=\"pu41766-9\" data-content-guid=\"u41766-9_content\"><h3 id=\"u41766-2\"><span style=\"color: #333399;\"><strong>PAYPAL<\/strong><\/span><\/h3><p id=\"u41766-4\">Para todas nuestras excursiones y tours, requerimos un dep\u00f3sito de $200 por persona. El saldo restante se paga al llegar a Cusco. Tenga en cuenta que todos nuestros tours tienen precio en d\u00f3lares estadounidenses (USD).<\/p><p id=\"u41766-7\">Usamos PayPal para enviar dep\u00f3sitos, de esa manera puedes usar tu tarjeta de cr\u00e9dito. PayPal cobra una comisi\u00f3n de servicio de 6% (para la transferencia internacional), por lo que el dep\u00f3sito total termina siendo $212 por persona y debe enviarse a<\/p><h4><a href=\"https:\/\/www.paypal.com\/\" target=\"_blank\" rel=\"noopener\"><strong><span style=\"color: #0000ff;\">booking@apurimacadventures.com<\/span><\/strong><\/a><\/h4><\/div><div id=\"u41856-4\" class=\"clearfix colelem shared_content\" data-muse-uid=\"U41856\" data-muse-type=\"txt_frame\" data-ibe-flags=\"txtStyleSrc\" data-sizepolicy=\"fixed\" data-pintopage=\"page_fixedCenter\" data-leftadjustmentdoneby=\"pu41766-9\" data-content-guid=\"u41856-4_content\"><p>Cuando recibamos los detalles de su formulario de reserva y el dep\u00f3sito a trav\u00e9s de PayPal, le enviaremos una factura de reserva y una confirmaci\u00f3n de que hemos recibido su dep\u00f3sito y que su excursi\u00f3n ha sido reservada.<\/p><\/div><\/div><div id=\"u41814\" class=\"museBGSize rounded-corners grpelem shared_content\" data-sizepolicy=\"fixed\" data-pintopage=\"page_fixedCenter\" data-leftadjustmentdoneby=\"ppu41766-9\" data-content-guid=\"u41814_content\">\u00a0<\/div><\/div><div id=\"pu41836-11\" class=\"clearfix colelem\"><div id=\"u41836-11\" class=\"clearfix grpelem shared_content\" data-muse-uid=\"U41836\" data-muse-type=\"txt_frame\" data-ibe-flags=\"txtStyleSrc\" data-sizepolicy=\"fixed\" data-pintopage=\"page_fixedCenter\" data-leftadjustmentdoneby=\"pu41836-11\" data-content-guid=\"u41836-11_content\"><h3 id=\"u41836-2\"><span style=\"color: #000080;\"><strong>WESTERN UNION<\/strong><\/span><\/h3><p id=\"u41836-4\">La principal forma de realizar pagos desde el extranjero y evitar altas comisiones bancarias o impuestos es utilizando Western Union, un servicio de transferencia global que cuenta con una amplia red de oficinas en todo el mundo.<\/p><p id=\"u41836-6\">Transferencia de dinero mediante Western Union (utilizando sus tarjetas de cr\u00e9dito): este m\u00e9todo de pago conlleva comisiones adicionales.<\/p><p id=\"u41836-9\">El m\u00e9todo de pago depende del pa\u00eds desde el que env\u00edes el dinero. Desde Estados Unidos, Canad\u00e1, Reino Unido, Irlanda, Australia, Francia, Pa\u00edses Bajos y Noruega, puedes realizar la transferencia en l\u00ednea a trav\u00e9s de Western Union. Solo tienes que visitar su sitio web y seguir las instrucciones. Se aceptan Visa y Mastercard.<\/p><\/div><\/div>\t\t\t\t\t\t\t\t<\/div>\n\t\t<div class=\"elementor-element elementor-element-d9e5db2 e-con-full e-flex wpr-particle-no wpr-jarallax-no wpr-parallax-no wpr-sticky-section-no e-con e-child\" data-id=\"d9e5db2\" data-element_type=\"container\" data-e-type=\"container\">\n\t\t<div class=\"elementor-element elementor-element-9ba9ef1 e-con-full e-flex wpr-particle-no wpr-jarallax-no wpr-parallax-no wpr-sticky-section-no e-con e-child\" data-id=\"9ba9ef1\" data-element_type=\"container\" data-e-type=\"container\" data-settings=\"{&quot;background_background&quot;:&quot;classic&quot;}\">\n\t\t\t\t<\/div>\n\t\t<div class=\"elementor-element elementor-element-6c4034d e-con-full e-flex wpr-particle-no wpr-jarallax-no wpr-parallax-no wpr-sticky-section-no e-con e-child\" data-id=\"6c4034d\" data-element_type=\"container\" data-e-type=\"container\" data-settings=\"{&quot;background_background&quot;:&quot;classic&quot;}\">\n\t\t\t\t<\/div>\n\t\t\t\t<\/div>\n\t\t\t\t<div class=\"elementor-element elementor-element-ec7159c elementor-widget__width-initial elementor-widget elementor-widget-text-editor\" data-id=\"ec7159c\" data-element_type=\"widget\" data-e-type=\"widget\" data-widget_type=\"text-editor.default\">\n\t\t\t\t\t\t\t\t\t<div id=\"u41860-4\" class=\"clearfix colelem shared_content\" data-muse-uid=\"U41860\" data-muse-type=\"txt_frame\" data-ibe-flags=\"txtStyleSrc\" data-sizepolicy=\"fixed\" data-pintopage=\"page_fixedCenter\" data-content-guid=\"u41860-4_content\"><p>El cargo es menor si acude directamente a una agencia de Western Union en su ciudad y paga en efectivo. Para pa\u00edses distintos a los mencionados, deber\u00e1 acudir a la oficina de su agente local para pagar el dep\u00f3sito. El sitio web de Western Union le permite buscar el agente m\u00e1s cercano a su domicilio. Hay m\u00e1s de 245\u00a0000 agentes en todo el mundo, por lo que no deber\u00eda tener problemas para encontrar uno que le resulte conveniente al finalizar la transacci\u00f3n. Western Union o MoneyGram le proporcionar\u00e1n un n\u00famero de control que deber\u00e1 facilitarnos para que podamos cobrar su dep\u00f3sito.<\/p><\/div><div id=\"u41864-5\" class=\"clearfix colelem shared_content\" data-muse-uid=\"U41864\" data-muse-type=\"txt_frame\" data-ibe-flags=\"txtStyleSrc\" data-sizepolicy=\"fixed\" data-pintopage=\"page_fixedCenter\" data-content-guid=\"u41864-5_content\"><p><span id=\"u41864\">Duraci\u00f3n del tiempo necesario para recibir la transferencia:<\/span>\u00a0Instant\u00e1neo (Nota: Puede utilizar este m\u00e9todo si desea que actuemos con mayor rapidez para garantizar su plaza en el Camino Inca o en la ruta Salkantay).<\/p><\/div><div id=\"u41870-4\" class=\"clearfix colelem shared_content\" data-muse-uid=\"U41870\" data-muse-type=\"txt_frame\" data-ibe-flags=\"txtStyleSrc\" data-sizepolicy=\"fixed\" data-pintopage=\"page_fixedCenter\" data-content-guid=\"u41870-4_content\"><p><strong>AQU\u00cd TIENES TODOS LOS DATOS DE LA PERSONA A LA QUE DEBES ENVIAR TU DEP\u00d3SITO PARA WESTERN UNION<\/strong><\/p><\/div><div id=\"u41876-23\" class=\"clearfix colelem shared_content\" data-muse-uid=\"U41876\" data-muse-type=\"txt_frame\" data-ibe-flags=\"txtStyleSrc\" data-sizepolicy=\"fixed\" data-pintopage=\"page_fixedCenter\" data-content-guid=\"u41876-23_content\"><p><span id=\"u41876\">Nombre del destinatario:\u00a0<\/span>Juan<\/p><p><span id=\"u41876-4\">Apellido del receptor:\u00a0<\/span>Covarrubias Ccaihuari<\/p><p><span id=\"u41876-7\">Direcci\u00f3n del destinatario:\u00a0<\/span>Urb. Dolores Pata \u2013 Jr. Qoricancha L-12 A<\/p><p><span id=\"u41876-10\">Ciudad del receptor:\u00a0<\/span>CUZCO<\/p><p><span id=\"u41876-13\">Pa\u00eds del receptor:\u00a0<\/span>PER\u00da<\/p><p><span id=\"u41876-16\">Correo electr\u00f3nico:\u00a0<\/span>apurimacadventures@gmail.com, info@apurimacadventures.com<\/p><p><span id=\"u41876-19\">Identificaci\u00f3n del destinatario:\u00a0\u00a0<\/span>43443039<\/p><\/div>\t\t\t\t\t\t\t\t<\/div>\n\t\t\t\t\t<\/div>\n\t\t\t\t<\/div>\n\t\t<div class=\"elementor-element elementor-element-b004eef e-flex e-con-boxed wpr-particle-no wpr-jarallax-no wpr-parallax-no wpr-sticky-section-no e-con e-parent\" data-id=\"b004eef\" data-element_type=\"container\" data-e-type=\"container\">\n\t\t\t\t\t<div class=\"e-con-inner\">\n\t\t\t\t<div class=\"elementor-element elementor-element-831001b elementor-widget elementor-widget-spacer\" data-id=\"831001b\" data-element_type=\"widget\" data-e-type=\"widget\" data-widget_type=\"spacer.default\">\n\t\t\t\t\t\t\t<div class=\"elementor-spacer\">\n\t\t\t<div class=\"elementor-spacer-inner\"><\/div>\n\t\t<\/div>\n\t\t\t\t\t\t<\/div>\n\t\t\t\t\t<\/div>\n\t\t\t\t<\/div>\n\t\t\t\t<\/div>","protected":false},"excerpt":{"rendered":"<p>Payment methods PAYPAL For all of our treks and tours we require a deposit of $200 per person, the balance is payable when you arrive to Cusco. Please note that all of our tours are priced in USD currency. We use PayPal for sending deposits, that way you can use your credit card. PayPal charges a 6% service fee (for the international transfer), so the total deposit\u00a0 ends up being $212 per person and should be sent to booking@apurimacadventures.com When we receive your booking form details and deposit via PayPal, we will send you a booking invoice and confirmation that we have received your deposit and your tour has been booked. \u00a0 WESTERN UNION This is the main way to do your payment from abroad and avoid high bank charges or taxes, is using WESTERN UNION, a global transfer service that has a large network of offices around the world. Money Transfer by Western Union (using your credit cards) \u2013 There are additional fees associated with this method of payment. The method of payment depends on which country that you are sending the money. From the USA, Canada, UK, Ireland, Australia, France, Netherlands &amp; Norway you can make the money transfer online at: Wester Union Just visit the website and follow the instructions. Visa and Master Card can be used. The charge is less if you go directly to a local Western Union agent in your town and pay in cash. For countries other than those mentioned above you will have to go to the office of your local agent to pay the deposit. The Western Union website allows you to search for the agent nearest to where you live. There are over 245,000 agents throughout the world so you should have no problem finding one that is convenient to you at the end of the Transaction Western union or Money Gram will give you a control number that you need to let us know so we can be able to collect your deposit. Duration of Taken to Receive Transfer:\u00a0Instantaneous (Note: You can use this Method if you want us to act faster to ensure your Inca Trail or\u00a0 Salkantay Trek\u00a0 Space) HERE ARE THE FULL DETAILS OF THE PERSON YOU NEED TO SEND YOUR DEPOSIT FOR WESTER UNION Receiver\u2019s Name:\u00a0Juan Receiver\u2019s Surname:\u00a0Covarrubias Ccaihuari Receiver\u2019s Address:\u00a0Urb. Dolores Pata \u2013 Jr. Qoricancha L-12 A Receiver\u2019s City:\u00a0CUZCO Receiver\u2019s Country:\u00a0PERU E-mail:\u00a0apurimacadventures@gmail.com , info@apurimacadventures.com Receiver\u2019s ID:\u00a0\u00a043443039<\/p>","protected":false},"author":1,"featured_media":0,"parent":0,"menu_order":0,"comment_status":"closed","ping_status":"closed","template":"","meta":{"_eb_attr":"","footnotes":""},"class_list":["post-3015","page","type-page","status-publish","hentry"],"_hostinger_reach_plugin_has_subscription_block":false,"_hostinger_reach_plugin_is_elementor":false,"_links":{"self":[{"href":"https:\/\/apurimacadventures.com\/es\/wp-json\/wp\/v2\/pages\/3015","targetHints":{"allow":["GET"]}}],"collection":[{"href":"https:\/\/apurimacadventures.com\/es\/wp-json\/wp\/v2\/pages"}],"about":[{"href":"https:\/\/apurimacadventures.com\/es\/wp-json\/wp\/v2\/types\/page"}],"author":[{"embeddable":true,"href":"https:\/\/apurimacadventures.com\/es\/wp-json\/wp\/v2\/users\/1"}],"replies":[{"embeddable":true,"href":"https:\/\/apurimacadventures.com\/es\/wp-json\/wp\/v2\/comments?post=3015"}],"version-history":[{"count":16,"href":"https:\/\/apurimacadventures.com\/es\/wp-json\/wp\/v2\/pages\/3015\/revisions"}],"predecessor-version":[{"id":3033,"href":"https:\/\/apurimacadventures.com\/es\/wp-json\/wp\/v2\/pages\/3015\/revisions\/3033"}],"wp:attachment":[{"href":"https:\/\/apurimacadventures.com\/es\/wp-json\/wp\/v2\/media?parent=3015"}],"curies":[{"name":"wp","href":"https:\/\/api.w.org\/{rel}","templated":true}]}}