{"id":2334,"date":"2025-11-09T03:17:33","date_gmt":"2025-11-09T03:17:33","guid":{"rendered":"https:\/\/apurimacadventures.com\/?page_id=2334"},"modified":"2025-12-06T15:19:35","modified_gmt":"2025-12-06T15:19:35","slug":"mitos-y-realidades-lo-que-debes-saber-sobre-el-camino-inca-y-machu-picchu","status":"publish","type":"page","link":"https:\/\/apurimacadventures.com\/es\/blog\/myths-facts-what-you-should-know-about-the-inca-trail-and-machu-picchu\/","title":{"rendered":"Myths &#038; Facts \u2013 What You Should Know about the Inca Trail and Machu Picchu"},"content":{"rendered":"<div data-elementor-type=\"wp-page\" data-elementor-id=\"2334\" class=\"elementor elementor-2334\" data-elementor-post-type=\"page\">\n\t\t\t\t<div class=\"elementor-element elementor-element-08fadc6 e-con-full e-flex wpr-particle-no wpr-jarallax-no wpr-parallax-no wpr-sticky-section-no e-con e-parent\" data-id=\"08fadc6\" data-element_type=\"container\" data-e-type=\"container\" data-settings=\"{&quot;background_background&quot;:&quot;classic&quot;}\">\n\t\t\t\t<div class=\"elementor-element elementor-element-5b1bc66 elementor-widget elementor-widget-heading\" data-id=\"5b1bc66\" data-element_type=\"widget\" data-e-type=\"widget\" data-widget_type=\"heading.default\">\n\t\t\t\t\t<h2 class=\"elementor-heading-title elementor-size-default\">Mitos y realidades: lo que debes saber sobre el Camino Inca y Machu Picchu.\n\n\n<\/h2>\t\t\t\t<\/div>\n\t\t<div class=\"elementor-element elementor-element-6648a9e e-con-full e-flex wpr-particle-no wpr-jarallax-no wpr-parallax-no wpr-sticky-section-no e-con e-child\" data-id=\"6648a9e\" data-element_type=\"container\" data-e-type=\"container\" data-settings=\"{&quot;background_background&quot;:&quot;classic&quot;}\">\n\t\t\t\t<\/div>\n\t\t\t\t<\/div>\n\t\t<div class=\"elementor-element elementor-element-8620c99 e-flex e-con-boxed wpr-particle-no wpr-jarallax-no wpr-parallax-no wpr-sticky-section-no e-con e-parent\" data-id=\"8620c99\" data-element_type=\"container\" data-e-type=\"container\">\n\t\t\t\t\t<div class=\"e-con-inner\">\n\t\t<div class=\"elementor-element elementor-element-072449f e-con-full e-flex wpr-particle-no wpr-jarallax-no wpr-parallax-no wpr-sticky-section-no e-con e-child\" data-id=\"072449f\" data-element_type=\"container\" data-e-type=\"container\" data-settings=\"{&quot;background_background&quot;:&quot;classic&quot;}\">\n\t\t\t\t<\/div>\n\t\t\t\t\t<\/div>\n\t\t\t\t<\/div>\n\t\t<div class=\"elementor-element elementor-element-da1d5bf e-flex e-con-boxed wpr-particle-no wpr-jarallax-no wpr-parallax-no wpr-sticky-section-no e-con e-parent\" data-id=\"da1d5bf\" data-element_type=\"container\" data-e-type=\"container\">\n\t\t\t\t\t<div class=\"e-con-inner\">\n\t\t\t\t<div class=\"elementor-element elementor-element-edd111f elementor-widget elementor-widget-text-editor\" data-id=\"edd111f\" data-element_type=\"widget\" data-e-type=\"widget\" data-widget_type=\"text-editor.default\">\n\t\t\t\t\t\t\t\t\t<p>El Camino Inca y la emblem\u00e1tica ciudad de Machu Picchu han cautivado la imaginaci\u00f3n de viajeros de todo el mundo. Si bien estas maravillas del mundo antiguo son frecuentadas por aventureros, los mitos y las ideas err\u00f3neas a menudo empa\u00f1an la verdad que se esconde tras su atractivo. Analicemos algunos de los mitos m\u00e1s comunes y los datos que aclaran la verdad.<\/p><p><strong>Mito 1: Machu Picchu era la \u201cCiudad Perdida de los Incas\u201d.\u201d<\/strong><\/p><p><strong>Hecho:<\/strong> Este es quiz\u00e1s uno de los mitos m\u00e1s persistentes. Machu Picchu nunca estuvo realmente &quot;perdido&quot;. Los habitantes locales de los Andes conoc\u00edan su existencia mucho antes de que Hiram Bingham, el explorador estadounidense, lo diera a conocer al mundo en 1911. Simplemente lo llamaban &quot;Monta\u00f1a Vieja&quot;. El t\u00e9rmino &quot;Ciudad Perdida&quot; es rom\u00e1ntico, pero inexacto; estaba m\u00e1s oculta que perdida, gracias a su ubicaci\u00f3n aislada en medio del bosque nuboso.<\/p><p><strong>Mito 2: El Camino Inca cierra todo el a\u00f1o en febrero.<\/strong><\/p><p><strong>Hecho:<\/strong> El cl\u00e1sico Camino Inca a Machu Picchu cierra por mantenimiento en febrero debido a las fuertes lluvias, que pueden provocar deslizamientos de tierra y da\u00f1os en el sendero. Sin embargo, este cierre no afecta a Machu Picchu, que permanece abierto a los visitantes. A\u00fan se puede acceder al sitio en tren o mediante rutas de senderismo alternativas, como el Salkantay Trek.<\/p><p><strong>Mito 3: Hay que estar en muy buena forma para recorrer el Camino Inca.<\/strong><\/p><p><strong>Hecho:<\/strong> Si bien el Camino Inca requiere una buena condici\u00f3n f\u00edsica debido a su longitud y altitud, no es exclusivo para atletas. Se considera de dificultad moderada, y muchos excursionistas de distintos niveles de condici\u00f3n f\u00edsica lo completan con la ayuda de porteadores y gu\u00edas. Se trata m\u00e1s de resistencia y preparaci\u00f3n mental que de mera destreza atl\u00e9tica. La preparaci\u00f3n, incluida la aclimataci\u00f3n a la altitud, es fundamental.<\/p><p><strong>Mito 4: Solo se puede acceder a Machu Picchu recorriendo el Camino Inca.<\/strong><\/p><p><strong>Hecho:<\/strong> Si bien el Camino Inca es la ruta m\u00e1s famosa, no es la \u00fanica forma de llegar a Machu Picchu. La gran mayor\u00eda de los visitantes llegan en tren desde Ollantaytambo hasta Aguas Calientes, y luego toman un autob\u00fas o hacen una corta caminata hasta el sitio arqueol\u00f3gico. Tambi\u00e9n existen varias rutas alternativas, como el Camino de Lares, el Camino de Salkantay o incluso una excursi\u00f3n de un d\u00eda desde Aguas Calientes.<\/p><p><strong>Mito 5: Se puede visitar Machu Picchu sin permiso.<\/strong><\/p><p><strong>Hecho:<\/strong> Para recorrer el Camino Inca, s\u00ed, se necesita un permiso. Estos son limitados y deben reservarse con antelaci\u00f3n, generalmente entre 6 y 12 meses antes debido a la alta demanda. Sin embargo, para visitar Machu Picchu, si bien no se necesita un permiso especial, s\u00ed se requiere una entrada. Estas tambi\u00e9n pueden agotarse, especialmente en temporada alta y para actividades adicionales como la ascensi\u00f3n a Huayna Picchu o a la monta\u00f1a Machu Picchu.<\/p><p><strong>Mito 6: El Camino Inca era utilizado \u00fanicamente por la realeza.<\/strong><\/p><p><strong>Hecho:<\/strong> Existe la teor\u00eda de que el sendero era una ruta de peregrinaci\u00f3n, posiblemente utilizada por la nobleza inca con fines religiosos. Sin embargo, la evidencia sugiere que formaba parte de una red m\u00e1s amplia de caminos (Qhapaq \u00d1an) utilizados para diversos fines, incluyendo el militar, el comercial y la comunicaci\u00f3n en todo el imperio. La exclusividad para la realeza es m\u00e1s una idea rom\u00e1ntica que un hecho hist\u00f3rico.<\/p><p><strong>Mito 7: Machu Picchu fue abandonado debido a la conquista espa\u00f1ola.<\/strong><\/p><p><strong>Hecho:<\/strong> Los motivos del abandono de Machu Picchu siguen siendo objeto de debate entre los historiadores. Si bien la conquista espa\u00f1ola sin duda impact\u00f3 la civilizaci\u00f3n inca, Machu Picchu pudo haber sido abandonada debido a varios factores, incluyendo posiblemente un brote de viruela que diezm\u00f3 a la poblaci\u00f3n local, o simplemente porque cumpli\u00f3 su funci\u00f3n, como residencia real o lugar religioso, y ya no era necesaria.<\/p><p><strong>Mito 8: Los incas usaban mortero para construir sus estructuras.<\/strong><\/p><p><strong>Hecho:<\/strong> Una de las maravillas de la arquitectura inca es su mamposter\u00eda en seco, donde las piedras encajan con tal precisi\u00f3n que no se necesita mortero. Esta t\u00e9cnica es evidente tanto en Machu Picchu como a lo largo del Camino Inca, lo que demuestra su avanzado conocimiento de la ingenier\u00eda y la arquitectura.<\/p><p><strong>Conclusi\u00f3n<\/strong><\/p><p>El Camino Inca y Machu Picchu no son solo destinos tur\u00edsticos; son relatos del apogeo de una civilizaci\u00f3n antigua, envueltos en mitos que se han entretejido en su leyenda. Comprender los hechos que se esconden tras estos mitos enriquece la experiencia, permitiendo a los viajeros apreciar la verdadera historia, la maravilla de la ingenier\u00eda y la belleza natural de estos sitios. Ya sea que recorras los antiguos senderos o simplemente te maravilles ante una de las Siete Maravillas del Mundo, distinguir los mitos de los hechos realza tu viaje por el coraz\u00f3n hist\u00f3rico de Per\u00fa.<\/p>\t\t\t\t\t\t\t\t<\/div>\n\t\t\t\t\t<\/div>\n\t\t\t\t<\/div>\n\t\t<div class=\"elementor-element elementor-element-7f6a557 e-flex e-con-boxed wpr-particle-no wpr-jarallax-no wpr-parallax-no wpr-sticky-section-no e-con e-parent\" data-id=\"7f6a557\" data-element_type=\"container\" data-e-type=\"container\">\n\t\t\t\t\t<div class=\"e-con-inner\">\n\t\t\t\t<div class=\"elementor-element elementor-element-8c6f404 elementor-widget elementor-widget-spacer\" data-id=\"8c6f404\" data-element_type=\"widget\" data-e-type=\"widget\" data-widget_type=\"spacer.default\">\n\t\t\t\t\t\t\t<div class=\"elementor-spacer\">\n\t\t\t<div class=\"elementor-spacer-inner\"><\/div>\n\t\t<\/div>\n\t\t\t\t\t\t<\/div>\n\t\t\t\t\t<\/div>\n\t\t\t\t<\/div>\n\t\t\t\t<\/div>","protected":false},"excerpt":{"rendered":"<p>Myths &amp; Facts \u2013 What You Should Know about the Inca Trail and Machu Picchu The Inca Trail and the iconic city of Machu Picchu have long captured the imagination of travelers worldwide. While these marvels of the ancient world are well-trodden by adventurers, myths and misconceptions often cloud the truth behind their allure. Let\u2019s delve into some of the most common myths and the facts that set the record straight. Myth 1: Machu Picchu was the \u201cLost City of the Incas\u201d Fact: This is perhaps one of the most persistent myths. Machu Picchu was never truly \u201clost.\u201d Local Andean people knew of its existence long before Hiram Bingham, the American explorer, brought it to the world\u2019s attention in 1911. They referred to it simply as \u201cOld Mountain.\u201d The term \u201cLost City\u201d is romantic but inaccurate; it was more hidden than lost, thanks to its secluded location amidst the cloud forest. Myth 2: The Inca Trail Closes All Year in February Fact: The classic Inca Trail to Machu Picchu indeed closes for maintenance in February due to heavy rainfall which can lead to landslides and trail damage. However, this closure does not extend to Machu Picchu itself, which remains open to visitors. You can still reach the site by train or through alternative hiking routes like the Salkantay Trek. Myth 3: You Need to Be Super Fit to Hike the Inca Trail Fact: While the Inca Trail does require a good level of physical fitness due to its length and altitude, it\u2019s not exclusively for athletes. The trail is considered moderate in difficulty, and many hikers of various fitness levels complete it with the help of porters and guides. It\u2019s more about endurance and mental preparation than sheer athleticism. Preparation, including acclimatization to the altitude, is key. Myth 4: Machu Picchu is Only Accessible by Hiking the Inca Trail Fact: While the Inca Trail is the most famous route, it\u2019s not the only way to reach Machu Picchu. The vast majority of visitors actually arrive by train from Ollantaytambo to Aguas Calientes, followed by a bus or a short hike up to the site. Several alternative treks also exist, like the Lares Trek, Salkantay Trek, or even a day hike from Aguas Calientes. Myth 5: You Can Visit Machu Picchu Without a Permit Fact: For the Inca Trail, yes, you need a permit. These are limited and must be booked in advance, often 6 to 12 months ahead due to high demand. However, for Machu Picchu itself, while you don\u2019t need a special permit, you do need an entrance ticket. These can also sell out, especially for peak times and additional activities like climbing Huayna Picchu or Machu Picchu Mountain. Myth 6: The Inca Trail was Used Only by Royalty Fact: There\u2019s a theory that the trail was a pilgrimage path, possibly used by Incan nobility for religious purposes. However, evidence suggests that it was part of a broader network of roads (Qhapaq \u00d1an) used for various purposes, including military, trade, and communication across the empire. The exclusivity to royalty is more of a romantic notion than a historical fact. Myth 7: Machu Picchu was Abandoned Because of the Spanish Conquest Fact: The reasons for Machu Picchu\u2019s abandonment are still debated among historians. While the Spanish conquest certainly impacted the Inca civilization, Machu Picchu might have been left due to several factors, including possibly an outbreak of smallpox, which decimated the local population, or simply because it served its purpose, like a royal estate or religious site, and was no longer needed. Myth 8: The Incas Used Mortar to Build Their Structures Fact: One of the marvels of Incan architecture is their dry stone masonry, where stones fit together so precisely that no mortar was needed. This technique is evident in both Machu Picchu and along the Inca Trail, showcasing their advanced understanding of engineering and architecture. Conclusion The Inca Trail and Machu Picchu are not just destinations; they are narratives of an ancient civilization\u2019s peak, wrapped in myths that have been woven into their legend. Understanding the facts behind these myths enriches the experience, allowing travelers to appreciate the true history, the engineering marvel, and the natural beauty of these sites. Whether you\u2019re hiking the ancient paths or simply marveling at one of the Seven Wonders of the World, knowing the myths from the facts enhances your journey through Peru\u2019s heart of history.<\/p>","protected":false},"author":1,"featured_media":0,"parent":1088,"menu_order":0,"comment_status":"closed","ping_status":"closed","template":"","meta":{"_eb_attr":"","footnotes":""},"class_list":["post-2334","page","type-page","status-publish","hentry"],"_hostinger_reach_plugin_has_subscription_block":false,"_hostinger_reach_plugin_is_elementor":false,"_links":{"self":[{"href":"https:\/\/apurimacadventures.com\/es\/wp-json\/wp\/v2\/pages\/2334","targetHints":{"allow":["GET"]}}],"collection":[{"href":"https:\/\/apurimacadventures.com\/es\/wp-json\/wp\/v2\/pages"}],"about":[{"href":"https:\/\/apurimacadventures.com\/es\/wp-json\/wp\/v2\/types\/page"}],"author":[{"embeddable":true,"href":"https:\/\/apurimacadventures.com\/es\/wp-json\/wp\/v2\/users\/1"}],"replies":[{"embeddable":true,"href":"https:\/\/apurimacadventures.com\/es\/wp-json\/wp\/v2\/comments?post=2334"}],"version-history":[{"count":21,"href":"https:\/\/apurimacadventures.com\/es\/wp-json\/wp\/v2\/pages\/2334\/revisions"}],"predecessor-version":[{"id":2999,"href":"https:\/\/apurimacadventures.com\/es\/wp-json\/wp\/v2\/pages\/2334\/revisions\/2999"}],"up":[{"embeddable":true,"href":"https:\/\/apurimacadventures.com\/es\/wp-json\/wp\/v2\/pages\/1088"}],"wp:attachment":[{"href":"https:\/\/apurimacadventures.com\/es\/wp-json\/wp\/v2\/media?parent=2334"}],"curies":[{"name":"wp","href":"https:\/\/api.w.org\/{rel}","templated":true}]}}