{"id":2330,"date":"2025-11-09T03:15:52","date_gmt":"2025-11-09T03:15:52","guid":{"rendered":"https:\/\/apurimacadventures.com\/?page_id=2330"},"modified":"2026-03-16T16:52:15","modified_gmt":"2026-03-16T16:52:15","slug":"exploring-choquequirao-unveiling-the-hidden-city-among-the-mountains-in-cusco-peru","status":"publish","type":"page","link":"https:\/\/apurimacadventures.com\/es\/blog\/exploring-choquequirao-unveiling-the-hidden-city-among-the-mountains-in-cusco-peru\/","title":{"rendered":"Explorando Choquequirao: Descubriendo la ciudad oculta entre las monta\u00f1as de Cusco, Per\u00fa."},"content":{"rendered":"<div data-elementor-type=\"wp-page\" data-elementor-id=\"2330\" class=\"elementor elementor-2330\" data-elementor-post-type=\"page\">\n\t\t\t\t<div class=\"elementor-element elementor-element-08fadc6 e-con-full e-flex wpr-particle-no wpr-jarallax-no wpr-parallax-no wpr-sticky-section-no e-con e-parent\" data-id=\"08fadc6\" data-element_type=\"container\" data-e-type=\"container\" data-settings=\"{&quot;background_background&quot;:&quot;classic&quot;}\">\n\t\t\t\t<div class=\"elementor-element elementor-element-5b1bc66 elementor-widget elementor-widget-heading\" data-id=\"5b1bc66\" data-element_type=\"widget\" data-e-type=\"widget\" data-widget_type=\"heading.default\">\n\t\t\t\t\t<h2 class=\"elementor-heading-title elementor-size-default\">Explorando Choquequirao: Descubriendo la ciudad oculta entre las monta\u00f1as de Cusco, Per\u00fa.\n\n\n<\/h2>\t\t\t\t<\/div>\n\t\t<div class=\"elementor-element elementor-element-6648a9e e-con-full e-flex wpr-particle-no wpr-jarallax-no wpr-parallax-no wpr-sticky-section-no e-con e-child\" data-id=\"6648a9e\" data-element_type=\"container\" data-e-type=\"container\" data-settings=\"{&quot;background_background&quot;:&quot;classic&quot;}\">\n\t\t\t\t<\/div>\n\t\t\t\t<\/div>\n\t\t<div class=\"elementor-element elementor-element-8620c99 e-flex e-con-boxed wpr-particle-no wpr-jarallax-no wpr-parallax-no wpr-sticky-section-no e-con e-parent\" data-id=\"8620c99\" data-element_type=\"container\" data-e-type=\"container\">\n\t\t\t\t\t<div class=\"e-con-inner\">\n\t\t<div class=\"elementor-element elementor-element-072449f e-con-full e-flex wpr-particle-no wpr-jarallax-no wpr-parallax-no wpr-sticky-section-no e-con e-child\" data-id=\"072449f\" data-element_type=\"container\" data-e-type=\"container\" data-settings=\"{&quot;background_background&quot;:&quot;classic&quot;}\">\n\t\t\t\t<\/div>\n\t\t\t\t\t<\/div>\n\t\t\t\t<\/div>\n\t\t<div class=\"elementor-element elementor-element-ee7ae78 e-flex e-con-boxed wpr-particle-no wpr-jarallax-no wpr-parallax-no wpr-sticky-section-no e-con e-parent\" data-id=\"ee7ae78\" data-element_type=\"container\" data-e-type=\"container\">\n\t\t\t\t\t<div class=\"e-con-inner\">\n\t\t\t\t<div class=\"elementor-element elementor-element-87582d3 elementor-widget elementor-widget-text-editor\" data-id=\"87582d3\" data-element_type=\"widget\" data-e-type=\"widget\" data-widget_type=\"text-editor.default\">\n\t\t\t\t\t\t\t\t\t<p>Enclavada en el agreste abrazo de la sierra de Vilcabamba, Choquequirao se erige como testimonio del misterio y la grandeza perdurables del Imperio Inca. A menudo denominada la \"hermana sagrada\" de Machu Picchu, Choquequirao invita a los valientes y curiosos a emprender un viaje no solo a trav\u00e9s de los impresionantes paisajes del Per\u00fa, sino tambi\u00e9n a trav\u00e9s del tiempo.<\/p><p><strong>El viaje comienza<\/strong><\/p><p>La aventura a Choquequirao comienza en el peque\u00f1o pueblo de Cachora, a cuatro horas en coche de Cusco. No se trata de una ruta tur\u00edstica com\u00fan; es para quienes buscan una experiencia aut\u00e9ntica lejos de los caminos m\u00e1s transitados. La caminata en s\u00ed es una odisea de varios d\u00edas, que generalmente dura cuatro d\u00edas ida y vuelta, e incluye descensos espectaculares al Ca\u00f1\u00f3n del Apur\u00edmac y ascensos igualmente exigentes de regreso a las ruinas, situadas a 3050 metros sobre el nivel del mar.<\/p><p><strong>La prueba del excursionista<\/strong><\/p><p>La ruta a Choquequirao no es para los pusil\u00e1nimes. Es un desaf\u00edo f\u00edsico y mental que requiere preparaci\u00f3n, tanto en cuanto a condici\u00f3n f\u00edsica como a equipo. El primer d\u00eda descender\u00e1s casi 1500 metros al ca\u00f1\u00f3n, para luego volver a ascender al d\u00eda siguiente. El sendero es accidentado, a veces estrecho, y siempre est\u00e1 rodeado por un panorama impresionante de picos andinos y el profundo y verde valle del r\u00edo Apur\u00edmac.<\/p><p><strong>Choquequirao al descubierto<\/strong><\/p><p>Al llegar a Choquequirao, el esfuerzo del viaje se justifica al instante. El sitio, aunque solo se ha excavado entre un 30 y un 40%, revela un complejo de terrazas, templos y viviendas que evocan la genialidad arquitect\u00f3nica de Machu Picchu. A diferencia de su famoso hermano, Choquequirao ofrece soledad, algo poco com\u00fan en el mundo actual, dominado por el turismo masivo. Aqu\u00ed, es posible que compartas las ruinas con solo un pu\u00f1ado de exploradores, lo que permite una conexi\u00f3n m\u00e1s profunda con el pasado.<\/p><p><strong>Maravillas arquitect\u00f3nicas<\/strong><\/p><p>El trazado de Choquequirao es una lecci\u00f3n magistral de planificaci\u00f3n urbana inca. El \u00e1rea ceremonial principal es un espect\u00e1culo, con estructuras como el Ushnu, una plataforma ovalada a la que se le atribuye un significado religioso, y las Kallankas, grandes salones que posiblemente se utilizaban para reuniones o almacenamiento. Una de las caracter\u00edsticas m\u00e1s llamativas son las Terrazas de las Llamas, donde tallas de piedra blanca crean im\u00e1genes de estos animales sagrados en la ladera de la monta\u00f1a, una maravilla art\u00edstica y agr\u00edcola.<\/p><p><strong>Importancia hist\u00f3rica<\/strong><\/p><p>Aunque gran parte de la historia de Choquequirao permanece envuelta en misterio, se cree que fue un importante centro administrativo y religioso. Algunos historiadores sugieren que fue un \u00faltimo basti\u00f3n durante la resistencia incaica contra los conquistadores espa\u00f1oles. Su ubicaci\u00f3n estrat\u00e9gica entre Cusco y la Amazon\u00eda pudo haber servido como puesto de avanzada o puesto de control para la red de caminos incas.<\/p><p><strong>La experiencia<\/strong><\/p><p>Explorar Choquequirao es una experiencia inmersiva. El silencio es profundo, roto solo por el viento y el canto ocasional de los p\u00e1jaros. No solo visitas ruinas; te adentras en una historia de resiliencia, ingenio y reverencia por la naturaleza de una civilizaci\u00f3n que alguna vez floreci\u00f3 aqu\u00ed. Las vistas desde el sitio, especialmente al amanecer o al atardecer, son simplemente impresionantes, con todo el valle despleg\u00e1ndose ante ti como un anfiteatro natural.<\/p><p><strong>Consideraciones pr\u00e1cticas<\/strong><\/p><p>Mejor \u00e9poca para visitar: Al igual que Machu Picchu, la estaci\u00f3n seca, de abril a octubre, ofrece el mejor clima para practicar senderismo, aunque compartir\u00e1s este secreto con m\u00e1s aventureros a medida que el sitio gane reconocimiento.<br \/>Preparaci\u00f3n: Empaque ropa adecuada para todo tipo de clima, ya que el clima andino puede ser impredecible. Es imprescindible llevar buenas botas de monta\u00f1a, ropa impermeable y remedios para el mal de altura (como hojas de coca o medicamentos).<br \/>Gu\u00edas y porteadores: Se recomienda encarecidamente contratar un gu\u00eda local, no solo para orientarse, sino tambi\u00e9n por el profundo conocimiento que aportan a la traves\u00eda. Los porteadores pueden cargar con el equipaje m\u00e1s pesado, facilitando as\u00ed la caminata.<\/p><p><strong>Conclusi\u00f3n<\/strong><\/p><p>Choquequirao no es un sitio arqueol\u00f3gico cualquiera; es una peregrinaci\u00f3n para quienes buscan la esencia de la historia del Per\u00fa. Ofrece una conexi\u00f3n aut\u00e9ntica y sin filtros con el pasado, rodeado de una naturaleza majestuosa. As\u00ed que, si est\u00e1s dispuesto a cambiar las multitudes de Machu Picchu por la soledad, la comodidad de las instalaciones modernas por el desaf\u00edo de la caminata, Choquequirao te espera para revelarte sus secretos entre las nubes y las monta\u00f1as de Cusco.<\/p>\t\t\t\t\t\t\t\t<\/div>\n\t\t\t\t\t<\/div>\n\t\t\t\t<\/div>\n\t\t<div class=\"elementor-element elementor-element-7f6a557 e-flex e-con-boxed wpr-particle-no wpr-jarallax-no wpr-parallax-no wpr-sticky-section-no e-con e-parent\" data-id=\"7f6a557\" data-element_type=\"container\" data-e-type=\"container\">\n\t\t\t\t\t<div class=\"e-con-inner\">\n\t\t\t\t<div class=\"elementor-element elementor-element-8c6f404 elementor-widget elementor-widget-spacer\" data-id=\"8c6f404\" data-element_type=\"widget\" data-e-type=\"widget\" data-widget_type=\"spacer.default\">\n\t\t\t\t\t\t\t<div class=\"elementor-spacer\">\n\t\t\t<div class=\"elementor-spacer-inner\"><\/div>\n\t\t<\/div>\n\t\t\t\t\t\t<\/div>\n\t\t\t\t\t<\/div>\n\t\t\t\t<\/div>\n\t\t\t\t<\/div>","protected":false},"excerpt":{"rendered":"<p>Exploring Choquequirao: Unveiling the Hidden City Among the Mountains in Cusco Peru Nestled in the rugged embrace of the Vilcabamba mountain range, Choquequirao stands as a testament to the enduring mystery and grandeur of the Incan Empire. Often referred to as the \u201csacred sister\u201d of Machu Picchu, Choquequirao invites the brave and the curious to embark on a journey not just through Peru\u2019s breathtaking landscapes but through time itself. The Journey Begins The adventure to Choquequirao starts from the small village of Cachora, a four-hour drive from Cusco. This isn\u2019t your average tourist route; it\u2019s for those who crave an authentic experience away from the well-trodden paths. The trek itself is a multi-day odyssey, typically taking four days round trip, involving dramatic descents into the Apur\u00edmac Canyon and equally challenging ascents back to the ruins perched at 3,050 meters above sea level. The Trekker\u2019s Trial The trail to Choquequirao is not for the faint-hearted. It\u2019s a physical and mental challenge that requires preparation \u2013 both in terms of fitness and gear. You\u2019ll descend nearly 1,500 meters into the canyon on the first day, only to climb back up on the second. The path is rugged, sometimes narrow, and always surrounded by an awe-inspiring panorama of Andean peaks and the deep, green Apur\u00edmac River valley. Choquequirao Unveiled Upon reaching Choquequirao, the effort of the journey is instantly justified. The site, though only about 30-40% excavated, reveals a complex of terraces, temples, and living quarters that echo the architectural genius of Machu Picchu. Unlike its famous sibling, Choquequirao offers solitude \u2013 a rarity in today\u2019s world of overtourism. Here, you might share the ruins with just a handful of fellow explorers, allowing for a more profound connection with the past. Architectural Wonders Choquequirao\u2019s layout is a masterclass in Incan urban planning. The main ceremonial area is a spectacle, with structures like the Ushnu, an oval-shaped platform believed to have religious significance, and the Kallankas, large halls possibly used for gatherings or storage. One of the most striking features is the Llama Terraces, where white stone carvings create images of these sacred animals on the mountainside, an artistic and agricultural marvel. Historical Significance While much of Choquequirao\u2019s history remains shrouded in mystery, it\u2019s believed to have been an important administrative and religious center. Some historians propose it was a last stronghold during the Inca resistance against Spanish conquistadors. Its strategic location between Cusco and the Amazon might have served as an outpost or a checkpoint for the Inca road system. The Experience Exploring Choquequirao is an immersive experience. The silence is profound, broken only by the wind and the occasional bird call. You\u2019re not just visiting ruins; you\u2019re stepping into a narrative of resilience, ingenuity, and reverence for nature by a civilization that once thrived here. The views from the site, especially at sunrise or sunset, are nothing short of breathtaking, with the entire valley unfolding before you like a natural amphitheater. Practical Considerations Best Time to Visit: Like Machu Picchu, the dry season from April to October offers the best weather for trekking, although you\u2019ll share this secret with more adventurers as the site gains recognition.Preparation: Pack for all weather conditions, as the Andean climate can be unpredictable. Good hiking boots, rain gear, and altitude sickness remedies (like coca leaves or medication) are a must.Guides and Porters: Hiring a local guide is highly recommended not just for navigation but for the depth of knowledge they bring to your journey. Porters can carry your heavier gear, making the trek more manageable. Conclusion Choquequirao isn\u2019t just another archaeological site; it\u2019s a pilgrimage for those who seek the soul of Peru\u2019s history. It offers a raw, unfiltered connection to the past, surrounded by nature at its most majestic. So, if you\u2019re willing to trade the crowds of Machu Picchu for solitude, the comfort of modern amenities for the challenge of the trek, Choquequirao awaits to reveal its secrets among the clouds and the mountains of Cusco.<\/p>","protected":false},"author":1,"featured_media":0,"parent":1088,"menu_order":0,"comment_status":"closed","ping_status":"closed","template":"","meta":{"_eb_attr":"","footnotes":""},"class_list":["post-2330","page","type-page","status-publish","hentry"],"_hostinger_reach_plugin_has_subscription_block":false,"_hostinger_reach_plugin_is_elementor":false,"_links":{"self":[{"href":"https:\/\/apurimacadventures.com\/es\/wp-json\/wp\/v2\/pages\/2330","targetHints":{"allow":["GET"]}}],"collection":[{"href":"https:\/\/apurimacadventures.com\/es\/wp-json\/wp\/v2\/pages"}],"about":[{"href":"https:\/\/apurimacadventures.com\/es\/wp-json\/wp\/v2\/types\/page"}],"author":[{"embeddable":true,"href":"https:\/\/apurimacadventures.com\/es\/wp-json\/wp\/v2\/users\/1"}],"replies":[{"embeddable":true,"href":"https:\/\/apurimacadventures.com\/es\/wp-json\/wp\/v2\/comments?post=2330"}],"version-history":[{"count":15,"href":"https:\/\/apurimacadventures.com\/es\/wp-json\/wp\/v2\/pages\/2330\/revisions"}],"predecessor-version":[{"id":3358,"href":"https:\/\/apurimacadventures.com\/es\/wp-json\/wp\/v2\/pages\/2330\/revisions\/3358"}],"up":[{"embeddable":true,"href":"https:\/\/apurimacadventures.com\/es\/wp-json\/wp\/v2\/pages\/1088"}],"wp:attachment":[{"href":"https:\/\/apurimacadventures.com\/es\/wp-json\/wp\/v2\/media?parent=2330"}],"curies":[{"name":"wp","href":"https:\/\/api.w.org\/{rel}","templated":true}]}}