{"id":2322,"date":"2025-11-09T03:12:07","date_gmt":"2025-11-09T03:12:07","guid":{"rendered":"https:\/\/apurimacadventures.com\/?page_id=2322"},"modified":"2025-12-06T15:25:28","modified_gmt":"2025-12-06T15:25:28","slug":"cual-es-el-mes-ideal-para-visitar-machu-picchu-en-peru","status":"publish","type":"page","link":"https:\/\/apurimacadventures.com\/es\/blog\/when-is-the-ideal-month-to-visit-machu-picchu-in-peru\/","title":{"rendered":"\u00bfCu\u00e1l es el mes ideal para visitar Machu Picchu en Per\u00fa?"},"content":{"rendered":"<div data-elementor-type=\"wp-page\" data-elementor-id=\"2322\" class=\"elementor elementor-2322\" data-elementor-post-type=\"page\">\n\t\t\t\t<div class=\"elementor-element elementor-element-08fadc6 e-con-full e-flex wpr-particle-no wpr-jarallax-no wpr-parallax-no wpr-sticky-section-no e-con e-parent\" data-id=\"08fadc6\" data-element_type=\"container\" data-e-type=\"container\" data-settings=\"{&quot;background_background&quot;:&quot;classic&quot;}\">\n\t\t\t\t<div class=\"elementor-element elementor-element-5b1bc66 elementor-widget elementor-widget-heading\" data-id=\"5b1bc66\" data-element_type=\"widget\" data-e-type=\"widget\" data-widget_type=\"heading.default\">\n\t\t\t\t\t<h2 class=\"elementor-heading-title elementor-size-default\">\u00bfCu\u00e1l es el mes ideal para visitar Machu Picchu en Per\u00fa?\n\n<\/h2>\t\t\t\t<\/div>\n\t\t<div class=\"elementor-element elementor-element-6648a9e e-con-full e-flex wpr-particle-no wpr-jarallax-no wpr-parallax-no wpr-sticky-section-no e-con e-child\" data-id=\"6648a9e\" data-element_type=\"container\" data-e-type=\"container\" data-settings=\"{&quot;background_background&quot;:&quot;classic&quot;}\">\n\t\t\t\t<\/div>\n\t\t\t\t<\/div>\n\t\t<div class=\"elementor-element elementor-element-8620c99 e-flex e-con-boxed wpr-particle-no wpr-jarallax-no wpr-parallax-no wpr-sticky-section-no e-con e-parent\" data-id=\"8620c99\" data-element_type=\"container\" data-e-type=\"container\">\n\t\t\t\t\t<div class=\"e-con-inner\">\n\t\t<div class=\"elementor-element elementor-element-072449f e-con-full e-flex wpr-particle-no wpr-jarallax-no wpr-parallax-no wpr-sticky-section-no e-con e-child\" data-id=\"072449f\" data-element_type=\"container\" data-e-type=\"container\" data-settings=\"{&quot;background_background&quot;:&quot;classic&quot;}\">\n\t\t\t\t<\/div>\n\t\t\t\t\t<\/div>\n\t\t\t\t<\/div>\n\t\t<div class=\"elementor-element elementor-element-7f6a557 e-flex e-con-boxed wpr-particle-no wpr-jarallax-no wpr-parallax-no wpr-sticky-section-no e-con e-parent\" data-id=\"7f6a557\" data-element_type=\"container\" data-e-type=\"container\">\n\t\t\t\t\t<div class=\"e-con-inner\">\n\t\t<div class=\"elementor-element elementor-element-9c2faf9 e-con-full e-flex wpr-particle-no wpr-jarallax-no wpr-parallax-no wpr-sticky-section-no e-con e-child\" data-id=\"9c2faf9\" data-element_type=\"container\" data-e-type=\"container\">\n\t\t<div class=\"elementor-element elementor-element-a24f8a7 e-con-full e-flex wpr-particle-no wpr-jarallax-no wpr-parallax-no wpr-sticky-section-no e-con e-child\" data-id=\"a24f8a7\" data-element_type=\"container\" data-e-type=\"container\">\n\t\t\t\t<div class=\"elementor-element elementor-element-c3bdbcb elementor-widget elementor-widget-text-editor\" data-id=\"c3bdbcb\" data-element_type=\"widget\" data-e-type=\"widget\" data-widget_type=\"text-editor.default\">\n\t\t\t\t\t\t\t\t\t<p>Ah, Machu Picchu, la ciudad perdida de los incas, donde las piedras susurran historias de gloria antigua y las nubes juegan al escondite con la historia. Pero vayamos al grano, o mejor dicho, a la caminata: \u00bfcu\u00e1l es la mejor \u00e9poca para visitar esta maravilla del mundo sin empaparse, quemarse con el sol o perderse entre un mar de palos para selfies?<\/p><p><strong>La temporada seca: tu mejor apuesta<\/strong><\/p><p>Si prefieres el sol a la lluvia, los meses ideales para visitar Machu Picchu son entre mayo y septiembre. Durante este periodo, conocido como la estaci\u00f3n seca, el clima es m\u00e1s favorable tanto para excursionistas como para turistas. El cielo suele estar despejado, ofreciendo vistas impresionantes de la ciudadela enclavada en los Andes.<\/p><p><strong>Vamos a desglosarlo mes a mes:<\/strong><\/p><p><strong>Puede:<\/strong> \u00a1Ah, el comienzo de la estaci\u00f3n seca! El paisaje est\u00e1 exuberante gracias a las lluvias de los meses anteriores, pero es menos probable que te sorprenda un aguacero. Las temperaturas rondan los agradables 12 \u00b0C a 24 \u00b0C. Es el momento perfecto antes de que empiece la temporada alta, as\u00ed que tambi\u00e9n podr\u00edas evitar las multitudes.<br \/><strong>Junio:<\/strong> Se acerca la temporada alta de turismo, gracias a las celebraciones del solsticio de invierno y al deslumbrante festival Inti Raymi. El clima sigue siendo espl\u00e9ndido, pero prep\u00e1rate para compartir la vista con miles de tus amigos m\u00e1s cercanos de todo el mundo.<br \/><strong>Julio:<\/strong> Julio es el mes con m\u00e1s afluencia tur\u00edstica, debido a las vacaciones escolares en el hemisferio norte. Si buscas tranquilidad, quiz\u00e1s deber\u00edas reconsiderarlo. Pero si no te importan las multitudes y quieres disfrutar del mejor clima, julio es tu mes. Los d\u00edas son soleados, pero las noches pueden ser frescas, as\u00ed que lleva ropa de abrigo.<br \/><strong>Agosto:<\/strong> Aunque sigue habiendo mucha gente, el tiempo contin\u00faa acompa\u00f1\u00e1ndote. En esta \u00e9poca, el sol parece estar de parte de la oficina de turismo, ofreciendo vistas despejadas de las monta\u00f1as circundantes.<br \/><strong>Septiembre:<\/strong> La afluencia de gente comienza a disminuir, lo que indica el final de la temporada alta. El clima sigue siendo favorable y, adem\u00e1s, se disfruta de Machu Picchu con menos gente. Es como tener lo mejor de ambos mundos.<\/p><p><strong>Las temporadas de transici\u00f3n: un compromiso<\/strong><\/p><p><strong>Si no te apetece competir por un sitio junto a la Puerta del Sol, considera las temporadas intermedias:<\/strong><\/p><p>Abril y octubre: Estos meses son ideales para quienes buscan un punto intermedio. Abril marca el final de la temporada de lluvias, ofreciendo paisajes verdes y menos turistas, mientras que octubre se encuentra al final de la estaci\u00f3n seca, con buen clima y menos gente. Ambos meses son excelentes para quienes disfrutan de la aventura con un toque de tranquilidad.<br \/>La temporada de lluvias: para valientes o para pobres<\/p><p><strong>Ahora hablemos de la temporada de lluvias, de noviembre a marzo:<\/strong><\/p><p>De noviembre a marzo: Si no te molesta un poco de llovizna o si tu presupuesto te obliga a viajar cuando nadie lo hace, estos meses podr\u00edan ser ideales. La lluvia puede ser intensa, pero suele ser breve, lo que te deja el resto del d\u00eda para explorar. \u00bfLa ventaja? Menos turistas, lo que significa que puedes disfrutar de Machu Picchu con relativa tranquilidad, e incluso tener uno o dos templos para ti solo por un momento. Solo aseg\u00farate de llevar una buena chaqueta impermeable y botas resistentes al agua.<br \/>Febrero: Menci\u00f3n especial merece porque es cuando el Camino Inca cierra oficialmente por mantenimiento. Si ten\u00edas pensado hacer la caminata, tendr\u00e1s que buscar rutas alternativas o esperar. Sin embargo, Machu Picchu permanece abierto, as\u00ed que si llegas en tren, no tendr\u00e1s ning\u00fan problema.<\/p><p><strong>Reflexiones finales<\/strong><\/p><p>Elegir la mejor \u00e9poca para visitar Machu Picchu depende en gran medida de tus preferencias en cuanto al clima y la cantidad de gente. Si los cielos despejados y los caminos secos son imprescindibles, lo ideal es ir entre mayo y septiembre. Si quieres ahorrar dinero y no te importa jugar al escondite con las nubes, la temporada de lluvias podr\u00eda sorprenderte con su propio encanto.<\/p><p>Recuerda que, sin importar la \u00e9poca del a\u00f1o en que vayas, Machu Picchu es un lugar donde el tiempo parece haberse detenido para tomar una foto. As\u00ed que, ya sea que est\u00e9s esquivando gotas de lluvia o tomando el sol con millones de personas, te espera una experiencia que, al igual que la civilizaci\u00f3n inca, es atemporal.<\/p><p>Aseg\u00farate de que tu c\u00e1mara no se moje, o podr\u00edas terminar con un recuerdo borroso de uno de los paisajes m\u00e1s impresionantes del planeta. \u00a1Buen viaje y que tus aventuras sean tan \u00e9picas como las leyendas de los incas!<\/p>\t\t\t\t\t\t\t\t<\/div>\n\t\t\t\t<\/div>\n\t\t<div class=\"elementor-element elementor-element-60b649c e-con-full e-flex wpr-particle-no wpr-jarallax-no wpr-parallax-no wpr-sticky-section-no e-con e-child\" data-id=\"60b649c\" data-element_type=\"container\" data-e-type=\"container\">\n\t\t\t\t<div class=\"elementor-element elementor-element-ff91755 elementor-widget elementor-widget-spacer\" data-id=\"ff91755\" data-element_type=\"widget\" data-e-type=\"widget\" data-widget_type=\"spacer.default\">\n\t\t\t\t\t\t\t<div class=\"elementor-spacer\">\n\t\t\t<div class=\"elementor-spacer-inner\"><\/div>\n\t\t<\/div>\n\t\t\t\t\t\t<\/div>\n\t\t\t\t<\/div>\n\t\t\t\t<\/div>\n\t\t\t\t\t<\/div>\n\t\t\t\t<\/div>\n\t\t\t\t<\/div>","protected":false},"excerpt":{"rendered":"<p>When is the ideal month to visit Machu Picchu in Peru? Ah, Machu Picchu, the lost city of the Incas, where the stones whisper tales of ancient glory, and the clouds play peek-a-boo with history. But let\u2019s cut to the chase, or rather, to the trek: when\u2019s the best time to visit this wonder of the world without getting drenched, sunburnt, or lost in a sea of selfie sticks? The Dry Season: Your Best Bet The ideal months to visit Machu Picchu, if you\u2019re a fan of the sun rather than the rain, are between May and September. This period, known as the dry season, is when the weather gods are kindest to trekkers and tourists alike. The skies are generally clear, offering stunning views of the citadel nestled among the Andes. Let\u2019s break it down month by month: May: Ah, the start of the dry season! The landscape is lush from the previous months\u2019 rains, but you\u2019re less likely to be caught in a downpour. Temperatures hover around a comfortable 12\u00b0C to 24\u00b0C. It\u2019s a sweet spot before the high season kicks in, so you might dodge some of the crowds too.June: Here comes the onset of peak tourist season, thanks to the winter solstice celebrations and the dazzling Inti Raymi festival. The weather is still glorious, but prepare to share your view with a few thousand of your closest friends from around the globe.July: The busiest month, thanks to the school holidays in the Northern Hemisphere. If you\u2019re after solitude, maybe reconsider. But if you\u2019re okay with crowds and want the best weather, July\u2019s your month. The days are sunny, but nights can get chilly, so pack layers.August: Still crowded, but the weather continues to be on your side. This is the time when the sun seems to be in cahoots with the tourism board, offering clear views of the surrounding mountains.September: The crowds start to thin out, signaling the end of the peak season. The weather remains favorable, and you get the bonus of enjoying Machu Picchu with a bit less human traffic. It\u2019s like having the best of both worlds. The Shoulder Seasons: A Compromise If you\u2019re not keen on battling for a spot next to the Sun Gate, consider the shoulder seasons: April and October: These months are your middle ground. April is just drying out from the wet season, offering green landscapes and fewer tourists, while October is at the tail end of the dry season, providing good weather but with dwindling crowds. Both are excellent for those who like their adventures with a side of solitude.The Rainy Season: For the Brave or the Broke Now, let\u2019s talk about the rainy season, from November to March: November through March: If you\u2019re not fazed by a bit of drizzle or if your budget demands you travel when everyone else doesn\u2019t, these months could work. Rain can be heavy, but it often comes in short bursts, leaving the rest of the day for exploration. The upside? Fewer tourists, which means you can enjoy Machu Picchu in relative peace, perhaps even having a temple or two all to yourself for a moment. Just pack a good rain jacket and waterproof boots.February: A special mention because this is when the Inca Trail officially closes for maintenance. If you were planning on hiking, you\u2019ll need to look at alternative routes or wait it out. However, Machu Picchu itself remains open, so if you\u2019re arriving by train, you\u2019re golden. Final Thoughts Choosing when to visit Machu Picchu largely depends on your preference for weather versus crowd levels. If clear skies and dry paths are non-negotiable, aim for May to September. If you\u2019re looking to save some coin and don\u2019t mind playing hide and seek with the clouds, the rainy season might just surprise you with its own kind of magic. Remember, no matter when you go, Machu Picchu is a place where time seems to have paused for a photo op. So, whether you\u2019re dodging raindrops or sunbathing with a million others, you\u2019re in for an experience that, like the Inca civilization itself, is timeless. Just make sure your camera doesn\u2019t get wet, or you might end up with a blurry memory of one of the greatest sights on Earth. Safe travels, and may your adventures be as epic as the tales of the Incas!<\/p>","protected":false},"author":1,"featured_media":0,"parent":1088,"menu_order":0,"comment_status":"closed","ping_status":"closed","template":"","meta":{"_eb_attr":"","footnotes":""},"class_list":["post-2322","page","type-page","status-publish","hentry"],"_hostinger_reach_plugin_has_subscription_block":false,"_hostinger_reach_plugin_is_elementor":false,"_links":{"self":[{"href":"https:\/\/apurimacadventures.com\/es\/wp-json\/wp\/v2\/pages\/2322","targetHints":{"allow":["GET"]}}],"collection":[{"href":"https:\/\/apurimacadventures.com\/es\/wp-json\/wp\/v2\/pages"}],"about":[{"href":"https:\/\/apurimacadventures.com\/es\/wp-json\/wp\/v2\/types\/page"}],"author":[{"embeddable":true,"href":"https:\/\/apurimacadventures.com\/es\/wp-json\/wp\/v2\/users\/1"}],"replies":[{"embeddable":true,"href":"https:\/\/apurimacadventures.com\/es\/wp-json\/wp\/v2\/comments?post=2322"}],"version-history":[{"count":21,"href":"https:\/\/apurimacadventures.com\/es\/wp-json\/wp\/v2\/pages\/2322\/revisions"}],"predecessor-version":[{"id":3005,"href":"https:\/\/apurimacadventures.com\/es\/wp-json\/wp\/v2\/pages\/2322\/revisions\/3005"}],"up":[{"embeddable":true,"href":"https:\/\/apurimacadventures.com\/es\/wp-json\/wp\/v2\/pages\/1088"}],"wp:attachment":[{"href":"https:\/\/apurimacadventures.com\/es\/wp-json\/wp\/v2\/media?parent=2322"}],"curies":[{"name":"wp","href":"https:\/\/api.w.org\/{rel}","templated":true}]}}