{"id":2295,"date":"2025-11-09T02:59:07","date_gmt":"2025-11-09T02:59:07","guid":{"rendered":"https:\/\/apurimacadventures.com\/?page_id=2295"},"modified":"2026-03-06T04:39:03","modified_gmt":"2026-03-06T04:39:03","slug":"caminata-corta-por-el-camino-inca-a-machu-picchu-en-1-dia-con-circuito-2","status":"publish","type":"page","link":"https:\/\/apurimacadventures.com\/es\/short-inca-trail-hike-to-machupicchu-1-day-with-circuit-2\/","title":{"rendered":"Excursi\u00f3n corta por el Camino Inca a Machu Picchu (1 d\u00eda) con circuito 2"},"content":{"rendered":"<div data-elementor-type=\"wp-page\" data-elementor-id=\"2295\" class=\"elementor elementor-2295\" data-elementor-post-type=\"page\">\n\t\t\t\t<div class=\"elementor-element elementor-element-08fadc6 e-con-full e-flex wpr-particle-no wpr-jarallax-no wpr-parallax-no wpr-sticky-section-no e-con e-parent\" data-id=\"08fadc6\" data-element_type=\"container\" data-e-type=\"container\" data-settings=\"{&quot;background_background&quot;:&quot;classic&quot;}\">\n\t\t\t\t<div class=\"elementor-element elementor-element-5b1bc66 elementor-widget elementor-widget-heading\" data-id=\"5b1bc66\" data-element_type=\"widget\" data-e-type=\"widget\" data-widget_type=\"heading.default\">\n\t\t\t\t\t<h2 class=\"elementor-heading-title elementor-size-default\">Excursi\u00f3n corta por el Camino Inca a Machu Picchu (1 d\u00eda) con circuito 2\n\n\n\n<\/h2>\t\t\t\t<\/div>\n\t\t<div class=\"elementor-element elementor-element-6648a9e e-con-full e-flex wpr-particle-no wpr-jarallax-no wpr-parallax-no wpr-sticky-section-no e-con e-child\" data-id=\"6648a9e\" data-element_type=\"container\" data-e-type=\"container\" data-settings=\"{&quot;background_background&quot;:&quot;classic&quot;}\">\n\t\t\t\t<\/div>\n\t\t\t\t<\/div>\n\t\t<div class=\"elementor-element elementor-element-8620c99 e-flex e-con-boxed wpr-particle-no wpr-jarallax-no wpr-parallax-no wpr-sticky-section-no e-con e-parent\" data-id=\"8620c99\" data-element_type=\"container\" data-e-type=\"container\">\n\t\t\t\t\t<div class=\"e-con-inner\">\n\t\t\t\t<div class=\"elementor-element elementor-element-61ae41f elementor-widget__width-initial elementor-widget elementor-widget-text-editor\" data-id=\"61ae41f\" data-element_type=\"widget\" data-e-type=\"widget\" data-widget_type=\"text-editor.default\">\n\t\t\t\t\t\t\t\t\t<div id=\"u47967-4\" class=\"clearfix colelem shared_content\" data-muse-uid=\"U47967\" data-muse-type=\"txt_frame\" data-ibe-flags=\"txtStyleSrc\" data-sizepolicy=\"fixed\" data-pintopage=\"page_fixedCenter\" data-content-guid=\"u47967-4_content\"><p><strong>DESCRIPCI\u00d3N:<\/strong><\/p><div id=\"u67744-6\" class=\"clearfix colelem shared_content\" data-muse-uid=\"U67744\" data-muse-type=\"txt_frame\" data-ibe-flags=\"txtStyleSrc\" data-sizepolicy=\"fixed\" data-pintopage=\"page_fixedCenter\" data-content-guid=\"u67744-6_content\"><p>Recorre el Camino Inca en un d\u00eda y visita la ciudad perdida de los incas, Machu Picchu, el mismo d\u00eda. El sendero es rico en historia, ofrece impresionantes vistas de las monta\u00f1as, una vegetaci\u00f3n exuberante y un clima tropical.<\/p><p>Recorrer\u00e1s la mejor ruta inca y llegar\u00e1s a Machu Picchu a trav\u00e9s de la Puerta del Sol para disfrutar de la espectacular vista panor\u00e1mica de esta m\u00e1gica ciudad inca. Una vez en la ciudadela, disfrutar\u00e1s de una visita guiada privada por esta antigua ciudad inca.<\/p><\/div><\/div>\t\t\t\t\t\t\t\t<\/div>\n\t\t\t\t<div class=\"elementor-element elementor-element-84f5a8a e-n-tabs-mobile elementor-widget elementor-widget-n-tabs\" data-id=\"84f5a8a\" data-element_type=\"widget\" data-e-type=\"widget\" data-settings=\"{&quot;_animation&quot;:&quot;none&quot;,&quot;tabs_justify_horizontal&quot;:&quot;stretch&quot;,&quot;horizontal_scroll&quot;:&quot;disable&quot;}\" data-widget_type=\"nested-tabs.default\">\n\t\t\t\t\t\t\t<div class=\"e-n-tabs\" data-widget-number=\"139418250\" aria-label=\"Pesta\u00f1as. Abre elementos con Intro o Espacio, ci\u00e9rralos con Escape y navega con las fechas.\">\n\t\t\t<div class=\"e-n-tabs-heading\" role=\"tablist\">\n\t\t\t\t\t<button id=\"e-n-tab-title-1394182501\" data-tab-title-id=\"e-n-tab-title-1394182501\" class=\"e-n-tab-title\" aria-selected=\"true\" data-tab-index=\"1\" role=\"tab\" tabindex=\"0\" aria-controls=\"e-n-tab-content-1394182501\" style=\"--n-tabs-title-order: 1;\">\n\t\t\t\t\t\t<span class=\"e-n-tab-title-text\">\n\t\t\t\tDescripci\u00f3n general\t\t\t<\/span>\n\t\t<\/button>\n\t\t\t\t<button id=\"e-n-tab-title-1394182502\" data-tab-title-id=\"e-n-tab-title-1394182502\" class=\"e-n-tab-title\" aria-selected=\"false\" data-tab-index=\"2\" role=\"tab\" tabindex=\"-1\" aria-controls=\"e-n-tab-content-1394182502\" style=\"--n-tabs-title-order: 2;\">\n\t\t\t\t\t\t<span class=\"e-n-tab-title-text\">\n\t\t\t\tItinerario\t\t\t<\/span>\n\t\t<\/button>\n\t\t\t\t<button id=\"e-n-tab-title-1394182503\" data-tab-title-id=\"e-n-tab-title-1394182503\" class=\"e-n-tab-title\" aria-selected=\"false\" data-tab-index=\"3\" role=\"tab\" tabindex=\"-1\" aria-controls=\"e-n-tab-content-1394182503\" style=\"--n-tabs-title-order: 3;\">\n\t\t\t\t\t\t<span class=\"e-n-tab-title-text\">\n\t\t\t\tIncluido\t\t\t<\/span>\n\t\t<\/button>\n\t\t\t\t<button id=\"e-n-tab-title-1394182504\" data-tab-title-id=\"e-n-tab-title-1394182504\" class=\"e-n-tab-title\" aria-selected=\"false\" data-tab-index=\"4\" role=\"tab\" tabindex=\"-1\" aria-controls=\"e-n-tab-content-1394182504\" style=\"--n-tabs-title-order: 4;\">\n\t\t\t\t\t\t<span class=\"e-n-tab-title-text\">\n\t\t\t\tPrecios\t\t\t<\/span>\n\t\t<\/button>\n\t\t\t\t\t<\/div>\n\t\t\t<div class=\"e-n-tabs-content\">\n\t\t\t\t<div id=\"e-n-tab-content-1394182501\" role=\"tabpanel\" aria-labelledby=\"e-n-tab-title-1394182501\" data-tab-index=\"1\" style=\"--n-tabs-title-order: 1;\" class=\"e-active elementor-element elementor-element-94e590d e-con-full e-flex wpr-particle-no wpr-jarallax-no wpr-parallax-no wpr-sticky-section-no e-con e-child\" data-id=\"94e590d\" data-element_type=\"container\" data-e-type=\"container\">\n\t\t<div class=\"elementor-element elementor-element-2d751ac e-con-full animated-slow e-flex wpr-particle-no wpr-jarallax-no wpr-parallax-no wpr-sticky-section-no elementor-invisible e-con e-child\" data-id=\"2d751ac\" data-element_type=\"container\" data-e-type=\"container\" data-settings=\"{&quot;background_background&quot;:&quot;classic&quot;,&quot;animation&quot;:&quot;fadeIn&quot;}\">\n\t\t\t\t<\/div>\n\t\t\t\t<div class=\"elementor-element elementor-element-5d20cd5 elementor-widget__width-initial elementor-widget elementor-widget-text-editor\" data-id=\"5d20cd5\" data-element_type=\"widget\" data-e-type=\"widget\" data-widget_type=\"text-editor.default\">\n\t\t\t\t\t\t\t\t\t<p id=\"u67693-2\"><strong>D\u00eda 1: Cusco \u2013 Kil\u00f3metro 104 \u2013 Aguas Calientes. Cuzco<\/strong><\/p><ul id=\"u67693-25\" class=\"list0 nls-None\"><li id=\"u67693-6\"><span id=\"u67693-4\">Ganancia de elevaci\u00f3n:<\/span>\u00a0695 m \/ 1683 pies<\/li><li id=\"u67693-9\"><span id=\"u67693-7\">Elevaci\u00f3n suelta:<\/span>\u00a0391 m \/ 820 pies<\/li><li id=\"u67693-12\"><span id=\"u67693-10\">Reflejos:<\/span>\u00a0Camina por el Camino Inca original, visita las ruinas de Wi\u00f1aywayna.<\/li><li id=\"u67693-15\"><span id=\"u67693-13\">A poca distancia a pie:\u00a0<\/span>15 km \/ 9,32 millas<\/li><li id=\"u67693-18\"><span id=\"u67693-16\">Elevaci\u00f3n del inicio del sendero:\u00a0<\/span>2000 m \/ 6561 pies<\/li><li id=\"u67693-21\"><span id=\"u67693-19\">Punto m\u00e1s alto:\u00a0<\/span>2720 m\/8923 pies<\/li><li id=\"u67693-24\"><span id=\"u67693-22\">Clima:\u00a0<\/span>Caluroso y h\u00famedo<\/li><\/ul>\t\t\t\t\t\t\t\t<\/div>\n\t\t\t\t<\/div>\n\t\t<div id=\"e-n-tab-content-1394182502\" role=\"tabpanel\" aria-labelledby=\"e-n-tab-title-1394182502\" data-tab-index=\"2\" style=\"--n-tabs-title-order: 2;\" class=\"elementor-element elementor-element-2d5725f e-con-full e-flex wpr-particle-no wpr-jarallax-no wpr-parallax-no wpr-sticky-section-no e-con e-child\" data-id=\"2d5725f\" data-element_type=\"container\" data-e-type=\"container\">\n\t\t<div class=\"elementor-element elementor-element-2df2eb8 e-con-full animated-slow e-flex wpr-particle-no wpr-jarallax-no wpr-parallax-no wpr-sticky-section-no elementor-invisible e-con e-child\" data-id=\"2df2eb8\" data-element_type=\"container\" data-e-type=\"container\" data-settings=\"{&quot;background_background&quot;:&quot;classic&quot;,&quot;animation&quot;:&quot;fadeIn&quot;}\">\n\t\t\t\t<\/div>\n\t\t\t\t<div class=\"elementor-element elementor-element-5462b0a elementor-widget__width-initial elementor-widget elementor-widget-text-editor\" data-id=\"5462b0a\" data-element_type=\"widget\" data-e-type=\"widget\" data-widget_type=\"text-editor.default\">\n\t\t\t\t\t\t\t\t\t<p id=\"u67689-2\"><strong>Itinerario \u2013 Caminata corta por el Camino Inca a Machu Picchu 1 d\u00eda con circuito 2<\/strong><\/p><p id=\"u67689-5\">Saldremos de Cusco a las 4:00 a. m. para comenzar el Camino Inca de un d\u00eda. Conduciremos durante aproximadamente una hora y media hasta Ollantaytambo, donde tomaremos nuestro tren hasta el kil\u00f3metro 104, donde comienza nuestra caminata. Nuestra caminata de hoy nos lleva por el tramo m\u00e1s maravilloso del Camino Inca Cl\u00e1sico de 4 d\u00edas. Visitaremos hermosos sitios incas, veremos una variedad de flora y fauna, y podremos contemplar los impresionantes panoramas de los Andes. Caminando 10 km del sendero, nuestra caminata comienza en el Valle Sagrado y asciende por un camino inca pavimentado hasta el sitio arqueol\u00f3gico de Wi\u00f1ay Wayna antes de continuar hacia Machu Picchu a trav\u00e9s de la Puerta del Sol (Inti Punku). Despu\u00e9s de visitar Wi\u00f1ay Wayna, tendremos nuestro almuerzo para llevar.<\/p><p id=\"u67689-7\">Despu\u00e9s de disfrutar de nuestra comida, haremos una caminata a trav\u00e9s del frondoso y verde bosque nuboso que cubre la monta\u00f1a y podremos observar una gran variedad de plantas, flores, orqu\u00eddeas y aves a lo largo del camino.<\/p><p id=\"u67689-9\">Tras cinco horas de caminata, llegaremos por la tarde a la Puerta del Sol (Inti Punku), donde disfrutaremos de nuestra primera vista impresionante de Machu Picchu, enclavada en la cresta de la monta\u00f1a. Despu\u00e9s de cruzar la Puerta del Sol, continuaremos la caminata durante unos 45 minutos hasta llegar a Machu Picchu. Una vez all\u00ed, exploraremos la parte alta, deteni\u00e9ndonos en tres miradores panor\u00e1micos para tomar fotos ic\u00f3nicas del sitio. La ventaja es que estos lugares suelen estar menos concurridos, lo que permite una experiencia m\u00e1s tranquila.<\/p><p id=\"u67689-12\">Despu\u00e9s, saldremos brevemente de Machu Picchu para registrarnos y usar los ba\u00f1os. Regresaremos alrededor de las 15:00 para una visita guiada de dos horas por el Circuito 2 o 3. Este recorrido abarca las zonas m\u00e1s importantes de Machu Picchu, incluyendo varios templos clave. A las 17:00, tomaremos un autob\u00fas a Aguas Calientes para cenar. Luego, abordaremos el tren de las 18:20 de regreso a Ollantaytambo, donde nuestro transporte nos llevar\u00e1 de vuelta a Cusco. Los dejaremos en su hotel alrededor de las 21:30.<\/p>\t\t\t\t\t\t\t\t<\/div>\n\t\t\t\t<\/div>\n\t\t<div id=\"e-n-tab-content-1394182503\" role=\"tabpanel\" aria-labelledby=\"e-n-tab-title-1394182503\" data-tab-index=\"3\" style=\"--n-tabs-title-order: 3;\" class=\"elementor-element elementor-element-7c01974 e-con-full e-flex wpr-particle-no wpr-jarallax-no wpr-parallax-no wpr-sticky-section-no e-con e-child\" data-id=\"7c01974\" data-element_type=\"container\" data-e-type=\"container\">\n\t\t<div class=\"elementor-element elementor-element-cf848f1 e-con-full animated-slow e-flex wpr-particle-no wpr-jarallax-no wpr-parallax-no wpr-sticky-section-no elementor-invisible e-con e-child\" data-id=\"cf848f1\" data-element_type=\"container\" data-e-type=\"container\" data-settings=\"{&quot;background_background&quot;:&quot;classic&quot;,&quot;animation&quot;:&quot;fadeIn&quot;}\">\n\t\t\t\t<\/div>\n\t\t\t\t<div class=\"elementor-element elementor-element-8872907 elementor-widget__width-initial elementor-widget elementor-widget-text-editor\" data-id=\"8872907\" data-element_type=\"widget\" data-e-type=\"widget\" data-widget_type=\"text-editor.default\">\n\t\t\t\t\t\t\t\t\t<div id=\"pu1093\" class=\"clearfix grpelem\"><div id=\"tab-panelu67686\" class=\"TabbedPanelsWidget clearfix colelem\" role=\"tablist\" data-sizepolicy=\"fixed\" data-pintopage=\"page_fixedCenter\"><div id=\"u67687\" class=\"TabbedPanelsContentGroup clearfix colelem\"><div id=\"u67698\" class=\"TabbedPanelsContent clearfix grpelem TabbedPanelsContentVisible\" role=\"tabpanel\" aria-labelledby=\"u67715\"><div id=\"u67699-78\" class=\"clearfix grpelem\" data-muse-uid=\"U67699\" data-muse-type=\"txt_frame\" data-ibe-flags=\"txtStyleSrc\" data-sizepolicy=\"fixed\" data-pintopage=\"page_fixedCenter\"><p id=\"u67699-5\"><strong>Servicio incluido:<\/strong><\/p><ul id=\"u67699-32\" class=\"list0 nls-None\"><li id=\"u67699-9\">Reuni\u00f3n informativa previa a la salida del Camino Inca el d\u00eda anterior<\/li><li id=\"u67699-11\">Gu\u00eda tur\u00edstico de habla inglesa.<\/li><li id=\"u67699-13\">Billete de tren para su gu\u00eda hasta el km 104 (punto de partida).<\/li><li id=\"u67699-15\">Visita guiada de dos horas en Machu Picchu.<\/li><li id=\"u67699-17\">Permisos para el Camino Inca y boleto para el circuito 2 o circuito 3 de Machu Picchu (seg\u00fan disponibilidad).<\/li><li id=\"u67699-19\">Billete de tren de Expeditions desde Ollantaytambo hasta el kil\u00f3metro 104 (punto de partida).<\/li><li id=\"u67699-21\">Tren de regreso \u201cExpediciones\u201d (18:20) a Ollantaytambo.<\/li><li id=\"u67699-23\">Transporte privado desde\/hacia la estaci\u00f3n de tren a Cusco.<\/li><li id=\"u67699-25\">Botella de ox\u00edgeno de emergencia y botiqu\u00edn de primeros auxilios.<\/li><li id=\"u67699-27\">Boleto de autob\u00fas de Machu Picchu a Aguas Calientes.<\/li><li id=\"u67699-29\">Servicio de comidas (1 almuerzo para llevar). Con opciones para vegetarianos, personas con intolerancia al gluten, intolerancia a la lactosa y cualquier alergia alimentaria.<\/li><\/ul><p id=\"u67699-35\"><strong>Lo que no est\u00e1 incluido<\/strong><\/p><ul id=\"u67699-44\" class=\"list0 nls-None\"><li id=\"u67699-37\">Consejos<\/li><li id=\"u67699-39\">Cena en Aguas Calientes.<\/li><li id=\"u67699-41\">Bebidas<\/li><li id=\"u67699-43\">Aperitivos<\/li><\/ul><p id=\"u67699-47\"><strong>Lo que necesitas llevar:<\/strong><\/p><ul id=\"u67699-76\" class=\"list0 nls-None\"><li id=\"u67699-49\">Pasaporte original<\/li><li id=\"u67699-51\">Tarjeta de estudiante (si eres estudiante, reserva como estudiante y obt\u00e9n tu descuento).<\/li><li id=\"u67699-53\">Agua<\/li><li id=\"u67699-55\">Botas de senderismo<\/li><li id=\"u67699-57\">Chaqueta impermeable \/ poncho para la lluvia<\/li><li id=\"u67699-59\">camisetas<\/li><li id=\"u67699-61\">Pantalones c\u00f3modos<\/li><li id=\"u67699-63\">sombrero para el sol<\/li><li id=\"u67699-65\">Crema solar (factor 35 o superior)<\/li><li id=\"u67699-67\">Repelente de insectos<\/li><li id=\"u67699-69\">Art\u00edculos de aseo personal y desinfectante de manos<\/li><li id=\"u67699-71\">Medicamentos personales<\/li><li id=\"u67699-73\">C\u00e1mara y pel\u00edcula<\/li><li id=\"u67699-75\">DNI \/ Pasaporte original<\/li><\/ul><\/div><\/div><\/div><\/div><\/div><p id=\"u48002-2\">\u00a0<\/p>\t\t\t\t\t\t\t\t<\/div>\n\t\t\t\t<\/div>\n\t\t<div id=\"e-n-tab-content-1394182504\" role=\"tabpanel\" aria-labelledby=\"e-n-tab-title-1394182504\" data-tab-index=\"4\" style=\"--n-tabs-title-order: 4;\" class=\"elementor-element elementor-element-3449c55 e-con-full e-flex wpr-particle-no wpr-jarallax-no wpr-parallax-no wpr-sticky-section-no e-con e-child\" data-id=\"3449c55\" data-element_type=\"container\" data-e-type=\"container\">\n\t\t\t\t<div class=\"elementor-element elementor-element-2aee766 elementor-widget__width-initial elementor-widget elementor-widget-text-editor\" data-id=\"2aee766\" data-element_type=\"widget\" data-e-type=\"widget\" data-widget_type=\"text-editor.default\">\n\t\t\t\t\t\t\t\t\t<p>\u00a0<\/p><p id=\"u67697-2\"><strong>Precios \u2013 Caminata corta por el Camino Inca a Machu Picchu 1 d\u00eda con circuito 2<\/strong><\/p><ul id=\"u67697-13\" class=\"list0 nls-None\"><li id=\"u67697-6\"><span id=\"u67697-4\">PRECIO:\u00a0<\/span>$530 USD por persona al reservar de 2 a 4 personas.<\/li><li id=\"u67697-9\"><span id=\"u67697-7\">PRECIO:<\/span> $480 USD por persona al reservar de 5 a 7 personas.<\/li><li id=\"u67697-12\"><span id=\"u67697-10\">PRECIO:\u00a0<\/span>$440 USD por persona al reservar de 8 a 12 personas.<\/li><\/ul>\t\t\t\t\t\t\t\t<\/div>\n\t\t\t\t<\/div>\n\t\t\t\t\t<\/div>\n\t\t<\/div>\n\t\t\t\t\t\t<\/div>\n\t\t\t\t\t<\/div>\n\t\t\t\t<\/div>\n\t\t<div class=\"elementor-element elementor-element-b004eef e-flex e-con-boxed wpr-particle-no wpr-jarallax-no wpr-parallax-no wpr-sticky-section-no e-con e-parent\" data-id=\"b004eef\" data-element_type=\"container\" data-e-type=\"container\">\n\t\t\t\t\t<div class=\"e-con-inner\">\n\t\t\t\t<div class=\"elementor-element elementor-element-831001b elementor-widget elementor-widget-spacer\" data-id=\"831001b\" data-element_type=\"widget\" data-e-type=\"widget\" data-widget_type=\"spacer.default\">\n\t\t\t\t\t\t\t<div class=\"elementor-spacer\">\n\t\t\t<div class=\"elementor-spacer-inner\"><\/div>\n\t\t<\/div>\n\t\t\t\t\t\t<\/div>\n\t\t\t\t\t<\/div>\n\t\t\t\t<\/div>\n\t\t\t\t<\/div>","protected":false},"excerpt":{"rendered":"<p>Short Inca Trail Hike to Machupicchu 1 Day with circuit 2 DESCRIPTION: Hike the inca Trail in 1 day and visit the lost city of the incas Machupicchu the same day, the Trail is rich in history, breathtaking mountain views, lush vegetation and tropical weather. You will hike the best inca High way and arrive to Machupicchu throught\u00a0 the sun gate to enjoy the spectacular panoramic view of this magical\u00a0 Inca City. Once at the citadel, enjoy a private guided tour of this ancient inca city. Overview Itinerary Included Prices Day 1: Cusco \u2013 Kilometer 104 \u2013 Aguas Calientes . Cusco Elevation Gain:\u00a0695 m \/ 1683 ft Elevation Loose:\u00a0391 m \/ 820 feet Highlights:\u00a0hike original Inca Trail, visit Wi\u00f1aywayna ruins Walking Distance:\u00a015 km \/ 9.32 miles Trailhead Elevation:\u00a02,000 m \/ 6561 ft Highest point:\u00a02,720 m\/8923 ft Weather:\u00a0Hot and humid Itinerary \u2013 Short Inca Trail\u00a0 Hike to Machupicchu\u00a0 1 Day\u00a0 with circuit 2 We will leave Cusco at 04:00 am to start the one-day Inca Trail. We drive for about an hour and a half to Ollantaytambo where we will take our train until kilometer 104, where our trek starts. Our trek today takes us along the most wonderful stretch of the Classic Inca Trail 4 Days. We\u2019ll visit beautiful Inca sites, see a variety of flora and fauna, and get to take in the stunning panoramas of the Andes. Walking 10km of the trail our hike begins in the Sacred Valley and works its way up along a paved Inca trail to the archeological site of Winay Wayna before continuing on to Machu Picchu via the Sun Gate (Inti Punku). After visiting Wi\u00f1ay Wayna, we will have our box lunch. After enjoying our meal. we\u2019ll hike through the lush and green cloud forest that covers the mountain and get to see a wide variety of plants, flowers, orchids, and birds along the way. After\u00a0 5 hours\u00a0 hiking, we\u2019ll arrive at the Sun Gate (Inti Punku) in the afternoon, where we\u2019ll have our first breathtaking view of Machu Picchu nestled on the mountain ridge below. After passing through the Sun Gate, we\u2019ll continue hiking for about 45 minutes to reach Machu Picchu. Once there, we\u2019ll explore the upper section of Machu Picchu, stopping at three scenic viewpoints to capture iconic photos of the site. The advantage is that these spots are usually less crowded, allowing for a more peaceful experience. Afterward, we\u2019ll exit Machu Picchu briefly to register and use the restrooms, then re-enter around 3:00 PM for a 2 hours guided tour along Circuit 2 or 3. This tour will cover the most significant areas of Machu Picchu, including several key temples. At 5 PM, we\u2019ll take a bus to Aguas Calientes for dinner. Afterward, we\u2019ll board the 6:20 PM train back to Ollantaytambo, where our\u00a0 transport\u00a0 will take us back to Cusco. We\u2019ll drop you off at your hotel around 9:30 PM. Service\u00a0 Included: Pre-departure Inca Trail briefing a day before English-speaking tour guide. Train ticket for your guide to Km104 (Starting point) Two hours of guided tour in Machu Picchu. Inca Trail permits and Machupicchu ticket circuit 2 or circuit 3 ( based on abailability) Expeditions Train ticket from Ollantaytambo to kilometer 104(starting point) Return \u201cExpeditions train\u201d\u00a0 (18:20) to Ollantaytambo. Private Transportation from\/ to the train station to Cusco. Emergency oxygen bottle and first aid kit. Bus Ticket from Machu Picchu to Aguas Calientes. Meal service ( 1 box lunch). With options for vegetarians, gluten-free, lactose Intolerance, and any food allergy What\u2019s Not Included Tips Dinner in Aguas Calientes. Drinks Snacks What you need to take: Original Passport student card (if you are a student book as a student\u00a0 &amp; get\u00a0 your discount) Water Walking boots Waterproof jacket \/ rain poncho T-shirts Comfortable Trousers Sun hat Sun cream (factor 35 or higher) Insect repellant Toiletries and hand sanitiser Personal medication Camera and film DNI \/ Original\u00a0 Passport \u00a0 \u00a0 Prices \u2013 Short Inca Trail\u00a0 Hike to Machupicchu\u00a0 1 Day\u00a0 with circuit 2 PRICE:\u00a0$530 USD per person\u00a0 \u00a0when booking 2-4 people PRICE: $480 USD per person when booking 5- 7 people PRICE:\u00a0$440 USD per person when booking 8- 12 people Day 1: Cusco \u2013 Kilometer 104 \u2013 Aguas Calientes . Cusco Elevation Gain:\u00a0695 m \/ 1683 ft Elevation Loose:\u00a0391 m \/ 820 feet Highlights:\u00a0hike original Inca Trail, visit Wi\u00f1aywayna ruins Walking Distance:\u00a015 km \/ 9.32 miles Trailhead Elevation:\u00a02,000 m \/ 6561 ft Highest point:\u00a02,720 m\/8923 ft Weather:\u00a0Hot and humid Itinerary \u2013 Short Inca Trail\u00a0 Hike to Machupicchu\u00a0 1 Day\u00a0 with circuit 2 We will leave Cusco at 04:00 am to start the one-day Inca Trail. We drive for about an hour and a half to Ollantaytambo where we will take our train until kilometer 104, where our trek starts. Our trek today takes us along the most wonderful stretch of the Classic Inca Trail 4 Days. We\u2019ll visit beautiful Inca sites, see a variety of flora and fauna, and get to take in the stunning panoramas of the Andes. Walking 10km of the trail our hike begins in the Sacred Valley and works its way up along a paved Inca trail to the archeological site of Winay Wayna before continuing on to Machu Picchu via the Sun Gate (Inti Punku). After visiting Wi\u00f1ay Wayna, we will have our box lunch. After enjoying our meal. we\u2019ll hike through the lush and green cloud forest that covers the mountain and get to see a wide variety of plants, flowers, orchids, and birds along the way. After\u00a0 5 hours\u00a0 hiking, we\u2019ll arrive at the Sun Gate (Inti Punku) in the afternoon, where we\u2019ll have our first breathtaking view of Machu Picchu nestled on the mountain ridge below. After passing through the Sun Gate, we\u2019ll continue hiking for about 45 minutes to reach Machu Picchu. Once there, we\u2019ll explore the upper section of Machu Picchu, stopping at three scenic viewpoints to capture iconic photos of the site. The advantage is that these spots are usually less crowded, allowing for a more peaceful<\/p>","protected":false},"author":1,"featured_media":0,"parent":0,"menu_order":0,"comment_status":"closed","ping_status":"closed","template":"","meta":{"_eb_attr":"","footnotes":""},"class_list":["post-2295","page","type-page","status-publish","hentry"],"_hostinger_reach_plugin_has_subscription_block":false,"_hostinger_reach_plugin_is_elementor":false,"_links":{"self":[{"href":"https:\/\/apurimacadventures.com\/es\/wp-json\/wp\/v2\/pages\/2295","targetHints":{"allow":["GET"]}}],"collection":[{"href":"https:\/\/apurimacadventures.com\/es\/wp-json\/wp\/v2\/pages"}],"about":[{"href":"https:\/\/apurimacadventures.com\/es\/wp-json\/wp\/v2\/types\/page"}],"author":[{"embeddable":true,"href":"https:\/\/apurimacadventures.com\/es\/wp-json\/wp\/v2\/users\/1"}],"replies":[{"embeddable":true,"href":"https:\/\/apurimacadventures.com\/es\/wp-json\/wp\/v2\/comments?post=2295"}],"version-history":[{"count":27,"href":"https:\/\/apurimacadventures.com\/es\/wp-json\/wp\/v2\/pages\/2295\/revisions"}],"predecessor-version":[{"id":3308,"href":"https:\/\/apurimacadventures.com\/es\/wp-json\/wp\/v2\/pages\/2295\/revisions\/3308"}],"wp:attachment":[{"href":"https:\/\/apurimacadventures.com\/es\/wp-json\/wp\/v2\/media?parent=2295"}],"curies":[{"name":"wp","href":"https:\/\/api.w.org\/{rel}","templated":true}]}}