{"id":2262,"date":"2025-11-09T02:38:35","date_gmt":"2025-11-09T02:38:35","guid":{"rendered":"https:\/\/apurimacadventures.com\/?page_id=2262"},"modified":"2025-12-06T13:55:46","modified_gmt":"2025-12-06T13:55:46","slug":"excursion-de-2-dias-al-lago-titicaca","status":"publish","type":"page","link":"https:\/\/apurimacadventures.com\/es\/lake-titicaca-tour-2-days\/","title":{"rendered":"Excursi\u00f3n de 2 d\u00edas al lago Titicaca"},"content":{"rendered":"<div data-elementor-type=\"wp-page\" data-elementor-id=\"2262\" class=\"elementor elementor-2262\" data-elementor-post-type=\"page\">\n\t\t\t\t<div class=\"elementor-element elementor-element-08fadc6 e-con-full e-flex wpr-particle-no wpr-jarallax-no wpr-parallax-no wpr-sticky-section-no e-con e-parent\" data-id=\"08fadc6\" data-element_type=\"container\" data-e-type=\"container\" data-settings=\"{&quot;background_background&quot;:&quot;classic&quot;}\">\n\t\t\t\t<div class=\"elementor-element elementor-element-5b1bc66 elementor-widget elementor-widget-heading\" data-id=\"5b1bc66\" data-element_type=\"widget\" data-e-type=\"widget\" data-widget_type=\"heading.default\">\n\t\t\t\t\t<h2 class=\"elementor-heading-title elementor-size-default\">Excursi\u00f3n de 2 d\u00edas al lago Titicaca\n\n\n\n<\/h2>\t\t\t\t<\/div>\n\t\t<div class=\"elementor-element elementor-element-6648a9e e-con-full e-flex wpr-particle-no wpr-jarallax-no wpr-parallax-no wpr-sticky-section-no e-con e-child\" data-id=\"6648a9e\" data-element_type=\"container\" data-e-type=\"container\" data-settings=\"{&quot;background_background&quot;:&quot;classic&quot;}\">\n\t\t\t\t<\/div>\n\t\t\t\t<\/div>\n\t\t<div class=\"elementor-element elementor-element-8620c99 e-flex e-con-boxed wpr-particle-no wpr-jarallax-no wpr-parallax-no wpr-sticky-section-no e-con e-parent\" data-id=\"8620c99\" data-element_type=\"container\" data-e-type=\"container\">\n\t\t\t\t\t<div class=\"e-con-inner\">\n\t\t\t\t<div class=\"elementor-element elementor-element-61ae41f elementor-widget__width-initial elementor-widget elementor-widget-text-editor\" data-id=\"61ae41f\" data-element_type=\"widget\" data-e-type=\"widget\" data-widget_type=\"text-editor.default\">\n\t\t\t\t\t\t\t\t\t<div id=\"u47967-4\" class=\"clearfix colelem shared_content\" data-muse-uid=\"U47967\" data-muse-type=\"txt_frame\" data-ibe-flags=\"txtStyleSrc\" data-sizepolicy=\"fixed\" data-pintopage=\"page_fixedCenter\" data-content-guid=\"u47967-4_content\"><div id=\"u57327-7\" class=\"clearfix colelem shared_content\" data-muse-uid=\"U57327\" data-muse-type=\"txt_frame\" data-ibe-flags=\"txtStyleSrc\" data-sizepolicy=\"fixed\" data-pintopage=\"page_fixedCenter\" data-content-guid=\"u57327-7_content\"><p><strong>DESCRIPCI\u00d3N:<\/strong><\/p><p>Excursi\u00f3n de 2 d\u00edas al Lago Titicaca. El lago Titicaca, situado en la frontera entre Bolivia y Per\u00fa, posee una belleza y culturas \u00fanicas. Visitar\u00e1 las famosas islas flotantes de los Uros, construidas con totora. En la isla Amantani, realizar\u00e1 una caminata hasta Pachatata, un sitio sagrado desde hace siglos, y disfrutar\u00e1 de incre\u00edbles vistas del lago y sus islas. Una estancia con familias locales le permitir\u00e1 conocer una vida sencilla y agr\u00edcola, junto con su m\u00fasica y danzas tradicionales. Finalmente, una visita a la isla Takile le dar\u00e1 la oportunidad de aprender sobre la industria textil local.<\/p><p>\u00a0<\/p><p><strong>Nota:<\/strong> El lago Titicaca est\u00e1 situado a 3800 m (12 467 pies) de altitud, por lo que recomendamos que dedique al menos un par de d\u00edas a aclimatarse a la gran altitud de Per\u00fa antes de visitar el lago Titicaca.<\/p><\/div><\/div>\t\t\t\t\t\t\t\t<\/div>\n\t\t\t\t<div class=\"elementor-element elementor-element-84f5a8a e-n-tabs-mobile elementor-widget elementor-widget-n-tabs\" data-id=\"84f5a8a\" data-element_type=\"widget\" data-e-type=\"widget\" data-settings=\"{&quot;_animation&quot;:&quot;none&quot;,&quot;tabs_justify_horizontal&quot;:&quot;stretch&quot;,&quot;horizontal_scroll&quot;:&quot;disable&quot;}\" data-widget_type=\"nested-tabs.default\">\n\t\t\t\t\t\t\t<div class=\"e-n-tabs\" data-widget-number=\"139418250\" aria-label=\"Pesta\u00f1as. Abre elementos con Intro o Espacio, ci\u00e9rralos con Escape y navega con las fechas.\">\n\t\t\t<div class=\"e-n-tabs-heading\" role=\"tablist\">\n\t\t\t\t\t<button id=\"e-n-tab-title-1394182501\" data-tab-title-id=\"e-n-tab-title-1394182501\" class=\"e-n-tab-title\" aria-selected=\"true\" data-tab-index=\"1\" role=\"tab\" tabindex=\"0\" aria-controls=\"e-n-tab-content-1394182501\" style=\"--n-tabs-title-order: 1;\">\n\t\t\t\t\t\t<span class=\"e-n-tab-title-text\">\n\t\t\t\tDescripci\u00f3n general\t\t\t<\/span>\n\t\t<\/button>\n\t\t\t\t<button id=\"e-n-tab-title-1394182502\" data-tab-title-id=\"e-n-tab-title-1394182502\" class=\"e-n-tab-title\" aria-selected=\"false\" data-tab-index=\"2\" role=\"tab\" tabindex=\"-1\" aria-controls=\"e-n-tab-content-1394182502\" style=\"--n-tabs-title-order: 2;\">\n\t\t\t\t\t\t<span class=\"e-n-tab-title-text\">\n\t\t\t\tItinerario\t\t\t<\/span>\n\t\t<\/button>\n\t\t\t\t<button id=\"e-n-tab-title-1394182503\" data-tab-title-id=\"e-n-tab-title-1394182503\" class=\"e-n-tab-title\" aria-selected=\"false\" data-tab-index=\"3\" role=\"tab\" tabindex=\"-1\" aria-controls=\"e-n-tab-content-1394182503\" style=\"--n-tabs-title-order: 3;\">\n\t\t\t\t\t\t<span class=\"e-n-tab-title-text\">\n\t\t\t\tIncluido\t\t\t<\/span>\n\t\t<\/button>\n\t\t\t\t<button id=\"e-n-tab-title-1394182504\" data-tab-title-id=\"e-n-tab-title-1394182504\" class=\"e-n-tab-title\" aria-selected=\"false\" data-tab-index=\"4\" role=\"tab\" tabindex=\"-1\" aria-controls=\"e-n-tab-content-1394182504\" style=\"--n-tabs-title-order: 4;\">\n\t\t\t\t\t\t<span class=\"e-n-tab-title-text\">\n\t\t\t\tPrecios\t\t\t<\/span>\n\t\t<\/button>\n\t\t\t\t\t<\/div>\n\t\t\t<div class=\"e-n-tabs-content\">\n\t\t\t\t<div id=\"e-n-tab-content-1394182501\" role=\"tabpanel\" aria-labelledby=\"e-n-tab-title-1394182501\" data-tab-index=\"1\" style=\"--n-tabs-title-order: 1;\" class=\"e-active elementor-element elementor-element-94e590d e-con-full e-flex wpr-particle-no wpr-jarallax-no wpr-parallax-no wpr-sticky-section-no e-con e-child\" data-id=\"94e590d\" data-element_type=\"container\" data-e-type=\"container\">\n\t\t<div class=\"elementor-element elementor-element-2d751ac e-con-full animated-slow e-flex wpr-particle-no wpr-jarallax-no wpr-parallax-no wpr-sticky-section-no elementor-invisible e-con e-child\" data-id=\"2d751ac\" data-element_type=\"container\" data-e-type=\"container\" data-settings=\"{&quot;background_background&quot;:&quot;classic&quot;,&quot;animation&quot;:&quot;fadeIn&quot;}\">\n\t\t\t\t<\/div>\n\t\t\t\t<div class=\"elementor-element elementor-element-5d20cd5 elementor-widget__width-initial elementor-widget elementor-widget-text-editor\" data-id=\"5d20cd5\" data-element_type=\"widget\" data-e-type=\"widget\" data-widget_type=\"text-editor.default\">\n\t\t\t\t\t\t\t\t\t<p>\u00a0<\/p><ul id=\"u57314-7\" class=\"list0 nls-None\"><li><strong><span id=\"u57314\">D\u00cdA 1:\u00a0<\/span><\/strong>Puno \u2013 Islas de los Uros \u2013 Isla Amantan\u00ed<\/li><li><strong><span id=\"u57314-4\">D\u00cdA 2:<\/span><\/strong>\u00a0Isla Amantani \u2013 Isla Takile \u2013 Puno<\/li><\/ul><p>\u00a0<\/p><p><strong><span id=\"u57314-9\">Punto m\u00e1s alto:<\/span>\u00a0<\/strong>4.115 m \/ 13.502 pies<\/p><p><span id=\"u57314-12\"><strong>A poca distancia a pie:<\/strong>\u00a0<\/span>5 km \/ 3188 ml<\/p><p id=\"u57314-19\"><strong><span id=\"u57314-15\">Dificultad:\u00a0<\/span><\/strong><span id=\"u57314-16\"><span style=\"text-decoration: underline;\"><strong>1<\/strong><\/span>\u00a0<\/span><span id=\"u57314-17\">2<\/span><span id=\"u57314-18\">\u00a03 4 5<\/span><\/p>\t\t\t\t\t\t\t\t<\/div>\n\t\t<div class=\"elementor-element elementor-element-25c2a77 e-con-full animated-slow e-flex wpr-particle-no wpr-jarallax-no wpr-parallax-no wpr-sticky-section-no elementor-invisible e-con e-child\" data-id=\"25c2a77\" data-element_type=\"container\" data-e-type=\"container\" data-settings=\"{&quot;background_background&quot;:&quot;classic&quot;,&quot;animation&quot;:&quot;fadeIn&quot;}\">\n\t\t\t\t<\/div>\n\t\t\t\t<\/div>\n\t\t<div id=\"e-n-tab-content-1394182502\" role=\"tabpanel\" aria-labelledby=\"e-n-tab-title-1394182502\" data-tab-index=\"2\" style=\"--n-tabs-title-order: 2;\" class=\"elementor-element elementor-element-2d5725f e-con-full e-flex wpr-particle-no wpr-jarallax-no wpr-parallax-no wpr-sticky-section-no e-con e-child\" data-id=\"2d5725f\" data-element_type=\"container\" data-e-type=\"container\">\n\t\t<div class=\"elementor-element elementor-element-2df2eb8 e-con-full animated-slow e-flex wpr-particle-no wpr-jarallax-no wpr-parallax-no wpr-sticky-section-no elementor-invisible e-con e-child\" data-id=\"2df2eb8\" data-element_type=\"container\" data-e-type=\"container\" data-settings=\"{&quot;background_background&quot;:&quot;classic&quot;,&quot;animation&quot;:&quot;fadeIn&quot;}\">\n\t\t\t\t<\/div>\n\t\t\t\t<div class=\"elementor-element elementor-element-5462b0a elementor-widget__width-initial elementor-widget elementor-widget-text-editor\" data-id=\"5462b0a\" data-element_type=\"widget\" data-e-type=\"widget\" data-widget_type=\"text-editor.default\">\n\t\t\t\t\t\t\t\t\t<p>\u00a0<\/p><p id=\"u57320-2\"><strong>Itinerario \u2013 Excursi\u00f3n al Lago Titicaca de 2 d\u00edas<\/strong><\/p><p>\u00a0<\/p><p id=\"u57320-6\"><strong><span id=\"u57320-4\">D\u00cdA 1:<\/span>\u00a0Puno \u2013 Islas de los Uros \u2013 Isla Amantani<\/strong><\/p><p id=\"u57320-8\">Salimos del hotel a las 7:30 a. m. y nos dirigimos al muelle de Puno para comenzar nuestro viaje en barco a la isla Amantan\u00ed. En el camino, haremos una parada en las fascinantes islas flotantes de los Uros. En una visita guiada, aprender\u00e1 c\u00f3mo se construyeron y mantienen estas islas artificiales y conocer\u00e1 el estilo de vida local. Podr\u00e1 adquirir hermosas artesan\u00edas locales si desea comprar alg\u00fan recuerdo.<\/p><p id=\"u57320-11\">Desde all\u00ed, continuaremos hacia la isla Amantan\u00ed, donde los lugare\u00f1os les dar\u00e1n la bienvenida a su comunidad y les asignar\u00e1n una familia anfitriona. Despu\u00e9s del almuerzo con las familias anfitrionas, participaremos en sus labores agr\u00edcolas habituales. Esto les permitir\u00e1 experimentar la vida en una comunidad rural andina y disfrutar de la belleza de una vida sencilla. M\u00e1s tarde, seguiremos el sendero de piedra a trav\u00e9s de los campos de cultivo hasta el punto m\u00e1s alto de la isla.<\/p><p id=\"u57320-13\">Este mirador se llama Pachatata (4115 m \/ 13 502 pies) y ha sido, durante muchos siglos, lugar sagrado de culto para los habitantes de esta comunidad. Desde aqu\u00ed podremos disfrutar de la vista del magn\u00edfico lago Titicaca y sus islas.<\/p><p id=\"u57320-16\">De regreso al pueblo, cenaremos con nuestras familias anfitrionas. La m\u00fasica y la danza folcl\u00f3ricas son una parte importante de la vida en los Andes, y despu\u00e9s de la cena, las familias locales y sus hu\u00e9spedes se reunir\u00e1n en el sal\u00f3n comunal. Un grupo de m\u00fasicos locales interpretar\u00e1 m\u00fasica andina con sus instrumentos tradicionales, y se les invitar\u00e1 a unirse a la alegre celebraci\u00f3n con danzas. Si lo desean, incluso podr\u00e1n probarse los vestidos, ponchos y trajes t\u00edpicos. Pasar\u00e1n la noche en las casas de sus familias anfitrionas.<\/p><ul id=\"u57320-28\" class=\"list0 nls-None\"><li id=\"u57320-19\">Comidas: Almuerzo, Cena<\/li><li id=\"u57320-21\">Altitud m\u00e1xima: 4115 m \/ 13 502 pies<\/li><li id=\"u57320-23\">Altitud m\u00ednima: 3.812 m \/ 12.507 pies<\/li><li id=\"u57320-25\">Distancia recorrida: 40 km \/ 24 millas<\/li><li id=\"u57320-27\">Tiempo de caminata: de 3 a 4 horas<\/li><\/ul><p>\u00a0<\/p><p id=\"u57320-32\"><strong><span id=\"u57320-30\">D\u00cdA 2:<\/span>\u00a0Isla Amantani \u2013 Isla Takile \u2013 Puno<\/strong><\/p><p id=\"u57320-34\">Despu\u00e9s del desayuno, partiremos de la isla Amantani y continuaremos hacia Taquile. Una caminata sencilla nos llevar\u00e1 a la comunidad local. All\u00ed disfrutar\u00e1n de una exposici\u00f3n textil y cultural. En 2005, Taquile y su arte textil fueron reconocidos por la UNESCO como &quot;Obras Maestras&quot; del patrimonio de la humanidad. Almorzaremos en un restaurante local de la isla Taquile (el almuerzo no est\u00e1 incluido en el precio del tour). Despu\u00e9s del almuerzo, caminaremos 45 minutos hasta el muelle principal, donde un barco nos llevar\u00e1 de regreso a Puno y los trasladaremos a su hotel.<\/p><ul id=\"u57320-46\" class=\"list0 nls-None\"><li id=\"u57320-37\">Comidas: B<\/li><li id=\"u57320-39\">Altitud m\u00e1xima: 3950 m \/ 12959 pies<\/li><li id=\"u57320-41\">Altitud m\u00ednima: 3.812 m \/ 12.507 pies<\/li><li id=\"u57320-43\">Distancia recorrida: 45 km \/ 27 millas<\/li><li id=\"u57320-45\">Tiempo de caminata: 2 horas<\/li><\/ul>\t\t\t\t\t\t\t\t<\/div>\n\t\t\t\t<\/div>\n\t\t<div id=\"e-n-tab-content-1394182503\" role=\"tabpanel\" aria-labelledby=\"e-n-tab-title-1394182503\" data-tab-index=\"3\" style=\"--n-tabs-title-order: 3;\" class=\"elementor-element elementor-element-7c01974 e-con-full e-flex wpr-particle-no wpr-jarallax-no wpr-parallax-no wpr-sticky-section-no e-con e-child\" data-id=\"7c01974\" data-element_type=\"container\" data-e-type=\"container\">\n\t\t<div class=\"elementor-element elementor-element-cf848f1 e-con-full animated-slow e-flex wpr-particle-no wpr-jarallax-no wpr-parallax-no wpr-sticky-section-no elementor-invisible e-con e-child\" data-id=\"cf848f1\" data-element_type=\"container\" data-e-type=\"container\" data-settings=\"{&quot;background_background&quot;:&quot;classic&quot;,&quot;animation&quot;:&quot;fadeIn&quot;}\">\n\t\t\t\t<\/div>\n\t\t\t\t<div class=\"elementor-element elementor-element-8872907 elementor-widget__width-initial elementor-widget elementor-widget-text-editor\" data-id=\"8872907\" data-element_type=\"widget\" data-e-type=\"widget\" data-widget_type=\"text-editor.default\">\n\t\t\t\t\t\t\t\t\t<p id=\"u57324-3\">\u00a0<\/p><p id=\"u57324-6\"><strong>Servicios incluidos:<\/strong><\/p><ul id=\"u57324-22\" class=\"list0 nls-None\"><li id=\"u57324-9\">Servicio de recogida y traslado desde\/hacia los hoteles.<\/li><li id=\"u57324-11\">Entradas a las islas de los Uros, Amantani y Taquile.<\/li><li id=\"u57324-13\">El transporte mar\u00edtimo de ida y vuelta dura (Puno a Amantani 3 horas \/ Takile a Puno 2 horas y media).<\/li><li id=\"u57324-15\">Actividades con familias anfitrionas<\/li><li id=\"u57324-17\">Gu\u00eda tur\u00edstico biling\u00fce (ingl\u00e9s\/espa\u00f1ol)<\/li><li id=\"u57324-19\">1 desayuno, 1 almuerzo, 1 cena<\/li><li id=\"u57324-21\">Una noche de alojamiento en la casa de la familia local.<\/li><\/ul><p>\u00a0<\/p><p id=\"u57324-25\"><strong>Servicios no incluidos:<\/strong><\/p><ul id=\"u57324-35\" class=\"list0 nls-None\"><li id=\"u57324-28\">Consejos para gu\u00edas y personal de campo<\/li><li id=\"u57324-30\">Almuerzo del d\u00eda 2<\/li><li id=\"u57324-32\">Gastos adicionales en bebidas, refrigerios y recuerdos.<\/li><li id=\"u57324-34\">seguro de viaje<\/li><\/ul><p>\u00a0<\/p><p id=\"u57324-38\"><strong>Le recomendamos que traiga:<\/strong><\/p><ul id=\"u57324-78\" class=\"list0 nls-None\"><li id=\"u57324-41\">Zapatos y sandalias de trekking resistentes al agua<\/li><li id=\"u57324-43\">Ropa de abrigo (ropa interior t\u00e9rmica, forro polar, gorro, guantes, calcetines)<\/li><li id=\"u57324-45\">Chaqueta y pantalones impermeables o poncho para la lluvia<\/li><li id=\"u57324-47\">Prendas sint\u00e9ticas o de algod\u00f3n (calcetines, pantalones, pantalones cortos, camisetas)<\/li><li id=\"u57324-49\">Sombrero para el sol y gafas de sol<\/li><li id=\"u57324-51\">Bloqueador solar<\/li><li id=\"u57324-53\">Repelente de insectos<\/li><li id=\"u57324-55\">Botellas de agua<\/li><li id=\"u57324-57\">Filtro de agua (opcional; se proporcionar\u00e1 agua hervida en todas las comidas).<\/li><li id=\"u57324-59\">Medicamentos personales<\/li><li id=\"u57324-61\">bastones de senderismo<\/li><li id=\"u57324-63\">Toalla<\/li><li id=\"u57324-65\">art\u00edculos personales<\/li><li id=\"u57324-67\">refrigerios personales<\/li><li id=\"u57324-69\">Linterna frontal o linterna de mano con pilas de repuesto<\/li><li id=\"u57324-71\">C\u00e1mara<\/li><li id=\"u57324-73\">Papel higi\u00e9nico<\/li><li id=\"u57324-75\">DNI\/Pasaporte original<\/li><li id=\"u57324-77\">Tarjeta de seguro<\/li><\/ul>\t\t\t\t\t\t\t\t<\/div>\n\t\t\t\t<\/div>\n\t\t<div id=\"e-n-tab-content-1394182504\" role=\"tabpanel\" aria-labelledby=\"e-n-tab-title-1394182504\" data-tab-index=\"4\" style=\"--n-tabs-title-order: 4;\" class=\"elementor-element elementor-element-3449c55 e-con-full e-flex wpr-particle-no wpr-jarallax-no wpr-parallax-no wpr-sticky-section-no e-con e-child\" data-id=\"3449c55\" data-element_type=\"container\" data-e-type=\"container\">\n\t\t\t\t<div class=\"elementor-element elementor-element-2aee766 elementor-widget__width-initial elementor-widget elementor-widget-text-editor\" data-id=\"2aee766\" data-element_type=\"widget\" data-e-type=\"widget\" data-widget_type=\"text-editor.default\">\n\t\t\t\t\t\t\t\t\t<p>\u00a0<\/p><p id=\"u57318-3\"><strong>Precios \u2013\u00a0<span id=\"u57318-2\">Excursi\u00f3n de 2 d\u00edas al lago Titicaca<\/span><\/strong><\/p><p>\u00a0<\/p><ul id=\"u57318-17\" class=\"list0 nls-None\"><li id=\"u57318-7\"><span id=\"u57318-5\">PRECIO:\u00a0<\/span>$ 270 USD por persona al reservar para 2 personas.<\/li><li id=\"u57318-10\"><span id=\"u57318-8\">PRECIO:\u00a0<\/span>$240 USD por persona al reservar 3 personas<\/li><li id=\"u57318-13\"><span id=\"u57318-11\">PRECIO:\u00a0<\/span>$210 USD por persona al reservar de 4 a 6 personas.<\/li><li id=\"u57318-16\"><span id=\"u57318-14\">PRECIO:\u00a0<\/span>$180USD por persona al reservar para 7-10 personas.<\/li><\/ul>\t\t\t\t\t\t\t\t<\/div>\n\t\t\t\t<\/div>\n\t\t\t\t\t<\/div>\n\t\t<\/div>\n\t\t\t\t\t\t<\/div>\n\t\t\t\t\t<\/div>\n\t\t\t\t<\/div>\n\t\t<div class=\"elementor-element elementor-element-b004eef e-flex e-con-boxed wpr-particle-no wpr-jarallax-no wpr-parallax-no wpr-sticky-section-no e-con e-parent\" data-id=\"b004eef\" data-element_type=\"container\" data-e-type=\"container\">\n\t\t\t\t\t<div class=\"e-con-inner\">\n\t\t\t\t<div class=\"elementor-element elementor-element-831001b elementor-widget elementor-widget-spacer\" data-id=\"831001b\" data-element_type=\"widget\" data-e-type=\"widget\" data-widget_type=\"spacer.default\">\n\t\t\t\t\t\t\t<div class=\"elementor-spacer\">\n\t\t\t<div class=\"elementor-spacer-inner\"><\/div>\n\t\t<\/div>\n\t\t\t\t\t\t<\/div>\n\t\t\t\t\t<\/div>\n\t\t\t\t<\/div>\n\t\t\t\t<\/div>","protected":false},"excerpt":{"rendered":"<p>Lake Titicaca Tour 2 Days DESCRIPTION: Lake Titicaca Tour 2 days, Titicaca lake is situated on the border between Bolivia and Peru, has its own unique cultures and beauty. You will visit the famous floating islands of Uros which are constructed out of reeds. On Amantani Island you will hike to Pachatata, a sacred site for centuries, and enjoy incredible views of the lake and its islands. A homestay with local families will introduce you to a simple, agricultural life along with their traditional music and dance. Finally, a vist to Takile Island will give you a chance to learn about the local textile industry. \u00a0 Note: Lake Titicaca is situated at 3800m (12,467ft) so we recommend you spend at least a couple of days adjusting to Peru\u2019s high altitude before a visit to Lake Titicaca. Overview Itinerary Included Prices \u00a0 DAY 1:\u00a0Puno \u2013 Uros Islands \u2013 Amantani Island DAY 2:\u00a0Amantani Island \u2013 Takile Island \u2013 Puno \u00a0 Highest Point :\u00a04,115m \/ 13,502ft Walking Distance :\u00a05km \/ 3188ml Difficulty:\u00a01\u00a02\u00a03 4 5 \u00a0 Itinerary \u2013 Lake Titicaca Tour 2 Days \u00a0 DAY 1:\u00a0Puno \u2013 Uros Islands \u2013 Amantani island We leave the hotel at 7:30am and head for the Puno dock to start our boat journey to Amantan\u00ed Island. On the way, we stop by the fascinating floating Islands of Uros. On a guided tour you will learn how these man-made islands were constructed and maintained, and you will be introduced to the local way of life. Beautiful local handicrafts are available if you are interested in collecting a few souvenirs. From there we continue to Amantan\u00ed Island where locals will welcome you into their community and assign you to your host families. After lunch with the host families, we will join them for their regular farming activities. This will give you a feel for life in a rural Andean community, and you will enjoy the beauty of a simple life. Later we will follow the stone pathway through farming fields to the highest point on the island. This lookout point is called \u201cPachatata\u201d (4,115m \/ 13,502ft) and it has been, for many centuries, the sacred place of worship for the people of this community. From this site we will enjoy the view of the magnificent Lake Titicaca and its islands. Back in the village, we will enjoy dinner with our host families. Folk music and dance is an important part of life in the Andes, and after dinner local families and their adopted guests will gather in the \u201csalon communal\u201d. A local group of musicians will play Andean music with their traditional instruments, and you will be invited to join in the joyful dance celebration. If you wish, you can even try on the local dresses, ponchos, and costumes. You will spend the night in the homes of your host families. Meals: L, D Maximum Altitude: 4,115m \/ 13,502ft Minimum altitude: 3,812m \/ 12,507ft Distance Travelled: 40km \/24ml Walking Time: 3 to 4 hours \u00a0 DAY 2:\u00a0Amantani Island \u2013 Takile Island \u2013 Puno After breakfast, we will leave Amantani Island and continue to Taquile. An easy hike will take us to the local community. Here you will enjoy a textile and cultural exhibition. In 2005, Taquile and its textile art were honored by UNESCO as \u201cMasterpieces\u201d of our human heritage. We will have a delicious lunch in a local restaurant on Taquile Island (lunch not included in the tour price). Following lunch, we will make the 45 minute hike down to the main dock where a boat will take us back to Puno and you will be transferred to your hotel. Meals: B Maximum Altitude: 3,950m \/ 12,959ft Minimum altitude: 3,812m \/ 12,507ft Distance Travelled: 45km \/ 27ml Walking Time: 2 Hours \u00a0 Services Included: Pick-up to\/from hotels Entrance fees to Uros, Amantani and Taquile islands Round-trip boat transportation it takes (Puno to Amantani\u00a0 3hours \/ Takile to Puno 2 hours and 1\/2) Activities with host families Bilingual Tour Guide (English\/Spanish) 1 breakfast, 1 lunch, 1 dinner One night lodging at the local family\u00b4s house \u00a0 Services Not Included: Tips for guide and field staff Lunch on Day 2 Extra expenditures for drinks, snacks, souvenirs Travel insurance \u00a0 We Recommend That You Bring: Water-resistant trekking shoes and sandals Warm clothing (thermal underwear, fleece, hat, gloves, socks) Waterproof jacket &amp; pants or rain poncho Synthetic or cotton clothing (socks, trousers, shorts, t-shirts) Sunhat &amp; sunglasses Sun block Insect repellent Water bottles Water filter (optional \u2013 boiled water will be available at all meals) Personal medications Walking poles Towel Personal items Personal snacks Headlamp or flashlight with spare batteries Camera Toilet paper DNI\/Original Passport Insurance card \u00a0 Prices \u2013\u00a0Lake Titicaca Tour 2 Days \u00a0 PRICE:\u00a0$ 270USD per person when booking 2 people PRICE:\u00a0$240 USD per person when booking 3 people PRICE:\u00a0$210 USD per person when booking 4 \u2013 6people PRICE:\u00a0$180USD per person when booking 7-10people \u00a0 DAY 1:\u00a0Puno \u2013 Uros Islands \u2013 Amantani Island DAY 2:\u00a0Amantani Island \u2013 Takile Island \u2013 Puno \u00a0 Highest Point :\u00a04,115m \/ 13,502ft Walking Distance :\u00a05km \/ 3188ml Difficulty:\u00a01\u00a02\u00a03 4 5 \u00a0 Itinerary \u2013 Lake Titicaca Tour 2 Days \u00a0 DAY 1:\u00a0Puno \u2013 Uros Islands \u2013 Amantani island We leave the hotel at 7:30am and head for the Puno dock to start our boat journey to Amantan\u00ed Island. On the way, we stop by the fascinating floating Islands of Uros. On a guided tour you will learn how these man-made islands were constructed and maintained, and you will be introduced to the local way of life. Beautiful local handicrafts are available if you are interested in collecting a few souvenirs. From there we continue to Amantan\u00ed Island where locals will welcome you into their community and assign you to your host families. After lunch with the host families, we will join them for their regular farming activities. This will give you a feel for life in a rural Andean community, and you will enjoy the beauty of a simple life. Later we will follow the stone<\/p>","protected":false},"author":1,"featured_media":0,"parent":0,"menu_order":0,"comment_status":"closed","ping_status":"closed","template":"","meta":{"_eb_attr":"","footnotes":""},"class_list":["post-2262","page","type-page","status-publish","hentry"],"_hostinger_reach_plugin_has_subscription_block":false,"_hostinger_reach_plugin_is_elementor":false,"_links":{"self":[{"href":"https:\/\/apurimacadventures.com\/es\/wp-json\/wp\/v2\/pages\/2262","targetHints":{"allow":["GET"]}}],"collection":[{"href":"https:\/\/apurimacadventures.com\/es\/wp-json\/wp\/v2\/pages"}],"about":[{"href":"https:\/\/apurimacadventures.com\/es\/wp-json\/wp\/v2\/types\/page"}],"author":[{"embeddable":true,"href":"https:\/\/apurimacadventures.com\/es\/wp-json\/wp\/v2\/users\/1"}],"replies":[{"embeddable":true,"href":"https:\/\/apurimacadventures.com\/es\/wp-json\/wp\/v2\/comments?post=2262"}],"version-history":[{"count":12,"href":"https:\/\/apurimacadventures.com\/es\/wp-json\/wp\/v2\/pages\/2262\/revisions"}],"predecessor-version":[{"id":2939,"href":"https:\/\/apurimacadventures.com\/es\/wp-json\/wp\/v2\/pages\/2262\/revisions\/2939"}],"wp:attachment":[{"href":"https:\/\/apurimacadventures.com\/es\/wp-json\/wp\/v2\/media?parent=2262"}],"curies":[{"name":"wp","href":"https:\/\/api.w.org\/{rel}","templated":true}]}}