{"id":2245,"date":"2025-11-09T02:31:03","date_gmt":"2025-11-09T02:31:03","guid":{"rendered":"https:\/\/apurimacadventures.com\/?page_id=2245"},"modified":"2025-12-06T13:43:34","modified_gmt":"2025-12-06T13:43:34","slug":"reserva-tambopata-4-dias","status":"publish","type":"page","link":"https:\/\/apurimacadventures.com\/es\/tambopata-reserve-4-days\/","title":{"rendered":"Reserva Tambopata 4 d\u00edas"},"content":{"rendered":"<div data-elementor-type=\"wp-page\" data-elementor-id=\"2245\" class=\"elementor elementor-2245\" data-elementor-post-type=\"page\">\n\t\t\t\t<div class=\"elementor-element elementor-element-08fadc6 e-con-full e-flex wpr-particle-no wpr-jarallax-no wpr-parallax-no wpr-sticky-section-no e-con e-parent\" data-id=\"08fadc6\" data-element_type=\"container\" data-e-type=\"container\" data-settings=\"{&quot;background_background&quot;:&quot;classic&quot;}\">\n\t\t\t\t<div class=\"elementor-element elementor-element-5b1bc66 elementor-widget elementor-widget-heading\" data-id=\"5b1bc66\" data-element_type=\"widget\" data-e-type=\"widget\" data-widget_type=\"heading.default\">\n\t\t\t\t\t<h2 class=\"elementor-heading-title elementor-size-default\">Reserva Tambopata 4 d\u00edas\n\n\n\n<\/h2>\t\t\t\t<\/div>\n\t\t<div class=\"elementor-element elementor-element-6648a9e e-con-full e-flex wpr-particle-no wpr-jarallax-no wpr-parallax-no wpr-sticky-section-no e-con e-child\" data-id=\"6648a9e\" data-element_type=\"container\" data-e-type=\"container\" data-settings=\"{&quot;background_background&quot;:&quot;classic&quot;}\">\n\t\t\t\t<\/div>\n\t\t\t\t<\/div>\n\t\t<div class=\"elementor-element elementor-element-8620c99 e-flex e-con-boxed wpr-particle-no wpr-jarallax-no wpr-parallax-no wpr-sticky-section-no e-con e-parent\" data-id=\"8620c99\" data-element_type=\"container\" data-e-type=\"container\">\n\t\t\t\t\t<div class=\"e-con-inner\">\n\t\t\t\t<div class=\"elementor-element elementor-element-61ae41f elementor-widget__width-initial elementor-widget elementor-widget-text-editor\" data-id=\"61ae41f\" data-element_type=\"widget\" data-e-type=\"widget\" data-widget_type=\"text-editor.default\">\n\t\t\t\t\t\t\t\t\t<div id=\"u47967-4\" class=\"clearfix colelem shared_content\" data-muse-uid=\"U47967\" data-muse-type=\"txt_frame\" data-ibe-flags=\"txtStyleSrc\" data-sizepolicy=\"fixed\" data-pintopage=\"page_fixedCenter\" data-content-guid=\"u47967-4_content\"><strong>DESCRIPCI\u00d3N:<\/strong><div id=\"u57134-4\" class=\"clearfix colelem shared_content\" data-muse-uid=\"U57134\" data-muse-type=\"txt_frame\" data-ibe-flags=\"txtStyleSrc\" data-sizepolicy=\"fixed\" data-pintopage=\"page_fixedCenter\" data-content-guid=\"u57134-4_content\"><p>Reserva Tambopata (4 d\u00edas); La reserva Tambopata fue creada en 1989 por el gobierno peruano. Esta \u00e1rea protegida de 1.5 millones de hect\u00e1reas es un destino de ecoturismo. Alberga las cataratas Tambopata, una de las zonas m\u00e1s bellas y mejor conservadas del Per\u00fa. Recorrer el r\u00edo Tambopata en bote es una excelente manera de admirar el espectacular y exuberante paisaje de la selva tropical y observar la fauna y flora de sus orillas. Podr\u00e1 ver una incre\u00edble variedad de flores, plantas, mariposas, peces, caimanes, jaguares, serpientes\u2026 Tambi\u00e9n conoceremos a las personas que habitan estas tierras de forma ancestral, en total armon\u00eda con la naturaleza desde siempre, compartiendo historias de la selva alrededor de la fogata\u2026<\/p><\/div><\/div>\t\t\t\t\t\t\t\t<\/div>\n\t\t\t\t<div class=\"elementor-element elementor-element-84f5a8a e-n-tabs-mobile elementor-widget elementor-widget-n-tabs\" data-id=\"84f5a8a\" data-element_type=\"widget\" data-e-type=\"widget\" data-settings=\"{&quot;_animation&quot;:&quot;none&quot;,&quot;tabs_justify_horizontal&quot;:&quot;stretch&quot;,&quot;horizontal_scroll&quot;:&quot;disable&quot;}\" data-widget_type=\"nested-tabs.default\">\n\t\t\t\t\t\t\t<div class=\"e-n-tabs\" data-widget-number=\"139418250\" aria-label=\"Pesta\u00f1as. Abre elementos con Intro o Espacio, ci\u00e9rralos con Escape y navega con las fechas.\">\n\t\t\t<div class=\"e-n-tabs-heading\" role=\"tablist\">\n\t\t\t\t\t<button id=\"e-n-tab-title-1394182501\" data-tab-title-id=\"e-n-tab-title-1394182501\" class=\"e-n-tab-title\" aria-selected=\"true\" data-tab-index=\"1\" role=\"tab\" tabindex=\"0\" aria-controls=\"e-n-tab-content-1394182501\" style=\"--n-tabs-title-order: 1;\">\n\t\t\t\t\t\t<span class=\"e-n-tab-title-text\">\n\t\t\t\tDescripci\u00f3n general\t\t\t<\/span>\n\t\t<\/button>\n\t\t\t\t<button id=\"e-n-tab-title-1394182502\" data-tab-title-id=\"e-n-tab-title-1394182502\" class=\"e-n-tab-title\" aria-selected=\"false\" data-tab-index=\"2\" role=\"tab\" tabindex=\"-1\" aria-controls=\"e-n-tab-content-1394182502\" style=\"--n-tabs-title-order: 2;\">\n\t\t\t\t\t\t<span class=\"e-n-tab-title-text\">\n\t\t\t\tItinerario\t\t\t<\/span>\n\t\t<\/button>\n\t\t\t\t<button id=\"e-n-tab-title-1394182503\" data-tab-title-id=\"e-n-tab-title-1394182503\" class=\"e-n-tab-title\" aria-selected=\"false\" data-tab-index=\"3\" role=\"tab\" tabindex=\"-1\" aria-controls=\"e-n-tab-content-1394182503\" style=\"--n-tabs-title-order: 3;\">\n\t\t\t\t\t\t<span class=\"e-n-tab-title-text\">\n\t\t\t\tIncluido\t\t\t<\/span>\n\t\t<\/button>\n\t\t\t\t<button id=\"e-n-tab-title-1394182504\" data-tab-title-id=\"e-n-tab-title-1394182504\" class=\"e-n-tab-title\" aria-selected=\"false\" data-tab-index=\"4\" role=\"tab\" tabindex=\"-1\" aria-controls=\"e-n-tab-content-1394182504\" style=\"--n-tabs-title-order: 4;\">\n\t\t\t\t\t\t<span class=\"e-n-tab-title-text\">\n\t\t\t\tPrecios\t\t\t<\/span>\n\t\t<\/button>\n\t\t\t\t\t<\/div>\n\t\t\t<div class=\"e-n-tabs-content\">\n\t\t\t\t<div id=\"e-n-tab-content-1394182501\" role=\"tabpanel\" aria-labelledby=\"e-n-tab-title-1394182501\" data-tab-index=\"1\" style=\"--n-tabs-title-order: 1;\" class=\"e-active elementor-element elementor-element-94e590d e-con-full e-flex wpr-particle-no wpr-jarallax-no wpr-parallax-no wpr-sticky-section-no e-con e-child\" data-id=\"94e590d\" data-element_type=\"container\" data-e-type=\"container\">\n\t\t<div class=\"elementor-element elementor-element-2d751ac e-con-full animated-slow e-flex wpr-particle-no wpr-jarallax-no wpr-parallax-no wpr-sticky-section-no elementor-invisible e-con e-child\" data-id=\"2d751ac\" data-element_type=\"container\" data-e-type=\"container\" data-settings=\"{&quot;background_background&quot;:&quot;classic&quot;,&quot;animation&quot;:&quot;fadeIn&quot;}\">\n\t\t\t\t<\/div>\n\t\t\t\t<div class=\"elementor-element elementor-element-5d20cd5 elementor-widget__width-initial elementor-widget elementor-widget-text-editor\" data-id=\"5d20cd5\" data-element_type=\"widget\" data-e-type=\"widget\" data-widget_type=\"text-editor.default\">\n\t\t\t\t\t\t\t\t\t<ul id=\"u57181-3\" class=\"list0 nls-None\"><li>Este servicio incluye traslados desde el hotel al aeropuerto y desde el alojamiento a la ciudad, donde haremos una breve visita antes de embarcar y comenzar nuestro viaje.<\/li><\/ul><p>\u00a0<\/p><p><strong><span id=\"u57181-5\">Lugares visitados:<\/span>\u00a0<\/strong>Reserva Tambopata, Zona Cultural<\/p><p><strong><span id=\"u57181-8\">Estilo de viaje:\u00a0<\/span><\/strong>Excursiones por la jungla<\/p><p><strong><span id=\"u57181-11\">Longitud                    :\u00a0<\/span><\/strong>4 d\u00edas\/3 noches<\/p><p><strong><span id=\"u57181-14\">Frecuencia              :\u00a0<\/span><\/strong>A pedido<\/p><p><strong><span id=\"u57181-17\">Grupo                      :\u00a0<\/span><\/strong>M\u00ednimo 2 personas \/ M\u00e1ximo 9 personas<\/p><p><span id=\"u57181-20\"><strong>Precio                        :<\/strong>\u00a0<\/span>840 USD$<\/p><p><strong><span id=\"u57181-23\">Calificaci\u00f3n f\u00edsica:\u00a0<\/span><\/strong>2<\/p>\t\t\t\t\t\t\t\t<\/div>\n\t\t\t\t<\/div>\n\t\t<div id=\"e-n-tab-content-1394182502\" role=\"tabpanel\" aria-labelledby=\"e-n-tab-title-1394182502\" data-tab-index=\"2\" style=\"--n-tabs-title-order: 2;\" class=\"elementor-element elementor-element-2d5725f e-con-full e-flex wpr-particle-no wpr-jarallax-no wpr-parallax-no wpr-sticky-section-no e-con e-child\" data-id=\"2d5725f\" data-element_type=\"container\" data-e-type=\"container\">\n\t\t<div class=\"elementor-element elementor-element-2df2eb8 e-con-full animated-slow e-flex wpr-particle-no wpr-jarallax-no wpr-parallax-no wpr-sticky-section-no elementor-invisible e-con e-child\" data-id=\"2df2eb8\" data-element_type=\"container\" data-e-type=\"container\" data-settings=\"{&quot;background_background&quot;:&quot;classic&quot;,&quot;animation&quot;:&quot;fadeIn&quot;}\">\n\t\t\t\t<\/div>\n\t\t\t\t<div class=\"elementor-element elementor-element-5462b0a elementor-widget__width-initial elementor-widget elementor-widget-text-editor\" data-id=\"5462b0a\" data-element_type=\"widget\" data-e-type=\"widget\" data-widget_type=\"text-editor.default\">\n\t\t\t\t\t\t\t\t\t<p>\u00a0<\/p><p id=\"u57191-2\"><strong>Itinerario de 4 d\u00edas en la Reserva de Tambopata:<\/strong><\/p><p>\u00a0<\/p><p id=\"u57191-6\"><span id=\"u57191-4\"><strong>D\u00eda 1:<\/strong>\u00a0<\/span><span id=\"u57191-5\">Nos reuniremos en el aeropuerto, donde los llevaremos a nuestra lancha motora para comenzar nuestro viaje r\u00edo arriba durante aproximadamente tres horas, hasta llegar al lodge. Si el clima lo permite, visitaremos una comunidad ind\u00edgena antes de embarcar para otras dos horas de navegaci\u00f3n. Durante el trayecto podremos observar caimanes, tortugas, aves acu\u00e1ticas, etc., y disfrutar de nuestro almuerzo para llevar. Al llegar al lodge, les ofreceremos una bebida de bienvenida. Despu\u00e9s de un breve descanso, caminaremos por un sendero corto hasta un peque\u00f1o lago, desde donde continuaremos hacia el mirador del atardecer, justo a tiempo para contemplar una puesta de sol incre\u00edble sobre la selva.<\/span><\/p><p id=\"u57191-9\">Cuando oscurezca, volveremos a subir a nuestra barca, armados con linternas para buscar y observar caimanes. De regreso en el campamento, cenaremos con los gu\u00edas biling\u00fces residentes de la zona, quienes con gusto responder\u00e1n cualquier pregunta que tengan sobre la selva amaz\u00f3nica y la reserva de Tambopata.<\/p><p>\u00a0<\/p><p id=\"u57191-13\"><strong><span id=\"u57191-11\">D\u00eda 2:\u00a0<\/span><\/strong><span id=\"u57191-12\">Hoy nos levantaremos temprano y comenzaremos la caminata con nuestro gu\u00eda, recorriendo unos 5 kil\u00f3metros hasta llegar al lago Cocococha. Durante la caminata, tendremos muchas oportunidades de observar diversas plantas, insectos ex\u00f3ticos, mariposas, aves multicolores, monos y, con un poco de suerte, tambi\u00e9n algunos mam\u00edferos de mayor tama\u00f1o. En el lago, contaremos con canoas para realizar peque\u00f1os paseos y observar la riqueza y variedad de la fauna silvestre en sus orillas.<\/span><\/p><p id=\"u57191-15\">De vuelta en el albergue, almorzaremos (quiz\u00e1s un poco tarde) y despu\u00e9s tendremos la tarde libre para descansar y disfrutar de cualquier actividad por nuestra cuenta.<\/p><p>\u00a0<\/p><p id=\"u57191-19\"><strong><span id=\"u57191-17\">D\u00eda 3:\u00a0<\/span><\/strong><span id=\"u57191-18\">Temprano por la ma\u00f1ana visitaremos el collpa de arcilla de los guacamayos (lugar donde se re\u00fanen para comer sal o arcilla). Tambi\u00e9n podemos visitar un collpa de arcilla para guacamayos, donde se encuentran mam\u00edferos m\u00e1s grandes. Por la tarde daremos un paseo y visitaremos la comunidad ind\u00edgena de La Torre, tras lo cual regresaremos a nuestro campamento para pasar una noche tranquila.<\/span><\/p><p>\u00a0<\/p><p id=\"u57191-23\"><strong><span id=\"u57191-21\">D\u00eda 4:<\/span><\/strong><span id=\"u57191-22\"><strong>\u00a0<\/strong>Nos levantaremos temprano para desayunar antes de emprender el viaje de regreso. Como \u00faltimo regalo, podremos disfrutar de la inolvidable vista del amanecer sobre la selva. Una vez en Puerto Maldonado, tendremos un traslado que nos llevar\u00e1 al aeropuerto para tomar nuestro vuelo de regreso.<\/span><\/p>\t\t\t\t\t\t\t\t<\/div>\n\t\t\t\t<\/div>\n\t\t<div id=\"e-n-tab-content-1394182503\" role=\"tabpanel\" aria-labelledby=\"e-n-tab-title-1394182503\" data-tab-index=\"3\" style=\"--n-tabs-title-order: 3;\" class=\"elementor-element elementor-element-7c01974 e-con-full e-flex wpr-particle-no wpr-jarallax-no wpr-parallax-no wpr-sticky-section-no e-con e-child\" data-id=\"7c01974\" data-element_type=\"container\" data-e-type=\"container\">\n\t\t<div class=\"elementor-element elementor-element-cf848f1 e-con-full animated-slow e-flex wpr-particle-no wpr-jarallax-no wpr-parallax-no wpr-sticky-section-no elementor-invisible e-con e-child\" data-id=\"cf848f1\" data-element_type=\"container\" data-e-type=\"container\" data-settings=\"{&quot;background_background&quot;:&quot;classic&quot;,&quot;animation&quot;:&quot;fadeIn&quot;}\">\n\t\t\t\t<\/div>\n\t\t\t\t<div class=\"elementor-element elementor-element-8872907 elementor-widget__width-initial elementor-widget elementor-widget-text-editor\" data-id=\"8872907\" data-element_type=\"widget\" data-e-type=\"widget\" data-widget_type=\"text-editor.default\">\n\t\t\t\t\t\t\t\t\t<p id=\"u57187-2\"><strong>Incluye: Reserva de Tambopata (4 d\u00edas)<\/strong><\/p><p>\u00a0<\/p><p id=\"u57187-5\"><strong>Incluido:<\/strong><\/p><ul id=\"u57187-25\" class=\"list0 nls-None\"><li id=\"u57187-8\">Transporte<\/li><li id=\"u57187-10\">Bote<\/li><li id=\"u57187-12\">Comidas durante el viaje<\/li><li id=\"u57187-14\">Entrada al parque de Tambopata<\/li><li id=\"u57187-16\">Autob\u00fas<\/li><li id=\"u57187-18\">Gu\u00eda<\/li><li id=\"u57187-20\">Bebidas t\u00edpicas<\/li><li id=\"u57187-22\">Equipo de camping<\/li><li id=\"u57187-24\">Presentar<\/li><\/ul><p>\u00a0<\/p><p id=\"u57187-28\"><strong>No incluido:<\/strong><\/p><ul id=\"u57187-36\" class=\"list0 nls-None\"><li id=\"u57187-31\">Vuelos e impuestos (los precios dependen de la temporada)<\/li><li id=\"u57187-33\">Bebidas alcoh\u00f3licas<\/li><li id=\"u57187-35\">Saco de dormir<\/li><\/ul><p>\u00a0<\/p><p id=\"u57187-39\"><strong>\u00bfQu\u00e9 debo llevar?<\/strong><\/p><ul id=\"u57187-75\" class=\"list0 nls-None\"><li id=\"u57187-42\">Mochila peque\u00f1a.<\/li><li id=\"u57187-44\">Saco de dormir.<\/li><li id=\"u57187-46\">Poncho para la lluvia.<\/li><li id=\"u57187-48\">Repelente de mosquitos.<\/li><li id=\"u57187-50\">Camisas de manga larga.<\/li><li id=\"u57187-52\">Pantalones.<\/li><li id=\"u57187-54\">Trajes de ba\u00f1o.<\/li><li id=\"u57187-56\">Toalla.<\/li><li id=\"u57187-58\">Botas de goma impermeables (se pueden alquilar en el parque Tambopata).<\/li><li id=\"u57187-60\">Sombrero.<\/li><li id=\"u57187-62\">Bloqueador solar.<\/li><li id=\"u57187-64\">Prism\u00e1ticos.<\/li><li id=\"u57187-66\">Botella de agua.<\/li><li id=\"u57187-68\">C\u00e1mara fotogr\u00e1fica.<\/li><li id=\"u57187-70\">Dinero en suelas.<\/li><li id=\"u57187-72\">Gel desinfectante para manos.<\/li><li id=\"u57187-74\">Papel higi\u00e9nico.<\/li><\/ul>\t\t\t\t\t\t\t\t<\/div>\n\t\t\t\t<\/div>\n\t\t<div id=\"e-n-tab-content-1394182504\" role=\"tabpanel\" aria-labelledby=\"e-n-tab-title-1394182504\" data-tab-index=\"4\" style=\"--n-tabs-title-order: 4;\" class=\"elementor-element elementor-element-3449c55 e-con-full e-flex wpr-particle-no wpr-jarallax-no wpr-parallax-no wpr-sticky-section-no e-con e-child\" data-id=\"3449c55\" data-element_type=\"container\" data-e-type=\"container\">\n\t\t\t\t<div class=\"elementor-element elementor-element-2aee766 elementor-widget__width-initial elementor-widget elementor-widget-text-editor\" data-id=\"2aee766\" data-element_type=\"widget\" data-e-type=\"widget\" data-widget_type=\"text-editor.default\">\n\t\t\t\t\t\t\t\t\t<p>\u00a0<\/p><p id=\"u57185-2\"><strong>Precios \u2013 Reserva Tambopata 4 d\u00edas<\/strong><\/p><p>\u00a0<\/p><ul id=\"u57185-19\" class=\"list0 nls-None\"><li id=\"u57185-6\"><span id=\"u57185-4\">PRECIO:\u00a0<\/span>840 USD$ por persona al reservar para 2 personas.<\/li><li id=\"u57185-9\"><span id=\"u57185-7\">PRECIO:<\/span>\u00a0780 USD$ por persona al reservar 3 personas.<\/li><li id=\"u57185-12\"><span id=\"u57185-10\">PRECIO:\u00a0<\/span>730 USD$ por persona al reservar para 4 personas.<\/li><li id=\"u57185-15\"><span id=\"u57185-13\">PRECIO:\u00a0<\/span>680 USD$ por persona al reservar para 5-6 personas.<\/li><li id=\"u57185-18\"><span id=\"u57185-16\">PRECIO:<\/span>\u00a0630 USD$ por persona al reservar de 7 a 9 personas.<\/li><\/ul>\t\t\t\t\t\t\t\t<\/div>\n\t\t\t\t<\/div>\n\t\t\t\t\t<\/div>\n\t\t<\/div>\n\t\t\t\t\t\t<\/div>\n\t\t\t\t\t<\/div>\n\t\t\t\t<\/div>\n\t\t<div class=\"elementor-element elementor-element-b004eef e-flex e-con-boxed wpr-particle-no wpr-jarallax-no wpr-parallax-no wpr-sticky-section-no e-con e-parent\" data-id=\"b004eef\" data-element_type=\"container\" data-e-type=\"container\">\n\t\t\t\t\t<div class=\"e-con-inner\">\n\t\t\t\t<div class=\"elementor-element elementor-element-831001b elementor-widget elementor-widget-spacer\" data-id=\"831001b\" data-element_type=\"widget\" data-e-type=\"widget\" data-widget_type=\"spacer.default\">\n\t\t\t\t\t\t\t<div class=\"elementor-spacer\">\n\t\t\t<div class=\"elementor-spacer-inner\"><\/div>\n\t\t<\/div>\n\t\t\t\t\t\t<\/div>\n\t\t\t\t\t<\/div>\n\t\t\t\t<\/div>\n\t\t\t\t<\/div>","protected":false},"excerpt":{"rendered":"<p>Tambopata Reserve 4 days DESCRIPTION: Tambopata Reserve 4 days; Tambopata reserve was created in 1989 by the Peruvian government this protected area of 1.5 million hectares is an \u201ceco -tourism\u201d area. It contains all of the Tambopata-falls in one of the most beautiful and best preserved areas of Peru. Going down the Tambopata River by boat is an excellent way to admire the spectacular and luxurious rainforest landscape and observe the fauna and flora at the shores. You will be able to see an incredible amount of flowers, plants, butterflies, fish, caimans, jaguars, snakes \u2026 Also we will meet the people who live on these lands the ancestral way, in total harmony with nature since always, counting tales from the jungle around the campfire\u2026 Overview Itinerary Included Prices This service includes transfers from the hotel to the airport and transfer from the lodge to the city in which we will have a small visit before taking the boat and begin our journey. \u00a0 Locations Visited\u00a0\u00a0 :\u00a0Tambopata Reserve , Cultural Zone Trip Style\u00a0\u00a0\u00a0\u00a0\u00a0\u00a0\u00a0\u00a0\u00a0\u00a0\u00a0\u00a0\u00a0\u00a0\u00a0\u00a0 :\u00a0Jungle Tours Length\u00a0\u00a0\u00a0\u00a0\u00a0\u00a0\u00a0\u00a0\u00a0\u00a0\u00a0\u00a0\u00a0\u00a0\u00a0\u00a0\u00a0\u00a0\u00a0\u00a0 :\u00a04D\/3N Frequency\u00a0\u00a0\u00a0\u00a0\u00a0\u00a0\u00a0\u00a0\u00a0\u00a0\u00a0\u00a0\u00a0\u00a0 :\u00a0Upon Request Group\u00a0\u00a0\u00a0\u00a0\u00a0\u00a0\u00a0\u00a0\u00a0\u00a0\u00a0\u00a0\u00a0\u00a0\u00a0\u00a0\u00a0\u00a0\u00a0\u00a0\u00a0\u00a0 :\u00a02 People min \/ 9 People max Price\u00a0\u00a0\u00a0\u00a0\u00a0\u00a0\u00a0\u00a0\u00a0\u00a0\u00a0\u00a0\u00a0\u00a0\u00a0\u00a0\u00a0\u00a0\u00a0\u00a0\u00a0\u00a0\u00a0\u00a0 :\u00a0840 USD$ Physical Grading\u00a0\u00a0\u00a0\u00a0 :\u00a02 \u00a0 Tambopata Reserve 4 days Itinerary: \u00a0 Day 1:\u00a0We will gather at the airport where we\u2019ll drive you to our motorboat and start our trip up the river for about three hours, until we arrive at the lodge. If the weather allows it we\u2019ll visit a native community before embarking for another two hours of boating. During the journey we\u2019ll be able to see caimans, turtles, aquatic birds, etc. and eat our box-lunch. Arriving at our lodge we\u2019ll have a welcome drink. After, a brief rest we\u2019ll hike the short trail to a small lake from where we\u2019ll continue on towards the Sunset-point, just in time to watch an incredible sunset over the jungle. When it\u2019ll be getting darker we\u2019ll get into our boat once more, armed with torches to seek and observe caimans. Back in the campsite we\u2019ll have diner with the bilingual guides who are resident in this area and will be more than happy to answer any questions you might have concerning the Amazonian jungle and the Tambopata &#8211; reserve. \u00a0 Day 2:\u00a0This will be an early-rise day we\u2019ll start hiking for about 5 kilometers with our guide until the Cocococha &#8211; lake. During this walk we\u2019ll have plenty of opportunity to observe many different plants, exotic insects, butterflies, multi-colored birds, monkeys and with any luck also some of the larger mammalians. On the lake we\u2019ll have some canoes to take some small trips on the water and observe the wealth and variety of wild fauna at the shores. Back at the lodge we\u2019ll have some lunch (maybe a little late) after what we\u2019ll have the afternoon free to rest and enjoy any independent activity. \u00a0 Day 3:\u00a0Early in the morning we\u2019ll have a visit to the parrot\u2019s macaw clay lick (place where they gather to eat salt or clay). We can also visit a macaw clay lick for larger mammalians. In the afternoon-hours we\u2019ll have a walk and visit the native community of La Torre (The Tower) after which we\u2019ll return to our campsite for a quiet night. \u00a0 Day 4:\u00a0We\u2019ll wake up and have breakfast very early in the morning before embarking for our journey back. As a last present we\u2019ll be able to enjoy the unforgettable sight of a sunrise over the jungle. Once in Puerto Maldonado we\u2019ll have a transfer that will bring us to the airport for our flight back. Included \u2013 Tambopata Reserve 4 days \u00a0 Included: Transport Boat Meals during the trip Entrance to the park of Tambopata Bus Guide Typical drinks Camping equipment Lodge \u00a0 Not Included: Flights and taxes (the prices depend of the season) Alcoholic drinks Sleeping bag \u00a0 What to bring? Small backpack. Sleeping bag. Rain poncho. Mosquito repellent. Long-sleeved shirts. Trousers. Swimming clothes. Towel. Waterproof rubber boots (you can rent them in the Tambopata park). Hat. Sun block. Binoculars. Water bottle. Photo camera. Money in soles. Disinfecting gel for the hands. Toilet paper. \u00a0 Prices \u2013 Tambopata Reserve 4 days \u00a0 PRICE:\u00a0840 USD$ per person when booking 2 people PRICE:\u00a0780 USD$ per person when booking 3 people PRICE:\u00a0730 USD$ per person when booking 4 people PRICE:\u00a0680 USD$ per person when booking 5- 6 people PRICE:\u00a0630 USD$ per person when booking 7 -9 people This service includes transfers from the hotel to the airport and transfer from the lodge to the city in which we will have a small visit before taking the boat and begin our journey. \u00a0 Locations Visited\u00a0\u00a0 :\u00a0Tambopata Reserve , Cultural Zone Trip Style\u00a0\u00a0\u00a0\u00a0\u00a0\u00a0\u00a0\u00a0\u00a0\u00a0\u00a0\u00a0\u00a0\u00a0\u00a0\u00a0 :\u00a0Jungle Tours Length\u00a0\u00a0\u00a0\u00a0\u00a0\u00a0\u00a0\u00a0\u00a0\u00a0\u00a0\u00a0\u00a0\u00a0\u00a0\u00a0\u00a0\u00a0\u00a0\u00a0 :\u00a04D\/3N Frequency\u00a0\u00a0\u00a0\u00a0\u00a0\u00a0\u00a0\u00a0\u00a0\u00a0\u00a0\u00a0\u00a0\u00a0 :\u00a0Upon Request Group\u00a0\u00a0\u00a0\u00a0\u00a0\u00a0\u00a0\u00a0\u00a0\u00a0\u00a0\u00a0\u00a0\u00a0\u00a0\u00a0\u00a0\u00a0\u00a0\u00a0\u00a0\u00a0 :\u00a02 People min \/ 9 People max Price\u00a0\u00a0\u00a0\u00a0\u00a0\u00a0\u00a0\u00a0\u00a0\u00a0\u00a0\u00a0\u00a0\u00a0\u00a0\u00a0\u00a0\u00a0\u00a0\u00a0\u00a0\u00a0\u00a0\u00a0 :\u00a0840 USD$ Physical Grading\u00a0\u00a0\u00a0\u00a0 :\u00a02 \u00a0 Tambopata Reserve 4 days Itinerary: \u00a0 Day 1:\u00a0We will gather at the airport where we\u2019ll drive you to our motorboat and start our trip up the river for about three hours, until we arrive at the lodge. If the weather allows it we\u2019ll visit a native community before embarking for another two hours of boating. During the journey we\u2019ll be able to see caimans, turtles, aquatic birds, etc. and eat our box-lunch. Arriving at our lodge we\u2019ll have a welcome drink. After, a brief rest we\u2019ll hike the short trail to a small lake from where we\u2019ll continue on towards the Sunset-point, just in time to watch an incredible sunset over the jungle. When it\u2019ll be getting darker we\u2019ll get into our boat once more, armed with torches to seek and observe caimans. Back in the campsite we\u2019ll have diner with the bilingual guides who are resident in this area and will be more than happy to answer any questions you might have concerning the Amazonian jungle and the Tambopata &#8211; reserve. \u00a0 Day 2:\u00a0This will be an early-rise day we\u2019ll start hiking for about 5 kilometers with our guide until the Cocococha &#8211; lake. During this walk we\u2019ll have plenty of<\/p>","protected":false},"author":1,"featured_media":0,"parent":0,"menu_order":0,"comment_status":"closed","ping_status":"closed","template":"","meta":{"_eb_attr":"","footnotes":""},"class_list":["post-2245","page","type-page","status-publish","hentry"],"_hostinger_reach_plugin_has_subscription_block":false,"_hostinger_reach_plugin_is_elementor":false,"_links":{"self":[{"href":"https:\/\/apurimacadventures.com\/es\/wp-json\/wp\/v2\/pages\/2245","targetHints":{"allow":["GET"]}}],"collection":[{"href":"https:\/\/apurimacadventures.com\/es\/wp-json\/wp\/v2\/pages"}],"about":[{"href":"https:\/\/apurimacadventures.com\/es\/wp-json\/wp\/v2\/types\/page"}],"author":[{"embeddable":true,"href":"https:\/\/apurimacadventures.com\/es\/wp-json\/wp\/v2\/users\/1"}],"replies":[{"embeddable":true,"href":"https:\/\/apurimacadventures.com\/es\/wp-json\/wp\/v2\/comments?post=2245"}],"version-history":[{"count":12,"href":"https:\/\/apurimacadventures.com\/es\/wp-json\/wp\/v2\/pages\/2245\/revisions"}],"predecessor-version":[{"id":2933,"href":"https:\/\/apurimacadventures.com\/es\/wp-json\/wp\/v2\/pages\/2245\/revisions\/2933"}],"wp:attachment":[{"href":"https:\/\/apurimacadventures.com\/es\/wp-json\/wp\/v2\/media?parent=2245"}],"curies":[{"name":"wp","href":"https:\/\/api.w.org\/{rel}","templated":true}]}}