{"id":2234,"date":"2025-11-09T02:24:08","date_gmt":"2025-11-09T02:24:08","guid":{"rendered":"https:\/\/apurimacadventures.com\/?page_id=2234"},"modified":"2025-12-06T13:38:11","modified_gmt":"2025-12-06T13:38:11","slug":"excursion-al-valle-sagrado-chinchero-y-las-minas-de-sal-de-moray","status":"publish","type":"page","link":"https:\/\/apurimacadventures.com\/es\/sacred-valley-tour-chinchero-moray-salt-mines\/","title":{"rendered":"Excursi\u00f3n al Valle Sagrado: Chinchero, Moray, Minas de Sal"},"content":{"rendered":"<div data-elementor-type=\"wp-page\" data-elementor-id=\"2234\" class=\"elementor elementor-2234\" data-elementor-post-type=\"page\">\n\t\t\t\t<div class=\"elementor-element elementor-element-08fadc6 e-con-full e-flex wpr-particle-no wpr-jarallax-no wpr-parallax-no wpr-sticky-section-no e-con e-parent\" data-id=\"08fadc6\" data-element_type=\"container\" data-e-type=\"container\" data-settings=\"{&quot;background_background&quot;:&quot;classic&quot;}\">\n\t\t\t\t<div class=\"elementor-element elementor-element-5b1bc66 elementor-widget elementor-widget-heading\" data-id=\"5b1bc66\" data-element_type=\"widget\" data-e-type=\"widget\" data-widget_type=\"heading.default\">\n\t\t\t\t\t<h2 class=\"elementor-heading-title elementor-size-default\">Excursi\u00f3n al Valle Sagrado: Chinchero, Moray, Minas de Sal\n\n\n\n<\/h2>\t\t\t\t<\/div>\n\t\t<div class=\"elementor-element elementor-element-6648a9e e-con-full e-flex wpr-particle-no wpr-jarallax-no wpr-parallax-no wpr-sticky-section-no e-con e-child\" data-id=\"6648a9e\" data-element_type=\"container\" data-e-type=\"container\" data-settings=\"{&quot;background_background&quot;:&quot;classic&quot;}\">\n\t\t\t\t<\/div>\n\t\t\t\t<\/div>\n\t\t<div class=\"elementor-element elementor-element-8620c99 e-flex e-con-boxed wpr-particle-no wpr-jarallax-no wpr-parallax-no wpr-sticky-section-no e-con e-parent\" data-id=\"8620c99\" data-element_type=\"container\" data-e-type=\"container\">\n\t\t\t\t\t<div class=\"e-con-inner\">\n\t\t\t\t<div class=\"elementor-element elementor-element-61ae41f elementor-widget__width-initial elementor-widget elementor-widget-text-editor\" data-id=\"61ae41f\" data-element_type=\"widget\" data-e-type=\"widget\" data-widget_type=\"text-editor.default\">\n\t\t\t\t\t\t\t\t\t<div id=\"u47967-4\" class=\"clearfix colelem shared_content\" data-muse-uid=\"U47967\" data-muse-type=\"txt_frame\" data-ibe-flags=\"txtStyleSrc\" data-sizepolicy=\"fixed\" data-pintopage=\"page_fixedCenter\" data-content-guid=\"u47967-4_content\"><strong>DESCRIPCI\u00d3N:<\/strong><div id=\"u56120-4\" class=\"clearfix colelem shared_content\" data-muse-uid=\"U56120\" data-muse-type=\"txt_frame\" data-ibe-flags=\"txtStyleSrc\" data-sizepolicy=\"fixed\" data-pintopage=\"page_fixedCenter\" data-content-guid=\"u56120-4_content\"><p>Excursi\u00f3n al Valle Sagrado; El Valle Sagrado est\u00e1 repleto de una mezcla de atracciones hist\u00f3ricas y tradiciones culturales vivas, y es muy popular entre los visitantes de Per\u00fa. Desde Cusco, recorreremos un circuito para visitar algunos de los sitios m\u00e1s interesantes en el coraz\u00f3n de la tierra de los incas. En el colorido pueblo de Chinchero, conocer\u00e1s la cultura del tejido: la preparaci\u00f3n de la lana, c\u00f3mo se utilizan tintes naturales para colorearla y el proceso de tejido para crear hermosos textiles. Moray es una serie de terrazas circulares que sirvieron como laboratorio agr\u00edcola para los incas, donde pudieron experimentar con cultivos en diferentes microclimas y suelos. Y las fascinantes salineras, ahora propiedad de la comunidad de Maras, siguen en funcionamiento hoy en d\u00eda.<\/p><\/div><\/div>\t\t\t\t\t\t\t\t<\/div>\n\t\t\t\t<div class=\"elementor-element elementor-element-84f5a8a e-n-tabs-mobile elementor-widget elementor-widget-n-tabs\" data-id=\"84f5a8a\" data-element_type=\"widget\" data-e-type=\"widget\" data-settings=\"{&quot;_animation&quot;:&quot;none&quot;,&quot;tabs_justify_horizontal&quot;:&quot;stretch&quot;,&quot;horizontal_scroll&quot;:&quot;disable&quot;}\" data-widget_type=\"nested-tabs.default\">\n\t\t\t\t\t\t\t<div class=\"e-n-tabs\" data-widget-number=\"139418250\" aria-label=\"Abas. Abra os itens com Enter ou Espa\u00e7o, feche com Esc e navegue usando as teclas de seta.\" data-no-translation-aria-label=\"\">\n\t\t\t<div class=\"e-n-tabs-heading\" role=\"tablist\">\n\t\t\t\t\t<button id=\"e-n-tab-title-1394182501\" data-tab-title-id=\"e-n-tab-title-1394182501\" class=\"e-n-tab-title\" aria-selected=\"true\" data-tab-index=\"1\" role=\"tab\" tabindex=\"0\" aria-controls=\"e-n-tab-content-1394182501\" style=\"--n-tabs-title-order: 1;\">\n\t\t\t\t\t\t<span class=\"e-n-tab-title-text\">\n\t\t\t\tDescripci\u00f3n general\t\t\t<\/span>\n\t\t<\/button>\n\t\t\t\t<button id=\"e-n-tab-title-1394182502\" data-tab-title-id=\"e-n-tab-title-1394182502\" class=\"e-n-tab-title\" aria-selected=\"false\" data-tab-index=\"2\" role=\"tab\" tabindex=\"-1\" aria-controls=\"e-n-tab-content-1394182502\" style=\"--n-tabs-title-order: 2;\">\n\t\t\t\t\t\t<span class=\"e-n-tab-title-text\">\n\t\t\t\tItinerario\t\t\t<\/span>\n\t\t<\/button>\n\t\t\t\t<button id=\"e-n-tab-title-1394182503\" data-tab-title-id=\"e-n-tab-title-1394182503\" class=\"e-n-tab-title\" aria-selected=\"false\" data-tab-index=\"3\" role=\"tab\" tabindex=\"-1\" aria-controls=\"e-n-tab-content-1394182503\" style=\"--n-tabs-title-order: 3;\">\n\t\t\t\t\t\t<span class=\"e-n-tab-title-text\">\n\t\t\t\tIncluido\t\t\t<\/span>\n\t\t<\/button>\n\t\t\t\t<button id=\"e-n-tab-title-1394182504\" data-tab-title-id=\"e-n-tab-title-1394182504\" class=\"e-n-tab-title\" aria-selected=\"false\" data-tab-index=\"4\" role=\"tab\" tabindex=\"-1\" aria-controls=\"e-n-tab-content-1394182504\" style=\"--n-tabs-title-order: 4;\">\n\t\t\t\t\t\t<span class=\"e-n-tab-title-text\">\n\t\t\t\tPrecios\t\t\t<\/span>\n\t\t<\/button>\n\t\t\t\t\t<\/div>\n\t\t\t<div class=\"e-n-tabs-content\">\n\t\t\t\t<div id=\"e-n-tab-content-1394182501\" role=\"tabpanel\" aria-labelledby=\"e-n-tab-title-1394182501\" data-tab-index=\"1\" style=\"--n-tabs-title-order: 1;\" class=\"e-active elementor-element elementor-element-94e590d e-con-full e-flex wpr-particle-no wpr-jarallax-no wpr-parallax-no wpr-sticky-section-no e-con e-child\" data-id=\"94e590d\" data-element_type=\"container\" data-e-type=\"container\">\n\t\t<div class=\"elementor-element elementor-element-2d751ac e-con-full animated-slow e-flex wpr-particle-no wpr-jarallax-no wpr-parallax-no wpr-sticky-section-no elementor-invisible e-con e-child\" data-id=\"2d751ac\" data-element_type=\"container\" data-e-type=\"container\" data-settings=\"{&quot;background_background&quot;:&quot;classic&quot;,&quot;animation&quot;:&quot;fadeIn&quot;}\">\n\t\t\t\t<\/div>\n\t\t\t\t<div class=\"elementor-element elementor-element-5d20cd5 elementor-widget__width-initial elementor-widget elementor-widget-text-editor\" data-id=\"5d20cd5\" data-element_type=\"widget\" data-e-type=\"widget\" data-widget_type=\"text-editor.default\">\n\t\t\t\t\t\t\t\t\t<p>\u00a0<\/p><p><strong><span id=\"u56131\">Lugares visitados:\u00a0<\/span><\/strong>Chinchero, Maras Moray, Mina de Sal (salineras)<\/p><p><strong><span id=\"u56131-4\">Estilo de viaje:\u00a0<\/span><\/strong>recorridos culturales<\/p><p><strong><span id=\"u56131-7\">Longitud                    :\u00a0<\/span><\/strong>D\u00eda completo<\/p><p><span id=\"u56131-10\"><strong>Frecuencia              :<\/strong>\u00a0<\/span>A pedido<\/p><p><span id=\"u56131-13\"><strong>Grupo                      :<\/strong>\u00a0<\/span>M\u00ednimo 2 personas \/ M\u00e1ximo 9 personas<\/p><p><strong><span id=\"u56131-16\">Precio                        :\u00a0<\/span><\/strong>125 USD$<\/p><p><strong><span id=\"u56131-19\">Calificaci\u00f3n f\u00edsica:\u00a0<\/span><\/strong>2<\/p>\t\t\t\t\t\t\t\t<\/div>\n\t\t\t\t<\/div>\n\t\t<div id=\"e-n-tab-content-1394182502\" role=\"tabpanel\" aria-labelledby=\"e-n-tab-title-1394182502\" data-tab-index=\"2\" style=\"--n-tabs-title-order: 2;\" class=\"elementor-element elementor-element-2d5725f e-con-full e-flex wpr-particle-no wpr-jarallax-no wpr-parallax-no wpr-sticky-section-no e-con e-child\" data-id=\"2d5725f\" data-element_type=\"container\" data-e-type=\"container\">\n\t\t<div class=\"elementor-element elementor-element-2df2eb8 e-con-full animated-slow e-flex wpr-particle-no wpr-jarallax-no wpr-parallax-no wpr-sticky-section-no elementor-invisible e-con e-child\" data-id=\"2df2eb8\" data-element_type=\"container\" data-e-type=\"container\" data-settings=\"{&quot;background_background&quot;:&quot;classic&quot;,&quot;animation&quot;:&quot;fadeIn&quot;}\">\n\t\t\t\t<\/div>\n\t\t\t\t<div class=\"elementor-element elementor-element-5462b0a elementor-widget__width-initial elementor-widget elementor-widget-text-editor\" data-id=\"5462b0a\" data-element_type=\"widget\" data-e-type=\"widget\" data-widget_type=\"text-editor.default\">\n\t\t\t\t\t\t\t\t\t<p>\u00a0<\/p><p id=\"u56135-2\"><strong>Itinerario \u2013 Excursi\u00f3n al Valle Sagrado: Chinchero, Moray, Minas de Sal<\/strong><\/p><p>\u00a0<\/p><p id=\"u56135-5\">Te recogemos en tu hotel para comenzar nuestro tour por el Valle Sagrado. De camino a Chinchero, ver\u00e1s a los lugare\u00f1os cultivando y cuidando animales como lo han hecho durante siglos. En Chinchero, donde la vida se organiza en torno a cooperativas de tejido, te recibiremos en los complejos donde te explicar\u00e1n sus pr\u00e1cticas. A continuaci\u00f3n, haremos una parada fascinante para conocer el complejo agr\u00edcola de Moray y, finalmente, visitaremos el pueblo de Maras y las salineras. Al finalizar el tour, te llevaremos de regreso a tu hotel en Cusco.<\/p>\t\t\t\t\t\t\t\t<\/div>\n\t\t\t\t<\/div>\n\t\t<div id=\"e-n-tab-content-1394182503\" role=\"tabpanel\" aria-labelledby=\"e-n-tab-title-1394182503\" data-tab-index=\"3\" style=\"--n-tabs-title-order: 3;\" class=\"elementor-element elementor-element-7c01974 e-con-full e-flex wpr-particle-no wpr-jarallax-no wpr-parallax-no wpr-sticky-section-no e-con e-child\" data-id=\"7c01974\" data-element_type=\"container\" data-e-type=\"container\">\n\t\t<div class=\"elementor-element elementor-element-cf848f1 e-con-full animated-slow e-flex wpr-particle-no wpr-jarallax-no wpr-parallax-no wpr-sticky-section-no elementor-invisible e-con e-child\" data-id=\"cf848f1\" data-element_type=\"container\" data-e-type=\"container\" data-settings=\"{&quot;background_background&quot;:&quot;classic&quot;,&quot;animation&quot;:&quot;fadeIn&quot;}\">\n\t\t\t\t<\/div>\n\t\t\t\t<div class=\"elementor-element elementor-element-8872907 elementor-widget__width-initial elementor-widget elementor-widget-text-editor\" data-id=\"8872907\" data-element_type=\"widget\" data-e-type=\"widget\" data-widget_type=\"text-editor.default\">\n\t\t\t\t\t\t\t\t\t<p id=\"u56127-2\">\u00a0<\/p><p id=\"u56127-5\"><strong>EL TOUR INCLUYE:<\/strong><\/p><ul id=\"u56127-15\" class=\"list0 nls-None\"><li id=\"u56127-8\">Excelente gu\u00eda privado (ingl\u00e9s y espa\u00f1ol)<\/li><li id=\"u56127-10\">Transporte tur\u00edstico privado<\/li><li id=\"u56127-12\">Tarifa de entrada a los sitios arqueol\u00f3gicos y a la mina de sal.<\/li><li id=\"u56127-14\">Todos los impuestos locales<\/li><\/ul><p>\u00a0<\/p><p id=\"u56127-18\"><strong>TOUR NO INCLUIDO.<\/strong><\/p><ul id=\"u56127-24\" class=\"list0 nls-None\"><li id=\"u56127-21\">Almuerzo<\/li><li id=\"u56127-23\">Bebidas<\/li><\/ul><p>\u00a0<\/p><p id=\"u56127-27\"><strong>LO QUE DEBES TRAER:<\/strong><\/p><ul id=\"u56127-45\" class=\"list0 nls-None\"><li id=\"u56127-30\">Mochila c\u00f3moda para el d\u00eda a d\u00eda (para llevar tus pertenencias personales)<\/li><li id=\"u56127-32\">Botas de trekking ligeras (con buen soporte para el tobillo)<\/li><li id=\"u56127-34\">Chaqueta impermeable\/poncho para la lluvia (depende de las condiciones clim\u00e1ticas)<\/li><li id=\"u56127-36\">Chaqueta abrigada<\/li><li id=\"u56127-38\">Camisetas\/Pantalones c\u00f3modos\/Sombrero para el sol<\/li><li id=\"u56127-40\">Cortavientos (depende de las condiciones clim\u00e1ticas)<\/li><li id=\"u56127-42\">Crema de protecci\u00f3n solar (se recomienda FPS 45 o superior).<\/li><li id=\"u56127-44\">sombrero para el sol, gafas de sol<\/li><\/ul>\t\t\t\t\t\t\t\t<\/div>\n\t\t\t\t<\/div>\n\t\t<div id=\"e-n-tab-content-1394182504\" role=\"tabpanel\" aria-labelledby=\"e-n-tab-title-1394182504\" data-tab-index=\"4\" style=\"--n-tabs-title-order: 4;\" class=\"elementor-element elementor-element-3449c55 e-con-full e-flex wpr-particle-no wpr-jarallax-no wpr-parallax-no wpr-sticky-section-no e-con e-child\" data-id=\"3449c55\" data-element_type=\"container\" data-e-type=\"container\">\n\t\t\t\t<div class=\"elementor-element elementor-element-2aee766 elementor-widget__width-initial elementor-widget elementor-widget-text-editor\" data-id=\"2aee766\" data-element_type=\"widget\" data-e-type=\"widget\" data-widget_type=\"text-editor.default\">\n\t\t\t\t\t\t\t\t\t<p>\u00a0<\/p><p id=\"u56137-2\"><strong>Precios \u2013 Excursi\u00f3n al Valle Sagrado: Chinchero, Moray, Minas de Sal<\/strong><\/p><p>\u00a0<\/p><ul id=\"u56137-19\" class=\"list0 nls-None\"><li id=\"u56137-6\"><span id=\"u56137-4\">PRECIO:<\/span>\u00a0125 USD$ por persona al reservar para 2 personas.<\/li><li id=\"u56137-9\"><span id=\"u56137-7\">PRECIO:<\/span>\u00a0115 USD$ por persona al reservar 3 personas.<\/li><li id=\"u56137-12\"><span id=\"u56137-10\">PRECIO:<\/span>\u00a0105 USD$ por persona al reservar 4 personas.<\/li><li id=\"u56137-15\"><span id=\"u56137-13\">PRECIO:\u00a0<\/span>90 USD$ por persona al reservar para 5-6 personas.<\/li><li id=\"u56137-18\"><span id=\"u56137-16\">PRECIO:<\/span>\u00a080 USD$ por persona al reservar para 7-10 personas.<\/li><\/ul>\t\t\t\t\t\t\t\t<\/div>\n\t\t\t\t<\/div>\n\t\t\t\t\t<\/div>\n\t\t<\/div>\n\t\t\t\t\t\t<\/div>\n\t\t\t\t\t<\/div>\n\t\t\t\t<\/div>\n\t\t<div class=\"elementor-element elementor-element-b004eef e-flex e-con-boxed wpr-particle-no wpr-jarallax-no wpr-parallax-no wpr-sticky-section-no e-con e-parent\" data-id=\"b004eef\" data-element_type=\"container\" data-e-type=\"container\">\n\t\t\t\t\t<div class=\"e-con-inner\">\n\t\t\t\t<div class=\"elementor-element elementor-element-831001b elementor-widget elementor-widget-spacer\" data-id=\"831001b\" data-element_type=\"widget\" data-e-type=\"widget\" data-widget_type=\"spacer.default\">\n\t\t\t\t\t\t\t<div class=\"elementor-spacer\">\n\t\t\t<div class=\"elementor-spacer-inner\"><\/div>\n\t\t<\/div>\n\t\t\t\t\t\t<\/div>\n\t\t\t\t\t<\/div>\n\t\t\t\t<\/div>\n\t\t\t\t<\/div>","protected":false},"excerpt":{"rendered":"<p>Sacred Valley Tour: Chinchero, Moray, Salt Mines DESCRIPTION: Sacred valley Tour; The Sacred Valley is filled with a mix of historical attractions and living cultural traditions, and it is very popular with visitors to Peru. From Cusco we will drive in a loop to visit some of the most interesting sites in this heartland of the Incas. In the colorful town of Chinchero you will be introduced to the weaving culture \u2013 the preparation of the wool, how they use natural dyes to color the wool, and the weaving process to create beautiful textiles. Moray is a series of circular terraces that served as an agricultural laboratory for the Incas, where they were able to experiment with crops in different microclimates and soils. And the fascinating Salt Mines, now owned by the community of Maras, are still active today. Overview Itinerary Included Prices \u00a0 Locations Visited\u00a0\u00a0 :\u00a0Chinchero, Maras Moray, Salt Mine (salineras) Trip Style\u00a0\u00a0\u00a0\u00a0\u00a0\u00a0\u00a0\u00a0\u00a0\u00a0\u00a0\u00a0\u00a0\u00a0\u00a0\u00a0 :\u00a0cultural tours Length\u00a0\u00a0\u00a0\u00a0\u00a0\u00a0\u00a0\u00a0\u00a0\u00a0\u00a0\u00a0\u00a0\u00a0\u00a0\u00a0\u00a0\u00a0\u00a0\u00a0 :\u00a0Full Day Frequency\u00a0\u00a0\u00a0\u00a0\u00a0\u00a0\u00a0\u00a0\u00a0\u00a0\u00a0\u00a0\u00a0\u00a0 :\u00a0Upon Request Group\u00a0\u00a0\u00a0\u00a0\u00a0\u00a0\u00a0\u00a0\u00a0\u00a0\u00a0\u00a0\u00a0\u00a0\u00a0\u00a0\u00a0\u00a0\u00a0\u00a0\u00a0\u00a0 :\u00a02 People min \/ 9 People max Price\u00a0\u00a0\u00a0\u00a0\u00a0\u00a0\u00a0\u00a0\u00a0\u00a0\u00a0\u00a0\u00a0\u00a0\u00a0\u00a0\u00a0\u00a0\u00a0\u00a0\u00a0\u00a0\u00a0\u00a0 :\u00a0125 USD$ Physical Grading\u00a0\u00a0\u00a0\u00a0 :\u00a02 \u00a0 Itinerary \u2013 Sacred Valley Tour: Chinchero, Moray, Salt Mines \u00a0 We pick you up from your hotel to start our Sacred Valley tour. On our way to Chinchero you will see locals farming and tending animals as they have for centuries. In Chinchero, where life is organized around weaving cooperatives, you will be welcomed into the compounds where they will explain their practices. Next will be a fascinating stop to learn about the Moray agricultural complex, and, finally, you will visit the\u00a0 Maras\u00a0 Town and the Salt Mines. At the end of the tour we will return you to your hotel in Cusco. \u00a0 TOUR INCLUDED: Excellent private guide (English and Spanish) Pr\u00edvate tourist transport Entrance fee to archeological sites and salt mine All local taxes \u00a0 TOUR NOT INCLUDED. Lunch Drinks \u00a0 WHAT YOU NEED TO BRING: Comfortable day backpack (to carry your personal belongings) Lighter trekking boots (with good ankle support) Waterproof jacket\/rain poncho (depends on weather conditions) Warm jacket T-shirts\/Comfortable trousers\/Sun hat Windbreaker (depends on weather conditions) Sun protection cream (SPF 45 or higher recommended) sun hat, sun glasses \u00a0 Prices \u2013 Sacred Valley Tour: Chinchero, Moray, Salt Mines \u00a0 PRICE:\u00a0125 USD$ per person when booking 2 people PRICE:\u00a0115 USD$ per person when booking 3 people PRICE:\u00a0105 USD$ per person when booking 4 people PRICE:\u00a090 USD$ per person when booking 5- 6 people PRICE:\u00a080 USD$ per person when booking 7 -10 people \u00a0 Locations Visited\u00a0\u00a0 :\u00a0Chinchero, Maras Moray, Salt Mine (salineras) Trip Style\u00a0\u00a0\u00a0\u00a0\u00a0\u00a0\u00a0\u00a0\u00a0\u00a0\u00a0\u00a0\u00a0\u00a0\u00a0\u00a0 :\u00a0cultural tours Length\u00a0\u00a0\u00a0\u00a0\u00a0\u00a0\u00a0\u00a0\u00a0\u00a0\u00a0\u00a0\u00a0\u00a0\u00a0\u00a0\u00a0\u00a0\u00a0\u00a0 :\u00a0Full Day Frequency\u00a0\u00a0\u00a0\u00a0\u00a0\u00a0\u00a0\u00a0\u00a0\u00a0\u00a0\u00a0\u00a0\u00a0 :\u00a0Upon Request Group\u00a0\u00a0\u00a0\u00a0\u00a0\u00a0\u00a0\u00a0\u00a0\u00a0\u00a0\u00a0\u00a0\u00a0\u00a0\u00a0\u00a0\u00a0\u00a0\u00a0\u00a0\u00a0 :\u00a02 People min \/ 9 People max Price\u00a0\u00a0\u00a0\u00a0\u00a0\u00a0\u00a0\u00a0\u00a0\u00a0\u00a0\u00a0\u00a0\u00a0\u00a0\u00a0\u00a0\u00a0\u00a0\u00a0\u00a0\u00a0\u00a0\u00a0 :\u00a0125 USD$ Physical Grading\u00a0\u00a0\u00a0\u00a0 :\u00a02 \u00a0 Itinerary \u2013 Sacred Valley Tour: Chinchero, Moray, Salt Mines \u00a0 We pick you up from your hotel to start our Sacred Valley tour. On our way to Chinchero you will see locals farming and tending animals as they have for centuries. In Chinchero, where life is organized around weaving cooperatives, you will be welcomed into the compounds where they will explain their practices. Next will be a fascinating stop to learn about the Moray agricultural complex, and, finally, you will visit the\u00a0 Maras\u00a0 Town and the Salt Mines. At the end of the tour we will return you to your hotel in Cusco. \u00a0 TOUR INCLUDED: Excellent private guide (English and Spanish) Pr\u00edvate tourist transport Entrance fee to archeological sites and salt mine All local taxes \u00a0 TOUR NOT INCLUDED. Lunch Drinks \u00a0 WHAT YOU NEED TO BRING: Comfortable day backpack (to carry your personal belongings) Lighter trekking boots (with good ankle support) Waterproof jacket\/rain poncho (depends on weather conditions) Warm jacket T-shirts\/Comfortable trousers\/Sun hat Windbreaker (depends on weather conditions) Sun protection cream (SPF 45 or higher recommended) sun hat, sun glasses \u00a0 Prices \u2013 Sacred Valley Tour: Chinchero, Moray, Salt Mines \u00a0 PRICE:\u00a0125 USD$ per person when booking 2 people PRICE:\u00a0115 USD$ per person when booking 3 people PRICE:\u00a0105 USD$ per person when booking 4 people PRICE:\u00a090 USD$ per person when booking 5- 6 people PRICE:\u00a080 USD$ per person when booking 7 -10 people<\/p>","protected":false},"author":1,"featured_media":0,"parent":0,"menu_order":0,"comment_status":"closed","ping_status":"closed","template":"","meta":{"_eb_attr":"","footnotes":""},"class_list":["post-2234","page","type-page","status-publish","hentry"],"_hostinger_reach_plugin_has_subscription_block":false,"_hostinger_reach_plugin_is_elementor":false,"_links":{"self":[{"href":"https:\/\/apurimacadventures.com\/es\/wp-json\/wp\/v2\/pages\/2234","targetHints":{"allow":["GET"]}}],"collection":[{"href":"https:\/\/apurimacadventures.com\/es\/wp-json\/wp\/v2\/pages"}],"about":[{"href":"https:\/\/apurimacadventures.com\/es\/wp-json\/wp\/v2\/types\/page"}],"author":[{"embeddable":true,"href":"https:\/\/apurimacadventures.com\/es\/wp-json\/wp\/v2\/users\/1"}],"replies":[{"embeddable":true,"href":"https:\/\/apurimacadventures.com\/es\/wp-json\/wp\/v2\/comments?post=2234"}],"version-history":[{"count":12,"href":"https:\/\/apurimacadventures.com\/es\/wp-json\/wp\/v2\/pages\/2234\/revisions"}],"predecessor-version":[{"id":2930,"href":"https:\/\/apurimacadventures.com\/es\/wp-json\/wp\/v2\/pages\/2234\/revisions\/2930"}],"wp:attachment":[{"href":"https:\/\/apurimacadventures.com\/es\/wp-json\/wp\/v2\/media?parent=2234"}],"curies":[{"name":"wp","href":"https:\/\/api.w.org\/{rel}","templated":true}]}}