{"id":2226,"date":"2025-11-09T02:20:58","date_gmt":"2025-11-09T02:20:58","guid":{"rendered":"https:\/\/apurimacadventures.com\/?page_id=2226"},"modified":"2025-12-06T13:34:06","modified_gmt":"2025-12-06T13:34:06","slug":"valle-sagrado-extendido-minas-de-sal-de-chinchero-moray-pisac","status":"publish","type":"page","link":"https:\/\/apurimacadventures.com\/es\/sacred-valley-extended-chinchero-moray-salt-mines-pisac\/","title":{"rendered":"Valle Sagrado (Extensi\u00f3n): Chinchero, Moray, Minas de Sal, Pisac"},"content":{"rendered":"<div data-elementor-type=\"wp-page\" data-elementor-id=\"2226\" class=\"elementor elementor-2226\" data-elementor-post-type=\"page\">\n\t\t\t\t<div class=\"elementor-element elementor-element-08fadc6 e-con-full e-flex wpr-particle-no wpr-jarallax-no wpr-parallax-no wpr-sticky-section-no e-con e-parent\" data-id=\"08fadc6\" data-element_type=\"container\" data-e-type=\"container\" data-settings=\"{&quot;background_background&quot;:&quot;classic&quot;}\">\n\t\t\t\t<div class=\"elementor-element elementor-element-5b1bc66 elementor-widget elementor-widget-heading\" data-id=\"5b1bc66\" data-element_type=\"widget\" data-e-type=\"widget\" data-widget_type=\"heading.default\">\n\t\t\t\t\t<h2 class=\"elementor-heading-title elementor-size-default\">Valle Sagrado (Extensi\u00f3n): Chinchero, Moray, Minas de Sal, Pisac\n\n\n\n<\/h2>\t\t\t\t<\/div>\n\t\t<div class=\"elementor-element elementor-element-6648a9e e-con-full e-flex wpr-particle-no wpr-jarallax-no wpr-parallax-no wpr-sticky-section-no e-con e-child\" data-id=\"6648a9e\" data-element_type=\"container\" data-e-type=\"container\" data-settings=\"{&quot;background_background&quot;:&quot;classic&quot;}\">\n\t\t\t\t<\/div>\n\t\t\t\t<\/div>\n\t\t<div class=\"elementor-element elementor-element-8620c99 e-flex e-con-boxed wpr-particle-no wpr-jarallax-no wpr-parallax-no wpr-sticky-section-no e-con e-parent\" data-id=\"8620c99\" data-element_type=\"container\" data-e-type=\"container\">\n\t\t\t\t\t<div class=\"e-con-inner\">\n\t\t\t\t<div class=\"elementor-element elementor-element-61ae41f elementor-widget__width-initial elementor-widget elementor-widget-text-editor\" data-id=\"61ae41f\" data-element_type=\"widget\" data-e-type=\"widget\" data-widget_type=\"text-editor.default\">\n\t\t\t\t\t\t\t\t\t<div id=\"u47967-4\" class=\"clearfix colelem shared_content\" data-muse-uid=\"U47967\" data-muse-type=\"txt_frame\" data-ibe-flags=\"txtStyleSrc\" data-sizepolicy=\"fixed\" data-pintopage=\"page_fixedCenter\" data-content-guid=\"u47967-4_content\"><strong>DESCRIPCI\u00d3N:<\/strong><div id=\"u55704-4\" class=\"clearfix colelem shared_content\" data-muse-uid=\"U55704\" data-muse-type=\"txt_frame\" data-ibe-flags=\"txtStyleSrc\" data-sizepolicy=\"fixed\" data-pintopage=\"page_fixedCenter\" data-content-guid=\"u55704-4_content\"><p>Este tour \u201cextendido\u201d comienza igual que nuestro tour est\u00e1ndar del Valle Sagrado, pero a\u00f1ade el sitio arqueol\u00f3gico de Pisac. Comenzar\u00e1 con una visita al colorido pueblo de tejedores de Chinchero, donde aprender\u00e1 el proceso de preparaci\u00f3n y te\u00f1ido de la lana para los tejidos tradicionales. A continuaci\u00f3n, visitar\u00e1 Moray, el laboratorio agr\u00edcola m\u00e1s antiguo conocido, donde los antiguos incas experimentaron con diferentes microclimas y suelos para mejorar sus cosechas. Despu\u00e9s, visitar\u00e1 Maras y las salineras, donde aprender\u00e1 su proceso natural de extracci\u00f3n de sal. Tras un delicioso almuerzo en Urubamba, nos dirigiremos al sitio arqueol\u00f3gico de Pisac. Adem\u00e1s de las fascinantes estructuras y las extensas terrazas agr\u00edcolas, Pisac alberga el cementerio inca m\u00e1s grande de todo el Per\u00fa. \u00a1A\u00f1ada impresionantes vistas de los Andes con majestuosas monta\u00f1as nevadas para un d\u00eda perfecto en Per\u00fa!<\/p><\/div><\/div>\t\t\t\t\t\t\t\t<\/div>\n\t\t\t\t<div class=\"elementor-element elementor-element-84f5a8a e-n-tabs-mobile elementor-widget elementor-widget-n-tabs\" data-id=\"84f5a8a\" data-element_type=\"widget\" data-e-type=\"widget\" data-settings=\"{&quot;_animation&quot;:&quot;none&quot;,&quot;tabs_justify_horizontal&quot;:&quot;stretch&quot;,&quot;horizontal_scroll&quot;:&quot;disable&quot;}\" data-widget_type=\"nested-tabs.default\">\n\t\t\t\t\t\t\t<div class=\"e-n-tabs\" data-widget-number=\"139418250\" aria-label=\"Pesta\u00f1as. Abre elementos con Intro o Espacio, ci\u00e9rralos con Escape y navega con las fechas.\">\n\t\t\t<div class=\"e-n-tabs-heading\" role=\"tablist\">\n\t\t\t\t\t<button id=\"e-n-tab-title-1394182501\" data-tab-title-id=\"e-n-tab-title-1394182501\" class=\"e-n-tab-title\" aria-selected=\"true\" data-tab-index=\"1\" role=\"tab\" tabindex=\"0\" aria-controls=\"e-n-tab-content-1394182501\" style=\"--n-tabs-title-order: 1;\">\n\t\t\t\t\t\t<span class=\"e-n-tab-title-text\">\n\t\t\t\tDescripci\u00f3n general\t\t\t<\/span>\n\t\t<\/button>\n\t\t\t\t<button id=\"e-n-tab-title-1394182502\" data-tab-title-id=\"e-n-tab-title-1394182502\" class=\"e-n-tab-title\" aria-selected=\"false\" data-tab-index=\"2\" role=\"tab\" tabindex=\"-1\" aria-controls=\"e-n-tab-content-1394182502\" style=\"--n-tabs-title-order: 2;\">\n\t\t\t\t\t\t<span class=\"e-n-tab-title-text\">\n\t\t\t\tItinerario\t\t\t<\/span>\n\t\t<\/button>\n\t\t\t\t<button id=\"e-n-tab-title-1394182503\" data-tab-title-id=\"e-n-tab-title-1394182503\" class=\"e-n-tab-title\" aria-selected=\"false\" data-tab-index=\"3\" role=\"tab\" tabindex=\"-1\" aria-controls=\"e-n-tab-content-1394182503\" style=\"--n-tabs-title-order: 3;\">\n\t\t\t\t\t\t<span class=\"e-n-tab-title-text\">\n\t\t\t\tIncluido\t\t\t<\/span>\n\t\t<\/button>\n\t\t\t\t<button id=\"e-n-tab-title-1394182504\" data-tab-title-id=\"e-n-tab-title-1394182504\" class=\"e-n-tab-title\" aria-selected=\"false\" data-tab-index=\"4\" role=\"tab\" tabindex=\"-1\" aria-controls=\"e-n-tab-content-1394182504\" style=\"--n-tabs-title-order: 4;\">\n\t\t\t\t\t\t<span class=\"e-n-tab-title-text\">\n\t\t\t\tPrecios\t\t\t<\/span>\n\t\t<\/button>\n\t\t\t\t\t<\/div>\n\t\t\t<div class=\"e-n-tabs-content\">\n\t\t\t\t<div id=\"e-n-tab-content-1394182501\" role=\"tabpanel\" aria-labelledby=\"e-n-tab-title-1394182501\" data-tab-index=\"1\" style=\"--n-tabs-title-order: 1;\" class=\"e-active elementor-element elementor-element-94e590d e-con-full e-flex wpr-particle-no wpr-jarallax-no wpr-parallax-no wpr-sticky-section-no e-con e-child\" data-id=\"94e590d\" data-element_type=\"container\" data-e-type=\"container\">\n\t\t<div class=\"elementor-element elementor-element-2d751ac e-con-full animated-slow e-flex wpr-particle-no wpr-jarallax-no wpr-parallax-no wpr-sticky-section-no elementor-invisible e-con e-child\" data-id=\"2d751ac\" data-element_type=\"container\" data-e-type=\"container\" data-settings=\"{&quot;background_background&quot;:&quot;classic&quot;,&quot;animation&quot;:&quot;fadeIn&quot;}\">\n\t\t\t\t<\/div>\n\t\t\t\t<div class=\"elementor-element elementor-element-5d20cd5 elementor-widget__width-initial elementor-widget elementor-widget-text-editor\" data-id=\"5d20cd5\" data-element_type=\"widget\" data-e-type=\"widget\" data-widget_type=\"text-editor.default\">\n\t\t\t\t\t\t\t\t\t<p>\u00a0<\/p><p><strong><span id=\"u55698\">Lugares visitados:\u00a0<\/span><\/strong>Chinchero, Maras Moray, Minas de Sal, Pisac<\/p><p><span id=\"u55698-4\"><strong>Estilo de viaje:<\/strong>\u00a0\u00a0<\/span>recorridos culturales<\/p><p><strong><span id=\"u55698-7\">Longitud                    :\u00a0<\/span><\/strong>D\u00eda completo<\/p><p><span id=\"u55698-10\"><strong>Frecuencia              :<\/strong>\u00a0<\/span>A pedido<\/p><p><strong><span id=\"u55698-13\">Grupo                      :\u00a0<\/span><\/strong>M\u00ednimo 2 personas \/ M\u00e1ximo 9 personas<\/p><p><span id=\"u55698-16\"><strong>Precio                        :<\/strong>\u00a0<\/span>140 USD$<\/p><p><strong><span id=\"u55698-19\">Calificaci\u00f3n f\u00edsica:\u00a0<\/span>2<\/strong><\/p>\t\t\t\t\t\t\t\t<\/div>\n\t\t\t\t<\/div>\n\t\t<div id=\"e-n-tab-content-1394182502\" role=\"tabpanel\" aria-labelledby=\"e-n-tab-title-1394182502\" data-tab-index=\"2\" style=\"--n-tabs-title-order: 2;\" class=\"elementor-element elementor-element-2d5725f e-con-full e-flex wpr-particle-no wpr-jarallax-no wpr-parallax-no wpr-sticky-section-no e-con e-child\" data-id=\"2d5725f\" data-element_type=\"container\" data-e-type=\"container\">\n\t\t<div class=\"elementor-element elementor-element-2df2eb8 e-con-full animated-slow e-flex wpr-particle-no wpr-jarallax-no wpr-parallax-no wpr-sticky-section-no elementor-invisible e-con e-child\" data-id=\"2df2eb8\" data-element_type=\"container\" data-e-type=\"container\" data-settings=\"{&quot;background_background&quot;:&quot;classic&quot;,&quot;animation&quot;:&quot;fadeIn&quot;}\">\n\t\t\t\t<\/div>\n\t\t\t\t<div class=\"elementor-element elementor-element-5462b0a elementor-widget__width-initial elementor-widget elementor-widget-text-editor\" data-id=\"5462b0a\" data-element_type=\"widget\" data-e-type=\"widget\" data-widget_type=\"text-editor.default\">\n\t\t\t\t\t\t\t\t\t<p id=\"u55692-2\"><strong>Itinerario<\/strong><\/p><p>\u00a0<\/p><p id=\"u55692-5\"><strong>EXCURSI\u00d3N DE D\u00cdA COMPLETO: CUSCO \u2013 CHINCHERO \u2013 MORAY \u2013 MINAS DE SAL \u2013 PISAC<\/strong><\/p><p>\u00a0<\/p><p id=\"u55692-8\">Te recogemos en tu hotel para nuestra excursi\u00f3n al Valle Sagrado de los Incas. Comenzamos con una visita al pueblo de tejedores de Chinchero y al sitio arqueol\u00f3gico de Chinchero, para luego dirigirnos al sitio agr\u00edcola de Moray. La ma\u00f1ana concluir\u00e1 con una visita al pueblo de Maras y las salineras, antes de disfrutar de un delicioso almuerzo en Urubamba. Pasaremos la tarde en Pisac, uno de los sitios incas m\u00e1s grandes y diversos del Valle Sagrado, donde explorar\u00e1s los templos principales, las casas de los incas y el famoso cementerio de Pisac. Al finalizar la excursi\u00f3n, te llevaremos de regreso a tu hotel en Cusco.<\/p>\t\t\t\t\t\t\t\t<\/div>\n\t\t\t\t<\/div>\n\t\t<div id=\"e-n-tab-content-1394182503\" role=\"tabpanel\" aria-labelledby=\"e-n-tab-title-1394182503\" data-tab-index=\"3\" style=\"--n-tabs-title-order: 3;\" class=\"elementor-element elementor-element-7c01974 e-con-full e-flex wpr-particle-no wpr-jarallax-no wpr-parallax-no wpr-sticky-section-no e-con e-child\" data-id=\"7c01974\" data-element_type=\"container\" data-e-type=\"container\">\n\t\t<div class=\"elementor-element elementor-element-cf848f1 e-con-full animated-slow e-flex wpr-particle-no wpr-jarallax-no wpr-parallax-no wpr-sticky-section-no elementor-invisible e-con e-child\" data-id=\"cf848f1\" data-element_type=\"container\" data-e-type=\"container\" data-settings=\"{&quot;background_background&quot;:&quot;classic&quot;,&quot;animation&quot;:&quot;fadeIn&quot;}\">\n\t\t\t\t<\/div>\n\t\t\t\t<div class=\"elementor-element elementor-element-8872907 elementor-widget__width-initial elementor-widget elementor-widget-text-editor\" data-id=\"8872907\" data-element_type=\"widget\" data-e-type=\"widget\" data-widget_type=\"text-editor.default\">\n\t\t\t\t\t\t\t\t\t<p id=\"u55690-2\">\u00a0<\/p><p id=\"u55690-5\"><strong>Servicio incluido:<\/strong><\/p><ul id=\"u55690-17\" class=\"list0 nls-None\"><li id=\"u55690-8\">Se proporcionar\u00e1 transporte privado y confortable en funci\u00f3n del tama\u00f1o del grupo.<\/li><li id=\"u55690-10\">Gu\u00eda tur\u00edstico de habla inglesa<\/li><li id=\"u55690-12\">Recogida en el hotel en Cusco o en los pueblos del Valle Sagrado.<\/li><li id=\"u55690-14\">Traslado a su hotel en Cusco o en el Valle Sagrado.<\/li><li id=\"u55690-16\">Entrada tur\u00edstica para visitar los yacimientos arqueol\u00f3gicos mencionados anteriormente + mina de sal<\/li><\/ul><p>\u00a0<\/p><p id=\"u55690-20\"><strong>Servicio no incluido:<\/strong><\/p><ul id=\"u55690-28\" class=\"list0 nls-None\"><li id=\"u55690-23\">Almuerzo<\/li><li id=\"u55690-25\">Aperitivos<\/li><li id=\"u55690-27\">bebidas<\/li><\/ul><p>\u00a0<\/p><p id=\"u55690-31\"><strong>Lo que necesitas traer:<\/strong><\/p><ul id=\"u55690-43\" class=\"list0 nls-None\"><li id=\"u55690-34\">Sombrero para el sol y gafas de sol<\/li><li id=\"u55690-36\">Crema de protecci\u00f3n solar (factor 35 recomendado)<\/li><li id=\"u55690-38\">Chaqueta impermeable\/poncho para la lluvia<\/li><li id=\"u55690-40\">Agua<\/li><li id=\"u55690-42\">C\u00e1mara y pel\u00edcula y\/o tarjeta de memoria<\/li><\/ul><p>\u00a0<\/p><p id=\"u55690-47\"><span id=\"u55690-45\"><strong>NOTA IMPORTANTE:<\/strong>\u00a0<\/span>Para visitar los sitios hist\u00f3ricos de Cusco o del Valle Sagrado, debe adquirir el boleto tur\u00edstico:<\/p><ul id=\"u55690-55\" class=\"list0 nls-None\"><li id=\"u55690-50\">El boleto parcial para el Valle Sagrado cuesta 70 soles peruanos y es v\u00e1lido por 2 d\u00edas consecutivos, con acceso a 4 sitios incas: Pisaq, Ollantaytambo, Moray y Chinchero.<\/li><li id=\"u55690-52\">El boleto tur\u00edstico completo para visitar Cusco y el Valle Sagrado cuesta 130 soles peruanos y es v\u00e1lido por 10 d\u00edas para acceder a 14 sitios diferentes, incluidos los museos de Cusco y los sitios arqueol\u00f3gicos del Valle Sagrado.<\/li><li id=\"u55690-54\">Para visitar las salinas hay que comprar una entrada aparte.<\/li><\/ul><p>\u00a0<\/p><p id=\"u55690-58\"><strong>(LA ENTRADA PARCIAL EST\u00c1 INCLUIDA EN ESTA GIRA)<\/strong><\/p>\t\t\t\t\t\t\t\t<\/div>\n\t\t\t\t<\/div>\n\t\t<div id=\"e-n-tab-content-1394182504\" role=\"tabpanel\" aria-labelledby=\"e-n-tab-title-1394182504\" data-tab-index=\"4\" style=\"--n-tabs-title-order: 4;\" class=\"elementor-element elementor-element-3449c55 e-con-full e-flex wpr-particle-no wpr-jarallax-no wpr-parallax-no wpr-sticky-section-no e-con e-child\" data-id=\"3449c55\" data-element_type=\"container\" data-e-type=\"container\">\n\t\t\t\t<div class=\"elementor-element elementor-element-2aee766 elementor-widget__width-initial elementor-widget elementor-widget-text-editor\" data-id=\"2aee766\" data-element_type=\"widget\" data-e-type=\"widget\" data-widget_type=\"text-editor.default\">\n\t\t\t\t\t\t\t\t\t<p>\u00a0<\/p><p id=\"u55700-2\"><strong>Precios \u2013 Valle Sagrado Extendido: Chinchero, Moray, Minas de Sal, Pisac<\/strong><\/p><p>\u00a0<\/p><ul id=\"u55700-19\" class=\"list0 nls-None\"><li id=\"u55700-6\"><span id=\"u55700-4\">PRECIO:\u00a0<\/span>140 USD$ por persona al reservar para 2 personas.<\/li><li id=\"u55700-9\"><span id=\"u55700-7\">PRECIO:<\/span>\u00a0125 USD$ por persona al reservar 3 personas.<\/li><li id=\"u55700-12\"><span id=\"u55700-10\">PRECIO:\u00a0<\/span>110 USD por persona al reservar para 4 personas.<\/li><li id=\"u55700-15\"><span id=\"u55700-13\">PRECIO:<\/span>\u00a095 USD$ por persona al reservar de 5 a 6 personas.<\/li><li id=\"u55700-18\"><span id=\"u55700-16\">PRECIO:<\/span>\u00a085 USD$ por persona al reservar de 7 a 9 personas.<\/li><\/ul>\t\t\t\t\t\t\t\t<\/div>\n\t\t\t\t<\/div>\n\t\t\t\t\t<\/div>\n\t\t<\/div>\n\t\t\t\t\t\t<\/div>\n\t\t\t\t\t<\/div>\n\t\t\t\t<\/div>\n\t\t<div class=\"elementor-element elementor-element-b004eef e-flex e-con-boxed wpr-particle-no wpr-jarallax-no wpr-parallax-no wpr-sticky-section-no e-con e-parent\" data-id=\"b004eef\" data-element_type=\"container\" data-e-type=\"container\">\n\t\t\t\t\t<div class=\"e-con-inner\">\n\t\t\t\t<div class=\"elementor-element elementor-element-831001b elementor-widget elementor-widget-spacer\" data-id=\"831001b\" data-element_type=\"widget\" data-e-type=\"widget\" data-widget_type=\"spacer.default\">\n\t\t\t\t\t\t\t<div class=\"elementor-spacer\">\n\t\t\t<div class=\"elementor-spacer-inner\"><\/div>\n\t\t<\/div>\n\t\t\t\t\t\t<\/div>\n\t\t\t\t\t<\/div>\n\t\t\t\t<\/div>\n\t\t\t\t<\/div>","protected":false},"excerpt":{"rendered":"<p>Sacred Valley Extended: Chinchero, Moray, Salt Mines, Pisac DESCRIPTION: This \u201cextended\u201d tour starts the same as our standard Sacred Valley tour, but adds the additional site of Pisac. You will start with a visit to the colorful weaving village of Chinchero where you will learn the process of preparing and dyeing wool for the traditional weavings. Next is a visit to Moray \u2013 the oldest known agricultural laboratory where ancient Incans experimented with different microclimates and soils to improve their harvests. A visit to Maras and the Salt Mines will follow where you will learn their natural process for harvesting salt. After a delicious lunch in Urubamba we will head to the Pisac archeological site. In additional to the fascinating structures and extensive farming terraces, Pisac has the largest Incan cemetery in all of Peru. Add in stunning views of the Andes with great snow-capped mountains for a perfect day in Peru! Overview Itinerary Included Prices \u00a0 Locations Visited\u00a0\u00a0 :\u00a0Chinchero, Maras Moray, Salt Mines, Pisac Trip Style\u00a0\u00a0\u00a0\u00a0\u00a0\u00a0\u00a0\u00a0\u00a0\u00a0\u00a0\u00a0\u00a0\u00a0\u00a0\u00a0 :\u00a0\u00a0cultural tours Length\u00a0\u00a0\u00a0\u00a0\u00a0\u00a0\u00a0\u00a0\u00a0\u00a0\u00a0\u00a0\u00a0\u00a0\u00a0\u00a0\u00a0\u00a0\u00a0\u00a0 :\u00a0Full Day Frequency\u00a0\u00a0\u00a0\u00a0\u00a0\u00a0\u00a0\u00a0\u00a0\u00a0\u00a0\u00a0\u00a0\u00a0 :\u00a0Upon Request Group\u00a0\u00a0\u00a0\u00a0\u00a0\u00a0\u00a0\u00a0\u00a0\u00a0\u00a0\u00a0\u00a0\u00a0\u00a0\u00a0\u00a0\u00a0\u00a0\u00a0\u00a0\u00a0 :\u00a02 People min \/ 9 People max Price\u00a0\u00a0\u00a0\u00a0\u00a0\u00a0\u00a0\u00a0\u00a0\u00a0\u00a0\u00a0\u00a0\u00a0\u00a0\u00a0\u00a0\u00a0\u00a0\u00a0\u00a0\u00a0\u00a0\u00a0 :\u00a0140 USD$ Physical Grading\u00a0\u00a0\u00a0\u00a0 :\u00a02 Itinerary \u00a0 FULL DAY TOUR: CUSCO \u2013 CHINCHERO \u2013\u00a0 MORAY \u2013 SALT MINES \u2013 PISAC \u00a0 We pick you up from your hotel for our tour in the Sacred Valley of the Incas. We start with a visit to the weaving village of Chinchero plus the Chinchero\u00a0 archeological site, then head to the Moray agricultural site. Our morning will conclude with a visit to\u00a0 Maras\u00a0 Town and the Salt Mines before a delicious lunch in Urubamba. We will spend the afternoon at Pisac \u2013 one of the biggest and most diverse of Inca sites in the Sacred Valley \u2013 where you will explore principal temples, living houses, and the famous Pisac cemetery. At the end of the tour we will return you to your hotel in Cusco. \u00a0 Service Included: Private and confortable transportation\u00a0 will be\u00a0 provided\u00a0 base on the size of the group English-speaking Tour Guide Hotel pick up in cusco or in the sacred valley towns Drop off at your hotel in cusco or in the sacred valley Tourist ticket to visit the archeological sites\u00a0 mentioned above + salt mine \u00a0 Service Not Included: Lunch Snaks drinks \u00a0 What you need to bring: Sun hat and sunglasses Sun protection cream (factor 35 recommended) Waterproof jacket\/rain poncho Water Camera and film and\/or memory card \u00a0 IMPORTANT NOTE:\u00a0in order to visit the historical sites\u00a0 in cusco or in the sacred valley\u00a0 you must purchase\u00a0 the tourist ticket: Parcial ticket for the sacred valley\u00a0 cost 70\u00a0 peruvian soles and it is valid\u00a0 for 2 consecutive days\u00a0 and you have Access 4 inca sites: pisaq, Ollantaytambo, moray and chinchero. Full tourist ticket\u00a0 to visit cusco and sacred valley cost 130 peruvian soles\u00a0 and it is valid for 10 days\u00a0 to Access\u00a0 for\u00a0 a 14 different\u00a0 sites including\u00a0 cusco\u00a0 museums and sacred valley archeological sites. To visit salt mine (salinas)\u00a0 you have to get a separate\u00a0 ticket \u00a0 (THE PARCIAL TICKET IS INCLUDED IN THIS TOUR) \u00a0 Prices \u2013 Sacred Valley Extended: Chinchero, Moray, Salt Mines, Pisac \u00a0 PRICE:\u00a0140 USD$ per person when booking 2 people PRICE:\u00a0125 USD$ per person when booking 3 people PRICE:\u00a0110 USD$ per person when booking 4 people PRICE:\u00a095 USD$ per person when booking 5- 6 people PRICE:\u00a085\u00a0 USD$ per person when booking 7 -9 people \u00a0 Locations Visited\u00a0\u00a0 :\u00a0Chinchero, Maras Moray, Salt Mines, Pisac Trip Style\u00a0\u00a0\u00a0\u00a0\u00a0\u00a0\u00a0\u00a0\u00a0\u00a0\u00a0\u00a0\u00a0\u00a0\u00a0\u00a0 :\u00a0\u00a0cultural tours Length\u00a0\u00a0\u00a0\u00a0\u00a0\u00a0\u00a0\u00a0\u00a0\u00a0\u00a0\u00a0\u00a0\u00a0\u00a0\u00a0\u00a0\u00a0\u00a0\u00a0 :\u00a0Full Day Frequency\u00a0\u00a0\u00a0\u00a0\u00a0\u00a0\u00a0\u00a0\u00a0\u00a0\u00a0\u00a0\u00a0\u00a0 :\u00a0Upon Request Group\u00a0\u00a0\u00a0\u00a0\u00a0\u00a0\u00a0\u00a0\u00a0\u00a0\u00a0\u00a0\u00a0\u00a0\u00a0\u00a0\u00a0\u00a0\u00a0\u00a0\u00a0\u00a0 :\u00a02 People min \/ 9 People max Price\u00a0\u00a0\u00a0\u00a0\u00a0\u00a0\u00a0\u00a0\u00a0\u00a0\u00a0\u00a0\u00a0\u00a0\u00a0\u00a0\u00a0\u00a0\u00a0\u00a0\u00a0\u00a0\u00a0\u00a0 :\u00a0140 USD$ Physical Grading\u00a0\u00a0\u00a0\u00a0 :\u00a02 Itinerary \u00a0 FULL DAY TOUR: CUSCO \u2013 CHINCHERO \u2013\u00a0 MORAY \u2013 SALT MINES \u2013 PISAC \u00a0 We pick you up from your hotel for our tour in the Sacred Valley of the Incas. We start with a visit to the weaving village of Chinchero plus the Chinchero\u00a0 archeological site, then head to the Moray agricultural site. Our morning will conclude with a visit to\u00a0 Maras\u00a0 Town and the Salt Mines before a delicious lunch in Urubamba. We will spend the afternoon at Pisac \u2013 one of the biggest and most diverse of Inca sites in the Sacred Valley \u2013 where you will explore principal temples, living houses, and the famous Pisac cemetery. At the end of the tour we will return you to your hotel in Cusco. \u00a0 Service Included: Private and confortable transportation\u00a0 will be\u00a0 provided\u00a0 base on the size of the group English-speaking Tour Guide Hotel pick up in cusco or in the sacred valley towns Drop off at your hotel in cusco or in the sacred valley Tourist ticket to visit the archeological sites\u00a0 mentioned above + salt mine \u00a0 Service Not Included: Lunch Snaks drinks \u00a0 What you need to bring: Sun hat and sunglasses Sun protection cream (factor 35 recommended) Waterproof jacket\/rain poncho Water Camera and film and\/or memory card \u00a0 IMPORTANT NOTE:\u00a0in order to visit the historical sites\u00a0 in cusco or in the sacred valley\u00a0 you must purchase\u00a0 the tourist ticket: Parcial ticket for the sacred valley\u00a0 cost 70\u00a0 peruvian soles and it is valid\u00a0 for 2 consecutive days\u00a0 and you have Access 4 inca sites: pisaq, Ollantaytambo, moray and chinchero. Full tourist ticket\u00a0 to visit cusco and sacred valley cost 130 peruvian soles\u00a0 and it is valid for 10 days\u00a0 to Access\u00a0 for\u00a0 a 14 different\u00a0 sites including\u00a0 cusco\u00a0 museums and sacred valley archeological sites. To visit salt mine (salinas)\u00a0 you have to get a separate\u00a0 ticket \u00a0 (THE PARCIAL TICKET IS INCLUDED IN THIS TOUR) \u00a0 Prices \u2013 Sacred Valley Extended: Chinchero, Moray, Salt Mines, Pisac \u00a0 PRICE:\u00a0140 USD$ per person when booking 2 people PRICE:\u00a0125 USD$ per person when booking 3 people PRICE:\u00a0110 USD$ per person when booking 4 people PRICE:\u00a095 USD$ per person when booking 5- 6 people PRICE:\u00a085\u00a0 USD$ per person when booking 7 -9 people<\/p>","protected":false},"author":1,"featured_media":0,"parent":0,"menu_order":0,"comment_status":"closed","ping_status":"closed","template":"","meta":{"_eb_attr":"","footnotes":""},"class_list":["post-2226","page","type-page","status-publish","hentry"],"_hostinger_reach_plugin_has_subscription_block":false,"_hostinger_reach_plugin_is_elementor":false,"_links":{"self":[{"href":"https:\/\/apurimacadventures.com\/es\/wp-json\/wp\/v2\/pages\/2226","targetHints":{"allow":["GET"]}}],"collection":[{"href":"https:\/\/apurimacadventures.com\/es\/wp-json\/wp\/v2\/pages"}],"about":[{"href":"https:\/\/apurimacadventures.com\/es\/wp-json\/wp\/v2\/types\/page"}],"author":[{"embeddable":true,"href":"https:\/\/apurimacadventures.com\/es\/wp-json\/wp\/v2\/users\/1"}],"replies":[{"embeddable":true,"href":"https:\/\/apurimacadventures.com\/es\/wp-json\/wp\/v2\/comments?post=2226"}],"version-history":[{"count":12,"href":"https:\/\/apurimacadventures.com\/es\/wp-json\/wp\/v2\/pages\/2226\/revisions"}],"predecessor-version":[{"id":2927,"href":"https:\/\/apurimacadventures.com\/es\/wp-json\/wp\/v2\/pages\/2226\/revisions\/2927"}],"wp:attachment":[{"href":"https:\/\/apurimacadventures.com\/es\/wp-json\/wp\/v2\/media?parent=2226"}],"curies":[{"name":"wp","href":"https:\/\/api.w.org\/{rel}","templated":true}]}}