{"id":2217,"date":"2025-11-09T02:16:41","date_gmt":"2025-11-09T02:16:41","guid":{"rendered":"https:\/\/apurimacadventures.com\/?page_id=2217"},"modified":"2026-05-15T21:45:07","modified_gmt":"2026-05-15T21:45:07","slug":"valle-sagrado-pisac-ollantaytambo","status":"publish","type":"page","link":"https:\/\/apurimacadventures.com\/es\/sacred-valley-pisac-ollantaytambo\/","title":{"rendered":"Valle Sagrado: Pisac, Ollantaytambo"},"content":{"rendered":"<div data-elementor-type=\"wp-page\" data-elementor-id=\"2217\" class=\"elementor elementor-2217\" data-elementor-post-type=\"page\">\n\t\t\t\t<div class=\"elementor-element elementor-element-08fadc6 e-con-full e-flex wpr-particle-no wpr-jarallax-no wpr-parallax-no wpr-sticky-section-no wpr-column-slider-no wpr-equal-height-no e-con e-parent\" data-id=\"08fadc6\" data-element_type=\"container\" data-e-type=\"container\" data-settings=\"{&quot;background_background&quot;:&quot;classic&quot;}\">\n\t\t\t\t<div class=\"elementor-element elementor-element-5b1bc66 elementor-widget elementor-widget-heading\" data-id=\"5b1bc66\" data-element_type=\"widget\" data-e-type=\"widget\" data-widget_type=\"heading.default\">\n\t\t\t\t\t<h2 class=\"elementor-heading-title elementor-size-default\">Valle Sagrado: Pisac, Ollantaytambo\n\n\n\n<\/h2>\t\t\t\t<\/div>\n\t\t\t\t<\/div>\n\t\t<div class=\"elementor-element elementor-element-8620c99 e-flex e-con-boxed wpr-particle-no wpr-jarallax-no wpr-parallax-no wpr-sticky-section-no wpr-column-slider-no wpr-equal-height-no e-con e-parent\" data-id=\"8620c99\" data-element_type=\"container\" data-e-type=\"container\">\n\t\t\t\t\t<div class=\"e-con-inner\">\n\t\t\t\t<div class=\"elementor-element elementor-element-61ae41f elementor-widget__width-initial elementor-widget elementor-widget-text-editor\" data-id=\"61ae41f\" data-element_type=\"widget\" data-e-type=\"widget\" data-widget_type=\"text-editor.default\">\n\t\t\t\t\t\t\t\t\t<div id=\"u47967-4\" class=\"clearfix colelem shared_content\" data-muse-uid=\"U47967\" data-muse-type=\"txt_frame\" data-ibe-flags=\"txtStyleSrc\" data-sizepolicy=\"fixed\" data-pintopage=\"page_fixedCenter\" data-content-guid=\"u47967-4_content\"><strong>DESCRIPCI\u00d3N:<\/strong><div id=\"u55553-4\" class=\"clearfix colelem shared_content\" data-muse-uid=\"U55553\" data-muse-type=\"txt_frame\" data-ibe-flags=\"txtStyleSrc\" data-sizepolicy=\"fixed\" data-pintopage=\"page_fixedCenter\" data-content-guid=\"u55553-4_content\"><p>El lado oriental del Valle Sagrado est\u00e1 impregnado de historia y cultura, pero evita las multitudes de Machu Picchu. Este recorrido comenzar\u00e1 con una visita a las ruinas de Pisac, una antigua ciudad inca con extensas terrazas agr\u00edcolas, vistas impresionantes y el cementerio inca m\u00e1s grande de Per\u00fa. A continuaci\u00f3n, visitar\u00e1 el animado y colorido Mercado de Pisac. Podr\u00e1 descansar y disfrutar del almuerzo en Urubamba antes de continuar hacia nuestra \u00faltima parada. Ollantaytambo es singularmente hermoso con sus originales dise\u00f1os de calles incas y enormes piedras bellamente talladas. El pueblo de Ollantaytambo fue un centro estrat\u00e9gico militar, religioso y agr\u00edcola. El sitio arqueol\u00f3gico de Ollantaytambo fue una impresionante fortaleza inca que proteg\u00eda la entrada del valle de posibles invasiones desde la selva baja. Domina el pueblo y el valle, y una visita ofrece un final perfecto para el d\u00eda. Nota: Este recorrido tambi\u00e9n se puede realizar en sentido inverso.<\/p><\/div><\/div>\t\t\t\t\t\t\t\t<\/div>\n\t\t\t\t<div class=\"elementor-element elementor-element-84f5a8a e-n-tabs-mobile elementor-widget elementor-widget-n-tabs\" data-id=\"84f5a8a\" data-element_type=\"widget\" data-e-type=\"widget\" data-settings=\"{&quot;_animation&quot;:&quot;none&quot;,&quot;tabs_justify_horizontal&quot;:&quot;stretch&quot;,&quot;horizontal_scroll&quot;:&quot;disable&quot;}\" data-widget_type=\"nested-tabs.default\">\n\t\t\t\t\t\t\t<div class=\"e-n-tabs\" data-widget-number=\"139418250\" aria-label=\"Pesta\u00f1as. Abra los elementos con la tecla Intro o la barra espaciadora, ci\u00e9rrelos con la tecla Escape y navegue con las teclas de flecha.\">\n\t\t\t<div class=\"e-n-tabs-heading\" role=\"tablist\">\n\t\t\t\t\t<button id=\"e-n-tab-title-1394182501\" data-tab-title-id=\"e-n-tab-title-1394182501\" class=\"e-n-tab-title\" aria-selected=\"true\" data-tab-index=\"1\" role=\"tab\" tabindex=\"0\" aria-controls=\"e-n-tab-content-1394182501\" style=\"--n-tabs-title-order: 1;\">\n\t\t\t\t\t\t<span class=\"e-n-tab-title-text\">\n\t\t\t\tDescripci\u00f3n general\t\t\t<\/span>\n\t\t<\/button>\n\t\t\t\t<button id=\"e-n-tab-title-1394182502\" data-tab-title-id=\"e-n-tab-title-1394182502\" class=\"e-n-tab-title\" aria-selected=\"false\" data-tab-index=\"2\" role=\"tab\" tabindex=\"-1\" aria-controls=\"e-n-tab-content-1394182502\" style=\"--n-tabs-title-order: 2;\">\n\t\t\t\t\t\t<span class=\"e-n-tab-title-text\">\n\t\t\t\tItinerario\t\t\t<\/span>\n\t\t<\/button>\n\t\t\t\t<button id=\"e-n-tab-title-1394182503\" data-tab-title-id=\"e-n-tab-title-1394182503\" class=\"e-n-tab-title\" aria-selected=\"false\" data-tab-index=\"3\" role=\"tab\" tabindex=\"-1\" aria-controls=\"e-n-tab-content-1394182503\" style=\"--n-tabs-title-order: 3;\">\n\t\t\t\t\t\t<span class=\"e-n-tab-title-text\">\n\t\t\t\tIncluido\t\t\t<\/span>\n\t\t<\/button>\n\t\t\t\t<button id=\"e-n-tab-title-1394182504\" data-tab-title-id=\"e-n-tab-title-1394182504\" class=\"e-n-tab-title\" aria-selected=\"false\" data-tab-index=\"4\" role=\"tab\" tabindex=\"-1\" aria-controls=\"e-n-tab-content-1394182504\" style=\"--n-tabs-title-order: 4;\">\n\t\t\t\t\t\t<span class=\"e-n-tab-title-text\">\n\t\t\t\tPrecios\t\t\t<\/span>\n\t\t<\/button>\n\t\t\t\t\t<\/div>\n\t\t\t<div class=\"e-n-tabs-content\">\n\t\t\t\t<div id=\"e-n-tab-content-1394182501\" role=\"tabpanel\" aria-labelledby=\"e-n-tab-title-1394182501\" data-tab-index=\"1\" style=\"--n-tabs-title-order: 1;\" class=\"e-active elementor-element elementor-element-94e590d e-con-full e-flex wpr-particle-no wpr-jarallax-no wpr-parallax-no wpr-sticky-section-no wpr-column-slider-no wpr-equal-height-no e-con e-child\" data-id=\"94e590d\" data-element_type=\"container\" data-e-type=\"container\">\n\t\t<div class=\"elementor-element elementor-element-2d751ac e-con-full animated-slow e-flex wpr-particle-no wpr-jarallax-no wpr-parallax-no wpr-sticky-section-no wpr-column-slider-no wpr-equal-height-no elementor-invisible e-con e-child\" data-id=\"2d751ac\" data-element_type=\"container\" data-e-type=\"container\" data-settings=\"{&quot;background_background&quot;:&quot;classic&quot;,&quot;animation&quot;:&quot;fadeIn&quot;}\">\n\t\t\t\t<\/div>\n\t\t\t\t<div class=\"elementor-element elementor-element-5d20cd5 elementor-widget__width-initial elementor-widget elementor-widget-text-editor\" data-id=\"5d20cd5\" data-element_type=\"widget\" data-e-type=\"widget\" data-widget_type=\"text-editor.default\">\n\t\t\t\t\t\t\t\t\t<p><strong><span id=\"u55542\">Lugares visitados:\u00a0<\/span>Mercado de Pisac, Sitio Arqueol\u00f3gico de Pisac, Ollantaytambo<\/strong><\/p><p><span id=\"u55542-4\"><strong>Estilo de viaje:<\/strong>\u00a0<\/span>recorridos culturales<\/p><p><span id=\"u55542-7\"><strong>Longitud                    :<\/strong>\u00a0<\/span>d\u00eda completo<\/p><p><strong><span id=\"u55542-10\">Frecuencia              :\u00a0<\/span><\/strong>A pedido<\/p><p><span id=\"u55542-13\"><strong>Grupo                      :<\/strong>\u00a0<\/span>M\u00ednimo 2 personas \/ M\u00e1ximo 9 personas<\/p><p><strong><span id=\"u55542-16\">Precio                        :\u00a0<\/span><\/strong>130 USD$<\/p><p><strong><span id=\"u55542-19\">Calificaci\u00f3n f\u00edsica: <\/span>2<\/strong><\/p>\t\t\t\t\t\t\t\t<\/div>\n\t\t\t\t<\/div>\n\t\t<div id=\"e-n-tab-content-1394182502\" role=\"tabpanel\" aria-labelledby=\"e-n-tab-title-1394182502\" data-tab-index=\"2\" style=\"--n-tabs-title-order: 2;\" class=\"elementor-element elementor-element-2d5725f e-con-full e-flex wpr-particle-no wpr-jarallax-no wpr-parallax-no wpr-sticky-section-no wpr-column-slider-no wpr-equal-height-no e-con e-child\" data-id=\"2d5725f\" data-element_type=\"container\" data-e-type=\"container\">\n\t\t<div class=\"elementor-element elementor-element-2df2eb8 e-con-full animated-slow e-flex wpr-particle-no wpr-jarallax-no wpr-parallax-no wpr-sticky-section-no wpr-column-slider-no wpr-equal-height-no elementor-invisible e-con e-child\" data-id=\"2df2eb8\" data-element_type=\"container\" data-e-type=\"container\" data-settings=\"{&quot;background_background&quot;:&quot;classic&quot;,&quot;animation&quot;:&quot;fadeIn&quot;}\">\n\t\t\t\t<\/div>\n\t\t\t\t<div class=\"elementor-element elementor-element-5462b0a elementor-widget__width-initial elementor-widget elementor-widget-text-editor\" data-id=\"5462b0a\" data-element_type=\"widget\" data-e-type=\"widget\" data-widget_type=\"text-editor.default\">\n\t\t\t\t\t\t\t\t\t<p id=\"u55544-2\"><strong>Itinerario<\/strong><\/p><p id=\"u55544-5\"><strong>Valle Sagrado: Pisac \u2013 Ollantaytambo<\/strong><\/p><p id=\"u55544-8\">This Sacred Valley tour begins at 8:00am. We pick you up from your hotel in Cusco and drive you to the Pisac archaeological site \u2013 one of the most diverse Inca sites in Peru. Pisac\u00a0 Ruins, the most extensive archaeological site in the valley ( it is even larger than Machupicchu) you will be amazed by the impressive Inca agricultural\u00a0 terraces and the fortress- like ruins of an Inca village on the top of the mountain. After the tour you will explore the Pisac market with its extensive array of stalls \u2013 a perfect place to pick up souvenirs. Then we drive to\u00a0 Urubamba a town to have good lunch, after your lunch we will explore the town and archaeological site of Ollantaytambo- one of the grandest Inca sites in the sacred valley, boasting Inca terraces, an extraordinary Temple of the sun, water temple and more. Finally, you will visit a local chicha house to learn how native families are producing this corn liquor \u2013 the sacred drink of the Incas. From here we can take you back to your hotel in Cusco or drop you off at the train station to take your train to Aguas Calientes for a Machu Picchu tour.\u00a0<\/p>\t\t\t\t\t\t\t\t<\/div>\n\t\t\t\t<\/div>\n\t\t<div id=\"e-n-tab-content-1394182503\" role=\"tabpanel\" aria-labelledby=\"e-n-tab-title-1394182503\" data-tab-index=\"3\" style=\"--n-tabs-title-order: 3;\" class=\"elementor-element elementor-element-7c01974 e-con-full e-flex wpr-particle-no wpr-jarallax-no wpr-parallax-no wpr-sticky-section-no wpr-column-slider-no wpr-equal-height-no e-con e-child\" data-id=\"7c01974\" data-element_type=\"container\" data-e-type=\"container\">\n\t\t<div class=\"elementor-element elementor-element-cf848f1 e-con-full animated-slow e-flex wpr-particle-no wpr-jarallax-no wpr-parallax-no wpr-sticky-section-no wpr-column-slider-no wpr-equal-height-no elementor-invisible e-con e-child\" data-id=\"cf848f1\" data-element_type=\"container\" data-e-type=\"container\" data-settings=\"{&quot;background_background&quot;:&quot;classic&quot;,&quot;animation&quot;:&quot;fadeIn&quot;}\">\n\t\t\t\t<\/div>\n\t\t\t\t<div class=\"elementor-element elementor-element-8872907 elementor-widget__width-initial elementor-widget elementor-widget-text-editor\" data-id=\"8872907\" data-element_type=\"widget\" data-e-type=\"widget\" data-widget_type=\"text-editor.default\">\n\t\t\t\t\t\t\t\t\t<p id=\"u55550-2\">\u00a0<\/p><p id=\"u55550-5\"><strong>Servicio incluido:<\/strong><\/p><ul id=\"u55550-17\" class=\"list0 nls-None\"><li id=\"u55550-8\">Se proporcionar\u00e1 transporte privado y confortable en funci\u00f3n del tama\u00f1o del grupo.<\/li><li id=\"u55550-10\">Gu\u00eda tur\u00edstico de habla inglesa<\/li><li id=\"u55550-12\">Hotel pick up in Cusco or in the Sacred Valley towns<\/li><li id=\"u55550-14\">Drop off at your hotel in Cusco or in the Sacred Valley<\/li><li id=\"u55550-16\">Tourist ticket to visit the archaeological sites ( pisaq and ollantytambo)<\/li><\/ul><p id=\"u55550-20\"><strong>Servicio no incluido:<\/strong><\/p><ul id=\"u55550-26\" class=\"list0 nls-None\"><li id=\"u55550-23\">Almuerzo<\/li><li>Bebidas\u00a0<\/li><li>Consejos para la tripulaci\u00f3n<\/li><li id=\"u55550-25\">Aperitivos<\/li><\/ul><p id=\"u55550-29\"><strong>Lo que necesitas traer:<\/strong><\/p><ul id=\"u55550-41\" class=\"list0 nls-None\"><li id=\"u55550-32\">Sombrero para el sol y gafas de sol<\/li><li id=\"u55550-34\">Crema de protecci\u00f3n solar (factor 35 recomendado)<\/li><li id=\"u55550-36\">Chaqueta impermeable\/poncho para la lluvia<\/li><li id=\"u55550-38\">Agua<\/li><li id=\"u55550-40\">C\u00e1mara y pel\u00edcula y\/o tarjeta de memoria<\/li><\/ul><p id=\"u55550-45\"><strong><span id=\"u55550-43\">NOTA IMPORTANTE<\/span>:\u00a0<\/strong> In order to visit the historical sites\u00a0 in Cusco or in the sacred valley\u00a0 you must purchase\u00a0 the tourist ticket:<\/p><ul id=\"u55550-53\" class=\"list0 nls-None\"><li id=\"u55550-48\">El boleto parcial para el Valle Sagrado cuesta 70 soles peruanos y es v\u00e1lido por 2 d\u00edas consecutivos, con acceso a 4 sitios incas: Pisaq, Ollantaytambo, Moray y Chinchero.<\/li><li id=\"u55550-50\">Full tourist ticket\u00a0 to visit cusco and sacred valley cost 130 peruvian soles\u00a0 and it is valid for 10 days\u00a0 to Access\u00a0 for\u00a0 a 14 different\u00a0 sites including\u00a0 Cusco\u00a0 museums and sacred valley archeological sites.<\/li><li id=\"u55550-52\">Para visitar las salinas hay que comprar una entrada aparte.<\/li><\/ul><p id=\"u55550-56\"><strong>(LA ENTRADA PARCIAL EST\u00c1 INCLUIDA EN NUESTRO TOUR)<\/strong><\/p>\t\t\t\t\t\t\t\t<\/div>\n\t\t\t\t<\/div>\n\t\t<div id=\"e-n-tab-content-1394182504\" role=\"tabpanel\" aria-labelledby=\"e-n-tab-title-1394182504\" data-tab-index=\"4\" style=\"--n-tabs-title-order: 4;\" class=\"elementor-element elementor-element-3449c55 e-con-full e-flex wpr-particle-no wpr-jarallax-no wpr-parallax-no wpr-sticky-section-no wpr-column-slider-no wpr-equal-height-no e-con e-child\" data-id=\"3449c55\" data-element_type=\"container\" data-e-type=\"container\">\n\t\t\t\t<div class=\"elementor-element elementor-element-2aee766 elementor-widget__width-initial elementor-widget elementor-widget-text-editor\" data-id=\"2aee766\" data-element_type=\"widget\" data-e-type=\"widget\" data-widget_type=\"text-editor.default\">\n\t\t\t\t\t\t\t\t\t<p>\u00a0<\/p><p id=\"u55548-2\"><strong>Precios \u2013 Valle Sagrado: Pisac, Ollantaytambo<\/strong><\/p><ul id=\"u55548-13\" class=\"list0 nls-None\"><li id=\"u55548-6\"><span id=\"u55548-4\">PRECIO:<\/span> 130 USD per person when booking 2-4 people<\/li><li id=\"u55548-9\"><span id=\"u55548-7\">PRECIO:\u00a0<\/span>110 USD per person when booking 5- 7 people<\/li><li id=\"u55548-12\"><span id=\"u55548-10\">PRICE: 90<\/span>USD per person when booking\u00a0 8\u00a0 to more people.<\/li><\/ul><p>If you are looking for an exclusive private tour, request at your booking time.\u00a0<\/p>\t\t\t\t\t\t\t\t<\/div>\n\t\t\t\t<\/div>\n\t\t\t\t\t<\/div>\n\t\t<\/div>\n\t\t\t\t\t\t<\/div>\n\t\t\t\t\t<\/div>\n\t\t\t\t<\/div>\n\t\t<div class=\"elementor-element elementor-element-b004eef e-flex e-con-boxed wpr-particle-no wpr-jarallax-no wpr-parallax-no wpr-sticky-section-no wpr-column-slider-no wpr-equal-height-no e-con e-parent\" data-id=\"b004eef\" data-element_type=\"container\" data-e-type=\"container\">\n\t\t\t\t\t<div class=\"e-con-inner\">\n\t\t\t\t<div class=\"elementor-element elementor-element-831001b elementor-widget elementor-widget-spacer\" data-id=\"831001b\" data-element_type=\"widget\" data-e-type=\"widget\" data-widget_type=\"spacer.default\">\n\t\t\t\t\t\t\t<div class=\"elementor-spacer\">\n\t\t\t<div class=\"elementor-spacer-inner\"><\/div>\n\t\t<\/div>\n\t\t\t\t\t\t<\/div>\n\t\t\t\t\t<\/div>\n\t\t\t\t<\/div>\n\t\t\t\t<\/div>","protected":false},"excerpt":{"rendered":"<p>Sacred Valley: Pisac, Ollantaytambo DESCRIPTION: The eastern side of the Sacred Valley is steeped in history and culture yet avoids the crowds of Machu Picchu. This tour will start with a visit to Pisac ruins \u2013 an ancient Incan city with widespread farming terraces, stunning views, and the largest Inca cemetery in Peru. Next you will visit the lively and colorful Pisac Market. You can rest and enjoy lunch in Urubamba before continuing to our final stop. Ollantaytambo is uniquely beautiful with its original Incan street designs and massive, beautifully carved stones. Ollantaytambo village was a strategic military, religious, and agricultural center. The Ollantaytambo archeological site was an impressive Inca fortress that guarded the valley entrance from possible invasion from the lower jungles. It overlooks the town and valley, and a visit offers a perfect conclusion to the day. Note: This tour can also be done in reverse. Overview Itinerary Included Prices Locations Visited\u00a0\u00a0 :\u00a0Pisac Market, Pisac Archeological Site, Ollantaytambo Trip Style\u00a0\u00a0\u00a0\u00a0\u00a0\u00a0\u00a0\u00a0\u00a0\u00a0\u00a0\u00a0\u00a0\u00a0\u00a0\u00a0 :\u00a0cultural tours Length\u00a0\u00a0\u00a0\u00a0\u00a0\u00a0\u00a0\u00a0\u00a0\u00a0\u00a0\u00a0\u00a0\u00a0\u00a0\u00a0\u00a0\u00a0\u00a0\u00a0 :\u00a0full day Frequency\u00a0\u00a0\u00a0\u00a0\u00a0\u00a0\u00a0\u00a0\u00a0\u00a0\u00a0\u00a0\u00a0\u00a0 :\u00a0Upon Request Group\u00a0\u00a0\u00a0\u00a0\u00a0\u00a0\u00a0\u00a0\u00a0\u00a0\u00a0\u00a0\u00a0\u00a0\u00a0\u00a0\u00a0\u00a0\u00a0\u00a0\u00a0\u00a0 :\u00a02 People min \/ 9 People max Price\u00a0\u00a0\u00a0\u00a0\u00a0\u00a0\u00a0\u00a0\u00a0\u00a0\u00a0\u00a0\u00a0\u00a0\u00a0\u00a0\u00a0\u00a0\u00a0\u00a0\u00a0\u00a0\u00a0\u00a0 :\u00a0130 USD$ Physical Grading\u00a0 : 2 Itinerary Sacred Valley: Pisac \u2013 Ollantaytambo This Sacred Valley tour begins at 8:00am. We pick you up from your hotel in Cusco and drive you to the Pisac archaeological site \u2013 one of the most diverse Inca sites in Peru. Pisac\u00a0 Ruins, the most extensive archaeological site in the valley ( it is even larger than Machupicchu) you will be amazed by the impressive Inca agricultural\u00a0 terraces and the fortress- like ruins of an Inca village on the top of the mountain. After the tour you will explore the Pisac market with its extensive array of stalls \u2013 a perfect place to pick up souvenirs. Then we drive to\u00a0 Urubamba a town to have good lunch, after your lunch we will explore the town and archaeological site of Ollantaytambo- one of the grandest Inca sites in the sacred valley, boasting Inca terraces, an extraordinary Temple of the sun, water temple and more. Finally, you will visit a local chicha house to learn how native families are producing this corn liquor \u2013 the sacred drink of the Incas. From here we can take you back to your hotel in Cusco or drop you off at the train station to take your train to Aguas Calientes for a Machu Picchu tour.\u00a0 \u00a0 Service Included: Private and confortable transportation\u00a0 will be\u00a0 provided\u00a0 base on the size of the group English-speaking Tour Guide Hotel pick up in Cusco or in the Sacred Valley towns Drop off at your hotel in Cusco or in the Sacred Valley Tourist ticket to visit the archaeological sites ( pisaq and ollantytambo) Service Not Included: Lunch Drinks\u00a0 Tips for the crew Snaks What you need to bring: Sun hat and sunglasses Sun protection cream (factor 35 recommended) Waterproof jacket\/rain poncho Water Camera and film and\/or memory card IMPORTANT NOTE:\u00a0 In order to visit the historical sites\u00a0 in Cusco or in the sacred valley\u00a0 you must purchase\u00a0 the tourist ticket: Parcial ticket for the sacred valley\u00a0 cost 70\u00a0 peruvian soles and it is valid\u00a0 for 2 consecutive days\u00a0 and you have Access 4 inca sites: pisaq, Ollantaytambo, moray and chinchero. Full tourist ticket\u00a0 to visit cusco and sacred valley cost 130 peruvian soles\u00a0 and it is valid for 10 days\u00a0 to Access\u00a0 for\u00a0 a 14 different\u00a0 sites including\u00a0 Cusco\u00a0 museums and sacred valley archeological sites. To visit salt mine (salinas)\u00a0 you have to get a separate\u00a0 ticket (THE PARCIAL TICKET IS INCLUDED IN OUR TOUR) \u00a0 Prices \u2013 Sacred Valley: Pisac, Ollantaytambo PRICE: 130 USD per person when booking 2-4 people PRICE:\u00a0110 USD per person when booking 5- 7 people PRICE: 90USD per person when booking\u00a0 8\u00a0 to more people. If you are looking for an exclusive private tour, request at your booking time.\u00a0 Locations Visited\u00a0\u00a0 :\u00a0Pisac Market, Pisac Archeological Site, Ollantaytambo Trip Style\u00a0\u00a0\u00a0\u00a0\u00a0\u00a0\u00a0\u00a0\u00a0\u00a0\u00a0\u00a0\u00a0\u00a0\u00a0\u00a0 :\u00a0cultural tours Length\u00a0\u00a0\u00a0\u00a0\u00a0\u00a0\u00a0\u00a0\u00a0\u00a0\u00a0\u00a0\u00a0\u00a0\u00a0\u00a0\u00a0\u00a0\u00a0\u00a0 :\u00a0full day Frequency\u00a0\u00a0\u00a0\u00a0\u00a0\u00a0\u00a0\u00a0\u00a0\u00a0\u00a0\u00a0\u00a0\u00a0 :\u00a0Upon Request Group\u00a0\u00a0\u00a0\u00a0\u00a0\u00a0\u00a0\u00a0\u00a0\u00a0\u00a0\u00a0\u00a0\u00a0\u00a0\u00a0\u00a0\u00a0\u00a0\u00a0\u00a0\u00a0 :\u00a02 People min \/ 9 People max Price\u00a0\u00a0\u00a0\u00a0\u00a0\u00a0\u00a0\u00a0\u00a0\u00a0\u00a0\u00a0\u00a0\u00a0\u00a0\u00a0\u00a0\u00a0\u00a0\u00a0\u00a0\u00a0\u00a0\u00a0 :\u00a0130 USD$ Physical Grading\u00a0 : 2 Itinerary Sacred Valley: Pisac \u2013 Ollantaytambo This Sacred Valley tour begins at 8:00am. We pick you up from your hotel in Cusco and drive you to the Pisac archaeological site \u2013 one of the most diverse Inca sites in Peru. Pisac\u00a0 Ruins, the most extensive archaeological site in the valley ( it is even larger than Machupicchu) you will be amazed by the impressive Inca agricultural\u00a0 terraces and the fortress- like ruins of an Inca village on the top of the mountain. After the tour you will explore the Pisac market with its extensive array of stalls \u2013 a perfect place to pick up souvenirs. Then we drive to\u00a0 Urubamba a town to have good lunch, after your lunch we will explore the town and archaeological site of Ollantaytambo- one of the grandest Inca sites in the sacred valley, boasting Inca terraces, an extraordinary Temple of the sun, water temple and more. Finally, you will visit a local chicha house to learn how native families are producing this corn liquor \u2013 the sacred drink of the Incas. From here we can take you back to your hotel in Cusco or drop you off at the train station to take your train to Aguas Calientes for a Machu Picchu tour.\u00a0 \u00a0 Service Included: Private and confortable transportation\u00a0 will be\u00a0 provided\u00a0 base on the size of the group English-speaking Tour Guide Hotel pick up in Cusco or in the Sacred Valley towns Drop off at your hotel in Cusco or in the Sacred Valley Tourist ticket to visit the archaeological sites ( pisaq and ollantytambo) Service Not Included: Lunch Drinks\u00a0 Tips for the crew Snaks What you need to bring: Sun hat and sunglasses Sun protection cream (factor 35 recommended) Waterproof jacket\/rain poncho Water Camera and film and\/or memory card IMPORTANT NOTE:\u00a0 In order to visit the historical sites\u00a0 in Cusco or in the sacred valley\u00a0 you must purchase\u00a0 the tourist ticket: Parcial ticket for the sacred valley\u00a0 cost<\/p>","protected":false},"author":1,"featured_media":0,"parent":0,"menu_order":0,"comment_status":"closed","ping_status":"closed","template":"","meta":{"_eb_attr":"","footnotes":""},"class_list":["post-2217","page","type-page","status-publish","hentry"],"_hostinger_reach_plugin_has_subscription_block":false,"_hostinger_reach_plugin_is_elementor":false,"_links":{"self":[{"href":"https:\/\/apurimacadventures.com\/es\/wp-json\/wp\/v2\/pages\/2217","targetHints":{"allow":["GET"]}}],"collection":[{"href":"https:\/\/apurimacadventures.com\/es\/wp-json\/wp\/v2\/pages"}],"about":[{"href":"https:\/\/apurimacadventures.com\/es\/wp-json\/wp\/v2\/types\/page"}],"author":[{"embeddable":true,"href":"https:\/\/apurimacadventures.com\/es\/wp-json\/wp\/v2\/users\/1"}],"replies":[{"embeddable":true,"href":"https:\/\/apurimacadventures.com\/es\/wp-json\/wp\/v2\/comments?post=2217"}],"version-history":[{"count":21,"href":"https:\/\/apurimacadventures.com\/es\/wp-json\/wp\/v2\/pages\/2217\/revisions"}],"predecessor-version":[{"id":3635,"href":"https:\/\/apurimacadventures.com\/es\/wp-json\/wp\/v2\/pages\/2217\/revisions\/3635"}],"wp:attachment":[{"href":"https:\/\/apurimacadventures.com\/es\/wp-json\/wp\/v2\/media?parent=2217"}],"curies":[{"name":"wp","href":"https:\/\/api.w.org\/{rel}","templated":true}]}}