{"id":2209,"date":"2025-11-09T02:13:24","date_gmt":"2025-11-09T02:13:24","guid":{"rendered":"https:\/\/apurimacadventures.com\/?page_id=2209"},"modified":"2026-05-15T22:01:06","modified_gmt":"2026-05-15T22:01:06","slug":"excursion-al-lago-humantay-1-dia","status":"publish","type":"page","link":"https:\/\/apurimacadventures.com\/es\/humantay-lake-trek-1-day\/","title":{"rendered":"Excursi\u00f3n al lago Humantay \u2013 1 d\u00eda"},"content":{"rendered":"<div data-elementor-type=\"wp-page\" data-elementor-id=\"2209\" class=\"elementor elementor-2209\" data-elementor-post-type=\"page\">\n\t\t\t\t<div class=\"elementor-element elementor-element-08fadc6 e-con-full e-flex wpr-particle-no wpr-jarallax-no wpr-parallax-no wpr-sticky-section-no wpr-column-slider-no wpr-equal-height-no e-con e-parent\" data-id=\"08fadc6\" data-element_type=\"container\" data-e-type=\"container\" data-settings=\"{&quot;background_background&quot;:&quot;classic&quot;}\">\n\t\t\t\t<div class=\"elementor-element elementor-element-5b1bc66 elementor-widget elementor-widget-heading\" data-id=\"5b1bc66\" data-element_type=\"widget\" data-e-type=\"widget\" data-widget_type=\"heading.default\">\n\t\t\t\t\t<h2 class=\"elementor-heading-title elementor-size-default\">Excursi\u00f3n al lago Humantay \u2013 1 d\u00eda\n\n\n\n<\/h2>\t\t\t\t<\/div>\n\t\t\t\t<\/div>\n\t\t<div class=\"elementor-element elementor-element-8620c99 e-flex e-con-boxed wpr-particle-no wpr-jarallax-no wpr-parallax-no wpr-sticky-section-no wpr-column-slider-no wpr-equal-height-no e-con e-parent\" data-id=\"8620c99\" data-element_type=\"container\" data-e-type=\"container\">\n\t\t\t\t\t<div class=\"e-con-inner\">\n\t\t\t\t<div class=\"elementor-element elementor-element-61ae41f elementor-widget__width-initial elementor-widget elementor-widget-text-editor\" data-id=\"61ae41f\" data-element_type=\"widget\" data-e-type=\"widget\" data-widget_type=\"text-editor.default\">\n\t\t\t\t\t\t\t\t\t<div id=\"u47967-4\" class=\"clearfix colelem shared_content\" data-muse-uid=\"U47967\" data-muse-type=\"txt_frame\" data-ibe-flags=\"txtStyleSrc\" data-sizepolicy=\"fixed\" data-pintopage=\"page_fixedCenter\" data-content-guid=\"u47967-4_content\"><strong>DESCRIPCI\u00d3N:<\/strong><div id=\"u55026-4\" class=\"clearfix colelem shared_content\" data-muse-uid=\"U55026\" data-muse-type=\"txt_frame\" data-ibe-flags=\"txtStyleSrc\" data-sizepolicy=\"fixed\" data-pintopage=\"page_fixedCenter\" data-content-guid=\"u55026-4_content\"><p>Esta excursi\u00f3n de un d\u00eda es ideal para quienes aman la naturaleza y desean experimentar la majestuosidad de la Cordillera de los Andes, pero no disponen de tiempo para una caminata de varios d\u00edas. En esta excursi\u00f3n, podr\u00e1 contemplar uno de los picos m\u00e1s famosos de la regi\u00f3n de Cusco, el Salkantay (6275 m\/20 576 pies), y recorrer parte del famoso sendero del Salkantay. Esta excursi\u00f3n es perfecta para quienes se preparan para el Camino Inca o cualquier otra caminata en los Andes.<\/p><\/div><\/div>\t\t\t\t\t\t\t\t<\/div>\n\t\t\t\t<div class=\"elementor-element elementor-element-84f5a8a e-n-tabs-mobile elementor-widget elementor-widget-n-tabs\" data-id=\"84f5a8a\" data-element_type=\"widget\" data-e-type=\"widget\" data-settings=\"{&quot;_animation&quot;:&quot;none&quot;,&quot;tabs_justify_horizontal&quot;:&quot;stretch&quot;,&quot;horizontal_scroll&quot;:&quot;disable&quot;}\" data-widget_type=\"nested-tabs.default\">\n\t\t\t\t\t\t\t<div class=\"e-n-tabs\" data-widget-number=\"139418250\" aria-label=\"Pesta\u00f1as. Abre elementos con Intro o Espacio, ci\u00e9rralos con Escape y navega con las fechas.\" data-no-translation-aria-label=\"\">\n\t\t\t<div class=\"e-n-tabs-heading\" role=\"tablist\">\n\t\t\t\t\t<button id=\"e-n-tab-title-1394182501\" data-tab-title-id=\"e-n-tab-title-1394182501\" class=\"e-n-tab-title\" aria-selected=\"true\" data-tab-index=\"1\" role=\"tab\" tabindex=\"0\" aria-controls=\"e-n-tab-content-1394182501\" style=\"--n-tabs-title-order: 1;\">\n\t\t\t\t\t\t<span class=\"e-n-tab-title-text\">\n\t\t\t\tDescripci\u00f3n general\t\t\t<\/span>\n\t\t<\/button>\n\t\t\t\t<button id=\"e-n-tab-title-1394182502\" data-tab-title-id=\"e-n-tab-title-1394182502\" class=\"e-n-tab-title\" aria-selected=\"false\" data-tab-index=\"2\" role=\"tab\" tabindex=\"-1\" aria-controls=\"e-n-tab-content-1394182502\" style=\"--n-tabs-title-order: 2;\">\n\t\t\t\t\t\t<span class=\"e-n-tab-title-text\">\n\t\t\t\tItinerario\t\t\t<\/span>\n\t\t<\/button>\n\t\t\t\t<button id=\"e-n-tab-title-1394182503\" data-tab-title-id=\"e-n-tab-title-1394182503\" class=\"e-n-tab-title\" aria-selected=\"false\" data-tab-index=\"3\" role=\"tab\" tabindex=\"-1\" aria-controls=\"e-n-tab-content-1394182503\" style=\"--n-tabs-title-order: 3;\">\n\t\t\t\t\t\t<span class=\"e-n-tab-title-text\">\n\t\t\t\tIncluido\t\t\t<\/span>\n\t\t<\/button>\n\t\t\t\t<button id=\"e-n-tab-title-1394182504\" data-tab-title-id=\"e-n-tab-title-1394182504\" class=\"e-n-tab-title\" aria-selected=\"false\" data-tab-index=\"4\" role=\"tab\" tabindex=\"-1\" aria-controls=\"e-n-tab-content-1394182504\" style=\"--n-tabs-title-order: 4;\">\n\t\t\t\t\t\t<span class=\"e-n-tab-title-text\">\n\t\t\t\tPrecios\t\t\t<\/span>\n\t\t<\/button>\n\t\t\t\t\t<\/div>\n\t\t\t<div class=\"e-n-tabs-content\">\n\t\t\t\t<div id=\"e-n-tab-content-1394182501\" role=\"tabpanel\" aria-labelledby=\"e-n-tab-title-1394182501\" data-tab-index=\"1\" style=\"--n-tabs-title-order: 1;\" class=\"e-active elementor-element elementor-element-94e590d e-con-full e-flex wpr-particle-no wpr-jarallax-no wpr-parallax-no wpr-sticky-section-no wpr-column-slider-no wpr-equal-height-no e-con e-child\" data-id=\"94e590d\" data-element_type=\"container\" data-e-type=\"container\">\n\t\t<div class=\"elementor-element elementor-element-2d751ac e-con-full animated-slow e-flex wpr-particle-no wpr-jarallax-no wpr-parallax-no wpr-sticky-section-no wpr-column-slider-no wpr-equal-height-no elementor-invisible e-con e-child\" data-id=\"2d751ac\" data-element_type=\"container\" data-e-type=\"container\" data-settings=\"{&quot;background_background&quot;:&quot;classic&quot;,&quot;animation&quot;:&quot;fadeIn&quot;}\">\n\t\t\t\t<\/div>\n\t\t\t\t<div class=\"elementor-element elementor-element-5d20cd5 elementor-widget__width-initial elementor-widget elementor-widget-text-editor\" data-id=\"5d20cd5\" data-element_type=\"widget\" data-e-type=\"widget\" data-widget_type=\"text-editor.default\">\n\t\t\t\t\t\t\t\t\t<p>\u00a0<\/p><ul id=\"u55066-4\" class=\"list0 nls-None\"><li id=\"u55066-3\"><strong><span id=\"u55066\">D\u00cdA 1:\u00a0<\/span>Cusco \u2013 Soraypampa \u2013 Lago Humantay \u2013 Cusco<\/strong><\/li><\/ul><p id=\"u55066-8\"><strong><span id=\"u55066-6\">Punto m\u00e1s alto:<\/span><\/strong>\u00a04.250 m \/ 13.944 pies<\/p><p id=\"u55066-11\"><strong><span id=\"u55066-9\">Punto m\u00e1s bajo:<\/span>\u00a0<\/strong>2980 m \/ 9777 pies<\/p><p id=\"u55066-14\"><span id=\"u55066-12\"><strong>Distancia:<\/strong>\u00a0<\/span>6 km \/ 3,7 millas<\/p><p id=\"u55066-19\"><strong><span id=\"u55066-15\">Dificultad general:\u00a0<\/span><\/strong><span id=\"u55066-16\">1 <strong>2\u00a0<\/strong><\/span><span id=\"u55066-17\">3<\/span><span id=\"u55066-18\">\u00a04 5<\/span><\/p><p id=\"u55066-22\"><strong>SHARED GROUP SERVICE: 2026<\/strong><\/p><ul id=\"u55066-27\" class=\"list0 nls-None\"><li id=\"u55066-26\"><span id=\"u55066-24\"><strong>Precio por persona US$90 Incluye:<\/strong>\u00a0<\/span>Transportation round trip, Guide, Breakfast &amp; Lunch, Entrance fee(Group size: 07 \u2013 13 ppl)<\/li><\/ul>\t\t\t\t\t\t\t\t<\/div>\n\t\t\t\t<\/div>\n\t\t<div id=\"e-n-tab-content-1394182502\" role=\"tabpanel\" aria-labelledby=\"e-n-tab-title-1394182502\" data-tab-index=\"2\" style=\"--n-tabs-title-order: 2;\" class=\"elementor-element elementor-element-2d5725f e-con-full e-flex wpr-particle-no wpr-jarallax-no wpr-parallax-no wpr-sticky-section-no wpr-column-slider-no wpr-equal-height-no e-con e-child\" data-id=\"2d5725f\" data-element_type=\"container\" data-e-type=\"container\">\n\t\t<div class=\"elementor-element elementor-element-2df2eb8 e-con-full animated-slow e-flex wpr-particle-no wpr-jarallax-no wpr-parallax-no wpr-sticky-section-no wpr-column-slider-no wpr-equal-height-no elementor-invisible e-con e-child\" data-id=\"2df2eb8\" data-element_type=\"container\" data-e-type=\"container\" data-settings=\"{&quot;background_background&quot;:&quot;classic&quot;,&quot;animation&quot;:&quot;fadeIn&quot;}\">\n\t\t\t\t<\/div>\n\t\t\t\t<div class=\"elementor-element elementor-element-5462b0a elementor-widget__width-initial elementor-widget elementor-widget-text-editor\" data-id=\"5462b0a\" data-element_type=\"widget\" data-e-type=\"widget\" data-widget_type=\"text-editor.default\">\n\t\t\t\t\t\t\t\t\t<p>\u00a0<\/p><p id=\"u55056-2\"><strong>Itinerario: Excursi\u00f3n al lago Humantay \u2013 1 d\u00eda<\/strong><\/p><p id=\"u55056-5\">We will pick you up at 5:30 am\u00a0 at your hotel in our private transport and will drive 2 hours to the town of Mollepata where you will be served a hearty breakfast. Then we will drive another hour to Soraypampa, our trailhead, and begin a slow, uphill trek to Humantay Lake. Located at the base of Humantay Mountain, the lake is a beautiful turquoise color, and it is possible we will see condors flying over the mountains. After exploring the area and taking photos, we will return to Soraypampa and then take our private transport back to Mollepata where we will lunch and rest before returning to Cusco.<\/p><ul id=\"u55056-17\" class=\"list0 nls-None\"><li id=\"u55056-8\"><strong>Comidas:<\/strong> B, L<\/li><li id=\"u55056-10\"><strong>Altitud m\u00e1xima:<\/strong> 4.250 m \/ 13.944 pies<\/li><li id=\"u55056-12\"><strong>Altitud m\u00ednima:<\/strong>\u00a02980 m \/ 9777 pies<\/li><li id=\"u55056-14\"><strong>Distancia:<\/strong> 6km\/3.7ml<\/li><li id=\"u55056-16\"><strong>Tiempo de caminata:<\/strong>\u00a0 3 to 4 hours<\/li><\/ul><p id=\"u55056-20\">This day trek is all inclusive and private tour.<\/p>\t\t\t\t\t\t\t\t<\/div>\n\t\t\t\t<\/div>\n\t\t<div id=\"e-n-tab-content-1394182503\" role=\"tabpanel\" aria-labelledby=\"e-n-tab-title-1394182503\" data-tab-index=\"3\" style=\"--n-tabs-title-order: 3;\" class=\"elementor-element elementor-element-7c01974 e-con-full e-flex wpr-particle-no wpr-jarallax-no wpr-parallax-no wpr-sticky-section-no wpr-column-slider-no wpr-equal-height-no e-con e-child\" data-id=\"7c01974\" data-element_type=\"container\" data-e-type=\"container\">\n\t\t<div class=\"elementor-element elementor-element-cf848f1 e-con-full animated-slow e-flex wpr-particle-no wpr-jarallax-no wpr-parallax-no wpr-sticky-section-no wpr-column-slider-no wpr-equal-height-no elementor-invisible e-con e-child\" data-id=\"cf848f1\" data-element_type=\"container\" data-e-type=\"container\" data-settings=\"{&quot;background_background&quot;:&quot;classic&quot;,&quot;animation&quot;:&quot;fadeIn&quot;}\">\n\t\t\t\t<\/div>\n\t\t\t\t<div class=\"elementor-element elementor-element-8872907 elementor-widget__width-initial elementor-widget elementor-widget-text-editor\" data-id=\"8872907\" data-element_type=\"widget\" data-e-type=\"widget\" data-widget_type=\"text-editor.default\">\n\t\t\t\t\t\t\t\t\t<p id=\"u55062-3\">\u00a0<\/p><p id=\"u55062-6\"><strong>SERVICIOS INCLUIDOS:<\/strong><\/p><ul id=\"u55062-16\" class=\"list0 nls-None\"><li id=\"u55062-9\">Transporte privado ida y vuelta: Cusco \u2013 Soraypampa \u2013 Cusco<\/li><li id=\"u55062-11\">Desayuno y almuerzo<\/li><li id=\"u55062-13\">Gu\u00eda profesional biling\u00fce (ingl\u00e9s y espa\u00f1ol)<\/li><li id=\"u55062-15\">Entrance fee to humantay lake\u00a0<\/li><\/ul><p id=\"u55062-19\"><strong>NO INCLUIDO:<\/strong><\/p><ul id=\"u55062-27\" class=\"list0 nls-None\"><li id=\"u55062-22\">Consejos para el personal de campo<\/li><li id=\"u55062-24\">agua<\/li><li id=\"u55062-26\">Aperitivos<\/li><li>Bebidas\u00a0<\/li><\/ul><p id=\"u55062-30\"><strong>RECOMENDAMOS TRAER:<\/strong><\/p><ul id=\"u55062-50\" class=\"list0 nls-None\"><li id=\"u55062-33\">Zapatillas de trekking<\/li><li id=\"u55062-35\">Ropa de abrigo (termal, ropa interior, forro polar, gorro, guantes, calcetines)<\/li><li id=\"u55062-37\">Prenda impermeable (poncho)<\/li><li id=\"u55062-39\">Sombrero para el sol y gafas de sol<\/li><li id=\"u55062-41\">crema solar<\/li><li id=\"u55062-43\">Botellas de agua<\/li><li id=\"u55062-45\">Medicamentos b\u00e1sicos<\/li><li id=\"u55062-47\">bastones de senderismo<\/li><li id=\"u55062-49\">refrigerios personales<\/li><\/ul>\t\t\t\t\t\t\t\t<\/div>\n\t\t\t\t<\/div>\n\t\t<div id=\"e-n-tab-content-1394182504\" role=\"tabpanel\" aria-labelledby=\"e-n-tab-title-1394182504\" data-tab-index=\"4\" style=\"--n-tabs-title-order: 4;\" class=\"elementor-element elementor-element-3449c55 e-con-full e-flex wpr-particle-no wpr-jarallax-no wpr-parallax-no wpr-sticky-section-no wpr-column-slider-no wpr-equal-height-no e-con e-child\" data-id=\"3449c55\" data-element_type=\"container\" data-e-type=\"container\">\n\t\t\t\t<div class=\"elementor-element elementor-element-2aee766 elementor-widget__width-initial elementor-widget elementor-widget-text-editor\" data-id=\"2aee766\" data-element_type=\"widget\" data-e-type=\"widget\" data-widget_type=\"text-editor.default\">\n\t\t\t\t\t\t\t\t\t<p>\u00a0<\/p><p id=\"u55060-2\"><strong>Precios \u2013 Excursi\u00f3n al lago Humantay \u2013 1 d\u00eda<\/strong><\/p><ul id=\"u55060-13\" class=\"list0 nls-None\"><li id=\"u55060-6\"><span id=\"u55060-4\">PRECIO:<\/span> 135 USD$ per person when booking 2- 4 people<\/li><li id=\"u55060-9\"><span id=\"u55060-7\">PRECIO:\u00a0<\/span>120 USD$ per person when booking 5- 6 people<\/li><li id=\"u55060-12\"><span id=\"u55060-10\">PRECIO:\u00a0\u00a0<\/span>90 USD$ per person when booking 7-12 people ( group service)<\/li><\/ul><p>if you are looking for a private tour. let us know at your booking time<\/p>\t\t\t\t\t\t\t\t<\/div>\n\t\t\t\t<\/div>\n\t\t\t\t\t<\/div>\n\t\t<\/div>\n\t\t\t\t\t\t<\/div>\n\t\t\t\t\t<\/div>\n\t\t\t\t<\/div>\n\t\t<div class=\"elementor-element elementor-element-b004eef e-flex e-con-boxed wpr-particle-no wpr-jarallax-no wpr-parallax-no wpr-sticky-section-no wpr-column-slider-no wpr-equal-height-no e-con e-parent\" data-id=\"b004eef\" data-element_type=\"container\" data-e-type=\"container\">\n\t\t\t\t\t<div class=\"e-con-inner\">\n\t\t\t\t<div class=\"elementor-element elementor-element-831001b elementor-widget elementor-widget-spacer\" data-id=\"831001b\" data-element_type=\"widget\" data-e-type=\"widget\" data-widget_type=\"spacer.default\">\n\t\t\t\t\t\t\t<div class=\"elementor-spacer\">\n\t\t\t<div class=\"elementor-spacer-inner\"><\/div>\n\t\t<\/div>\n\t\t\t\t\t\t<\/div>\n\t\t\t\t\t<\/div>\n\t\t\t\t<\/div>\n\t\t\t\t<\/div>","protected":false},"excerpt":{"rendered":"<p>Humantay Lake Trek \u2013 1 Day DESCRIPTION: This is a day hike for people who love nature and want to experience the majesty of the Andes Mountains but don\u2019t have time for a multi-day trek. On this day hike you will view one of the most famous peaks of the Cusco region, Salkantay Mountain (6,275m\/20,576ft), and you will hike part of the famous Salkantay trek. This day hike is good for people who are training to go on the Inca Trail or any other trek in the Andes. Overview Itinerary Included Prices \u00a0 DAY 1:\u00a0Cusco \u2013 Soraypampa \u2013 Humantay Lake \u2013 Cusco Highest Point:\u00a04,250m \/ 13,944ft Lowest Point:\u00a02,980m \/ 9,777ft Distance:\u00a06km \/ 3.7mi Overall Difficulty:\u00a01 2\u00a03\u00a04 5 SHARED GROUP SERVICE: 2026 Price per person US$90 Includes:\u00a0Transportation round trip, Guide, Breakfast &amp; Lunch, Entrance fee(Group size: 07 \u2013 13 ppl) \u00a0 Itinerary : Humantay Lake Trek \u2013 1 Day We will pick you up at 5:30 am\u00a0 at your hotel in our private transport and will drive 2 hours to the town of Mollepata where you will be served a hearty breakfast. Then we will drive another hour to Soraypampa, our trailhead, and begin a slow, uphill trek to Humantay Lake. Located at the base of Humantay Mountain, the lake is a beautiful turquoise color, and it is possible we will see condors flying over the mountains. After exploring the area and taking photos, we will return to Soraypampa and then take our private transport back to Mollepata where we will lunch and rest before returning to Cusco. Meals: B, L Maximum Altitude: 4,250m \/ 13,944ft Minimum Altitude:\u00a02,980m \/ 9,777ft Distance: 6km\/3.7ml Walking time:\u00a0 3 to 4 hours This day trek is all inclusive and private tour. \u00a0 SERVICES INCLUDED: Private transport round trip: Cusco \u2013 Soraypampa \u2013 Cusco Breakfast and lunch Professional English &amp; Spanish speaking guide Entrance fee to humantay lake\u00a0 NOT INCLUDED: Tips for field staff water Snacks Drinks\u00a0 WE RECOMMEND TO BRING: Trekking shoes Warm clothing ( termal, underwear, fleece, hat, gloves, socks) Waterproof clothing ( poncho) Sunhat and sunglasses Sun cream Water bottles Basic medications Walking poles Personal snacks \u00a0 Prices \u2013 Humantay Lake Trek \u2013 1 Day PRICE: 135 USD$ per person when booking 2- 4 people PRICE:\u00a0120 USD$ per person when booking 5- 6 people PRICE:\u00a0\u00a090 USD$ per person when booking 7-12 people ( group service) if you are looking for a private tour. let us know at your booking time \u00a0 DAY 1:\u00a0Cusco \u2013 Soraypampa \u2013 Humantay Lake \u2013 Cusco Highest Point:\u00a04,250m \/ 13,944ft Lowest Point:\u00a02,980m \/ 9,777ft Distance:\u00a06km \/ 3.7mi Overall Difficulty:\u00a01 2\u00a03\u00a04 5 SHARED GROUP SERVICE: 2026 Price per person US$90 Includes:\u00a0Transportation round trip, Guide, Breakfast &amp; Lunch, Entrance fee(Group size: 07 \u2013 13 ppl) \u00a0 Itinerary : Humantay Lake Trek \u2013 1 Day We will pick you up at 5:30 am\u00a0 at your hotel in our private transport and will drive 2 hours to the town of Mollepata where you will be served a hearty breakfast. Then we will drive another hour to Soraypampa, our trailhead, and begin a slow, uphill trek to Humantay Lake. Located at the base of Humantay Mountain, the lake is a beautiful turquoise color, and it is possible we will see condors flying over the mountains. After exploring the area and taking photos, we will return to Soraypampa and then take our private transport back to Mollepata where we will lunch and rest before returning to Cusco. Meals: B, L Maximum Altitude: 4,250m \/ 13,944ft Minimum Altitude:\u00a02,980m \/ 9,777ft Distance: 6km\/3.7ml Walking time:\u00a0 3 to 4 hours This day trek is all inclusive and private tour. \u00a0 SERVICES INCLUDED: Private transport round trip: Cusco \u2013 Soraypampa \u2013 Cusco Breakfast and lunch Professional English &amp; Spanish speaking guide Entrance fee to humantay lake\u00a0 NOT INCLUDED: Tips for field staff water Snacks Drinks\u00a0 WE RECOMMEND TO BRING: Trekking shoes Warm clothing ( termal, underwear, fleece, hat, gloves, socks) Waterproof clothing ( poncho) Sunhat and sunglasses Sun cream Water bottles Basic medications Walking poles Personal snacks \u00a0 Prices \u2013 Humantay Lake Trek \u2013 1 Day PRICE: 135 USD$ per person when booking 2- 4 people PRICE:\u00a0120 USD$ per person when booking 5- 6 people PRICE:\u00a0\u00a090 USD$ per person when booking 7-12 people ( group service) if you are looking for a private tour. let us know at your booking time<\/p>","protected":false},"author":1,"featured_media":0,"parent":0,"menu_order":0,"comment_status":"closed","ping_status":"closed","template":"","meta":{"_eb_attr":"","footnotes":""},"class_list":["post-2209","page","type-page","status-publish","hentry"],"_hostinger_reach_plugin_has_subscription_block":false,"_hostinger_reach_plugin_is_elementor":false,"_links":{"self":[{"href":"https:\/\/apurimacadventures.com\/es\/wp-json\/wp\/v2\/pages\/2209","targetHints":{"allow":["GET"]}}],"collection":[{"href":"https:\/\/apurimacadventures.com\/es\/wp-json\/wp\/v2\/pages"}],"about":[{"href":"https:\/\/apurimacadventures.com\/es\/wp-json\/wp\/v2\/types\/page"}],"author":[{"embeddable":true,"href":"https:\/\/apurimacadventures.com\/es\/wp-json\/wp\/v2\/users\/1"}],"replies":[{"embeddable":true,"href":"https:\/\/apurimacadventures.com\/es\/wp-json\/wp\/v2\/comments?post=2209"}],"version-history":[{"count":18,"href":"https:\/\/apurimacadventures.com\/es\/wp-json\/wp\/v2\/pages\/2209\/revisions"}],"predecessor-version":[{"id":3698,"href":"https:\/\/apurimacadventures.com\/es\/wp-json\/wp\/v2\/pages\/2209\/revisions\/3698"}],"wp:attachment":[{"href":"https:\/\/apurimacadventures.com\/es\/wp-json\/wp\/v2\/media?parent=2209"}],"curies":[{"name":"wp","href":"https:\/\/api.w.org\/{rel}","templated":true}]}}