{"id":2201,"date":"2025-11-09T02:10:05","date_gmt":"2025-11-09T02:10:05","guid":{"rendered":"https:\/\/apurimacadventures.com\/?page_id=2201"},"modified":"2025-12-06T13:14:41","modified_gmt":"2025-12-06T13:14:41","slug":"excursion-a-la-montana-arcoiris-de-vinicunca","status":"publish","type":"page","link":"https:\/\/apurimacadventures.com\/es\/rainbow-mountain-vinicunca-tour\/","title":{"rendered":"Tour de Rainbow Mountain Vinicunca"},"content":{"rendered":"<div data-elementor-type=\"wp-page\" data-elementor-id=\"2201\" class=\"elementor elementor-2201\" data-elementor-post-type=\"page\">\n\t\t\t\t<div class=\"elementor-element elementor-element-08fadc6 e-con-full e-flex wpr-particle-no wpr-jarallax-no wpr-parallax-no wpr-sticky-section-no e-con e-parent\" data-id=\"08fadc6\" data-element_type=\"container\" data-e-type=\"container\" data-settings=\"{&quot;background_background&quot;:&quot;classic&quot;}\">\n\t\t\t\t<div class=\"elementor-element elementor-element-5b1bc66 elementor-widget elementor-widget-heading\" data-id=\"5b1bc66\" data-element_type=\"widget\" data-e-type=\"widget\" data-widget_type=\"heading.default\">\n\t\t\t\t\t<h2 class=\"elementor-heading-title elementor-size-default\">Tour de Rainbow Mountain Vinicunca\n\n\n\n<\/h2>\t\t\t\t<\/div>\n\t\t<div class=\"elementor-element elementor-element-6648a9e e-con-full e-flex wpr-particle-no wpr-jarallax-no wpr-parallax-no wpr-sticky-section-no e-con e-child\" data-id=\"6648a9e\" data-element_type=\"container\" data-e-type=\"container\" data-settings=\"{&quot;background_background&quot;:&quot;classic&quot;}\">\n\t\t\t\t<\/div>\n\t\t\t\t<\/div>\n\t\t<div class=\"elementor-element elementor-element-8620c99 e-flex e-con-boxed wpr-particle-no wpr-jarallax-no wpr-parallax-no wpr-sticky-section-no e-con e-parent\" data-id=\"8620c99\" data-element_type=\"container\" data-e-type=\"container\">\n\t\t\t\t\t<div class=\"e-con-inner\">\n\t\t\t\t<div class=\"elementor-element elementor-element-61ae41f elementor-widget__width-initial elementor-widget elementor-widget-text-editor\" data-id=\"61ae41f\" data-element_type=\"widget\" data-e-type=\"widget\" data-widget_type=\"text-editor.default\">\n\t\t\t\t\t\t\t\t\t<div id=\"u47967-4\" class=\"clearfix colelem shared_content\" data-muse-uid=\"U47967\" data-muse-type=\"txt_frame\" data-ibe-flags=\"txtStyleSrc\" data-sizepolicy=\"fixed\" data-pintopage=\"page_fixedCenter\" data-content-guid=\"u47967-4_content\"><div id=\"u54718-7\" class=\"clearfix colelem shared_content\" data-muse-uid=\"U54718\" data-muse-type=\"txt_frame\" data-ibe-flags=\"txtStyleSrc\" data-sizepolicy=\"fixed\" data-pintopage=\"page_fixedCenter\" data-content-guid=\"u54718-7_content\"><p><strong>DESCRIPCI\u00d3N:<\/strong><\/p><p>La monta\u00f1a arco\u00edris de Vinicunca, en Per\u00fa, es impresionante y se puede contemplar durante la espectacular caminata al Ausangate. El Ausangate es considerado una monta\u00f1a sagrada (o esp\u00edritu de la monta\u00f1a) por los peruanos locales y es la deidad de Cusco. Desde la \u00e9poca preincaica, la monta\u00f1a ha sido un lugar de culto y ofrendas, tradici\u00f3n que perdura hasta nuestros d\u00edas.<\/p><p>La mayor\u00eda de los viajes para ver las Monta\u00f1as Arco\u00edris requieren una caminata de 2 a 6 d\u00edas, pero eso ha cambiado con este nuevo itinerario. \u00a1Hemos dise\u00f1ado esta excursi\u00f3n para que se pueda hacer en un solo d\u00eda!<\/p><\/div><\/div>\t\t\t\t\t\t\t\t<\/div>\n\t\t\t\t<div class=\"elementor-element elementor-element-84f5a8a e-n-tabs-mobile elementor-widget elementor-widget-n-tabs\" data-id=\"84f5a8a\" data-element_type=\"widget\" data-e-type=\"widget\" data-settings=\"{&quot;_animation&quot;:&quot;none&quot;,&quot;tabs_justify_horizontal&quot;:&quot;stretch&quot;,&quot;horizontal_scroll&quot;:&quot;disable&quot;}\" data-widget_type=\"nested-tabs.default\">\n\t\t\t\t\t\t\t<div class=\"e-n-tabs\" data-widget-number=\"139418250\" aria-label=\"Abas. Abra itens com &quot;Enter&quot; ou &quot;Espa\u00e7o&quot;, feche com &quot;Escape&quot; e navegue usando as teclas de &quot;Seta&quot;.\">\n\t\t\t<div class=\"e-n-tabs-heading\" role=\"tablist\">\n\t\t\t\t\t<button id=\"e-n-tab-title-1394182501\" data-tab-title-id=\"e-n-tab-title-1394182501\" class=\"e-n-tab-title\" aria-selected=\"true\" data-tab-index=\"1\" role=\"tab\" tabindex=\"0\" aria-controls=\"e-n-tab-content-1394182501\" style=\"--n-tabs-title-order: 1;\">\n\t\t\t\t\t\t<span class=\"e-n-tab-title-text\">\n\t\t\t\tDescripci\u00f3n general\t\t\t<\/span>\n\t\t<\/button>\n\t\t\t\t<button id=\"e-n-tab-title-1394182502\" data-tab-title-id=\"e-n-tab-title-1394182502\" class=\"e-n-tab-title\" aria-selected=\"false\" data-tab-index=\"2\" role=\"tab\" tabindex=\"-1\" aria-controls=\"e-n-tab-content-1394182502\" style=\"--n-tabs-title-order: 2;\">\n\t\t\t\t\t\t<span class=\"e-n-tab-title-text\">\n\t\t\t\tItinerario\t\t\t<\/span>\n\t\t<\/button>\n\t\t\t\t<button id=\"e-n-tab-title-1394182503\" data-tab-title-id=\"e-n-tab-title-1394182503\" class=\"e-n-tab-title\" aria-selected=\"false\" data-tab-index=\"3\" role=\"tab\" tabindex=\"-1\" aria-controls=\"e-n-tab-content-1394182503\" style=\"--n-tabs-title-order: 3;\">\n\t\t\t\t\t\t<span class=\"e-n-tab-title-text\">\n\t\t\t\tIncluido\t\t\t<\/span>\n\t\t<\/button>\n\t\t\t\t<button id=\"e-n-tab-title-1394182504\" data-tab-title-id=\"e-n-tab-title-1394182504\" class=\"e-n-tab-title\" aria-selected=\"false\" data-tab-index=\"4\" role=\"tab\" tabindex=\"-1\" aria-controls=\"e-n-tab-content-1394182504\" style=\"--n-tabs-title-order: 4;\">\n\t\t\t\t\t\t<span class=\"e-n-tab-title-text\">\n\t\t\t\tPrecios\t\t\t<\/span>\n\t\t<\/button>\n\t\t\t\t\t<\/div>\n\t\t\t<div class=\"e-n-tabs-content\">\n\t\t\t\t<div id=\"e-n-tab-content-1394182501\" role=\"tabpanel\" aria-labelledby=\"e-n-tab-title-1394182501\" data-tab-index=\"1\" style=\"--n-tabs-title-order: 1;\" class=\"e-active elementor-element elementor-element-94e590d e-con-full e-flex wpr-particle-no wpr-jarallax-no wpr-parallax-no wpr-sticky-section-no e-con e-child\" data-id=\"94e590d\" data-element_type=\"container\" data-e-type=\"container\">\n\t\t<div class=\"elementor-element elementor-element-2d751ac e-con-full animated-slow e-flex wpr-particle-no wpr-jarallax-no wpr-parallax-no wpr-sticky-section-no elementor-invisible e-con e-child\" data-id=\"2d751ac\" data-element_type=\"container\" data-e-type=\"container\" data-settings=\"{&quot;background_background&quot;:&quot;classic&quot;,&quot;animation&quot;:&quot;fadeIn&quot;}\">\n\t\t\t\t<\/div>\n\t\t\t\t<div class=\"elementor-element elementor-element-5d20cd5 elementor-widget__width-initial elementor-widget elementor-widget-text-editor\" data-id=\"5d20cd5\" data-element_type=\"widget\" data-e-type=\"widget\" data-widget_type=\"text-editor.default\">\n\t\t\t\t\t\t\t\t\t<p>En la caminata a la Monta\u00f1a Arco\u00edris de Vinicunca, descubrir\u00e1s pintorescos pueblos, hermosas casas de adobe, reba\u00f1os de llamas y alpacas, y disfrutar\u00e1s de magn\u00edficas vistas del glaciar Ausangate (6385 m \/ 20 945 pies), la monta\u00f1a m\u00e1s alta de la regi\u00f3n de Cusco. Con una belleza y tranquilidad inigualables, este es un viaje espectacular para los amantes de la naturaleza que buscan una verdadera aventura al aire libre.<\/p><p>\u00a0<\/p><p><strong><span id=\"u54735-4\">Distancia recorrida a pie<\/span>:<\/strong> 8 km \/ 4,97 millas<\/p><p><strong><span id=\"u54735-7\">Altitud inicial\/m\u00ednima:<\/span><\/strong>\u00a04.450 m \/ 14.600 pies<\/p><p><span id=\"u54735-10\"><strong>Altitud m\u00e1xima:<\/strong>\u00a0<\/span>5200 m \/ 17060 pies<\/p><p><span id=\"u54735-13\"><strong>Dificultad general de la caminata:<\/strong>\u00a0<\/span>Desafiante*<\/p>\t\t\t\t\t\t\t\t<\/div>\n\t\t\t\t<\/div>\n\t\t<div id=\"e-n-tab-content-1394182502\" role=\"tabpanel\" aria-labelledby=\"e-n-tab-title-1394182502\" data-tab-index=\"2\" style=\"--n-tabs-title-order: 2;\" class=\"elementor-element elementor-element-2d5725f e-con-full e-flex wpr-particle-no wpr-jarallax-no wpr-parallax-no wpr-sticky-section-no e-con e-child\" data-id=\"2d5725f\" data-element_type=\"container\" data-e-type=\"container\">\n\t\t<div class=\"elementor-element elementor-element-2df2eb8 e-con-full animated-slow e-flex wpr-particle-no wpr-jarallax-no wpr-parallax-no wpr-sticky-section-no elementor-invisible e-con e-child\" data-id=\"2df2eb8\" data-element_type=\"container\" data-e-type=\"container\" data-settings=\"{&quot;background_background&quot;:&quot;classic&quot;,&quot;animation&quot;:&quot;fadeIn&quot;}\">\n\t\t\t\t<\/div>\n\t\t\t\t<div class=\"elementor-element elementor-element-5462b0a elementor-widget__width-initial elementor-widget elementor-widget-text-editor\" data-id=\"5462b0a\" data-element_type=\"widget\" data-e-type=\"widget\" data-widget_type=\"text-editor.default\">\n\t\t\t\t\t\t\t\t\t<p>\u00a0<\/p><p id=\"u54729-2\"><strong>Itinerario: Excursi\u00f3n a la Monta\u00f1a Arco\u00edris de Vinicunca<\/strong><\/p><p>\u00a0<\/p><p id=\"u54729-5\">Los recogeremos a las 6:00 a. m. en su hotel de Cusco y partiremos en un recorrido por el Valle Sur. El trayecto hasta el inicio del sendero (4450 m \/ 14 600 pies) dura 3 horas. Una vez que lleguemos al pueblo de Cusipata despu\u00e9s de 2 horas de viaje, disfrutaremos de un desayuno americano para recargar energ\u00edas. Luego, conduciremos una hora m\u00e1s hasta el inicio del sendero.<\/p><p id=\"u54729-8\">Luego comenzamos nuestra caminata, siguiendo un sendero encantador, donde nos sorprenden de inmediato manadas de alpacas y llamas. Tambi\u00e9n tendremos vistas constantes de la monta\u00f1a Ausangate. Caminaremos a trav\u00e9s de pueblos e interactuaremos con los residentes locales.<\/p><p id=\"u54729-11\">Nos encontramos con elementos m\u00e1s tradicionales de esta caminata, como campos de papa y fauna singular. Tenemos la posibilidad de avistar aves locales y vicu\u00f1as. Las vicu\u00f1as son el \u00fanico animal no domesticado de la familia de las llamas en Per\u00fa. Numerosas monta\u00f1as rojizas tambi\u00e9n son un atractivo de esta parte de la ruta.<\/p><p id=\"u54729-14\">Despu\u00e9s de una caminata de aproximadamente 2 horas, finalmente llegamos a nuestro destino: la Monta\u00f1a Arco\u00edris (5200 m \/ 17060 pies). Tras asimilar su belleza, tendr\u00e1n tiempo para explorar la zona, tomar fotos y disfrutar del entorno. Luego, emprenderemos el descenso por el mismo camino. La caminata durar\u00e1 1 hora y 30 minutos. Nuestra camioneta privada nos estar\u00e1 esperando a nuestro regreso. Viajaremos una hora hasta Cusipata para almorzar y luego dos horas m\u00e1s hasta Cusco, donde los dejaremos en su hotel. La hora aproximada de llegada es entre las 4 y las 5 de la tarde.<\/p><ul id=\"u54729-30\" class=\"list0 nls-None\"><li id=\"u54729-17\">Comidas: Desayuno\/almuerzo americano o (almuerzo para llevar opcional)<\/li><li id=\"u54729-19\">Altitud m\u00ednima: 4450 m \/ 14 600 pies<\/li><li id=\"u54729-21\">Altitud m\u00e1xima: 5200 m \/ 17 060 pies<\/li><li id=\"u54729-23\">Distancia a recorrer: 8 km \/ 4,97 millas<\/li><li id=\"u54729-27\">Tiempo aproximado de caminata: de 2 a 10 horas de subida; 1 hora y 30 minutos de bajada.<\/li><li id=\"u54729-29\">Nivel de dificultad: Desafiante<\/li><\/ul>\t\t\t\t\t\t\t\t<\/div>\n\t\t\t\t<\/div>\n\t\t<div id=\"e-n-tab-content-1394182503\" role=\"tabpanel\" aria-labelledby=\"e-n-tab-title-1394182503\" data-tab-index=\"3\" style=\"--n-tabs-title-order: 3;\" class=\"elementor-element elementor-element-7c01974 e-con-full e-flex wpr-particle-no wpr-jarallax-no wpr-parallax-no wpr-sticky-section-no e-con e-child\" data-id=\"7c01974\" data-element_type=\"container\" data-e-type=\"container\">\n\t\t<div class=\"elementor-element elementor-element-cf848f1 e-con-full animated-slow e-flex wpr-particle-no wpr-jarallax-no wpr-parallax-no wpr-sticky-section-no elementor-invisible e-con e-child\" data-id=\"cf848f1\" data-element_type=\"container\" data-e-type=\"container\" data-settings=\"{&quot;background_background&quot;:&quot;classic&quot;,&quot;animation&quot;:&quot;fadeIn&quot;}\">\n\t\t\t\t<\/div>\n\t\t\t\t<div class=\"elementor-element elementor-element-8872907 elementor-widget__width-initial elementor-widget elementor-widget-text-editor\" data-id=\"8872907\" data-element_type=\"widget\" data-e-type=\"widget\" data-widget_type=\"text-editor.default\">\n\t\t\t\t\t\t\t\t\t<div id=\"pu1093\" class=\"clearfix grpelem\"><div id=\"tab-panelu54720\" class=\"TabbedPanelsWidget clearfix colelem\" role=\"tablist\" data-sizepolicy=\"fixed\" data-pintopage=\"page_fixedCenter\"><div id=\"u54721\" class=\"TabbedPanelsContentGroup clearfix colelem\"><div id=\"u54722\" class=\"TabbedPanelsContent clearfix grpelem TabbedPanelsContentVisible\" role=\"tabpanel\" aria-labelledby=\"u54745\"><div id=\"u54725-74\" class=\"clearfix grpelem\" data-muse-uid=\"U54725\" data-muse-type=\"txt_frame\" data-ibe-flags=\"txtStyleSrc\" data-sizepolicy=\"fixed\" data-pintopage=\"page_fixedCenter\"><p>\u00a0<\/p><p id=\"u54725-5\"><strong>Servicios incluidos:<\/strong><\/p><ul id=\"u54725-19\" class=\"list0 nls-None\"><li id=\"u54725-8\">Gu\u00eda tur\u00edstico profesional biling\u00fce de habla inglesa (gu\u00eda tur\u00edstico adicional para grupos de nueve personas o m\u00e1s).<\/li><li id=\"u54725-10\">Recogida en su hotel y transporte hasta el inicio del sendero.<\/li><li id=\"u54725-12\">Traslado de regreso desde el inicio del sendero hasta su hotel en Cusco.<\/li><li id=\"u54725-14\">Un desayuno americano, almuerzo o (comida para llevar)<\/li><li id=\"u54725-16\">Botella de ox\u00edgeno de emergencia y botiqu\u00edn m\u00e9dico.<\/li><li id=\"u54725-18\">Precio de entrada a Rainbow Mountain<\/li><\/ul><p>\u00a0<\/p><p id=\"u54725-22\"><strong>Servicios no incluidos:<\/strong><\/p><ul id=\"u54725-30\" class=\"list0 nls-None\"><li id=\"u54725-25\">Bastones de trekking: puedes alquilarlos con nosotros.<\/li><li id=\"u54725-27\">Consejos<\/li><li id=\"u54725-29\">Seguro de viaje\/salud\/emergencias<\/li><\/ul><p>\u00a0<\/p><p id=\"u54725-33\"><strong>Qu\u00e9 llevar:<\/strong><\/p><ul id=\"u54725-57\" class=\"list0 nls-None\"><li id=\"u54725-36\">Pasaporte original o copia<\/li><li id=\"u54725-38\">Agua<\/li><li id=\"u54725-40\">Chaqueta impermeable\/poncho seg\u00fan la temporada.<\/li><li id=\"u54725-42\">Gorro y guantes de invierno<\/li><li id=\"u54725-44\">pantalones impermeables<\/li><li id=\"u54725-46\">Aperitivos<\/li><li id=\"u54725-48\">Se recomienda usar protector solar con factor 35+.<\/li><li id=\"u54725-50\">Gafas de sol y sombrero para el sol<\/li><li id=\"u54725-52\">C\u00e1mara con bater\u00edas de repuesto: las bater\u00edas se agotan m\u00e1s r\u00e1pido a gran altitud.<\/li><li id=\"u54725-54\">Prism\u00e1ticos<\/li><li id=\"u54725-56\">Bastones de trekking (recomendados especialmente para los descensos pronunciados, se pueden alquilar con nosotros).<\/li><\/ul><p>\u00a0<\/p><p id=\"u54725-60\"><strong>Nuestra clasificaci\u00f3n de rutas de senderismo es la siguiente:<\/strong><\/p><ul id=\"u54725-72\" class=\"list0 nls-None\"><li id=\"u54725-63\">F\u00e1cil<\/li><li id=\"u54725-65\">Moderado<\/li><li id=\"u54725-67\">Dif\u00edcil<\/li><li id=\"u54725-69\"><span id=\"u54725-68\">Desafiante<\/span><\/li><li id=\"u54725-71\">Demandante<\/li><\/ul><\/div><\/div><\/div><\/div><\/div>\t\t\t\t\t\t\t\t<\/div>\n\t\t\t\t<\/div>\n\t\t<div id=\"e-n-tab-content-1394182504\" role=\"tabpanel\" aria-labelledby=\"e-n-tab-title-1394182504\" data-tab-index=\"4\" style=\"--n-tabs-title-order: 4;\" class=\"elementor-element elementor-element-3449c55 e-con-full e-flex wpr-particle-no wpr-jarallax-no wpr-parallax-no wpr-sticky-section-no e-con e-child\" data-id=\"3449c55\" data-element_type=\"container\" data-e-type=\"container\">\n\t\t\t\t<div class=\"elementor-element elementor-element-2aee766 elementor-widget__width-initial elementor-widget elementor-widget-text-editor\" data-id=\"2aee766\" data-element_type=\"widget\" data-e-type=\"widget\" data-widget_type=\"text-editor.default\">\n\t\t\t\t\t\t\t\t\t<p>\u00a0<\/p><p id=\"u54727-2\"><strong>Precios \u2013 Rainbow Mountain Vinicunca<\/strong><\/p><p>\u00a0<\/p><p id=\"u54727-5\"><strong>SERVICIO DE GRUPO COMPARTIDO: 2024<\/strong><\/p><ul id=\"u54727-8\" class=\"list0 nls-None\"><li id=\"u54727-7\">Precio por persona US$$ 100 Incluye: Transporte de ida y vuelta, gu\u00eda, desayuno y almuerzo para llevar, entrada (tama\u00f1o del grupo: 4-10 personas)<\/li><\/ul><p>\u00a0<\/p><p id=\"u54727-11\"><strong>SERVICIO PRIVADO:<\/strong><\/p><ul id=\"u54727-14\" class=\"list0 nls-None\"><li id=\"u54727-13\">US$ $ 140 POR PERSONA<\/li><\/ul>\t\t\t\t\t\t\t\t<\/div>\n\t\t\t\t<\/div>\n\t\t\t\t\t<\/div>\n\t\t<\/div>\n\t\t\t\t\t\t<\/div>\n\t\t\t\t\t<\/div>\n\t\t\t\t<\/div>\n\t\t<div class=\"elementor-element elementor-element-b004eef e-flex e-con-boxed wpr-particle-no wpr-jarallax-no wpr-parallax-no wpr-sticky-section-no e-con e-parent\" data-id=\"b004eef\" data-element_type=\"container\" data-e-type=\"container\">\n\t\t\t\t\t<div class=\"e-con-inner\">\n\t\t\t\t<div class=\"elementor-element elementor-element-831001b elementor-widget elementor-widget-spacer\" data-id=\"831001b\" data-element_type=\"widget\" data-e-type=\"widget\" data-widget_type=\"spacer.default\">\n\t\t\t\t\t\t\t<div class=\"elementor-spacer\">\n\t\t\t<div class=\"elementor-spacer-inner\"><\/div>\n\t\t<\/div>\n\t\t\t\t\t\t<\/div>\n\t\t\t\t\t<\/div>\n\t\t\t\t<\/div>\n\t\t\t\t<\/div>","protected":false},"excerpt":{"rendered":"<p>Rainbow Mountain Vinicunca Tour DESCRIPTION: The Rainbow Mountain Vinicunca in Peru, are stunning and can be seen on the spectacular Ausangate Trek. Ausangate mountain itself is considered a holy mountain (or mountain spirit) by local Peruvians and is the deity of Cusco; Since pre-Inca times the mountain has been a place of worship and offerings and this tradition continues today. Most trips that allow you to see the Rainbow Mountains require a trek of\u00a0 2 to 6 days but That has changed with this brand new itinerary. We have designed this hike so that it can be done as a day trip! Overview Itinerary Included Prices Rainbow Mountain Vinicunca trek you will see quaint villages, beautiful adobe style houses, herds of llamas and alpacas and you will have magnificent views of the Ausangate Glacier (6,385 m \/ 20,945 ft), the highest mountain in the Cusco region. With uninterrupted beauty and solitude, this is a spectacular trip for trekkers who love a true outdoor adventure. \u00a0 Distance hiked: 8km \/ 4.97 ml Starting \/ minimum altitude:\u00a04,450 m \/ 14,600 ft Maximum altitude:\u00a05,200 m \/ 17,060 ft Overall trek difficulty:\u00a0Challenging* \u00a0 Itinerary : Rainbow Mountain Vinicunca Tour \u00a0 We will pick you up at 6:00am from your Cusco hotel and set out on a drive through the South Valley. The drive to the trailhead\u00a0 (4,450 m \/ 14,600 ft) is 3 hours long. Once we reach the to cusipata village after 2 hours driving, we will have a fueling american breakfast. then we drive\u00a0 one hour more to the trail head. We then start off on our hike, following a lovely trail immediately surprised by literally herds of alpacas and llamas, also will have consistent views of the Ausangate Mountain also We will hike through villages and interact with the local residents. We encounter more of the traditional elements of this trek. This includes potato fields and unique fauna. We have the prospect of seeing local birds and vicunas. Vicunas are the only non-domesticated animal of the llama family in Peru. Many red mountains are also a highlight of this portion of the hike. After a total hike of approximately 2 hours, we finally reach our destination, what we came to see\u2026.the Rainbow Mountain (5,200 m \/ 17,060 ft). After getting over the shock of their beauty, you will have time to explore the area. Enough\u00a0 time to take pictures and soak in the environment. At this point, it is time to go back down. We hike downhill the way we came. The hike will take 1:30 hours. Our private van will be waiting for us when we return. We will embark on the 1\u00a0 hour drive back\u00a0 to cusipata town to have our luch then 2 hours back to Cusco and drop you off at your Cusco hotel. Approximate arrival time is between 4 to 5 PM. Meals: American Breakfast \/ lunch\u00a0 or (Box lunch\u00a0 is an option) Lowest Elevation: 4,450m \/ 14,600 ft Highest Elevation: 5,200 m \/ 17,060 ft Distance to walk: 8km \/ 4.97 miles Approximate walking time: 2 to\u00a0 hours up; 1.30 hours down Level of Difficulty: Challenging \u00a0 Services Included: Professional Bilingual English speaking tour guide (additional tour guide for groups of nine people or more) Pick up from your hotel and transportation to trailhead Return transportation from trailhead to your Cusco hotel One American breakfast, lunch\u00a0 or ( box lunch) Emergency oxygen bottle and medical kit. Entrance fee to Rainbow Mountain \u00a0 Services Not Included: Trekking poles \u2013 you can rent them from us Tips Travel \/Health \/ Emergency insurance \u00a0 What to bring: Original passport\u00a0 or\u00a0 copy Water Rain jacket \/ poncho\u00a0 according of the season Winter hat and gloves Rain pants Snacks Sun block, factor 35+ recommended Sunglasses and sun hat Camera with spare batteries \u2013 batteries run down faster at high altitudes Binoculars Trekking poles (recommended especially for the steep descents, can be rented from us). \u00a0 Our trek rankings are the following Easy Moderate Difficult Challenging Demanding \u00a0 Prices \u2013 Rainbow Mountain Vinicunca \u00a0 SHARED GROUP SERVICE: 2024 Price per person US$ 100 Includes: Transportation round trip, Guide, Breakfast &amp; box Lunch, Entrance fee(Group size: 04 \u2013 10 ppl) \u00a0 PRIVATE\u00a0 SERVICE: US $ 140 PER PERSON Rainbow Mountain Vinicunca trek you will see quaint villages, beautiful adobe style houses, herds of llamas and alpacas and you will have magnificent views of the Ausangate Glacier (6,385 m \/ 20,945 ft), the highest mountain in the Cusco region. With uninterrupted beauty and solitude, this is a spectacular trip for trekkers who love a true outdoor adventure. \u00a0 Distance hiked: 8km \/ 4.97 ml Starting \/ minimum altitude:\u00a04,450 m \/ 14,600 ft Maximum altitude:\u00a05,200 m \/ 17,060 ft Overall trek difficulty:\u00a0Challenging* \u00a0 Itinerary : Rainbow Mountain Vinicunca Tour \u00a0 We will pick you up at 6:00am from your Cusco hotel and set out on a drive through the South Valley. The drive to the trailhead\u00a0 (4,450 m \/ 14,600 ft) is 3 hours long. Once we reach the to cusipata village after 2 hours driving, we will have a fueling american breakfast. then we drive\u00a0 one hour more to the trail head. We then start off on our hike, following a lovely trail immediately surprised by literally herds of alpacas and llamas, also will have consistent views of the Ausangate Mountain also We will hike through villages and interact with the local residents. We encounter more of the traditional elements of this trek. This includes potato fields and unique fauna. We have the prospect of seeing local birds and vicunas. Vicunas are the only non-domesticated animal of the llama family in Peru. Many red mountains are also a highlight of this portion of the hike. After a total hike of approximately 2 hours, we finally reach our destination, what we came to see\u2026.the Rainbow Mountain (5,200 m \/ 17,060 ft). After getting over the shock of their beauty, you will have time to explore the area. Enough\u00a0 time to take pictures and<\/p>","protected":false},"author":1,"featured_media":0,"parent":0,"menu_order":0,"comment_status":"closed","ping_status":"closed","template":"","meta":{"_eb_attr":"","footnotes":""},"class_list":["post-2201","page","type-page","status-publish","hentry"],"_hostinger_reach_plugin_has_subscription_block":false,"_hostinger_reach_plugin_is_elementor":false,"_links":{"self":[{"href":"https:\/\/apurimacadventures.com\/es\/wp-json\/wp\/v2\/pages\/2201","targetHints":{"allow":["GET"]}}],"collection":[{"href":"https:\/\/apurimacadventures.com\/es\/wp-json\/wp\/v2\/pages"}],"about":[{"href":"https:\/\/apurimacadventures.com\/es\/wp-json\/wp\/v2\/types\/page"}],"author":[{"embeddable":true,"href":"https:\/\/apurimacadventures.com\/es\/wp-json\/wp\/v2\/users\/1"}],"replies":[{"embeddable":true,"href":"https:\/\/apurimacadventures.com\/es\/wp-json\/wp\/v2\/comments?post=2201"}],"version-history":[{"count":12,"href":"https:\/\/apurimacadventures.com\/es\/wp-json\/wp\/v2\/pages\/2201\/revisions"}],"predecessor-version":[{"id":2918,"href":"https:\/\/apurimacadventures.com\/es\/wp-json\/wp\/v2\/pages\/2201\/revisions\/2918"}],"wp:attachment":[{"href":"https:\/\/apurimacadventures.com\/es\/wp-json\/wp\/v2\/media?parent=2201"}],"curies":[{"name":"wp","href":"https:\/\/api.w.org\/{rel}","templated":true}]}}