{"id":2182,"date":"2025-11-09T02:01:13","date_gmt":"2025-11-09T02:01:13","guid":{"rendered":"https:\/\/apurimacadventures.com\/?page_id=2182"},"modified":"2026-03-06T05:27:21","modified_gmt":"2026-03-06T05:27:21","slug":"excursion-de-dia-completo-a-machu-picchu","status":"publish","type":"page","link":"https:\/\/apurimacadventures.com\/es\/machu-picchu-tour-full-day\/","title":{"rendered":"Excursi\u00f3n de d\u00eda completo a Machu Picchu"},"content":{"rendered":"<div data-elementor-type=\"wp-page\" data-elementor-id=\"2182\" class=\"elementor elementor-2182\" data-elementor-post-type=\"page\">\n\t\t\t\t<div class=\"elementor-element elementor-element-08fadc6 e-con-full e-flex wpr-particle-no wpr-jarallax-no wpr-parallax-no wpr-sticky-section-no e-con e-parent\" data-id=\"08fadc6\" data-element_type=\"container\" data-e-type=\"container\" data-settings=\"{&quot;background_background&quot;:&quot;classic&quot;}\">\n\t\t\t\t<div class=\"elementor-element elementor-element-5b1bc66 elementor-widget elementor-widget-heading\" data-id=\"5b1bc66\" data-element_type=\"widget\" data-e-type=\"widget\" data-widget_type=\"heading.default\">\n\t\t\t\t\t<h2 class=\"elementor-heading-title elementor-size-default\">Excursi\u00f3n de d\u00eda completo a Machu Picchu\n\n\n\n<\/h2>\t\t\t\t<\/div>\n\t\t<div class=\"elementor-element elementor-element-6648a9e e-con-full e-flex wpr-particle-no wpr-jarallax-no wpr-parallax-no wpr-sticky-section-no e-con e-child\" data-id=\"6648a9e\" data-element_type=\"container\" data-e-type=\"container\" data-settings=\"{&quot;background_background&quot;:&quot;classic&quot;}\">\n\t\t\t\t<\/div>\n\t\t\t\t<\/div>\n\t\t<div class=\"elementor-element elementor-element-8620c99 e-flex e-con-boxed wpr-particle-no wpr-jarallax-no wpr-parallax-no wpr-sticky-section-no e-con e-parent\" data-id=\"8620c99\" data-element_type=\"container\" data-e-type=\"container\">\n\t\t\t\t\t<div class=\"e-con-inner\">\n\t\t\t\t<div class=\"elementor-element elementor-element-61ae41f elementor-widget__width-initial elementor-widget elementor-widget-text-editor\" data-id=\"61ae41f\" data-element_type=\"widget\" data-e-type=\"widget\" data-widget_type=\"text-editor.default\">\n\t\t\t\t\t\t\t\t\t<div id=\"u47967-4\" class=\"clearfix colelem shared_content\" data-muse-uid=\"U47967\" data-muse-type=\"txt_frame\" data-ibe-flags=\"txtStyleSrc\" data-sizepolicy=\"fixed\" data-pintopage=\"page_fixedCenter\" data-content-guid=\"u47967-4_content\"><div id=\"u50510-4\" class=\"clearfix colelem shared_content\" data-muse-uid=\"U50510\" data-muse-type=\"txt_frame\" data-ibe-flags=\"txtStyleSrc\" data-sizepolicy=\"fixed\" data-pintopage=\"page_fixedCenter\" data-content-guid=\"u50510-4_content\"><div id=\"u30283-10\" class=\"clearfix colelem shared_content\" data-muse-uid=\"U30283\" data-muse-type=\"txt_frame\" data-ibe-flags=\"txtStyleSrc\" data-sizepolicy=\"fixed\" data-pintopage=\"page_fixedCenter\" data-content-guid=\"u30283-10_content\"><div id=\"u47287-4\" class=\"clearfix colelem shared_content\" data-muse-uid=\"U47287\" data-muse-type=\"txt_frame\" data-ibe-flags=\"txtStyleSrc\" data-sizepolicy=\"fixed\" data-pintopage=\"page_fixedCenter\" data-content-guid=\"u47287-4_content\"><p><strong>DESCRIPCI\u00d3N:<\/strong><\/p><p>Nuestro tour de un d\u00eda a Machu Picchu est\u00e1 dise\u00f1ado especialmente para quienes disponen de poco tiempo en Per\u00fa. Este recorrido le llevar\u00e1 a lo largo del r\u00edo Urubamba en uno de los viajes en tren m\u00e1s incre\u00edbles del mundo. Durante su visita a Machu Picchu, disfrutar\u00e1 de los impresionantes paisajes de los Andes y el bosque nuboso peruano. Machu Picchu es una obra maestra de la arquitectura y la ingenier\u00eda, y forma parte del Patrimonio Mundial de la UNESCO desde 1983. La magia y el misterio de Machu Picchu son inolvidables, y este santuario hist\u00f3rico deber\u00eda estar incluido en el viaje de todo visitante a Per\u00fa.<\/p><\/div><\/div><\/div><\/div>\t\t\t\t\t\t\t\t<\/div>\n\t\t\t\t<div class=\"elementor-element elementor-element-84f5a8a e-n-tabs-mobile elementor-widget elementor-widget-n-tabs\" data-id=\"84f5a8a\" data-element_type=\"widget\" data-e-type=\"widget\" data-settings=\"{&quot;_animation&quot;:&quot;none&quot;,&quot;tabs_justify_horizontal&quot;:&quot;stretch&quot;,&quot;horizontal_scroll&quot;:&quot;disable&quot;}\" data-widget_type=\"nested-tabs.default\">\n\t\t\t\t\t\t\t<div class=\"e-n-tabs\" data-widget-number=\"139418250\" aria-label=\"Pesta\u00f1as. Abre elementos con Intro o Espacio, ci\u00e9rralos con Escape y navega con las fechas.\" data-no-translation-aria-label=\"\">\n\t\t\t<div class=\"e-n-tabs-heading\" role=\"tablist\">\n\t\t\t\t\t<button id=\"e-n-tab-title-1394182501\" data-tab-title-id=\"e-n-tab-title-1394182501\" class=\"e-n-tab-title\" aria-selected=\"true\" data-tab-index=\"1\" role=\"tab\" tabindex=\"0\" aria-controls=\"e-n-tab-content-1394182501\" style=\"--n-tabs-title-order: 1;\">\n\t\t\t\t\t\t<span class=\"e-n-tab-title-text\">\n\t\t\t\tDescripci\u00f3n general\t\t\t<\/span>\n\t\t<\/button>\n\t\t\t\t<button id=\"e-n-tab-title-1394182502\" data-tab-title-id=\"e-n-tab-title-1394182502\" class=\"e-n-tab-title\" aria-selected=\"false\" data-tab-index=\"2\" role=\"tab\" tabindex=\"-1\" aria-controls=\"e-n-tab-content-1394182502\" style=\"--n-tabs-title-order: 2;\">\n\t\t\t\t\t\t<span class=\"e-n-tab-title-text\">\n\t\t\t\tItinerario\t\t\t<\/span>\n\t\t<\/button>\n\t\t\t\t<button id=\"e-n-tab-title-1394182503\" data-tab-title-id=\"e-n-tab-title-1394182503\" class=\"e-n-tab-title\" aria-selected=\"false\" data-tab-index=\"3\" role=\"tab\" tabindex=\"-1\" aria-controls=\"e-n-tab-content-1394182503\" style=\"--n-tabs-title-order: 3;\">\n\t\t\t\t\t\t<span class=\"e-n-tab-title-text\">\n\t\t\t\tIncluido\t\t\t<\/span>\n\t\t<\/button>\n\t\t\t\t<button id=\"e-n-tab-title-1394182504\" data-tab-title-id=\"e-n-tab-title-1394182504\" class=\"e-n-tab-title\" aria-selected=\"false\" data-tab-index=\"4\" role=\"tab\" tabindex=\"-1\" aria-controls=\"e-n-tab-content-1394182504\" style=\"--n-tabs-title-order: 4;\">\n\t\t\t\t\t\t<span class=\"e-n-tab-title-text\">\n\t\t\t\tPrecios\t\t\t<\/span>\n\t\t<\/button>\n\t\t\t\t\t<\/div>\n\t\t\t<div class=\"e-n-tabs-content\">\n\t\t\t\t<div id=\"e-n-tab-content-1394182501\" role=\"tabpanel\" aria-labelledby=\"e-n-tab-title-1394182501\" data-tab-index=\"1\" style=\"--n-tabs-title-order: 1;\" class=\"e-active elementor-element elementor-element-94e590d e-con-full e-flex wpr-particle-no wpr-jarallax-no wpr-parallax-no wpr-sticky-section-no e-con e-child\" data-id=\"94e590d\" data-element_type=\"container\" data-e-type=\"container\">\n\t\t<div class=\"elementor-element elementor-element-2d751ac e-con-full animated-slow e-flex wpr-particle-no wpr-jarallax-no wpr-parallax-no wpr-sticky-section-no elementor-invisible e-con e-child\" data-id=\"2d751ac\" data-element_type=\"container\" data-e-type=\"container\" data-settings=\"{&quot;background_background&quot;:&quot;classic&quot;,&quot;animation&quot;:&quot;fadeIn&quot;}\">\n\t\t\t\t<\/div>\n\t\t\t\t<div class=\"elementor-element elementor-element-5d20cd5 elementor-widget__width-initial elementor-widget elementor-widget-text-editor\" data-id=\"5d20cd5\" data-element_type=\"widget\" data-e-type=\"widget\" data-widget_type=\"text-editor.default\">\n\t\t\t\t\t\t\t\t\t<p>\u00a0<\/p><p><strong><span id=\"u47322\">Lugares visitados:<\/span>\u00a0<\/strong>Machu Picchu<\/p><p><span id=\"u47322-4\"><strong>Estilo de viaje:<\/strong>\u00a0<\/span>recorridos culturales<\/p><p><strong><span id=\"u47322-7\">Longitud                    :<\/span>\u00a0<\/strong>D\u00eda completo<\/p><p><strong><span id=\"u47322-10\">Frecuencia              :\u00a0<\/span><\/strong>A pedido<\/p><p><strong><span id=\"u47322-13\">Grupo                      :\u00a0<\/span><\/strong>M\u00ednimo 2 personas \/ M\u00e1ximo 12 personas<\/p><p><span id=\"u47322-16\"><strong>Precio                        :<\/strong>\u00a0<\/span>380 USD$<\/p><p id=\"u47322-22\"><strong><span id=\"u47322-19\">Calificaci\u00f3n f\u00edsica:<\/span><span id=\"u47322-20\">\u00a0<\/span><span id=\"u47322-21\">1<\/span><\/strong><\/p>\t\t\t\t\t\t\t\t<\/div>\n\t\t\t\t<\/div>\n\t\t<div id=\"e-n-tab-content-1394182502\" role=\"tabpanel\" aria-labelledby=\"e-n-tab-title-1394182502\" data-tab-index=\"2\" style=\"--n-tabs-title-order: 2;\" class=\"elementor-element elementor-element-2d5725f e-con-full e-flex wpr-particle-no wpr-jarallax-no wpr-parallax-no wpr-sticky-section-no e-con e-child\" data-id=\"2d5725f\" data-element_type=\"container\" data-e-type=\"container\">\n\t\t<div class=\"elementor-element elementor-element-2df2eb8 e-con-full animated-slow e-flex wpr-particle-no wpr-jarallax-no wpr-parallax-no wpr-sticky-section-no elementor-invisible e-con e-child\" data-id=\"2df2eb8\" data-element_type=\"container\" data-e-type=\"container\" data-settings=\"{&quot;background_background&quot;:&quot;classic&quot;,&quot;animation&quot;:&quot;fadeIn&quot;}\">\n\t\t\t\t<\/div>\n\t\t\t\t<div class=\"elementor-element elementor-element-5462b0a elementor-widget__width-initial elementor-widget elementor-widget-text-editor\" data-id=\"5462b0a\" data-element_type=\"widget\" data-e-type=\"widget\" data-widget_type=\"text-editor.default\">\n\t\t\t\t\t\t\t\t\t<p id=\"u47328-2\"><strong>Itinerario \u2013 Excursi\u00f3n a Machu Picchu \u2013 1 d\u00eda<\/strong><\/p><p>\u00a0<\/p><p id=\"u47328-6\"><strong><span id=\"u47328-4\">D\u00eda 1.<\/span> Cuzco \u2013 Ollantaytambo \u2013 Aguas calientes \u2013 Machu Picchu<\/strong><\/p><p id=\"u47328-8\">Temprano por la ma\u00f1ana, su gu\u00eda lo recoger\u00e1 en su hotel en Cusco o el Valle Sagrado para llevarlo a la estaci\u00f3n de tren de Ollantaytambo. All\u00ed tomar\u00e1 el tren panor\u00e1mico a Aguas Calientes, desde donde un autob\u00fas lo llevar\u00e1 a Machu Picchu (un trayecto de 30 minutos). Disfrutar\u00e1 de una visita guiada de 3 horas en Machu Picchu, donde aprender\u00e1 sobre la cultura e historia de esta Ciudad Perdida de los Incas. Visitar\u00e1 la casa de guardia en la cima de Machu Picchu, desde donde tendr\u00e1 vistas espectaculares de la ciudad. Posteriormente, visitar\u00e1 el Templo de la Mina, el Palacio del Rey Inca, la Cantera de Piedra, el Templo del Sol, el Templo del C\u00f3ndor y las viviendas. Despu\u00e9s de la visita, a\u00fan tendr\u00e1 tiempo para explorar la monta\u00f1a Machu Picchu o la monta\u00f1a Waynapicchu por su cuenta si reserva los permisos con anticipaci\u00f3n. Luego, tomar\u00e1 el autob\u00fas de regreso a Aguas Calientes para su viaje de vuelta a Cusco.<\/p>\t\t\t\t\t\t\t\t<\/div>\n\t\t\t\t<\/div>\n\t\t<div id=\"e-n-tab-content-1394182503\" role=\"tabpanel\" aria-labelledby=\"e-n-tab-title-1394182503\" data-tab-index=\"3\" style=\"--n-tabs-title-order: 3;\" class=\"elementor-element elementor-element-7c01974 e-con-full e-flex wpr-particle-no wpr-jarallax-no wpr-parallax-no wpr-sticky-section-no e-con e-child\" data-id=\"7c01974\" data-element_type=\"container\" data-e-type=\"container\">\n\t\t<div class=\"elementor-element elementor-element-cf848f1 e-con-full animated-slow e-flex wpr-particle-no wpr-jarallax-no wpr-parallax-no wpr-sticky-section-no elementor-invisible e-con e-child\" data-id=\"cf848f1\" data-element_type=\"container\" data-e-type=\"container\" data-settings=\"{&quot;background_background&quot;:&quot;classic&quot;,&quot;animation&quot;:&quot;fadeIn&quot;}\">\n\t\t\t\t<\/div>\n\t\t\t\t<div class=\"elementor-element elementor-element-8872907 elementor-widget__width-initial elementor-widget elementor-widget-text-editor\" data-id=\"8872907\" data-element_type=\"widget\" data-e-type=\"widget\" data-widget_type=\"text-editor.default\">\n\t\t\t\t\t\t\t\t\t<div id=\"pu1093\" class=\"clearfix grpelem\"><div id=\"tab-panelu47298\" class=\"TabbedPanelsWidget clearfix colelem\" role=\"tablist\" data-sizepolicy=\"fixed\" data-pintopage=\"page_fixedCenter\"><div id=\"u47316\" class=\"TabbedPanelsContentGroup clearfix colelem\"><div id=\"u47317\" class=\"TabbedPanelsContent clearfix grpelem TabbedPanelsContentVisible\" role=\"tabpanel\" aria-labelledby=\"u47308\"><div id=\"u47318-53\" class=\"clearfix grpelem\" data-muse-uid=\"U47318\" data-muse-type=\"txt_frame\" data-ibe-flags=\"txtStyleSrc\" data-sizepolicy=\"fixed\" data-pintopage=\"page_fixedCenter\"><p id=\"u47318-2\">\u00a0<\/p><p id=\"u47318-5\"><strong>El servicio incluye:<\/strong><\/p><ul id=\"u47318-17\" class=\"list0 nls-None\"><li id=\"u47318-8\">Gu\u00eda tur\u00edstico profesional de habla inglesa<\/li><li id=\"u47318-10\">Transporte privado desde y hacia Ollantaytambo<\/li><li id=\"u47318-12\">Billete de tren de expedici\u00f3n de ida y vuelta desde Ollantaytambo a Aguas Calientes<\/li><li id=\"u47318-14\">Entrada a Machu Picchu<\/li><li id=\"u47318-16\">Autob\u00fas de ida y vuelta desde Aguas Calientes a Machu Picchu<\/li><\/ul><p>\u00a0<\/p><p id=\"u47318-20\"><strong>Servicio no incluido:<\/strong><\/p><ul id=\"u47318-28\" class=\"list0 nls-None\"><li id=\"u47318-23\">Comidas<\/li><li id=\"u47318-25\">Consejos<\/li><li id=\"u47318-27\">Agua y refrigerios<\/li><\/ul><p>\u00a0<\/p><p id=\"u47318-31\"><strong>Lo que necesitas traer:<\/strong><\/p><ul id=\"u47318-51\" class=\"list0 nls-None\"><li id=\"u47318-34\">Pasaporte original<\/li><li id=\"u47318-36\">Chaqueta impermeable o poncho para la lluvia<\/li><li id=\"u47318-38\">Chaqueta abrigada<\/li><li id=\"u47318-40\">camisetas<\/li><li id=\"u47318-42\">sombrero para el sol<\/li><li id=\"u47318-44\">crema solar<\/li><li id=\"u47318-46\">Repelente de insectos<\/li><li id=\"u47318-48\">Pantalones c\u00f3modos<\/li><li id=\"u47318-50\">Medicamentos personales<\/li><\/ul><\/div><\/div><\/div><\/div><\/div><p id=\"u45750-2\">\u00a0<\/p>\t\t\t\t\t\t\t\t<\/div>\n\t\t\t\t<\/div>\n\t\t<div id=\"e-n-tab-content-1394182504\" role=\"tabpanel\" aria-labelledby=\"e-n-tab-title-1394182504\" data-tab-index=\"4\" style=\"--n-tabs-title-order: 4;\" class=\"elementor-element elementor-element-3449c55 e-con-full e-flex wpr-particle-no wpr-jarallax-no wpr-parallax-no wpr-sticky-section-no e-con e-child\" data-id=\"3449c55\" data-element_type=\"container\" data-e-type=\"container\">\n\t\t\t\t<div class=\"elementor-element elementor-element-2aee766 elementor-widget__width-initial elementor-widget elementor-widget-text-editor\" data-id=\"2aee766\" data-element_type=\"widget\" data-e-type=\"widget\" data-widget_type=\"text-editor.default\">\n\t\t\t\t\t\t\t\t\t<p>\u00a0<\/p><p id=\"u47326-2\"><strong>Precios \u2013 Excursi\u00f3n a Machu Picchu de d\u00eda completo<\/strong><\/p><ul id=\"u47326-19\" class=\"list0 nls-None\"><li id=\"u47326-6\"><span id=\"u47326-4\">PRECIO:\u00a0<\/span>380 USD$ por persona al reservar de 2 a 4 personas.<\/li><li id=\"u47326-9\"><span id=\"u47326-7\">PRECIO:<\/span> 345 USD$ por persona al reservar de 5 a 7 personas.<\/li><li id=\"u47326-12\"><span id=\"u47326-10\">PRECIO:<\/span> 315 USD$ por persona al reservar de 8 a 12 personas.<\/li><\/ul>\t\t\t\t\t\t\t\t<\/div>\n\t\t\t\t<\/div>\n\t\t\t\t\t<\/div>\n\t\t<\/div>\n\t\t\t\t\t\t<\/div>\n\t\t\t\t\t<\/div>\n\t\t\t\t<\/div>\n\t\t<div class=\"elementor-element elementor-element-b004eef e-flex e-con-boxed wpr-particle-no wpr-jarallax-no wpr-parallax-no wpr-sticky-section-no e-con e-parent\" data-id=\"b004eef\" data-element_type=\"container\" data-e-type=\"container\">\n\t\t\t\t\t<div class=\"e-con-inner\">\n\t\t\t\t<div class=\"elementor-element elementor-element-831001b elementor-widget elementor-widget-spacer\" data-id=\"831001b\" data-element_type=\"widget\" data-e-type=\"widget\" data-widget_type=\"spacer.default\">\n\t\t\t\t\t\t\t<div class=\"elementor-spacer\">\n\t\t\t<div class=\"elementor-spacer-inner\"><\/div>\n\t\t<\/div>\n\t\t\t\t\t\t<\/div>\n\t\t\t\t\t<\/div>\n\t\t\t\t<\/div>\n\t\t\t\t<\/div>","protected":false},"excerpt":{"rendered":"<p>Machu Picchu Tour full day DESCRIPTION: Our one-day Machu Picchu Tour is specifically designed for people who have limited time in Peru. This tour takes you along the Urubamba River on one of the most incredible train journeys in the world. On your trip to Machu Picchu, you will enjoy the amazing scenery of the high Andes and Peruvian cloud forest. Machu Picchu is a masterpiece of architecture and engineering and has been on the UNESCO list of World Heritage Sites since 1983. The magic and mystery of Machu Picchu is unforgettable, and this historic sanctuary should be included on every visitor\u2019s trip to Peru. Overview Itinerary Included Prices \u00a0 Locations Visited\u00a0\u00a0 :\u00a0Machu picchu Trip Style\u00a0\u00a0\u00a0\u00a0\u00a0\u00a0\u00a0\u00a0\u00a0\u00a0\u00a0\u00a0\u00a0\u00a0\u00a0\u00a0 :\u00a0cultural tours Length\u00a0\u00a0\u00a0\u00a0\u00a0\u00a0\u00a0\u00a0\u00a0\u00a0\u00a0\u00a0\u00a0\u00a0\u00a0\u00a0\u00a0\u00a0\u00a0\u00a0 :\u00a0Full Day Frequency\u00a0\u00a0\u00a0\u00a0\u00a0\u00a0\u00a0\u00a0\u00a0\u00a0\u00a0\u00a0\u00a0\u00a0 :\u00a0Upon Request Group\u00a0\u00a0\u00a0\u00a0\u00a0\u00a0\u00a0\u00a0\u00a0\u00a0\u00a0\u00a0\u00a0\u00a0\u00a0\u00a0\u00a0\u00a0\u00a0\u00a0\u00a0\u00a0 :\u00a02 People min \/ 12 People max Price\u00a0\u00a0\u00a0\u00a0\u00a0\u00a0\u00a0\u00a0\u00a0\u00a0\u00a0\u00a0\u00a0\u00a0\u00a0\u00a0\u00a0\u00a0\u00a0\u00a0\u00a0\u00a0\u00a0\u00a0 :\u00a0380 USD$ Physical Grading\u00a0\u00a0\u00a0\u00a0 :\u00a01 tinerary \u2013 Machu Picchu Tour \u2013 1 Day \u00a0 Day 1. Cusco \u2013 Ollantaytambo \u2013 Aguas calientes \u2013 Machu Picchu Early in the morning your guide will pick you up from your hotel in Cusco or the Sacred Valley to drive you to the train station in Ollantaytambo. Here you will catch the scenic train to Aguas Calientes where you will then take a 30-minute bus ride to Machu Picchu. You will have a 3-hour tour in Machu Picchu where you will learn about the culture and history of this Lost City of the Incas. You will visit the guard house at the very top of Machu Picchu where you will have spectacular views of the city. Subsequently, you will visit the Mine Temple, Inca King Palace, the Stone Quarry, Sun Temple, Temple of the Condor and living quarters. After the tour you will still have time to explore Machu Picchu mountain or Waynapicchu Mountain on your own if you book the permits\u00a0 in advance, then you will take the bus down to Aguas Calientes for your return trip to Cusco. \u00a0 Service included: Professional English Speaking tour guide Private transport to and from Ollantaytambo Round trip expedition train ticket from Ollantaytambo to Aguas Calientes Entrance ticket to Machu Picchu Round trip bus from aguas calientes to Machu Picchu \u00a0 Service not included: Meals Tips Water and snacks \u00a0 What you need to bring: Original Passport Waterproof jacket or rain poncho Warm jacket T-shirts Sun hat Sun cream Insect repellent Comfortable trousers Personal medication \u00a0 \u00a0 Prices \u2013 Machu Picchu Tour full day PRICE:\u00a0380 USD$ per person when booking 2 &#8211; 4 people PRICE: 345 USD$ per person when booking\u00a0 5 &#8211; 7 people PRICE: 315 USD$ per person when booking 8 &#8211; 12 people \u00a0 Locations Visited\u00a0\u00a0 :\u00a0Machu picchu Trip Style\u00a0\u00a0\u00a0\u00a0\u00a0\u00a0\u00a0\u00a0\u00a0\u00a0\u00a0\u00a0\u00a0\u00a0\u00a0\u00a0 :\u00a0cultural tours Length\u00a0\u00a0\u00a0\u00a0\u00a0\u00a0\u00a0\u00a0\u00a0\u00a0\u00a0\u00a0\u00a0\u00a0\u00a0\u00a0\u00a0\u00a0\u00a0\u00a0 :\u00a0Full Day Frequency\u00a0\u00a0\u00a0\u00a0\u00a0\u00a0\u00a0\u00a0\u00a0\u00a0\u00a0\u00a0\u00a0\u00a0 :\u00a0Upon Request Group\u00a0\u00a0\u00a0\u00a0\u00a0\u00a0\u00a0\u00a0\u00a0\u00a0\u00a0\u00a0\u00a0\u00a0\u00a0\u00a0\u00a0\u00a0\u00a0\u00a0\u00a0\u00a0 :\u00a02 People min \/ 12 People max Price\u00a0\u00a0\u00a0\u00a0\u00a0\u00a0\u00a0\u00a0\u00a0\u00a0\u00a0\u00a0\u00a0\u00a0\u00a0\u00a0\u00a0\u00a0\u00a0\u00a0\u00a0\u00a0\u00a0\u00a0 :\u00a0380 USD$ Physical Grading\u00a0\u00a0\u00a0\u00a0 :\u00a01 tinerary \u2013 Machu Picchu Tour \u2013 1 Day \u00a0 Day 1. Cusco \u2013 Ollantaytambo \u2013 Aguas calientes \u2013 Machu Picchu Early in the morning your guide will pick you up from your hotel in Cusco or the Sacred Valley to drive you to the train station in Ollantaytambo. Here you will catch the scenic train to Aguas Calientes where you will then take a 30-minute bus ride to Machu Picchu. You will have a 3-hour tour in Machu Picchu where you will learn about the culture and history of this Lost City of the Incas. You will visit the guard house at the very top of Machu Picchu where you will have spectacular views of the city. Subsequently, you will visit the Mine Temple, Inca King Palace, the Stone Quarry, Sun Temple, Temple of the Condor and living quarters. After the tour you will still have time to explore Machu Picchu mountain or Waynapicchu Mountain on your own if you book the permits\u00a0 in advance, then you will take the bus down to Aguas Calientes for your return trip to Cusco. \u00a0 Service included: Professional English Speaking tour guide Private transport to and from Ollantaytambo Round trip expedition train ticket from Ollantaytambo to Aguas Calientes Entrance ticket to Machu Picchu Round trip bus from aguas calientes to Machu Picchu \u00a0 Service not included: Meals Tips Water and snacks \u00a0 What you need to bring: Original Passport Waterproof jacket or rain poncho Warm jacket T-shirts Sun hat Sun cream Insect repellent Comfortable trousers Personal medication \u00a0 \u00a0 Prices \u2013 Machu Picchu Tour full day PRICE:\u00a0380 USD$ per person when booking 2 &#8211; 4 people PRICE: 345 USD$ per person when booking\u00a0 5 &#8211; 7 people PRICE: 315 USD$ per person when booking 8 &#8211; 12 people<\/p>","protected":false},"author":1,"featured_media":0,"parent":0,"menu_order":0,"comment_status":"closed","ping_status":"closed","template":"","meta":{"_eb_attr":"","footnotes":""},"class_list":["post-2182","page","type-page","status-publish","hentry"],"_hostinger_reach_plugin_has_subscription_block":false,"_hostinger_reach_plugin_is_elementor":false,"_links":{"self":[{"href":"https:\/\/apurimacadventures.com\/es\/wp-json\/wp\/v2\/pages\/2182","targetHints":{"allow":["GET"]}}],"collection":[{"href":"https:\/\/apurimacadventures.com\/es\/wp-json\/wp\/v2\/pages"}],"about":[{"href":"https:\/\/apurimacadventures.com\/es\/wp-json\/wp\/v2\/types\/page"}],"author":[{"embeddable":true,"href":"https:\/\/apurimacadventures.com\/es\/wp-json\/wp\/v2\/users\/1"}],"replies":[{"embeddable":true,"href":"https:\/\/apurimacadventures.com\/es\/wp-json\/wp\/v2\/comments?post=2182"}],"version-history":[{"count":18,"href":"https:\/\/apurimacadventures.com\/es\/wp-json\/wp\/v2\/pages\/2182\/revisions"}],"predecessor-version":[{"id":3315,"href":"https:\/\/apurimacadventures.com\/es\/wp-json\/wp\/v2\/pages\/2182\/revisions\/3315"}],"wp:attachment":[{"href":"https:\/\/apurimacadventures.com\/es\/wp-json\/wp\/v2\/media?parent=2182"}],"curies":[{"name":"wp","href":"https:\/\/api.w.org\/{rel}","templated":true}]}}