{"id":2153,"date":"2025-11-09T00:22:30","date_gmt":"2025-11-09T00:22:30","guid":{"rendered":"https:\/\/apurimacadventures.com\/?page_id=2153"},"modified":"2026-03-06T05:53:53","modified_gmt":"2026-03-06T05:53:53","slug":"machu-picchu-cusco-valle-sagrado-3-dias","status":"publish","type":"page","link":"https:\/\/apurimacadventures.com\/es\/machu-picchu-cusco-sacred-valley-3-days\/","title":{"rendered":"Machu Picchu &#038; Cusco &#038; Sacred Valley \u2013 3 Days"},"content":{"rendered":"<div data-elementor-type=\"wp-page\" data-elementor-id=\"2153\" class=\"elementor elementor-2153\" data-elementor-post-type=\"page\">\n\t\t\t\t<div class=\"elementor-element elementor-element-08fadc6 e-con-full e-flex wpr-particle-no wpr-jarallax-no wpr-parallax-no wpr-sticky-section-no e-con e-parent\" data-id=\"08fadc6\" data-element_type=\"container\" data-e-type=\"container\" data-settings=\"{&quot;background_background&quot;:&quot;classic&quot;}\">\n\t\t\t\t<div class=\"elementor-element elementor-element-5b1bc66 elementor-widget elementor-widget-heading\" data-id=\"5b1bc66\" data-element_type=\"widget\" data-e-type=\"widget\" data-widget_type=\"heading.default\">\n\t\t\t\t\t<h2 class=\"elementor-heading-title elementor-size-default\">Machu Picchu, Cusco y el Valle Sagrado \u2013 3 d\u00edas\n\n\n<\/h2>\t\t\t\t<\/div>\n\t\t<div class=\"elementor-element elementor-element-6648a9e e-con-full e-flex wpr-particle-no wpr-jarallax-no wpr-parallax-no wpr-sticky-section-no e-con e-child\" data-id=\"6648a9e\" data-element_type=\"container\" data-e-type=\"container\" data-settings=\"{&quot;background_background&quot;:&quot;classic&quot;}\">\n\t\t\t\t<\/div>\n\t\t\t\t<\/div>\n\t\t<div class=\"elementor-element elementor-element-8620c99 e-flex e-con-boxed wpr-particle-no wpr-jarallax-no wpr-parallax-no wpr-sticky-section-no e-con e-parent\" data-id=\"8620c99\" data-element_type=\"container\" data-e-type=\"container\">\n\t\t\t\t\t<div class=\"e-con-inner\">\n\t\t\t\t<div class=\"elementor-element elementor-element-61ae41f elementor-widget__width-initial elementor-widget elementor-widget-text-editor\" data-id=\"61ae41f\" data-element_type=\"widget\" data-e-type=\"widget\" data-widget_type=\"text-editor.default\">\n\t\t\t\t\t\t\t\t\t<div id=\"u47967-4\" class=\"clearfix colelem shared_content\" data-muse-uid=\"U47967\" data-muse-type=\"txt_frame\" data-ibe-flags=\"txtStyleSrc\" data-sizepolicy=\"fixed\" data-pintopage=\"page_fixedCenter\" data-content-guid=\"u47967-4_content\"><strong>DESCRIPCI\u00d3N:<\/strong><div id=\"u50510-4\" class=\"clearfix colelem shared_content\" data-muse-uid=\"U50510\" data-muse-type=\"txt_frame\" data-ibe-flags=\"txtStyleSrc\" data-sizepolicy=\"fixed\" data-pintopage=\"page_fixedCenter\" data-content-guid=\"u50510-4_content\"><div id=\"u30283-10\" class=\"clearfix colelem shared_content\" data-muse-uid=\"U30283\" data-muse-type=\"txt_frame\" data-ibe-flags=\"txtStyleSrc\" data-sizepolicy=\"fixed\" data-pintopage=\"page_fixedCenter\" data-content-guid=\"u30283-10_content\"><p>Este tour abarca los puntos m\u00e1s destacados de cualquier viaje a Per\u00fa: la hermosa ciudad de Cusco, el recorrido cultural por el Valle Sagrado y las famosas ruinas de Machu Picchu. La antigua ciudad de Cusco es la m\u00e1s bella de Per\u00fa. Rodeada de monta\u00f1as, es rica en historia. Al caminar por sus calles, se maravillar\u00e1 con la mamposter\u00eda inca que conforma los cimientos de los edificios coloniales. Muchas de las iglesias coloniales de Cusco se construyeron sobre palacios, templos y la residencia real inca. Para quienes desean obtener una visi\u00f3n general de la historia peruana, el tour por la ciudad de Cusco es perfecto.<\/p><p>El segundo d\u00eda de su excursi\u00f3n le llevar\u00e1 al Valle Sagrado de los Incas. Ruinas antiguas que dominan los valles, encantadores pueblos coloniales y aldeas de tejedores, mercados de artesan\u00edas y la agricultura local le dar\u00e1n la bienvenida en el Valle Sagrado. Visitaremos la aldea de tejedores de Chinchero, el sitio agr\u00edcola de Moray, las salineras de Maras y el pintoresco pueblo de Ollantaytambo.<\/p><p>Finalmente, visitar\u00e1s Machu Picchu, la Ciudad Perdida de los Incas. Este santuario hist\u00f3rico es una obra maestra de arte, urbanismo, arquitectura e ingenier\u00eda, y, desde su enclavamiento entre espectaculares monta\u00f1as, \u00a1te dejar\u00e1 sin aliento!<\/p><\/div><\/div><\/div>\t\t\t\t\t\t\t\t<\/div>\n\t\t\t\t<div class=\"elementor-element elementor-element-84f5a8a e-n-tabs-mobile elementor-widget elementor-widget-n-tabs\" data-id=\"84f5a8a\" data-element_type=\"widget\" data-e-type=\"widget\" data-settings=\"{&quot;_animation&quot;:&quot;none&quot;,&quot;tabs_justify_horizontal&quot;:&quot;stretch&quot;,&quot;horizontal_scroll&quot;:&quot;disable&quot;}\" data-widget_type=\"nested-tabs.default\">\n\t\t\t\t\t\t\t<div class=\"e-n-tabs\" data-widget-number=\"139418250\" aria-label=\"Pesta\u00f1as. Abre elementos con Intro o Espacio, ci\u00e9rralos con Escape y navega con las fechas.\">\n\t\t\t<div class=\"e-n-tabs-heading\" role=\"tablist\">\n\t\t\t\t\t<button id=\"e-n-tab-title-1394182501\" data-tab-title-id=\"e-n-tab-title-1394182501\" class=\"e-n-tab-title\" aria-selected=\"true\" data-tab-index=\"1\" role=\"tab\" tabindex=\"0\" aria-controls=\"e-n-tab-content-1394182501\" style=\"--n-tabs-title-order: 1;\">\n\t\t\t\t\t\t<span class=\"e-n-tab-title-text\">\n\t\t\t\tDescripci\u00f3n general\t\t\t<\/span>\n\t\t<\/button>\n\t\t\t\t<button id=\"e-n-tab-title-1394182502\" data-tab-title-id=\"e-n-tab-title-1394182502\" class=\"e-n-tab-title\" aria-selected=\"false\" data-tab-index=\"2\" role=\"tab\" tabindex=\"-1\" aria-controls=\"e-n-tab-content-1394182502\" style=\"--n-tabs-title-order: 2;\">\n\t\t\t\t\t\t<span class=\"e-n-tab-title-text\">\n\t\t\t\tItinerario\t\t\t<\/span>\n\t\t<\/button>\n\t\t\t\t<button id=\"e-n-tab-title-1394182503\" data-tab-title-id=\"e-n-tab-title-1394182503\" class=\"e-n-tab-title\" aria-selected=\"false\" data-tab-index=\"3\" role=\"tab\" tabindex=\"-1\" aria-controls=\"e-n-tab-content-1394182503\" style=\"--n-tabs-title-order: 3;\">\n\t\t\t\t\t\t<span class=\"e-n-tab-title-text\">\n\t\t\t\tIncluido\t\t\t<\/span>\n\t\t<\/button>\n\t\t\t\t<button id=\"e-n-tab-title-1394182504\" data-tab-title-id=\"e-n-tab-title-1394182504\" class=\"e-n-tab-title\" aria-selected=\"false\" data-tab-index=\"4\" role=\"tab\" tabindex=\"-1\" aria-controls=\"e-n-tab-content-1394182504\" style=\"--n-tabs-title-order: 4;\">\n\t\t\t\t\t\t<span class=\"e-n-tab-title-text\">\n\t\t\t\tPrecios\t\t\t<\/span>\n\t\t<\/button>\n\t\t\t\t\t<\/div>\n\t\t\t<div class=\"e-n-tabs-content\">\n\t\t\t\t<div id=\"e-n-tab-content-1394182501\" role=\"tabpanel\" aria-labelledby=\"e-n-tab-title-1394182501\" data-tab-index=\"1\" style=\"--n-tabs-title-order: 1;\" class=\"e-active elementor-element elementor-element-94e590d e-con-full e-flex wpr-particle-no wpr-jarallax-no wpr-parallax-no wpr-sticky-section-no e-con e-child\" data-id=\"94e590d\" data-element_type=\"container\" data-e-type=\"container\">\n\t\t<div class=\"elementor-element elementor-element-2d751ac e-con-full animated-slow e-flex wpr-particle-no wpr-jarallax-no wpr-parallax-no wpr-sticky-section-no elementor-invisible e-con e-child\" data-id=\"2d751ac\" data-element_type=\"container\" data-e-type=\"container\" data-settings=\"{&quot;background_background&quot;:&quot;classic&quot;,&quot;animation&quot;:&quot;fadeIn&quot;}\">\n\t\t\t\t<\/div>\n\t\t\t\t<div class=\"elementor-element elementor-element-5d20cd5 elementor-widget__width-initial elementor-widget elementor-widget-text-editor\" data-id=\"5d20cd5\" data-element_type=\"widget\" data-e-type=\"widget\" data-widget_type=\"text-editor.default\">\n\t\t\t\t\t\t\t\t\t<p>\u00a0<\/p><ul id=\"u45754-19\" class=\"list0 nls-None\"><li><strong><span id=\"u45754\">Lugares visitados:<\/span>\u00a0<\/strong>City Tour Cusco, Chinchero, Moray, Mina de Sal, Ollantaytambo, Machupicchu<\/li><li><strong><span id=\"u45754-4\">Estilo de viaje:<\/span><\/strong>\u00a0Cusco - Valle Sagrado - Machu Picchu Tours Culturales<\/li><li><strong><span id=\"u45754-7\">Longitud                   :<\/span>\u00a0<\/strong>3 d\u00edas\/2 noches<\/li><li><strong><span id=\"u45754-10\">Frecuencia             :<\/span>\u00a0<\/strong>A pedido<\/li><li><strong><span id=\"u45754-13\">Grupo                     :<\/span>\u00a0<\/strong>M\u00ednimo 2 personas \/ M\u00e1ximo 12 personas<\/li><li><strong><span id=\"u45754-16\">Precio                        :<\/span>\u00a0<\/strong>590 USD$<\/li><\/ul><ul id=\"u45754-25\" class=\"list0 nls-None\"><li id=\"u45754-24\"><strong><span id=\"u45754-20\">Calificaci\u00f3n f\u00edsica:\u00a0<\/span><\/strong><span id=\"u45754-21\"><span style=\"text-decoration: underline;\"><strong>1<\/strong><\/span>\u00a0<\/span><span id=\"u45754-22\">2<\/span><span id=\"u45754-23\">\u00a03 4 5<\/span><\/li><\/ul>\t\t\t\t\t\t\t\t<\/div>\n\t\t\t\t<\/div>\n\t\t<div id=\"e-n-tab-content-1394182502\" role=\"tabpanel\" aria-labelledby=\"e-n-tab-title-1394182502\" data-tab-index=\"2\" style=\"--n-tabs-title-order: 2;\" class=\"elementor-element elementor-element-2d5725f e-con-full e-flex wpr-particle-no wpr-jarallax-no wpr-parallax-no wpr-sticky-section-no e-con e-child\" data-id=\"2d5725f\" data-element_type=\"container\" data-e-type=\"container\">\n\t\t<div class=\"elementor-element elementor-element-2df2eb8 e-con-full animated-slow e-flex wpr-particle-no wpr-jarallax-no wpr-parallax-no wpr-sticky-section-no elementor-invisible e-con e-child\" data-id=\"2df2eb8\" data-element_type=\"container\" data-e-type=\"container\" data-settings=\"{&quot;background_background&quot;:&quot;classic&quot;,&quot;animation&quot;:&quot;fadeIn&quot;}\">\n\t\t\t\t<\/div>\n\t\t\t\t<div class=\"elementor-element elementor-element-5462b0a elementor-widget__width-initial elementor-widget elementor-widget-text-editor\" data-id=\"5462b0a\" data-element_type=\"widget\" data-e-type=\"widget\" data-widget_type=\"text-editor.default\">\n\t\t\t\t\t\t\t\t\t<p>\u00a0<\/p><p id=\"u45748-6\"><strong><span id=\"u45748-4\">D\u00cdA 1:<\/span>\u00a0Tour por la ciudad de Cusco<\/strong><\/p><p id=\"u45748-8\">Al llegar a Cusco, lo recogeremos en el aeropuerto y lo trasladaremos a su hotel. Despu\u00e9s de un breve descanso, comenzar\u00e1 su recorrido por la ciudad. Cusco alberga una fascinante fusi\u00f3n de dos culturas (incaica y espa\u00f1ola) que le otorga una atm\u00f3sfera \u00fanica en Per\u00fa. Visitaremos los principales sitios incas y coloniales de esta ciudad hist\u00f3rica, incluyendo las tres impresionantes ruinas a las afueras (Sacsayhuam\u00e1n, Qenqo y Puka Pucara) y el Templo del Sol (Qoricancha). Tambi\u00e9n podr\u00e1 caminar y explorar las calles de Cusco para disfrutar de su encanto singular y aprender sobre su historia de la mano de su gu\u00eda.<\/p><p>\u00a0<\/p><p id=\"u45748-12\"><strong><span id=\"u45748-10\">D\u00cdA 2:\u00a0<\/span>Valle Sagrado: Chinchero \u2013 Moray \u2013 Minas de Sal \u2013 Ollantaytambo \u2013 Aguas Calientes<\/strong><\/p><p id=\"u45748-14\">Los recogeremos temprano en su hotel para nuestra excursi\u00f3n al Valle Sagrado de los Incas.<\/p><p id=\"u45748-16\">Chinchero es un pueblo colonial muy interesante, organizado en cooperativas de tejido. Aqu\u00ed aprender\u00e1 el proceso de preparaci\u00f3n y te\u00f1ido de la lana con tintes naturales y la elaboraci\u00f3n de hermosos textiles. Moray es un impresionante conjunto de terrazas circulares que los incas utilizaban como laboratorio agr\u00edcola. Descubrir\u00e1 c\u00f3mo sus maestros ingenieros experimentaban con microclimas y diferentes tipos de suelo para optimizar la producci\u00f3n. Las salineras de Maras son unas de las minas m\u00e1s antiguas de los incas, donde se produc\u00eda sal pura y natural. La comunidad de Maras a\u00fan trabaja en las minas. Tambi\u00e9n visitaremos el pueblo colonial de Maras, donde podr\u00e1 admirar la hermosa arquitectura colonial e inca. Tras almorzar en Urubamba, continuaremos hacia Ollantaytambo, con su impresionante fortaleza inca que custodia la entrada al valle. Ollantaytambo fue un centro estrat\u00e9gico militar, religioso y agr\u00edcola. Tendremos tiempo para pasear por las pintorescas calles de esta m\u00e1gica y original ciudad inca antes de tomar el tren a Aguas Calientes.<\/p><p>\u00a0<\/p><p id=\"u45748-20\"><strong><span id=\"u45748-18\">D\u00cdA 3:<\/span>\u00a0Aguas Calientes \u2013 Machu Picchu \u2013 Cuzco<\/strong><\/p><p id=\"u45748-22\">Este ser\u00e1 un d\u00eda especial al visitar la Ciudad Perdida de los Incas: Machu Picchu. Su gu\u00eda lo recoger\u00e1 en el hotel para llevarlo a la estaci\u00f3n de autobuses. Tras un trayecto de 30 minutos, llegar\u00e1 a Machu Picchu, la antigua y misteriosa ciudad. Disfrutar\u00e1 de una visita guiada de 3 horas, donde explorar\u00e1 los templos, la residencia real, la cantera y las viviendas de la ciudad. Regresar\u00e1 a Aguas Calientes en autob\u00fas y tomar\u00e1 el tren de vuelta a Ollantaytambo, donde nuestro transporte privado lo llevar\u00e1 de regreso a su hotel en Cusco.<\/p>\t\t\t\t\t\t\t\t<\/div>\n\t\t\t\t<\/div>\n\t\t<div id=\"e-n-tab-content-1394182503\" role=\"tabpanel\" aria-labelledby=\"e-n-tab-title-1394182503\" data-tab-index=\"3\" style=\"--n-tabs-title-order: 3;\" class=\"elementor-element elementor-element-7c01974 e-con-full e-flex wpr-particle-no wpr-jarallax-no wpr-parallax-no wpr-sticky-section-no e-con e-child\" data-id=\"7c01974\" data-element_type=\"container\" data-e-type=\"container\">\n\t\t<div class=\"elementor-element elementor-element-cf848f1 e-con-full animated-slow e-flex wpr-particle-no wpr-jarallax-no wpr-parallax-no wpr-sticky-section-no elementor-invisible e-con e-child\" data-id=\"cf848f1\" data-element_type=\"container\" data-e-type=\"container\" data-settings=\"{&quot;background_background&quot;:&quot;classic&quot;,&quot;animation&quot;:&quot;fadeIn&quot;}\">\n\t\t\t\t<\/div>\n\t\t\t\t<div class=\"elementor-element elementor-element-8872907 elementor-widget__width-initial elementor-widget elementor-widget-text-editor\" data-id=\"8872907\" data-element_type=\"widget\" data-e-type=\"widget\" data-widget_type=\"text-editor.default\">\n\t\t\t\t\t\t\t\t\t<p id=\"u45750-2\">\u00a0<\/p><p id=\"u45750-5\"><strong>SERVICIO INCLUIDO:<\/strong><\/p><ul id=\"u45750-25\" class=\"list0 nls-None\"><li id=\"u45750-8\">Recogida y traslado del aeropuerto al hotel en Cusco.<\/li><li id=\"u45750-10\">Entradas a yacimientos arqueol\u00f3gicos<\/li><li id=\"u45750-12\">Transporte tur\u00edstico privado<\/li><li id=\"u45750-14\">Tren Expedici\u00f3n Ida y Vuelta Ollantaytambo \u2013 Aguas Calientes<\/li><li id=\"u45750-16\">Hotel de 3 estrellas con desayuno en Aguas Calientes<\/li><li id=\"u45750-18\">Boleto de bus ida y vuelta Aguas Calientes \u2013 Machu Picchu<\/li><li id=\"u45750-20\">Precios de entrada a Machu Picchu<\/li><li id=\"u45750-24\">Gu\u00eda profesional biling\u00fce (ingl\u00e9s y espa\u00f1ol)<\/li><\/ul><p id=\"u45750-27\"><strong>SERVICIO NO INCLUIDO:<\/strong><\/p><ul id=\"u45750-41\" class=\"list0 nls-None\"><li id=\"u45750-30\">Comidas<\/li><li>Bebidas<\/li><li>Aperitivos<\/li><li id=\"u45750-32\">Entrada a Wayna Picchu \u2013 US $100<\/li><li id=\"u45750-34\">Entrada a la monta\u00f1a Machu Picchu \u2013 US$100<\/li><li id=\"u45750-36\">Tren de mejoras Para el tren Vistadome US$130 por persona<\/li><li>Tren observatorio Vistadome US$ 180 por persona<\/li><li id=\"u45750-40\">Consejos<\/li><\/ul><p id=\"u45750-43\"><strong>LO QUE DEBES TRAER:<\/strong><\/p><ul id=\"u45750-63\" class=\"list0 nls-None\"><li id=\"u45750-46\">Pasaporte original<\/li><li id=\"u45750-48\">Chaqueta impermeable o poncho para la lluvia<\/li><li id=\"u45750-50\">Chaqueta abrigada<\/li><li id=\"u45750-52\">camisetas<\/li><li id=\"u45750-54\">sombrero para el sol<\/li><li id=\"u45750-56\">crema solar<\/li><li id=\"u45750-58\">Repelente de insectos<\/li><li id=\"u45750-60\">Pantalones c\u00f3modos<\/li><li id=\"u45750-62\">Medicamentos personales<\/li><\/ul>\t\t\t\t\t\t\t\t<\/div>\n\t\t\t\t<\/div>\n\t\t<div id=\"e-n-tab-content-1394182504\" role=\"tabpanel\" aria-labelledby=\"e-n-tab-title-1394182504\" data-tab-index=\"4\" style=\"--n-tabs-title-order: 4;\" class=\"elementor-element elementor-element-3449c55 e-con-full e-flex wpr-particle-no wpr-jarallax-no wpr-parallax-no wpr-sticky-section-no e-con e-child\" data-id=\"3449c55\" data-element_type=\"container\" data-e-type=\"container\">\n\t\t\t\t<div class=\"elementor-element elementor-element-2aee766 elementor-widget__width-initial elementor-widget elementor-widget-text-editor\" data-id=\"2aee766\" data-element_type=\"widget\" data-e-type=\"widget\" data-widget_type=\"text-editor.default\">\n\t\t\t\t\t\t\t\t\t<p>\u00a0<\/p><p id=\"u46004-2\"><strong>Precios \u2013 Cusco, Valle Sagrado y Machu Picchu \u2013 3 d\u00edas<\/strong><\/p><ul id=\"u46004-19\" class=\"list0 nls-None\"><li id=\"u46004-6\"><span id=\"u46004-4\">PRECIO:<\/span> 590 USD$ por persona al reservar de 2 a 4 personas.<\/li><li id=\"u46004-9\"><span id=\"u46004-7\">PRECIO:<\/span> 550 USD$ por persona al reservar de 5 a 7 personas.<\/li><li id=\"u46004-12\"><span id=\"u46004-10\">PRECIO:<\/span> 500 USD$ por persona al reservar de 8 a 12 personas.<\/li><\/ul>\t\t\t\t\t\t\t\t<\/div>\n\t\t\t\t<\/div>\n\t\t\t\t\t<\/div>\n\t\t<\/div>\n\t\t\t\t\t\t<\/div>\n\t\t\t\t\t<\/div>\n\t\t\t\t<\/div>\n\t\t<div class=\"elementor-element elementor-element-b004eef e-flex e-con-boxed wpr-particle-no wpr-jarallax-no wpr-parallax-no wpr-sticky-section-no e-con e-parent\" data-id=\"b004eef\" data-element_type=\"container\" data-e-type=\"container\">\n\t\t\t\t\t<div class=\"e-con-inner\">\n\t\t\t\t<div class=\"elementor-element elementor-element-831001b elementor-widget elementor-widget-spacer\" data-id=\"831001b\" data-element_type=\"widget\" data-e-type=\"widget\" data-widget_type=\"spacer.default\">\n\t\t\t\t\t\t\t<div class=\"elementor-spacer\">\n\t\t\t<div class=\"elementor-spacer-inner\"><\/div>\n\t\t<\/div>\n\t\t\t\t\t\t<\/div>\n\t\t\t\t\t<\/div>\n\t\t\t\t<\/div>\n\t\t\t\t<\/div>","protected":false},"excerpt":{"rendered":"<p>Machu Picchu &amp; Cusco &amp; Sacred Valley \u2013 3 Days DESCRIPTION: This tour covers the most important highlights of any tour to Peru \u2013 the beautiful city of Cusco, the cultural tour of the Sacred Valley, and the famous ruins of Machu Picchu. The ancient city of Cusco is the most beautiful city in Peru. It is surrounded by mountains and rich in history. Walking the city streets, you will be amazed by the Inca stonework forming the foundations of the colonial buildings. Many of the colonial churches in Cusco were built on top of Inca palaces, temples, and the royal residence. For those who want to acquire an overview of Peruvian history, the Cusco city tour is perfect. The second day of your tour will take you to the Sacred Valley of the Incas. Ancient ruins overlooking the valleys below, attractive colonial towns and weaving villages, handicraft markets and local farming will greet you in the Sacred Valley. We will visit the weaving village of Chinchero, the Moray agricultural site, the Maras Salt Mines, and the charming town of Ollantaytambo. Finally, you will visit Machu Picchu \u2013 the Lost City of the Incas. This historical sanctuary is a masterpiece of art, urbanism, architecture and engineering, and, from its perch amongst spectacular mountains, it will take your breath away! Overview Itinerary Included Prices \u00a0 Locations Visited\u00a0 :\u00a0Cusco City Tour, Chinchero, Moray, Salt mine,Ollantaytambo, Machupicchu Trip Style\u00a0\u00a0\u00a0\u00a0\u00a0\u00a0\u00a0\u00a0\u00a0\u00a0\u00a0\u00a0\u00a0\u00a0\u00a0 :\u00a0Cusco- sacred valley- Machupicchu Cultural tours Length\u00a0\u00a0\u00a0\u00a0\u00a0\u00a0\u00a0\u00a0\u00a0\u00a0\u00a0\u00a0\u00a0\u00a0\u00a0\u00a0\u00a0\u00a0\u00a0 :\u00a03D\/2N Frequency\u00a0\u00a0\u00a0\u00a0\u00a0\u00a0\u00a0\u00a0\u00a0\u00a0\u00a0\u00a0\u00a0 :\u00a0Upon Request Group\u00a0\u00a0\u00a0\u00a0\u00a0\u00a0\u00a0\u00a0\u00a0\u00a0\u00a0\u00a0\u00a0\u00a0\u00a0\u00a0\u00a0\u00a0\u00a0\u00a0\u00a0 :\u00a02 People min \/ 12 People max Price\u00a0\u00a0\u00a0\u00a0\u00a0\u00a0\u00a0\u00a0\u00a0\u00a0\u00a0\u00a0\u00a0\u00a0\u00a0\u00a0\u00a0\u00a0\u00a0\u00a0\u00a0\u00a0\u00a0\u00a0 :\u00a0590 USD$ Physical Grading\u00a0\u00a0 :\u00a01\u00a02\u00a03 4 5 \u00a0 DAY 1:\u00a0Cusco City Tour When you arrive in Cusco, we will pick you up at the airport and transport you to your hotel. After you have a chance to rest, you will begin your Cusco City Tour. Cusco contains a fascinating blend of two cultures (Inca and Spanish) which gives it a look and feel that is unique in Peru. We will visit all the significant Inca and Colonial sights of this historic city, including exploring the three amazing ruins just outside the city (Sacsayhuaman, Qenqo, and Puka Pucara) and the Temple of the Sun (Qoricancha). You will also walk and explore the streets of Cusco to enjoy its unique charm and learn its history from your guide. \u00a0 DAY 2:\u00a0Sacred Valley: Chinchero \u2013 Moray \u2013 Salt Mines \u2013 Ollantaytambo \u2013 Aguas Calientes We pick you up early from your hotel for our tour of the Sacred Valley of the Incas. Chinchero is a very interesting colonial town that is organized into weaving cooperatives. Here you will learn the process of preparing and dyeing wool using natural dyes and weaving beautiful textiles. Moray is an impressive collection of circular terraces which the Incas used as an agricultural laboratory. You will learn how their master engineers experimented with microclimates and different soils to enhance their production. The Maras Salt Mines is one of the oldest mines of the Incas where they produced pure and natural salt. The mines are still worked today by the community of Maras. We will also visit the Maras colonial town where you will find the beautiful Colonial and Inca Architecture, Following lunch in the town of Urubamba, we will continue to Ollantaytambo with its impressive Inca fortress guarding the entry to the valley. Ollantaytambo was a strategic military, religious, and agricultural center. We have time to stroll along the picturesque streets of this magical and original Inca city before taking our train to Aguas Calientes. \u00a0 DAY 3:\u00a0Aguas Calientes \u2013 Machu Picchu \u2013 Cusco This will be a special day as you visit the Lost City of the Incas \u2013 Machu Picchu. Your guide will pick you up at the hotel to go to the bus station. After a 30-minute drive you will arrive in Machu Picchu \u2013 the ancient and mysterious city. You will have an informative 3-hour tour while exploring the temples, royal residence, stone quarry, and living quarters of the city. You will return to Aguas Calientes by bus and take the train back to Ollantaytambo, where our private transport will drive you back to your hotel in Cusco. \u00a0 SERVICE INCLUDED: Pick up and drop off\u00a0 airport to hotel in cusco Entrances\u00a0 tickets to archeological sites Private\u00a0 tourist transport Round Trip Expedition Train Ollantaytambo \u2013 Aguas Calientes 3 * Hotel\u00a0 with breakfast in Aguas Calientes Round trip bus ticket Aguas Calientes \u2013 Machu Picchu Entrance fees to Machu Picchu Professional English &amp; Spanish speaking guide SERVICE NOT INCLUDED: Meals Drinks Snacks Entrance of Wayna Picchu \u2013\u00a0 US $100 Entrance to Machu Picchu Mountain \u2013 US$100 Upgrades train For Vistadome train\u00a0 US$130 per person Vistadome observatory train\u00a0 US$ 180 per person Tips WHAT YOU NEED TO BRING: Original Passport Waterproof jacket or rain poncho Warm jacket T-shirts Sun hat Sun cream Insect repellent Comfortable trousers Personal medication \u00a0 Prices \u2013 Cusco &amp; Sacred Valley &amp; Machu Picchu \u2013 3 days PRICE: 590 USD$ per person when booking 2 &#8211; 4 people PRICE: 550 USD$ per person when booking 5 &#8211; 7 people PRICE: 500 USD$ per person when booking 8 &#8211; 12 people \u00a0 Locations Visited\u00a0 :\u00a0Cusco City Tour, Chinchero, Moray, Salt mine,Ollantaytambo, Machupicchu Trip Style\u00a0\u00a0\u00a0\u00a0\u00a0\u00a0\u00a0\u00a0\u00a0\u00a0\u00a0\u00a0\u00a0\u00a0\u00a0 :\u00a0Cusco- sacred valley- Machupicchu Cultural tours Length\u00a0\u00a0\u00a0\u00a0\u00a0\u00a0\u00a0\u00a0\u00a0\u00a0\u00a0\u00a0\u00a0\u00a0\u00a0\u00a0\u00a0\u00a0\u00a0 :\u00a03D\/2N Frequency\u00a0\u00a0\u00a0\u00a0\u00a0\u00a0\u00a0\u00a0\u00a0\u00a0\u00a0\u00a0\u00a0 :\u00a0Upon Request Group\u00a0\u00a0\u00a0\u00a0\u00a0\u00a0\u00a0\u00a0\u00a0\u00a0\u00a0\u00a0\u00a0\u00a0\u00a0\u00a0\u00a0\u00a0\u00a0\u00a0\u00a0 :\u00a02 People min \/ 12 People max Price\u00a0\u00a0\u00a0\u00a0\u00a0\u00a0\u00a0\u00a0\u00a0\u00a0\u00a0\u00a0\u00a0\u00a0\u00a0\u00a0\u00a0\u00a0\u00a0\u00a0\u00a0\u00a0\u00a0\u00a0 :\u00a0590 USD$ Physical Grading\u00a0\u00a0 :\u00a01\u00a02\u00a03 4 5 \u00a0 DAY 1:\u00a0Cusco City Tour When you arrive in Cusco, we will pick you up at the airport and transport you to your hotel. After you have a chance to rest, you will begin your Cusco City Tour. Cusco contains a fascinating blend of two cultures (Inca and Spanish) which gives it a look and feel that is unique in Peru. We will visit all the significant Inca and Colonial sights of this historic city, including exploring the three amazing ruins just outside the city (Sacsayhuaman, Qenqo, and Puka Pucara) and the Temple of the Sun (Qoricancha). You will also walk and explore the streets<\/p>","protected":false},"author":1,"featured_media":0,"parent":0,"menu_order":0,"comment_status":"closed","ping_status":"closed","template":"","meta":{"_eb_attr":"","footnotes":""},"class_list":["post-2153","page","type-page","status-publish","hentry"],"_hostinger_reach_plugin_has_subscription_block":false,"_hostinger_reach_plugin_is_elementor":false,"_links":{"self":[{"href":"https:\/\/apurimacadventures.com\/es\/wp-json\/wp\/v2\/pages\/2153","targetHints":{"allow":["GET"]}}],"collection":[{"href":"https:\/\/apurimacadventures.com\/es\/wp-json\/wp\/v2\/pages"}],"about":[{"href":"https:\/\/apurimacadventures.com\/es\/wp-json\/wp\/v2\/types\/page"}],"author":[{"embeddable":true,"href":"https:\/\/apurimacadventures.com\/es\/wp-json\/wp\/v2\/users\/1"}],"replies":[{"embeddable":true,"href":"https:\/\/apurimacadventures.com\/es\/wp-json\/wp\/v2\/comments?post=2153"}],"version-history":[{"count":18,"href":"https:\/\/apurimacadventures.com\/es\/wp-json\/wp\/v2\/pages\/2153\/revisions"}],"predecessor-version":[{"id":3328,"href":"https:\/\/apurimacadventures.com\/es\/wp-json\/wp\/v2\/pages\/2153\/revisions\/3328"}],"wp:attachment":[{"href":"https:\/\/apurimacadventures.com\/es\/wp-json\/wp\/v2\/media?parent=2153"}],"curies":[{"name":"wp","href":"https:\/\/api.w.org\/{rel}","templated":true}]}}