{"id":2124,"date":"2025-11-09T00:00:32","date_gmt":"2025-11-09T00:00:32","guid":{"rendered":"https:\/\/apurimacadventures.com\/?page_id=2124"},"modified":"2025-12-06T12:37:22","modified_gmt":"2025-12-06T12:37:22","slug":"excursion-a-lares-y-alojamiento-en-casa-de-familia-2-dias","status":"publish","type":"page","link":"https:\/\/apurimacadventures.com\/es\/lares-trek-and-homestay-2-day\/","title":{"rendered":"Excursi\u00f3n a Lares y alojamiento en casa de familia \u2013 2 d\u00edas"},"content":{"rendered":"<div data-elementor-type=\"wp-page\" data-elementor-id=\"2124\" class=\"elementor elementor-2124\" data-elementor-post-type=\"page\">\n\t\t\t\t<div class=\"elementor-element elementor-element-08fadc6 e-con-full e-flex wpr-particle-no wpr-jarallax-no wpr-parallax-no wpr-sticky-section-no e-con e-parent\" data-id=\"08fadc6\" data-element_type=\"container\" data-e-type=\"container\" data-settings=\"{&quot;background_background&quot;:&quot;classic&quot;}\">\n\t\t\t\t<div class=\"elementor-element elementor-element-5b1bc66 elementor-widget elementor-widget-heading\" data-id=\"5b1bc66\" data-element_type=\"widget\" data-e-type=\"widget\" data-widget_type=\"heading.default\">\n\t\t\t\t\t<h2 class=\"elementor-heading-title elementor-size-default\">Excursi\u00f3n a Lares y alojamiento en casa de familia \u2013 2 d\u00edas<\/h2>\t\t\t\t<\/div>\n\t\t<div class=\"elementor-element elementor-element-6648a9e e-con-full e-flex wpr-particle-no wpr-jarallax-no wpr-parallax-no wpr-sticky-section-no e-con e-child\" data-id=\"6648a9e\" data-element_type=\"container\" data-e-type=\"container\" data-settings=\"{&quot;background_background&quot;:&quot;classic&quot;}\">\n\t\t\t\t<\/div>\n\t\t\t\t<\/div>\n\t\t<div class=\"elementor-element elementor-element-8620c99 e-flex e-con-boxed wpr-particle-no wpr-jarallax-no wpr-parallax-no wpr-sticky-section-no e-con e-parent\" data-id=\"8620c99\" data-element_type=\"container\" data-e-type=\"container\">\n\t\t\t\t\t<div class=\"e-con-inner\">\n\t\t\t\t<div class=\"elementor-element elementor-element-61ae41f elementor-widget__width-initial elementor-widget elementor-widget-text-editor\" data-id=\"61ae41f\" data-element_type=\"widget\" data-e-type=\"widget\" data-widget_type=\"text-editor.default\">\n\t\t\t\t\t\t\t\t\t<div id=\"u47967-4\" class=\"clearfix colelem shared_content\" data-muse-uid=\"U47967\" data-muse-type=\"txt_frame\" data-ibe-flags=\"txtStyleSrc\" data-sizepolicy=\"fixed\" data-pintopage=\"page_fixedCenter\" data-content-guid=\"u47967-4_content\"><strong>DESCRIPCI\u00d3N:<\/strong><div id=\"u51611-4\" class=\"clearfix colelem shared_content\" data-muse-uid=\"U51611\" data-muse-type=\"txt_frame\" data-ibe-flags=\"txtStyleSrc\" data-sizepolicy=\"fixed\" data-pintopage=\"page_fixedCenter\" data-content-guid=\"u51611-4_content\"><div id=\"u52112-4\" class=\"clearfix colelem shared_content\" data-muse-uid=\"U52112\" data-muse-type=\"txt_frame\" data-ibe-flags=\"txtStyleSrc\" data-sizepolicy=\"fixed\" data-pintopage=\"page_fixedCenter\" data-content-guid=\"u52112-4_content\"><div id=\"u52797-7\" class=\"clearfix colelem shared_content\" data-muse-uid=\"U52797\" data-muse-type=\"txt_frame\" data-ibe-flags=\"txtStyleSrc\" data-sizepolicy=\"fixed\" data-pintopage=\"page_fixedCenter\" data-content-guid=\"u52797-7_content\"><p>Nuestra excursi\u00f3n a Lares con alojamiento en una familia quechua es una experiencia \u00fanica que combina una caminata de un d\u00eda por la majestuosa Cordillera de los Andes con un encuentro \u00edntimo con familias quechuas en el pueblo de Willoq Alto. Durante la excursi\u00f3n a Lares, disfrutar\u00e1 de impresionantes vistas de monta\u00f1as nevadas, profundos valles, llamas y alpacas, y recorrer\u00e1 el pueblo en compa\u00f1\u00eda de sus anfitriones quechuas. De regreso en su pueblo, alejado de las rutas tur\u00edsticas, podr\u00e1 sumergirse en la antigua cultura quechua mientras comparte comidas y alojamiento con sus anfitriones, aprende sus t\u00e9cnicas de tejido y agricultura, e incluso puede participar en sus festividades musicales y de danza.<\/p><p>Le recomendamos combinar la excursi\u00f3n a Lares con nuestro tour por la ciudad de Cusco (a\u00f1adir 1 d\u00eda) y uno de nuestros tours a Machu Picchu (a\u00f1adir de 1 a 4 d\u00edas).<\/p><\/div><\/div><\/div><\/div>\t\t\t\t\t\t\t\t<\/div>\n\t\t\t\t<div class=\"elementor-element elementor-element-84f5a8a e-n-tabs-mobile elementor-widget elementor-widget-n-tabs\" data-id=\"84f5a8a\" data-element_type=\"widget\" data-e-type=\"widget\" data-settings=\"{&quot;_animation&quot;:&quot;none&quot;,&quot;tabs_justify_horizontal&quot;:&quot;stretch&quot;,&quot;horizontal_scroll&quot;:&quot;disable&quot;}\" data-widget_type=\"nested-tabs.default\">\n\t\t\t\t\t\t\t<div class=\"e-n-tabs\" data-widget-number=\"139418250\" aria-label=\"Pesta\u00f1as. Abre elementos con Intro o Espacio, ci\u00e9rralos con Escape y navega con las fechas.\">\n\t\t\t<div class=\"e-n-tabs-heading\" role=\"tablist\">\n\t\t\t\t\t<button id=\"e-n-tab-title-1394182501\" data-tab-title-id=\"e-n-tab-title-1394182501\" class=\"e-n-tab-title\" aria-selected=\"true\" data-tab-index=\"1\" role=\"tab\" tabindex=\"0\" aria-controls=\"e-n-tab-content-1394182501\" style=\"--n-tabs-title-order: 1;\">\n\t\t\t\t\t\t<span class=\"e-n-tab-title-text\">\n\t\t\t\tDescripci\u00f3n general\t\t\t<\/span>\n\t\t<\/button>\n\t\t\t\t<button id=\"e-n-tab-title-1394182502\" data-tab-title-id=\"e-n-tab-title-1394182502\" class=\"e-n-tab-title\" aria-selected=\"false\" data-tab-index=\"2\" role=\"tab\" tabindex=\"-1\" aria-controls=\"e-n-tab-content-1394182502\" style=\"--n-tabs-title-order: 2;\">\n\t\t\t\t\t\t<span class=\"e-n-tab-title-text\">\n\t\t\t\tItinerario\t\t\t<\/span>\n\t\t<\/button>\n\t\t\t\t<button id=\"e-n-tab-title-1394182503\" data-tab-title-id=\"e-n-tab-title-1394182503\" class=\"e-n-tab-title\" aria-selected=\"false\" data-tab-index=\"3\" role=\"tab\" tabindex=\"-1\" aria-controls=\"e-n-tab-content-1394182503\" style=\"--n-tabs-title-order: 3;\">\n\t\t\t\t\t\t<span class=\"e-n-tab-title-text\">\n\t\t\t\tIncluido\t\t\t<\/span>\n\t\t<\/button>\n\t\t\t\t<button id=\"e-n-tab-title-1394182504\" data-tab-title-id=\"e-n-tab-title-1394182504\" class=\"e-n-tab-title\" aria-selected=\"false\" data-tab-index=\"4\" role=\"tab\" tabindex=\"-1\" aria-controls=\"e-n-tab-content-1394182504\" style=\"--n-tabs-title-order: 4;\">\n\t\t\t\t\t\t<span class=\"e-n-tab-title-text\">\n\t\t\t\tPrecios\t\t\t<\/span>\n\t\t<\/button>\n\t\t\t\t\t<\/div>\n\t\t\t<div class=\"e-n-tabs-content\">\n\t\t\t\t<div id=\"e-n-tab-content-1394182501\" role=\"tabpanel\" aria-labelledby=\"e-n-tab-title-1394182501\" data-tab-index=\"1\" style=\"--n-tabs-title-order: 1;\" class=\"e-active elementor-element elementor-element-94e590d e-con-full e-flex wpr-particle-no wpr-jarallax-no wpr-parallax-no wpr-sticky-section-no e-con e-child\" data-id=\"94e590d\" data-element_type=\"container\" data-e-type=\"container\">\n\t\t<div class=\"elementor-element elementor-element-2d751ac e-con-full animated-slow e-flex wpr-particle-no wpr-jarallax-no wpr-parallax-no wpr-sticky-section-no elementor-invisible e-con e-child\" data-id=\"2d751ac\" data-element_type=\"container\" data-e-type=\"container\" data-settings=\"{&quot;background_background&quot;:&quot;classic&quot;,&quot;animation&quot;:&quot;fadeIn&quot;}\">\n\t\t\t\t<\/div>\n\t\t\t\t<div class=\"elementor-element elementor-element-5d20cd5 elementor-widget__width-initial elementor-widget elementor-widget-text-editor\" data-id=\"5d20cd5\" data-element_type=\"widget\" data-e-type=\"widget\" data-widget_type=\"text-editor.default\">\n\t\t\t\t\t\t\t\t\t<p>\u00a0<\/p><ul id=\"u52851-7\" class=\"list0 nls-None\"><li><strong><span id=\"u52851\">D\u00cdA 1:\u00a0<\/span><\/strong>Cuzco \u2013 Ollantaytambo \u2013 Patacancha \u2013 Willoq Alto<\/li><li><strong><span id=\"u52851-4\">D\u00cdA 2:\u00a0<\/span><\/strong>Willoq Alto \u2013 Ollantaytambo \u2013 Cuzco<\/li><\/ul><p>\u00a0<\/p><p><span id=\"u52851-9\"><strong>Punto m\u00e1s alto:<\/strong>\u00a0<\/span>4.300 m\/14.107 pies<\/p><p><span id=\"u52851-12\"><strong>Distancia:<\/strong>\u00a0<\/span>16 km\/9,9 millas<\/p><p id=\"u52851-19\"><strong><span id=\"u52851-15\">Dificultad general:<\/span><\/strong><span id=\"u52851-16\"><strong>\u00a0<\/strong><span style=\"text-decoration: underline;\">1<\/span> 2 3\u00a0<\/span><span id=\"u52851-17\">4<\/span><span id=\"u52851-18\">\u00a05<\/span><\/p>\t\t\t\t\t\t\t\t<\/div>\n\t\t\t\t<\/div>\n\t\t<div id=\"e-n-tab-content-1394182502\" role=\"tabpanel\" aria-labelledby=\"e-n-tab-title-1394182502\" data-tab-index=\"2\" style=\"--n-tabs-title-order: 2;\" class=\"elementor-element elementor-element-2d5725f e-con-full e-flex wpr-particle-no wpr-jarallax-no wpr-parallax-no wpr-sticky-section-no e-con e-child\" data-id=\"2d5725f\" data-element_type=\"container\" data-e-type=\"container\">\n\t\t<div class=\"elementor-element elementor-element-2df2eb8 e-con-full animated-slow e-flex wpr-particle-no wpr-jarallax-no wpr-parallax-no wpr-sticky-section-no elementor-invisible e-con e-child\" data-id=\"2df2eb8\" data-element_type=\"container\" data-e-type=\"container\" data-settings=\"{&quot;background_background&quot;:&quot;classic&quot;,&quot;animation&quot;:&quot;fadeIn&quot;}\">\n\t\t\t\t<\/div>\n\t\t\t\t<div class=\"elementor-element elementor-element-5462b0a elementor-widget__width-initial elementor-widget elementor-widget-text-editor\" data-id=\"5462b0a\" data-element_type=\"widget\" data-e-type=\"widget\" data-widget_type=\"text-editor.default\">\n\t\t\t\t\t\t\t\t\t<p>\u00a0<\/p><p id=\"u52845-2\"><strong>Itinerario \u2013 Excursi\u00f3n a Lares (2 d\u00edas)<\/strong><\/p><p>\u00a0<\/p><p id=\"u52845-6\"><strong><span id=\"u52845-4\">D\u00cdA 1:<\/span>\u00a0Cuzco \u2013 Ollantaytambo \u2013 Patacancha \u2013 Willoq Alto<\/strong><\/p><p id=\"u52845-8\">Te recogeremos temprano en tu hotel para comenzar nuestra aventura. Nos dirigiremos a la comunidad de Ollantaytambo \u2013 Patacancha, donde nos encontraremos con familias quechuas locales en el inicio del sendero para nuestra caminata de un d\u00eda. Ser\u00e1n aproximadamente 4 horas de caminata intensa para llegar al lago Q\u00b4eu\u00f1a, el punto m\u00e1s alto de nuestra caminata (4300 m\/14107 pies). Este es el momento de felicitarte y disfrutar de las impresionantes vistas de las monta\u00f1as nevadas, las llamas, las alpacas, los valles escarpados y las ondulantes tierras de cultivo. Luego, nuestras familias quechuas preparar\u00e1n nuestro lugar para almorzar, y disfrutaremos de chocolate caliente y t\u00e9 de coca con un delicioso almuerzo con vista al pintoresco valle de Lares. Despu\u00e9s del almuerzo, descenderemos 3 horas para llegar a nuestro alojamiento en la comunidad de Willoq Alto, donde todas las familias quechuas te dar\u00e1n la bienvenida a su aldea. Est\u00e1n emocionados de &quot;adoptar&quot; viajeros en sus familias, y experimentar\u00e1s una cultura viva durante tu estad\u00eda de una noche con estos descendientes incas en los Andes del Per\u00fa. .<\/p><ul id=\"u52845-20\" class=\"list0 nls-None\"><li id=\"u52845-11\">Comidas: Almuerzo, Cena<\/li><li id=\"u52845-13\">Altitud m\u00e1xima: 4300 m\/14 107 pies<\/li><li id=\"u52845-15\">Altitud m\u00ednima: 3700 m\/12 139 pies<\/li><li id=\"u52845-17\">Distancia: 12 km\/7,5 millas<\/li><li id=\"u52845-19\">Tiempo de caminata: de 6 a 7 horas<\/li><\/ul><p>\u00a0<\/p><p id=\"u52845-24\"><strong><span id=\"u52845-22\">D\u00cdA 2:\u00a0<\/span>Willoq Alto \u2013 Ollantaytambo \u2013 Cuzco<\/strong><\/p><p id=\"u52845-26\">Nos levantaremos temprano para compartir el desayuno con las familias del pueblo. Pasaremos la ma\u00f1ana aprendiendo sobre la cultura tradicional del tejido que sustenta a estas familias. Todav\u00eda utilizan tintes totalmente naturales elaborados con plantas, semillas, flores, ra\u00edces y par\u00e1sitos de cactus para te\u00f1ir sus lanas, y este es un lugar fant\u00e1stico para comprar recuerdos hechos a mano. Alrededor de las 9:30 a. m., nuestro conductor nos recoger\u00e1 y, tras una hora de viaje, llegaremos a Pumamarka, un impresionante sitio arqueol\u00f3gico inca que rara vez es visitado por turistas. Disfrutaremos de la vista de las terrazas agr\u00edcolas incas que se extienden por las monta\u00f1as, as\u00ed como de sus antiguas casas y almacenes. Explorar Pumamarka lleva aproximadamente dos horas.<\/p><p id=\"u52845-28\">Tras nuestra visita a Pumamarka, nos dirigiremos a Ollantaytambo, donde almorzaremos. Despu\u00e9s del almuerzo, tendr\u00e1n tiempo para explorar las ruinas de Ollantaytambo y su encantador pueblo. Desde all\u00ed, podr\u00e1n regresar a su hotel en Cusco en transporte privado o continuar con una de nuestras excursiones a Machu Picchu.<\/p><ul id=\"u52845-38\" class=\"list0 nls-None\"><li id=\"u52845-31\">Comidas: B<\/li><li id=\"u52845-33\">Altitud m\u00e1xima: 3800 m \/ 12 467 pies<\/li><li id=\"u52845-35\">Distancia: 4 km \/ 2,5 millas<\/li><li id=\"u52845-37\">Tiempo de caminata: 2-3 horas<\/li><\/ul>\t\t\t\t\t\t\t\t<\/div>\n\t\t\t\t<\/div>\n\t\t<div id=\"e-n-tab-content-1394182503\" role=\"tabpanel\" aria-labelledby=\"e-n-tab-title-1394182503\" data-tab-index=\"3\" style=\"--n-tabs-title-order: 3;\" class=\"elementor-element elementor-element-7c01974 e-con-full e-flex wpr-particle-no wpr-jarallax-no wpr-parallax-no wpr-sticky-section-no e-con e-child\" data-id=\"7c01974\" data-element_type=\"container\" data-e-type=\"container\">\n\t\t<div class=\"elementor-element elementor-element-cf848f1 e-con-full animated-slow e-flex wpr-particle-no wpr-jarallax-no wpr-parallax-no wpr-sticky-section-no elementor-invisible e-con e-child\" data-id=\"cf848f1\" data-element_type=\"container\" data-e-type=\"container\" data-settings=\"{&quot;background_background&quot;:&quot;classic&quot;,&quot;animation&quot;:&quot;fadeIn&quot;}\">\n\t\t\t\t<\/div>\n\t\t\t\t<div class=\"elementor-element elementor-element-8872907 elementor-widget__width-initial elementor-widget elementor-widget-text-editor\" data-id=\"8872907\" data-element_type=\"widget\" data-e-type=\"widget\" data-widget_type=\"text-editor.default\">\n\t\t\t\t\t\t\t\t\t<p id=\"u52853-2\">\u00a0<\/p><p id=\"u52853-5\"><strong>Servicios incluidos<\/strong><\/p><ul id=\"u52853-29\" class=\"list0 nls-None\"><li id=\"u52853-8\">Reuni\u00f3n informativa previa a la salida de Lares Trek en el hotel.<\/li><li id=\"u52853-10\">Gu\u00eda tur\u00edstico profesional de Lares Trek que habla ingl\u00e9s<\/li><li id=\"u52853-12\">Transporte privado hasta el inicio del sendero del valle de Lares en Patacancha.<\/li><li id=\"u52853-14\">Traslado de regreso a Cusco desde su hotel.<\/li><li id=\"u52853-16\">Entrada a Pumamarka<\/li><li id=\"u52853-18\">Comida para la caminata a Lares: 1 desayuno, 1 almuerzo, 1 cena<\/li><li id=\"u52853-20\">Lares Trek y el chef local de Willoq Alto, quien est\u00e1 a cargo de hacer la comida.<\/li><li id=\"u52853-22\">Una noche de estancia en una casa de familia en la comunidad de Willoq Alto.<\/li><li id=\"u52853-24\">Bolsa de lona para tus pertenencias personales<\/li><li id=\"u52853-26\">Botiqu\u00edn de primeros auxilios para emergencias.<\/li><li id=\"u52853-28\">Botella de ox\u00edgeno<\/li><\/ul><p>\u00a0<\/p><p id=\"u52853-32\"><strong>\u00a0Servicios no incluidos<\/strong><\/p><ul id=\"u52853-42\" class=\"list0 nls-None\"><li id=\"u52853-35\">Compras<\/li><li id=\"u52853-37\">Consejos para la tripulaci\u00f3n<\/li><li id=\"u52853-39\">bebidas<\/li><li id=\"u52853-41\">aperitivos<\/li><\/ul><p id=\"u52853-45\">\u00a0<\/p><p><strong>Le recomendamos que traiga:<\/strong><\/p><ul id=\"u52853-75\" class=\"list0 nls-None\"><li id=\"u52853-48\">Zapatos y sandalias de trekking resistentes al agua<\/li><li id=\"u52853-50\">Ropa de abrigo (ropa interior t\u00e9rmica, forro polar, gorro, guantes, calcetines)<\/li><li id=\"u52853-52\">Prenda impermeable (poncho)<\/li><li id=\"u52853-54\">Prendas sint\u00e9ticas o de algod\u00f3n (calcetines, pantalones, pantalones cortos, camisetas)<\/li><li id=\"u52853-56\">Sombrero para el sol y gafas de sol<\/li><li id=\"u52853-58\">Bloqueador solar<\/li><li id=\"u52853-60\">Repelente de insectos<\/li><li id=\"u52853-62\">Botellas de agua<\/li><li id=\"u52853-64\">Medicamentos b\u00e1sicos<\/li><li id=\"u52853-66\">Bastones de senderismo<\/li><li id=\"u52853-68\">toalla<\/li><li id=\"u52853-70\">art\u00edculos personales<\/li><li id=\"u52853-72\">refrigerios personales<\/li><li id=\"u52853-74\">DNI \/ Pasaporte original<\/li><\/ul>\t\t\t\t\t\t\t\t<\/div>\n\t\t\t\t<\/div>\n\t\t<div id=\"e-n-tab-content-1394182504\" role=\"tabpanel\" aria-labelledby=\"e-n-tab-title-1394182504\" data-tab-index=\"4\" style=\"--n-tabs-title-order: 4;\" class=\"elementor-element elementor-element-3449c55 e-con-full e-flex wpr-particle-no wpr-jarallax-no wpr-parallax-no wpr-sticky-section-no e-con e-child\" data-id=\"3449c55\" data-element_type=\"container\" data-e-type=\"container\">\n\t\t\t\t<div class=\"elementor-element elementor-element-2aee766 elementor-widget__width-initial elementor-widget elementor-widget-text-editor\" data-id=\"2aee766\" data-element_type=\"widget\" data-e-type=\"widget\" data-widget_type=\"text-editor.default\">\n\t\t\t\t\t\t\t\t\t<p>\u00a0<\/p><p id=\"u52847-2\"><strong>Precios \u2013 Excursi\u00f3n a Lares (2 d\u00edas)<\/strong><\/p><p>\u00a0<\/p><ul id=\"u52847-16\" class=\"list0 nls-None\"><li id=\"u52847-6\"><span id=\"u52847-4\">PRECIO:<\/span>\u00a0 $250 USD por persona al reservar para 2 personas.<\/li><li id=\"u52847-9\"><span id=\"u52847-7\">PRECIO:<\/span>\u00a0 $ 220 USD por persona al reservar para 3 personas.<\/li><li id=\"u52847-12\"><span id=\"u52847-10\">PRECIO:<\/span>\u00a0 $190 USD por persona al reservar de 4 a 6 personas.<\/li><li id=\"u52847-15\"><span id=\"u52847-13\">PRECIO:\u00a0<\/span>$ 160 USD por persona al reservar para 7-10 personas.<\/li><\/ul>\t\t\t\t\t\t\t\t<\/div>\n\t\t\t\t<\/div>\n\t\t\t\t\t<\/div>\n\t\t<\/div>\n\t\t\t\t\t\t<\/div>\n\t\t\t\t\t<\/div>\n\t\t\t\t<\/div>\n\t\t<div class=\"elementor-element elementor-element-b004eef e-flex e-con-boxed wpr-particle-no wpr-jarallax-no wpr-parallax-no wpr-sticky-section-no e-con e-parent\" data-id=\"b004eef\" data-element_type=\"container\" data-e-type=\"container\">\n\t\t\t\t\t<div class=\"e-con-inner\">\n\t\t\t\t<div class=\"elementor-element elementor-element-831001b elementor-widget elementor-widget-spacer\" data-id=\"831001b\" data-element_type=\"widget\" data-e-type=\"widget\" data-widget_type=\"spacer.default\">\n\t\t\t\t\t\t\t<div class=\"elementor-spacer\">\n\t\t\t<div class=\"elementor-spacer-inner\"><\/div>\n\t\t<\/div>\n\t\t\t\t\t\t<\/div>\n\t\t\t\t\t<\/div>\n\t\t\t\t<\/div>\n\t\t\t\t<\/div>","protected":false},"excerpt":{"rendered":"<p>Lares Trek and Homestay \u2013 2 Day DESCRIPTION: Our Lares Trek and Quechua Family Homestay is a unique experience combining a day hike in the magnificent Andes Mountains with an intimate encounter with Quechua families in the village of Willoq Alto. On the Lares Trek you will enjoy stunning views of snow-capped mountains, deep valleys, llamas and alpacas, and you will enjoy the hike in the company of your Quechua host families. Back in their village, which is off the tourist path, you will experience the ancient culture of the Quechuas as you eat and sleep with your host families, learn their weaving and farming techniques, and perhaps even join with them in their music and dancing festivities. We recommend you combine the Lares Trek tour with our Cusco City tour (add 1 day) and one of our Machu Picchu tours (add 1 to 4 days). Overview Itinerary Included Prices \u00a0 DAY 1:\u00a0Cusco \u2013 Ollantaytambo \u2013 Patacancha \u2013 Willoq Alto DAY 2:\u00a0Willoq Alto \u2013 Ollantaytambo \u2013 Cusco \u00a0 Highest Point:\u00a04,300m\/14,107 ft Distance:\u00a016km\/9.9mi Overall Difficulty:\u00a01 2 3\u00a04\u00a05 \u00a0 Itinerary \u2013 Lares trek\u00a0 2 days \u00a0 DAY 1:\u00a0Cusco \u2013 Ollantaytambo \u2013 Patacancha \u2013 Willoq Alto You will be picked up early at your hotel to begin our adventure. We will drive to the community of Ollantaytambo \u2013 Patacancha where we will meet local Quechua families at the trailhead for our day hike. It will take approximately 4 hours of intense hiking to reach Q\u00b4eu\u00f1a Lake, the highest point of our trek (4300 m\/14107 ft). This is the time to pat yourself on the back and enjoy the stunning views of snowy mountains, llamas, alpacas, rugged valleys and undulating farmlands. Then our Quechua families will set up our lunch spot, and we will enjoy hot cocoa and coca tea with a delicious lunch overlooking the picturesque Lares Valley. After lunch we will descend 3 hours to reach our homestay in the Willoq Alto community where all the Quechua families will welcome you to their village. They are excited to \u201cadopt\u201d travelers into their families, and you will experience a living culture during your overnight stay with these Inca descedents in the Andes of Per\u00fa . Meals: L, D Maximum Altitude: 4,300m\/14,107ft Minimum Altitude: 3,700m\/12,139ft Distance: 12km\/7.5mi Walking time: 6 to 7 hours \u00a0 DAY 2:\u00a0Willoq Alto \u2013 Ollantaytambo \u2013 Cusco We will wake up early to share breakfast with village families. The morning will be spent learning about the traditional weaving culture that sustains these families. They still use all-natural dyes made from plants, seeds, flowers, roots and cactus parasites to color their wools, and this is a terrific place to pick up some handmade souvenirs. Around 9:30 am our driver will pick us up and an hour\u2019s drive will take us to Pumamarka \u2013 an amazing Incan archeological site that is seldom visited by tourists. You will enjoy the view of Incan farming terraces which extend over the mountains as well as their ancient houses and store houses. Exploring Pumamarka takes around 2 hours. After our tour of Pumamarka we will head down to Ollantaytambo where you will have lunch. After lunch you will have time to explore the Ollantaytambo ruins along with the charming town itself. From here you will either return by private transport to your hotel in Cusco or continue onto one of our Machu Picchu tours. Meals: B Maximum Altitude: 3,800m \/12,467ft Distance: 4km \/ 2.5mi Walking time: 2-3 hours \u00a0 Services Included Pre-departure Lares Trek briefing at Hotel Professional English speaking Lares Trek Tour Guide Private Transport\u00a0 to Lares Valley Trailhead patacancha Transport back to Cusco at your hotel Entrance ticket to\u00a0 Pumamarka Lares Trek Food: 1 breakfast, 1 lunch, 1 dinner Lares Trek\u00a0 and willoq alto local chef, who is in charge of making the food One night\u00a0 homestay in willoq alto community Duffel bag for your personal stuff First Aid kit for Emergencies. Oxygen bottle \u00a0 \u00a0Services Not Included Shopping Tips for the crew drinks snacks \u00a0 We Recommend that You Bring: Water-resistant trekking shoes and sandals Warm clothing (thermal underwear, fleece, hat, gloves, socks) Waterproof clothing (poncho) Synthetic or cotton clothing (socks, trousers, shorts, t-shirts) Sunhat and sunglasses Sun Block Insect Repellent Water bottles Basic medications Hiking Poles towel Personal items Personal snacks DNI \/ Original Passport \u00a0 Prices \u2013 Lares Trek 2 days \u00a0 PRICE:\u00a0 $250 USD per person when booking 2 people PRICE:\u00a0 $ 220 USD\u00a0 per person when booking 3 people PRICE:\u00a0 $190 USD per person when booking 4 \u2013 6people PRICE:\u00a0$ 160 USD per person when booking 7-10 people \u00a0 DAY 1:\u00a0Cusco \u2013 Ollantaytambo \u2013 Patacancha \u2013 Willoq Alto DAY 2:\u00a0Willoq Alto \u2013 Ollantaytambo \u2013 Cusco \u00a0 Highest Point:\u00a04,300m\/14,107 ft Distance:\u00a016km\/9.9mi Overall Difficulty:\u00a01 2 3\u00a04\u00a05 \u00a0 Itinerary \u2013 Lares trek\u00a0 2 days \u00a0 DAY 1:\u00a0Cusco \u2013 Ollantaytambo \u2013 Patacancha \u2013 Willoq Alto You will be picked up early at your hotel to begin our adventure. We will drive to the community of Ollantaytambo \u2013 Patacancha where we will meet local Quechua families at the trailhead for our day hike. It will take approximately 4 hours of intense hiking to reach Q\u00b4eu\u00f1a Lake, the highest point of our trek (4300 m\/14107 ft). This is the time to pat yourself on the back and enjoy the stunning views of snowy mountains, llamas, alpacas, rugged valleys and undulating farmlands. Then our Quechua families will set up our lunch spot, and we will enjoy hot cocoa and coca tea with a delicious lunch overlooking the picturesque Lares Valley. After lunch we will descend 3 hours to reach our homestay in the Willoq Alto community where all the Quechua families will welcome you to their village. They are excited to \u201cadopt\u201d travelers into their families, and you will experience a living culture during your overnight stay with these Inca descedents in the Andes of Per\u00fa . Meals: L, D Maximum Altitude: 4,300m\/14,107ft Minimum Altitude: 3,700m\/12,139ft Distance: 12km\/7.5mi Walking time: 6 to 7 hours \u00a0 DAY 2:\u00a0Willoq Alto \u2013 Ollantaytambo \u2013 Cusco We will wake<\/p>","protected":false},"author":1,"featured_media":0,"parent":0,"menu_order":0,"comment_status":"closed","ping_status":"closed","template":"","meta":{"_eb_attr":"","footnotes":""},"class_list":["post-2124","page","type-page","status-publish","hentry"],"_hostinger_reach_plugin_has_subscription_block":false,"_hostinger_reach_plugin_is_elementor":false,"_links":{"self":[{"href":"https:\/\/apurimacadventures.com\/es\/wp-json\/wp\/v2\/pages\/2124","targetHints":{"allow":["GET"]}}],"collection":[{"href":"https:\/\/apurimacadventures.com\/es\/wp-json\/wp\/v2\/pages"}],"about":[{"href":"https:\/\/apurimacadventures.com\/es\/wp-json\/wp\/v2\/types\/page"}],"author":[{"embeddable":true,"href":"https:\/\/apurimacadventures.com\/es\/wp-json\/wp\/v2\/users\/1"}],"replies":[{"embeddable":true,"href":"https:\/\/apurimacadventures.com\/es\/wp-json\/wp\/v2\/comments?post=2124"}],"version-history":[{"count":12,"href":"https:\/\/apurimacadventures.com\/es\/wp-json\/wp\/v2\/pages\/2124\/revisions"}],"predecessor-version":[{"id":2894,"href":"https:\/\/apurimacadventures.com\/es\/wp-json\/wp\/v2\/pages\/2124\/revisions\/2894"}],"wp:attachment":[{"href":"https:\/\/apurimacadventures.com\/es\/wp-json\/wp\/v2\/media?parent=2124"}],"curies":[{"name":"wp","href":"https:\/\/api.w.org\/{rel}","templated":true}]}}