{"id":2086,"date":"2025-11-08T23:43:30","date_gmt":"2025-11-08T23:43:30","guid":{"rendered":"https:\/\/apurimacadventures.com\/?page_id=2086"},"modified":"2026-03-06T06:31:47","modified_gmt":"2026-03-06T06:31:47","slug":"camino-inca-2-dias","status":"publish","type":"page","link":"https:\/\/apurimacadventures.com\/es\/inca-trail-2-days\/","title":{"rendered":"Camino Inca 2 d\u00edas"},"content":{"rendered":"<div data-elementor-type=\"wp-page\" data-elementor-id=\"2086\" class=\"elementor elementor-2086\" data-elementor-post-type=\"page\">\n\t\t\t\t<div class=\"elementor-element elementor-element-08fadc6 e-con-full e-flex wpr-particle-no wpr-jarallax-no wpr-parallax-no wpr-sticky-section-no e-con e-parent\" data-id=\"08fadc6\" data-element_type=\"container\" data-e-type=\"container\" data-settings=\"{&quot;background_background&quot;:&quot;classic&quot;}\">\n\t\t\t\t<div class=\"elementor-element elementor-element-5b1bc66 elementor-widget elementor-widget-heading\" data-id=\"5b1bc66\" data-element_type=\"widget\" data-e-type=\"widget\" data-widget_type=\"heading.default\">\n\t\t\t\t\t<h2 class=\"elementor-heading-title elementor-size-default\">Camino Inca 2 d\u00edas\n\n\n\n\n<\/h2>\t\t\t\t<\/div>\n\t\t<div class=\"elementor-element elementor-element-6648a9e e-con-full e-flex wpr-particle-no wpr-jarallax-no wpr-parallax-no wpr-sticky-section-no e-con e-child\" data-id=\"6648a9e\" data-element_type=\"container\" data-e-type=\"container\" data-settings=\"{&quot;background_background&quot;:&quot;classic&quot;}\">\n\t\t\t\t<\/div>\n\t\t\t\t<\/div>\n\t\t<div class=\"elementor-element elementor-element-8620c99 e-flex e-con-boxed wpr-particle-no wpr-jarallax-no wpr-parallax-no wpr-sticky-section-no e-con e-parent\" data-id=\"8620c99\" data-element_type=\"container\" data-e-type=\"container\">\n\t\t\t\t\t<div class=\"e-con-inner\">\n\t\t\t\t<div class=\"elementor-element elementor-element-61ae41f elementor-widget__width-initial elementor-widget elementor-widget-text-editor\" data-id=\"61ae41f\" data-element_type=\"widget\" data-e-type=\"widget\" data-widget_type=\"text-editor.default\">\n\t\t\t\t\t\t\t\t\t<div id=\"u47967-4\" class=\"clearfix colelem shared_content\" data-muse-uid=\"U47967\" data-muse-type=\"txt_frame\" data-ibe-flags=\"txtStyleSrc\" data-sizepolicy=\"fixed\" data-pintopage=\"page_fixedCenter\" data-content-guid=\"u47967-4_content\"><strong>DESCRIPCI\u00d3N<\/strong><div id=\"u50510-4\" class=\"clearfix colelem shared_content\" data-muse-uid=\"U50510\" data-muse-type=\"txt_frame\" data-ibe-flags=\"txtStyleSrc\" data-sizepolicy=\"fixed\" data-pintopage=\"page_fixedCenter\" data-content-guid=\"u50510-4_content\"><div id=\"u50098-7\" class=\"clearfix colelem shared_content\" data-muse-uid=\"U50098\" data-muse-type=\"txt_frame\" data-ibe-flags=\"txtStyleSrc\" data-sizepolicy=\"fixed\" data-pintopage=\"page_fixedCenter\" data-content-guid=\"u50098-7_content\"><div id=\"u49487-4\" class=\"clearfix colelem shared_content\" data-muse-uid=\"U49487\" data-muse-type=\"txt_frame\" data-ibe-flags=\"txtStyleSrc\" data-sizepolicy=\"fixed\" data-pintopage=\"page_fixedCenter\" data-content-guid=\"u49487-4_content\"><div id=\"u50859-4\" class=\"clearfix colelem shared_content\" data-muse-uid=\"U50859\" data-muse-type=\"txt_frame\" data-ibe-flags=\"txtStyleSrc\" data-sizepolicy=\"fixed\" data-pintopage=\"page_fixedCenter\" data-content-guid=\"u50859-4_content\"><p>Camino Inca de 2 d\u00edas: esta excursi\u00f3n es una opci\u00f3n fant\u00e1stica para quienes no tienen el tiempo ni el deseo de recorrer el Camino Inca completo. No se requiere acampar. Con hermosos paisajes, una gran variedad de flora y fauna, y una visita al sitio m\u00e1s bello del Camino Inca (Wi\u00f1ay Wayna), podr\u00e1 disfrutar de lo mejor del Camino Inca en un tiempo reducido y aun as\u00ed entrar a Machu Picchu por la impresionante Puerta del Sol. Con un d\u00eda de caminata y un d\u00eda de visita a las ruinas de Machu Picchu, el tour de 2 d\u00edas por el Camino Inca es perfecto para familias con ni\u00f1os y para quienes tienen poco tiempo.<\/p><\/div><\/div><\/div><\/div><\/div>\t\t\t\t\t\t\t\t<\/div>\n\t\t\t\t<div class=\"elementor-element elementor-element-84f5a8a e-n-tabs-mobile elementor-widget elementor-widget-n-tabs\" data-id=\"84f5a8a\" data-element_type=\"widget\" data-e-type=\"widget\" data-settings=\"{&quot;_animation&quot;:&quot;none&quot;,&quot;tabs_justify_horizontal&quot;:&quot;stretch&quot;,&quot;horizontal_scroll&quot;:&quot;disable&quot;}\" data-widget_type=\"nested-tabs.default\">\n\t\t\t\t\t\t\t<div class=\"e-n-tabs\" data-widget-number=\"139418250\" aria-label=\"Pesta\u00f1as. Abre elementos con Intro o Espacio, ci\u00e9rralos con Escape y navega con las fechas.\" data-no-translation-aria-label=\"\">\n\t\t\t<div class=\"e-n-tabs-heading\" role=\"tablist\">\n\t\t\t\t\t<button id=\"e-n-tab-title-1394182501\" data-tab-title-id=\"e-n-tab-title-1394182501\" class=\"e-n-tab-title\" aria-selected=\"true\" data-tab-index=\"1\" role=\"tab\" tabindex=\"0\" aria-controls=\"e-n-tab-content-1394182501\" style=\"--n-tabs-title-order: 1;\">\n\t\t\t\t\t\t<span class=\"e-n-tab-title-text\">\n\t\t\t\tDescripci\u00f3n general\t\t\t<\/span>\n\t\t<\/button>\n\t\t\t\t<button id=\"e-n-tab-title-1394182502\" data-tab-title-id=\"e-n-tab-title-1394182502\" class=\"e-n-tab-title\" aria-selected=\"false\" data-tab-index=\"2\" role=\"tab\" tabindex=\"-1\" aria-controls=\"e-n-tab-content-1394182502\" style=\"--n-tabs-title-order: 2;\">\n\t\t\t\t\t\t<span class=\"e-n-tab-title-text\">\n\t\t\t\tItinerario\t\t\t<\/span>\n\t\t<\/button>\n\t\t\t\t<button id=\"e-n-tab-title-1394182503\" data-tab-title-id=\"e-n-tab-title-1394182503\" class=\"e-n-tab-title\" aria-selected=\"false\" data-tab-index=\"3\" role=\"tab\" tabindex=\"-1\" aria-controls=\"e-n-tab-content-1394182503\" style=\"--n-tabs-title-order: 3;\">\n\t\t\t\t\t\t<span class=\"e-n-tab-title-text\">\n\t\t\t\tIncluido\t\t\t<\/span>\n\t\t<\/button>\n\t\t\t\t<button id=\"e-n-tab-title-1394182504\" data-tab-title-id=\"e-n-tab-title-1394182504\" class=\"e-n-tab-title\" aria-selected=\"false\" data-tab-index=\"4\" role=\"tab\" tabindex=\"-1\" aria-controls=\"e-n-tab-content-1394182504\" style=\"--n-tabs-title-order: 4;\">\n\t\t\t\t\t\t<span class=\"e-n-tab-title-text\">\n\t\t\t\tPrecios\t\t\t<\/span>\n\t\t<\/button>\n\t\t\t\t\t<\/div>\n\t\t\t<div class=\"e-n-tabs-content\">\n\t\t\t\t<div id=\"e-n-tab-content-1394182501\" role=\"tabpanel\" aria-labelledby=\"e-n-tab-title-1394182501\" data-tab-index=\"1\" style=\"--n-tabs-title-order: 1;\" class=\"e-active elementor-element elementor-element-94e590d e-con-full e-flex wpr-particle-no wpr-jarallax-no wpr-parallax-no wpr-sticky-section-no e-con e-child\" data-id=\"94e590d\" data-element_type=\"container\" data-e-type=\"container\">\n\t\t<div class=\"elementor-element elementor-element-2d751ac e-con-full animated-slow e-flex wpr-particle-no wpr-jarallax-no wpr-parallax-no wpr-sticky-section-no elementor-invisible e-con e-child\" data-id=\"2d751ac\" data-element_type=\"container\" data-e-type=\"container\" data-settings=\"{&quot;background_background&quot;:&quot;classic&quot;,&quot;animation&quot;:&quot;fadeIn&quot;}\">\n\t\t\t\t<\/div>\n\t\t\t\t<div class=\"elementor-element elementor-element-5d20cd5 elementor-widget__width-initial elementor-widget elementor-widget-text-editor\" data-id=\"5d20cd5\" data-element_type=\"widget\" data-e-type=\"widget\" data-widget_type=\"text-editor.default\">\n\t\t\t\t\t\t\t\t\t<p>\u00a0<\/p><ul id=\"u50887-9\" class=\"list0 nls-None\"><li><strong><span id=\"u50887\">D\u00eda 1:\u00a0<\/span><\/strong>Cusco \u2013 Kil\u00f3metro 104 \u2013 Aguas Calientes<\/li><li><strong><span id=\"u50887-4\">D\u00eda 2:\u00a0<\/span><\/strong>Machu Picchu \u2013 Cusco<\/li><\/ul><p>\u00a0<\/p><p><strong><span id=\"u50887-10\">Punto m\u00e1s alto:<\/span><\/strong>\u00a02730 m \/ 8792 pies<\/p><p><strong><span id=\"u50887-13\">Distancia:<\/span>\u00a0<\/strong>10 km \/ 6,3 millas<\/p><p id=\"u50887-20\"><strong><span id=\"u50887-16\">Dificultad general:<\/span><\/strong><span id=\"u50887-17\">\u00a0<span style=\"text-decoration: underline;\"><strong>1<\/strong><\/span> 2\u00a0<\/span><span id=\"u50887-18\">3<\/span><span id=\"u50887-19\">\u00a04 5<\/span><\/p>\t\t\t\t\t\t\t\t<\/div>\n\t\t\t\t<\/div>\n\t\t<div id=\"e-n-tab-content-1394182502\" role=\"tabpanel\" aria-labelledby=\"e-n-tab-title-1394182502\" data-tab-index=\"2\" style=\"--n-tabs-title-order: 2;\" class=\"elementor-element elementor-element-2d5725f e-con-full e-flex wpr-particle-no wpr-jarallax-no wpr-parallax-no wpr-sticky-section-no e-con e-child\" data-id=\"2d5725f\" data-element_type=\"container\" data-e-type=\"container\">\n\t\t<div class=\"elementor-element elementor-element-2df2eb8 e-con-full animated-slow e-flex wpr-particle-no wpr-jarallax-no wpr-parallax-no wpr-sticky-section-no elementor-invisible e-con e-child\" data-id=\"2df2eb8\" data-element_type=\"container\" data-e-type=\"container\" data-settings=\"{&quot;background_background&quot;:&quot;classic&quot;,&quot;animation&quot;:&quot;fadeIn&quot;}\">\n\t\t\t\t<\/div>\n\t\t\t\t<div class=\"elementor-element elementor-element-5462b0a elementor-widget__width-initial elementor-widget elementor-widget-text-editor\" data-id=\"5462b0a\" data-element_type=\"widget\" data-e-type=\"widget\" data-widget_type=\"text-editor.default\">\n\t\t\t\t\t\t\t\t\t<p id=\"u50891-2\">\u00a0<\/p><p id=\"u50891-6\"><strong><span id=\"u50891-4\">D\u00eda 1:\u00a0<\/span>Cusco \u2013 Kil\u00f3metro 104 \u2013 Aguas Calientes<\/strong><\/p><p id=\"u50891-8\">Te recogeremos en tu hotel en Cusco o en el Valle Sagrado temprano por la ma\u00f1ana, nos dirigiremos a Ollantaytambo y desde all\u00ed tomaremos el tren a Machu Picchu hasta el kil\u00f3metro 104. All\u00ed comenzar\u00e1 nuestra caminata y ascenderemos por el tramo m\u00e1s impresionante del Camino Inca. Al atravesar el exuberante bosque nuboso que cubre la monta\u00f1a, veremos una gran variedad de plantas, flores y aves. Tambi\u00e9n visitaremos hermosos sitios incas, como Wi\u00f1ay Wayna, y disfrutaremos de fant\u00e1sticas vistas panor\u00e1micas de la cordillera de los Andes. Despu\u00e9s de un d\u00eda completo de caminata, llegaremos a la Puerta del Sol (Inti Punku) y tendremos nuestras primeras vistas de Machu Picchu extendi\u00e9ndose a nuestros pies.<\/p><p id=\"u50891-11\">La luz del atardecer es ideal para tomar fotos, y con menos turistas m\u00e1s tarde, es el momento perfecto para capturar muchas im\u00e1genes. Tras cruzar la Puerta del Sol, continuaremos por el sendero hasta Machu Picchu, la ciudad perdida de los incas. Ese d\u00eda solo podremos tomar fotos y admirar la belleza de esta ciudad. Despu\u00e9s de las fotos, saldremos de la ciudad hacia la estaci\u00f3n de autobuses para tomar el autob\u00fas a Aguas Calientes, en el valle, donde nos registraremos en nuestro hotel.<\/p><ul id=\"u50891-23\" class=\"list0 nls-None\"><li id=\"u50891-14\">Comidas: L (almuerzo para llevar)<\/li><li id=\"u50891-16\">Altitud m\u00e1xima: 2700 m \/ 8858 pies<\/li><li id=\"u50891-18\">Altitud m\u00ednima: 1950 m \/ 6398 pies<\/li><li id=\"u50891-20\">Distancia: 10 km \/ 6,3 millas<\/li><li id=\"u50891-22\">Tiempo de caminata: 5-6 horas<\/li><\/ul><p id=\"u50891-27\"><strong><span id=\"u50891-25\">D\u00eda 2:\u00a0<\/span>Machu Picchu \u2013 Cusco o Valle Sagrado<\/strong><\/p><p id=\"u50891-29\">Tras levantarnos temprano para desayunar en el hotel, tomaremos el autob\u00fas de regreso a Machu Picchu para entrar al sitio arqueol\u00f3gico en cuanto abra. Realizaremos una visita guiada de 3 horas durante la cual aprender\u00e1n sobre los incas y visitar\u00e1n las zonas m\u00e1s importantes de la ciudadela. Despu\u00e9s de la visita, tendr\u00e1n tiempo libre para subir a Huayna Picchu o Machu Picchu, si cuentan con los permisos necesarios. Posteriormente, tomar\u00e1n el autob\u00fas de regreso al pueblo de Aguas Calientes para almorzar y luego el tren de vuelta a Ollantaytambo, donde un transporte privado los llevar\u00e1 de regreso a su hotel en Cusco o en el Valle Sagrado.<\/p><ul id=\"u50891-33\" class=\"list0 nls-None\"><li id=\"u50891-32\">Comidas incluidas: B<\/li><\/ul>\t\t\t\t\t\t\t\t<\/div>\n\t\t\t\t<\/div>\n\t\t<div id=\"e-n-tab-content-1394182503\" role=\"tabpanel\" aria-labelledby=\"e-n-tab-title-1394182503\" data-tab-index=\"3\" style=\"--n-tabs-title-order: 3;\" class=\"elementor-element elementor-element-7c01974 e-con-full e-flex wpr-particle-no wpr-jarallax-no wpr-parallax-no wpr-sticky-section-no e-con e-child\" data-id=\"7c01974\" data-element_type=\"container\" data-e-type=\"container\">\n\t\t<div class=\"elementor-element elementor-element-cf848f1 e-con-full animated-slow e-flex wpr-particle-no wpr-jarallax-no wpr-parallax-no wpr-sticky-section-no elementor-invisible e-con e-child\" data-id=\"cf848f1\" data-element_type=\"container\" data-e-type=\"container\" data-settings=\"{&quot;background_background&quot;:&quot;classic&quot;,&quot;animation&quot;:&quot;fadeIn&quot;}\">\n\t\t\t\t<\/div>\n\t\t\t\t<div class=\"elementor-element elementor-element-8872907 elementor-widget__width-initial elementor-widget elementor-widget-text-editor\" data-id=\"8872907\" data-element_type=\"widget\" data-e-type=\"widget\" data-widget_type=\"text-editor.default\">\n\t\t\t\t\t\t\t\t\t<p id=\"u50881-2\">\u00a0<\/p><p id=\"u50881-5\"><strong>Incluye<\/strong><\/p><ul id=\"u50881-29\" class=\"list0 nls-None\"><li id=\"u50881-8\">Gu\u00eda tur\u00edstico profesional de habla inglesa<\/li><li id=\"u50881-10\">Gu\u00eda tur\u00edstico asistente para grupos de 9 o m\u00e1s personas.<\/li><li id=\"u50881-12\">Recogida en su hotel en nuestro transporte privado hasta la estaci\u00f3n de tren.<\/li><li id=\"u50881-14\">Tren hasta el km 104, inicio del Camino Inca.<\/li><li id=\"u50881-16\">Transporte de regreso en tren y transporte privado a Cusco o al Valle Sagrado.<\/li><li id=\"u50881-18\">\u00a0Almuerzo para llevar. Si tiene alguna petici\u00f3n diet\u00e9tica, como por ejemplo comida vegetariana, por favor h\u00e1ganoslo saber.<\/li><li id=\"u50881-20\">\u00a0Hotel en Aguas Calientes con desayuno incluido.<\/li><li id=\"u50881-22\">Botella de ox\u00edgeno para emergencias.<\/li><li id=\"u50881-24\">Botiqu\u00edn de primeros auxilios para emergencias.<\/li><li id=\"u50881-26\">Entrada al Camino Inca y a las ruinas de Machu Picchu.<\/li><li id=\"u50881-28\">2 Boletos de Bus para el segundo d\u00eda (Aguas Calientes -Machu Picchu \u2013 Aguas Calientes).<\/li><\/ul><p id=\"u50881-32\"><strong>No incluye<\/strong><\/p><ul id=\"u50881-48\" class=\"list0 nls-None\"><li id=\"u50881-35\">Agua<\/li><li id=\"u50881-37\">Desayuno y cena el d\u00eda 1 y almuerzo y cena el d\u00eda 2<\/li><li id=\"u50881-39\">La entrada a la monta\u00f1a Huayna Picchu tiene un costo adicional. $ 100<\/li><li id=\"u50881-41\">Consejos<\/li><li id=\"u50881-43\">Seguro de viaje: se recomienda encarecidamente contratar un seguro de viaje para la duraci\u00f3n de su viaje.<\/li><li id=\"u50881-45\">1 billete de autob\u00fas el primer d\u00eda<\/li><li id=\"u50881-47\">aperitivos<\/li><\/ul><p id=\"u50881-51\"><strong>Lo que necesitas llevar<\/strong><\/p><ul id=\"u50881-83\" class=\"list0 nls-None\"><li id=\"u50881-54\">Pasaporte original<\/li><li id=\"u50881-56\">Tarjeta de estudiante (si eres estudiante y quieres optar al descuento)<\/li><li id=\"u50881-58\">Agua<\/li><li id=\"u50881-60\">bastones de senderismo<\/li><li id=\"u50881-62\">Botas de senderismo<\/li><li id=\"u50881-64\">Chaqueta impermeable \/ poncho para la lluvia<\/li><li id=\"u50881-66\">camisetas<\/li><li id=\"u50881-68\">Pantalones c\u00f3modos<\/li><li id=\"u50881-70\">sombrero para el sol<\/li><li id=\"u50881-72\">Crema solar (factor 35 o superior)<\/li><li id=\"u50881-74\">Repelente de insectos<\/li><li id=\"u50881-76\">Art\u00edculos de aseo personal y desinfectante de manos<\/li><li id=\"u50881-78\">Medicamentos personales<\/li><li id=\"u50881-80\">C\u00e1mara y pel\u00edcula<\/li><li id=\"u50881-82\">DNI \/ Pasaporte original<\/li><\/ul><p id=\"u50881-86\"><strong>Servicios adicionales\/extras\/mejoras no incluidos (es necesario reservar con antelaci\u00f3n):<\/strong><\/p><ul id=\"u50881-96\" class=\"list0 nls-None\"><li id=\"u50881-89\">Machu Picchu+ Monta\u00f1ismo Waynapicchu: USD 100.00<\/li><li id=\"u50881-91\">Huayna Picchu+ machupicchu Monta\u00f1ismo: USD 100.00<\/li><li id=\"u50881-93\">Upgrade a Tren Vistadome ida y vuelta Aguas Calientes-ollantaytambo: USD 130.00<\/li><li>Mejora a tren con mirador Vistadome (ida y vuelta): 180,00 USD<\/li><li id=\"u50881-95\">Noche extra en Aguas Calientes: Depende del tipo de hotel deseado.<\/li><\/ul>\t\t\t\t\t\t\t\t<\/div>\n\t\t\t\t<\/div>\n\t\t<div id=\"e-n-tab-content-1394182504\" role=\"tabpanel\" aria-labelledby=\"e-n-tab-title-1394182504\" data-tab-index=\"4\" style=\"--n-tabs-title-order: 4;\" class=\"elementor-element elementor-element-3449c55 e-con-full e-flex wpr-particle-no wpr-jarallax-no wpr-parallax-no wpr-sticky-section-no e-con e-child\" data-id=\"3449c55\" data-element_type=\"container\" data-e-type=\"container\">\n\t\t\t\t<div class=\"elementor-element elementor-element-2aee766 elementor-widget__width-initial elementor-widget elementor-widget-text-editor\" data-id=\"2aee766\" data-element_type=\"widget\" data-e-type=\"widget\" data-widget_type=\"text-editor.default\">\n\t\t\t\t\t\t\t\t\t<p>\u00a0<\/p><p id=\"u50895-2\"><strong>Precios \u2013 Camino Inca 2 d\u00edas<\/strong><\/p><p>\u00a0desde\/por persona:<\/p><p id=\"u50858-4\"><span id=\"u50858-3\">PRECIO: US$$550.00 por persona al reservar de 2 a 4 personas.<\/span><\/p><p>PRECIO: US$$ 520 por persona al reservar de 5 a 7 personas.<\/p><p>PRECIO: US$$ 480 por persona al reservar de 8 a 12 personas.<\/p>\t\t\t\t\t\t\t\t<\/div>\n\t\t\t\t<\/div>\n\t\t\t\t\t<\/div>\n\t\t<\/div>\n\t\t\t\t\t\t<\/div>\n\t\t\t\t\t<\/div>\n\t\t\t\t<\/div>\n\t\t<div class=\"elementor-element elementor-element-b004eef e-flex e-con-boxed wpr-particle-no wpr-jarallax-no wpr-parallax-no wpr-sticky-section-no e-con e-parent\" data-id=\"b004eef\" data-element_type=\"container\" data-e-type=\"container\">\n\t\t\t\t\t<div class=\"e-con-inner\">\n\t\t\t\t<div class=\"elementor-element elementor-element-831001b elementor-widget elementor-widget-spacer\" data-id=\"831001b\" data-element_type=\"widget\" data-e-type=\"widget\" data-widget_type=\"spacer.default\">\n\t\t\t\t\t\t\t<div class=\"elementor-spacer\">\n\t\t\t<div class=\"elementor-spacer-inner\"><\/div>\n\t\t<\/div>\n\t\t\t\t\t\t<\/div>\n\t\t\t\t\t<\/div>\n\t\t\t\t<\/div>\n\t\t\t\t<\/div>","protected":false},"excerpt":{"rendered":"<p>Inca Trail 2 days DESCRIPTION Inca Trail 2 days; this trek is a fantastic option for those who don\u2019t have the time or desire to hike the full length of the Inca Trail. No camping is required. With beautiful scenery, a wide variety of flora and fauna and a visit to the Inca Trail\u2019s most beautiful site (Wi\u00f1ay Wayna), you get to enjoy the best of the Inca Trail on a condensed schedule and still enter Machu Picchu through the awe-inspiring Sun Gate entrance. With one day of hiking and one day visiting the ruins of Machu Picchu, the 2-Day Inca Trail tour is perfect for families with children and those on a tight schedule. Overview Itinerary Included Prices \u00a0 Day 1:\u00a0Cusco \u2013 Kilometer 104 \u2013 Aguas Calientes Day 2:\u00a0Machu Picchu \u2013 Cusco \u00a0 Highest Point:\u00a02730m \/ 8792ft Distance:\u00a010km \/ 6.3mi Overall Difficulty:\u00a01 2\u00a03\u00a04 5 \u00a0 Day 1:\u00a0Cusco \u2013 Kilometer 104 \u2013 Aguas Calientes We will pick you up at your hotel in Cusco\u00a0 or in the sacred valley\u00a0 in the early morning, drive to Ollantaytambo, and from there take the Machu Picchu train to kilometer 104. There our trek will begin and we will work our way up the most impressive stretch of the Inca Trail. As we pass through the lush and verdant cloud forest that covers the mountain we will see a variety of plants, flowers and birds. We will also visit beautiful Inca sites, including Wi\u00f1ay Wayna, and enjoy fantastic panoramic views of the Andes mountains. After a full day of trekking we\u2019ll arrive at the Sun Gate (Inti Punku) and get our first views of Machu Picchu spread out on the mountain below. The light in late afternoon is great for photos, and with fewer tourists in the site later in the day, it\u2019s a perfect time to take many pictures. After we\u2019ve passed through the Sun Gate we\u2019ll continue along the trail\u00a0 to get to machupicchu\u00a0 the lost city of the incas, on this day\u00a0 we can only take pictures\u00a0\u00a0 and appreciate\u00a0 the beauty of this city. after photos\u00a0 we head out\u00a0 of the city\u00a0 to the bus station\u00a0\u00a0 for the bus\u00a0 ride to Aguas Calientes in the valley below where we\u2019ll check into our hotel. Meals: L\u00a0 (box lunch) Maximum Altitude: 2,700m \/ 8,858ft Minimum Altitude: 1,950m \/6,398 ft Distance: 10km \/ 6.3mi Walking Time: 5- 6 hrs Day 2:\u00a0Machu Picchu \u2013 Cusco or Sacred valley Waking up early to have\u00a0 beakfast\u00a0 at the hotel, we\u2019ll take the\u00a0 bus back up to Machu Picchu to enter the site as it opens. We\u2019ll have a 3-hour guided tour of the site during which you\u2019ll learn about the Incas and visit the most important areas of the citadel. After your tour you\u2019ll have free time to climb either Huayna Picchu or Machu Picchu mountain, if you have the permits. After the tour you will take the bus down to aguas calientes town to have lunch then you will take the train back to Ollantaytambo where you will be taken by private transport back to your hotel in Cusco or in the sacred valley. Meals provided: B \u00a0 Includes Professional English Speaking Tour Guide Assistant Tour Guide for groups of 9+ pick- up from your hotel in our private transport to the train station Train to Km 104 the beginning of the inca trail Return transportation by train and private transport to Cusco or to sacred valley \u00a0Boxed Lunch,\u00a0 If you have a dietary request such as vegetarian food please let us know. \u00a0Hotel in aguas calientes with breakfast included Oxygen bottle for emergencies. First aid kit for emergencies. Entrance to the Inca Trail and Machu Picchu ruins. 2 Bus tickets for the second day (Aguas Calientes -Machu Picchu \u2013 Aguas Calientes). Does Not Include Water Breakfast and dinner on Day 1 and lunch and dinner on Day 2 Entrance to Huayna Picchu Mountain it has an extra cost. $ 100 Tips Travel Insurance \u2013 you are strongly recommended to take out travel insurance for the duration of your trip. 1 bus\u00a0 ticket on the first day snacks What you need to take Original Passport student card (if you are a student and want to qualify for the discount) Water walking poles Walking boots Waterproof jacket \/ rain poncho T-shirts Comfortable Trousers Sun hat Sun cream (factor 35 or higher) Insect repellant Toiletries and hand sanitiser Personal medication Camera and film DNI \/ Original\u00a0 Passport Aditionals\/Extras \/ upgrade Not Included (Need to book in Advance): Machu Picchu+\u00a0 Waynapicchu Mountain climbing:\u00a0 USD 100.00 Huayna Picchu+ machupicchu\u00a0 Mountain climbing: USD 100.00 Upgrade toVistadome Train round trip Aguas Calientes- ollantaytambo: USD 130.00 Upgrade to vistadome observatory train round trip USD: 180.00 Extra Night in Aguas Calientes: Depends on the type of Hotel desired. \u00a0 Prices \u2013 Inca Trail 2 Days \u00a0from\/per person: PRICE: US$550.00 per person when booking 2- 4 people PRICE: US$ 520 per person when booking\u00a0 5- 7 people PRICE: US$ 480 per person when booking 8- to 12 people \u00a0 Day 1:\u00a0Cusco \u2013 Kilometer 104 \u2013 Aguas Calientes Day 2:\u00a0Machu Picchu \u2013 Cusco \u00a0 Highest Point:\u00a02730m \/ 8792ft Distance:\u00a010km \/ 6.3mi Overall Difficulty:\u00a01 2\u00a03\u00a04 5 \u00a0 Day 1:\u00a0Cusco \u2013 Kilometer 104 \u2013 Aguas Calientes We will pick you up at your hotel in Cusco\u00a0 or in the sacred valley\u00a0 in the early morning, drive to Ollantaytambo, and from there take the Machu Picchu train to kilometer 104. There our trek will begin and we will work our way up the most impressive stretch of the Inca Trail. As we pass through the lush and verdant cloud forest that covers the mountain we will see a variety of plants, flowers and birds. We will also visit beautiful Inca sites, including Wi\u00f1ay Wayna, and enjoy fantastic panoramic views of the Andes mountains. After a full day of trekking we\u2019ll arrive at the Sun Gate (Inti Punku) and get our first views of Machu Picchu spread out on the mountain below. The light in late afternoon is great<\/p>","protected":false},"author":1,"featured_media":0,"parent":0,"menu_order":0,"comment_status":"closed","ping_status":"closed","template":"","meta":{"_eb_attr":"","footnotes":""},"class_list":["post-2086","page","type-page","status-publish","hentry"],"_hostinger_reach_plugin_has_subscription_block":false,"_hostinger_reach_plugin_is_elementor":false,"_links":{"self":[{"href":"https:\/\/apurimacadventures.com\/es\/wp-json\/wp\/v2\/pages\/2086","targetHints":{"allow":["GET"]}}],"collection":[{"href":"https:\/\/apurimacadventures.com\/es\/wp-json\/wp\/v2\/pages"}],"about":[{"href":"https:\/\/apurimacadventures.com\/es\/wp-json\/wp\/v2\/types\/page"}],"author":[{"embeddable":true,"href":"https:\/\/apurimacadventures.com\/es\/wp-json\/wp\/v2\/users\/1"}],"replies":[{"embeddable":true,"href":"https:\/\/apurimacadventures.com\/es\/wp-json\/wp\/v2\/comments?post=2086"}],"version-history":[{"count":36,"href":"https:\/\/apurimacadventures.com\/es\/wp-json\/wp\/v2\/pages\/2086\/revisions"}],"predecessor-version":[{"id":3338,"href":"https:\/\/apurimacadventures.com\/es\/wp-json\/wp\/v2\/pages\/2086\/revisions\/3338"}],"wp:attachment":[{"href":"https:\/\/apurimacadventures.com\/es\/wp-json\/wp\/v2\/media?parent=2086"}],"curies":[{"name":"wp","href":"https:\/\/api.w.org\/{rel}","templated":true}]}}