{"id":2016,"date":"2025-11-08T23:08:48","date_gmt":"2025-11-08T23:08:48","guid":{"rendered":"https:\/\/apurimacadventures.com\/?page_id=2016"},"modified":"2025-12-23T22:16:35","modified_gmt":"2025-12-23T22:16:35","slug":"excursion-a-choquequirao-de-4-dias","status":"publish","type":"page","link":"https:\/\/apurimacadventures.com\/es\/choquequirao-trek-4-days\/","title":{"rendered":"Excursi\u00f3n a Choquequirao de 4 d\u00edas"},"content":{"rendered":"<div data-elementor-type=\"wp-page\" data-elementor-id=\"2016\" class=\"elementor elementor-2016\" data-elementor-post-type=\"page\">\n\t\t\t\t<div class=\"elementor-element elementor-element-08fadc6 e-con-full e-flex wpr-particle-no wpr-jarallax-no wpr-parallax-no wpr-sticky-section-no e-con e-parent\" data-id=\"08fadc6\" data-element_type=\"container\" data-e-type=\"container\" data-settings=\"{&quot;background_background&quot;:&quot;classic&quot;}\">\n\t\t\t\t<div class=\"elementor-element elementor-element-5b1bc66 elementor-widget elementor-widget-heading\" data-id=\"5b1bc66\" data-element_type=\"widget\" data-e-type=\"widget\" data-widget_type=\"heading.default\">\n\t\t\t\t\t<h2 class=\"elementor-heading-title elementor-size-default\">Excursi\u00f3n a Choquequirao de 4 d\u00edas\n\n\n<\/h2>\t\t\t\t<\/div>\n\t\t<div class=\"elementor-element elementor-element-6648a9e e-con-full e-flex wpr-particle-no wpr-jarallax-no wpr-parallax-no wpr-sticky-section-no e-con e-child\" data-id=\"6648a9e\" data-element_type=\"container\" data-e-type=\"container\" data-settings=\"{&quot;background_background&quot;:&quot;classic&quot;}\">\n\t\t\t\t<\/div>\n\t\t\t\t<\/div>\n\t\t<div class=\"elementor-element elementor-element-8620c99 e-flex e-con-boxed wpr-particle-no wpr-jarallax-no wpr-parallax-no wpr-sticky-section-no e-con e-parent\" data-id=\"8620c99\" data-element_type=\"container\" data-e-type=\"container\">\n\t\t\t\t\t<div class=\"e-con-inner\">\n\t\t\t\t<div class=\"elementor-element elementor-element-61ae41f elementor-widget__width-initial elementor-widget elementor-widget-text-editor\" data-id=\"61ae41f\" data-element_type=\"widget\" data-e-type=\"widget\" data-widget_type=\"text-editor.default\">\n\t\t\t\t\t\t\t\t\t<div id=\"u47967-4\" class=\"clearfix colelem shared_content\" data-muse-uid=\"U47967\" data-muse-type=\"txt_frame\" data-ibe-flags=\"txtStyleSrc\" data-sizepolicy=\"fixed\" data-pintopage=\"page_fixedCenter\" data-content-guid=\"u47967-4_content\"><p><strong>DESCRIPCI\u00d3N<\/strong><\/p><p>En esta aventura de trekking, disfrutar\u00e1s de vistas espectaculares de monta\u00f1as nevadas, descender\u00e1s a un profundo ca\u00f1\u00f3n, cruzar\u00e1s el r\u00edo Apur\u00edmac y atravesar\u00e1s ecosistemas de bosque nuboso de gran biodiversidad. Tras visitar la ciudadela de Choquequirao, regresar\u00e1s por la misma ruta a tu hotel en Cusco. Este es nuestro trekking m\u00e1s exigente a Choquequirao. Se realiza a un ritmo constante a trav\u00e9s de los Andes y se recomienda solo para personas en excelente forma f\u00edsica. Est\u00e1 dise\u00f1ado para quienes disponen de poco tiempo para realizar el trekking a Choquequirao.<\/p><\/div>\t\t\t\t\t\t\t\t<\/div>\n\t\t\t\t<div class=\"elementor-element elementor-element-84f5a8a e-n-tabs-mobile elementor-widget elementor-widget-n-tabs\" data-id=\"84f5a8a\" data-element_type=\"widget\" data-e-type=\"widget\" data-settings=\"{&quot;_animation&quot;:&quot;none&quot;,&quot;tabs_justify_horizontal&quot;:&quot;stretch&quot;,&quot;horizontal_scroll&quot;:&quot;disable&quot;}\" data-widget_type=\"nested-tabs.default\">\n\t\t\t\t\t\t\t<div class=\"e-n-tabs\" data-widget-number=\"139418250\" aria-label=\"Pesta\u00f1as. Abre elementos con Intro o Espacio, ci\u00e9rralos con Escape y navega con las fechas.\">\n\t\t\t<div class=\"e-n-tabs-heading\" role=\"tablist\">\n\t\t\t\t\t<button id=\"e-n-tab-title-1394182501\" data-tab-title-id=\"e-n-tab-title-1394182501\" class=\"e-n-tab-title\" aria-selected=\"true\" data-tab-index=\"1\" role=\"tab\" tabindex=\"0\" aria-controls=\"e-n-tab-content-1394182501\" style=\"--n-tabs-title-order: 1;\">\n\t\t\t\t\t\t<span class=\"e-n-tab-title-text\">\n\t\t\t\tDescripci\u00f3n general\t\t\t<\/span>\n\t\t<\/button>\n\t\t\t\t<button id=\"e-n-tab-title-1394182502\" data-tab-title-id=\"e-n-tab-title-1394182502\" class=\"e-n-tab-title\" aria-selected=\"false\" data-tab-index=\"2\" role=\"tab\" tabindex=\"-1\" aria-controls=\"e-n-tab-content-1394182502\" style=\"--n-tabs-title-order: 2;\">\n\t\t\t\t\t\t<span class=\"e-n-tab-title-text\">\n\t\t\t\tItinerario\t\t\t<\/span>\n\t\t<\/button>\n\t\t\t\t<button id=\"e-n-tab-title-1394182503\" data-tab-title-id=\"e-n-tab-title-1394182503\" class=\"e-n-tab-title\" aria-selected=\"false\" data-tab-index=\"3\" role=\"tab\" tabindex=\"-1\" aria-controls=\"e-n-tab-content-1394182503\" style=\"--n-tabs-title-order: 3;\">\n\t\t\t\t\t\t<span class=\"e-n-tab-title-text\">\n\t\t\t\tIncluido\t\t\t<\/span>\n\t\t<\/button>\n\t\t\t\t<button id=\"e-n-tab-title-1394182504\" data-tab-title-id=\"e-n-tab-title-1394182504\" class=\"e-n-tab-title\" aria-selected=\"false\" data-tab-index=\"4\" role=\"tab\" tabindex=\"-1\" aria-controls=\"e-n-tab-content-1394182504\" style=\"--n-tabs-title-order: 4;\">\n\t\t\t\t\t\t<span class=\"e-n-tab-title-text\">\n\t\t\t\tPrecios\t\t\t<\/span>\n\t\t<\/button>\n\t\t\t\t\t<\/div>\n\t\t\t<div class=\"e-n-tabs-content\">\n\t\t\t\t<div id=\"e-n-tab-content-1394182501\" role=\"tabpanel\" aria-labelledby=\"e-n-tab-title-1394182501\" data-tab-index=\"1\" style=\"--n-tabs-title-order: 1;\" class=\"e-active elementor-element elementor-element-94e590d e-con-full e-flex wpr-particle-no wpr-jarallax-no wpr-parallax-no wpr-sticky-section-no e-con e-child\" data-id=\"94e590d\" data-element_type=\"container\" data-e-type=\"container\">\n\t\t<div class=\"elementor-element elementor-element-2d751ac e-con-full animated-slow e-flex wpr-particle-no wpr-jarallax-no wpr-parallax-no wpr-sticky-section-no elementor-invisible e-con e-child\" data-id=\"2d751ac\" data-element_type=\"container\" data-e-type=\"container\" data-settings=\"{&quot;background_background&quot;:&quot;classic&quot;,&quot;animation&quot;:&quot;fadeIn&quot;}\">\n\t\t\t\t<\/div>\n\t\t\t\t<div class=\"elementor-element elementor-element-5d20cd5 elementor-widget__width-initial elementor-widget elementor-widget-text-editor\" data-id=\"5d20cd5\" data-element_type=\"widget\" data-e-type=\"widget\" data-widget_type=\"text-editor.default\">\n\t\t\t\t\t\t\t\t\t<p><strong><span id=\"u48008\">D\u00eda 1:<\/span><\/strong>\u00a0Cusco \u2013 Cachora \u2013 Chikisca \u2013 Playa Rosalina<\/p><p><strong><span id=\"u48008-4\">D\u00eda 2:\u00a0<\/span><\/strong>Playa Rosalina \u2013 Santa Rosa \u2013 Marampata \u2013 Choquequirao<\/p><p><strong><span id=\"u48008-7\">D\u00eda 3:\u00a0<\/span><\/strong>Choquequirao \u2013 Santa Rosa \u2013 Chikisca<\/p><p><strong><span id=\"u48008-10\">D\u00eda 4:<\/span>\u00a0<\/strong>Chikisca \u2013 Capuliyoc \u2013 Cuzco<\/p><p><strong><span id=\"u48008-14\">Punto m\u00e1s alto:<\/span><\/strong>\u00a03.050 m \/ 10.007 pies<\/p><p><strong><span id=\"u48008-17\">Distancia:<\/span>\u00a0<\/strong>44 km \/ 27,3 millas<\/p><p id=\"u48008-23\"><strong><span id=\"u48008-20\">Dificultad:<\/span><\/strong><span id=\"u48008-21\"><strong>\u00a0<\/strong>1 2 3 4\u00a0<\/span><span id=\"u48008-22\">5<\/span><\/p>\t\t\t\t\t\t\t\t<\/div>\n\t\t<div class=\"elementor-element elementor-element-25c2a77 e-con-full animated-slow e-flex wpr-particle-no wpr-jarallax-no wpr-parallax-no wpr-sticky-section-no elementor-invisible e-con e-child\" data-id=\"25c2a77\" data-element_type=\"container\" data-e-type=\"container\" data-settings=\"{&quot;background_background&quot;:&quot;classic&quot;,&quot;animation&quot;:&quot;fadeIn&quot;}\">\n\t\t\t\t<\/div>\n\t\t\t\t<\/div>\n\t\t<div id=\"e-n-tab-content-1394182502\" role=\"tabpanel\" aria-labelledby=\"e-n-tab-title-1394182502\" data-tab-index=\"2\" style=\"--n-tabs-title-order: 2;\" class=\"elementor-element elementor-element-2d5725f e-con-full e-flex wpr-particle-no wpr-jarallax-no wpr-parallax-no wpr-sticky-section-no e-con e-child\" data-id=\"2d5725f\" data-element_type=\"container\" data-e-type=\"container\">\n\t\t<div class=\"elementor-element elementor-element-2df2eb8 e-con-full animated-slow e-flex wpr-particle-no wpr-jarallax-no wpr-parallax-no wpr-sticky-section-no elementor-invisible e-con e-child\" data-id=\"2df2eb8\" data-element_type=\"container\" data-e-type=\"container\" data-settings=\"{&quot;background_background&quot;:&quot;classic&quot;,&quot;animation&quot;:&quot;fadeIn&quot;}\">\n\t\t\t\t<\/div>\n\t\t\t\t<div class=\"elementor-element elementor-element-5462b0a elementor-widget__width-initial elementor-widget elementor-widget-text-editor\" data-id=\"5462b0a\" data-element_type=\"widget\" data-e-type=\"widget\" data-widget_type=\"text-editor.default\">\n\t\t\t\t\t\t\t\t\t<h4 id=\"u47998-2\"><strong>Itinerario \u2013 Excursi\u00f3n a Choquequirao (4 d\u00edas)<\/strong><\/h4><p>\u00a0<\/p><p id=\"u47998-6\"><strong>D\u00eda 1:\u00a0<span id=\"u47998-5\">Cusco \u2013 Cachora \u2013 Chikisca \u2013 Playa Rosalina<\/span><\/strong><\/p><p id=\"u47998-8\">Los recogemos muy temprano en su hotel en Cusco y los llevamos en transporte privado al pueblo de Cachora. All\u00ed nos reunimos con nuestro personal y conducimos 30 minutos m\u00e1s hasta el mirador de Capuliyoc, punto de inicio de nuestra ruta. El camino contin\u00faa cuesta abajo durante aproximadamente 6 horas hasta nuestro campamento en Playa Rosalina, junto al r\u00edo Apur\u00edmac. Este es uno de los r\u00edos m\u00e1s largos del Per\u00fa, con m\u00e1s de 7000 km de longitud, que nace en el extremo sur del pa\u00eds y se extiende hacia el norte hasta Iquitos, donde se une al r\u00edo Amazonas. Apur\u00edmac es una palabra quechua que significa &quot;el dios que habla&quot;. Se espera una noche c\u00e1lida en el valle.<\/p><ul id=\"u47998-20\" class=\"list0 nls-None\"><li id=\"u47998-11\">Comidas: Almuerzo, Cena<\/li><li id=\"u47998-13\">Altitud m\u00e1xima: 2977 m \/ 9767 pies<\/li><li id=\"u47998-15\">Altitud m\u00ednima: 1500 m \/ 4921 pies<\/li><li id=\"u47998-17\">Distancia: 10 km \/ 6,2 millas<\/li><li id=\"u47998-19\">Tiempo de caminata: 6 horas<\/li><\/ul><p>\u00a0<\/p><p id=\"u47998-24\"><strong><span id=\"u47998-22\">D\u00eda 2:<\/span>\u00a0Playa Rosalina \u2013 Santa Rosa \u2013 Marampata \u2013 Choquequirao<\/strong><\/p><p id=\"u47998-26\">Salimos temprano del campamento, cruzamos el r\u00edo Apur\u00edmac y comenzamos nuestra caminata cuesta arriba. Dos horas de caminata nos llevar\u00e1n a Santa Rosa, donde descansaremos, y despu\u00e9s de otras dos horas llegaremos a Marampata. All\u00ed almorzaremos temprano mientras disfrutamos de una vista espectacular de los Andes. Tras un buen descanso, continuamos caminando dos horas m\u00e1s hasta Choquequirao, una antigua ciudad inca. Disfrutaremos de la tarde explorando esta ciudad m\u00e1gica, e incluso podremos explorar restos de edificios incas a\u00fan sin excavar, cubiertos de vegetaci\u00f3n. Al anochecer, descenderemos a nuestro campamento, ubicado justo debajo de Choquequirao.<\/p><ul id=\"u47998-38\" class=\"list0 nls-None\"><li id=\"u47998-29\">Comidas: Desayuno, Almuerzo, Cena<\/li><li id=\"u47998-31\">Altitud m\u00e1xima: 3050 m \/ 10 007 pies<\/li><li id=\"u47998-33\">Altitud m\u00ednima: 1500 m \/ 4921 pies<\/li><li id=\"u47998-35\">Distancia: 14 km \/ 8,7 millas<\/li><li id=\"u47998-37\">Tiempo de caminata: 7 horas<\/li><\/ul><p>\u00a0<\/p><p id=\"u47998-42\"><strong><span id=\"u47998-40\">D\u00eda 3:<\/span>\u00a0Choquequirao \u2013 Santa Rosa \u2013 Chikisca<\/strong><\/p><p id=\"u47998-44\">Hoy, tras una ma\u00f1ana tranquila, regresamos a Marampa para almorzar. Siguiendo el mismo camino por el que vinimos, cruzamos de nuevo el r\u00edo Apur\u00edmac y ascendemos a Chikisca, donde pasaremos la noche.<\/p><ul id=\"u47998-56\" class=\"list0 nls-None\"><li id=\"u47998-47\">Comidas: Desayuno, Almuerzo, Cena<\/li><li id=\"u47998-49\">Altitud m\u00e1xima: 3000 m \/ 9843 pies<\/li><li id=\"u47998-51\">Altitud m\u00ednima: 1500 m \/ 4921 pies<\/li><li id=\"u47998-53\">Distancia: 12 km \/ 7,5 millas<\/li><li id=\"u47998-55\">Tiempo de caminata: 7 horas<\/li><\/ul><p>\u00a0<\/p><p id=\"u47998-60\"><strong><span id=\"u47998-58\">D\u00eda 4:<\/span>\u00a0Chikisca \u2013 Capuliyoc \u2013 Cuzco<\/strong><\/p><p id=\"u47998-62\">Nos llevar\u00e1 aproximadamente 5 horas subir hasta el mirador de Capuliyoc, donde comenzamos nuestra caminata. Despu\u00e9s del almuerzo, regresaremos a la ciudad de Cusco.<\/p><ul id=\"u47998-74\" class=\"list0 nls-None\"><li id=\"u47998-65\">Comidas: Desayuno, Almuerzo<\/li><li id=\"u47998-67\">Altitud m\u00e1xima: 2977 m \/ 9767 pies<\/li><li id=\"u47998-69\">Altitud m\u00ednima: 1.836 km \/ 6.024 pies<\/li><li id=\"u47998-71\">Distancia recorrida: 8 km \/ 5,0 millas<\/li><li id=\"u47998-73\">Tiempo de caminata: 5 horas<\/li><\/ul>\t\t\t\t\t\t\t\t<\/div>\n\t\t\t\t<\/div>\n\t\t<div id=\"e-n-tab-content-1394182503\" role=\"tabpanel\" aria-labelledby=\"e-n-tab-title-1394182503\" data-tab-index=\"3\" style=\"--n-tabs-title-order: 3;\" class=\"elementor-element elementor-element-7c01974 e-con-full e-flex wpr-particle-no wpr-jarallax-no wpr-parallax-no wpr-sticky-section-no e-con e-child\" data-id=\"7c01974\" data-element_type=\"container\" data-e-type=\"container\">\n\t\t<div class=\"elementor-element elementor-element-cf848f1 e-con-full animated-slow e-flex wpr-particle-no wpr-jarallax-no wpr-parallax-no wpr-sticky-section-no elementor-invisible e-con e-child\" data-id=\"cf848f1\" data-element_type=\"container\" data-e-type=\"container\" data-settings=\"{&quot;background_background&quot;:&quot;classic&quot;,&quot;animation&quot;:&quot;fadeIn&quot;}\">\n\t\t\t\t<\/div>\n\t\t\t\t<div class=\"elementor-element elementor-element-8872907 elementor-widget__width-initial elementor-widget elementor-widget-text-editor\" data-id=\"8872907\" data-element_type=\"widget\" data-e-type=\"widget\" data-widget_type=\"text-editor.default\">\n\t\t\t\t\t\t\t\t\t<h4 id=\"u48002-2\"><strong>Excursi\u00f3n a Choquequirao de 4 d\u00edas; Incluye:<\/strong><\/h4><p>\u00a0<\/p><p id=\"u48002-5\"><strong>Servicios incluidos:<\/strong><\/p><ul id=\"u48002-35\" class=\"list0 nls-None\"><li id=\"u48002-8\">Servicio de gu\u00eda en ingl\u00e9s\/espa\u00f1ol<\/li><li id=\"u48002-10\">Transporte privado desde Cusco a Cachora y regreso a Cusco<\/li><li id=\"u48002-12\">Entrada a Choquequirao<\/li><li id=\"u48002-14\">Maestro cocinero<\/li><li id=\"u48002-16\">Comida (3 desayunos, 4 almuerzos, 3 cenas, refrigerios)<\/li><li id=\"u48002-18\">Opciones vegetarianas\/para dietas especiales disponibles sin coste adicional.<\/li><li id=\"u48002-20\">Equipamiento para cocinar y comer, incluyendo tiendas de campa\u00f1a, sillas y mesas.<\/li><li id=\"u48002-22\">Tiendas de campa\u00f1a para las cuatro estaciones (con capacidad para 3 personas, pero utilizadas para 2).<\/li><li id=\"u48002-24\">Thermarest (colch\u00f3n para dormir)<\/li><li id=\"u48002-26\">Mulas y jinetes para transportar nuestro equipo de acampada y comida.<\/li><li id=\"u48002-28\">En la mula se transportar\u00e1n 10 kilos de su equipaje personal (nosotros le proporcionamos una bolsa de lona).<\/li><li id=\"u48002-30\">Botiqu\u00edn de primeros auxilios<\/li><li id=\"u48002-32\">Botella de ox\u00edgeno de emergencia<\/li><li id=\"u48002-34\">Sesi\u00f3n informativa previa a la salida<\/li><\/ul><p>\u00a0<\/p><p id=\"u48002-38\"><strong>Servicios no incluidos:<\/strong><\/p><ul id=\"u48002-50\" class=\"list0 nls-None\"><li id=\"u48002-41\">Consejos para el personal de campo y el gu\u00eda<\/li><li id=\"u48002-43\">Saco de dormir<\/li><li id=\"u48002-45\">Dinero extra para recuerdos o para comprar Gatorade o cerveza durante el recorrido.<\/li><li id=\"u48002-47\">Caballo de emergencia para el grupo (en caso de lesi\u00f3n o necesidad de descanso), pero esto se puede organizar por un costo adicional.<\/li><li id=\"u48002-49\">Nota: Si necesita alquilar alg\u00fan equipo, como un saco de dormir, un poncho impermeable, bastones de senderismo, etc., av\u00edsenos con antelaci\u00f3n. Nosotros nos encargaremos de reservarlo para usted; no se requiere dep\u00f3sito.<\/li><\/ul><p>\u00a0<\/p><p id=\"u48002-53\"><strong>Le recomendamos que traiga:<\/strong><\/p><ul id=\"u48002-95\" class=\"list0 nls-None\"><li id=\"u48002-56\">Saco de dormir (-10 \u00b0C)<\/li><li id=\"u48002-58\">Zapatos y sandalias de trekking resistentes al agua<\/li><li id=\"u48002-60\">Ropa de abrigo (ropa interior t\u00e9rmica, forro polar, gorro, guantes, calcetines)<\/li><li id=\"u48002-62\">Chaqueta y pantalones impermeables o poncho para la lluvia<\/li><li id=\"u48002-64\">Prendas sint\u00e9ticas o de algod\u00f3n (calcetines, pantalones, pantalones cortos, camisetas)<\/li><li id=\"u48002-66\">Sombrero para el sol y gafas de sol<\/li><li id=\"u48002-68\">Bloqueador solar<\/li><li id=\"u48002-70\">Repelente de insectos<\/li><li id=\"u48002-72\">Botellas de agua<\/li><li id=\"u48002-74\">Filtro de agua (opcional; se proporcionar\u00e1 agua hervida en todas las comidas).<\/li><li id=\"u48002-76\">Medicamentos personales<\/li><li id=\"u48002-78\">bastones de senderismo<\/li><li id=\"u48002-80\">Toalla<\/li><li id=\"u48002-82\">art\u00edculos personales<\/li><li id=\"u48002-84\">refrigerios personales<\/li><li id=\"u48002-86\">Linterna frontal o linterna de mano con pilas de repuesto<\/li><li id=\"u48002-88\">C\u00e1mara<\/li><li id=\"u48002-90\">Papel higi\u00e9nico<\/li><li id=\"u48002-92\">DNI\/Pasaporte original<\/li><li id=\"u48002-94\">Tarjeta de seguro<\/li><\/ul>\t\t\t\t\t\t\t\t<\/div>\n\t\t\t\t<\/div>\n\t\t<div id=\"e-n-tab-content-1394182504\" role=\"tabpanel\" aria-labelledby=\"e-n-tab-title-1394182504\" data-tab-index=\"4\" style=\"--n-tabs-title-order: 4;\" class=\"elementor-element elementor-element-3449c55 e-con-full e-flex wpr-particle-no wpr-jarallax-no wpr-parallax-no wpr-sticky-section-no e-con e-child\" data-id=\"3449c55\" data-element_type=\"container\" data-e-type=\"container\">\n\t\t\t\t<div class=\"elementor-element elementor-element-2aee766 elementor-widget__width-initial elementor-widget elementor-widget-text-editor\" data-id=\"2aee766\" data-element_type=\"widget\" data-e-type=\"widget\" data-widget_type=\"text-editor.default\">\n\t\t\t\t\t\t\t\t\t<h4>\u00a0<\/h4><h4 id=\"u48006-2\"><strong>Precios \u2013 Excursi\u00f3n a Choquequirao (4 d\u00edas)<\/strong><\/h4><ul id=\"u48006-19\" class=\"list0 nls-None\"><li id=\"u48006-6\"><span id=\"u48006-4\">PRECIO:\u00a0<\/span>$580 USD por persona al reservar de 2 a 4 personas.<\/li><li id=\"u48006-9\"><span id=\"u48006-7\">PRECIO:<\/span> $540 USD por persona al reservar de 5 a 7 personas.<\/li><li id=\"u48006-12\"><span id=\"u48006-10\">PRECIO:<\/span> $480 USD por persona al reservar para 8-12 personas<\/li><\/ul>\t\t\t\t\t\t\t\t<\/div>\n\t\t\t\t<\/div>\n\t\t\t\t\t<\/div>\n\t\t<\/div>\n\t\t\t\t\t\t<\/div>\n\t\t\t\t\t<\/div>\n\t\t\t\t<\/div>\n\t\t<div class=\"elementor-element elementor-element-b004eef e-flex e-con-boxed wpr-particle-no wpr-jarallax-no wpr-parallax-no wpr-sticky-section-no e-con e-parent\" data-id=\"b004eef\" data-element_type=\"container\" data-e-type=\"container\">\n\t\t\t\t\t<div class=\"e-con-inner\">\n\t\t\t\t<div class=\"elementor-element elementor-element-831001b elementor-widget elementor-widget-spacer\" data-id=\"831001b\" data-element_type=\"widget\" data-e-type=\"widget\" data-widget_type=\"spacer.default\">\n\t\t\t\t\t\t\t<div class=\"elementor-spacer\">\n\t\t\t<div class=\"elementor-spacer-inner\"><\/div>\n\t\t<\/div>\n\t\t\t\t\t\t<\/div>\n\t\t\t\t\t<\/div>\n\t\t\t\t<\/div>\n\t\t\t\t<\/div>","protected":false},"excerpt":{"rendered":"<p>Choquequirao Trek 4 Days DESCRIPTION On this adventure trek you will enjoy spectacular views of snow-capped mountains, descend into a deep canyon, cross the Apurimac River, and pass through biologically diverse cloud forest ecosystems. After a visit to the citadel of Choquequirao, you return along the same route, back to your hotel in Cusco. This is our most challenging trek to Choquequirao. It moves at a steady pace through the Andes and is recommended only for the most fit. It is designed for those who have limited time for a Choquequirao trek. Overview Itinerary Included Prices Day 1:\u00a0Cusco \u2013 Cachora \u2013 Chikisca \u2013 Playa Rosalina Day 2:\u00a0Playa Rosalina \u2013 Santa Rosa \u2013 Marampata \u2013 Choquequirao Day 3:\u00a0Choquequirao \u2013 Santa Rosa \u2013 Chikisca Day 4:\u00a0Chikisca \u2013 Capuliyoc \u2013 Cusco Highest Point:\u00a03,050m \/ 10,007ft Distance:\u00a044km \/ 27.3mi Difficulty:\u00a01 2 3 4\u00a05 Itinerary \u2013 Choquequirao trek 4 days \u00a0 Day 1:\u00a0Cusco \u2013 Cachora \u2013 Chikisca \u2013 Playa Rosalina We pick you up very early at your hotel in Cusco and drive by private transport to the village of Cachora. In Cachora we meet our staff and drive 30 more minutes to the Capuliyoc lookout point and our trailhead. Our path continues downhill for about 6 hours to our campsite at Playa Rosalina beside the Apurimac River. This is one of the longest rivers in Peru, over 7000 km, coming from the very south of Peru all the way north to Iquitos where it joins with Amazon River. Apurimac is a Quechua word for \u201cthe God who speaks\u201d. We can expect a warm night in the valley. Meals: L, D Maximum Altitude: 2,977m \/ 9,767ft Minimum Altitude: 1,500m \/ 4,921ft Distance: 10km \/ 6.2mi Walking time: 6 hours \u00a0 Day 2:\u00a0Playa Rosalina \u2013 Santa Rosa \u2013 Marampata \u2013 Choquequirao We leave camp early, cross the Apurimac River, and begin our uphill trek. 2 hours of hiking will bring us to Santa Rosa where we\u2019ll have a rest, and after another 2 hours we will arrive at Marampata. Here we will have an early lunch while enjoying a spectacular view of the Andes. After a good break and rest, we continue walking 2 more hours to Choquequirao, an ancient city of the Incas. We will enjoy the afternoon exploring this magical city, and we can even explore unexcavated Inca building remains covered with vegetation. By early evening we head down to our campsite which is located just below Choquequirao. Meals: B, L, D Maximum Altitude: 3,050m \/ 10,007ft Minimum Altitude: 1,500m \/ 4,921ft Distance: 14km \/ 8.7mi Walking time: 7 hours \u00a0 Day 3:\u00a0Choquequirao \u2013 Santa Rosa \u2013 Chikisca Today, after a leisurely morning, we return to Marampata for lunch. Continuing back on the same path we came in, we once again cross the Apurimac River and climb to Chikisca where we will spend the night Meals: B, L, D Maximum Altitude: 3,000m \/ 9,843ft Minimum Altitude: 1,500m \/ 4,921ft Distance: 12km \/ 7.5mi Walking Time: 7 hrs \u00a0 Day 4:\u00a0Chikisca \u2013 Capuliyoc \u2013 Cusco It will take approximately 5 hours to climb uphill to the Capuliyoc lookout point where we began our trek. After lunch we will return to the city of Cusco. Meals: B, L Maximum Altitude: 2,977m \/ 9,767ft Minimum Altitude: 1,836km \/ 6,024ft Distance Travelled: 8km \/ 5.0mi Walking Time: 5 hrs Choquequirao Trek 4 days; Inclusions \u00a0 Services Included: Guide service in English\/Spanish Private transportation from Cusco to Cachora to Cusco Entrance ticket to Choquequirao Master cook Food (3 breakfasts, 4 lunches, 3 dinners, snacks) Vegetarian\/special diet options available at no extra cost Cooking and dining equipment, including tents, chairs and tables 4-season tents (3-person capacity but used for 2 people) Thermarest (sleeping mattress) Mules and horsemen to carry our camping equipment &amp; food 10 kilos of your personal gear will be carried on the mule (we provide you a duffle) First-aid kit Emergency oxygen bottle Pre-departure briefing \u00a0 Services Not Included: Tips for field staff and guide Sleeping bag Extra money for souvenirs or to buy Gatorade or beer along the trail Emergency horse for the group (in case of injury or the need to rest), but this can be arranged for an additional fee Note: If you need to rent any equipment such as a sleeping bag, water-proof poncho, hiking poles, etc. please let us know in advance. We will secure them for you \u2013 no deposit required. \u00a0 We Recommend That You Bring: Sleeping bag (-10 C\u00ba) Water-resistant trekking shoes and sandals Warm clothing (thermal underwear, fleece, hat, gloves, socks) Waterproof jacket &amp; pants or rain poncho Synthetic or cotton clothing (socks, trousers, shorts, t-shirts) Sunhat &amp; sunglasses Sun block Insect repellent Water bottles Water filter (optional \u2013 boiled water will be available at all meals) Personal medications Walking poles Towel Personal items Personal snacks Headlamp or flashlight with spare batteries Camera Toilet paper DNI\/Original Passport Insurance card \u00a0 Prices \u2013 Choquequirao Trek 4 Days PRICE:\u00a0$580 USD per person when booking 2-4 people PRICE: $540 USD per person when booking 5- 7 people PRICE: $480 USD per person when booking 8-12 people Day 1:\u00a0Cusco \u2013 Cachora \u2013 Chikisca \u2013 Playa Rosalina Day 2:\u00a0Playa Rosalina \u2013 Santa Rosa \u2013 Marampata \u2013 Choquequirao Day 3:\u00a0Choquequirao \u2013 Santa Rosa \u2013 Chikisca Day 4:\u00a0Chikisca \u2013 Capuliyoc \u2013 Cusco Highest Point:\u00a03,050m \/ 10,007ft Distance:\u00a044km \/ 27.3mi Difficulty:\u00a01 2 3 4\u00a05 Itinerary \u2013 Choquequirao trek 4 days \u00a0 Day 1:\u00a0Cusco \u2013 Cachora \u2013 Chikisca \u2013 Playa Rosalina We pick you up very early at your hotel in Cusco and drive by private transport to the village of Cachora. In Cachora we meet our staff and drive 30 more minutes to the Capuliyoc lookout point and our trailhead. Our path continues downhill for about 6 hours to our campsite at Playa Rosalina beside the Apurimac River. This is one of the longest rivers in Peru, over 7000 km, coming from the very south of Peru all the way north to Iquitos where it joins with Amazon River. Apurimac is a Quechua word for<\/p>","protected":false},"author":1,"featured_media":0,"parent":0,"menu_order":0,"comment_status":"closed","ping_status":"closed","template":"","meta":{"_eb_attr":"","footnotes":""},"class_list":["post-2016","page","type-page","status-publish","hentry"],"_hostinger_reach_plugin_has_subscription_block":false,"_hostinger_reach_plugin_is_elementor":false,"_links":{"self":[{"href":"https:\/\/apurimacadventures.com\/es\/wp-json\/wp\/v2\/pages\/2016","targetHints":{"allow":["GET"]}}],"collection":[{"href":"https:\/\/apurimacadventures.com\/es\/wp-json\/wp\/v2\/pages"}],"about":[{"href":"https:\/\/apurimacadventures.com\/es\/wp-json\/wp\/v2\/types\/page"}],"author":[{"embeddable":true,"href":"https:\/\/apurimacadventures.com\/es\/wp-json\/wp\/v2\/users\/1"}],"replies":[{"embeddable":true,"href":"https:\/\/apurimacadventures.com\/es\/wp-json\/wp\/v2\/comments?post=2016"}],"version-history":[{"count":42,"href":"https:\/\/apurimacadventures.com\/es\/wp-json\/wp\/v2\/pages\/2016\/revisions"}],"predecessor-version":[{"id":3190,"href":"https:\/\/apurimacadventures.com\/es\/wp-json\/wp\/v2\/pages\/2016\/revisions\/3190"}],"wp:attachment":[{"href":"https:\/\/apurimacadventures.com\/es\/wp-json\/wp\/v2\/media?parent=2016"}],"curies":[{"name":"wp","href":"https:\/\/api.w.org\/{rel}","templated":true}]}}